{"id":6571,"date":"2025-04-24T11:32:14","date_gmt":"2025-04-24T08:32:14","guid":{"rendered":"https:\/\/artofoculoplastics.com\/?page_id=6571"},"modified":"2025-05-07T15:50:41","modified_gmt":"2025-05-07T12:50:41","slug":"glaucoma-eye-pressure-monitoring-and-treatment","status":"publish","type":"page","link":"https:\/\/artofoculoplastics.com\/en\/non-surgical-eyelid-and-eye-contour-aesthetic-applications\/glaucoma-eye-pressure-monitoring-and-treatment\/","title":{"rendered":"Glaucoma (Eye Pressure) Monitoring and Treatment"},"content":{"rendered":"<div data-elementor-type=\"wp-page\" data-elementor-id=\"6571\" class=\"elementor elementor-6571\">\n\t\t\t\t<div class=\"elementor-element elementor-element-922025d e-flex e-con-boxed e-con e-parent\" data-id=\"922025d\" data-element_type=\"container\">\n\t\t\t\t\t<div class=\"e-con-inner\">\n\t\t<div class=\"elementor-element elementor-element-ed1a700 e-flex e-con-boxed e-con e-child\" data-id=\"ed1a700\" data-element_type=\"container\">\n\t\t\t\t\t<div class=\"e-con-inner\">\n\t\t\r\n\t\t<div class=\"elementor-element elementor-element-c27ab37 elementor-widget elementor-widget-image\" data-id=\"c27ab37\" data-element_type=\"widget\" data-widget_type=\"image.default\">\n\t\t\t\t<div class=\"elementor-widget-container\">\n\t\t\t\t\t\t\t\t\t\t\t\t\t\t\t<img fetchpriority=\"high\" decoding=\"async\" width=\"1134\" height=\"567\" src=\"https:\/\/artofoculoplastics.com\/wp-content\/uploads\/2025\/05\/Glokom-Goz-Tansiyonu-Takibi-ve-Tedavisi-1.png\" class=\"attachment-full size-full wp-image-7778\" alt=\"Glaucoma (Eye Pressure) Monitoring and Treatment: What is it? What are its symptoms? How is it treated?\" srcset=\"https:\/\/artofoculoplastics.com\/wp-content\/uploads\/2025\/05\/Glokom-Goz-Tansiyonu-Takibi-ve-Tedavisi-1.png 1134w, https:\/\/artofoculoplastics.com\/wp-content\/uploads\/2025\/05\/Glokom-Goz-Tansiyonu-Takibi-ve-Tedavisi-1-300x150.png 300w, https:\/\/artofoculoplastics.com\/wp-content\/uploads\/2025\/05\/Glokom-Goz-Tansiyonu-Takibi-ve-Tedavisi-1-1024x512.png 1024w, https:\/\/artofoculoplastics.com\/wp-content\/uploads\/2025\/05\/Glokom-Goz-Tansiyonu-Takibi-ve-Tedavisi-1-768x384.png 768w, https:\/\/artofoculoplastics.com\/wp-content\/uploads\/2025\/05\/Glokom-Goz-Tansiyonu-Takibi-ve-Tedavisi-1-18x9.png 18w, https:\/\/artofoculoplastics.com\/wp-content\/uploads\/2025\/05\/Glokom-Goz-Tansiyonu-Takibi-ve-Tedavisi-1-600x300.png 600w\" sizes=\"(max-width: 1134px) 100vw, 1134px\" \/>\t\t\t\t\t\t\t\t\t\t\t\t\t\t\t<\/div>\n\t\t\t\t<\/div>\n\t\t\t\t<div class=\"elementor-element elementor-element-d2a027f elementor-widget elementor-widget-text-editor\" data-id=\"d2a027f\" data-element_type=\"widget\" data-widget_type=\"text-editor.default\">\n\t\t\t\t<div class=\"elementor-widget-container\">\n\t\t\t\t\t\t\t\t\t<p class=\"\" data-start=\"423\" data-end=\"747\"><strong data-start=\"423\" data-end=\"433\">Glaucoma<\/strong>Glaucoma is a serious eye disease that occurs when intraocular pressure reaches a level that damages the optic nerve and can eventually lead to vision loss. Because glaucoma, commonly known as &quot;eye pressure,&quot; can progress without symptoms in its early stages, regular eye exams and long-term follow-up are crucial.<\/p><h3 class=\"\" data-start=\"754\" data-end=\"771\">What is Glaucoma?<\/h3><p class=\"\" data-start=\"773\" data-end=\"1044\">Glaucoma occurs when the fluid produced within the eye (aqueous humor) cannot drain properly, leading to increased intraocular pressure and damage to the optic nerve. The damage is progressive and irreversible, but it can be stopped or slowed with early diagnosis.<\/p><h2 class=\"\" data-start=\"1051\" data-end=\"1080\">Who is at Risk for Glaucoma?<\/h2><p class=\"\" data-start=\"1082\" data-end=\"1159\">Although glaucoma can occur at any age, the following groups are particularly at risk:<\/p><ul data-start=\"1161\" data-end=\"1397\"><li class=\"\" data-start=\"1161\" data-end=\"1185\"><p class=\"\" data-start=\"1163\" data-end=\"1185\">Individuals over 40 years of age<\/p><\/li><li class=\"\" data-start=\"1186\" data-end=\"1221\"><p class=\"\" data-start=\"1188\" data-end=\"1221\">Those with a family history of glaucoma<\/p><\/li><li class=\"\" data-start=\"1222\" data-end=\"1263\"><p class=\"\" data-start=\"1224\" data-end=\"1263\">Those diagnosed with high eye pressure<\/p><\/li><li class=\"\" data-start=\"1264\" data-end=\"1312\"><p class=\"\" data-start=\"1266\" data-end=\"1312\">Patients with diabetes, hypertension or migraine<\/p><\/li><li class=\"\" data-start=\"1313\" data-end=\"1349\"><p class=\"\" data-start=\"1315\" data-end=\"1349\">Long-term cortisone users<\/p><\/li><li class=\"\" data-start=\"1350\" data-end=\"1397\"><p class=\"\" data-start=\"1352\" data-end=\"1397\">Those with myopia or hyperopia<\/p><\/li><\/ul><h2 class=\"\" data-start=\"1404\" data-end=\"1435\">What are the symptoms of glaucoma?<\/h2><p class=\"\" data-start=\"1437\" data-end=\"1637\">Glaucoma is usually <strong data-start=\"1455\" data-end=\"1475\">without any symptoms<\/strong> It progresses, and by the time patients realize they have optic nerve damage, they may have already developed it. However, in some types (acute angle-closure glaucoma), the following symptoms may appear suddenly:<\/p><ul data-start=\"1639\" data-end=\"1762\"><li class=\"\" data-start=\"1639\" data-end=\"1662\"><p class=\"\" data-start=\"1641\" data-end=\"1662\">Severe pain in the eye<\/p><\/li><li class=\"\" data-start=\"1663\" data-end=\"1680\"><p class=\"\" data-start=\"1665\" data-end=\"1680\">Blurred vision<\/p><\/li><li class=\"\" data-start=\"1681\" data-end=\"1713\"><p class=\"\" data-start=\"1683\" data-end=\"1713\">Seeing halos around lights<\/p><\/li><li class=\"\" data-start=\"1714\" data-end=\"1734\"><p class=\"\" data-start=\"1716\" data-end=\"1734\">Redness in the eyes<\/p><\/li><li class=\"\" data-start=\"1735\" data-end=\"1762\"><p class=\"\" data-start=\"1737\" data-end=\"1762\">Nausea and vomiting<\/p><\/li><\/ul><p class=\"\" data-start=\"1764\" data-end=\"1803\">These symptoms require immediate intervention.<\/p>\t\t\t\t\t\t\t\t<\/div>\n\t\t\t\t<\/div>\n\t\t\t\t<div class=\"elementor-element elementor-element-1f1b041 elementor-widget elementor-widget-image\" data-id=\"1f1b041\" data-element_type=\"widget\" data-widget_type=\"image.default\">\n\t\t\t\t<div class=\"elementor-widget-container\">\n\t\t\t\t\t\t\t\t\t\t\t\t\t\t\t<img decoding=\"async\" width=\"1134\" height=\"567\" src=\"https:\/\/artofoculoplastics.com\/wp-content\/uploads\/2025\/05\/Glokom-Goz-Tansiyonu-Takibi-ve-Tedavisi-2.png\" class=\"attachment-full size-full wp-image-7779\" alt=\"Glaucoma (Eye Pressure) Monitoring and Treatment: What is it? What are its symptoms? How is it treated?\" srcset=\"https:\/\/artofoculoplastics.com\/wp-content\/uploads\/2025\/05\/Glokom-Goz-Tansiyonu-Takibi-ve-Tedavisi-2.png 1134w, https:\/\/artofoculoplastics.com\/wp-content\/uploads\/2025\/05\/Glokom-Goz-Tansiyonu-Takibi-ve-Tedavisi-2-300x150.png 300w, https:\/\/artofoculoplastics.com\/wp-content\/uploads\/2025\/05\/Glokom-Goz-Tansiyonu-Takibi-ve-Tedavisi-2-1024x512.png 1024w, https:\/\/artofoculoplastics.com\/wp-content\/uploads\/2025\/05\/Glokom-Goz-Tansiyonu-Takibi-ve-Tedavisi-2-768x384.png 768w, https:\/\/artofoculoplastics.com\/wp-content\/uploads\/2025\/05\/Glokom-Goz-Tansiyonu-Takibi-ve-Tedavisi-2-18x9.png 18w, https:\/\/artofoculoplastics.com\/wp-content\/uploads\/2025\/05\/Glokom-Goz-Tansiyonu-Takibi-ve-Tedavisi-2-600x300.png 600w\" sizes=\"(max-width: 1134px) 100vw, 1134px\" \/>\t\t\t\t\t\t\t\t\t\t\t\t\t\t\t<\/div>\n\t\t\t\t<\/div>\n\t\t\t\t<div class=\"elementor-element elementor-element-3be041e elementor-widget elementor-widget-text-editor\" data-id=\"3be041e\" data-element_type=\"widget\" data-widget_type=\"text-editor.default\">\n\t\t\t\t<div class=\"elementor-widget-container\">\n\t\t\t\t\t\t\t\t\t<h2 class=\"\" data-start=\"1810\" data-end=\"1840\">How Is Glaucoma Diagnosed?<\/h2><p class=\"\" data-start=\"1842\" data-end=\"1923\">A comprehensive eye examination is required to diagnose glaucoma. The main tests performed include:<\/p><ul data-start=\"1925\" data-end=\"2168\"><li class=\"\" data-start=\"1925\" data-end=\"1966\"><p class=\"\" data-start=\"1927\" data-end=\"1966\"><strong data-start=\"1927\" data-end=\"1964\">Intraocular pressure measurement (tonometry)<\/strong><\/p><\/li><li class=\"\" data-start=\"1967\" data-end=\"2032\"><p class=\"\" data-start=\"1969\" data-end=\"2032\"><strong data-start=\"1969\" data-end=\"2030\">Optic nerve evaluation (optic nerve head examination)<\/strong><\/p><\/li><li class=\"\" data-start=\"2033\" data-end=\"2058\"><p class=\"\" data-start=\"2035\" data-end=\"2058\"><strong data-start=\"2035\" data-end=\"2056\">Visual field test<\/strong><\/p><\/li><li class=\"\" data-start=\"2059\" data-end=\"2129\"><p class=\"\" data-start=\"2061\" data-end=\"2129\"><strong data-start=\"2061\" data-end=\"2095\">OCT (optical coherence tomography)<\/strong> Nerve fiber thickness measurement with<\/p><\/li><li class=\"\" data-start=\"2130\" data-end=\"2168\"><p class=\"\" data-start=\"2132\" data-end=\"2168\"><strong data-start=\"2132\" data-end=\"2168\">Angle evaluation (gonioscopy)<\/strong><\/p><\/li><\/ul><p class=\"\" data-start=\"2170\" data-end=\"2262\">Regular follow-up after diagnosis is very important to keep the disease under control.<\/p><h2 class=\"\" data-start=\"2269\" data-end=\"2299\">How Is Glaucoma Treated?<\/h2><p class=\"\" data-start=\"2301\" data-end=\"2469\">The primary goal of glaucoma treatment is to protect the optic nerve by reducing intraocular pressure. Treatment is determined by the patient&#039;s type of glaucoma and the degree of disease progression:<\/p><p data-start=\"2471\" data-end=\"2498\"><strong>1. Eye Drops:<\/strong><\/p><p class=\"\" data-start=\"2499\" data-end=\"2580\">It is the first step in treatment. It reduces intraocular fluid production or increases fluid outflow.<\/p><p data-start=\"2582\" data-end=\"2634\"><strong>2. Laser Treatment (Laser Trabeculoplasty):<\/strong><\/p><p class=\"\" data-start=\"2635\" data-end=\"2711\">It can be used in open-angle glaucoma. It facilitates the outflow of eye fluid.<\/p><p data-start=\"2713\" data-end=\"2775\"><strong>3. Surgical Treatment (Trabeculectomy, tube implants):<\/strong><\/p><p class=\"\" data-start=\"2776\" data-end=\"2852\">It is applied in advanced cases or in cases where there is no adequate response to medications.<\/p><h2 class=\"\" data-start=\"2859\" data-end=\"2892\">Why is Glaucoma Monitoring Important?<\/h2><p class=\"\" data-start=\"2894\" data-end=\"3212\">Glaucoma is a chronic disease and cannot be cured completely; however, <strong data-start=\"2958\" data-end=\"3016\">With regular follow-up and treatment, vision loss can be stopped.<\/strong>Patients are called for regular follow-up appointments to monitor treatment response, monitor visual field loss, and assess medication compliance. Follow-up frequency varies depending on the stage of the disease.<\/p><h2 class=\"\" data-start=\"3219\" data-end=\"3243\">Advantages of Treatment<\/h2><ul data-start=\"3245\" data-end=\"3523\"><li class=\"\" data-start=\"3245\" data-end=\"3303\"><p class=\"\" data-start=\"3247\" data-end=\"3303\">The progression of vision loss is slowed or stopped<\/p><\/li><li class=\"\" data-start=\"3304\" data-end=\"3360\"><p class=\"\" data-start=\"3306\" data-end=\"3360\">Healthy vision can be preserved throughout life with early diagnosis.<\/p><\/li><li class=\"\" data-start=\"3361\" data-end=\"3410\"><p class=\"\" data-start=\"3363\" data-end=\"3410\">Prevents unnoticed progressive nerve damage<\/p><\/li><li class=\"\" data-start=\"3411\" data-end=\"3475\"><p class=\"\" data-start=\"3413\" data-end=\"3475\">Drop dependency can be reduced with laser and surgical methods.<\/p><\/li><li class=\"\" data-start=\"3476\" data-end=\"3523\"><p class=\"\" data-start=\"3478\" data-end=\"3523\">Helps maintain quality of life<\/p><\/li><\/ul>\t\t\t\t\t\t\t\t<\/div>\n\t\t\t\t<\/div>\n\t\t\t\t<div class=\"elementor-element elementor-element-fc04a3b elementor-widget elementor-widget-heading\" data-id=\"fc04a3b\" data-element_type=\"widget\" data-widget_type=\"heading.default\">\n\t\t\t\t<div class=\"elementor-widget-container\">\n\t\t\t\t\t<h3 class=\"elementor-heading-title elementor-size-default\">Frequently Asked Questions<\/h3>\t\t\t\t<\/div>\n\t\t\t\t<\/div>\n\t\t\t\t<div class=\"elementor-element elementor-element-445b810 elementor-widget elementor-widget-accordion\" data-id=\"445b810\" data-element_type=\"widget\" data-widget_type=\"accordion.default\">\n\t\t\t\t<div class=\"elementor-widget-container\">\n\t\t\t\t\t\t\t<div class=\"elementor-accordion\">\n\t\t\t\t\t\t\t<div class=\"elementor-accordion-item\">\n\t\t\t\t\t<div id=\"elementor-tab-title-7161\" class=\"elementor-tab-title\" data-tab=\"1\" role=\"button\" aria-controls=\"elementor-tab-content-7161\" aria-expanded=\"false\">\n\t\t\t\t\t\t\t\t\t\t\t\t\t<span class=\"elementor-accordion-icon elementor-accordion-icon-right\" aria-hidden=\"true\">\n\t\t\t\t\t\t\t\t\t\t\t\t\t\t\t<span class=\"elementor-accordion-icon-closed\"><svg class=\"e-font-icon-svg e-fas-plus\" viewbox=\"0 0 448 512\" xmlns=\"http:\/\/www.w3.org\/2000\/svg\"><path d=\"M416 208H272V64c0-17.67-14.33-32-32-32h-32c-17.67 0-32 14.33-32 32v144H32c-17.67 0-32 14.33-32 32v32c0 17.67 14.33 32 32 32h144v144c0 17.67 14.33 32 32 32h32c17.67 0 32-14.33 32-32V304h144c17.67 0 32-14.33 32-32v-32c0-17.67-14.33-32-32-32z\"><\/path><\/svg><\/span>\n\t\t\t\t\t\t\t\t<span class=\"elementor-accordion-icon-opened\"><svg class=\"e-font-icon-svg e-fas-minus\" viewbox=\"0 0 448 512\" xmlns=\"http:\/\/www.w3.org\/2000\/svg\"><path d=\"M416 208H32c-17.67 0-32 14.33-32 32v32c0 17.67 14.33 32 32 32h384c17.67 0 32-14.33 32-32v-32c0-17.67-14.33-32-32-32z\"><\/path><\/svg><\/span>\n\t\t\t\t\t\t\t\t\t\t\t\t\t\t<\/span>\n\t\t\t\t\t\t\t\t\t\t\t\t<a class=\"elementor-accordion-title\" tabindex=\"0\">Can glaucoma be cured completely?<\/a>\n\t\t\t\t\t<\/div>\n\t\t\t\t\t<div id=\"elementor-tab-content-7161\" class=\"elementor-tab-content elementor-clearfix\" data-tab=\"1\" role=\"region\" aria-labelledby=\"elementor-tab-title-7161\"><p class=\"\" data-start=\"3595\" data-end=\"3702\">No. Glaucoma is a chronic disease; however, it can be kept under control with early diagnosis and regular treatment.<\/p><\/div>\n\t\t\t\t<\/div>\n\t\t\t\t\t\t\t<div class=\"elementor-accordion-item\">\n\t\t\t\t\t<div id=\"elementor-tab-title-7162\" class=\"elementor-tab-title\" data-tab=\"2\" role=\"button\" aria-controls=\"elementor-tab-content-7162\" aria-expanded=\"false\">\n\t\t\t\t\t\t\t\t\t\t\t\t\t<span class=\"elementor-accordion-icon elementor-accordion-icon-right\" aria-hidden=\"true\">\n\t\t\t\t\t\t\t\t\t\t\t\t\t\t\t<span class=\"elementor-accordion-icon-closed\"><svg class=\"e-font-icon-svg e-fas-plus\" viewbox=\"0 0 448 512\" xmlns=\"http:\/\/www.w3.org\/2000\/svg\"><path d=\"M416 208H272V64c0-17.67-14.33-32-32-32h-32c-17.67 0-32 14.33-32 32v144H32c-17.67 0-32 14.33-32 32v32c0 17.67 14.33 32 32 32h144v144c0 17.67 14.33 32 32 32h32c17.67 0 32-14.33 32-32V304h144c17.67 0 32-14.33 32-32v-32c0-17.67-14.33-32-32-32z\"><\/path><\/svg><\/span>\n\t\t\t\t\t\t\t\t<span class=\"elementor-accordion-icon-opened\"><svg class=\"e-font-icon-svg e-fas-minus\" viewbox=\"0 0 448 512\" xmlns=\"http:\/\/www.w3.org\/2000\/svg\"><path d=\"M416 208H32c-17.67 0-32 14.33-32 32v32c0 17.67 14.33 32 32 32h384c17.67 0 32-14.33 32-32v-32c0-17.67-14.33-32-32-32z\"><\/path><\/svg><\/span>\n\t\t\t\t\t\t\t\t\t\t\t\t\t\t<\/span>\n\t\t\t\t\t\t\t\t\t\t\t\t<a class=\"elementor-accordion-title\" tabindex=\"0\">Could glaucoma be present even if eye pressure is normal?<\/a>\n\t\t\t\t\t<\/div>\n\t\t\t\t\t<div id=\"elementor-tab-content-7162\" class=\"elementor-tab-content elementor-clearfix\" data-tab=\"2\" role=\"region\" aria-labelledby=\"elementor-tab-title-7162\"><p class=\"\" data-start=\"3765\" data-end=\"3924\">Yes. There is also &quot;normal-tension glaucoma,&quot; a type of glaucoma where eye pressure is within normal limits but nerve damage is present. Therefore, simply measuring blood pressure is not sufficient.<\/p><\/div>\n\t\t\t\t<\/div>\n\t\t\t\t\t\t\t<div class=\"elementor-accordion-item\">\n\t\t\t\t\t<div id=\"elementor-tab-title-7163\" class=\"elementor-tab-title\" data-tab=\"3\" role=\"button\" aria-controls=\"elementor-tab-content-7163\" aria-expanded=\"false\">\n\t\t\t\t\t\t\t\t\t\t\t\t\t<span class=\"elementor-accordion-icon elementor-accordion-icon-right\" aria-hidden=\"true\">\n\t\t\t\t\t\t\t\t\t\t\t\t\t\t\t<span class=\"elementor-accordion-icon-closed\"><svg class=\"e-font-icon-svg e-fas-plus\" viewbox=\"0 0 448 512\" xmlns=\"http:\/\/www.w3.org\/2000\/svg\"><path d=\"M416 208H272V64c0-17.67-14.33-32-32-32h-32c-17.67 0-32 14.33-32 32v144H32c-17.67 0-32 14.33-32 32v32c0 17.67 14.33 32 32 32h144v144c0 17.67 14.33 32 32 32h32c17.67 0 32-14.33 32-32V304h144c17.67 0 32-14.33 32-32v-32c0-17.67-14.33-32-32-32z\"><\/path><\/svg><\/span>\n\t\t\t\t\t\t\t\t<span class=\"elementor-accordion-icon-opened\"><svg class=\"e-font-icon-svg e-fas-minus\" viewbox=\"0 0 448 512\" xmlns=\"http:\/\/www.w3.org\/2000\/svg\"><path d=\"M416 208H32c-17.67 0-32 14.33-32 32v32c0 17.67 14.33 32 32 32h384c17.67 0 32-14.33 32-32v-32c0-17.67-14.33-32-32-32z\"><\/path><\/svg><\/span>\n\t\t\t\t\t\t\t\t\t\t\t\t\t\t<\/span>\n\t\t\t\t\t\t\t\t\t\t\t\t<a class=\"elementor-accordion-title\" tabindex=\"0\">How often should a glaucoma patient be checked?<\/a>\n\t\t\t\t\t<\/div>\n\t\t\t\t\t<div id=\"elementor-tab-content-7163\" class=\"elementor-tab-content elementor-clearfix\" data-tab=\"3\" role=\"region\" aria-labelledby=\"elementor-tab-title-7163\"><p class=\"\" data-start=\"3979\" data-end=\"4116\">Depending on the stage of the disease, follow-up visits are generally recommended every 3 to 6 months. In more advanced cases, follow-up intervals are shortened.<\/p><\/div>\n\t\t\t\t<\/div>\n\t\t\t\t\t\t\t<div class=\"elementor-accordion-item\">\n\t\t\t\t\t<div id=\"elementor-tab-title-7164\" class=\"elementor-tab-title\" data-tab=\"4\" role=\"button\" aria-controls=\"elementor-tab-content-7164\" aria-expanded=\"false\">\n\t\t\t\t\t\t\t\t\t\t\t\t\t<span class=\"elementor-accordion-icon elementor-accordion-icon-right\" aria-hidden=\"true\">\n\t\t\t\t\t\t\t\t\t\t\t\t\t\t\t<span class=\"elementor-accordion-icon-closed\"><svg class=\"e-font-icon-svg e-fas-plus\" viewbox=\"0 0 448 512\" xmlns=\"http:\/\/www.w3.org\/2000\/svg\"><path d=\"M416 208H272V64c0-17.67-14.33-32-32-32h-32c-17.67 0-32 14.33-32 32v144H32c-17.67 0-32 14.33-32 32v32c0 17.67 14.33 32 32 32h144v144c0 17.67 14.33 32 32 32h32c17.67 0 32-14.33 32-32V304h144c17.67 0 32-14.33 32-32v-32c0-17.67-14.33-32-32-32z\"><\/path><\/svg><\/span>\n\t\t\t\t\t\t\t\t<span class=\"elementor-accordion-icon-opened\"><svg class=\"e-font-icon-svg e-fas-minus\" viewbox=\"0 0 448 512\" xmlns=\"http:\/\/www.w3.org\/2000\/svg\"><path d=\"M416 208H32c-17.67 0-32 14.33-32 32v32c0 17.67 14.33 32 32 32h384c17.67 0 32-14.33 32-32v-32c0-17.67-14.33-32-32-32z\"><\/path><\/svg><\/span>\n\t\t\t\t\t\t\t\t\t\t\t\t\t\t<\/span>\n\t\t\t\t\t\t\t\t\t\t\t\t<a class=\"elementor-accordion-title\" tabindex=\"0\">Is glaucoma hereditary?<\/a>\n\t\t\t\t\t<\/div>\n\t\t\t\t\t<div id=\"elementor-tab-content-7164\" class=\"elementor-tab-content elementor-clearfix\" data-tab=\"4\" role=\"region\" aria-labelledby=\"elementor-tab-title-7164\"><p class=\"\" data-start=\"4151\" data-end=\"4316\">Yes. Individuals with a family history of glaucoma are at higher risk. Therefore, it&#039;s important for those with a family history of glaucoma to have regular eye exams starting at age 40.<\/p><\/div>\n\t\t\t\t<\/div>\n\t\t\t\t\t\t\t<div class=\"elementor-accordion-item\">\n\t\t\t\t\t<div id=\"elementor-tab-title-7165\" class=\"elementor-tab-title\" data-tab=\"5\" role=\"button\" aria-controls=\"elementor-tab-content-7165\" aria-expanded=\"false\">\n\t\t\t\t\t\t\t\t\t\t\t\t\t<span class=\"elementor-accordion-icon elementor-accordion-icon-right\" aria-hidden=\"true\">\n\t\t\t\t\t\t\t\t\t\t\t\t\t\t\t<span class=\"elementor-accordion-icon-closed\"><svg class=\"e-font-icon-svg e-fas-plus\" viewbox=\"0 0 448 512\" xmlns=\"http:\/\/www.w3.org\/2000\/svg\"><path d=\"M416 208H272V64c0-17.67-14.33-32-32-32h-32c-17.67 0-32 14.33-32 32v144H32c-17.67 0-32 14.33-32 32v32c0 17.67 14.33 32 32 32h144v144c0 17.67 14.33 32 32 32h32c17.67 0 32-14.33 32-32V304h144c17.67 0 32-14.33 32-32v-32c0-17.67-14.33-32-32-32z\"><\/path><\/svg><\/span>\n\t\t\t\t\t\t\t\t<span class=\"elementor-accordion-icon-opened\"><svg class=\"e-font-icon-svg e-fas-minus\" viewbox=\"0 0 448 512\" xmlns=\"http:\/\/www.w3.org\/2000\/svg\"><path d=\"M416 208H32c-17.67 0-32 14.33-32 32v32c0 17.67 14.33 32 32 32h384c17.67 0 32-14.33 32-32v-32c0-17.67-14.33-32-32-32z\"><\/path><\/svg><\/span>\n\t\t\t\t\t\t\t\t\t\t\t\t\t\t<\/span>\n\t\t\t\t\t\t\t\t\t\t\t\t<a class=\"elementor-accordion-title\" tabindex=\"0\">Is it possible to lose vision despite treatment?<\/a>\n\t\t\t\t\t<\/div>\n\t\t\t\t\t<div id=\"elementor-tab-content-7165\" class=\"elementor-tab-content elementor-clearfix\" data-tab=\"5\" role=\"region\" aria-labelledby=\"elementor-tab-title-7165\"><p class=\"\" data-start=\"4372\" data-end=\"4504\">Despite appropriate treatment, the risk of progression cannot be eliminated completely, but with early intervention and regular follow-up, this risk is greatly reduced.<\/p><\/div>\n\t\t\t\t<\/div>\n\t\t\t\t\t\t\t\t<\/div>\n\t\t\t\t\t\t<\/div>\n\t\t\t\t<\/div>\n\t\t\t\t\t<\/div>\n\t\t\t\t<\/div>\n\t\t\t\t\t<\/div>\n\t\t\t\t<\/div>\n\t\t\t\t<\/div>","protected":false},"excerpt":{"rendered":"<p>Glokom, g\u00f6z i\u00e7i bas\u0131nc\u0131n\u0131n g\u00f6rme sinirine zarar verecek seviyeye ula\u015fmas\u0131yla olu\u015fan ve zamanla g\u00f6rme kayb\u0131na yol a\u00e7abilen ciddi bir g\u00f6z hastal\u0131\u011f\u0131d\u0131r. Halk aras\u0131nda \u201cg\u00f6z tansiyonu\u201d olarak bilinen glokom, erken evrede belirti vermeden ilerleyebilece\u011fi i\u00e7in d\u00fczenli g\u00f6z muayenesi ve uzun vadeli takip hayati \u00f6neme sahiptir. Glokom Nedir? Glokom, g\u00f6z i\u00e7inde \u00fcretilen s\u0131v\u0131n\u0131n (ak\u00f6z h\u00fcm\u00f6r) yeterince d\u0131\u015fa&#8230;<\/p>","protected":false},"author":1,"featured_media":0,"parent":6528,"menu_order":0,"comment_status":"closed","ping_status":"closed","template":"","meta":{"footnotes":""},"class_list":["post-6571","page","type-page","status-publish","hentry"],"_links":{"self":[{"href":"https:\/\/artofoculoplastics.com\/en\/wp-json\/wp\/v2\/pages\/6571","targetHints":{"allow":["GET"]}}],"collection":[{"href":"https:\/\/artofoculoplastics.com\/en\/wp-json\/wp\/v2\/pages"}],"about":[{"href":"https:\/\/artofoculoplastics.com\/en\/wp-json\/wp\/v2\/types\/page"}],"author":[{"embeddable":true,"href":"https:\/\/artofoculoplastics.com\/en\/wp-json\/wp\/v2\/users\/1"}],"replies":[{"embeddable":true,"href":"https:\/\/artofoculoplastics.com\/en\/wp-json\/wp\/v2\/comments?post=6571"}],"version-history":[{"count":4,"href":"https:\/\/artofoculoplastics.com\/en\/wp-json\/wp\/v2\/pages\/6571\/revisions"}],"predecessor-version":[{"id":7782,"href":"https:\/\/artofoculoplastics.com\/en\/wp-json\/wp\/v2\/pages\/6571\/revisions\/7782"}],"up":[{"embeddable":true,"href":"https:\/\/artofoculoplastics.com\/en\/wp-json\/wp\/v2\/pages\/6528"}],"wp:attachment":[{"href":"https:\/\/artofoculoplastics.com\/en\/wp-json\/wp\/v2\/media?parent=6571"}],"curies":[{"name":"wp","href":"https:\/\/api.w.org\/{rel}","templated":true}]}}