{"id":6563,"date":"2025-04-24T11:28:47","date_gmt":"2025-04-24T08:28:47","guid":{"rendered":"https:\/\/artofoculoplastics.com\/?page_id=6563"},"modified":"2025-05-07T15:13:55","modified_gmt":"2025-05-07T12:13:55","slug":"excimer-laser-surgery","status":"publish","type":"page","link":"https:\/\/artofoculoplastics.com\/en\/non-surgical-eyelid-and-eye-contour-aesthetic-applications\/excimer-laser-surgery\/","title":{"rendered":"Excimer Laser Surgery"},"content":{"rendered":"<div data-elementor-type=\"wp-page\" data-elementor-id=\"6563\" class=\"elementor elementor-6563\">\n\t\t\t\t<div class=\"elementor-element elementor-element-02538b3 e-con-full e-flex e-con e-parent\" data-id=\"02538b3\" data-element_type=\"container\">\n\t\t<div class=\"elementor-element elementor-element-49a158d e-flex e-con-boxed e-con e-child\" data-id=\"49a158d\" data-element_type=\"container\">\n\t\t\t\t\t<div class=\"e-con-inner\">\n\t\t\r\n\t\t<div class=\"elementor-element elementor-element-6b5dca4 elementor-widget elementor-widget-image\" data-id=\"6b5dca4\" data-element_type=\"widget\" data-widget_type=\"image.default\">\n\t\t\t\t<div class=\"elementor-widget-container\">\n\t\t\t\t\t\t\t\t\t\t\t\t\t\t\t<img fetchpriority=\"high\" decoding=\"async\" width=\"1134\" height=\"567\" src=\"https:\/\/artofoculoplastics.com\/wp-content\/uploads\/2025\/05\/Excimer-Lazer-Ameliyati-1.png\" class=\"attachment-full size-full wp-image-7742\" alt=\"What is Excimer Laser Surgery? What is Excimer Laser? How is it Performed? What is the Recovery Process Like?\" srcset=\"https:\/\/artofoculoplastics.com\/wp-content\/uploads\/2025\/05\/Excimer-Lazer-Ameliyati-1.png 1134w, https:\/\/artofoculoplastics.com\/wp-content\/uploads\/2025\/05\/Excimer-Lazer-Ameliyati-1-300x150.png 300w, https:\/\/artofoculoplastics.com\/wp-content\/uploads\/2025\/05\/Excimer-Lazer-Ameliyati-1-1024x512.png 1024w, https:\/\/artofoculoplastics.com\/wp-content\/uploads\/2025\/05\/Excimer-Lazer-Ameliyati-1-768x384.png 768w, https:\/\/artofoculoplastics.com\/wp-content\/uploads\/2025\/05\/Excimer-Lazer-Ameliyati-1-18x9.png 18w, https:\/\/artofoculoplastics.com\/wp-content\/uploads\/2025\/05\/Excimer-Lazer-Ameliyati-1-600x300.png 600w\" sizes=\"(max-width: 1134px) 100vw, 1134px\" \/>\t\t\t\t\t\t\t\t\t\t\t\t\t\t\t<\/div>\n\t\t\t\t<\/div>\n\t\t\t\t<div class=\"elementor-element elementor-element-44e0e8c elementor-widget elementor-widget-text-editor\" data-id=\"44e0e8c\" data-element_type=\"widget\" data-widget_type=\"text-editor.default\">\n\t\t\t\t<div class=\"elementor-widget-container\">\n\t\t\t\t\t\t\t\t\t<h2 data-start=\"711\" data-end=\"735\">What is Excimer Laser Surgery?<\/h2><p><strong data-start=\"370\" data-end=\"397\">Excimer laser surgery<\/strong>It is a safe and effective laser treatment used to correct refractive errors such as myopia, hyperopia, and astigmatism in people who do not want to wear glasses or contact lenses. It is one of the most frequently used methods of modern eye surgery and has been successfully used worldwide for many years.<\/p><h3 class=\"\" data-start=\"711\" data-end=\"735\">What is Excimer Laser?<\/h3><p class=\"\" data-start=\"737\" data-end=\"1046\">The excimer laser is a laser technology that corrects refractive errors by shaping the eye&#039;s cornea (the transparent front surface) with a specialized beam. The laser beam vaporizes the tissue at the micron level without applying heat. This reshapes the cornea, allowing light to focus accurately on the retina.<\/p><p class=\"\" data-start=\"1048\" data-end=\"1115\">In this way, the patient can have clear vision without glasses or lenses.<\/p><h2 class=\"\" data-start=\"1122\" data-end=\"1165\">Who can have Excimer Laser Surgery?<\/h2><p class=\"\" data-start=\"1167\" data-end=\"1238\">For excimer laser treatment, the following criteria must be met:<\/p><ul data-start=\"1240\" data-end=\"1546\"><li class=\"\" data-start=\"1240\" data-end=\"1267\"><p class=\"\" data-start=\"1242\" data-end=\"1267\">Being over 18 years old<\/p><\/li><li class=\"\" data-start=\"1268\" data-end=\"1319\"><p class=\"\" data-start=\"1270\" data-end=\"1319\">Eye number has remained stable in the last year<\/p><\/li><li class=\"\" data-start=\"1320\" data-end=\"1421\"><p class=\"\" data-start=\"1322\" data-end=\"1421\">Having a refractive error in the range of myopia (\u20131 to \u201310), hyperopia (+1 to +5), or astigmatism (\u00b16)<\/p><\/li><li class=\"\" data-start=\"1422\" data-end=\"1471\"><p class=\"\" data-start=\"1424\" data-end=\"1471\">Appropriate corneal structure and thickness<\/p><\/li><li class=\"\" data-start=\"1472\" data-end=\"1546\"><p class=\"\" data-start=\"1474\" data-end=\"1546\">No other disease in the eye (keratoconus, advanced dry eye, etc.)<\/p><\/li><\/ul><p class=\"\" data-start=\"1548\" data-end=\"1646\">Before laser treatment, suitability is assessed with a detailed eye examination and topographic mapping.<\/p>\t\t\t\t\t\t\t\t<\/div>\n\t\t\t\t<\/div>\n\t\t\t\t<div class=\"elementor-element elementor-element-e7b7af9 elementor-widget elementor-widget-image\" data-id=\"e7b7af9\" data-element_type=\"widget\" data-widget_type=\"image.default\">\n\t\t\t\t<div class=\"elementor-widget-container\">\n\t\t\t\t\t\t\t\t\t\t\t\t\t\t\t<img decoding=\"async\" width=\"1134\" height=\"567\" src=\"https:\/\/artofoculoplastics.com\/wp-content\/uploads\/2025\/05\/Excimer-Lazer-Ameliyati-2.png\" class=\"attachment-full size-full wp-image-7743\" alt=\"What is Excimer Laser Surgery? What is Excimer Laser? How is it Performed? What is the Recovery Process Like?\" srcset=\"https:\/\/artofoculoplastics.com\/wp-content\/uploads\/2025\/05\/Excimer-Lazer-Ameliyati-2.png 1134w, https:\/\/artofoculoplastics.com\/wp-content\/uploads\/2025\/05\/Excimer-Lazer-Ameliyati-2-300x150.png 300w, https:\/\/artofoculoplastics.com\/wp-content\/uploads\/2025\/05\/Excimer-Lazer-Ameliyati-2-1024x512.png 1024w, https:\/\/artofoculoplastics.com\/wp-content\/uploads\/2025\/05\/Excimer-Lazer-Ameliyati-2-768x384.png 768w, https:\/\/artofoculoplastics.com\/wp-content\/uploads\/2025\/05\/Excimer-Lazer-Ameliyati-2-18x9.png 18w, https:\/\/artofoculoplastics.com\/wp-content\/uploads\/2025\/05\/Excimer-Lazer-Ameliyati-2-600x300.png 600w\" sizes=\"(max-width: 1134px) 100vw, 1134px\" \/>\t\t\t\t\t\t\t\t\t\t\t\t\t\t\t<\/div>\n\t\t\t\t<\/div>\n\t\t\t\t<div class=\"elementor-element elementor-element-0695214 elementor-widget elementor-widget-text-editor\" data-id=\"0695214\" data-element_type=\"widget\" data-widget_type=\"text-editor.default\">\n\t\t\t\t<div class=\"elementor-widget-container\">\n\t\t\t\t\t\t\t\t\t<h2 class=\"\" data-start=\"1653\" data-end=\"1694\">How is Excimer Laser Surgery Performed?<\/h2><p class=\"\" data-start=\"1696\" data-end=\"1839\">Excimer laser treatment is a completely painless procedure that usually takes 5\u201310 minutes, is performed with anesthetic drops, and has two main application methods:<\/p><h3 class=\"\" data-start=\"1841\" data-end=\"1876\"><a href=\"https:\/\/artofoculoplastics.com\/en\/non-surgical-eyelid-and-eye-contour-aesthetic-applications\/lasik-eye-surgery\/\">1. LASIK (Flap method)<\/a>:<\/h3><p class=\"\" data-start=\"1877\" data-end=\"2029\">A thin layer of the corneal surface is lifted, the laser is applied to the underlying layer, and the layer is then placed back in place. Recovery time is short, and vision clears quickly.<\/p><h3 class=\"\" data-start=\"2031\" data-end=\"2076\">2. PRK \/ No-touch (Flapless method):<\/h3><p class=\"\" data-start=\"2077\" data-end=\"2238\">The epithelial layer on the corneal surface is removed, and the laser is applied directly. Recovery time is slightly longer, but it&#039;s more suitable for people with thin corneas.<\/p><p class=\"\" data-start=\"2240\" data-end=\"2306\">The method to be applied is determined by the patient&#039;s eye structure.<\/p><h2 class=\"\" data-start=\"2313\" data-end=\"2331\">The Healing Process<\/h2><ul data-start=\"2333\" data-end=\"2671\"><li class=\"\" data-start=\"2333\" data-end=\"2387\"><p class=\"\" data-start=\"2335\" data-end=\"2387\">After LASIK, most patients can return to work the next day.<\/p><\/li><li class=\"\" data-start=\"2388\" data-end=\"2454\"><p class=\"\" data-start=\"2390\" data-end=\"2454\">After PRK\/No-touch, you can return to your daily life within 3\u20135 days.<\/p><\/li><li class=\"\" data-start=\"2455\" data-end=\"2530\"><p class=\"\" data-start=\"2457\" data-end=\"2530\">The eye may feel stinging, watering, or be sensitive to light for a few days.<\/p><\/li><li class=\"\" data-start=\"2531\" data-end=\"2606\"><p class=\"\" data-start=\"2533\" data-end=\"2606\">Protective drops are used for the first week and rubbing the eyes should be avoided.<\/p><\/li><li class=\"\" data-start=\"2607\" data-end=\"2671\"><p class=\"\" data-start=\"2609\" data-end=\"2671\">The final vision quality usually settles within 1 month.<\/p><\/li><\/ul><h2 class=\"\" data-start=\"2678\" data-end=\"2719\">Advantages of Excimer Laser Surgery<\/h2><ul data-start=\"2721\" data-end=\"2954\"><li class=\"\" data-start=\"2721\" data-end=\"2773\"><p class=\"\" data-start=\"2723\" data-end=\"2773\">Can eliminate the need for glasses or contact lenses<\/p><\/li><li class=\"\" data-start=\"2774\" data-end=\"2820\"><p class=\"\" data-start=\"2776\" data-end=\"2820\">It is applied in a short time and the recovery is fast.<\/p><\/li><li class=\"\" data-start=\"2821\" data-end=\"2860\"><p class=\"\" data-start=\"2823\" data-end=\"2860\">Provides long-term, permanent results<\/p><\/li><li class=\"\" data-start=\"2861\" data-end=\"2913\"><p class=\"\" data-start=\"2863\" data-end=\"2913\">It is a safe, painless and repeatable procedure.<\/p><\/li><li class=\"\" data-start=\"2914\" data-end=\"2954\"><p class=\"\" data-start=\"2916\" data-end=\"2954\">Provides a quick return to daily life<\/p><\/li><\/ul>\t\t\t\t\t\t\t\t<\/div>\n\t\t\t\t<\/div>\n\t\t\t\t<div class=\"elementor-element elementor-element-12d6e5e elementor-widget elementor-widget-heading\" data-id=\"12d6e5e\" data-element_type=\"widget\" data-widget_type=\"heading.default\">\n\t\t\t\t<div class=\"elementor-widget-container\">\n\t\t\t\t\t<h3 class=\"elementor-heading-title elementor-size-default\">Frequently Asked Questions<\/h3>\t\t\t\t<\/div>\n\t\t\t\t<\/div>\n\t\t\t\t<div class=\"elementor-element elementor-element-3dc09c5 elementor-widget elementor-widget-accordion\" data-id=\"3dc09c5\" data-element_type=\"widget\" data-widget_type=\"accordion.default\">\n\t\t\t\t<div class=\"elementor-widget-container\">\n\t\t\t\t\t\t\t<div class=\"elementor-accordion\">\n\t\t\t\t\t\t\t<div class=\"elementor-accordion-item\">\n\t\t\t\t\t<div id=\"elementor-tab-title-6471\" class=\"elementor-tab-title\" data-tab=\"1\" role=\"button\" aria-controls=\"elementor-tab-content-6471\" aria-expanded=\"false\">\n\t\t\t\t\t\t\t\t\t\t\t\t\t<span class=\"elementor-accordion-icon elementor-accordion-icon-right\" aria-hidden=\"true\">\n\t\t\t\t\t\t\t\t\t\t\t\t\t\t\t<span class=\"elementor-accordion-icon-closed\"><svg class=\"e-font-icon-svg e-fas-plus\" viewbox=\"0 0 448 512\" xmlns=\"http:\/\/www.w3.org\/2000\/svg\"><path d=\"M416 208H272V64c0-17.67-14.33-32-32-32h-32c-17.67 0-32 14.33-32 32v144H32c-17.67 0-32 14.33-32 32v32c0 17.67 14.33 32 32 32h144v144c0 17.67 14.33 32 32 32h32c17.67 0 32-14.33 32-32V304h144c17.67 0 32-14.33 32-32v-32c0-17.67-14.33-32-32-32z\"><\/path><\/svg><\/span>\n\t\t\t\t\t\t\t\t<span class=\"elementor-accordion-icon-opened\"><svg class=\"e-font-icon-svg e-fas-minus\" viewbox=\"0 0 448 512\" xmlns=\"http:\/\/www.w3.org\/2000\/svg\"><path d=\"M416 208H32c-17.67 0-32 14.33-32 32v32c0 17.67 14.33 32 32 32h384c17.67 0 32-14.33 32-32v-32c0-17.67-14.33-32-32-32z\"><\/path><\/svg><\/span>\n\t\t\t\t\t\t\t\t\t\t\t\t\t\t<\/span>\n\t\t\t\t\t\t\t\t\t\t\t\t<a class=\"elementor-accordion-title\" tabindex=\"0\">Can I get rid of glasses completely after the surgery?<\/a>\n\t\t\t\t\t<\/div>\n\t\t\t\t\t<div id=\"elementor-tab-content-6471\" class=\"elementor-tab-content elementor-clearfix\" data-tab=\"1\" role=\"region\" aria-labelledby=\"elementor-tab-title-6471\"><p class=\"\" data-start=\"3053\" data-end=\"3212\">Most patients no longer need glasses or contact lenses after surgery. However, in older patients, glasses may be necessary, especially for near vision (presbyopia).<\/p><\/div>\n\t\t\t\t<\/div>\n\t\t\t\t\t\t\t<div class=\"elementor-accordion-item\">\n\t\t\t\t\t<div id=\"elementor-tab-title-6472\" class=\"elementor-tab-title\" data-tab=\"2\" role=\"button\" aria-controls=\"elementor-tab-content-6472\" aria-expanded=\"false\">\n\t\t\t\t\t\t\t\t\t\t\t\t\t<span class=\"elementor-accordion-icon elementor-accordion-icon-right\" aria-hidden=\"true\">\n\t\t\t\t\t\t\t\t\t\t\t\t\t\t\t<span class=\"elementor-accordion-icon-closed\"><svg class=\"e-font-icon-svg e-fas-plus\" viewbox=\"0 0 448 512\" xmlns=\"http:\/\/www.w3.org\/2000\/svg\"><path d=\"M416 208H272V64c0-17.67-14.33-32-32-32h-32c-17.67 0-32 14.33-32 32v144H32c-17.67 0-32 14.33-32 32v32c0 17.67 14.33 32 32 32h144v144c0 17.67 14.33 32 32 32h32c17.67 0 32-14.33 32-32V304h144c17.67 0 32-14.33 32-32v-32c0-17.67-14.33-32-32-32z\"><\/path><\/svg><\/span>\n\t\t\t\t\t\t\t\t<span class=\"elementor-accordion-icon-opened\"><svg class=\"e-font-icon-svg e-fas-minus\" viewbox=\"0 0 448 512\" xmlns=\"http:\/\/www.w3.org\/2000\/svg\"><path d=\"M416 208H32c-17.67 0-32 14.33-32 32v32c0 17.67 14.33 32 32 32h384c17.67 0 32-14.33 32-32v-32c0-17.67-14.33-32-32-32z\"><\/path><\/svg><\/span>\n\t\t\t\t\t\t\t\t\t\t\t\t\t\t<\/span>\n\t\t\t\t\t\t\t\t\t\t\t\t<a class=\"elementor-accordion-title\" tabindex=\"0\">Is the procedure painful?<\/a>\n\t\t\t\t\t<\/div>\n\t\t\t\t\t<div id=\"elementor-tab-content-6472\" class=\"elementor-tab-content elementor-clearfix\" data-tab=\"2\" role=\"region\" aria-labelledby=\"elementor-tab-title-6472\"><p class=\"\" data-start=\"789\" data-end=\"1004\">No. It&#039;s performed with eye drops for anesthesia. There&#039;s no pain during the surgery. There may be mild discomfort for a few days after PRK, but this is temporary.<\/p><\/div>\n\t\t\t\t<\/div>\n\t\t\t\t\t\t\t<div class=\"elementor-accordion-item\">\n\t\t\t\t\t<div id=\"elementor-tab-title-6473\" class=\"elementor-tab-title\" data-tab=\"3\" role=\"button\" aria-controls=\"elementor-tab-content-6473\" aria-expanded=\"false\">\n\t\t\t\t\t\t\t\t\t\t\t\t\t<span class=\"elementor-accordion-icon elementor-accordion-icon-right\" aria-hidden=\"true\">\n\t\t\t\t\t\t\t\t\t\t\t\t\t\t\t<span class=\"elementor-accordion-icon-closed\"><svg class=\"e-font-icon-svg e-fas-plus\" viewbox=\"0 0 448 512\" xmlns=\"http:\/\/www.w3.org\/2000\/svg\"><path d=\"M416 208H272V64c0-17.67-14.33-32-32-32h-32c-17.67 0-32 14.33-32 32v144H32c-17.67 0-32 14.33-32 32v32c0 17.67 14.33 32 32 32h144v144c0 17.67 14.33 32 32 32h32c17.67 0 32-14.33 32-32V304h144c17.67 0 32-14.33 32-32v-32c0-17.67-14.33-32-32-32z\"><\/path><\/svg><\/span>\n\t\t\t\t\t\t\t\t<span class=\"elementor-accordion-icon-opened\"><svg class=\"e-font-icon-svg e-fas-minus\" viewbox=\"0 0 448 512\" xmlns=\"http:\/\/www.w3.org\/2000\/svg\"><path d=\"M416 208H32c-17.67 0-32 14.33-32 32v32c0 17.67 14.33 32 32 32h384c17.67 0 32-14.33 32-32v-32c0-17.67-14.33-32-32-32z\"><\/path><\/svg><\/span>\n\t\t\t\t\t\t\t\t\t\t\t\t\t\t<\/span>\n\t\t\t\t\t\t\t\t\t\t\t\t<a class=\"elementor-accordion-title\" tabindex=\"0\">Is laser permanent?<\/a>\n\t\t\t\t\t<\/div>\n\t\t\t\t\t<div id=\"elementor-tab-content-6473\" class=\"elementor-tab-content elementor-clearfix\" data-tab=\"3\" role=\"region\" aria-labelledby=\"elementor-tab-title-6473\"><p class=\"\" data-start=\"3426\" data-end=\"3604\">Yes. Excimer laser permanently reshapes the cornea. However, natural age-related changes may eventually lead to the need for glasses (for example, age-related nearsightedness).<\/p><\/div>\n\t\t\t\t<\/div>\n\t\t\t\t\t\t\t<div class=\"elementor-accordion-item\">\n\t\t\t\t\t<div id=\"elementor-tab-title-6474\" class=\"elementor-tab-title\" data-tab=\"4\" role=\"button\" aria-controls=\"elementor-tab-content-6474\" aria-expanded=\"false\">\n\t\t\t\t\t\t\t\t\t\t\t\t\t<span class=\"elementor-accordion-icon elementor-accordion-icon-right\" aria-hidden=\"true\">\n\t\t\t\t\t\t\t\t\t\t\t\t\t\t\t<span class=\"elementor-accordion-icon-closed\"><svg class=\"e-font-icon-svg e-fas-plus\" viewbox=\"0 0 448 512\" xmlns=\"http:\/\/www.w3.org\/2000\/svg\"><path d=\"M416 208H272V64c0-17.67-14.33-32-32-32h-32c-17.67 0-32 14.33-32 32v144H32c-17.67 0-32 14.33-32 32v32c0 17.67 14.33 32 32 32h144v144c0 17.67 14.33 32 32 32h32c17.67 0 32-14.33 32-32V304h144c17.67 0 32-14.33 32-32v-32c0-17.67-14.33-32-32-32z\"><\/path><\/svg><\/span>\n\t\t\t\t\t\t\t\t<span class=\"elementor-accordion-icon-opened\"><svg class=\"e-font-icon-svg e-fas-minus\" viewbox=\"0 0 448 512\" xmlns=\"http:\/\/www.w3.org\/2000\/svg\"><path d=\"M416 208H32c-17.67 0-32 14.33-32 32v32c0 17.67 14.33 32 32 32h384c17.67 0 32-14.33 32-32v-32c0-17.67-14.33-32-32-32z\"><\/path><\/svg><\/span>\n\t\t\t\t\t\t\t\t\t\t\t\t\t\t<\/span>\n\t\t\t\t\t\t\t\t\t\t\t\t<a class=\"elementor-accordion-title\" tabindex=\"0\">Can laser be applied to both eyes at the same time?<\/a>\n\t\t\t\t\t<\/div>\n\t\t\t\t\t<div id=\"elementor-tab-content-6474\" class=\"elementor-tab-content elementor-clearfix\" data-tab=\"4\" role=\"region\" aria-labelledby=\"elementor-tab-title-6474\"><p class=\"\" data-start=\"4572\" data-end=\"4669\">Yes. Both eyes are usually treated in the same session. This shortens the recovery period and ensures symmetrical vision.<\/p><\/div>\n\t\t\t\t<\/div>\n\t\t\t\t\t\t\t<div class=\"elementor-accordion-item\">\n\t\t\t\t\t<div id=\"elementor-tab-title-6475\" class=\"elementor-tab-title\" data-tab=\"5\" role=\"button\" aria-controls=\"elementor-tab-content-6475\" aria-expanded=\"false\">\n\t\t\t\t\t\t\t\t\t\t\t\t\t<span class=\"elementor-accordion-icon elementor-accordion-icon-right\" aria-hidden=\"true\">\n\t\t\t\t\t\t\t\t\t\t\t\t\t\t\t<span class=\"elementor-accordion-icon-closed\"><svg class=\"e-font-icon-svg e-fas-plus\" viewbox=\"0 0 448 512\" xmlns=\"http:\/\/www.w3.org\/2000\/svg\"><path d=\"M416 208H272V64c0-17.67-14.33-32-32-32h-32c-17.67 0-32 14.33-32 32v144H32c-17.67 0-32 14.33-32 32v32c0 17.67 14.33 32 32 32h144v144c0 17.67 14.33 32 32 32h32c17.67 0 32-14.33 32-32V304h144c17.67 0 32-14.33 32-32v-32c0-17.67-14.33-32-32-32z\"><\/path><\/svg><\/span>\n\t\t\t\t\t\t\t\t<span class=\"elementor-accordion-icon-opened\"><svg class=\"e-font-icon-svg e-fas-minus\" viewbox=\"0 0 448 512\" xmlns=\"http:\/\/www.w3.org\/2000\/svg\"><path d=\"M416 208H32c-17.67 0-32 14.33-32 32v32c0 17.67 14.33 32 32 32h384c17.67 0 32-14.33 32-32v-32c0-17.67-14.33-32-32-32z\"><\/path><\/svg><\/span>\n\t\t\t\t\t\t\t\t\t\t\t\t\t\t<\/span>\n\t\t\t\t\t\t\t\t\t\t\t\t<a class=\"elementor-accordion-title\" tabindex=\"0\">Does laser leave a scar on the eye?<\/a>\n\t\t\t\t\t<\/div>\n\t\t\t\t\t<div id=\"elementor-tab-content-6475\" class=\"elementor-tab-content elementor-clearfix\" data-tab=\"5\" role=\"region\" aria-labelledby=\"elementor-tab-title-6475\"><p class=\"\" data-start=\"3818\" data-end=\"3929\">No. The laser procedure is performed at the micron level on the transparent layer of the eye and does not leave any visible scars from the outside.<\/p><\/div>\n\t\t\t\t<\/div>\n\t\t\t\t\t\t\t<div class=\"elementor-accordion-item\">\n\t\t\t\t\t<div id=\"elementor-tab-title-6476\" class=\"elementor-tab-title\" data-tab=\"6\" role=\"button\" aria-controls=\"elementor-tab-content-6476\" aria-expanded=\"false\">\n\t\t\t\t\t\t\t\t\t\t\t\t\t<span class=\"elementor-accordion-icon elementor-accordion-icon-right\" aria-hidden=\"true\">\n\t\t\t\t\t\t\t\t\t\t\t\t\t\t\t<span class=\"elementor-accordion-icon-closed\"><svg class=\"e-font-icon-svg e-fas-plus\" viewbox=\"0 0 448 512\" xmlns=\"http:\/\/www.w3.org\/2000\/svg\"><path d=\"M416 208H272V64c0-17.67-14.33-32-32-32h-32c-17.67 0-32 14.33-32 32v144H32c-17.67 0-32 14.33-32 32v32c0 17.67 14.33 32 32 32h144v144c0 17.67 14.33 32 32 32h32c17.67 0 32-14.33 32-32V304h144c17.67 0 32-14.33 32-32v-32c0-17.67-14.33-32-32-32z\"><\/path><\/svg><\/span>\n\t\t\t\t\t\t\t\t<span class=\"elementor-accordion-icon-opened\"><svg class=\"e-font-icon-svg e-fas-minus\" viewbox=\"0 0 448 512\" xmlns=\"http:\/\/www.w3.org\/2000\/svg\"><path d=\"M416 208H32c-17.67 0-32 14.33-32 32v32c0 17.67 14.33 32 32 32h384c17.67 0 32-14.33 32-32v-32c0-17.67-14.33-32-32-32z\"><\/path><\/svg><\/span>\n\t\t\t\t\t\t\t\t\t\t\t\t\t\t<\/span>\n\t\t\t\t\t\t\t\t\t\t\t\t<a class=\"elementor-accordion-title\" tabindex=\"0\">When can I return to work after surgery?<\/a>\n\t\t\t\t\t<\/div>\n\t\t\t\t\t<div id=\"elementor-tab-content-6476\" class=\"elementor-tab-content elementor-clearfix\" data-tab=\"6\" role=\"region\" aria-labelledby=\"elementor-tab-title-6476\"><p class=\"\" data-start=\"3985\" data-end=\"4154\">With LASIK laser surgery, you can generally return to work the next day, while with PRK, it can be done a few days later. It&#039;s important to follow your doctor&#039;s recommendations for more detailed information.<\/p><\/div>\n\t\t\t\t<\/div>\n\t\t\t\t\t\t\t\t<\/div>\n\t\t\t\t\t\t<\/div>\n\t\t\t\t<\/div>\n\t\t\t\t\t<\/div>\n\t\t\t\t<\/div>\n\t\t\t\t<\/div>\n\t\t\t\t<\/div>","protected":false},"excerpt":{"rendered":"<p>Excimer Lazer Ameliyat\u0131 Nedir? Excimer lazer ameliyat\u0131, g\u00f6zl\u00fck veya kontakt lens kullanmak istemeyen ki\u015filerde miyop, hipermetrop ve astigmat gibi k\u0131rma kusurlar\u0131n\u0131 d\u00fczeltmek amac\u0131yla uygulanan, g\u00fcvenli ve etkili bir lazer tedavisidir. Modern g\u00f6z cerrahisinin en s\u0131k ba\u015fvurulan y\u00f6ntemlerinden biridir ve uzun y\u0131llard\u0131r d\u00fcnya genelinde ba\u015far\u0131yla uygulanmaktad\u0131r. Excimer Lazer Nedir? Excimer lazer, g\u00f6z\u00fcn kornea tabakas\u0131na (\u015feffaf \u00f6n&#8230;<\/p>","protected":false},"author":1,"featured_media":0,"parent":6528,"menu_order":0,"comment_status":"closed","ping_status":"closed","template":"","meta":{"footnotes":""},"class_list":["post-6563","page","type-page","status-publish","hentry"],"_links":{"self":[{"href":"https:\/\/artofoculoplastics.com\/en\/wp-json\/wp\/v2\/pages\/6563","targetHints":{"allow":["GET"]}}],"collection":[{"href":"https:\/\/artofoculoplastics.com\/en\/wp-json\/wp\/v2\/pages"}],"about":[{"href":"https:\/\/artofoculoplastics.com\/en\/wp-json\/wp\/v2\/types\/page"}],"author":[{"embeddable":true,"href":"https:\/\/artofoculoplastics.com\/en\/wp-json\/wp\/v2\/users\/1"}],"replies":[{"embeddable":true,"href":"https:\/\/artofoculoplastics.com\/en\/wp-json\/wp\/v2\/comments?post=6563"}],"version-history":[{"count":7,"href":"https:\/\/artofoculoplastics.com\/en\/wp-json\/wp\/v2\/pages\/6563\/revisions"}],"predecessor-version":[{"id":7750,"href":"https:\/\/artofoculoplastics.com\/en\/wp-json\/wp\/v2\/pages\/6563\/revisions\/7750"}],"up":[{"embeddable":true,"href":"https:\/\/artofoculoplastics.com\/en\/wp-json\/wp\/v2\/pages\/6528"}],"wp:attachment":[{"href":"https:\/\/artofoculoplastics.com\/en\/wp-json\/wp\/v2\/media?parent=6563"}],"curies":[{"name":"wp","href":"https:\/\/api.w.org\/{rel}","templated":true}]}}