{"id":6555,"date":"2025-04-24T11:25:22","date_gmt":"2025-04-24T08:25:22","guid":{"rendered":"https:\/\/artofoculoplastics.com\/?page_id=6555"},"modified":"2025-05-07T14:55:05","modified_gmt":"2025-05-07T11:55:05","slug":"cataract-surgery","status":"publish","type":"page","link":"https:\/\/artofoculoplastics.com\/en\/non-surgical-eyelid-and-eye-contour-aesthetic-applications\/cataract-surgery\/","title":{"rendered":"Cataract Surgery"},"content":{"rendered":"<div data-elementor-type=\"wp-page\" data-elementor-id=\"6555\" class=\"elementor elementor-6555\">\n\t\t\t\t<div class=\"elementor-element elementor-element-015a3da e-flex e-con-boxed e-con e-parent\" data-id=\"015a3da\" data-element_type=\"container\">\n\t\t\t\t\t<div class=\"e-con-inner\">\n\t\t<div class=\"elementor-element elementor-element-341df94 e-flex e-con-boxed e-con e-child\" data-id=\"341df94\" data-element_type=\"container\">\n\t\t\t\t\t<div class=\"e-con-inner\">\n\t\t\r\n\t\t<div class=\"elementor-element elementor-element-e00035a elementor-widget elementor-widget-image\" data-id=\"e00035a\" data-element_type=\"widget\" data-widget_type=\"image.default\">\n\t\t\t\t<div class=\"elementor-widget-container\">\n\t\t\t\t\t\t\t\t\t\t\t\t\t\t\t<img fetchpriority=\"high\" decoding=\"async\" width=\"1134\" height=\"567\" src=\"https:\/\/artofoculoplastics.com\/wp-content\/uploads\/2025\/05\/Katarakt-Ameliyati-1.png\" class=\"attachment-full size-full wp-image-7727\" alt=\"What is a Cataract? How is Cataract Surgery Performed?\" srcset=\"https:\/\/artofoculoplastics.com\/wp-content\/uploads\/2025\/05\/Katarakt-Ameliyati-1.png 1134w, https:\/\/artofoculoplastics.com\/wp-content\/uploads\/2025\/05\/Katarakt-Ameliyati-1-300x150.png 300w, https:\/\/artofoculoplastics.com\/wp-content\/uploads\/2025\/05\/Katarakt-Ameliyati-1-1024x512.png 1024w, https:\/\/artofoculoplastics.com\/wp-content\/uploads\/2025\/05\/Katarakt-Ameliyati-1-768x384.png 768w, https:\/\/artofoculoplastics.com\/wp-content\/uploads\/2025\/05\/Katarakt-Ameliyati-1-18x9.png 18w, https:\/\/artofoculoplastics.com\/wp-content\/uploads\/2025\/05\/Katarakt-Ameliyati-1-600x300.png 600w\" sizes=\"(max-width: 1134px) 100vw, 1134px\" \/>\t\t\t\t\t\t\t\t\t\t\t\t\t\t\t<\/div>\n\t\t\t\t<\/div>\n\t\t\t\t<div class=\"elementor-element elementor-element-2106bbe elementor-widget elementor-widget-text-editor\" data-id=\"2106bbe\" data-element_type=\"widget\" data-widget_type=\"text-editor.default\">\n\t\t\t\t<div class=\"elementor-widget-container\">\n\t\t\t\t\t\t\t\t\t<p class=\"\" data-start=\"341\" data-end=\"702\"><strong data-start=\"341\" data-end=\"353\">Cataract<\/strong>Cataracts are a vision loss condition that occurs when the lens of the eye loses its transparency and becomes cloudy. This condition, which usually develops with age, reduces vision quality over time and can interfere with daily life. The only definitive solution for cataract treatment is surgical removal of the cloudy natural lens and replacement with an artificial one.<\/p><h2 data-start=\"704\" data-end=\"723\">What is Cataract?<\/h2><p class=\"\" data-start=\"725\" data-end=\"1138\">The eye contains a natural lens that allows light to clearly hit the retina. This lens can lose its transparency due to aging, trauma, certain medications (such as cortisone), or systemic diseases (such as diabetes). As a result, vision becomes blurry, colors appear faded, and night vision becomes difficult. Cataracts progress over time and, if left untreated, can lead to severe vision loss.<\/p><h3 class=\"\" data-start=\"1140\" data-end=\"1166\">Symptoms of Cataracts<\/h3><ul data-start=\"1168\" data-end=\"1337\"><li class=\"\" data-start=\"1168\" data-end=\"1196\"><p class=\"\" data-start=\"1170\" data-end=\"1196\">Blurred or hazy vision<\/p><\/li><li class=\"\" data-start=\"1197\" data-end=\"1223\"><p class=\"\" data-start=\"1199\" data-end=\"1223\">Sensitivity to light<\/p><\/li><li class=\"\" data-start=\"1224\" data-end=\"1249\"><p class=\"\" data-start=\"1226\" data-end=\"1249\">Decreased night vision<\/p><\/li><li class=\"\" data-start=\"1250\" data-end=\"1285\"><p class=\"\" data-start=\"1252\" data-end=\"1285\">Fading or yellowing of colors<\/p><\/li><li class=\"\" data-start=\"1286\" data-end=\"1300\"><p class=\"\" data-start=\"1288\" data-end=\"1300\">double vision<\/p><\/li><li class=\"\" data-start=\"1301\" data-end=\"1337\"><p class=\"\" data-start=\"1303\" data-end=\"1337\">Frequent changes in eyeglass numbers<\/p><\/li><\/ul><p class=\"\" data-start=\"1339\" data-end=\"1427\">If one or more of these symptoms are present, cataracts can be diagnosed through an eye examination.<\/p>\t\t\t\t\t\t\t\t<\/div>\n\t\t\t\t<\/div>\n\t\t\t\t<div class=\"elementor-element elementor-element-00b4bd8 elementor-widget elementor-widget-image\" data-id=\"00b4bd8\" data-element_type=\"widget\" data-widget_type=\"image.default\">\n\t\t\t\t<div class=\"elementor-widget-container\">\n\t\t\t\t\t\t\t\t\t\t\t\t\t\t\t<img decoding=\"async\" width=\"1134\" height=\"567\" src=\"https:\/\/artofoculoplastics.com\/wp-content\/uploads\/2025\/05\/Katarakt-Ameliyati-2.png\" class=\"attachment-full size-full wp-image-7728\" alt=\"What is a Cataract? How is Cataract Surgery Performed?\" srcset=\"https:\/\/artofoculoplastics.com\/wp-content\/uploads\/2025\/05\/Katarakt-Ameliyati-2.png 1134w, https:\/\/artofoculoplastics.com\/wp-content\/uploads\/2025\/05\/Katarakt-Ameliyati-2-300x150.png 300w, https:\/\/artofoculoplastics.com\/wp-content\/uploads\/2025\/05\/Katarakt-Ameliyati-2-1024x512.png 1024w, https:\/\/artofoculoplastics.com\/wp-content\/uploads\/2025\/05\/Katarakt-Ameliyati-2-768x384.png 768w, https:\/\/artofoculoplastics.com\/wp-content\/uploads\/2025\/05\/Katarakt-Ameliyati-2-18x9.png 18w, https:\/\/artofoculoplastics.com\/wp-content\/uploads\/2025\/05\/Katarakt-Ameliyati-2-600x300.png 600w\" sizes=\"(max-width: 1134px) 100vw, 1134px\" \/>\t\t\t\t\t\t\t\t\t\t\t\t\t\t\t<\/div>\n\t\t\t\t<\/div>\n\t\t\t\t<div class=\"elementor-element elementor-element-9406236 elementor-widget elementor-widget-text-editor\" data-id=\"9406236\" data-element_type=\"widget\" data-widget_type=\"text-editor.default\">\n\t\t\t\t<div class=\"elementor-widget-container\">\n\t\t\t\t\t\t\t\t\t<h2 class=\"\" data-start=\"2060\" data-end=\"2078\">The Healing Process<\/h2><p class=\"\" data-start=\"2080\" data-end=\"2142\">The recovery process after cataract surgery is quite fast.<\/p><ul data-start=\"2143\" data-end=\"2421\"><li class=\"\" data-start=\"2143\" data-end=\"2209\"><p class=\"\" data-start=\"2145\" data-end=\"2209\">You may experience mild stinging, watering, and blurred vision for the first few days.<\/p><\/li><li class=\"\" data-start=\"2210\" data-end=\"2282\"><p class=\"\" data-start=\"2212\" data-end=\"2282\">Eye drops reduce the risk of infection and promote healing.<\/p><\/li><li class=\"\" data-start=\"2283\" data-end=\"2353\"><p class=\"\" data-start=\"2285\" data-end=\"2353\">Patients usually return to their normal lives within a few days.<\/p><\/li><li class=\"\" data-start=\"2354\" data-end=\"2421\"><p class=\"\" data-start=\"2356\" data-end=\"2421\">The need for glasses may decrease depending on the type of lens worn.<\/p><\/li><\/ul><p class=\"\" data-start=\"2423\" data-end=\"2476\">Full visual clarity is usually achieved within 1 week.<\/p><h2 class=\"\" data-start=\"2483\" data-end=\"2519\">Advantages of Cataract Surgery<\/h2><ul data-start=\"2521\" data-end=\"2768\"><li class=\"\" data-start=\"2521\" data-end=\"2562\"><p class=\"\" data-start=\"2523\" data-end=\"2562\">Visual quality improves significantly<\/p><\/li><li class=\"\" data-start=\"2563\" data-end=\"2602\"><p class=\"\" data-start=\"2565\" data-end=\"2602\">Colors are perceived more vividly and clearly<\/p><\/li><li class=\"\" data-start=\"2603\" data-end=\"2669\"><p class=\"\" data-start=\"2605\" data-end=\"2669\">Dependence on glasses may decrease (especially with multifocal lenses)<\/p><\/li><li class=\"\" data-start=\"2670\" data-end=\"2712\"><p class=\"\" data-start=\"2672\" data-end=\"2712\">It is a safe, fast and painless procedure.<\/p><\/li><li class=\"\" data-start=\"2713\" data-end=\"2768\"><p class=\"\" data-start=\"2715\" data-end=\"2768\">Quality of life increases, daily activities become easier<\/p><\/li><\/ul>\t\t\t\t\t\t\t\t<\/div>\n\t\t\t\t<\/div>\n\t\t\t\t<div class=\"elementor-element elementor-element-2d2d937 elementor-widget elementor-widget-heading\" data-id=\"2d2d937\" data-element_type=\"widget\" data-widget_type=\"heading.default\">\n\t\t\t\t<div class=\"elementor-widget-container\">\n\t\t\t\t\t<h3 class=\"elementor-heading-title elementor-size-default\">Frequently Asked Questions<\/h3>\t\t\t\t<\/div>\n\t\t\t\t<\/div>\n\t\t\t\t<div class=\"elementor-element elementor-element-0e370d6 elementor-widget elementor-widget-accordion\" data-id=\"0e370d6\" data-element_type=\"widget\" data-widget_type=\"accordion.default\">\n\t\t\t\t<div class=\"elementor-widget-container\">\n\t\t\t\t\t\t\t<div class=\"elementor-accordion\">\n\t\t\t\t\t\t\t<div class=\"elementor-accordion-item\">\n\t\t\t\t\t<div id=\"elementor-tab-title-1491\" class=\"elementor-tab-title\" data-tab=\"1\" role=\"button\" aria-controls=\"elementor-tab-content-1491\" aria-expanded=\"false\">\n\t\t\t\t\t\t\t\t\t\t\t\t\t<span class=\"elementor-accordion-icon elementor-accordion-icon-right\" aria-hidden=\"true\">\n\t\t\t\t\t\t\t\t\t\t\t\t\t\t\t<span class=\"elementor-accordion-icon-closed\"><svg class=\"e-font-icon-svg e-fas-plus\" viewbox=\"0 0 448 512\" xmlns=\"http:\/\/www.w3.org\/2000\/svg\"><path d=\"M416 208H272V64c0-17.67-14.33-32-32-32h-32c-17.67 0-32 14.33-32 32v144H32c-17.67 0-32 14.33-32 32v32c0 17.67 14.33 32 32 32h144v144c0 17.67 14.33 32 32 32h32c17.67 0 32-14.33 32-32V304h144c17.67 0 32-14.33 32-32v-32c0-17.67-14.33-32-32-32z\"><\/path><\/svg><\/span>\n\t\t\t\t\t\t\t\t<span class=\"elementor-accordion-icon-opened\"><svg class=\"e-font-icon-svg e-fas-minus\" viewbox=\"0 0 448 512\" xmlns=\"http:\/\/www.w3.org\/2000\/svg\"><path d=\"M416 208H32c-17.67 0-32 14.33-32 32v32c0 17.67 14.33 32 32 32h384c17.67 0 32-14.33 32-32v-32c0-17.67-14.33-32-32-32z\"><\/path><\/svg><\/span>\n\t\t\t\t\t\t\t\t\t\t\t\t\t\t<\/span>\n\t\t\t\t\t\t\t\t\t\t\t\t<a class=\"elementor-accordion-title\" tabindex=\"0\">Do cataracts only occur in the elderly?<\/a>\n\t\t\t\t\t<\/div>\n\t\t\t\t\t<div id=\"elementor-tab-content-1491\" class=\"elementor-tab-content elementor-clearfix\" data-tab=\"1\" role=\"region\" aria-labelledby=\"elementor-tab-title-1491\"><p class=\"\" data-start=\"2853\" data-end=\"3011\">No. Although cataracts usually occur in older ages, they can also develop in teenagers and children due to congenital causes, trauma, or medication use.<\/p><\/div>\n\t\t\t\t<\/div>\n\t\t\t\t\t\t\t<div class=\"elementor-accordion-item\">\n\t\t\t\t\t<div id=\"elementor-tab-title-1492\" class=\"elementor-tab-title\" data-tab=\"2\" role=\"button\" aria-controls=\"elementor-tab-content-1492\" aria-expanded=\"false\">\n\t\t\t\t\t\t\t\t\t\t\t\t\t<span class=\"elementor-accordion-icon elementor-accordion-icon-right\" aria-hidden=\"true\">\n\t\t\t\t\t\t\t\t\t\t\t\t\t\t\t<span class=\"elementor-accordion-icon-closed\"><svg class=\"e-font-icon-svg e-fas-plus\" viewbox=\"0 0 448 512\" xmlns=\"http:\/\/www.w3.org\/2000\/svg\"><path d=\"M416 208H272V64c0-17.67-14.33-32-32-32h-32c-17.67 0-32 14.33-32 32v144H32c-17.67 0-32 14.33-32 32v32c0 17.67 14.33 32 32 32h144v144c0 17.67 14.33 32 32 32h32c17.67 0 32-14.33 32-32V304h144c17.67 0 32-14.33 32-32v-32c0-17.67-14.33-32-32-32z\"><\/path><\/svg><\/span>\n\t\t\t\t\t\t\t\t<span class=\"elementor-accordion-icon-opened\"><svg class=\"e-font-icon-svg e-fas-minus\" viewbox=\"0 0 448 512\" xmlns=\"http:\/\/www.w3.org\/2000\/svg\"><path d=\"M416 208H32c-17.67 0-32 14.33-32 32v32c0 17.67 14.33 32 32 32h384c17.67 0 32-14.33 32-32v-32c0-17.67-14.33-32-32-32z\"><\/path><\/svg><\/span>\n\t\t\t\t\t\t\t\t\t\t\t\t\t\t<\/span>\n\t\t\t\t\t\t\t\t\t\t\t\t<a class=\"elementor-accordion-title\" tabindex=\"0\">Is the surgery painful?<\/a>\n\t\t\t\t\t<\/div>\n\t\t\t\t\t<div id=\"elementor-tab-content-1492\" class=\"elementor-tab-content elementor-clearfix\" data-tab=\"2\" role=\"region\" aria-labelledby=\"elementor-tab-title-1492\"><p class=\"\" data-start=\"4107\" data-end=\"4308\">No. The surgery is performed painlessly using local anesthesia drops. The patient will not feel any pain during the procedure.<\/p><\/div>\n\t\t\t\t<\/div>\n\t\t\t\t\t\t\t<div class=\"elementor-accordion-item\">\n\t\t\t\t\t<div id=\"elementor-tab-title-1493\" class=\"elementor-tab-title\" data-tab=\"3\" role=\"button\" aria-controls=\"elementor-tab-content-1493\" aria-expanded=\"false\">\n\t\t\t\t\t\t\t\t\t\t\t\t\t<span class=\"elementor-accordion-icon elementor-accordion-icon-right\" aria-hidden=\"true\">\n\t\t\t\t\t\t\t\t\t\t\t\t\t\t\t<span class=\"elementor-accordion-icon-closed\"><svg class=\"e-font-icon-svg e-fas-plus\" viewbox=\"0 0 448 512\" xmlns=\"http:\/\/www.w3.org\/2000\/svg\"><path d=\"M416 208H272V64c0-17.67-14.33-32-32-32h-32c-17.67 0-32 14.33-32 32v144H32c-17.67 0-32 14.33-32 32v32c0 17.67 14.33 32 32 32h144v144c0 17.67 14.33 32 32 32h32c17.67 0 32-14.33 32-32V304h144c17.67 0 32-14.33 32-32v-32c0-17.67-14.33-32-32-32z\"><\/path><\/svg><\/span>\n\t\t\t\t\t\t\t\t<span class=\"elementor-accordion-icon-opened\"><svg class=\"e-font-icon-svg e-fas-minus\" viewbox=\"0 0 448 512\" xmlns=\"http:\/\/www.w3.org\/2000\/svg\"><path d=\"M416 208H32c-17.67 0-32 14.33-32 32v32c0 17.67 14.33 32 32 32h384c17.67 0 32-14.33 32-32v-32c0-17.67-14.33-32-32-32z\"><\/path><\/svg><\/span>\n\t\t\t\t\t\t\t\t\t\t\t\t\t\t<\/span>\n\t\t\t\t\t\t\t\t\t\t\t\t<a class=\"elementor-accordion-title\" tabindex=\"0\">Will cataracts recur after surgery?<\/a>\n\t\t\t\t\t<\/div>\n\t\t\t\t\t<div id=\"elementor-tab-content-1493\" class=\"elementor-tab-content elementor-clearfix\" data-tab=\"3\" role=\"region\" aria-labelledby=\"elementor-tab-title-1493\"><p class=\"\" data-start=\"3226\" data-end=\"3401\">No, the removed natural lens will not return. However, a membrane called a &quot;secondary cataract&quot; may develop at the back of the eye. This can be permanently treated with a simple laser procedure.<\/p><\/div>\n\t\t\t\t<\/div>\n\t\t\t\t\t\t\t<div class=\"elementor-accordion-item\">\n\t\t\t\t\t<div id=\"elementor-tab-title-1494\" class=\"elementor-tab-title\" data-tab=\"4\" role=\"button\" aria-controls=\"elementor-tab-content-1494\" aria-expanded=\"false\">\n\t\t\t\t\t\t\t\t\t\t\t\t\t<span class=\"elementor-accordion-icon elementor-accordion-icon-right\" aria-hidden=\"true\">\n\t\t\t\t\t\t\t\t\t\t\t\t\t\t\t<span class=\"elementor-accordion-icon-closed\"><svg class=\"e-font-icon-svg e-fas-plus\" viewbox=\"0 0 448 512\" xmlns=\"http:\/\/www.w3.org\/2000\/svg\"><path d=\"M416 208H272V64c0-17.67-14.33-32-32-32h-32c-17.67 0-32 14.33-32 32v144H32c-17.67 0-32 14.33-32 32v32c0 17.67 14.33 32 32 32h144v144c0 17.67 14.33 32 32 32h32c17.67 0 32-14.33 32-32V304h144c17.67 0 32-14.33 32-32v-32c0-17.67-14.33-32-32-32z\"><\/path><\/svg><\/span>\n\t\t\t\t\t\t\t\t<span class=\"elementor-accordion-icon-opened\"><svg class=\"e-font-icon-svg e-fas-minus\" viewbox=\"0 0 448 512\" xmlns=\"http:\/\/www.w3.org\/2000\/svg\"><path d=\"M416 208H32c-17.67 0-32 14.33-32 32v32c0 17.67 14.33 32 32 32h384c17.67 0 32-14.33 32-32v-32c0-17.67-14.33-32-32-32z\"><\/path><\/svg><\/span>\n\t\t\t\t\t\t\t\t\t\t\t\t\t\t<\/span>\n\t\t\t\t\t\t\t\t\t\t\t\t<a class=\"elementor-accordion-title\" tabindex=\"0\">Which type of lens should be worn?<\/a>\n\t\t\t\t\t<\/div>\n\t\t\t\t\t<div id=\"elementor-tab-content-1494\" class=\"elementor-tab-content elementor-clearfix\" data-tab=\"4\" role=\"region\" aria-labelledby=\"elementor-tab-title-1494\"><p class=\"\" data-start=\"3440\" data-end=\"3654\">There are single-vision (monofocal), multifocal, or toric lenses that correct astigmatism. Your eye doctor will determine which lens is right for you based on your eye shape, lifestyle, and expectations.<\/p><\/div>\n\t\t\t\t<\/div>\n\t\t\t\t\t\t\t<div class=\"elementor-accordion-item\">\n\t\t\t\t\t<div id=\"elementor-tab-title-1495\" class=\"elementor-tab-title\" data-tab=\"5\" role=\"button\" aria-controls=\"elementor-tab-content-1495\" aria-expanded=\"false\">\n\t\t\t\t\t\t\t\t\t\t\t\t\t<span class=\"elementor-accordion-icon elementor-accordion-icon-right\" aria-hidden=\"true\">\n\t\t\t\t\t\t\t\t\t\t\t\t\t\t\t<span class=\"elementor-accordion-icon-closed\"><svg class=\"e-font-icon-svg e-fas-plus\" viewbox=\"0 0 448 512\" xmlns=\"http:\/\/www.w3.org\/2000\/svg\"><path d=\"M416 208H272V64c0-17.67-14.33-32-32-32h-32c-17.67 0-32 14.33-32 32v144H32c-17.67 0-32 14.33-32 32v32c0 17.67 14.33 32 32 32h144v144c0 17.67 14.33 32 32 32h32c17.67 0 32-14.33 32-32V304h144c17.67 0 32-14.33 32-32v-32c0-17.67-14.33-32-32-32z\"><\/path><\/svg><\/span>\n\t\t\t\t\t\t\t\t<span class=\"elementor-accordion-icon-opened\"><svg class=\"e-font-icon-svg e-fas-minus\" viewbox=\"0 0 448 512\" xmlns=\"http:\/\/www.w3.org\/2000\/svg\"><path d=\"M416 208H32c-17.67 0-32 14.33-32 32v32c0 17.67 14.33 32 32 32h384c17.67 0 32-14.33 32-32v-32c0-17.67-14.33-32-32-32z\"><\/path><\/svg><\/span>\n\t\t\t\t\t\t\t\t\t\t\t\t\t\t<\/span>\n\t\t\t\t\t\t\t\t\t\t\t\t<a class=\"elementor-accordion-title\" tabindex=\"0\">Will I need to wear glasses after the surgery?<\/a>\n\t\t\t\t\t<\/div>\n\t\t\t\t\t<div id=\"elementor-tab-content-1495\" class=\"elementor-tab-content elementor-clearfix\" data-tab=\"5\" role=\"region\" aria-labelledby=\"elementor-tab-title-1495\"><p class=\"\" data-start=\"3708\" data-end=\"3885\">This depends on the type of lens worn. Multifocal or toric lenses generally reduce the need for glasses for distance and near vision. However, some patients may require reading glasses.<\/p><\/div>\n\t\t\t\t<\/div>\n\t\t\t\t\t\t\t\t<\/div>\n\t\t\t\t\t\t<\/div>\n\t\t\t\t<\/div>\n\t\t\t\t\t<\/div>\n\t\t\t\t<\/div>\n\t\t\t\t\t<\/div>\n\t\t\t\t<\/div>\n\t\t\t\t<\/div>","protected":false},"excerpt":{"rendered":"<p>Katarakt, g\u00f6z merce\u011finin saydaml\u0131\u011f\u0131n\u0131 kaybederek matla\u015fmas\u0131 sonucu olu\u015fan bir g\u00f6rme kayb\u0131 durumudur. Genellikle ya\u015fa ba\u011fl\u0131 olarak geli\u015fen bu rahats\u0131zl\u0131k, zamanla g\u00f6r\u00fc\u015f kalitesini d\u00fc\u015f\u00fcr\u00fcr ve g\u00fcnl\u00fck ya\u015fam\u0131 etkileyebilir. Katarakt tedavisinde tek ve kesin \u00e7\u00f6z\u00fcm, cerrahi y\u00f6ntemle bulan\u0131kla\u015fan do\u011fal merce\u011fin al\u0131narak yerine yapay bir mercek yerle\u015ftirilmesidir. Katarakt Nedir? G\u00f6z\u00fcn i\u00e7inde, \u0131\u015f\u0131\u011f\u0131n retina \u00fczerine net bir \u015fekilde d\u00fc\u015fmesini&#8230;<\/p>","protected":false},"author":1,"featured_media":0,"parent":6528,"menu_order":0,"comment_status":"closed","ping_status":"closed","template":"","meta":{"footnotes":""},"class_list":["post-6555","page","type-page","status-publish","hentry"],"_links":{"self":[{"href":"https:\/\/artofoculoplastics.com\/en\/wp-json\/wp\/v2\/pages\/6555","targetHints":{"allow":["GET"]}}],"collection":[{"href":"https:\/\/artofoculoplastics.com\/en\/wp-json\/wp\/v2\/pages"}],"about":[{"href":"https:\/\/artofoculoplastics.com\/en\/wp-json\/wp\/v2\/types\/page"}],"author":[{"embeddable":true,"href":"https:\/\/artofoculoplastics.com\/en\/wp-json\/wp\/v2\/users\/1"}],"replies":[{"embeddable":true,"href":"https:\/\/artofoculoplastics.com\/en\/wp-json\/wp\/v2\/comments?post=6555"}],"version-history":[{"count":4,"href":"https:\/\/artofoculoplastics.com\/en\/wp-json\/wp\/v2\/pages\/6555\/revisions"}],"predecessor-version":[{"id":7732,"href":"https:\/\/artofoculoplastics.com\/en\/wp-json\/wp\/v2\/pages\/6555\/revisions\/7732"}],"up":[{"embeddable":true,"href":"https:\/\/artofoculoplastics.com\/en\/wp-json\/wp\/v2\/pages\/6528"}],"wp:attachment":[{"href":"https:\/\/artofoculoplastics.com\/en\/wp-json\/wp\/v2\/media?parent=6555"}],"curies":[{"name":"wp","href":"https:\/\/api.w.org\/{rel}","templated":true}]}}