{"id":6553,"date":"2025-04-24T11:24:55","date_gmt":"2025-04-24T08:24:55","guid":{"rendered":"https:\/\/artofoculoplastics.com\/?page_id=6553"},"modified":"2025-09-23T10:35:12","modified_gmt":"2025-09-23T07:35:12","slug":"smart-lens-surgery-smart-lens","status":"publish","type":"page","link":"https:\/\/artofoculoplastics.com\/en\/non-surgical-eyelid-and-eye-contour-aesthetic-applications\/smart-lens-surgery-smart-lens\/","title":{"rendered":"Smart Lens Surgery | Smart Lens"},"content":{"rendered":"<div data-elementor-type=\"wp-page\" data-elementor-id=\"6553\" class=\"elementor elementor-6553\">\n\t\t\t\t<div class=\"elementor-element elementor-element-ac4d95f e-flex e-con-boxed e-con e-parent\" data-id=\"ac4d95f\" data-element_type=\"container\">\n\t\t\t\t\t<div class=\"e-con-inner\">\n\t\t<div class=\"elementor-element elementor-element-02d8a4b e-flex e-con-boxed e-con e-child\" data-id=\"02d8a4b\" data-element_type=\"container\">\n\t\t\t\t\t<div class=\"e-con-inner\">\n\t\t\r\n\t\t<div class=\"elementor-element elementor-element-b8147c2 elementor-widget elementor-widget-image\" data-id=\"b8147c2\" data-element_type=\"widget\" data-widget_type=\"image.default\">\n\t\t\t\t<div class=\"elementor-widget-container\">\n\t\t\t\t\t\t\t\t\t\t\t\t\t\t\t<img fetchpriority=\"high\" decoding=\"async\" width=\"1200\" height=\"628\" src=\"https:\/\/artofoculoplastics.com\/wp-content\/uploads\/2025\/09\/eksozom-ameliyati-smart-lens-3.jpg\" class=\"attachment-full size-full wp-image-8538\" alt=\"Smart Lens Surgery | Smart Lens\" srcset=\"https:\/\/artofoculoplastics.com\/wp-content\/uploads\/2025\/09\/eksozom-ameliyati-smart-lens-3.jpg 1200w, https:\/\/artofoculoplastics.com\/wp-content\/uploads\/2025\/09\/eksozom-ameliyati-smart-lens-3-300x157.jpg 300w, https:\/\/artofoculoplastics.com\/wp-content\/uploads\/2025\/09\/eksozom-ameliyati-smart-lens-3-1024x536.jpg 1024w, https:\/\/artofoculoplastics.com\/wp-content\/uploads\/2025\/09\/eksozom-ameliyati-smart-lens-3-768x402.jpg 768w, https:\/\/artofoculoplastics.com\/wp-content\/uploads\/2025\/09\/eksozom-ameliyati-smart-lens-3-18x9.jpg 18w, https:\/\/artofoculoplastics.com\/wp-content\/uploads\/2025\/09\/eksozom-ameliyati-smart-lens-3-600x314.jpg 600w\" sizes=\"(max-width: 1200px) 100vw, 1200px\" \/>\t\t\t\t\t\t\t\t\t\t\t\t\t\t\t<\/div>\n\t\t\t\t<\/div>\n\t\t\t\t<div class=\"elementor-element elementor-element-e19a68b elementor-widget elementor-widget-text-editor\" data-id=\"e19a68b\" data-element_type=\"widget\" data-widget_type=\"text-editor.default\">\n\t\t\t\t<div class=\"elementor-widget-container\">\n\t\t\t\t\t\t\t\t\t<h2 class=\"\" data-start=\"249\" data-end=\"264\">What is Smart Lens Surgery?<\/h2><p data-start=\"273\" data-end=\"590\">Smart lens surgery involves removing the eye&#039;s natural lens and replacing it with multifocal artificial lenses. These lenses allow patients to see clearly up close, far away, and at intermediate distances. It is particularly preferred for cataract treatment and for those who want to eliminate their dependence on glasses.<\/p><p data-start=\"592\" data-end=\"801\">This method offers a permanent solution for individuals who are not suitable for laser eye surgery or who experience age-related vision problems. Smart lenses last a lifetime and do not require replacement.<\/p><h3 data-start=\"571\" data-end=\"601\">In Which Situations Is Smart Lens Surgery Preferred?<\/h3><p data-start=\"869\" data-end=\"1022\">Smart lens surgery can be performed not only in the treatment of cataracts, but also for people who do not want to wear glasses for near or far vision. In particular:<\/p><ul data-start=\"1024\" data-end=\"1228\"><li data-start=\"1024\" data-end=\"1052\"><p data-start=\"1026\" data-end=\"1052\">Those with cataract problems,<\/p><\/li><li data-start=\"1053\" data-end=\"1102\"><p data-start=\"1055\" data-end=\"1102\">Those who have problems seeing both near and far,<\/p><\/li><li data-start=\"1103\" data-end=\"1141\"><p data-start=\"1105\" data-end=\"1141\">Those who are not suitable for laser treatment,<\/p><\/li><li data-start=\"1142\" data-end=\"1228\"><p data-start=\"1144\" data-end=\"1228\">It is a suitable option for those who do not want to wear glasses or contact lenses all the time.<\/p><\/li><\/ul>\t\t\t\t\t\t\t\t<\/div>\n\t\t\t\t<\/div>\n\t\t\t\t<div class=\"elementor-element elementor-element-d8589b0 elementor-widget elementor-widget-image\" data-id=\"d8589b0\" data-element_type=\"widget\" data-widget_type=\"image.default\">\n\t\t\t\t<div class=\"elementor-widget-container\">\n\t\t\t\t\t\t\t\t\t\t\t\t\t\t\t<img decoding=\"async\" width=\"1200\" height=\"628\" src=\"https:\/\/artofoculoplastics.com\/wp-content\/uploads\/2025\/09\/eksozom-ameliyati-smart-lens-4.jpg\" class=\"attachment-full size-full wp-image-8539\" alt=\"Smart Lens Surgery | Smart Lens\" srcset=\"https:\/\/artofoculoplastics.com\/wp-content\/uploads\/2025\/09\/eksozom-ameliyati-smart-lens-4.jpg 1200w, https:\/\/artofoculoplastics.com\/wp-content\/uploads\/2025\/09\/eksozom-ameliyati-smart-lens-4-300x157.jpg 300w, https:\/\/artofoculoplastics.com\/wp-content\/uploads\/2025\/09\/eksozom-ameliyati-smart-lens-4-1024x536.jpg 1024w, https:\/\/artofoculoplastics.com\/wp-content\/uploads\/2025\/09\/eksozom-ameliyati-smart-lens-4-768x402.jpg 768w, https:\/\/artofoculoplastics.com\/wp-content\/uploads\/2025\/09\/eksozom-ameliyati-smart-lens-4-18x9.jpg 18w, https:\/\/artofoculoplastics.com\/wp-content\/uploads\/2025\/09\/eksozom-ameliyati-smart-lens-4-600x314.jpg 600w\" sizes=\"(max-width: 1200px) 100vw, 1200px\" \/>\t\t\t\t\t\t\t\t\t\t\t\t\t\t\t<\/div>\n\t\t\t\t<\/div>\n\t\t\t\t<div class=\"elementor-element elementor-element-75e92a9 elementor-widget elementor-widget-text-editor\" data-id=\"75e92a9\" data-element_type=\"widget\" data-widget_type=\"text-editor.default\">\n\t\t\t\t<div class=\"elementor-widget-container\">\n\t\t\t\t\t\t\t\t\t<h3 data-start=\"1095\" data-end=\"1125\">Who is Suitable for Smart Lens Surgery?<\/h3><p data-start=\"1286\" data-end=\"1518\">This surgery is generally recommended for individuals aged 40 and over. This is because both distance and near vision problems begin to become apparent during this period. It is most successfully performed on individuals with good general health and suitable eye structure.<\/p><h3 data-start=\"1454\" data-end=\"1472\">Application Process<\/h3><p data-start=\"1546\" data-end=\"1797\">The surgery is performed under local anesthesia using a drop method. The eye&#039;s natural lens is removed and replaced with a smart lens. The procedure takes approximately 15\u201320 minutes. The patient can be discharged the same day and return to their daily activities quickly.<\/p><h3 class=\"\" data-start=\"1684\" data-end=\"1729\">Things to Consider After the Procedure<\/h3><ul data-start=\"1851\" data-end=\"2030\"><li data-start=\"1851\" data-end=\"1904\"><p data-start=\"1853\" data-end=\"1904\">In the first days, care should be taken to avoid getting water in the eyes.<\/p><\/li><li data-start=\"1905\" data-end=\"1956\"><p data-start=\"1907\" data-end=\"1956\">The drops prescribed by the doctor should be used regularly.<\/p><\/li><li data-start=\"1957\" data-end=\"1981\"><p data-start=\"1959\" data-end=\"1981\">Do not rub your eyes,<\/p><\/li><li data-start=\"1982\" data-end=\"2030\"><p data-start=\"1984\" data-end=\"2030\">Heavy sports and traumas should be avoided.<\/p><\/li><\/ul><p data-start=\"2032\" data-end=\"2134\">Vision usually improves significantly within the first few days and becomes clearer within a few weeks.<\/p><h3 data-start=\"2045\" data-end=\"2079\">Advantages of Smart Lens Surgery<\/h3><ul><li data-start=\"2182\" data-end=\"2238\"><p data-start=\"2184\" data-end=\"2238\">It solves both distance and near vision problems at the same time,<\/p><\/li><li data-start=\"2239\" data-end=\"2292\"><p data-start=\"2241\" data-end=\"2292\">It permanently eliminates the cataract problem,<\/p><\/li><li data-start=\"2293\" data-end=\"2319\"><p data-start=\"2295\" data-end=\"2319\">It remains popular for a lifetime,<\/p><\/li><li data-start=\"2320\" data-end=\"2366\"><p data-start=\"2322\" data-end=\"2366\">It greatly reduces the dependence on glasses,<\/p><\/li><li data-start=\"2367\" data-end=\"2399\"><p data-start=\"2369\" data-end=\"2399\">Provides recovery in a short time.<\/p><\/li><\/ul><h3 data-start=\"171\" data-end=\"229\">Why is Choosing a Specialist Important for Smart Lens Surgery?<\/h3><p data-start=\"2471\" data-end=\"2828\">The eye is one of the human body&#039;s most sensitive organs. Correct lens selection and surgical experience are critical to the success of smart lens surgery. An experienced ophthalmologist will determine the most appropriate lens type for the individual and minimize potential complications. This will ensure the patient achieves both clear vision and long-term healthy visual comfort.<\/p>\t\t\t\t\t\t\t\t<\/div>\n\t\t\t\t<\/div>\n\t\t\t\t<div class=\"elementor-element elementor-element-2bcf730 elementor-widget elementor-widget-heading\" data-id=\"2bcf730\" data-element_type=\"widget\" data-widget_type=\"heading.default\">\n\t\t\t\t<div class=\"elementor-widget-container\">\n\t\t\t\t\t<h3 class=\"elementor-heading-title elementor-size-default\">Frequently Asked Questions<\/h3>\t\t\t\t<\/div>\n\t\t\t\t<\/div>\n\t\t\t\t<div class=\"elementor-element elementor-element-5043ea1 elementor-widget elementor-widget-accordion\" data-id=\"5043ea1\" data-element_type=\"widget\" data-widget_type=\"accordion.default\">\n\t\t\t\t<div class=\"elementor-widget-container\">\n\t\t\t\t\t\t\t<div class=\"elementor-accordion\">\n\t\t\t\t\t\t\t<div class=\"elementor-accordion-item\">\n\t\t\t\t\t<div id=\"elementor-tab-title-8411\" class=\"elementor-tab-title\" data-tab=\"1\" role=\"button\" aria-controls=\"elementor-tab-content-8411\" aria-expanded=\"false\">\n\t\t\t\t\t\t\t\t\t\t\t\t\t<span class=\"elementor-accordion-icon elementor-accordion-icon-right\" aria-hidden=\"true\">\n\t\t\t\t\t\t\t\t\t\t\t\t\t\t\t<span class=\"elementor-accordion-icon-closed\"><svg class=\"e-font-icon-svg e-fas-plus\" viewbox=\"0 0 448 512\" xmlns=\"http:\/\/www.w3.org\/2000\/svg\"><path d=\"M416 208H272V64c0-17.67-14.33-32-32-32h-32c-17.67 0-32 14.33-32 32v144H32c-17.67 0-32 14.33-32 32v32c0 17.67 14.33 32 32 32h144v144c0 17.67 14.33 32 32 32h32c17.67 0 32-14.33 32-32V304h144c17.67 0 32-14.33 32-32v-32c0-17.67-14.33-32-32-32z\"><\/path><\/svg><\/span>\n\t\t\t\t\t\t\t\t<span class=\"elementor-accordion-icon-opened\"><svg class=\"e-font-icon-svg e-fas-minus\" viewbox=\"0 0 448 512\" xmlns=\"http:\/\/www.w3.org\/2000\/svg\"><path d=\"M416 208H32c-17.67 0-32 14.33-32 32v32c0 17.67 14.33 32 32 32h384c17.67 0 32-14.33 32-32v-32c0-17.67-14.33-32-32-32z\"><\/path><\/svg><\/span>\n\t\t\t\t\t\t\t\t\t\t\t\t\t\t<\/span>\n\t\t\t\t\t\t\t\t\t\t\t\t<a class=\"elementor-accordion-title\" tabindex=\"0\">Is smart lens surgery painful?<\/a>\n\t\t\t\t\t<\/div>\n\t\t\t\t\t<div id=\"elementor-tab-content-8411\" class=\"elementor-tab-content elementor-clearfix\" data-tab=\"1\" role=\"region\" aria-labelledby=\"elementor-tab-title-8411\"><p data-start=\"204\" data-end=\"362\">No. Local anesthesia with eye drops is used during the surgery. Therefore, there is no pain or discomfort.<\/p><\/div>\n\t\t\t\t<\/div>\n\t\t\t\t\t\t\t<div class=\"elementor-accordion-item\">\n\t\t\t\t\t<div id=\"elementor-tab-title-8412\" class=\"elementor-tab-title\" data-tab=\"2\" role=\"button\" aria-controls=\"elementor-tab-content-8412\" aria-expanded=\"false\">\n\t\t\t\t\t\t\t\t\t\t\t\t\t<span class=\"elementor-accordion-icon elementor-accordion-icon-right\" aria-hidden=\"true\">\n\t\t\t\t\t\t\t\t\t\t\t\t\t\t\t<span class=\"elementor-accordion-icon-closed\"><svg class=\"e-font-icon-svg e-fas-plus\" viewbox=\"0 0 448 512\" xmlns=\"http:\/\/www.w3.org\/2000\/svg\"><path d=\"M416 208H272V64c0-17.67-14.33-32-32-32h-32c-17.67 0-32 14.33-32 32v144H32c-17.67 0-32 14.33-32 32v32c0 17.67 14.33 32 32 32h144v144c0 17.67 14.33 32 32 32h32c17.67 0 32-14.33 32-32V304h144c17.67 0 32-14.33 32-32v-32c0-17.67-14.33-32-32-32z\"><\/path><\/svg><\/span>\n\t\t\t\t\t\t\t\t<span class=\"elementor-accordion-icon-opened\"><svg class=\"e-font-icon-svg e-fas-minus\" viewbox=\"0 0 448 512\" xmlns=\"http:\/\/www.w3.org\/2000\/svg\"><path d=\"M416 208H32c-17.67 0-32 14.33-32 32v32c0 17.67 14.33 32 32 32h384c17.67 0 32-14.33 32-32v-32c0-17.67-14.33-32-32-32z\"><\/path><\/svg><\/span>\n\t\t\t\t\t\t\t\t\t\t\t\t\t\t<\/span>\n\t\t\t\t\t\t\t\t\t\t\t\t<a class=\"elementor-accordion-title\" tabindex=\"0\">How long does the surgery take?<\/a>\n\t\t\t\t\t<\/div>\n\t\t\t\t\t<div id=\"elementor-tab-content-8412\" class=\"elementor-tab-content elementor-clearfix\" data-tab=\"2\" role=\"region\" aria-labelledby=\"elementor-tab-title-8412\"><p data-start=\"364\" data-end=\"481\">The procedure takes approximately 15\u201320 minutes for each eye. The patient can be discharged the same day.<\/p><\/div>\n\t\t\t\t<\/div>\n\t\t\t\t\t\t\t<div class=\"elementor-accordion-item\">\n\t\t\t\t\t<div id=\"elementor-tab-title-8413\" class=\"elementor-tab-title\" data-tab=\"3\" role=\"button\" aria-controls=\"elementor-tab-content-8413\" aria-expanded=\"false\">\n\t\t\t\t\t\t\t\t\t\t\t\t\t<span class=\"elementor-accordion-icon elementor-accordion-icon-right\" aria-hidden=\"true\">\n\t\t\t\t\t\t\t\t\t\t\t\t\t\t\t<span class=\"elementor-accordion-icon-closed\"><svg class=\"e-font-icon-svg e-fas-plus\" viewbox=\"0 0 448 512\" xmlns=\"http:\/\/www.w3.org\/2000\/svg\"><path d=\"M416 208H272V64c0-17.67-14.33-32-32-32h-32c-17.67 0-32 14.33-32 32v144H32c-17.67 0-32 14.33-32 32v32c0 17.67 14.33 32 32 32h144v144c0 17.67 14.33 32 32 32h32c17.67 0 32-14.33 32-32V304h144c17.67 0 32-14.33 32-32v-32c0-17.67-14.33-32-32-32z\"><\/path><\/svg><\/span>\n\t\t\t\t\t\t\t\t<span class=\"elementor-accordion-icon-opened\"><svg class=\"e-font-icon-svg e-fas-minus\" viewbox=\"0 0 448 512\" xmlns=\"http:\/\/www.w3.org\/2000\/svg\"><path d=\"M416 208H32c-17.67 0-32 14.33-32 32v32c0 17.67 14.33 32 32 32h384c17.67 0 32-14.33 32-32v-32c0-17.67-14.33-32-32-32z\"><\/path><\/svg><\/span>\n\t\t\t\t\t\t\t\t\t\t\t\t\t\t<\/span>\n\t\t\t\t\t\t\t\t\t\t\t\t<a class=\"elementor-accordion-title\" tabindex=\"0\">Do I need to wear glasses after surgery?<\/a>\n\t\t\t\t\t<\/div>\n\t\t\t\t\t<div id=\"elementor-tab-content-8413\" class=\"elementor-tab-content elementor-clearfix\" data-tab=\"3\" role=\"region\" aria-labelledby=\"elementor-tab-title-8413\"><p data-start=\"483\" data-end=\"682\">Most patients regain both distance and near vision without glasses. However, for very low prescriptions or in special circumstances, lower-grade glasses may be necessary.<\/p><\/div>\n\t\t\t\t<\/div>\n\t\t\t\t\t\t\t<div class=\"elementor-accordion-item\">\n\t\t\t\t\t<div id=\"elementor-tab-title-8414\" class=\"elementor-tab-title\" data-tab=\"4\" role=\"button\" aria-controls=\"elementor-tab-content-8414\" aria-expanded=\"false\">\n\t\t\t\t\t\t\t\t\t\t\t\t\t<span class=\"elementor-accordion-icon elementor-accordion-icon-right\" aria-hidden=\"true\">\n\t\t\t\t\t\t\t\t\t\t\t\t\t\t\t<span class=\"elementor-accordion-icon-closed\"><svg class=\"e-font-icon-svg e-fas-plus\" viewbox=\"0 0 448 512\" xmlns=\"http:\/\/www.w3.org\/2000\/svg\"><path d=\"M416 208H272V64c0-17.67-14.33-32-32-32h-32c-17.67 0-32 14.33-32 32v144H32c-17.67 0-32 14.33-32 32v32c0 17.67 14.33 32 32 32h144v144c0 17.67 14.33 32 32 32h32c17.67 0 32-14.33 32-32V304h144c17.67 0 32-14.33 32-32v-32c0-17.67-14.33-32-32-32z\"><\/path><\/svg><\/span>\n\t\t\t\t\t\t\t\t<span class=\"elementor-accordion-icon-opened\"><svg class=\"e-font-icon-svg e-fas-minus\" viewbox=\"0 0 448 512\" xmlns=\"http:\/\/www.w3.org\/2000\/svg\"><path d=\"M416 208H32c-17.67 0-32 14.33-32 32v32c0 17.67 14.33 32 32 32h384c17.67 0 32-14.33 32-32v-32c0-17.67-14.33-32-32-32z\"><\/path><\/svg><\/span>\n\t\t\t\t\t\t\t\t\t\t\t\t\t\t<\/span>\n\t\t\t\t\t\t\t\t\t\t\t\t<a class=\"elementor-accordion-title\" tabindex=\"0\">Do smart lenses last a lifetime?<\/a>\n\t\t\t\t\t<\/div>\n\t\t\t\t\t<div id=\"elementor-tab-content-8414\" class=\"elementor-tab-content elementor-clearfix\" data-tab=\"4\" role=\"region\" aria-labelledby=\"elementor-tab-title-8414\"><p data-start=\"684\" data-end=\"821\">Yes. The implanted lenses stay in the eye for life and do not need to be replaced.<\/p><\/div>\n\t\t\t\t<\/div>\n\t\t\t\t\t\t\t<div class=\"elementor-accordion-item\">\n\t\t\t\t\t<div id=\"elementor-tab-title-8415\" class=\"elementor-tab-title\" data-tab=\"5\" role=\"button\" aria-controls=\"elementor-tab-content-8415\" aria-expanded=\"false\">\n\t\t\t\t\t\t\t\t\t\t\t\t\t<span class=\"elementor-accordion-icon elementor-accordion-icon-right\" aria-hidden=\"true\">\n\t\t\t\t\t\t\t\t\t\t\t\t\t\t\t<span class=\"elementor-accordion-icon-closed\"><svg class=\"e-font-icon-svg e-fas-plus\" viewbox=\"0 0 448 512\" xmlns=\"http:\/\/www.w3.org\/2000\/svg\"><path d=\"M416 208H272V64c0-17.67-14.33-32-32-32h-32c-17.67 0-32 14.33-32 32v144H32c-17.67 0-32 14.33-32 32v32c0 17.67 14.33 32 32 32h144v144c0 17.67 14.33 32 32 32h32c17.67 0 32-14.33 32-32V304h144c17.67 0 32-14.33 32-32v-32c0-17.67-14.33-32-32-32z\"><\/path><\/svg><\/span>\n\t\t\t\t\t\t\t\t<span class=\"elementor-accordion-icon-opened\"><svg class=\"e-font-icon-svg e-fas-minus\" viewbox=\"0 0 448 512\" xmlns=\"http:\/\/www.w3.org\/2000\/svg\"><path d=\"M416 208H32c-17.67 0-32 14.33-32 32v32c0 17.67 14.33 32 32 32h384c17.67 0 32-14.33 32-32v-32c0-17.67-14.33-32-32-32z\"><\/path><\/svg><\/span>\n\t\t\t\t\t\t\t\t\t\t\t\t\t\t<\/span>\n\t\t\t\t\t\t\t\t\t\t\t\t<a class=\"elementor-accordion-title\" tabindex=\"0\">What is the post-operative recovery process like?<\/a>\n\t\t\t\t\t<\/div>\n\t\t\t\t\t<div id=\"elementor-tab-content-8415\" class=\"elementor-tab-content elementor-clearfix\" data-tab=\"5\" role=\"region\" aria-labelledby=\"elementor-tab-title-8415\"><p data-start=\"823\" data-end=\"1027\">Vision generally improves significantly within a few days. Full clarity is achieved within a few weeks. Patients can quickly return to their daily lives.<\/p><\/div>\n\t\t\t\t<\/div>\n\t\t\t\t\t\t\t<div class=\"elementor-accordion-item\">\n\t\t\t\t\t<div id=\"elementor-tab-title-8416\" class=\"elementor-tab-title\" data-tab=\"6\" role=\"button\" aria-controls=\"elementor-tab-content-8416\" aria-expanded=\"false\">\n\t\t\t\t\t\t\t\t\t\t\t\t\t<span class=\"elementor-accordion-icon elementor-accordion-icon-right\" aria-hidden=\"true\">\n\t\t\t\t\t\t\t\t\t\t\t\t\t\t\t<span class=\"elementor-accordion-icon-closed\"><svg class=\"e-font-icon-svg e-fas-plus\" viewbox=\"0 0 448 512\" xmlns=\"http:\/\/www.w3.org\/2000\/svg\"><path d=\"M416 208H272V64c0-17.67-14.33-32-32-32h-32c-17.67 0-32 14.33-32 32v144H32c-17.67 0-32 14.33-32 32v32c0 17.67 14.33 32 32 32h144v144c0 17.67 14.33 32 32 32h32c17.67 0 32-14.33 32-32V304h144c17.67 0 32-14.33 32-32v-32c0-17.67-14.33-32-32-32z\"><\/path><\/svg><\/span>\n\t\t\t\t\t\t\t\t<span class=\"elementor-accordion-icon-opened\"><svg class=\"e-font-icon-svg e-fas-minus\" viewbox=\"0 0 448 512\" xmlns=\"http:\/\/www.w3.org\/2000\/svg\"><path d=\"M416 208H32c-17.67 0-32 14.33-32 32v32c0 17.67 14.33 32 32 32h384c17.67 0 32-14.33 32-32v-32c0-17.67-14.33-32-32-32z\"><\/path><\/svg><\/span>\n\t\t\t\t\t\t\t\t\t\t\t\t\t\t<\/span>\n\t\t\t\t\t\t\t\t\t\t\t\t<a class=\"elementor-accordion-title\" tabindex=\"0\">Is smart lens surgery risky?<\/a>\n\t\t\t\t\t<\/div>\n\t\t\t\t\t<div id=\"elementor-tab-content-8416\" class=\"elementor-tab-content elementor-clearfix\" data-tab=\"6\" role=\"region\" aria-labelledby=\"elementor-tab-title-8416\"><p data-start=\"1029\" data-end=\"1215\">Although there are some risks as with any surgical procedure, the complication rate is quite low when performed by an experienced eye surgeon.<\/p><\/div>\n\t\t\t\t<\/div>\n\t\t\t\t\t\t\t\t<\/div>\n\t\t\t\t\t\t<\/div>\n\t\t\t\t<\/div>\n\t\t\t\t\t<\/div>\n\t\t\t\t<\/div>\n\t\t\t\t\t<\/div>\n\t\t\t\t<\/div>\n\t\t\t\t<\/div>","protected":false},"excerpt":{"rendered":"<p>Ak\u0131ll\u0131 Mercek Ameliyat\u0131 Nedir? Ak\u0131ll\u0131 mercek ameliyat\u0131, g\u00f6zdeki do\u011fal merce\u011fin \u00e7\u0131kar\u0131larak yerine \u00e7ok odakl\u0131 yapay merceklerin yerle\u015ftirilmesi i\u015flemidir. Bu mercekler sayesinde hasta hem yak\u0131n\u0131 hem uza\u011f\u0131 hem de ara mesafeleri net g\u00f6rebilir. \u00d6zellikle katarakt tedavisinde ve g\u00f6zl\u00fck ba\u011f\u0131ml\u0131l\u0131\u011f\u0131n\u0131 ortadan kald\u0131rmak isteyen ki\u015filerde tercih edilir. Bu y\u00f6ntem, lazer g\u00f6z operasyonlar\u0131na uygun olmayan veya ya\u015fa ba\u011fl\u0131 g\u00f6rme&#8230;<\/p>","protected":false},"author":1,"featured_media":0,"parent":6528,"menu_order":0,"comment_status":"closed","ping_status":"closed","template":"","meta":{"footnotes":""},"class_list":["post-6553","page","type-page","status-publish","hentry"],"_links":{"self":[{"href":"https:\/\/artofoculoplastics.com\/en\/wp-json\/wp\/v2\/pages\/6553","targetHints":{"allow":["GET"]}}],"collection":[{"href":"https:\/\/artofoculoplastics.com\/en\/wp-json\/wp\/v2\/pages"}],"about":[{"href":"https:\/\/artofoculoplastics.com\/en\/wp-json\/wp\/v2\/types\/page"}],"author":[{"embeddable":true,"href":"https:\/\/artofoculoplastics.com\/en\/wp-json\/wp\/v2\/users\/1"}],"replies":[{"embeddable":true,"href":"https:\/\/artofoculoplastics.com\/en\/wp-json\/wp\/v2\/comments?post=6553"}],"version-history":[{"count":8,"href":"https:\/\/artofoculoplastics.com\/en\/wp-json\/wp\/v2\/pages\/6553\/revisions"}],"predecessor-version":[{"id":8542,"href":"https:\/\/artofoculoplastics.com\/en\/wp-json\/wp\/v2\/pages\/6553\/revisions\/8542"}],"up":[{"embeddable":true,"href":"https:\/\/artofoculoplastics.com\/en\/wp-json\/wp\/v2\/pages\/6528"}],"wp:attachment":[{"href":"https:\/\/artofoculoplastics.com\/en\/wp-json\/wp\/v2\/media?parent=6553"}],"curies":[{"name":"wp","href":"https:\/\/api.w.org\/{rel}","templated":true}]}}