{"id":6549,"date":"2025-04-24T11:23:23","date_gmt":"2025-04-24T08:23:23","guid":{"rendered":"https:\/\/artofoculoplastics.com\/?page_id=6549"},"modified":"2025-05-07T14:22:14","modified_gmt":"2025-05-07T11:22:14","slug":"eyelid-skin-rejuvenation-with-co2-laser","status":"publish","type":"page","link":"https:\/\/artofoculoplastics.com\/en\/non-surgical-eyelid-and-eye-contour-aesthetic-applications\/eyelid-skin-rejuvenation-with-co2-laser\/","title":{"rendered":"Eyelid Skin Rejuvenation with CO2 Laser"},"content":{"rendered":"<div data-elementor-type=\"wp-page\" data-elementor-id=\"6549\" class=\"elementor elementor-6549\">\n\t\t\t\t<div class=\"elementor-element elementor-element-9e5da57 e-flex e-con-boxed e-con e-parent\" data-id=\"9e5da57\" data-element_type=\"container\">\n\t\t\t\t\t<div class=\"e-con-inner\">\n\t\t<div class=\"elementor-element elementor-element-bc95cf7 e-flex e-con-boxed e-con e-child\" data-id=\"bc95cf7\" data-element_type=\"container\">\n\t\t\t\t\t<div class=\"e-con-inner\">\n\t\t\r\n\t\t<div class=\"elementor-element elementor-element-e0b37f8 elementor-widget elementor-widget-image\" data-id=\"e0b37f8\" data-element_type=\"widget\" data-widget_type=\"image.default\">\n\t\t\t\t<div class=\"elementor-widget-container\">\n\t\t\t\t\t\t\t\t\t\t\t\t\t\t\t<img fetchpriority=\"high\" decoding=\"async\" width=\"1134\" height=\"567\" src=\"https:\/\/artofoculoplastics.com\/wp-content\/uploads\/2025\/05\/CO2-Lazer-ile-Goz-Kapagi-Cilt-Yenileme-2.png\" class=\"attachment-full size-full wp-image-7713\" alt=\"Eyelid Skin Rejuvenation with CO2 Laser, What is CO2 Laser Treatment?\" srcset=\"https:\/\/artofoculoplastics.com\/wp-content\/uploads\/2025\/05\/CO2-Lazer-ile-Goz-Kapagi-Cilt-Yenileme-2.png 1134w, https:\/\/artofoculoplastics.com\/wp-content\/uploads\/2025\/05\/CO2-Lazer-ile-Goz-Kapagi-Cilt-Yenileme-2-300x150.png 300w, https:\/\/artofoculoplastics.com\/wp-content\/uploads\/2025\/05\/CO2-Lazer-ile-Goz-Kapagi-Cilt-Yenileme-2-1024x512.png 1024w, https:\/\/artofoculoplastics.com\/wp-content\/uploads\/2025\/05\/CO2-Lazer-ile-Goz-Kapagi-Cilt-Yenileme-2-768x384.png 768w, https:\/\/artofoculoplastics.com\/wp-content\/uploads\/2025\/05\/CO2-Lazer-ile-Goz-Kapagi-Cilt-Yenileme-2-18x9.png 18w, https:\/\/artofoculoplastics.com\/wp-content\/uploads\/2025\/05\/CO2-Lazer-ile-Goz-Kapagi-Cilt-Yenileme-2-600x300.png 600w\" sizes=\"(max-width: 1134px) 100vw, 1134px\" \/>\t\t\t\t\t\t\t\t\t\t\t\t\t\t\t<\/div>\n\t\t\t\t<\/div>\n\t\t\t\t<div class=\"elementor-element elementor-element-23b218f elementor-widget elementor-widget-text-editor\" data-id=\"23b218f\" data-element_type=\"widget\" data-widget_type=\"text-editor.default\">\n\t\t\t\t<div class=\"elementor-widget-container\">\n\t\t\t\t\t\t\t\t\t<p data-start=\"76\" data-end=\"97\"><strong data-start=\"350\" data-end=\"375\">CO2 fractional laser<\/strong>It&#039;s an effective and safe skin rejuvenation method used to eliminate wrinkles, sagging, blemishes, and fine lines that develop over time around the eyelids. Non-surgical, laser energy creates controlled damage to the lower layers of the skin, stimulating new collagen production, leaving the eyelid skin firmer, smoother, and more youthful.<\/p><h2 data-start=\"741\" data-end=\"770\">What is CO2 Laser Treatment?<\/h2><p class=\"\" data-start=\"772\" data-end=\"1112\">The carbon dioxide (CO2) laser, by exfoliating the skin in a controlled manner, both promotes superficial rejuvenation and stimulates collagen production in the deeper layers of the skin. Its fractional nature allows the laser to be applied only to small areas of skin, sparing surrounding tissue. This results in shorter recovery times and less skin damage.<\/p><h3 class=\"\" data-start=\"1114\" data-end=\"1156\">Use on the Eyelids and Eye Area<\/h3><p class=\"\" data-start=\"1158\" data-end=\"1356\">The skin in the eyelid area is one of the thinnest and most delicate structures in the body. Therefore, the effects of aging appear earlier and more noticeably in this area. Thanks to the CO2 fractional laser:<\/p><ul data-start=\"1358\" data-end=\"1547\"><li class=\"\" data-start=\"1358\" data-end=\"1407\"><p class=\"\" data-start=\"1360\" data-end=\"1407\">On the eyelid <strong data-start=\"1376\" data-end=\"1398\">fine wrinkles<\/strong> decreases<\/p><\/li><li class=\"\" data-start=\"1408\" data-end=\"1438\"><p class=\"\" data-start=\"1410\" data-end=\"1438\"><strong data-start=\"1410\" data-end=\"1427\">sagging skin<\/strong> lighter<\/p><\/li><li class=\"\" data-start=\"1439\" data-end=\"1492\"><p class=\"\" data-start=\"1441\" data-end=\"1492\"><strong data-start=\"1441\" data-end=\"1465\">Eye contour spots<\/strong> and the matte appearance is eliminated<\/p><\/li><li class=\"\" data-start=\"1493\" data-end=\"1547\"><p class=\"\" data-start=\"1495\" data-end=\"1547\">More <strong data-start=\"1500\" data-end=\"1525\">lively, tense and young<\/strong> an expression is gained<\/p><\/li><\/ul><p class=\"\" data-start=\"1549\" data-end=\"1626\">Aesthetic improvement can be achieved around the eyes without the need for surgery.<\/p><h3 class=\"\" data-start=\"1628\" data-end=\"1655\">How to Apply?<\/h3><p class=\"\" data-start=\"1657\" data-end=\"1970\">Before treatment, the eye area is covered with special protective pads. A local anesthetic cream is applied to make the procedure more comfortable. A CO2 laser device delivers laser pulses of specific intensity and depth. The procedure typically takes 15\u201330 minutes. Mild redness and tenderness may occur after the laser treatment.<\/p>\t\t\t\t\t\t\t\t<\/div>\n\t\t\t\t<\/div>\n\t\t\t\t<div class=\"elementor-element elementor-element-32633be elementor-widget elementor-widget-image\" data-id=\"32633be\" data-element_type=\"widget\" data-widget_type=\"image.default\">\n\t\t\t\t<div class=\"elementor-widget-container\">\n\t\t\t\t\t\t\t\t\t\t\t\t\t\t\t<img decoding=\"async\" width=\"1134\" height=\"567\" src=\"https:\/\/artofoculoplastics.com\/wp-content\/uploads\/2025\/05\/CO2-Lazer-ile-Goz-Kapagi-Cilt-Yenileme-1.png\" class=\"attachment-full size-full wp-image-7712\" alt=\"Eyelid Skin Rejuvenation with CO2 Laser, What is CO2 Laser Treatment?\" srcset=\"https:\/\/artofoculoplastics.com\/wp-content\/uploads\/2025\/05\/CO2-Lazer-ile-Goz-Kapagi-Cilt-Yenileme-1.png 1134w, https:\/\/artofoculoplastics.com\/wp-content\/uploads\/2025\/05\/CO2-Lazer-ile-Goz-Kapagi-Cilt-Yenileme-1-300x150.png 300w, https:\/\/artofoculoplastics.com\/wp-content\/uploads\/2025\/05\/CO2-Lazer-ile-Goz-Kapagi-Cilt-Yenileme-1-1024x512.png 1024w, https:\/\/artofoculoplastics.com\/wp-content\/uploads\/2025\/05\/CO2-Lazer-ile-Goz-Kapagi-Cilt-Yenileme-1-768x384.png 768w, https:\/\/artofoculoplastics.com\/wp-content\/uploads\/2025\/05\/CO2-Lazer-ile-Goz-Kapagi-Cilt-Yenileme-1-18x9.png 18w, https:\/\/artofoculoplastics.com\/wp-content\/uploads\/2025\/05\/CO2-Lazer-ile-Goz-Kapagi-Cilt-Yenileme-1-600x300.png 600w\" sizes=\"(max-width: 1134px) 100vw, 1134px\" \/>\t\t\t\t\t\t\t\t\t\t\t\t\t\t\t<\/div>\n\t\t\t\t<\/div>\n\t\t\t\t<div class=\"elementor-element elementor-element-f606c9c elementor-widget elementor-widget-text-editor\" data-id=\"f606c9c\" data-element_type=\"widget\" data-widget_type=\"text-editor.default\">\n\t\t\t\t<div class=\"elementor-widget-container\">\n\t\t\t\t\t\t\t\t\t<h3>CO2 Laser Healing Process<\/h3><p class=\"\" data-start=\"1993\" data-end=\"2141\">After CO2 laser treatment, you may experience some redness, flaking, and mild crusting for a few days. This is part of the skin&#039;s natural renewal process.<\/p><ul data-start=\"2143\" data-end=\"2358\"><li class=\"\" data-start=\"2143\" data-end=\"2183\"><p class=\"\" data-start=\"2145\" data-end=\"2183\">Recovery begins within the first 3\u20135 days<\/p><\/li><li class=\"\" data-start=\"2184\" data-end=\"2247\"><p class=\"\" data-start=\"2186\" data-end=\"2247\">After 1 week, the skin looks noticeably healthier.<\/p><\/li><li class=\"\" data-start=\"2248\" data-end=\"2292\"><p class=\"\" data-start=\"2250\" data-end=\"2292\">Full recovery is completed within 10\u201314 days.<\/p><\/li><li class=\"\" data-start=\"2293\" data-end=\"2358\"><p class=\"\" data-start=\"2295\" data-end=\"2358\">New collagen production continues over months, increasing its effect.<\/p><\/li><\/ul><p class=\"\" data-start=\"2360\" data-end=\"2445\">As the skin renews, the tightening and vitality effect on the eyelids becomes more apparent.<\/p><h3 class=\"\" data-start=\"2447\" data-end=\"2474\">Advantages of CO2 Laser<\/h3><ul data-start=\"2476\" data-end=\"2722\"><li class=\"\" data-start=\"2476\" data-end=\"2512\"><p class=\"\" data-start=\"2478\" data-end=\"2512\">No surgical incisions or stitches required<\/p><\/li><li class=\"\" data-start=\"2513\" data-end=\"2578\"><p class=\"\" data-start=\"2515\" data-end=\"2578\">Provides solutions to multiple problems such as wrinkles and blemishes at the same time.<\/p><\/li><li class=\"\" data-start=\"2579\" data-end=\"2634\"><p class=\"\" data-start=\"2581\" data-end=\"2634\">Provides permanent rejuvenation by increasing collagen production<\/p><\/li><li class=\"\" data-start=\"2635\" data-end=\"2662\"><p class=\"\" data-start=\"2637\" data-end=\"2662\">Application time is short<\/p><\/li><li class=\"\" data-start=\"2663\" data-end=\"2722\"><p class=\"\" data-start=\"2665\" data-end=\"2722\">It can be an alternative to surgery in eyelid aesthetics.<\/p><\/li><\/ul>\t\t\t\t\t\t\t\t<\/div>\n\t\t\t\t<\/div>\n\t\t\t\t<div class=\"elementor-element elementor-element-9e505eb elementor-widget elementor-widget-heading\" data-id=\"9e505eb\" data-element_type=\"widget\" data-widget_type=\"heading.default\">\n\t\t\t\t<div class=\"elementor-widget-container\">\n\t\t\t\t\t<h3 class=\"elementor-heading-title elementor-size-default\">Frequently Asked Questions<\/h3>\t\t\t\t<\/div>\n\t\t\t\t<\/div>\n\t\t\t\t<div class=\"elementor-element elementor-element-88ad59c elementor-widget elementor-widget-accordion\" data-id=\"88ad59c\" data-element_type=\"widget\" data-widget_type=\"accordion.default\">\n\t\t\t\t<div class=\"elementor-widget-container\">\n\t\t\t\t\t\t\t<div class=\"elementor-accordion\">\n\t\t\t\t\t\t\t<div class=\"elementor-accordion-item\">\n\t\t\t\t\t<div id=\"elementor-tab-title-1431\" class=\"elementor-tab-title\" data-tab=\"1\" role=\"button\" aria-controls=\"elementor-tab-content-1431\" aria-expanded=\"false\">\n\t\t\t\t\t\t\t\t\t\t\t\t\t<span class=\"elementor-accordion-icon elementor-accordion-icon-right\" aria-hidden=\"true\">\n\t\t\t\t\t\t\t\t\t\t\t\t\t\t\t<span class=\"elementor-accordion-icon-closed\"><svg class=\"e-font-icon-svg e-fas-plus\" viewbox=\"0 0 448 512\" xmlns=\"http:\/\/www.w3.org\/2000\/svg\"><path d=\"M416 208H272V64c0-17.67-14.33-32-32-32h-32c-17.67 0-32 14.33-32 32v144H32c-17.67 0-32 14.33-32 32v32c0 17.67 14.33 32 32 32h144v144c0 17.67 14.33 32 32 32h32c17.67 0 32-14.33 32-32V304h144c17.67 0 32-14.33 32-32v-32c0-17.67-14.33-32-32-32z\"><\/path><\/svg><\/span>\n\t\t\t\t\t\t\t\t<span class=\"elementor-accordion-icon-opened\"><svg class=\"e-font-icon-svg e-fas-minus\" viewbox=\"0 0 448 512\" xmlns=\"http:\/\/www.w3.org\/2000\/svg\"><path d=\"M416 208H32c-17.67 0-32 14.33-32 32v32c0 17.67 14.33 32 32 32h384c17.67 0 32-14.33 32-32v-32c0-17.67-14.33-32-32-32z\"><\/path><\/svg><\/span>\n\t\t\t\t\t\t\t\t\t\t\t\t\t\t<\/span>\n\t\t\t\t\t\t\t\t\t\t\t\t<a class=\"elementor-accordion-title\" tabindex=\"0\">Does CO2 laser damage the eyelids?<\/a>\n\t\t\t\t\t<\/div>\n\t\t\t\t\t<div id=\"elementor-tab-content-1431\" class=\"elementor-tab-content elementor-clearfix\" data-tab=\"1\" role=\"region\" aria-labelledby=\"elementor-tab-title-1431\"><p class=\"\" data-start=\"3231\" data-end=\"3428\">No. CO2 laser treatment applied to the eyelid area is safe when performed under the supervision of a specialist and wearing special eye protection. The eyes are completely shielded with special protection during the procedure.<\/p><\/div>\n\t\t\t\t<\/div>\n\t\t\t\t\t\t\t<div class=\"elementor-accordion-item\">\n\t\t\t\t\t<div id=\"elementor-tab-title-1432\" class=\"elementor-tab-title\" data-tab=\"2\" role=\"button\" aria-controls=\"elementor-tab-content-1432\" aria-expanded=\"false\">\n\t\t\t\t\t\t\t\t\t\t\t\t\t<span class=\"elementor-accordion-icon elementor-accordion-icon-right\" aria-hidden=\"true\">\n\t\t\t\t\t\t\t\t\t\t\t\t\t\t\t<span class=\"elementor-accordion-icon-closed\"><svg class=\"e-font-icon-svg e-fas-plus\" viewbox=\"0 0 448 512\" xmlns=\"http:\/\/www.w3.org\/2000\/svg\"><path d=\"M416 208H272V64c0-17.67-14.33-32-32-32h-32c-17.67 0-32 14.33-32 32v144H32c-17.67 0-32 14.33-32 32v32c0 17.67 14.33 32 32 32h144v144c0 17.67 14.33 32 32 32h32c17.67 0 32-14.33 32-32V304h144c17.67 0 32-14.33 32-32v-32c0-17.67-14.33-32-32-32z\"><\/path><\/svg><\/span>\n\t\t\t\t\t\t\t\t<span class=\"elementor-accordion-icon-opened\"><svg class=\"e-font-icon-svg e-fas-minus\" viewbox=\"0 0 448 512\" xmlns=\"http:\/\/www.w3.org\/2000\/svg\"><path d=\"M416 208H32c-17.67 0-32 14.33-32 32v32c0 17.67 14.33 32 32 32h384c17.67 0 32-14.33 32-32v-32c0-17.67-14.33-32-32-32z\"><\/path><\/svg><\/span>\n\t\t\t\t\t\t\t\t\t\t\t\t\t\t<\/span>\n\t\t\t\t\t\t\t\t\t\t\t\t<a class=\"elementor-accordion-title\" tabindex=\"0\">Can results be achieved in a single session?<\/a>\n\t\t\t\t\t<\/div>\n\t\t\t\t\t<div id=\"elementor-tab-content-1432\" class=\"elementor-tab-content elementor-clearfix\" data-tab=\"2\" role=\"region\" aria-labelledby=\"elementor-tab-title-1432\"><p class=\"\" data-start=\"3043\" data-end=\"3213\">Most patients experience significant improvement in a single session. However, some skin types or advanced signs of aging may require 2\u20133 sessions. Wait 4\u20136 weeks between sessions.<\/p><\/div>\n\t\t\t\t<\/div>\n\t\t\t\t\t\t\t<div class=\"elementor-accordion-item\">\n\t\t\t\t\t<div id=\"elementor-tab-title-1433\" class=\"elementor-tab-title\" data-tab=\"3\" role=\"button\" aria-controls=\"elementor-tab-content-1433\" aria-expanded=\"false\">\n\t\t\t\t\t\t\t\t\t\t\t\t\t<span class=\"elementor-accordion-icon elementor-accordion-icon-right\" aria-hidden=\"true\">\n\t\t\t\t\t\t\t\t\t\t\t\t\t\t\t<span class=\"elementor-accordion-icon-closed\"><svg class=\"e-font-icon-svg e-fas-plus\" viewbox=\"0 0 448 512\" xmlns=\"http:\/\/www.w3.org\/2000\/svg\"><path d=\"M416 208H272V64c0-17.67-14.33-32-32-32h-32c-17.67 0-32 14.33-32 32v144H32c-17.67 0-32 14.33-32 32v32c0 17.67 14.33 32 32 32h144v144c0 17.67 14.33 32 32 32h32c17.67 0 32-14.33 32-32V304h144c17.67 0 32-14.33 32-32v-32c0-17.67-14.33-32-32-32z\"><\/path><\/svg><\/span>\n\t\t\t\t\t\t\t\t<span class=\"elementor-accordion-icon-opened\"><svg class=\"e-font-icon-svg e-fas-minus\" viewbox=\"0 0 448 512\" xmlns=\"http:\/\/www.w3.org\/2000\/svg\"><path d=\"M416 208H32c-17.67 0-32 14.33-32 32v32c0 17.67 14.33 32 32 32h384c17.67 0 32-14.33 32-32v-32c0-17.67-14.33-32-32-32z\"><\/path><\/svg><\/span>\n\t\t\t\t\t\t\t\t\t\t\t\t\t\t<\/span>\n\t\t\t\t\t\t\t\t\t\t\t\t<a class=\"elementor-accordion-title\" tabindex=\"0\">Is CO2 laser application painful?<\/a>\n\t\t\t\t\t<\/div>\n\t\t\t\t\t<div id=\"elementor-tab-content-1433\" class=\"elementor-tab-content elementor-clearfix\" data-tab=\"3\" role=\"region\" aria-labelledby=\"elementor-tab-title-1433\"><p class=\"\" data-start=\"3248\" data-end=\"3422\">Because an anesthetic cream is used before the procedure, the procedure is generally tolerable. You may experience a slight burning or tingling sensation afterward, but this is short-lived.<\/p><\/div>\n\t\t\t\t<\/div>\n\t\t\t\t\t\t\t<div class=\"elementor-accordion-item\">\n\t\t\t\t\t<div id=\"elementor-tab-title-1434\" class=\"elementor-tab-title\" data-tab=\"4\" role=\"button\" aria-controls=\"elementor-tab-content-1434\" aria-expanded=\"false\">\n\t\t\t\t\t\t\t\t\t\t\t\t\t<span class=\"elementor-accordion-icon elementor-accordion-icon-right\" aria-hidden=\"true\">\n\t\t\t\t\t\t\t\t\t\t\t\t\t\t\t<span class=\"elementor-accordion-icon-closed\"><svg class=\"e-font-icon-svg e-fas-plus\" viewbox=\"0 0 448 512\" xmlns=\"http:\/\/www.w3.org\/2000\/svg\"><path d=\"M416 208H272V64c0-17.67-14.33-32-32-32h-32c-17.67 0-32 14.33-32 32v144H32c-17.67 0-32 14.33-32 32v32c0 17.67 14.33 32 32 32h144v144c0 17.67 14.33 32 32 32h32c17.67 0 32-14.33 32-32V304h144c17.67 0 32-14.33 32-32v-32c0-17.67-14.33-32-32-32z\"><\/path><\/svg><\/span>\n\t\t\t\t\t\t\t\t<span class=\"elementor-accordion-icon-opened\"><svg class=\"e-font-icon-svg e-fas-minus\" viewbox=\"0 0 448 512\" xmlns=\"http:\/\/www.w3.org\/2000\/svg\"><path d=\"M416 208H32c-17.67 0-32 14.33-32 32v32c0 17.67 14.33 32 32 32h384c17.67 0 32-14.33 32-32v-32c0-17.67-14.33-32-32-32z\"><\/path><\/svg><\/span>\n\t\t\t\t\t\t\t\t\t\t\t\t\t\t<\/span>\n\t\t\t\t\t\t\t\t\t\t\t\t<a class=\"elementor-accordion-title\" tabindex=\"0\">How long does its permanence last?<\/a>\n\t\t\t\t\t<\/div>\n\t\t\t\t\t<div id=\"elementor-tab-content-1434\" class=\"elementor-tab-content elementor-clearfix\" data-tab=\"4\" role=\"region\" aria-labelledby=\"elementor-tab-title-1434\"><p class=\"\" data-start=\"3663\" data-end=\"3820\">The tightening and rejuvenation effects achieved after treatment can last 1\u20132 years. This period may vary depending on the individual&#039;s skin type, age, and lifestyle.<\/p><\/div>\n\t\t\t\t<\/div>\n\t\t\t\t\t\t\t\t<\/div>\n\t\t\t\t\t\t<\/div>\n\t\t\t\t<\/div>\n\t\t\t\t\t<\/div>\n\t\t\t\t<\/div>\n\t\t\t\t\t<\/div>\n\t\t\t\t<\/div>\n\t\t\t\t<\/div>","protected":false},"excerpt":{"rendered":"<p>CO2 fraksiyonel lazer, g\u00f6z kapa\u011f\u0131 \u00e7evresinde zamanla olu\u015fan k\u0131r\u0131\u015f\u0131kl\u0131k, gev\u015feme, leke ve ince \u00e7izgilerin giderilmesi i\u00e7in kullan\u0131lan etkili ve g\u00fcvenli bir cilt yenileme y\u00f6ntemidir. Cerrahi m\u00fcdahale olmadan, lazer enerjisi sayesinde cildin alt katmanlar\u0131nda kontroll\u00fc hasar yarat\u0131larak yeni kolajen \u00fcretimi tetiklenir ve g\u00f6z kapa\u011f\u0131 cildi daha s\u0131k\u0131, p\u00fcr\u00fczs\u00fcz ve gen\u00e7 bir g\u00f6r\u00fcn\u00fcm kazan\u0131r. CO2 Lazer Tedavisi&#8230;<\/p>","protected":false},"author":1,"featured_media":0,"parent":6528,"menu_order":0,"comment_status":"closed","ping_status":"closed","template":"","meta":{"footnotes":""},"class_list":["post-6549","page","type-page","status-publish","hentry"],"_links":{"self":[{"href":"https:\/\/artofoculoplastics.com\/en\/wp-json\/wp\/v2\/pages\/6549","targetHints":{"allow":["GET"]}}],"collection":[{"href":"https:\/\/artofoculoplastics.com\/en\/wp-json\/wp\/v2\/pages"}],"about":[{"href":"https:\/\/artofoculoplastics.com\/en\/wp-json\/wp\/v2\/types\/page"}],"author":[{"embeddable":true,"href":"https:\/\/artofoculoplastics.com\/en\/wp-json\/wp\/v2\/users\/1"}],"replies":[{"embeddable":true,"href":"https:\/\/artofoculoplastics.com\/en\/wp-json\/wp\/v2\/comments?post=6549"}],"version-history":[{"count":7,"href":"https:\/\/artofoculoplastics.com\/en\/wp-json\/wp\/v2\/pages\/6549\/revisions"}],"predecessor-version":[{"id":7720,"href":"https:\/\/artofoculoplastics.com\/en\/wp-json\/wp\/v2\/pages\/6549\/revisions\/7720"}],"up":[{"embeddable":true,"href":"https:\/\/artofoculoplastics.com\/en\/wp-json\/wp\/v2\/pages\/6528"}],"wp:attachment":[{"href":"https:\/\/artofoculoplastics.com\/en\/wp-json\/wp\/v2\/media?parent=6549"}],"curies":[{"name":"wp","href":"https:\/\/api.w.org\/{rel}","templated":true}]}}