{"id":6547,"date":"2025-04-24T11:22:34","date_gmt":"2025-04-24T08:22:34","guid":{"rendered":"https:\/\/artofoculoplastics.com\/?page_id=6547"},"modified":"2025-05-07T14:15:59","modified_gmt":"2025-05-07T11:15:59","slug":"eye-circles-and-bruise-treatment","status":"publish","type":"page","link":"https:\/\/artofoculoplastics.com\/en\/non-surgical-eyelid-and-eye-contour-aesthetic-applications\/eye-circles-and-bruise-treatment\/","title":{"rendered":"Treatment for Eye Circles and Dark Circles"},"content":{"rendered":"<div data-elementor-type=\"wp-page\" data-elementor-id=\"6547\" class=\"elementor elementor-6547\">\n\t\t\t\t<div class=\"elementor-element elementor-element-b1953d8 e-flex e-con-boxed e-con e-parent\" data-id=\"b1953d8\" data-element_type=\"container\">\n\t\t\t\t\t<div class=\"e-con-inner\">\n\t\t<div class=\"elementor-element elementor-element-5165749 e-flex e-con-boxed e-con e-child\" data-id=\"5165749\" data-element_type=\"container\">\n\t\t\t\t\t<div class=\"e-con-inner\">\n\t\t\r\n\t\t<div class=\"elementor-element elementor-element-dea6807 elementor-widget elementor-widget-image\" data-id=\"dea6807\" data-element_type=\"widget\" data-widget_type=\"image.default\">\n\t\t\t\t<div class=\"elementor-widget-container\">\n\t\t\t\t\t\t\t\t\t\t\t\t\t\t\t<img fetchpriority=\"high\" decoding=\"async\" width=\"1134\" height=\"567\" src=\"https:\/\/artofoculoplastics.com\/wp-content\/uploads\/2025\/05\/Goz-Cevresi-Halkalari-ve-Morluk-Tedavisi-2.png\" class=\"attachment-full size-full wp-image-7708\" alt=\"What Are Under-Eye Dark Circles and Dark Circles? Why Do They Occur? Treatment Methods\" srcset=\"https:\/\/artofoculoplastics.com\/wp-content\/uploads\/2025\/05\/Goz-Cevresi-Halkalari-ve-Morluk-Tedavisi-2.png 1134w, https:\/\/artofoculoplastics.com\/wp-content\/uploads\/2025\/05\/Goz-Cevresi-Halkalari-ve-Morluk-Tedavisi-2-300x150.png 300w, https:\/\/artofoculoplastics.com\/wp-content\/uploads\/2025\/05\/Goz-Cevresi-Halkalari-ve-Morluk-Tedavisi-2-1024x512.png 1024w, https:\/\/artofoculoplastics.com\/wp-content\/uploads\/2025\/05\/Goz-Cevresi-Halkalari-ve-Morluk-Tedavisi-2-768x384.png 768w, https:\/\/artofoculoplastics.com\/wp-content\/uploads\/2025\/05\/Goz-Cevresi-Halkalari-ve-Morluk-Tedavisi-2-18x9.png 18w, https:\/\/artofoculoplastics.com\/wp-content\/uploads\/2025\/05\/Goz-Cevresi-Halkalari-ve-Morluk-Tedavisi-2-600x300.png 600w\" sizes=\"(max-width: 1134px) 100vw, 1134px\" \/>\t\t\t\t\t\t\t\t\t\t\t\t\t\t\t<\/div>\n\t\t\t\t<\/div>\n\t\t\t\t<div class=\"elementor-element elementor-element-332e477 elementor-widget elementor-widget-text-editor\" data-id=\"332e477\" data-element_type=\"widget\" data-widget_type=\"text-editor.default\">\n\t\t\t\t<div class=\"elementor-widget-container\">\n\t\t\t\t\t\t\t\t\t<p data-start=\"76\" data-end=\"97\">The eye area is one of the most sensitive and prematurely aging areas of our face. <strong data-start=\"490\" data-end=\"525\">under-eye circles and dark circles<\/strong>, can give a person a tired, aged, and unhealthy appearance. Thanks to advances in medical aesthetics, these problems can now be effectively addressed not only with cosmetic products but also with scientific treatment methods.<\/p><h2 data-start=\"750\" data-end=\"793\">What are Under-Eye Dark Circles and Dark Circles?<\/h2><p class=\"\" data-start=\"795\" data-end=\"1107\">Under-eye circles are a condition that manifests as dark shadows around the eyes and can cause aesthetic concerns. Under-eye circles are often caused by both skin discoloration and structural collapse. These two conditions sometimes occur together and can become more noticeable with age.<\/p><h3 class=\"\" data-start=\"1109\" data-end=\"1126\">Why Does It Occur?<\/h3><p class=\"\" data-start=\"1128\" data-end=\"1217\">The main factors that cause under-eye circles and dark circles are:<\/p><ul data-start=\"1219\" data-end=\"1453\"><li class=\"\" data-start=\"1219\" data-end=\"1240\"><p class=\"\" data-start=\"1221\" data-end=\"1240\">Genetic predisposition<\/p><\/li><li class=\"\" data-start=\"1241\" data-end=\"1278\"><p class=\"\" data-start=\"1243\" data-end=\"1278\">Prominence of subcutaneous veins<\/p><\/li><li class=\"\" data-start=\"1279\" data-end=\"1315\"><p class=\"\" data-start=\"1281\" data-end=\"1315\">Under-eye hollowness (loss of volume)<\/p><\/li><li class=\"\" data-start=\"1316\" data-end=\"1344\"><p class=\"\" data-start=\"1318\" data-end=\"1344\">Sleep disturbance, stress<\/p><\/li><li class=\"\" data-start=\"1345\" data-end=\"1374\"><p class=\"\" data-start=\"1347\" data-end=\"1374\">Smoking and alcohol use<\/p><\/li><li class=\"\" data-start=\"1375\" data-end=\"1398\"><p class=\"\" data-start=\"1377\" data-end=\"1398\">Allergic diseases<\/p><\/li><li class=\"\" data-start=\"1399\" data-end=\"1453\"><p class=\"\" data-start=\"1401\" data-end=\"1453\">Skin thinning and loss of elasticity with age<\/p><\/li><\/ul><p class=\"\" data-start=\"1455\" data-end=\"1547\">One or more of these factors may negatively affect the aesthetic appearance around the eyes.<\/p>\t\t\t\t\t\t\t\t<\/div>\n\t\t\t\t<\/div>\n\t\t\t\t<div class=\"elementor-element elementor-element-646cc71 elementor-widget elementor-widget-image\" data-id=\"646cc71\" data-element_type=\"widget\" data-widget_type=\"image.default\">\n\t\t\t\t<div class=\"elementor-widget-container\">\n\t\t\t\t\t\t\t\t\t\t\t\t\t\t\t<img decoding=\"async\" width=\"1134\" height=\"567\" src=\"https:\/\/artofoculoplastics.com\/wp-content\/uploads\/2025\/05\/Goz-Cevresi-Halkalari-ve-Morluk-Tedavisi-1.png\" class=\"attachment-full size-full wp-image-7707\" alt=\"What Are Under-Eye Dark Circles and Dark Circles? Why Do They Occur? Treatment Methods\" srcset=\"https:\/\/artofoculoplastics.com\/wp-content\/uploads\/2025\/05\/Goz-Cevresi-Halkalari-ve-Morluk-Tedavisi-1.png 1134w, https:\/\/artofoculoplastics.com\/wp-content\/uploads\/2025\/05\/Goz-Cevresi-Halkalari-ve-Morluk-Tedavisi-1-300x150.png 300w, https:\/\/artofoculoplastics.com\/wp-content\/uploads\/2025\/05\/Goz-Cevresi-Halkalari-ve-Morluk-Tedavisi-1-1024x512.png 1024w, https:\/\/artofoculoplastics.com\/wp-content\/uploads\/2025\/05\/Goz-Cevresi-Halkalari-ve-Morluk-Tedavisi-1-768x384.png 768w, https:\/\/artofoculoplastics.com\/wp-content\/uploads\/2025\/05\/Goz-Cevresi-Halkalari-ve-Morluk-Tedavisi-1-18x9.png 18w, https:\/\/artofoculoplastics.com\/wp-content\/uploads\/2025\/05\/Goz-Cevresi-Halkalari-ve-Morluk-Tedavisi-1-600x300.png 600w\" sizes=\"(max-width: 1134px) 100vw, 1134px\" \/>\t\t\t\t\t\t\t\t\t\t\t\t\t\t\t<\/div>\n\t\t\t\t<\/div>\n\t\t\t\t<div class=\"elementor-element elementor-element-cd2b453 elementor-widget elementor-widget-text-editor\" data-id=\"cd2b453\" data-element_type=\"widget\" data-widget_type=\"text-editor.default\">\n\t\t\t\t<div class=\"elementor-widget-container\">\n\t\t\t\t\t\t\t\t\t<h3 class=\"\" data-start=\"1549\" data-end=\"1570\">Treatment Methods<\/h3><p class=\"\" data-start=\"1572\" data-end=\"1724\">In the treatment of circles and dark circles around the eyes, personalized methods are chosen depending on the source of the complaint. The most commonly used treatment approaches are:<\/p><p class=\"\" data-start=\"1726\" data-end=\"1909\"><strong data-start=\"1726\" data-end=\"1765\">1. Light Filler (Under-Eye Filler):<\/strong><br data-start=\"1765\" data-end=\"1768\" \/>It fills in the under-eye area, adding volume and reducing shadows. Hyaluronic acid fillers are typically used.<\/p><p class=\"\" data-start=\"1911\" data-end=\"2040\"><strong data-start=\"1911\" data-end=\"1954\">2. Mesotherapy \u2013 Vitamin Injections:<\/strong><br data-start=\"1954\" data-end=\"1957\" \/>Thanks to special mixtures applied under the skin, the skin is revitalized and its color tone is evened out.<\/p><p class=\"\" data-start=\"2042\" data-end=\"2180\"><strong data-start=\"2042\" data-end=\"2076\">3. PRP (Platelet Rich Plasma):<\/strong><br data-start=\"2076\" data-end=\"2079\" \/>Skin regeneration is achieved by applying plasma obtained from the patient&#039;s own blood to the eye area.<\/p><p class=\"\" data-start=\"2182\" data-end=\"2275\"><strong data-start=\"2182\" data-end=\"2224\">4. Laser and Radiofrequency Applications:<\/strong><br data-start=\"2224\" data-end=\"2227\" \/>Pigment reduction and skin tightening are targeted.<\/p><p class=\"\" data-start=\"2277\" data-end=\"2393\"><strong data-start=\"2277\" data-end=\"2301\">5. Chemical Peel:<\/strong><br data-start=\"2301\" data-end=\"2304\" \/>Superficial peeling can be applied to alleviate color inequality around the eyes.<\/p><p class=\"\" data-start=\"2395\" data-end=\"2500\">The treatment plan is created by the doctor based on the skin structure around the eye and the patient&#039;s expectations.<\/p><h3 class=\"\" data-start=\"2502\" data-end=\"2521\">Recovery Time<\/h3><p class=\"\" data-start=\"2523\" data-end=\"2612\">Most eye contour treatments are minimally invasive, so recovery time is relatively short.<\/p><ul data-start=\"2613\" data-end=\"2918\"><li class=\"\" data-start=\"2613\" data-end=\"2726\"><p class=\"\" data-start=\"2615\" data-end=\"2726\">There may be mild swelling or redness after filler and mesotherapy, but these effects usually subside within 1-2 days.<\/p><\/li><li class=\"\" data-start=\"2727\" data-end=\"2918\"><p class=\"\" data-start=\"2729\" data-end=\"2918\">In procedures such as laser or PRP, the person can often return to social life on the same day.<br data-start=\"2814\" data-end=\"2817\" \/>The effects may take 1-2 weeks to set in, but their permanence varies between 6-18 months depending on the type of application.<\/p><\/li><\/ul><h3>Advantages<\/h3><ul><li class=\"\" data-start=\"2937\" data-end=\"2984\"><p class=\"\" data-start=\"2939\" data-end=\"2984\">It can be applied without surgery, safely and quickly.<\/p><\/li><li class=\"\" data-start=\"2985\" data-end=\"3025\"><p class=\"\" data-start=\"2987\" data-end=\"3025\">A personalized treatment plan can be made<\/p><\/li><li class=\"\" data-start=\"3026\" data-end=\"3067\"><p class=\"\" data-start=\"3028\" data-end=\"3067\">Gives a natural and vibrant look<\/p><\/li><li class=\"\" data-start=\"3068\" data-end=\"3107\"><p class=\"\" data-start=\"3070\" data-end=\"3107\">Immediate return to daily life is possible<\/p><\/li><li class=\"\" data-start=\"3108\" data-end=\"3149\"><p class=\"\" data-start=\"3110\" data-end=\"3149\">Improves the overall quality of the eye area<\/p><\/li><\/ul>\t\t\t\t\t\t\t\t<\/div>\n\t\t\t\t<\/div>\n\t\t\t\t<div class=\"elementor-element elementor-element-4ad14bc elementor-widget elementor-widget-heading\" data-id=\"4ad14bc\" data-element_type=\"widget\" data-widget_type=\"heading.default\">\n\t\t\t\t<div class=\"elementor-widget-container\">\n\t\t\t\t\t<h3 class=\"elementor-heading-title elementor-size-default\">Frequently Asked Questions<\/h3>\t\t\t\t<\/div>\n\t\t\t\t<\/div>\n\t\t\t\t<div class=\"elementor-element elementor-element-f33510e elementor-widget elementor-widget-accordion\" data-id=\"f33510e\" data-element_type=\"widget\" data-widget_type=\"accordion.default\">\n\t\t\t\t<div class=\"elementor-widget-container\">\n\t\t\t\t\t\t\t<div class=\"elementor-accordion\">\n\t\t\t\t\t\t\t<div class=\"elementor-accordion-item\">\n\t\t\t\t\t<div id=\"elementor-tab-title-2551\" class=\"elementor-tab-title\" data-tab=\"1\" role=\"button\" aria-controls=\"elementor-tab-content-2551\" aria-expanded=\"false\">\n\t\t\t\t\t\t\t\t\t\t\t\t\t<span class=\"elementor-accordion-icon elementor-accordion-icon-right\" aria-hidden=\"true\">\n\t\t\t\t\t\t\t\t\t\t\t\t\t\t\t<span class=\"elementor-accordion-icon-closed\"><svg class=\"e-font-icon-svg e-fas-plus\" viewbox=\"0 0 448 512\" xmlns=\"http:\/\/www.w3.org\/2000\/svg\"><path d=\"M416 208H272V64c0-17.67-14.33-32-32-32h-32c-17.67 0-32 14.33-32 32v144H32c-17.67 0-32 14.33-32 32v32c0 17.67 14.33 32 32 32h144v144c0 17.67 14.33 32 32 32h32c17.67 0 32-14.33 32-32V304h144c17.67 0 32-14.33 32-32v-32c0-17.67-14.33-32-32-32z\"><\/path><\/svg><\/span>\n\t\t\t\t\t\t\t\t<span class=\"elementor-accordion-icon-opened\"><svg class=\"e-font-icon-svg e-fas-minus\" viewbox=\"0 0 448 512\" xmlns=\"http:\/\/www.w3.org\/2000\/svg\"><path d=\"M416 208H32c-17.67 0-32 14.33-32 32v32c0 17.67 14.33 32 32 32h384c17.67 0 32-14.33 32-32v-32c0-17.67-14.33-32-32-32z\"><\/path><\/svg><\/span>\n\t\t\t\t\t\t\t\t\t\t\t\t\t\t<\/span>\n\t\t\t\t\t\t\t\t\t\t\t\t<a class=\"elementor-accordion-title\" tabindex=\"0\">Do under-eye circles disappear completely?<\/a>\n\t\t\t\t\t<\/div>\n\t\t\t\t\t<div id=\"elementor-tab-content-2551\" class=\"elementor-tab-content elementor-clearfix\" data-tab=\"1\" role=\"region\" aria-labelledby=\"elementor-tab-title-2551\"><p class=\"\" data-start=\"3231\" data-end=\"3428\">If the bruises are not solely pigmented but also have structural abnormalities, they may not be completely gone. However, with the right methods, they can be significantly reduced and less noticeable.<\/p><\/div>\n\t\t\t\t<\/div>\n\t\t\t\t\t\t\t<div class=\"elementor-accordion-item\">\n\t\t\t\t\t<div id=\"elementor-tab-title-2552\" class=\"elementor-tab-title\" data-tab=\"2\" role=\"button\" aria-controls=\"elementor-tab-content-2552\" aria-expanded=\"false\">\n\t\t\t\t\t\t\t\t\t\t\t\t\t<span class=\"elementor-accordion-icon elementor-accordion-icon-right\" aria-hidden=\"true\">\n\t\t\t\t\t\t\t\t\t\t\t\t\t\t\t<span class=\"elementor-accordion-icon-closed\"><svg class=\"e-font-icon-svg e-fas-plus\" viewbox=\"0 0 448 512\" xmlns=\"http:\/\/www.w3.org\/2000\/svg\"><path d=\"M416 208H272V64c0-17.67-14.33-32-32-32h-32c-17.67 0-32 14.33-32 32v144H32c-17.67 0-32 14.33-32 32v32c0 17.67 14.33 32 32 32h144v144c0 17.67 14.33 32 32 32h32c17.67 0 32-14.33 32-32V304h144c17.67 0 32-14.33 32-32v-32c0-17.67-14.33-32-32-32z\"><\/path><\/svg><\/span>\n\t\t\t\t\t\t\t\t<span class=\"elementor-accordion-icon-opened\"><svg class=\"e-font-icon-svg e-fas-minus\" viewbox=\"0 0 448 512\" xmlns=\"http:\/\/www.w3.org\/2000\/svg\"><path d=\"M416 208H32c-17.67 0-32 14.33-32 32v32c0 17.67 14.33 32 32 32h384c17.67 0 32-14.33 32-32v-32c0-17.67-14.33-32-32-32z\"><\/path><\/svg><\/span>\n\t\t\t\t\t\t\t\t\t\t\t\t\t\t<\/span>\n\t\t\t\t\t\t\t\t\t\t\t\t<a class=\"elementor-accordion-title\" tabindex=\"0\">Is the treatment permanent?<\/a>\n\t\t\t\t\t<\/div>\n\t\t\t\t\t<div id=\"elementor-tab-content-2552\" class=\"elementor-tab-content elementor-clearfix\" data-tab=\"2\" role=\"region\" aria-labelledby=\"elementor-tab-title-2552\"><p class=\"\" data-start=\"3461\" data-end=\"3638\">Persistence varies depending on the method used. While fillers are effective for an average of 12\u201318 months, procedures like PRP and mesotherapy can be repeated at regular intervals to increase their longevity.<\/p><\/div>\n\t\t\t\t<\/div>\n\t\t\t\t\t\t\t<div class=\"elementor-accordion-item\">\n\t\t\t\t\t<div id=\"elementor-tab-title-2553\" class=\"elementor-tab-title\" data-tab=\"3\" role=\"button\" aria-controls=\"elementor-tab-content-2553\" aria-expanded=\"false\">\n\t\t\t\t\t\t\t\t\t\t\t\t\t<span class=\"elementor-accordion-icon elementor-accordion-icon-right\" aria-hidden=\"true\">\n\t\t\t\t\t\t\t\t\t\t\t\t\t\t\t<span class=\"elementor-accordion-icon-closed\"><svg class=\"e-font-icon-svg e-fas-plus\" viewbox=\"0 0 448 512\" xmlns=\"http:\/\/www.w3.org\/2000\/svg\"><path d=\"M416 208H272V64c0-17.67-14.33-32-32-32h-32c-17.67 0-32 14.33-32 32v144H32c-17.67 0-32 14.33-32 32v32c0 17.67 14.33 32 32 32h144v144c0 17.67 14.33 32 32 32h32c17.67 0 32-14.33 32-32V304h144c17.67 0 32-14.33 32-32v-32c0-17.67-14.33-32-32-32z\"><\/path><\/svg><\/span>\n\t\t\t\t\t\t\t\t<span class=\"elementor-accordion-icon-opened\"><svg class=\"e-font-icon-svg e-fas-minus\" viewbox=\"0 0 448 512\" xmlns=\"http:\/\/www.w3.org\/2000\/svg\"><path d=\"M416 208H32c-17.67 0-32 14.33-32 32v32c0 17.67 14.33 32 32 32h384c17.67 0 32-14.33 32-32v-32c0-17.67-14.33-32-32-32z\"><\/path><\/svg><\/span>\n\t\t\t\t\t\t\t\t\t\t\t\t\t\t<\/span>\n\t\t\t\t\t\t\t\t\t\t\t\t<a class=\"elementor-accordion-title\" tabindex=\"0\">Will there be any scars after the treatment?<\/a>\n\t\t\t\t\t<\/div>\n\t\t\t\t\t<div id=\"elementor-tab-content-2553\" class=\"elementor-tab-content elementor-clearfix\" data-tab=\"3\" role=\"region\" aria-labelledby=\"elementor-tab-title-2553\"><p class=\"\" data-start=\"3678\" data-end=\"3807\">No. The treatments are minimally invasive and leave no scars. You may experience temporary redness or bruising, but these will quickly subside.<\/p><\/div>\n\t\t\t\t<\/div>\n\t\t\t\t\t\t\t<div class=\"elementor-accordion-item\">\n\t\t\t\t\t<div id=\"elementor-tab-title-2554\" class=\"elementor-tab-title\" data-tab=\"4\" role=\"button\" aria-controls=\"elementor-tab-content-2554\" aria-expanded=\"false\">\n\t\t\t\t\t\t\t\t\t\t\t\t\t<span class=\"elementor-accordion-icon elementor-accordion-icon-right\" aria-hidden=\"true\">\n\t\t\t\t\t\t\t\t\t\t\t\t\t\t\t<span class=\"elementor-accordion-icon-closed\"><svg class=\"e-font-icon-svg e-fas-plus\" viewbox=\"0 0 448 512\" xmlns=\"http:\/\/www.w3.org\/2000\/svg\"><path d=\"M416 208H272V64c0-17.67-14.33-32-32-32h-32c-17.67 0-32 14.33-32 32v144H32c-17.67 0-32 14.33-32 32v32c0 17.67 14.33 32 32 32h144v144c0 17.67 14.33 32 32 32h32c17.67 0 32-14.33 32-32V304h144c17.67 0 32-14.33 32-32v-32c0-17.67-14.33-32-32-32z\"><\/path><\/svg><\/span>\n\t\t\t\t\t\t\t\t<span class=\"elementor-accordion-icon-opened\"><svg class=\"e-font-icon-svg e-fas-minus\" viewbox=\"0 0 448 512\" xmlns=\"http:\/\/www.w3.org\/2000\/svg\"><path d=\"M416 208H32c-17.67 0-32 14.33-32 32v32c0 17.67 14.33 32 32 32h384c17.67 0 32-14.33 32-32v-32c0-17.67-14.33-32-32-32z\"><\/path><\/svg><\/span>\n\t\t\t\t\t\t\t\t\t\t\t\t\t\t<\/span>\n\t\t\t\t\t\t\t\t\t\t\t\t<a class=\"elementor-accordion-title\" tabindex=\"0\">If the cause of bruising is genetic, will treatment work?<\/a>\n\t\t\t\t\t<\/div>\n\t\t\t\t\t<div id=\"elementor-tab-content-2554\" class=\"elementor-tab-content elementor-clearfix\" data-tab=\"4\" role=\"region\" aria-labelledby=\"elementor-tab-title-2554\"><p class=\"\" data-start=\"3869\" data-end=\"4055\">Yes, under-eye fillers and skin rejuvenation treatments can achieve successful results for dark circles caused by genetic factors. While they may not completely disappear, their appearance can be significantly improved.<\/p><\/div>\n\t\t\t\t<\/div>\n\t\t\t\t\t\t\t\t<\/div>\n\t\t\t\t\t\t<\/div>\n\t\t\t\t<\/div>\n\t\t\t\t\t<\/div>\n\t\t\t\t<\/div>\n\t\t\t\t\t<\/div>\n\t\t\t\t<\/div>\n\t\t\t\t<\/div>","protected":false},"excerpt":{"rendered":"<p>G\u00f6z \u00e7evresi, y\u00fcz\u00fcm\u00fcz\u00fcn en hassas ve en erken ya\u015flanan b\u00f6lgelerinden biridir. \u00d6zellikle g\u00f6z alt\u0131 halkalar\u0131 ve morluklar, ki\u015fiye yorgun, ya\u015fl\u0131 ve sa\u011fl\u0131ks\u0131z bir ifade kazand\u0131rabilir. Medikal estetik geli\u015fmeleri sayesinde bu sorunlar art\u0131k sadece kozmetik \u00fcr\u00fcnlerle de\u011fil, bilimsel tedavi y\u00f6ntemleriyle de etkili bir \u015fekilde giderilebilmektedir. G\u00f6z Alt\u0131 Morluklar\u0131 ve Halkalar\u0131 Nedir? G\u00f6z alt\u0131 morluklar\u0131; g\u00f6z \u00e7evresinde&#8230;<\/p>","protected":false},"author":1,"featured_media":0,"parent":6528,"menu_order":0,"comment_status":"closed","ping_status":"closed","template":"","meta":{"footnotes":""},"class_list":["post-6547","page","type-page","status-publish","hentry"],"_links":{"self":[{"href":"https:\/\/artofoculoplastics.com\/en\/wp-json\/wp\/v2\/pages\/6547","targetHints":{"allow":["GET"]}}],"collection":[{"href":"https:\/\/artofoculoplastics.com\/en\/wp-json\/wp\/v2\/pages"}],"about":[{"href":"https:\/\/artofoculoplastics.com\/en\/wp-json\/wp\/v2\/types\/page"}],"author":[{"embeddable":true,"href":"https:\/\/artofoculoplastics.com\/en\/wp-json\/wp\/v2\/users\/1"}],"replies":[{"embeddable":true,"href":"https:\/\/artofoculoplastics.com\/en\/wp-json\/wp\/v2\/comments?post=6547"}],"version-history":[{"count":4,"href":"https:\/\/artofoculoplastics.com\/en\/wp-json\/wp\/v2\/pages\/6547\/revisions"}],"predecessor-version":[{"id":7711,"href":"https:\/\/artofoculoplastics.com\/en\/wp-json\/wp\/v2\/pages\/6547\/revisions\/7711"}],"up":[{"embeddable":true,"href":"https:\/\/artofoculoplastics.com\/en\/wp-json\/wp\/v2\/pages\/6528"}],"wp:attachment":[{"href":"https:\/\/artofoculoplastics.com\/en\/wp-json\/wp\/v2\/media?parent=6547"}],"curies":[{"name":"wp","href":"https:\/\/api.w.org\/{rel}","templated":true}]}}