{"id":6545,"date":"2025-04-24T11:21:53","date_gmt":"2025-04-24T08:21:53","guid":{"rendered":"https:\/\/artofoculoplastics.com\/?page_id=6545"},"modified":"2025-05-07T14:09:27","modified_gmt":"2025-05-07T11:09:27","slug":"rope-hanger-application","status":"publish","type":"page","link":"https:\/\/artofoculoplastics.com\/en\/non-surgical-eyelid-and-eye-contour-aesthetic-applications\/rope-hanger-application\/","title":{"rendered":"Rope Hanger Application"},"content":{"rendered":"<div data-elementor-type=\"wp-page\" data-elementor-id=\"6545\" class=\"elementor elementor-6545\">\n\t\t\t\t<div class=\"elementor-element elementor-element-4bf1398 e-flex e-con-boxed e-con e-parent\" data-id=\"4bf1398\" data-element_type=\"container\">\n\t\t\t\t\t<div class=\"e-con-inner\">\n\t\t<div class=\"elementor-element elementor-element-7dd2da5 e-flex e-con-boxed e-con e-child\" data-id=\"7dd2da5\" data-element_type=\"container\">\n\t\t\t\t\t<div class=\"e-con-inner\">\n\t\t\r\n\t\t<div class=\"elementor-element elementor-element-23af3a2 elementor-widget elementor-widget-image\" data-id=\"23af3a2\" data-element_type=\"widget\" data-widget_type=\"image.default\">\n\t\t\t\t<div class=\"elementor-widget-container\">\n\t\t\t\t\t\t\t\t\t\t\t\t\t\t\t<img fetchpriority=\"high\" decoding=\"async\" width=\"1134\" height=\"567\" src=\"https:\/\/artofoculoplastics.com\/wp-content\/uploads\/2025\/05\/Ip-Aski-Uygulamasi-1.png\" class=\"attachment-full size-full wp-image-7698\" alt=\"What is a Thread Lift? What are its advantages? What is the healing process?\" srcset=\"https:\/\/artofoculoplastics.com\/wp-content\/uploads\/2025\/05\/Ip-Aski-Uygulamasi-1.png 1134w, https:\/\/artofoculoplastics.com\/wp-content\/uploads\/2025\/05\/Ip-Aski-Uygulamasi-1-300x150.png 300w, https:\/\/artofoculoplastics.com\/wp-content\/uploads\/2025\/05\/Ip-Aski-Uygulamasi-1-1024x512.png 1024w, https:\/\/artofoculoplastics.com\/wp-content\/uploads\/2025\/05\/Ip-Aski-Uygulamasi-1-768x384.png 768w, https:\/\/artofoculoplastics.com\/wp-content\/uploads\/2025\/05\/Ip-Aski-Uygulamasi-1-18x9.png 18w, https:\/\/artofoculoplastics.com\/wp-content\/uploads\/2025\/05\/Ip-Aski-Uygulamasi-1-600x300.png 600w\" sizes=\"(max-width: 1134px) 100vw, 1134px\" \/>\t\t\t\t\t\t\t\t\t\t\t\t\t\t\t<\/div>\n\t\t\t\t<\/div>\n\t\t\t\t<div class=\"elementor-element elementor-element-37374cd elementor-widget elementor-widget-text-editor\" data-id=\"37374cd\" data-element_type=\"widget\" data-widget_type=\"text-editor.default\">\n\t\t\t\t<div class=\"elementor-widget-container\">\n\t\t\t\t\t\t\t\t\t<p data-start=\"76\" data-end=\"97\"><strong data-start=\"331\" data-end=\"353\">Rope suspension application<\/strong>It&#039;s a non-surgical facial rejuvenation method used to lift facial tissues that have sagged and sagged due to aging. This method, particularly preferred for areas like the eye area, eyebrows, and cheeks, aims to restore facial features to a more youthful, vibrant, and symmetrical appearance.<\/p><h2 data-start=\"659\" data-end=\"677\">What is a Rope Hanger?<\/h2><p class=\"\" data-start=\"679\" data-end=\"979\">A thread lift is a procedure that lifts skin tissue using specially designed, body-compatible, and dissolvable threads placed under the skin. These threads not only create a physical lifting effect but also stimulate collagen production, resulting in long-term tightening. Using Smart Filler Around the Eyes<\/p><h3 class=\"\" data-start=\"981\" data-end=\"1018\">Thread Lift Application Around the Eyes<\/h3><p class=\"\" data-start=\"1020\" data-end=\"1139\">The eye area is one of the areas where the first signs of sagging appear, especially with age. With the thread lift method:<\/p><ul data-start=\"1141\" data-end=\"1286\"><li class=\"\" data-start=\"1141\" data-end=\"1176\"><p class=\"\" data-start=\"1143\" data-end=\"1176\"><strong data-start=\"1143\" data-end=\"1174\">Low eyebrows can be lifted<\/strong><\/p><\/li><li class=\"\" data-start=\"1177\" data-end=\"1224\"><p class=\"\" data-start=\"1179\" data-end=\"1224\"><strong data-start=\"1179\" data-end=\"1222\">Wrinkles around the eyes can be reduced<\/strong><\/p><\/li><li class=\"\" data-start=\"1225\" data-end=\"1286\"><p class=\"\" data-start=\"1227\" data-end=\"1286\"><strong data-start=\"1227\" data-end=\"1286\">A tired expression can be replaced by a more lively appearance.<\/strong><\/p><\/li><\/ul><p class=\"\" data-start=\"1288\" data-end=\"1382\">Thanks to this non-surgical method, rejuvenation around the eyes can be achieved without surgery.<\/p><h3 class=\"\" data-start=\"1384\" data-end=\"1421\">How to Apply Rope Suspension?<\/h3><p class=\"\" data-start=\"1423\" data-end=\"1856\">A thread lift is a short procedure performed under local anesthesia. Special threads are inserted into the treatment area using very fine cannulas, which lift sagging tissue. The procedure leaves the facial contours intact, and patients can usually return to their daily activities the same day. The threads are absorbed by the body over time, and their effects last longer thanks to the stimulation of collagen production.<\/p>\t\t\t\t\t\t\t\t<\/div>\n\t\t\t\t<\/div>\n\t\t\t\t<div class=\"elementor-element elementor-element-38fafa5 elementor-widget elementor-widget-image\" data-id=\"38fafa5\" data-element_type=\"widget\" data-widget_type=\"image.default\">\n\t\t\t\t<div class=\"elementor-widget-container\">\n\t\t\t\t\t\t\t\t\t\t\t\t\t\t\t<img decoding=\"async\" width=\"1134\" height=\"567\" src=\"https:\/\/artofoculoplastics.com\/wp-content\/uploads\/2025\/05\/Ip-Aski-Uygulamasi-2.png\" class=\"attachment-full size-full wp-image-7699\" alt=\"What is a Thread Lift? What are its advantages? What is the healing process?\" srcset=\"https:\/\/artofoculoplastics.com\/wp-content\/uploads\/2025\/05\/Ip-Aski-Uygulamasi-2.png 1134w, https:\/\/artofoculoplastics.com\/wp-content\/uploads\/2025\/05\/Ip-Aski-Uygulamasi-2-300x150.png 300w, https:\/\/artofoculoplastics.com\/wp-content\/uploads\/2025\/05\/Ip-Aski-Uygulamasi-2-1024x512.png 1024w, https:\/\/artofoculoplastics.com\/wp-content\/uploads\/2025\/05\/Ip-Aski-Uygulamasi-2-768x384.png 768w, https:\/\/artofoculoplastics.com\/wp-content\/uploads\/2025\/05\/Ip-Aski-Uygulamasi-2-18x9.png 18w, https:\/\/artofoculoplastics.com\/wp-content\/uploads\/2025\/05\/Ip-Aski-Uygulamasi-2-600x300.png 600w\" sizes=\"(max-width: 1134px) 100vw, 1134px\" \/>\t\t\t\t\t\t\t\t\t\t\t\t\t\t\t<\/div>\n\t\t\t\t<\/div>\n\t\t\t\t<div class=\"elementor-element elementor-element-f6aa33f elementor-widget elementor-widget-text-editor\" data-id=\"f6aa33f\" data-element_type=\"widget\" data-widget_type=\"text-editor.default\">\n\t\t\t\t<div class=\"elementor-widget-container\">\n\t\t\t\t\t\t\t\t\t<h3 class=\"\" data-start=\"1999\" data-end=\"2018\">The Healing Process<\/h3><p data-start=\"2020\" data-end=\"2241\">After the thread lift procedure, you may experience some mild swelling or bruising; however, these effects usually subside within a few days. Patients can usually return to their normal lives the same day. However, it may take 1\u20132 weeks for the full results to become apparent.<\/p><h3 class=\"\" data-start=\"2130\" data-end=\"2167\">Advantages of Rope Suspension Application<\/h3><ul><li class=\"\" data-start=\"2169\" data-end=\"2201\"><p class=\"\" data-start=\"2171\" data-end=\"2201\">Does not require surgical intervention<\/p><\/li><li class=\"\" data-start=\"2202\" data-end=\"2238\"><p class=\"\" data-start=\"2204\" data-end=\"2238\">Provides natural-looking rejuvenation<\/p><\/li><li class=\"\" data-start=\"2239\" data-end=\"2293\"><p class=\"\" data-start=\"2241\" data-end=\"2293\">It renews the skin from within by increasing collagen production.<\/p><\/li><li class=\"\" data-start=\"2294\" data-end=\"2338\"><p class=\"\" data-start=\"2296\" data-end=\"2338\">Quickly applied, short recovery time<\/p><\/li><li class=\"\" data-start=\"2339\" data-end=\"2374\"><p class=\"\" data-start=\"2341\" data-end=\"2374\">Its effect can last up to 12\u201318 months<\/p><\/li><li class=\"\" data-start=\"2375\" data-end=\"2441\"><p class=\"\" data-start=\"2377\" data-end=\"2441\">Can be repeated and supported by combined aesthetic applications<\/p><\/li><\/ul>\t\t\t\t\t\t\t\t<\/div>\n\t\t\t\t<\/div>\n\t\t\t\t<div class=\"elementor-element elementor-element-681d434 elementor-widget elementor-widget-heading\" data-id=\"681d434\" data-element_type=\"widget\" data-widget_type=\"heading.default\">\n\t\t\t\t<div class=\"elementor-widget-container\">\n\t\t\t\t\t<h3 class=\"elementor-heading-title elementor-size-default\">Frequently Asked Questions<\/h3>\t\t\t\t<\/div>\n\t\t\t\t<\/div>\n\t\t\t\t<div class=\"elementor-element elementor-element-1d9c070 elementor-widget elementor-widget-accordion\" data-id=\"1d9c070\" data-element_type=\"widget\" data-widget_type=\"accordion.default\">\n\t\t\t\t<div class=\"elementor-widget-container\">\n\t\t\t\t\t\t\t<div class=\"elementor-accordion\">\n\t\t\t\t\t\t\t<div class=\"elementor-accordion-item\">\n\t\t\t\t\t<div id=\"elementor-tab-title-3101\" class=\"elementor-tab-title\" data-tab=\"1\" role=\"button\" aria-controls=\"elementor-tab-content-3101\" aria-expanded=\"false\">\n\t\t\t\t\t\t\t\t\t\t\t\t\t<span class=\"elementor-accordion-icon elementor-accordion-icon-right\" aria-hidden=\"true\">\n\t\t\t\t\t\t\t\t\t\t\t\t\t\t\t<span class=\"elementor-accordion-icon-closed\"><svg class=\"e-font-icon-svg e-fas-plus\" viewbox=\"0 0 448 512\" xmlns=\"http:\/\/www.w3.org\/2000\/svg\"><path d=\"M416 208H272V64c0-17.67-14.33-32-32-32h-32c-17.67 0-32 14.33-32 32v144H32c-17.67 0-32 14.33-32 32v32c0 17.67 14.33 32 32 32h144v144c0 17.67 14.33 32 32 32h32c17.67 0 32-14.33 32-32V304h144c17.67 0 32-14.33 32-32v-32c0-17.67-14.33-32-32-32z\"><\/path><\/svg><\/span>\n\t\t\t\t\t\t\t\t<span class=\"elementor-accordion-icon-opened\"><svg class=\"e-font-icon-svg e-fas-minus\" viewbox=\"0 0 448 512\" xmlns=\"http:\/\/www.w3.org\/2000\/svg\"><path d=\"M416 208H32c-17.67 0-32 14.33-32 32v32c0 17.67 14.33 32 32 32h384c17.67 0 32-14.33 32-32v-32c0-17.67-14.33-32-32-32z\"><\/path><\/svg><\/span>\n\t\t\t\t\t\t\t\t\t\t\t\t\t\t<\/span>\n\t\t\t\t\t\t\t\t\t\t\t\t<a class=\"elementor-accordion-title\" tabindex=\"0\">Is the thread lift application permanent?<\/a>\n\t\t\t\t\t<\/div>\n\t\t\t\t\t<div id=\"elementor-tab-content-3101\" class=\"elementor-tab-content elementor-clearfix\" data-tab=\"1\" role=\"region\" aria-labelledby=\"elementor-tab-title-3101\"><p class=\"\" data-start=\"3909\" data-end=\"4071\">The threads are absorbed by the body over time, but because they stimulate collagen production, their effects are long-lasting. The average effect lasts 12\u201318 months.<\/p><\/div>\n\t\t\t\t<\/div>\n\t\t\t\t\t\t\t<div class=\"elementor-accordion-item\">\n\t\t\t\t\t<div id=\"elementor-tab-title-3102\" class=\"elementor-tab-title\" data-tab=\"2\" role=\"button\" aria-controls=\"elementor-tab-content-3102\" aria-expanded=\"false\">\n\t\t\t\t\t\t\t\t\t\t\t\t\t<span class=\"elementor-accordion-icon elementor-accordion-icon-right\" aria-hidden=\"true\">\n\t\t\t\t\t\t\t\t\t\t\t\t\t\t\t<span class=\"elementor-accordion-icon-closed\"><svg class=\"e-font-icon-svg e-fas-plus\" viewbox=\"0 0 448 512\" xmlns=\"http:\/\/www.w3.org\/2000\/svg\"><path d=\"M416 208H272V64c0-17.67-14.33-32-32-32h-32c-17.67 0-32 14.33-32 32v144H32c-17.67 0-32 14.33-32 32v32c0 17.67 14.33 32 32 32h144v144c0 17.67 14.33 32 32 32h32c17.67 0 32-14.33 32-32V304h144c17.67 0 32-14.33 32-32v-32c0-17.67-14.33-32-32-32z\"><\/path><\/svg><\/span>\n\t\t\t\t\t\t\t\t<span class=\"elementor-accordion-icon-opened\"><svg class=\"e-font-icon-svg e-fas-minus\" viewbox=\"0 0 448 512\" xmlns=\"http:\/\/www.w3.org\/2000\/svg\"><path d=\"M416 208H32c-17.67 0-32 14.33-32 32v32c0 17.67 14.33 32 32 32h384c17.67 0 32-14.33 32-32v-32c0-17.67-14.33-32-32-32z\"><\/path><\/svg><\/span>\n\t\t\t\t\t\t\t\t\t\t\t\t\t\t<\/span>\n\t\t\t\t\t\t\t\t\t\t\t\t<a class=\"elementor-accordion-title\" tabindex=\"0\">Is there any pain during the procedure?<\/a>\n\t\t\t\t\t<\/div>\n\t\t\t\t\t<div id=\"elementor-tab-content-3102\" class=\"elementor-tab-content elementor-clearfix\" data-tab=\"2\" role=\"region\" aria-labelledby=\"elementor-tab-title-3102\"><p class=\"\" data-start=\"2701\" data-end=\"2819\">Thread lift surgery is performed under local anesthesia and is generally painless. A slight feeling of tightness is normal after the procedure.<\/p><\/div>\n\t\t\t\t<\/div>\n\t\t\t\t\t\t\t<div class=\"elementor-accordion-item\">\n\t\t\t\t\t<div id=\"elementor-tab-title-3103\" class=\"elementor-tab-title\" data-tab=\"3\" role=\"button\" aria-controls=\"elementor-tab-content-3103\" aria-expanded=\"false\">\n\t\t\t\t\t\t\t\t\t\t\t\t\t<span class=\"elementor-accordion-icon elementor-accordion-icon-right\" aria-hidden=\"true\">\n\t\t\t\t\t\t\t\t\t\t\t\t\t\t\t<span class=\"elementor-accordion-icon-closed\"><svg class=\"e-font-icon-svg e-fas-plus\" viewbox=\"0 0 448 512\" xmlns=\"http:\/\/www.w3.org\/2000\/svg\"><path d=\"M416 208H272V64c0-17.67-14.33-32-32-32h-32c-17.67 0-32 14.33-32 32v144H32c-17.67 0-32 14.33-32 32v32c0 17.67 14.33 32 32 32h144v144c0 17.67 14.33 32 32 32h32c17.67 0 32-14.33 32-32V304h144c17.67 0 32-14.33 32-32v-32c0-17.67-14.33-32-32-32z\"><\/path><\/svg><\/span>\n\t\t\t\t\t\t\t\t<span class=\"elementor-accordion-icon-opened\"><svg class=\"e-font-icon-svg e-fas-minus\" viewbox=\"0 0 448 512\" xmlns=\"http:\/\/www.w3.org\/2000\/svg\"><path d=\"M416 208H32c-17.67 0-32 14.33-32 32v32c0 17.67 14.33 32 32 32h384c17.67 0 32-14.33 32-32v-32c0-17.67-14.33-32-32-32z\"><\/path><\/svg><\/span>\n\t\t\t\t\t\t\t\t\t\t\t\t\t\t<\/span>\n\t\t\t\t\t\t\t\t\t\t\t\t<a class=\"elementor-accordion-title\" tabindex=\"0\">Who is thread suspension suitable for?<\/a>\n\t\t\t\t\t<\/div>\n\t\t\t\t\t<div id=\"elementor-tab-content-3103\" class=\"elementor-tab-content elementor-clearfix\" data-tab=\"3\" role=\"region\" aria-labelledby=\"elementor-tab-title-3103\"><p class=\"\" data-start=\"2872\" data-end=\"3061\">It&#039;s generally suitable for people over 30 with mild to moderate sagging skin. Surgical options may be more effective for those with severe sagging or excess skin.<\/p><\/div>\n\t\t\t\t<\/div>\n\t\t\t\t\t\t\t<div class=\"elementor-accordion-item\">\n\t\t\t\t\t<div id=\"elementor-tab-title-3104\" class=\"elementor-tab-title\" data-tab=\"4\" role=\"button\" aria-controls=\"elementor-tab-content-3104\" aria-expanded=\"false\">\n\t\t\t\t\t\t\t\t\t\t\t\t\t<span class=\"elementor-accordion-icon elementor-accordion-icon-right\" aria-hidden=\"true\">\n\t\t\t\t\t\t\t\t\t\t\t\t\t\t\t<span class=\"elementor-accordion-icon-closed\"><svg class=\"e-font-icon-svg e-fas-plus\" viewbox=\"0 0 448 512\" xmlns=\"http:\/\/www.w3.org\/2000\/svg\"><path d=\"M416 208H272V64c0-17.67-14.33-32-32-32h-32c-17.67 0-32 14.33-32 32v144H32c-17.67 0-32 14.33-32 32v32c0 17.67 14.33 32 32 32h144v144c0 17.67 14.33 32 32 32h32c17.67 0 32-14.33 32-32V304h144c17.67 0 32-14.33 32-32v-32c0-17.67-14.33-32-32-32z\"><\/path><\/svg><\/span>\n\t\t\t\t\t\t\t\t<span class=\"elementor-accordion-icon-opened\"><svg class=\"e-font-icon-svg e-fas-minus\" viewbox=\"0 0 448 512\" xmlns=\"http:\/\/www.w3.org\/2000\/svg\"><path d=\"M416 208H32c-17.67 0-32 14.33-32 32v32c0 17.67 14.33 32 32 32h384c17.67 0 32-14.33 32-32v-32c0-17.67-14.33-32-32-32z\"><\/path><\/svg><\/span>\n\t\t\t\t\t\t\t\t\t\t\t\t\t\t<\/span>\n\t\t\t\t\t\t\t\t\t\t\t\t<a class=\"elementor-accordion-title\" tabindex=\"0\">What should be taken into consideration after the application?<\/a>\n\t\t\t\t\t<\/div>\n\t\t\t\t\t<div id=\"elementor-tab-content-3104\" class=\"elementor-tab-content elementor-clearfix\" data-tab=\"4\" role=\"region\" aria-labelledby=\"elementor-tab-title-3104\"><p class=\"\" data-start=\"3796\" data-end=\"3958\">It&#039;s recommended to avoid intense facial expressions and lying face down for the first few days. Massages and intense exercise should also be postponed for a while.<\/p><\/div>\n\t\t\t\t<\/div>\n\t\t\t\t\t\t\t\t<\/div>\n\t\t\t\t\t\t<\/div>\n\t\t\t\t<\/div>\n\t\t\t\t\t<\/div>\n\t\t\t\t<\/div>\n\t\t\t\t\t<\/div>\n\t\t\t\t<\/div>\n\t\t\t\t<\/div>","protected":false},"excerpt":{"rendered":"<p>\u0130p ask\u0131 uygulamas\u0131, ya\u015flanma etkisiyle gev\u015feyen ve a\u015fa\u011f\u0131ya do\u011fru sarkan y\u00fcz dokular\u0131n\u0131 yukar\u0131 ta\u015f\u0131mak i\u00e7in kullan\u0131lan, cerrahi olmayan bir y\u00fcz gen\u00e7le\u015ftirme y\u00f6ntemidir. \u00d6zellikle g\u00f6z \u00e7evresi, ka\u015f ve yanak gibi b\u00f6lgelerde tercih edilen bu y\u00f6ntem; y\u00fcz hatlar\u0131n\u0131 daha gen\u00e7, din\u00e7 ve simetrik bir g\u00f6r\u00fcn\u00fcme kavu\u015fturmay\u0131 hedefler. \u0130p Ask\u0131 Nedir? \u0130p ask\u0131, cilt alt\u0131na yerle\u015ftirilen \u00f6zel \u00fcretimli,&#8230;<\/p>","protected":false},"author":1,"featured_media":0,"parent":6528,"menu_order":0,"comment_status":"closed","ping_status":"closed","template":"","meta":{"footnotes":""},"class_list":["post-6545","page","type-page","status-publish","hentry"],"_links":{"self":[{"href":"https:\/\/artofoculoplastics.com\/en\/wp-json\/wp\/v2\/pages\/6545","targetHints":{"allow":["GET"]}}],"collection":[{"href":"https:\/\/artofoculoplastics.com\/en\/wp-json\/wp\/v2\/pages"}],"about":[{"href":"https:\/\/artofoculoplastics.com\/en\/wp-json\/wp\/v2\/types\/page"}],"author":[{"embeddable":true,"href":"https:\/\/artofoculoplastics.com\/en\/wp-json\/wp\/v2\/users\/1"}],"replies":[{"embeddable":true,"href":"https:\/\/artofoculoplastics.com\/en\/wp-json\/wp\/v2\/comments?post=6545"}],"version-history":[{"count":7,"href":"https:\/\/artofoculoplastics.com\/en\/wp-json\/wp\/v2\/pages\/6545\/revisions"}],"predecessor-version":[{"id":7705,"href":"https:\/\/artofoculoplastics.com\/en\/wp-json\/wp\/v2\/pages\/6545\/revisions\/7705"}],"up":[{"embeddable":true,"href":"https:\/\/artofoculoplastics.com\/en\/wp-json\/wp\/v2\/pages\/6528"}],"wp:attachment":[{"href":"https:\/\/artofoculoplastics.com\/en\/wp-json\/wp\/v2\/media?parent=6545"}],"curies":[{"name":"wp","href":"https:\/\/api.w.org\/{rel}","templated":true}]}}