{"id":6543,"date":"2025-04-24T11:20:49","date_gmt":"2025-04-24T08:20:49","guid":{"rendered":"https:\/\/artofoculoplastics.com\/?page_id=6543"},"modified":"2025-05-07T14:01:39","modified_gmt":"2025-05-07T11:01:39","slug":"smart-filling-application","status":"publish","type":"page","link":"https:\/\/artofoculoplastics.com\/en\/non-surgical-eyelid-and-eye-contour-aesthetic-applications\/smart-filling-application\/","title":{"rendered":"Smart Fill Application"},"content":{"rendered":"<div data-elementor-type=\"wp-page\" data-elementor-id=\"6543\" class=\"elementor elementor-6543\">\n\t\t\t\t<div class=\"elementor-element elementor-element-4d57bc0 e-flex e-con-boxed e-con e-parent\" data-id=\"4d57bc0\" data-element_type=\"container\">\n\t\t\t\t\t<div class=\"e-con-inner\">\n\t\t<div class=\"elementor-element elementor-element-ee7acac e-flex e-con-boxed e-con e-child\" data-id=\"ee7acac\" data-element_type=\"container\">\n\t\t\t\t\t<div class=\"e-con-inner\">\n\t\t\r\n\t\t<div class=\"elementor-element elementor-element-0ea5235 elementor-widget elementor-widget-image\" data-id=\"0ea5235\" data-element_type=\"widget\" data-widget_type=\"image.default\">\n\t\t\t\t<div class=\"elementor-widget-container\">\n\t\t\t\t\t\t\t\t\t\t\t\t\t\t\t<img fetchpriority=\"high\" decoding=\"async\" width=\"1134\" height=\"567\" src=\"https:\/\/artofoculoplastics.com\/wp-content\/uploads\/2025\/05\/Goz-Estetiginde-Akilli-Dolgu-1.png\" class=\"attachment-full size-full wp-image-7688\" alt=\"What is Smart Filler Application in Eye Aesthetics? Healing Process and Advantages\" srcset=\"https:\/\/artofoculoplastics.com\/wp-content\/uploads\/2025\/05\/Goz-Estetiginde-Akilli-Dolgu-1.png 1134w, https:\/\/artofoculoplastics.com\/wp-content\/uploads\/2025\/05\/Goz-Estetiginde-Akilli-Dolgu-1-300x150.png 300w, https:\/\/artofoculoplastics.com\/wp-content\/uploads\/2025\/05\/Goz-Estetiginde-Akilli-Dolgu-1-1024x512.png 1024w, https:\/\/artofoculoplastics.com\/wp-content\/uploads\/2025\/05\/Goz-Estetiginde-Akilli-Dolgu-1-768x384.png 768w, https:\/\/artofoculoplastics.com\/wp-content\/uploads\/2025\/05\/Goz-Estetiginde-Akilli-Dolgu-1-18x9.png 18w, https:\/\/artofoculoplastics.com\/wp-content\/uploads\/2025\/05\/Goz-Estetiginde-Akilli-Dolgu-1-600x300.png 600w\" sizes=\"(max-width: 1134px) 100vw, 1134px\" \/>\t\t\t\t\t\t\t\t\t\t\t\t\t\t\t<\/div>\n\t\t\t\t<\/div>\n\t\t\t\t<div class=\"elementor-element elementor-element-ebb0161 elementor-widget elementor-widget-text-editor\" data-id=\"ebb0161\" data-element_type=\"widget\" data-widget_type=\"text-editor.default\">\n\t\t\t\t<div class=\"elementor-widget-container\">\n\t\t\t\t\t\t\t\t\t<p data-start=\"76\" data-end=\"97\"><strong data-start=\"328\" data-end=\"355\">Smart fill application<\/strong>, an advanced filler method used primarily in eye contour aesthetics, not only adds volume but also improves skin quality thanks to its biologically active ingredients. Beyond traditional fillers, this technology aims for both rejuvenation and repair, effectively addressing signs of aging such as under-eye circles, hollowness, and fine wrinkles.<\/p><h2 data-start=\"750\" data-end=\"773\">What is Smart Fill?<\/h2><p class=\"\" data-start=\"775\" data-end=\"1126\">Smart filler is a specialized filler that contains hyaluronic acid but is also enriched with active ingredients such as skin-regenerating peptides, amino acids, or growth factors. This filler not only fills the void in the applied area but also initiates regenerative effects under the skin, providing long-term improvement.<\/p><h3 class=\"\" data-start=\"1128\" data-end=\"1169\">Smart Filling Use Around the Eyes<\/h3><p class=\"\" data-start=\"1171\" data-end=\"1323\">The eye area is one of the areas where signs of aging and fatigue are most noticeable. Smart filler applications are an effective solution for the following problems:<\/p><ul data-start=\"1325\" data-end=\"1474\"><li class=\"\" data-start=\"1325\" data-end=\"1363\"><p class=\"\" data-start=\"1327\" data-end=\"1363\"><strong data-start=\"1327\" data-end=\"1363\">Under-eye hollowness and bruises<\/strong><\/p><\/li><li class=\"\" data-start=\"1364\" data-end=\"1400\"><p class=\"\" data-start=\"1366\" data-end=\"1400\"><strong data-start=\"1366\" data-end=\"1400\">Fine lines and wrinkles<\/strong><\/p><\/li><li class=\"\" data-start=\"1401\" data-end=\"1440\"><p class=\"\" data-start=\"1403\" data-end=\"1440\"><strong data-start=\"1403\" data-end=\"1440\">Skin dullness and loss of elasticity<\/strong><\/p><\/li><li class=\"\" data-start=\"1441\" data-end=\"1474\"><p class=\"\" data-start=\"1443\" data-end=\"1474\"><strong data-start=\"1443\" data-end=\"1474\">Tired and old facial expression<\/strong><\/p><\/li><\/ul><p class=\"\" data-start=\"1476\" data-end=\"1576\">This treatment improves skin texture from within while giving a natural and fresh look.<\/p><h3 class=\"\" data-start=\"149\" data-end=\"191\">How to Apply Smart Fill?<\/h3><p data-start=\"193\" data-end=\"556\">Smart filler injections are performed by injecting a specially formulated filler subcutaneously using very fine needles or microcannulas. The application is typically performed in sensitive areas such as the eye area, and the depth, spread, and volume of the filler are meticulously controlled during the procedure. The filler used not only adds volume but also stimulates the skin&#039;s own regeneration processes with its bioactive ingredients. The application is quick, generally painless, and produces an immediately visible refreshing effect.<\/p>\t\t\t\t\t\t\t\t<\/div>\n\t\t\t\t<\/div>\n\t\t\t\t<div class=\"elementor-element elementor-element-22edb18 elementor-widget elementor-widget-image\" data-id=\"22edb18\" data-element_type=\"widget\" data-widget_type=\"image.default\">\n\t\t\t\t<div class=\"elementor-widget-container\">\n\t\t\t\t\t\t\t\t\t\t\t\t\t\t\t<img decoding=\"async\" width=\"1134\" height=\"567\" src=\"https:\/\/artofoculoplastics.com\/wp-content\/uploads\/2025\/05\/Goz-Estetiginde-Akilli-Dolgu-2.png\" class=\"attachment-full size-full wp-image-7689\" alt=\"What is Smart Filler Application in Eye Aesthetics? Healing Process and Advantages\" srcset=\"https:\/\/artofoculoplastics.com\/wp-content\/uploads\/2025\/05\/Goz-Estetiginde-Akilli-Dolgu-2.png 1134w, https:\/\/artofoculoplastics.com\/wp-content\/uploads\/2025\/05\/Goz-Estetiginde-Akilli-Dolgu-2-300x150.png 300w, https:\/\/artofoculoplastics.com\/wp-content\/uploads\/2025\/05\/Goz-Estetiginde-Akilli-Dolgu-2-1024x512.png 1024w, https:\/\/artofoculoplastics.com\/wp-content\/uploads\/2025\/05\/Goz-Estetiginde-Akilli-Dolgu-2-768x384.png 768w, https:\/\/artofoculoplastics.com\/wp-content\/uploads\/2025\/05\/Goz-Estetiginde-Akilli-Dolgu-2-18x9.png 18w, https:\/\/artofoculoplastics.com\/wp-content\/uploads\/2025\/05\/Goz-Estetiginde-Akilli-Dolgu-2-600x300.png 600w\" sizes=\"(max-width: 1134px) 100vw, 1134px\" \/>\t\t\t\t\t\t\t\t\t\t\t\t\t\t\t<\/div>\n\t\t\t\t<\/div>\n\t\t\t\t<div class=\"elementor-element elementor-element-6d78c34 elementor-widget elementor-widget-text-editor\" data-id=\"6d78c34\" data-element_type=\"widget\" data-widget_type=\"text-editor.default\">\n\t\t\t\t<div class=\"elementor-widget-container\">\n\t\t\t\t\t\t\t\t\t<h3 class=\"\" data-start=\"1999\" data-end=\"2018\">Recovery Time<\/h3><p class=\"\" data-start=\"2020\" data-end=\"2241\">Because smart filler is a minimally invasive procedure, recovery time is relatively short. You may experience mild redness or swelling after the procedure, but these typically subside within 1\u20132 days.<\/p><ul data-start=\"2243\" data-end=\"2406\"><li class=\"\" data-start=\"2243\" data-end=\"2287\"><p class=\"\" data-start=\"2245\" data-end=\"2287\">Ice application may be recommended after the procedure.<\/p><\/li><li class=\"\" data-start=\"2288\" data-end=\"2363\"><p class=\"\" data-start=\"2290\" data-end=\"2363\">Procedures such as make-up and skin care can usually be done after 24 hours.<\/p><\/li><li class=\"\" data-start=\"2364\" data-end=\"2406\"><p class=\"\" data-start=\"2366\" data-end=\"2406\">It may take 7\u201310 days for the full effect to set in.<\/p><\/li><\/ul><h3 class=\"\" data-start=\"2408\" data-end=\"2450\">Advantages of Smart Fill Application<\/h3><p class=\"\" data-start=\"2452\" data-end=\"3068\"><strong data-start=\"2452\" data-end=\"2481\">Double Action Technology:<\/strong> It not only has a filling effect but also a skin rejuvenation function.<\/p><p class=\"\" data-start=\"2452\" data-end=\"3068\"><strong data-start=\"2556\" data-end=\"2577\">Natural Look:<\/strong> It provides a soft and natural fullness without spoiling the facial expression.<\/p><p class=\"\" data-start=\"2452\" data-end=\"3068\"><strong data-start=\"2643\" data-end=\"2667\">Long-Term Effect:<\/strong> Thanks to the active ingredients it contains, its durability may be longer than that of classical fillers.<\/p><p class=\"\" data-start=\"2452\" data-end=\"3068\"><strong data-start=\"2765\" data-end=\"2796\">Improves Skin Quality:<\/strong> It promotes collagen production in the applied area, increasing the elasticity and brightness of the skin.<\/p><p class=\"\" data-start=\"2452\" data-end=\"3068\"><strong data-start=\"2895\" data-end=\"2913\">It is safe:<\/strong> It is formulated with clinically tested, reliable ingredients.<\/p><p class=\"\" data-start=\"2452\" data-end=\"3068\"><strong data-start=\"2984\" data-end=\"3009\">Fast and Comfortable:<\/strong> The process takes a short time and the return to social life is immediate.<\/p>\t\t\t\t\t\t\t\t<\/div>\n\t\t\t\t<\/div>\n\t\t\t\t<div class=\"elementor-element elementor-element-3b7b3ee elementor-widget elementor-widget-heading\" data-id=\"3b7b3ee\" data-element_type=\"widget\" data-widget_type=\"heading.default\">\n\t\t\t\t<div class=\"elementor-widget-container\">\n\t\t\t\t\t<h3 class=\"elementor-heading-title elementor-size-default\">Frequently Asked Questions<\/h3>\t\t\t\t<\/div>\n\t\t\t\t<\/div>\n\t\t\t\t<div class=\"elementor-element elementor-element-fff0b15 elementor-widget elementor-widget-accordion\" data-id=\"fff0b15\" data-element_type=\"widget\" data-widget_type=\"accordion.default\">\n\t\t\t\t<div class=\"elementor-widget-container\">\n\t\t\t\t\t\t\t<div class=\"elementor-accordion\">\n\t\t\t\t\t\t\t<div class=\"elementor-accordion-item\">\n\t\t\t\t\t<div id=\"elementor-tab-title-2681\" class=\"elementor-tab-title\" data-tab=\"1\" role=\"button\" aria-controls=\"elementor-tab-content-2681\" aria-expanded=\"false\">\n\t\t\t\t\t\t\t\t\t\t\t\t\t<span class=\"elementor-accordion-icon elementor-accordion-icon-right\" aria-hidden=\"true\">\n\t\t\t\t\t\t\t\t\t\t\t\t\t\t\t<span class=\"elementor-accordion-icon-closed\"><svg class=\"e-font-icon-svg e-fas-plus\" viewbox=\"0 0 448 512\" xmlns=\"http:\/\/www.w3.org\/2000\/svg\"><path d=\"M416 208H272V64c0-17.67-14.33-32-32-32h-32c-17.67 0-32 14.33-32 32v144H32c-17.67 0-32 14.33-32 32v32c0 17.67 14.33 32 32 32h144v144c0 17.67 14.33 32 32 32h32c17.67 0 32-14.33 32-32V304h144c17.67 0 32-14.33 32-32v-32c0-17.67-14.33-32-32-32z\"><\/path><\/svg><\/span>\n\t\t\t\t\t\t\t\t<span class=\"elementor-accordion-icon-opened\"><svg class=\"e-font-icon-svg e-fas-minus\" viewbox=\"0 0 448 512\" xmlns=\"http:\/\/www.w3.org\/2000\/svg\"><path d=\"M416 208H32c-17.67 0-32 14.33-32 32v32c0 17.67 14.33 32 32 32h384c17.67 0 32-14.33 32-32v-32c0-17.67-14.33-32-32-32z\"><\/path><\/svg><\/span>\n\t\t\t\t\t\t\t\t\t\t\t\t\t\t<\/span>\n\t\t\t\t\t\t\t\t\t\t\t\t<a class=\"elementor-accordion-title\" tabindex=\"0\">What is the difference between smart fill and classic fill?<\/a>\n\t\t\t\t\t<\/div>\n\t\t\t\t\t<div id=\"elementor-tab-content-2681\" class=\"elementor-tab-content elementor-clearfix\" data-tab=\"1\" role=\"region\" aria-labelledby=\"elementor-tab-title-2681\"><p class=\"\" data-start=\"3909\" data-end=\"4071\">Unlike traditional fillers, smart fillers not only add volume but also renew skin tissue thanks to the biological agents they contain. Therefore, they offer both an aesthetic and therapeutic effect.<\/p><\/div>\n\t\t\t\t<\/div>\n\t\t\t\t\t\t\t<div class=\"elementor-accordion-item\">\n\t\t\t\t\t<div id=\"elementor-tab-title-2682\" class=\"elementor-tab-title\" data-tab=\"2\" role=\"button\" aria-controls=\"elementor-tab-content-2682\" aria-expanded=\"false\">\n\t\t\t\t\t\t\t\t\t\t\t\t\t<span class=\"elementor-accordion-icon elementor-accordion-icon-right\" aria-hidden=\"true\">\n\t\t\t\t\t\t\t\t\t\t\t\t\t\t\t<span class=\"elementor-accordion-icon-closed\"><svg class=\"e-font-icon-svg e-fas-plus\" viewbox=\"0 0 448 512\" xmlns=\"http:\/\/www.w3.org\/2000\/svg\"><path d=\"M416 208H272V64c0-17.67-14.33-32-32-32h-32c-17.67 0-32 14.33-32 32v144H32c-17.67 0-32 14.33-32 32v32c0 17.67 14.33 32 32 32h144v144c0 17.67 14.33 32 32 32h32c17.67 0 32-14.33 32-32V304h144c17.67 0 32-14.33 32-32v-32c0-17.67-14.33-32-32-32z\"><\/path><\/svg><\/span>\n\t\t\t\t\t\t\t\t<span class=\"elementor-accordion-icon-opened\"><svg class=\"e-font-icon-svg e-fas-minus\" viewbox=\"0 0 448 512\" xmlns=\"http:\/\/www.w3.org\/2000\/svg\"><path d=\"M416 208H32c-17.67 0-32 14.33-32 32v32c0 17.67 14.33 32 32 32h384c17.67 0 32-14.33 32-32v-32c0-17.67-14.33-32-32-32z\"><\/path><\/svg><\/span>\n\t\t\t\t\t\t\t\t\t\t\t\t\t\t<\/span>\n\t\t\t\t\t\t\t\t\t\t\t\t<a class=\"elementor-accordion-title\" tabindex=\"0\">Is the application painful?<\/a>\n\t\t\t\t\t<\/div>\n\t\t\t\t\t<div id=\"elementor-tab-content-2682\" class=\"elementor-tab-content elementor-clearfix\" data-tab=\"2\" role=\"region\" aria-labelledby=\"elementor-tab-title-2682\"><p class=\"\" data-start=\"789\" data-end=\"1004\">No. Smart filler treatments are generally quite comfortable. There may be a slight stinging sensation during the procedure, but most patients tolerate it without needing anesthesia.<\/p><\/div>\n\t\t\t\t<\/div>\n\t\t\t\t\t\t\t<div class=\"elementor-accordion-item\">\n\t\t\t\t\t<div id=\"elementor-tab-title-2683\" class=\"elementor-tab-title\" data-tab=\"3\" role=\"button\" aria-controls=\"elementor-tab-content-2683\" aria-expanded=\"false\">\n\t\t\t\t\t\t\t\t\t\t\t\t\t<span class=\"elementor-accordion-icon elementor-accordion-icon-right\" aria-hidden=\"true\">\n\t\t\t\t\t\t\t\t\t\t\t\t\t\t\t<span class=\"elementor-accordion-icon-closed\"><svg class=\"e-font-icon-svg e-fas-plus\" viewbox=\"0 0 448 512\" xmlns=\"http:\/\/www.w3.org\/2000\/svg\"><path d=\"M416 208H272V64c0-17.67-14.33-32-32-32h-32c-17.67 0-32 14.33-32 32v144H32c-17.67 0-32 14.33-32 32v32c0 17.67 14.33 32 32 32h144v144c0 17.67 14.33 32 32 32h32c17.67 0 32-14.33 32-32V304h144c17.67 0 32-14.33 32-32v-32c0-17.67-14.33-32-32-32z\"><\/path><\/svg><\/span>\n\t\t\t\t\t\t\t\t<span class=\"elementor-accordion-icon-opened\"><svg class=\"e-font-icon-svg e-fas-minus\" viewbox=\"0 0 448 512\" xmlns=\"http:\/\/www.w3.org\/2000\/svg\"><path d=\"M416 208H32c-17.67 0-32 14.33-32 32v32c0 17.67 14.33 32 32 32h384c17.67 0 32-14.33 32-32v-32c0-17.67-14.33-32-32-32z\"><\/path><\/svg><\/span>\n\t\t\t\t\t\t\t\t\t\t\t\t\t\t<\/span>\n\t\t\t\t\t\t\t\t\t\t\t\t<a class=\"elementor-accordion-title\" tabindex=\"0\">How long does the effect last?<\/a>\n\t\t\t\t\t<\/div>\n\t\t\t\t\t<div id=\"elementor-tab-content-2683\" class=\"elementor-tab-content elementor-clearfix\" data-tab=\"3\" role=\"region\" aria-labelledby=\"elementor-tab-title-2683\"><p class=\"\" data-start=\"1058\" data-end=\"1157\">While the effects vary depending on a person&#039;s age, skin type, and lifestyle, they can last an average of 9\u201318 months. Over time, the body naturally metabolizes the filler.<\/p><\/div>\n\t\t\t\t<\/div>\n\t\t\t\t\t\t\t<div class=\"elementor-accordion-item\">\n\t\t\t\t\t<div id=\"elementor-tab-title-2684\" class=\"elementor-tab-title\" data-tab=\"4\" role=\"button\" aria-controls=\"elementor-tab-content-2684\" aria-expanded=\"false\">\n\t\t\t\t\t\t\t\t\t\t\t\t\t<span class=\"elementor-accordion-icon elementor-accordion-icon-right\" aria-hidden=\"true\">\n\t\t\t\t\t\t\t\t\t\t\t\t\t\t\t<span class=\"elementor-accordion-icon-closed\"><svg class=\"e-font-icon-svg e-fas-plus\" viewbox=\"0 0 448 512\" xmlns=\"http:\/\/www.w3.org\/2000\/svg\"><path d=\"M416 208H272V64c0-17.67-14.33-32-32-32h-32c-17.67 0-32 14.33-32 32v144H32c-17.67 0-32 14.33-32 32v32c0 17.67 14.33 32 32 32h144v144c0 17.67 14.33 32 32 32h32c17.67 0 32-14.33 32-32V304h144c17.67 0 32-14.33 32-32v-32c0-17.67-14.33-32-32-32z\"><\/path><\/svg><\/span>\n\t\t\t\t\t\t\t\t<span class=\"elementor-accordion-icon-opened\"><svg class=\"e-font-icon-svg e-fas-minus\" viewbox=\"0 0 448 512\" xmlns=\"http:\/\/www.w3.org\/2000\/svg\"><path d=\"M416 208H32c-17.67 0-32 14.33-32 32v32c0 17.67 14.33 32 32 32h384c17.67 0 32-14.33 32-32v-32c0-17.67-14.33-32-32-32z\"><\/path><\/svg><\/span>\n\t\t\t\t\t\t\t\t\t\t\t\t\t\t<\/span>\n\t\t\t\t\t\t\t\t\t\t\t\t<a class=\"elementor-accordion-title\" tabindex=\"0\">Is there a risk of side effects?<\/a>\n\t\t\t\t\t<\/div>\n\t\t\t\t\t<div id=\"elementor-tab-content-2684\" class=\"elementor-tab-content elementor-clearfix\" data-tab=\"4\" role=\"region\" aria-labelledby=\"elementor-tab-title-2684\"><p class=\"\" data-start=\"3796\" data-end=\"3958\">Temporary effects such as mild swelling, redness, or bruising may occur. Serious side effects are rare and generally minimal when performed by an experienced physician.<\/p><\/div>\n\t\t\t\t<\/div>\n\t\t\t\t\t\t\t<div class=\"elementor-accordion-item\">\n\t\t\t\t\t<div id=\"elementor-tab-title-2685\" class=\"elementor-tab-title\" data-tab=\"5\" role=\"button\" aria-controls=\"elementor-tab-content-2685\" aria-expanded=\"false\">\n\t\t\t\t\t\t\t\t\t\t\t\t\t<span class=\"elementor-accordion-icon elementor-accordion-icon-right\" aria-hidden=\"true\">\n\t\t\t\t\t\t\t\t\t\t\t\t\t\t\t<span class=\"elementor-accordion-icon-closed\"><svg class=\"e-font-icon-svg e-fas-plus\" viewbox=\"0 0 448 512\" xmlns=\"http:\/\/www.w3.org\/2000\/svg\"><path d=\"M416 208H272V64c0-17.67-14.33-32-32-32h-32c-17.67 0-32 14.33-32 32v144H32c-17.67 0-32 14.33-32 32v32c0 17.67 14.33 32 32 32h144v144c0 17.67 14.33 32 32 32h32c17.67 0 32-14.33 32-32V304h144c17.67 0 32-14.33 32-32v-32c0-17.67-14.33-32-32-32z\"><\/path><\/svg><\/span>\n\t\t\t\t\t\t\t\t<span class=\"elementor-accordion-icon-opened\"><svg class=\"e-font-icon-svg e-fas-minus\" viewbox=\"0 0 448 512\" xmlns=\"http:\/\/www.w3.org\/2000\/svg\"><path d=\"M416 208H32c-17.67 0-32 14.33-32 32v32c0 17.67 14.33 32 32 32h384c17.67 0 32-14.33 32-32v-32c0-17.67-14.33-32-32-32z\"><\/path><\/svg><\/span>\n\t\t\t\t\t\t\t\t\t\t\t\t\t\t<\/span>\n\t\t\t\t\t\t\t\t\t\t\t\t<a class=\"elementor-accordion-title\" tabindex=\"0\">Can smart filling be applied to everyone?<\/a>\n\t\t\t\t\t<\/div>\n\t\t\t\t\t<div id=\"elementor-tab-content-2685\" class=\"elementor-tab-content elementor-clearfix\" data-tab=\"5\" role=\"region\" aria-labelledby=\"elementor-tab-title-2685\"><p class=\"\" data-start=\"1929\" data-end=\"2035\">Individuals who are pregnant, breastfeeding, have active skin infections or autoimmune diseases should be evaluated by a doctor before use.<\/p><\/div>\n\t\t\t\t<\/div>\n\t\t\t\t\t\t\t\t<\/div>\n\t\t\t\t\t\t<\/div>\n\t\t\t\t<\/div>\n\t\t\t\t\t<\/div>\n\t\t\t\t<\/div>\n\t\t\t\t\t<\/div>\n\t\t\t\t<\/div>\n\t\t\t\t<\/div>","protected":false},"excerpt":{"rendered":"<p>Ak\u0131ll\u0131 dolgu uygulamas\u0131, \u00f6zellikle g\u00f6z \u00e7evresi esteti\u011finde kullan\u0131lan, i\u00e7eri\u011findeki biyolojik yap\u0131 sayesinde yaln\u0131zca hacim kazand\u0131rmakla kalmay\u0131p cilt kalitesini de iyile\u015ftiren geli\u015fmi\u015f bir dolgu y\u00f6ntemidir. Klasik dolgular\u0131n \u00f6tesinde, hem gen\u00e7le\u015ftirme hem de onar\u0131m hedefleyen bu teknoloji sayesinde, g\u00f6z alt\u0131 morluklar\u0131, \u00e7\u00f6k\u00fckl\u00fck ve ince k\u0131r\u0131\u015f\u0131kl\u0131klar gibi ya\u015flanma belirtileri etkili \u015fekilde giderilebilmektedir. Ak\u0131ll\u0131 Dolgu Nedir? Ak\u0131ll\u0131 dolgu; hyaluronik&#8230;<\/p>","protected":false},"author":1,"featured_media":0,"parent":6528,"menu_order":0,"comment_status":"closed","ping_status":"closed","template":"","meta":{"footnotes":""},"class_list":["post-6543","page","type-page","status-publish","hentry"],"_links":{"self":[{"href":"https:\/\/artofoculoplastics.com\/en\/wp-json\/wp\/v2\/pages\/6543","targetHints":{"allow":["GET"]}}],"collection":[{"href":"https:\/\/artofoculoplastics.com\/en\/wp-json\/wp\/v2\/pages"}],"about":[{"href":"https:\/\/artofoculoplastics.com\/en\/wp-json\/wp\/v2\/types\/page"}],"author":[{"embeddable":true,"href":"https:\/\/artofoculoplastics.com\/en\/wp-json\/wp\/v2\/users\/1"}],"replies":[{"embeddable":true,"href":"https:\/\/artofoculoplastics.com\/en\/wp-json\/wp\/v2\/comments?post=6543"}],"version-history":[{"count":7,"href":"https:\/\/artofoculoplastics.com\/en\/wp-json\/wp\/v2\/pages\/6543\/revisions"}],"predecessor-version":[{"id":7696,"href":"https:\/\/artofoculoplastics.com\/en\/wp-json\/wp\/v2\/pages\/6543\/revisions\/7696"}],"up":[{"embeddable":true,"href":"https:\/\/artofoculoplastics.com\/en\/wp-json\/wp\/v2\/pages\/6528"}],"wp:attachment":[{"href":"https:\/\/artofoculoplastics.com\/en\/wp-json\/wp\/v2\/media?parent=6543"}],"curies":[{"name":"wp","href":"https:\/\/api.w.org\/{rel}","templated":true}]}}