{"id":6539,"date":"2025-04-24T11:18:58","date_gmt":"2025-04-24T08:18:58","guid":{"rendered":"https:\/\/artofoculoplastics.com\/?page_id=6539"},"modified":"2025-05-07T13:52:09","modified_gmt":"2025-05-07T10:52:09","slug":"prp-treatment-platelet-rich-plasma","status":"publish","type":"page","link":"https:\/\/artofoculoplastics.com\/en\/non-surgical-eyelid-and-eye-contour-aesthetic-applications\/prp-treatment-platelet-rich-plasma\/","title":{"rendered":"PRP Treatment | Platelet Rich Plasma"},"content":{"rendered":"<div data-elementor-type=\"wp-page\" data-elementor-id=\"6539\" class=\"elementor elementor-6539\">\n\t\t\t\t<div class=\"elementor-element elementor-element-eaf2cec e-flex e-con-boxed e-con e-parent\" data-id=\"eaf2cec\" data-element_type=\"container\">\n\t\t\t\t\t<div class=\"e-con-inner\">\n\t\t<div class=\"elementor-element elementor-element-3f5b24a e-flex e-con-boxed e-con e-child\" data-id=\"3f5b24a\" data-element_type=\"container\">\n\t\t\t\t\t<div class=\"e-con-inner\">\n\t\t\r\n\t\t<div class=\"elementor-element elementor-element-9504468 elementor-widget elementor-widget-image\" data-id=\"9504468\" data-element_type=\"widget\" data-widget_type=\"image.default\">\n\t\t\t\t<div class=\"elementor-widget-container\">\n\t\t\t\t\t\t\t\t\t\t\t\t\t\t\t<img fetchpriority=\"high\" decoding=\"async\" width=\"1134\" height=\"567\" src=\"https:\/\/artofoculoplastics.com\/wp-content\/uploads\/2025\/05\/PRP-Tedavisi-Nedir-1.png\" class=\"attachment-full size-full wp-image-7679\" alt=\"What is PRP Treatment?\" srcset=\"https:\/\/artofoculoplastics.com\/wp-content\/uploads\/2025\/05\/PRP-Tedavisi-Nedir-1.png 1134w, https:\/\/artofoculoplastics.com\/wp-content\/uploads\/2025\/05\/PRP-Tedavisi-Nedir-1-300x150.png 300w, https:\/\/artofoculoplastics.com\/wp-content\/uploads\/2025\/05\/PRP-Tedavisi-Nedir-1-1024x512.png 1024w, https:\/\/artofoculoplastics.com\/wp-content\/uploads\/2025\/05\/PRP-Tedavisi-Nedir-1-768x384.png 768w, https:\/\/artofoculoplastics.com\/wp-content\/uploads\/2025\/05\/PRP-Tedavisi-Nedir-1-18x9.png 18w, https:\/\/artofoculoplastics.com\/wp-content\/uploads\/2025\/05\/PRP-Tedavisi-Nedir-1-600x300.png 600w\" sizes=\"(max-width: 1134px) 100vw, 1134px\" \/>\t\t\t\t\t\t\t\t\t\t\t\t\t\t\t<\/div>\n\t\t\t\t<\/div>\n\t\t\t\t<div class=\"elementor-element elementor-element-6cf9118 elementor-widget elementor-widget-text-editor\" data-id=\"6cf9118\" data-element_type=\"widget\" data-widget_type=\"text-editor.default\">\n\t\t\t\t<div class=\"elementor-widget-container\">\n\t\t\t\t\t\t\t\t\t<p data-start=\"76\" data-end=\"97\"><strong data-start=\"348\" data-end=\"420\">PRP (Platelet Rich Plasma) therapy<\/strong>PRP is a modern biological treatment method that uses the body&#039;s own healing power to repair tissue. PRP therapy, increasingly used in eye diseases, offers promising results, particularly in dry eye, corneal injuries, and some retinal disorders.<\/p><h2 data-start=\"727\" data-end=\"750\">What is PRP Treatment?<\/h2><p class=\"\" data-start=\"752\" data-end=\"1065\">PRP is a plasma fluid obtained from the patient&#039;s own blood through specialized processes and containing a high concentration of growth factors. This fluid is rich in platelets, which promote healing. When applied to diseased or damaged tissue, the prepared PRP helps initiate the body&#039;s natural healing process.<\/p><h2 data-start=\"1067\" data-end=\"1104\">Use of PRP in Eye Diseases<\/h2><p class=\"\" data-start=\"1106\" data-end=\"1197\">In the field of eye health, PRP is used as a supportive treatment in the following cases:<\/p><ul data-start=\"1199\" data-end=\"1690\"><li class=\"\" data-start=\"1199\" data-end=\"1327\"><p class=\"\" data-start=\"1201\" data-end=\"1327\"><strong data-start=\"1201\" data-end=\"1223\"><a href=\"https:\/\/artofoculoplastics.com\/en\/non-surgical-eyelid-and-eye-contour-aesthetic-applications\/dry-eye-treatment\/\">Dry Eye Syndrome<\/a>:<\/strong> It can increase moisture by stimulating the tear glands, especially in patients who do not respond to classical treatments.<\/p><\/li><li class=\"\" data-start=\"1328\" data-end=\"1455\"><p class=\"\" data-start=\"1330\" data-end=\"1455\"><strong data-start=\"1330\" data-end=\"1368\">Corneal Injuries and Ulcers:<\/strong> It can shorten the healing time by supporting cell regeneration in the corneal layer.<\/p><\/li><li class=\"\" data-start=\"1456\" data-end=\"1585\"><p class=\"\" data-start=\"1458\" data-end=\"1585\"><strong data-start=\"1458\" data-end=\"1482\">Retinal Diseases:<\/strong> In conditions such as diabetic retinopathy, PRP injections may have a triggering effect on tissue repair.<\/p><\/li><li class=\"\" data-start=\"1586\" data-end=\"1690\"><p class=\"\" data-start=\"1588\" data-end=\"1690\"><strong data-start=\"1588\" data-end=\"1617\">After Eye Surgery:<\/strong> It may contribute to faster recovery of tissues after surgery.<\/p><\/li><\/ul><h3 class=\"\" data-start=\"1692\" data-end=\"1725\">How is PRP Treatment Applied?<\/h3><p class=\"\" data-start=\"1727\" data-end=\"1813\">The treatment process is very safe because PRP is prepared entirely from the patient&#039;s own blood:<\/p><ol data-start=\"1815\" data-end=\"2106\"><li class=\"\" data-start=\"1815\" data-end=\"1870\"><p class=\"\" data-start=\"1818\" data-end=\"1870\"><strong data-start=\"1818\" data-end=\"1832\">Blood Collection:<\/strong> A small amount of blood is taken from the patient.<\/p><\/li><li class=\"\" data-start=\"1871\" data-end=\"1978\"><p class=\"\" data-start=\"1874\" data-end=\"1978\"><strong data-start=\"1874\" data-end=\"1895\">Centrifugation Process:<\/strong> The collected blood is separated in a special device and platelet-rich plasma is obtained.<\/p><\/li><li class=\"\" data-start=\"1979\" data-end=\"2106\"><p class=\"\" data-start=\"1982\" data-end=\"2106\"><strong data-start=\"1982\" data-end=\"1995\">APPLICATION:<\/strong> The prepared PRP can be applied as eye drops or, in special cases, can be administered into the eye by injection.<\/p><\/li><\/ol>\t\t\t\t\t\t\t\t<\/div>\n\t\t\t\t<\/div>\n\t\t\t\t<div class=\"elementor-element elementor-element-6e66d32 elementor-widget elementor-widget-image\" data-id=\"6e66d32\" data-element_type=\"widget\" data-widget_type=\"image.default\">\n\t\t\t\t<div class=\"elementor-widget-container\">\n\t\t\t\t\t\t\t\t\t\t\t\t\t\t\t<img decoding=\"async\" width=\"1134\" height=\"567\" src=\"https:\/\/artofoculoplastics.com\/wp-content\/uploads\/2025\/05\/PRP-Tedavisi-Nedir-2.png\" class=\"attachment-full size-full wp-image-7680\" alt=\"What is PRP Treatment?\" srcset=\"https:\/\/artofoculoplastics.com\/wp-content\/uploads\/2025\/05\/PRP-Tedavisi-Nedir-2.png 1134w, https:\/\/artofoculoplastics.com\/wp-content\/uploads\/2025\/05\/PRP-Tedavisi-Nedir-2-300x150.png 300w, https:\/\/artofoculoplastics.com\/wp-content\/uploads\/2025\/05\/PRP-Tedavisi-Nedir-2-1024x512.png 1024w, https:\/\/artofoculoplastics.com\/wp-content\/uploads\/2025\/05\/PRP-Tedavisi-Nedir-2-768x384.png 768w, https:\/\/artofoculoplastics.com\/wp-content\/uploads\/2025\/05\/PRP-Tedavisi-Nedir-2-18x9.png 18w, https:\/\/artofoculoplastics.com\/wp-content\/uploads\/2025\/05\/PRP-Tedavisi-Nedir-2-600x300.png 600w\" sizes=\"(max-width: 1134px) 100vw, 1134px\" \/>\t\t\t\t\t\t\t\t\t\t\t\t\t\t\t<\/div>\n\t\t\t\t<\/div>\n\t\t\t\t<div class=\"elementor-element elementor-element-3d76ba7 elementor-widget elementor-widget-text-editor\" data-id=\"3d76ba7\" data-element_type=\"widget\" data-widget_type=\"text-editor.default\">\n\t\t\t\t<div class=\"elementor-widget-container\">\n\t\t\t\t\t\t\t\t\t<h3 class=\"\" data-start=\"2108\" data-end=\"2136\">Is PRP Treatment Safe?<\/h3><p>Because PRP treatment uses the patient&#039;s own blood, the risk of allergy or infection is extremely low. However, as with any medical procedure, PRP treatment should be evaluated by an ophthalmologist.<\/p><p>You may experience some mild bruising or swelling after treatment, but these effects will disappear within a few days. Because mesotherapy treatments are generally minimally invasive, they don&#039;t interfere with your daily life, and you can continue your social life.<\/p><p class=\"\" data-start=\"2365\" data-end=\"2443\">Following mesotherapy treatment, several important precautions must be taken:<\/p><ul data-start=\"2444\" data-end=\"2705\"><li class=\"\" data-start=\"2444\" data-end=\"2503\"><p class=\"\" data-start=\"2446\" data-end=\"2503\">The treatment area should not be touched for the first 24 hours.<\/p><\/li><li class=\"\" data-start=\"2504\" data-end=\"2557\"><p class=\"\" data-start=\"2506\" data-end=\"2557\">Extremely hot or cold environments should be avoided.<\/p><\/li><li class=\"\" data-start=\"2558\" data-end=\"2604\"><p class=\"\" data-start=\"2560\" data-end=\"2604\">Makeup is generally not recommended.<\/p><\/li><li class=\"\" data-start=\"2605\" data-end=\"2705\"><p class=\"\" data-start=\"2607\" data-end=\"2705\">Direct exposure to the sun should be avoided and sunscreen with a high protection factor should be used.<\/p><\/li><\/ul><h3 class=\"\" data-start=\"158\" data-end=\"177\">Recovery Time<\/h3><p class=\"\" data-start=\"179\" data-end=\"421\">Recovery time for PRP treatment can vary depending on the eye condition being treated and the patient&#039;s overall health. However, patients generally begin to feel positive effects within the first few days after treatment.<\/p><ul data-start=\"423\" data-end=\"687\"><li class=\"\" data-start=\"423\" data-end=\"514\"><p class=\"\" data-start=\"425\" data-end=\"514\"><strong data-start=\"425\" data-end=\"461\">Superficial problems such as dry eyes<\/strong>, improvement usually becomes apparent within 1\u20132 weeks.<\/p><\/li><li class=\"\" data-start=\"515\" data-end=\"591\"><p class=\"\" data-start=\"517\" data-end=\"591\"><strong data-start=\"517\" data-end=\"540\">Corneal damage<\/strong>It may take 2\u20134 weeks for the tissues to fully repair.<\/p><\/li><li class=\"\" data-start=\"592\" data-end=\"687\"><p class=\"\" data-start=\"594\" data-end=\"687\"><strong data-start=\"594\" data-end=\"639\">When applied to deep tissues such as the retina<\/strong>, it may take a few weeks to see results.<\/p><\/li><\/ul><p class=\"\" data-start=\"689\" data-end=\"903\">Because PRP treatment follows a more natural process than traditional treatments, patience may be required. However, because its effects are permanent and develop without damaging the tissues, these times are generally acceptable.<\/p><h3 class=\"\" data-start=\"905\" data-end=\"936\">Advantages of PRP Treatment<\/h3><p class=\"\" data-start=\"160\" data-end=\"367\"><strong data-start=\"160\" data-end=\"208\">It is a natural and biological treatment method:<\/strong><br data-start=\"208\" data-end=\"211\" \/>Because PRP is derived entirely from the patient&#039;s own blood, no foreign substances are introduced into the body. This makes the treatment both natural and biocompatible.<\/p><p class=\"\" data-start=\"369\" data-end=\"529\"><strong data-start=\"369\" data-end=\"410\">Low risk of allergies and side effects:<\/strong><br data-start=\"410\" data-end=\"413\" \/>Since no synthetic drugs or external products are used, immune system reactions are extremely rare.<\/p><p class=\"\" data-start=\"531\" data-end=\"697\"><strong data-start=\"531\" data-end=\"567\">Supports tissue regeneration:<\/strong><br data-start=\"567\" data-end=\"570\" \/>Because PRP contains a high concentration of growth factors, it can accelerate the repair process of damaged or weakened tissues.<\/p><p class=\"\" data-start=\"699\" data-end=\"888\"><strong data-start=\"699\" data-end=\"764\">It can be an alternative in chronic and resistant diseases:<\/strong><br data-start=\"764\" data-end=\"767\" \/>It can be an effective option, especially in cases such as dry eye syndrome, which are long-term and do not respond to classical treatments.<\/p><p class=\"\" data-start=\"890\" data-end=\"1113\"><strong data-start=\"890\" data-end=\"944\">It is a non-surgical and minimally invasive method:<\/strong><br data-start=\"944\" data-end=\"947\" \/>PRP treatments are usually administered through simple injections or drops, allowing patients to quickly return to their daily lives after treatment.<\/p><p class=\"\" data-start=\"1115\" data-end=\"1305\"><strong data-start=\"1115\" data-end=\"1153\">The clinical process is easy and quick:<\/strong><br data-start=\"1153\" data-end=\"1156\" \/>The blood draw and PRP preparation process are completed quickly. The application can usually be done in a single session, and repeat sessions can be scheduled as needed.<\/p>\t\t\t\t\t\t\t\t<\/div>\n\t\t\t\t<\/div>\n\t\t\t\t<div class=\"elementor-element elementor-element-cb94a33 elementor-widget elementor-widget-heading\" data-id=\"cb94a33\" data-element_type=\"widget\" data-widget_type=\"heading.default\">\n\t\t\t\t<div class=\"elementor-widget-container\">\n\t\t\t\t\t<h3 class=\"elementor-heading-title elementor-size-default\">Frequently Asked Questions<\/h3>\t\t\t\t<\/div>\n\t\t\t\t<\/div>\n\t\t\t\t<div class=\"elementor-element elementor-element-55362f4 elementor-widget elementor-widget-accordion\" data-id=\"55362f4\" data-element_type=\"widget\" data-widget_type=\"accordion.default\">\n\t\t\t\t<div class=\"elementor-widget-container\">\n\t\t\t\t\t\t\t<div class=\"elementor-accordion\">\n\t\t\t\t\t\t\t<div class=\"elementor-accordion-item\">\n\t\t\t\t\t<div id=\"elementor-tab-title-8931\" class=\"elementor-tab-title\" data-tab=\"1\" role=\"button\" aria-controls=\"elementor-tab-content-8931\" aria-expanded=\"false\">\n\t\t\t\t\t\t\t\t\t\t\t\t\t<span class=\"elementor-accordion-icon elementor-accordion-icon-right\" aria-hidden=\"true\">\n\t\t\t\t\t\t\t\t\t\t\t\t\t\t\t<span class=\"elementor-accordion-icon-closed\"><svg class=\"e-font-icon-svg e-fas-plus\" viewbox=\"0 0 448 512\" xmlns=\"http:\/\/www.w3.org\/2000\/svg\"><path d=\"M416 208H272V64c0-17.67-14.33-32-32-32h-32c-17.67 0-32 14.33-32 32v144H32c-17.67 0-32 14.33-32 32v32c0 17.67 14.33 32 32 32h144v144c0 17.67 14.33 32 32 32h32c17.67 0 32-14.33 32-32V304h144c17.67 0 32-14.33 32-32v-32c0-17.67-14.33-32-32-32z\"><\/path><\/svg><\/span>\n\t\t\t\t\t\t\t\t<span class=\"elementor-accordion-icon-opened\"><svg class=\"e-font-icon-svg e-fas-minus\" viewbox=\"0 0 448 512\" xmlns=\"http:\/\/www.w3.org\/2000\/svg\"><path d=\"M416 208H32c-17.67 0-32 14.33-32 32v32c0 17.67 14.33 32 32 32h384c17.67 0 32-14.33 32-32v-32c0-17.67-14.33-32-32-32z\"><\/path><\/svg><\/span>\n\t\t\t\t\t\t\t\t\t\t\t\t\t\t<\/span>\n\t\t\t\t\t\t\t\t\t\t\t\t<a class=\"elementor-accordion-title\" tabindex=\"0\">Is PRP treatment safe for the eyes?<\/a>\n\t\t\t\t\t<\/div>\n\t\t\t\t\t<div id=\"elementor-tab-content-8931\" class=\"elementor-tab-content elementor-clearfix\" data-tab=\"1\" role=\"region\" aria-labelledby=\"elementor-tab-title-8931\"><p class=\"\" data-start=\"3909\" data-end=\"4071\">Yes, PRP treatment is a safe method when administered by eye care specialists. Because the material is derived from the patient&#039;s own blood, the risk of allergy or contamination is extremely low.<\/p><\/div>\n\t\t\t\t<\/div>\n\t\t\t\t\t\t\t<div class=\"elementor-accordion-item\">\n\t\t\t\t\t<div id=\"elementor-tab-title-8932\" class=\"elementor-tab-title\" data-tab=\"2\" role=\"button\" aria-controls=\"elementor-tab-content-8932\" aria-expanded=\"false\">\n\t\t\t\t\t\t\t\t\t\t\t\t\t<span class=\"elementor-accordion-icon elementor-accordion-icon-right\" aria-hidden=\"true\">\n\t\t\t\t\t\t\t\t\t\t\t\t\t\t\t<span class=\"elementor-accordion-icon-closed\"><svg class=\"e-font-icon-svg e-fas-plus\" viewbox=\"0 0 448 512\" xmlns=\"http:\/\/www.w3.org\/2000\/svg\"><path d=\"M416 208H272V64c0-17.67-14.33-32-32-32h-32c-17.67 0-32 14.33-32 32v144H32c-17.67 0-32 14.33-32 32v32c0 17.67 14.33 32 32 32h144v144c0 17.67 14.33 32 32 32h32c17.67 0 32-14.33 32-32V304h144c17.67 0 32-14.33 32-32v-32c0-17.67-14.33-32-32-32z\"><\/path><\/svg><\/span>\n\t\t\t\t\t\t\t\t<span class=\"elementor-accordion-icon-opened\"><svg class=\"e-font-icon-svg e-fas-minus\" viewbox=\"0 0 448 512\" xmlns=\"http:\/\/www.w3.org\/2000\/svg\"><path d=\"M416 208H32c-17.67 0-32 14.33-32 32v32c0 17.67 14.33 32 32 32h384c17.67 0 32-14.33 32-32v-32c0-17.67-14.33-32-32-32z\"><\/path><\/svg><\/span>\n\t\t\t\t\t\t\t\t\t\t\t\t\t\t<\/span>\n\t\t\t\t\t\t\t\t\t\t\t\t<a class=\"elementor-accordion-title\" tabindex=\"0\">How to prepare PRP eye drops?<\/a>\n\t\t\t\t\t<\/div>\n\t\t\t\t\t<div id=\"elementor-tab-content-8932\" class=\"elementor-tab-content elementor-clearfix\" data-tab=\"2\" role=\"region\" aria-labelledby=\"elementor-tab-title-8932\"><p class=\"\" data-start=\"789\" data-end=\"1004\">Blood drawn from the patient is centrifuged using specialized equipment to separate plasma and platelets. The resulting platelet-rich plasma is then processed under sterile conditions into eye drops and prepared specifically for the patient.<\/p><\/div>\n\t\t\t\t<\/div>\n\t\t\t\t\t\t\t<div class=\"elementor-accordion-item\">\n\t\t\t\t\t<div id=\"elementor-tab-title-8933\" class=\"elementor-tab-title\" data-tab=\"3\" role=\"button\" aria-controls=\"elementor-tab-content-8933\" aria-expanded=\"false\">\n\t\t\t\t\t\t\t\t\t\t\t\t\t<span class=\"elementor-accordion-icon elementor-accordion-icon-right\" aria-hidden=\"true\">\n\t\t\t\t\t\t\t\t\t\t\t\t\t\t\t<span class=\"elementor-accordion-icon-closed\"><svg class=\"e-font-icon-svg e-fas-plus\" viewbox=\"0 0 448 512\" xmlns=\"http:\/\/www.w3.org\/2000\/svg\"><path d=\"M416 208H272V64c0-17.67-14.33-32-32-32h-32c-17.67 0-32 14.33-32 32v144H32c-17.67 0-32 14.33-32 32v32c0 17.67 14.33 32 32 32h144v144c0 17.67 14.33 32 32 32h32c17.67 0 32-14.33 32-32V304h144c17.67 0 32-14.33 32-32v-32c0-17.67-14.33-32-32-32z\"><\/path><\/svg><\/span>\n\t\t\t\t\t\t\t\t<span class=\"elementor-accordion-icon-opened\"><svg class=\"e-font-icon-svg e-fas-minus\" viewbox=\"0 0 448 512\" xmlns=\"http:\/\/www.w3.org\/2000\/svg\"><path d=\"M416 208H32c-17.67 0-32 14.33-32 32v32c0 17.67 14.33 32 32 32h384c17.67 0 32-14.33 32-32v-32c0-17.67-14.33-32-32-32z\"><\/path><\/svg><\/span>\n\t\t\t\t\t\t\t\t\t\t\t\t\t\t<\/span>\n\t\t\t\t\t\t\t\t\t\t\t\t<a class=\"elementor-accordion-title\" tabindex=\"0\">How many sessions of PRP treatment are applied?<\/a>\n\t\t\t\t\t<\/div>\n\t\t\t\t\t<div id=\"elementor-tab-content-8933\" class=\"elementor-tab-content elementor-clearfix\" data-tab=\"3\" role=\"region\" aria-labelledby=\"elementor-tab-title-8933\"><p class=\"\" data-start=\"1058\" data-end=\"1157\">Treatment duration may vary depending on the type and severity of the condition. In some cases, a single session may be sufficient, while chronic conditions may require three to four sessions. Session intervals are generally determined by the doctor&#039;s evaluation.<\/p><\/div>\n\t\t\t\t<\/div>\n\t\t\t\t\t\t\t<div class=\"elementor-accordion-item\">\n\t\t\t\t\t<div id=\"elementor-tab-title-8934\" class=\"elementor-tab-title\" data-tab=\"4\" role=\"button\" aria-controls=\"elementor-tab-content-8934\" aria-expanded=\"false\">\n\t\t\t\t\t\t\t\t\t\t\t\t\t<span class=\"elementor-accordion-icon elementor-accordion-icon-right\" aria-hidden=\"true\">\n\t\t\t\t\t\t\t\t\t\t\t\t\t\t\t<span class=\"elementor-accordion-icon-closed\"><svg class=\"e-font-icon-svg e-fas-plus\" viewbox=\"0 0 448 512\" xmlns=\"http:\/\/www.w3.org\/2000\/svg\"><path d=\"M416 208H272V64c0-17.67-14.33-32-32-32h-32c-17.67 0-32 14.33-32 32v144H32c-17.67 0-32 14.33-32 32v32c0 17.67 14.33 32 32 32h144v144c0 17.67 14.33 32 32 32h32c17.67 0 32-14.33 32-32V304h144c17.67 0 32-14.33 32-32v-32c0-17.67-14.33-32-32-32z\"><\/path><\/svg><\/span>\n\t\t\t\t\t\t\t\t<span class=\"elementor-accordion-icon-opened\"><svg class=\"e-font-icon-svg e-fas-minus\" viewbox=\"0 0 448 512\" xmlns=\"http:\/\/www.w3.org\/2000\/svg\"><path d=\"M416 208H32c-17.67 0-32 14.33-32 32v32c0 17.67 14.33 32 32 32h384c17.67 0 32-14.33 32-32v-32c0-17.67-14.33-32-32-32z\"><\/path><\/svg><\/span>\n\t\t\t\t\t\t\t\t\t\t\t\t\t\t<\/span>\n\t\t\t\t\t\t\t\t\t\t\t\t<a class=\"elementor-accordion-title\" tabindex=\"0\">When will the effects of PRP treatment be seen?<\/a>\n\t\t\t\t\t<\/div>\n\t\t\t\t\t<div id=\"elementor-tab-content-8934\" class=\"elementor-tab-content elementor-clearfix\" data-tab=\"4\" role=\"region\" aria-labelledby=\"elementor-tab-title-8934\"><p class=\"\" data-start=\"4572\" data-end=\"4669\">Signs of improvement typically begin within the first few days after treatment. However, it may take several weeks for the full effects to appear. The duration may vary depending on the type of illness and the patient&#039;s ability to heal.<\/p><\/div>\n\t\t\t\t<\/div>\n\t\t\t\t\t\t\t<div class=\"elementor-accordion-item\">\n\t\t\t\t\t<div id=\"elementor-tab-title-8935\" class=\"elementor-tab-title\" data-tab=\"5\" role=\"button\" aria-controls=\"elementor-tab-content-8935\" aria-expanded=\"false\">\n\t\t\t\t\t\t\t\t\t\t\t\t\t<span class=\"elementor-accordion-icon elementor-accordion-icon-right\" aria-hidden=\"true\">\n\t\t\t\t\t\t\t\t\t\t\t\t\t\t\t<span class=\"elementor-accordion-icon-closed\"><svg class=\"e-font-icon-svg e-fas-plus\" viewbox=\"0 0 448 512\" xmlns=\"http:\/\/www.w3.org\/2000\/svg\"><path d=\"M416 208H272V64c0-17.67-14.33-32-32-32h-32c-17.67 0-32 14.33-32 32v144H32c-17.67 0-32 14.33-32 32v32c0 17.67 14.33 32 32 32h144v144c0 17.67 14.33 32 32 32h32c17.67 0 32-14.33 32-32V304h144c17.67 0 32-14.33 32-32v-32c0-17.67-14.33-32-32-32z\"><\/path><\/svg><\/span>\n\t\t\t\t\t\t\t\t<span class=\"elementor-accordion-icon-opened\"><svg class=\"e-font-icon-svg e-fas-minus\" viewbox=\"0 0 448 512\" xmlns=\"http:\/\/www.w3.org\/2000\/svg\"><path d=\"M416 208H32c-17.67 0-32 14.33-32 32v32c0 17.67 14.33 32 32 32h384c17.67 0 32-14.33 32-32v-32c0-17.67-14.33-32-32-32z\"><\/path><\/svg><\/span>\n\t\t\t\t\t\t\t\t\t\t\t\t\t\t<\/span>\n\t\t\t\t\t\t\t\t\t\t\t\t<a class=\"elementor-accordion-title\" tabindex=\"0\">Can PRP treatment be applied to everyone?<\/a>\n\t\t\t\t\t<\/div>\n\t\t\t\t\t<div id=\"elementor-tab-content-8935\" class=\"elementor-tab-content elementor-clearfix\" data-tab=\"5\" role=\"region\" aria-labelledby=\"elementor-tab-title-8935\"><p class=\"\" data-start=\"1929\" data-end=\"2035\">PRP is a safe method for most patients. However, individuals with serious blood disorders, active infections, or immune system problems should obtain a doctor&#039;s approval before using it.<\/p><\/div>\n\t\t\t\t<\/div>\n\t\t\t\t\t\t\t\t<\/div>\n\t\t\t\t\t\t<\/div>\n\t\t\t\t<\/div>\n\t\t\t\t\t<\/div>\n\t\t\t\t<\/div>\n\t\t\t\t\t<\/div>\n\t\t\t\t<\/div>\n\t\t\t\t<\/div>","protected":false},"excerpt":{"rendered":"<p>PRP (Platelet Rich Plasma), yani Trombositten Zengin Plazma tedavisi, v\u00fccudun kendi iyile\u015ftirici g\u00fcc\u00fcn\u00fc kullanarak dokular\u0131n onar\u0131lmas\u0131n\u0131 sa\u011flayan modern bir biyolojik tedavi y\u00f6ntemidir. G\u00f6z hastal\u0131klar\u0131nda da giderek daha fazla kullan\u0131lan PRP tedavisi, \u00f6zellikle kuru g\u00f6z hastal\u0131\u011f\u0131, kornea yaralanmalar\u0131 ve baz\u0131 retina rahats\u0131zl\u0131klar\u0131nda umut vadeden sonu\u00e7lar sunmaktad\u0131r. PRP Tedavisi Nedir? PRP, hastan\u0131n kendi kan\u0131ndan \u00f6zel i\u015flemlerle elde&#8230;<\/p>","protected":false},"author":1,"featured_media":0,"parent":6528,"menu_order":0,"comment_status":"closed","ping_status":"closed","template":"","meta":{"footnotes":""},"class_list":["post-6539","page","type-page","status-publish","hentry"],"_links":{"self":[{"href":"https:\/\/artofoculoplastics.com\/en\/wp-json\/wp\/v2\/pages\/6539","targetHints":{"allow":["GET"]}}],"collection":[{"href":"https:\/\/artofoculoplastics.com\/en\/wp-json\/wp\/v2\/pages"}],"about":[{"href":"https:\/\/artofoculoplastics.com\/en\/wp-json\/wp\/v2\/types\/page"}],"author":[{"embeddable":true,"href":"https:\/\/artofoculoplastics.com\/en\/wp-json\/wp\/v2\/users\/1"}],"replies":[{"embeddable":true,"href":"https:\/\/artofoculoplastics.com\/en\/wp-json\/wp\/v2\/comments?post=6539"}],"version-history":[{"count":7,"href":"https:\/\/artofoculoplastics.com\/en\/wp-json\/wp\/v2\/pages\/6539\/revisions"}],"predecessor-version":[{"id":7686,"href":"https:\/\/artofoculoplastics.com\/en\/wp-json\/wp\/v2\/pages\/6539\/revisions\/7686"}],"up":[{"embeddable":true,"href":"https:\/\/artofoculoplastics.com\/en\/wp-json\/wp\/v2\/pages\/6528"}],"wp:attachment":[{"href":"https:\/\/artofoculoplastics.com\/en\/wp-json\/wp\/v2\/media?parent=6539"}],"curies":[{"name":"wp","href":"https:\/\/api.w.org\/{rel}","templated":true}]}}