{"id":6528,"date":"2025-04-24T11:13:40","date_gmt":"2025-04-24T08:13:40","guid":{"rendered":"https:\/\/artofoculoplastics.com\/?page_id=6528"},"modified":"2025-05-07T16:31:19","modified_gmt":"2025-05-07T13:31:19","slug":"non-surgical-eyelid-and-eye-contour-aesthetic-applications","status":"publish","type":"page","link":"https:\/\/artofoculoplastics.com\/en\/non-surgical-eyelid-and-eye-contour-aesthetic-applications\/","title":{"rendered":"Non-Surgical Eyelid and Eye Contour Aesthetic Applications"},"content":{"rendered":"<div data-elementor-type=\"wp-page\" data-elementor-id=\"6528\" class=\"elementor elementor-6528\">\n\t\t\t\t<div class=\"elementor-element elementor-element-a0531c2 e-flex e-con-boxed e-con e-parent\" data-id=\"a0531c2\" data-element_type=\"container\">\n\t\t\t\t\t<div class=\"e-con-inner\">\n\t\t\r\n\t\t<div class=\"elementor-element elementor-element-e8817bf elementor-widget elementor-widget-image\" data-id=\"e8817bf\" data-element_type=\"widget\" data-widget_type=\"image.default\">\n\t\t\t\t<div class=\"elementor-widget-container\">\n\t\t\t\t\t\t\t\t\t\t\t\t\t\t\t<img fetchpriority=\"high\" decoding=\"async\" width=\"849\" height=\"280\" src=\"https:\/\/artofoculoplastics.com\/wp-content\/uploads\/2025\/05\/Ameliyatsiz-Goz-Kapagi-ve-Goz-Cevresi-Estetik-Uygulamalari-2-e1746624637855.png\" class=\"attachment-full size-full wp-image-7852\" alt=\"What are the Non-Surgical Eyelid and Eye Contour Aesthetic Procedures?\" srcset=\"https:\/\/artofoculoplastics.com\/wp-content\/uploads\/2025\/05\/Ameliyatsiz-Goz-Kapagi-ve-Goz-Cevresi-Estetik-Uygulamalari-2-e1746624637855.png 849w, https:\/\/artofoculoplastics.com\/wp-content\/uploads\/2025\/05\/Ameliyatsiz-Goz-Kapagi-ve-Goz-Cevresi-Estetik-Uygulamalari-2-e1746624637855-300x99.png 300w, https:\/\/artofoculoplastics.com\/wp-content\/uploads\/2025\/05\/Ameliyatsiz-Goz-Kapagi-ve-Goz-Cevresi-Estetik-Uygulamalari-2-e1746624637855-768x253.png 768w, https:\/\/artofoculoplastics.com\/wp-content\/uploads\/2025\/05\/Ameliyatsiz-Goz-Kapagi-ve-Goz-Cevresi-Estetik-Uygulamalari-2-e1746624637855-18x6.png 18w, https:\/\/artofoculoplastics.com\/wp-content\/uploads\/2025\/05\/Ameliyatsiz-Goz-Kapagi-ve-Goz-Cevresi-Estetik-Uygulamalari-2-e1746624637855-600x198.png 600w\" sizes=\"(max-width: 849px) 100vw, 849px\" \/>\t\t\t\t\t\t\t\t\t\t\t\t\t\t\t<\/div>\n\t\t\t\t<\/div>\n\t\t\t\t<div class=\"elementor-element elementor-element-e8c6b74 elementor-widget elementor-widget-mediaxmenuselect\" data-id=\"e8c6b74\" data-element_type=\"widget\" data-widget_type=\"mediaxmenuselect.default\">\n\t\t\t\t<div class=\"elementor-widget-container\">\n\t\t\t\t\t<ul id=\"menu-ameliyatsiz-goz-kapagi-ve-goz-cevresi-estetik-uygulamalari\" class=\"menu\"><li id=\"menu-item-7826\" class=\"menu-item menu-item-type-post_type menu-item-object-page menu-item-7826\"><a href=\"https:\/\/artofoculoplastics.com\/en\/non-surgical-eyelid-and-eye-contour-aesthetic-applications\/botox\/\">Botox<\/a><\/li>\n<li id=\"menu-item-7827\" class=\"menu-item menu-item-type-post_type menu-item-object-page menu-item-7827\"><a href=\"https:\/\/artofoculoplastics.com\/en\/non-surgical-eyelid-and-eye-contour-aesthetic-applications\/mesotherapy-applications\/\">Mesotherapy Applications<\/a><\/li>\n<li id=\"menu-item-7828\" class=\"menu-item menu-item-type-post_type menu-item-object-page menu-item-7828\"><a href=\"https:\/\/artofoculoplastics.com\/en\/non-surgical-eyelid-and-eye-contour-aesthetic-applications\/prp-treatment-platelet-rich-plasma\/\">PRP Treatment | Platelet Rich Plasma<\/a><\/li>\n<li id=\"menu-item-7836\" class=\"menu-item menu-item-type-post_type menu-item-object-page menu-item-7836\"><a href=\"https:\/\/artofoculoplastics.com\/en\/non-surgical-eyelid-and-eye-contour-aesthetic-applications\/smart-filling-application\/\">Smart Fill Application<\/a><\/li>\n<li id=\"menu-item-7829\" class=\"menu-item menu-item-type-post_type menu-item-object-page menu-item-7829\"><a href=\"https:\/\/artofoculoplastics.com\/en\/non-surgical-eyelid-and-eye-contour-aesthetic-applications\/rope-hanger-application\/\">Rope Hanger Application<\/a><\/li>\n<li id=\"menu-item-7830\" class=\"menu-item menu-item-type-post_type menu-item-object-page menu-item-7830\"><a href=\"https:\/\/artofoculoplastics.com\/en\/non-surgical-eyelid-and-eye-contour-aesthetic-applications\/eye-circles-and-bruise-treatment\/\">Treatment for Eye Circles and Dark Circles<\/a><\/li>\n<li id=\"menu-item-7831\" class=\"menu-item menu-item-type-post_type menu-item-object-page menu-item-7831\"><a href=\"https:\/\/artofoculoplastics.com\/en\/non-surgical-eyelid-and-eye-contour-aesthetic-applications\/eyelid-skin-rejuvenation-with-co2-laser\/\">Eyelid Skin Rejuvenation with CO2 Laser<\/a><\/li>\n<li id=\"menu-item-7832\" class=\"menu-item menu-item-type-post_type menu-item-object-page menu-item-7832\"><a href=\"https:\/\/artofoculoplastics.com\/en\/non-surgical-eyelid-and-eye-contour-aesthetic-applications\/filler-injection-under-the-eyes-and-face\/\">Filler Injection (Under Eye and Face)<\/a><\/li>\n<li id=\"menu-item-7833\" class=\"menu-item menu-item-type-post_type menu-item-object-page menu-item-7833\"><a href=\"https:\/\/artofoculoplastics.com\/en\/non-surgical-eyelid-and-eye-contour-aesthetic-applications\/cataract-surgery\/\">Cataract Surgery<\/a><\/li>\n<li id=\"menu-item-7834\" class=\"menu-item menu-item-type-post_type menu-item-object-page menu-item-7834\"><a href=\"https:\/\/artofoculoplastics.com\/en\/non-surgical-eyelid-and-eye-contour-aesthetic-applications\/child-eye-examination\/\">Child Eye Examination<\/a><\/li>\n<li id=\"menu-item-7835\" class=\"menu-item menu-item-type-post_type menu-item-object-page menu-item-7835\"><a href=\"https:\/\/artofoculoplastics.com\/en\/non-surgical-eyelid-and-eye-contour-aesthetic-applications\/excimer-laser-surgery\/\">Excimer Laser Surgery<\/a><\/li>\n<li id=\"menu-item-7837\" class=\"menu-item menu-item-type-post_type menu-item-object-page menu-item-7837\"><a href=\"https:\/\/artofoculoplastics.com\/en\/non-surgical-eyelid-and-eye-contour-aesthetic-applications\/lasik-eye-surgery\/\">Lasik Eye Surgery<\/a><\/li>\n<li id=\"menu-item-7838\" class=\"menu-item menu-item-type-post_type menu-item-object-page menu-item-7838\"><a href=\"https:\/\/artofoculoplastics.com\/en\/non-surgical-eyelid-and-eye-contour-aesthetic-applications\/dry-eye-treatment\/\">Dry Eye Treatment<\/a><\/li>\n<li id=\"menu-item-7839\" class=\"menu-item menu-item-type-post_type menu-item-object-page menu-item-7839\"><a href=\"https:\/\/artofoculoplastics.com\/en\/non-surgical-eyelid-and-eye-contour-aesthetic-applications\/contact-lens-application\/\">Contact Lens Application<\/a><\/li>\n<li id=\"menu-item-7840\" class=\"menu-item menu-item-type-post_type menu-item-object-page menu-item-7840\"><a href=\"https:\/\/artofoculoplastics.com\/en\/non-surgical-eyelid-and-eye-contour-aesthetic-applications\/glaucoma-eye-pressure-monitoring-and-treatment\/\">Glaucoma (Eye Pressure) Monitoring and Treatment<\/a><\/li>\n<\/ul>\t\t\t\t<\/div>\n\t\t\t\t<\/div>\n\t\t\t\t\t<\/div>\n\t\t\t\t<\/div>\n\t\t\t\t<\/div>","protected":false},"excerpt":{"rendered":"<p>Botox Mezoterapi Uygulamalar\u0131 PRP Tedavisi | Platelet Rich Plasma Ak\u0131ll\u0131 Dolgu Uygulamas\u0131 \u0130p Ask\u0131 Uygulamas\u0131 G\u00f6z \u00c7evresi Halkalar\u0131 ve Morluk Tedavisi CO2 Lazer ile G\u00f6z Kapa\u011f\u0131 Cilt Yenileme Dolgu Enjeksiyonu (G\u00f6z Alt\u0131 ve Y\u00fcz) Katarakt Ameliyat\u0131 \u00c7ocuk G\u00f6z Muayenesi Excimer Lazer Ameliyat\u0131 Lasik G\u00f6z Ameliyat\u0131 Kuru G\u00f6z Tedavisi Kontakt Lens Uygulamas\u0131 Glokom (G\u00f6z Tansiyonu) Takibi&#8230;<\/p>","protected":false},"author":1,"featured_media":0,"parent":0,"menu_order":0,"comment_status":"closed","ping_status":"closed","template":"","meta":{"footnotes":""},"class_list":["post-6528","page","type-page","status-publish","hentry"],"_links":{"self":[{"href":"https:\/\/artofoculoplastics.com\/en\/wp-json\/wp\/v2\/pages\/6528","targetHints":{"allow":["GET"]}}],"collection":[{"href":"https:\/\/artofoculoplastics.com\/en\/wp-json\/wp\/v2\/pages"}],"about":[{"href":"https:\/\/artofoculoplastics.com\/en\/wp-json\/wp\/v2\/types\/page"}],"author":[{"embeddable":true,"href":"https:\/\/artofoculoplastics.com\/en\/wp-json\/wp\/v2\/users\/1"}],"replies":[{"embeddable":true,"href":"https:\/\/artofoculoplastics.com\/en\/wp-json\/wp\/v2\/comments?post=6528"}],"version-history":[{"count":5,"href":"https:\/\/artofoculoplastics.com\/en\/wp-json\/wp\/v2\/pages\/6528\/revisions"}],"predecessor-version":[{"id":7855,"href":"https:\/\/artofoculoplastics.com\/en\/wp-json\/wp\/v2\/pages\/6528\/revisions\/7855"}],"wp:attachment":[{"href":"https:\/\/artofoculoplastics.com\/en\/wp-json\/wp\/v2\/media?parent=6528"}],"curies":[{"name":"wp","href":"https:\/\/api.w.org\/{rel}","templated":true}]}}