{"id":6517,"date":"2025-04-24T11:09:10","date_gmt":"2025-04-24T08:09:10","guid":{"rendered":"https:\/\/artofoculoplastics.com\/?page_id=6517"},"modified":"2025-04-29T10:33:01","modified_gmt":"2025-04-29T07:33:01","slug":"evisceration-and-enucleation","status":"publish","type":"page","link":"https:\/\/artofoculoplastics.com\/en\/orbital-eye-socket-surgery-2\/evisceration-and-enucleation\/","title":{"rendered":"Evisceration and Enucleation"},"content":{"rendered":"<div data-elementor-type=\"wp-page\" data-elementor-id=\"6517\" class=\"elementor elementor-6517\">\n\t\t\t\t<div class=\"elementor-element elementor-element-ec44438 e-flex e-con-boxed e-con e-parent\" data-id=\"ec44438\" data-element_type=\"container\">\n\t\t\t\t\t<div class=\"e-con-inner\">\n\t\t<div class=\"elementor-element elementor-element-96c6572 e-flex e-con-boxed e-con e-child\" data-id=\"96c6572\" data-element_type=\"container\">\n\t\t\t\t\t<div class=\"e-con-inner\">\n\t\t\r\n\t\t<div class=\"elementor-element elementor-element-f606b51 elementor-widget elementor-widget-image\" data-id=\"f606b51\" data-element_type=\"widget\" data-widget_type=\"image.default\">\n\t\t\t\t<div class=\"elementor-widget-container\">\n\t\t\t\t\t\t\t\t\t\t\t\t\t\t\t<img fetchpriority=\"high\" decoding=\"async\" width=\"1134\" height=\"567\" src=\"https:\/\/artofoculoplastics.com\/wp-content\/uploads\/2025\/04\/Eviserasyon-ve-Enukleasyon-1.png\" class=\"attachment-full size-full wp-image-7589\" alt=\"What are Evisceration and Enucleation?\" srcset=\"https:\/\/artofoculoplastics.com\/wp-content\/uploads\/2025\/04\/Eviserasyon-ve-Enukleasyon-1.png 1134w, https:\/\/artofoculoplastics.com\/wp-content\/uploads\/2025\/04\/Eviserasyon-ve-Enukleasyon-1-300x150.png 300w, https:\/\/artofoculoplastics.com\/wp-content\/uploads\/2025\/04\/Eviserasyon-ve-Enukleasyon-1-1024x512.png 1024w, https:\/\/artofoculoplastics.com\/wp-content\/uploads\/2025\/04\/Eviserasyon-ve-Enukleasyon-1-768x384.png 768w, https:\/\/artofoculoplastics.com\/wp-content\/uploads\/2025\/04\/Eviserasyon-ve-Enukleasyon-1-18x9.png 18w, https:\/\/artofoculoplastics.com\/wp-content\/uploads\/2025\/04\/Eviserasyon-ve-Enukleasyon-1-600x300.png 600w\" sizes=\"(max-width: 1134px) 100vw, 1134px\" \/>\t\t\t\t\t\t\t\t\t\t\t\t\t\t\t<\/div>\n\t\t\t\t<\/div>\n\t\t\t\t<div class=\"elementor-element elementor-element-09cdd6d elementor-widget elementor-widget-text-editor\" data-id=\"09cdd6d\" data-element_type=\"widget\" data-widget_type=\"text-editor.default\">\n\t\t\t\t<div class=\"elementor-widget-container\">\n\t\t\t\t\t\t\t\t\t<h2 class=\"\" data-start=\"144\" data-end=\"190\">What is Enucleation and Evisceration Surgery?<\/h2><p class=\"\" data-start=\"192\" data-end=\"632\"><strong data-start=\"192\" data-end=\"207\">Enucleation<\/strong> And <strong data-start=\"211\" data-end=\"226\">evisceration<\/strong>It is the surgical removal of eyes that have lost their vision or are severely damaged. These operations are generally performed in cases of painful blindness, irreparable eye damage after trauma, intraocular tumors, or serious infections. Both procedures aim to improve the patient&#039;s quality of life and provide aesthetically pleasing results in the future. <strong data-start=\"563\" data-end=\"577\">prosthetic eye<\/strong> It aims to prepare an eye socket suitable for its application.<\/p><h2 class=\"\" data-start=\"639\" data-end=\"660\">What is Enucleation?<\/h2><p class=\"\" data-start=\"662\" data-end=\"1168\">Enucleation is the complete removal of the eyeball (the entire eye). It is usually performed for painful, completely dysfunctional eyes, severely damaged eyes due to trauma, or intraocular tumors. This surgery is usually performed <strong data-start=\"911\" data-end=\"929\">general anesthesia<\/strong> It is done under the eye and then a permanent, round implant is placed in the eye socket. <strong data-start=\"994\" data-end=\"1013\">orbital implant<\/strong> placed. Approx. <strong data-start=\"1038\" data-end=\"1073\">4-6 weeks of recovery process<\/strong> then a personalized eye mask is given to the patient to match the other eye. <strong data-start=\"1142\" data-end=\"1156\">prosthetic eye<\/strong> is prepared.<\/p><h2 class=\"\" data-start=\"1175\" data-end=\"1196\">What is Evisceration?<\/h2><p class=\"\" data-start=\"1198\" data-end=\"1558\">Evisceration is also an eye removal procedure, but unlike enucleation, it removes the outer wall of the eye. <strong data-start=\"1293\" data-end=\"1316\">sclera (eye cover)<\/strong> This method is particularly preferred in patients who do not have intraocular cancer and whose structures are healthy. Preserving the sclera allows the eye prosthesis to move more naturally. Furthermore, the risk of implant extrusion is lower.<\/p><p class=\"\" data-start=\"1560\" data-end=\"1782\"><strong data-start=\"1560\" data-end=\"1575\">Evisceration<\/strong>This method may be more advantageous for patients who want to preserve visual aesthetics and have a suitable medical history. However, this method is not recommended in some cases, such as if an eye tumor is suspected. <strong data-start=\"1752\" data-end=\"1767\">enucleation<\/strong> preferred.<\/p>\t\t\t\t\t\t\t\t<\/div>\n\t\t\t\t<\/div>\n\t\t\t\t<div class=\"elementor-element elementor-element-2fc975a elementor-widget elementor-widget-image\" data-id=\"2fc975a\" data-element_type=\"widget\" data-widget_type=\"image.default\">\n\t\t\t\t<div class=\"elementor-widget-container\">\n\t\t\t\t\t\t\t\t\t\t\t\t\t\t\t<img decoding=\"async\" width=\"1134\" height=\"567\" src=\"https:\/\/artofoculoplastics.com\/wp-content\/uploads\/2025\/04\/Eviserasyon-ve-Enukleasyon-2.png\" class=\"attachment-full size-full wp-image-7590\" alt=\"What are Evisceration and Enucleation?\" srcset=\"https:\/\/artofoculoplastics.com\/wp-content\/uploads\/2025\/04\/Eviserasyon-ve-Enukleasyon-2.png 1134w, https:\/\/artofoculoplastics.com\/wp-content\/uploads\/2025\/04\/Eviserasyon-ve-Enukleasyon-2-300x150.png 300w, https:\/\/artofoculoplastics.com\/wp-content\/uploads\/2025\/04\/Eviserasyon-ve-Enukleasyon-2-1024x512.png 1024w, https:\/\/artofoculoplastics.com\/wp-content\/uploads\/2025\/04\/Eviserasyon-ve-Enukleasyon-2-768x384.png 768w, https:\/\/artofoculoplastics.com\/wp-content\/uploads\/2025\/04\/Eviserasyon-ve-Enukleasyon-2-18x9.png 18w, https:\/\/artofoculoplastics.com\/wp-content\/uploads\/2025\/04\/Eviserasyon-ve-Enukleasyon-2-600x300.png 600w\" sizes=\"(max-width: 1134px) 100vw, 1134px\" \/>\t\t\t\t\t\t\t\t\t\t\t\t\t\t\t<\/div>\n\t\t\t\t<\/div>\n\t\t\t\t<div class=\"elementor-element elementor-element-a9f22d1 elementor-widget elementor-widget-text-editor\" data-id=\"a9f22d1\" data-element_type=\"widget\" data-widget_type=\"text-editor.default\">\n\t\t\t\t<div class=\"elementor-widget-container\">\n\t\t\t\t\t\t\t\t\t<h3>In Which Situations Are Enucleation and Evisceration Surgeries Applied?<\/h3><p class=\"\" data-start=\"1835\" data-end=\"1929\">Enucleation or evisceration surgery may be necessary for various reasons. These include:<\/p><ul data-start=\"1931\" data-end=\"2197\"><li class=\"\" data-start=\"1931\" data-end=\"1961\"><p class=\"\" data-start=\"1933\" data-end=\"1961\">Trauma-related intraocular destruction<\/p><\/li><li class=\"\" data-start=\"1962\" data-end=\"1993\"><p class=\"\" data-start=\"1964\" data-end=\"1993\">Painful and blind eye<\/p><\/li><li class=\"\" data-start=\"1994\" data-end=\"2045\"><p class=\"\" data-start=\"1996\" data-end=\"2045\">Intraocular tumors (e.g., retinoblastoma, melanoma)<\/p><\/li><li class=\"\" data-start=\"2046\" data-end=\"2088\"><p class=\"\" data-start=\"2048\" data-end=\"2088\">Severe infections (such as endophthalmitis)<\/p><\/li><li class=\"\" data-start=\"2089\" data-end=\"2170\"><p class=\"\" data-start=\"2091\" data-end=\"2170\">Elimination of space irregularities to make it suitable for eye prosthesis<\/p><\/li><li class=\"\" data-start=\"2171\" data-end=\"2197\"><p class=\"\" data-start=\"2173\" data-end=\"2197\">Congenital anomaly (rare)<\/p><\/li><\/ul><p class=\"\" data-start=\"2199\" data-end=\"2329\">Since each patient&#039;s condition is different, the choice of surgical method is made by a specialist. <strong data-start=\"2273\" data-end=\"2296\">oculoplastic surgeon<\/strong> should be evaluated by.<\/p><h2 class=\"\" data-start=\"2336\" data-end=\"2364\">Treatment Process and Recovery<\/h2><p class=\"\" data-start=\"2366\" data-end=\"2561\">Surgery is usually <strong data-start=\"2386\" data-end=\"2400\">daily<\/strong> It&#039;s performed as a single procedure, and the patient is discharged the same day. Mild pain, swelling, and redness may occur for a few days after the procedure. The recovery process is as follows:<\/p><ul data-start=\"2563\" data-end=\"2952\"><li class=\"\" data-start=\"2563\" data-end=\"2647\"><p class=\"\" data-start=\"2565\" data-end=\"2647\"><strong data-start=\"2565\" data-end=\"2578\">Week 1:<\/strong> The eye socket begins to heal. The stitches begin to dissolve or are removed.<\/p><\/li><li class=\"\" data-start=\"2648\" data-end=\"2801\"><p class=\"\" data-start=\"2650\" data-end=\"2801\"><strong data-start=\"2650\" data-end=\"2665\">Weeks 4-6:<\/strong> When the eye socket is completely healed, the patient <strong data-start=\"2712\" data-end=\"2725\">ocularist<\/strong>Here, the patient is directed to an appropriate aesthetic <strong data-start=\"2775\" data-end=\"2789\">prosthetic eye<\/strong> is prepared.<\/p><\/li><li class=\"\" data-start=\"2802\" data-end=\"2952\"><p class=\"\" data-start=\"2804\" data-end=\"2952\"><strong data-start=\"2804\" data-end=\"2821\">Tracking Process:<\/strong> After the prosthetic eye is placed, regular checkups are performed to evaluate the prosthesis&#039; fit, mobility, and aesthetic appearance.<\/p><\/li><\/ul>\t\t\t\t\t\t\t\t<\/div>\n\t\t\t\t<\/div>\n\t\t\t\t<div class=\"elementor-element elementor-element-e484c8c elementor-widget elementor-widget-heading\" data-id=\"e484c8c\" data-element_type=\"widget\" data-widget_type=\"heading.default\">\n\t\t\t\t<div class=\"elementor-widget-container\">\n\t\t\t\t\t<h3 class=\"elementor-heading-title elementor-size-default\">Frequently Asked Questions<\/h3>\t\t\t\t<\/div>\n\t\t\t\t<\/div>\n\t\t\t\t<div class=\"elementor-element elementor-element-6397025 elementor-widget elementor-widget-accordion\" data-id=\"6397025\" data-element_type=\"widget\" data-widget_type=\"accordion.default\">\n\t\t\t\t<div class=\"elementor-widget-container\">\n\t\t\t\t\t\t\t<div class=\"elementor-accordion\">\n\t\t\t\t\t\t\t<div class=\"elementor-accordion-item\">\n\t\t\t\t\t<div id=\"elementor-tab-title-1041\" class=\"elementor-tab-title\" data-tab=\"1\" role=\"button\" aria-controls=\"elementor-tab-content-1041\" aria-expanded=\"false\">\n\t\t\t\t\t\t\t\t\t\t\t\t\t<span class=\"elementor-accordion-icon elementor-accordion-icon-right\" aria-hidden=\"true\">\n\t\t\t\t\t\t\t\t\t\t\t\t\t\t\t<span class=\"elementor-accordion-icon-closed\"><svg class=\"e-font-icon-svg e-fas-plus\" viewbox=\"0 0 448 512\" xmlns=\"http:\/\/www.w3.org\/2000\/svg\"><path d=\"M416 208H272V64c0-17.67-14.33-32-32-32h-32c-17.67 0-32 14.33-32 32v144H32c-17.67 0-32 14.33-32 32v32c0 17.67 14.33 32 32 32h144v144c0 17.67 14.33 32 32 32h32c17.67 0 32-14.33 32-32V304h144c17.67 0 32-14.33 32-32v-32c0-17.67-14.33-32-32-32z\"><\/path><\/svg><\/span>\n\t\t\t\t\t\t\t\t<span class=\"elementor-accordion-icon-opened\"><svg class=\"e-font-icon-svg e-fas-minus\" viewbox=\"0 0 448 512\" xmlns=\"http:\/\/www.w3.org\/2000\/svg\"><path d=\"M416 208H32c-17.67 0-32 14.33-32 32v32c0 17.67 14.33 32 32 32h384c17.67 0 32-14.33 32-32v-32c0-17.67-14.33-32-32-32z\"><\/path><\/svg><\/span>\n\t\t\t\t\t\t\t\t\t\t\t\t\t\t<\/span>\n\t\t\t\t\t\t\t\t\t\t\t\t<a class=\"elementor-accordion-title\" tabindex=\"0\">Which is better: enucleation or evisceration?<\/a>\n\t\t\t\t\t<\/div>\n\t\t\t\t\t<div id=\"elementor-tab-content-1041\" class=\"elementor-tab-content elementor-clearfix\" data-tab=\"1\" role=\"region\" aria-labelledby=\"elementor-tab-title-1041\"><p class=\"\" data-start=\"3479\" data-end=\"3663\">It depends on the situation. If a tumor is present, enucleation is generally preferred. In cases of infection or trauma, evisceration may be appropriate.<\/p><p class=\"\" data-start=\"3665\" data-end=\"3775\">\u00a0<\/p><\/div>\n\t\t\t\t<\/div>\n\t\t\t\t\t\t\t<div class=\"elementor-accordion-item\">\n\t\t\t\t\t<div id=\"elementor-tab-title-1042\" class=\"elementor-tab-title\" data-tab=\"2\" role=\"button\" aria-controls=\"elementor-tab-content-1042\" aria-expanded=\"false\">\n\t\t\t\t\t\t\t\t\t\t\t\t\t<span class=\"elementor-accordion-icon elementor-accordion-icon-right\" aria-hidden=\"true\">\n\t\t\t\t\t\t\t\t\t\t\t\t\t\t\t<span class=\"elementor-accordion-icon-closed\"><svg class=\"e-font-icon-svg e-fas-plus\" viewbox=\"0 0 448 512\" xmlns=\"http:\/\/www.w3.org\/2000\/svg\"><path d=\"M416 208H272V64c0-17.67-14.33-32-32-32h-32c-17.67 0-32 14.33-32 32v144H32c-17.67 0-32 14.33-32 32v32c0 17.67 14.33 32 32 32h144v144c0 17.67 14.33 32 32 32h32c17.67 0 32-14.33 32-32V304h144c17.67 0 32-14.33 32-32v-32c0-17.67-14.33-32-32-32z\"><\/path><\/svg><\/span>\n\t\t\t\t\t\t\t\t<span class=\"elementor-accordion-icon-opened\"><svg class=\"e-font-icon-svg e-fas-minus\" viewbox=\"0 0 448 512\" xmlns=\"http:\/\/www.w3.org\/2000\/svg\"><path d=\"M416 208H32c-17.67 0-32 14.33-32 32v32c0 17.67 14.33 32 32 32h384c17.67 0 32-14.33 32-32v-32c0-17.67-14.33-32-32-32z\"><\/path><\/svg><\/span>\n\t\t\t\t\t\t\t\t\t\t\t\t\t\t<\/span>\n\t\t\t\t\t\t\t\t\t\t\t\t<a class=\"elementor-accordion-title\" tabindex=\"0\">When is a prosthetic eye fitted?<\/a>\n\t\t\t\t\t<\/div>\n\t\t\t\t\t<div id=\"elementor-tab-content-1042\" class=\"elementor-tab-content elementor-clearfix\" data-tab=\"2\" role=\"region\" aria-labelledby=\"elementor-tab-title-1042\"><p class=\"\" data-start=\"3665\" data-end=\"3775\">It is placed 4\u20136 weeks after surgery, after the eye socket has completely healed.<\/p><p class=\"\" data-start=\"3777\" data-end=\"3930\">\u00a0<\/p><\/div>\n\t\t\t\t<\/div>\n\t\t\t\t\t\t\t<div class=\"elementor-accordion-item\">\n\t\t\t\t\t<div id=\"elementor-tab-title-1043\" class=\"elementor-tab-title\" data-tab=\"3\" role=\"button\" aria-controls=\"elementor-tab-content-1043\" aria-expanded=\"false\">\n\t\t\t\t\t\t\t\t\t\t\t\t\t<span class=\"elementor-accordion-icon elementor-accordion-icon-right\" aria-hidden=\"true\">\n\t\t\t\t\t\t\t\t\t\t\t\t\t\t\t<span class=\"elementor-accordion-icon-closed\"><svg class=\"e-font-icon-svg e-fas-plus\" viewbox=\"0 0 448 512\" xmlns=\"http:\/\/www.w3.org\/2000\/svg\"><path d=\"M416 208H272V64c0-17.67-14.33-32-32-32h-32c-17.67 0-32 14.33-32 32v144H32c-17.67 0-32 14.33-32 32v32c0 17.67 14.33 32 32 32h144v144c0 17.67 14.33 32 32 32h32c17.67 0 32-14.33 32-32V304h144c17.67 0 32-14.33 32-32v-32c0-17.67-14.33-32-32-32z\"><\/path><\/svg><\/span>\n\t\t\t\t\t\t\t\t<span class=\"elementor-accordion-icon-opened\"><svg class=\"e-font-icon-svg e-fas-minus\" viewbox=\"0 0 448 512\" xmlns=\"http:\/\/www.w3.org\/2000\/svg\"><path d=\"M416 208H32c-17.67 0-32 14.33-32 32v32c0 17.67 14.33 32 32 32h384c17.67 0 32-14.33 32-32v-32c0-17.67-14.33-32-32-32z\"><\/path><\/svg><\/span>\n\t\t\t\t\t\t\t\t\t\t\t\t\t\t<\/span>\n\t\t\t\t\t\t\t\t\t\t\t\t<a class=\"elementor-accordion-title\" tabindex=\"0\">Will there be pain after surgery?<\/a>\n\t\t\t\t\t<\/div>\n\t\t\t\t\t<div id=\"elementor-tab-content-1043\" class=\"elementor-tab-content elementor-clearfix\" data-tab=\"3\" role=\"region\" aria-labelledby=\"elementor-tab-title-1043\"><p class=\"\" data-start=\"3932\" data-end=\"4066\">There may be mild pain and discomfort, but it can be easily controlled with prescription medications.<\/p><\/div>\n\t\t\t\t<\/div>\n\t\t\t\t\t\t\t\t<\/div>\n\t\t\t\t\t\t<\/div>\n\t\t\t\t<\/div>\n\t\t\t\t\t<\/div>\n\t\t\t\t<\/div>\n\t\t\t\t\t<\/div>\n\t\t\t\t<\/div>\n\t\t\t\t<\/div>","protected":false},"excerpt":{"rendered":"<p>En\u00fckleasyon ve Eviserasyon Ameliyat\u0131 Nedir? En\u00fckleasyon ve eviserasyon, g\u00f6rme yetisini kaybetmi\u015f ya da ciddi \u015fekilde hasar g\u00f6rm\u00fc\u015f g\u00f6zlerin cerrahi olarak al\u0131nmas\u0131 i\u015flemidir. Bu operasyonlar genellikle a\u011fr\u0131l\u0131 k\u00f6r g\u00f6z, travma sonras\u0131 onar\u0131lamaz g\u00f6z hasar\u0131, g\u00f6z i\u00e7i t\u00fcm\u00f6rleri ya da ciddi enfeksiyon durumlar\u0131nda uygulan\u0131r. Her iki i\u015flem de hastan\u0131n ya\u015fam kalitesini art\u0131rmay\u0131 ve sonraki s\u00fcre\u00e7te estetik olarak&#8230;<\/p>","protected":false},"author":1,"featured_media":0,"parent":6506,"menu_order":0,"comment_status":"closed","ping_status":"closed","template":"","meta":{"footnotes":""},"class_list":["post-6517","page","type-page","status-publish","hentry"],"_links":{"self":[{"href":"https:\/\/artofoculoplastics.com\/en\/wp-json\/wp\/v2\/pages\/6517","targetHints":{"allow":["GET"]}}],"collection":[{"href":"https:\/\/artofoculoplastics.com\/en\/wp-json\/wp\/v2\/pages"}],"about":[{"href":"https:\/\/artofoculoplastics.com\/en\/wp-json\/wp\/v2\/types\/page"}],"author":[{"embeddable":true,"href":"https:\/\/artofoculoplastics.com\/en\/wp-json\/wp\/v2\/users\/1"}],"replies":[{"embeddable":true,"href":"https:\/\/artofoculoplastics.com\/en\/wp-json\/wp\/v2\/comments?post=6517"}],"version-history":[{"count":10,"href":"https:\/\/artofoculoplastics.com\/en\/wp-json\/wp\/v2\/pages\/6517\/revisions"}],"predecessor-version":[{"id":7593,"href":"https:\/\/artofoculoplastics.com\/en\/wp-json\/wp\/v2\/pages\/6517\/revisions\/7593"}],"up":[{"embeddable":true,"href":"https:\/\/artofoculoplastics.com\/en\/wp-json\/wp\/v2\/pages\/6506"}],"wp:attachment":[{"href":"https:\/\/artofoculoplastics.com\/en\/wp-json\/wp\/v2\/media?parent=6517"}],"curies":[{"name":"wp","href":"https:\/\/api.w.org\/{rel}","templated":true}]}}