{"id":6515,"date":"2025-04-24T11:07:12","date_gmt":"2025-04-24T08:07:12","guid":{"rendered":"https:\/\/artofoculoplastics.com\/?page_id=6515"},"modified":"2025-04-29T11:50:10","modified_gmt":"2025-04-29T08:50:10","slug":"orbital-tumor-surgery-2","status":"publish","type":"page","link":"https:\/\/artofoculoplastics.com\/en\/orbital-eye-socket-surgery-2\/orbital-tumor-surgery-2\/","title":{"rendered":"Orbital Tumor Surgery"},"content":{"rendered":"<div data-elementor-type=\"wp-page\" data-elementor-id=\"6515\" class=\"elementor elementor-6515\">\n\t\t\t\t<div class=\"elementor-element elementor-element-e7c1fe8 e-flex e-con-boxed e-con e-parent\" data-id=\"e7c1fe8\" data-element_type=\"container\">\n\t\t\t\t\t<div class=\"e-con-inner\">\n\t\t<div class=\"elementor-element elementor-element-e49fcd1 e-flex e-con-boxed e-con e-child\" data-id=\"e49fcd1\" data-element_type=\"container\">\n\t\t\t\t\t<div class=\"e-con-inner\">\n\t\t\r\n\t\t<div class=\"elementor-element elementor-element-748c6ce elementor-widget elementor-widget-image\" data-id=\"748c6ce\" data-element_type=\"widget\" data-widget_type=\"image.default\">\n\t\t\t\t<div class=\"elementor-widget-container\">\n\t\t\t\t\t\t\t\t\t\t\t\t\t\t\t<img fetchpriority=\"high\" decoding=\"async\" width=\"1134\" height=\"567\" src=\"https:\/\/artofoculoplastics.com\/wp-content\/uploads\/2025\/04\/Orbita-Tumor-Cerrahisi.png\" class=\"attachment-full size-full wp-image-7632\" alt=\"What is Orbital Tumor Surgery?\" srcset=\"https:\/\/artofoculoplastics.com\/wp-content\/uploads\/2025\/04\/Orbita-Tumor-Cerrahisi.png 1134w, https:\/\/artofoculoplastics.com\/wp-content\/uploads\/2025\/04\/Orbita-Tumor-Cerrahisi-300x150.png 300w, https:\/\/artofoculoplastics.com\/wp-content\/uploads\/2025\/04\/Orbita-Tumor-Cerrahisi-1024x512.png 1024w, https:\/\/artofoculoplastics.com\/wp-content\/uploads\/2025\/04\/Orbita-Tumor-Cerrahisi-768x384.png 768w, https:\/\/artofoculoplastics.com\/wp-content\/uploads\/2025\/04\/Orbita-Tumor-Cerrahisi-18x9.png 18w, https:\/\/artofoculoplastics.com\/wp-content\/uploads\/2025\/04\/Orbita-Tumor-Cerrahisi-600x300.png 600w\" sizes=\"(max-width: 1134px) 100vw, 1134px\" \/>\t\t\t\t\t\t\t\t\t\t\t\t\t\t\t<\/div>\n\t\t\t\t<\/div>\n\t\t\t\t<div class=\"elementor-element elementor-element-091f693 elementor-widget elementor-widget-text-editor\" data-id=\"091f693\" data-element_type=\"widget\" data-widget_type=\"text-editor.default\">\n\t\t\t\t<div class=\"elementor-widget-container\">\n\t\t\t\t\t\t\t\t\t<h2 data-start=\"0\" data-end=\"31\">What is Orbital Tumor Surgery?<\/h2><p><strong data-start=\"198\" data-end=\"224\">Orbital tumor surgery<\/strong>Orbital tumors are advanced oculoplastic surgery that involves the diagnosis and treatment of benign and malignant tumors located in the orbit. Orbital tumors, which present with symptoms such as pain, swelling, vision loss, double vision, or protrusion of the eye, can lead to vision loss and, in rare cases, even life-threatening conditions if not treated promptly. Therefore, accurate diagnosis and appropriate surgical treatment are crucial.<\/p><h2 class=\"\" data-start=\"666\" data-end=\"692\">What are Orbital Tumors?<\/h2><p class=\"\" data-start=\"694\" data-end=\"1131\">The orbit is an anatomical area consisting of bony structures, muscles, blood vessels, and nerves that surround and support the eyeball. Tumors that develop in this region can be congenital or acquired later in life. Tumors can be benign or malignant. In some cases, lumps in the orbit can be caused by infection or an inflammatory disease.<\/p><h2 class=\"\" data-start=\"1138\" data-end=\"1170\">Causes of Orbital Tumors<\/h2><p class=\"\" data-start=\"1172\" data-end=\"1387\">The causes of orbital tumors are quite diverse. They can originate directly from the orbital tissue or develop as tumors that spread from surrounding tissues or metastasize from elsewhere in the body.<\/p><ul data-start=\"1389\" data-end=\"1612\"><li class=\"\" data-start=\"1389\" data-end=\"1488\"><p class=\"\" data-start=\"1391\" data-end=\"1488\"><strong data-start=\"1391\" data-end=\"1405\">In children<\/strong> The most common orbital tumors: <em data-start=\"1439\" data-end=\"1456\">Dermoid cysts<\/em> And <em data-start=\"1460\" data-end=\"1484\">capillary hemangiomas<\/em>is.<\/p><\/li><li class=\"\" data-start=\"1489\" data-end=\"1612\"><p class=\"\" data-start=\"1491\" data-end=\"1612\"><strong data-start=\"1491\" data-end=\"1508\">In adults<\/strong> The most common tumors are: <em data-start=\"1543\" data-end=\"1564\">Cavernous hemangioma<\/em>, <em data-start=\"1566\" data-end=\"1583\">orbital lymphoma<\/em> And <em data-start=\"1587\" data-end=\"1608\">metastatic tumors<\/em>is.<\/p><\/li><\/ul><p class=\"\" data-start=\"1614\" data-end=\"1761\">Additionally, thyroid-related conditions such as Graves&#039; disease, some inflammatory diseases, and infections may also present symptoms similar to those of an orbital tumor.<\/p>\t\t\t\t\t\t\t\t<\/div>\n\t\t\t\t<\/div>\n\t\t\t\t<div class=\"elementor-element elementor-element-b4ff0d9 elementor-widget elementor-widget-image\" data-id=\"b4ff0d9\" data-element_type=\"widget\" data-widget_type=\"image.default\">\n\t\t\t\t<div class=\"elementor-widget-container\">\n\t\t\t\t\t\t\t\t\t\t\t\t\t\t\t<img decoding=\"async\" width=\"1134\" height=\"567\" src=\"https:\/\/artofoculoplastics.com\/wp-content\/uploads\/2025\/04\/Orbita-Tumor-Cerrahisi-2.png\" class=\"attachment-full size-full wp-image-7600\" alt=\"Orbital Tumor Surgery Treatment Process\" srcset=\"https:\/\/artofoculoplastics.com\/wp-content\/uploads\/2025\/04\/Orbita-Tumor-Cerrahisi-2.png 1134w, https:\/\/artofoculoplastics.com\/wp-content\/uploads\/2025\/04\/Orbita-Tumor-Cerrahisi-2-300x150.png 300w, https:\/\/artofoculoplastics.com\/wp-content\/uploads\/2025\/04\/Orbita-Tumor-Cerrahisi-2-1024x512.png 1024w, https:\/\/artofoculoplastics.com\/wp-content\/uploads\/2025\/04\/Orbita-Tumor-Cerrahisi-2-768x384.png 768w, https:\/\/artofoculoplastics.com\/wp-content\/uploads\/2025\/04\/Orbita-Tumor-Cerrahisi-2-18x9.png 18w, https:\/\/artofoculoplastics.com\/wp-content\/uploads\/2025\/04\/Orbita-Tumor-Cerrahisi-2-600x300.png 600w\" sizes=\"(max-width: 1134px) 100vw, 1134px\" \/>\t\t\t\t\t\t\t\t\t\t\t\t\t\t\t<\/div>\n\t\t\t\t<\/div>\n\t\t\t\t<div class=\"elementor-element elementor-element-ca1172e elementor-widget elementor-widget-text-editor\" data-id=\"ca1172e\" data-element_type=\"widget\" data-widget_type=\"text-editor.default\">\n\t\t\t\t<div class=\"elementor-widget-container\">\n\t\t\t\t\t\t\t\t\t<h2 class=\"\" data-start=\"2270\" data-end=\"2325\">What are the symptoms?<\/h2><p class=\"\" data-start=\"1793\" data-end=\"2058\">The symptoms of orbital tumors vary depending on the tumor&#039;s size, location, and growth rate. Some tumors may cause no symptoms, while others can grow rapidly and seriously affect eye function. The most common symptoms include:<\/p><ul data-start=\"2060\" data-end=\"2257\"><li class=\"\" data-start=\"2060\" data-end=\"2103\"><p class=\"\" data-start=\"2062\" data-end=\"2103\">Outward protrusion of the eye (proptosis)<\/p><\/li><li class=\"\" data-start=\"2104\" data-end=\"2135\"><p class=\"\" data-start=\"2106\" data-end=\"2135\">Swelling and pain around the eyes<\/p><\/li><li class=\"\" data-start=\"2136\" data-end=\"2158\"><p class=\"\" data-start=\"2138\" data-end=\"2158\">Double vision (diplopia)<\/p><\/li><li class=\"\" data-start=\"2159\" data-end=\"2190\"><p class=\"\" data-start=\"2161\" data-end=\"2190\">Limited eye movements<\/p><\/li><li class=\"\" data-start=\"2191\" data-end=\"2223\"><p class=\"\" data-start=\"2193\" data-end=\"2223\">A feeling of pressure or heaviness in the eye<\/p><\/li><li class=\"\" data-start=\"2224\" data-end=\"2257\"><p class=\"\" data-start=\"2226\" data-end=\"2257\">Loss of vision or blurred vision<\/p><\/li><\/ul><h2 data-start=\"2672\" data-end=\"2825\">Orbital Tumor Surgery Treatment Process\u00a0<\/h2><p class=\"\" data-start=\"2850\" data-end=\"3033\">The diagnostic process for orbital tumors is a detailed physical examination, <strong data-start=\"2909\" data-end=\"2941\">eye tomography (CT or MRI)<\/strong> and, if necessary, a biopsy. Treatment is tailored to the type of mass and the patient&#039;s condition.<\/p><p class=\"\" data-start=\"3035\" data-end=\"3267\">For benign and symptomatic tumors, surgical removal may be planned. For malignant or metastatic tumors, advanced treatments such as chemotherapy or radiotherapy may be considered in collaboration with oncology.<\/p><p class=\"\" data-start=\"3269\" data-end=\"3528\">The surgery is usually performed under general anesthesia. The surgeon removes the mass while preserving the delicate structures surrounding the eye. Recovery time may vary depending on the patient&#039;s overall health and the extent of the surgery.<\/p><p data-start=\"2672\" data-end=\"2825\">\u00a0<\/p>\t\t\t\t\t\t\t\t<\/div>\n\t\t\t\t<\/div>\n\t\t\t\t<div class=\"elementor-element elementor-element-54d7de5 elementor-widget elementor-widget-heading\" data-id=\"54d7de5\" data-element_type=\"widget\" data-widget_type=\"heading.default\">\n\t\t\t\t<div class=\"elementor-widget-container\">\n\t\t\t\t\t<h3 class=\"elementor-heading-title elementor-size-default\">Frequently Asked Questions<\/h3>\t\t\t\t<\/div>\n\t\t\t\t<\/div>\n\t\t\t\t<div class=\"elementor-element elementor-element-58aafd8 elementor-widget elementor-widget-accordion\" data-id=\"58aafd8\" data-element_type=\"widget\" data-widget_type=\"accordion.default\">\n\t\t\t\t<div class=\"elementor-widget-container\">\n\t\t\t\t\t\t\t<div class=\"elementor-accordion\">\n\t\t\t\t\t\t\t<div class=\"elementor-accordion-item\">\n\t\t\t\t\t<div id=\"elementor-tab-title-9291\" class=\"elementor-tab-title\" data-tab=\"1\" role=\"button\" aria-controls=\"elementor-tab-content-9291\" aria-expanded=\"false\">\n\t\t\t\t\t\t\t\t\t\t\t\t\t<span class=\"elementor-accordion-icon elementor-accordion-icon-right\" aria-hidden=\"true\">\n\t\t\t\t\t\t\t\t\t\t\t\t\t\t\t<span class=\"elementor-accordion-icon-closed\"><svg class=\"e-font-icon-svg e-fas-plus\" viewbox=\"0 0 448 512\" xmlns=\"http:\/\/www.w3.org\/2000\/svg\"><path d=\"M416 208H272V64c0-17.67-14.33-32-32-32h-32c-17.67 0-32 14.33-32 32v144H32c-17.67 0-32 14.33-32 32v32c0 17.67 14.33 32 32 32h144v144c0 17.67 14.33 32 32 32h32c17.67 0 32-14.33 32-32V304h144c17.67 0 32-14.33 32-32v-32c0-17.67-14.33-32-32-32z\"><\/path><\/svg><\/span>\n\t\t\t\t\t\t\t\t<span class=\"elementor-accordion-icon-opened\"><svg class=\"e-font-icon-svg e-fas-minus\" viewbox=\"0 0 448 512\" xmlns=\"http:\/\/www.w3.org\/2000\/svg\"><path d=\"M416 208H32c-17.67 0-32 14.33-32 32v32c0 17.67 14.33 32 32 32h384c17.67 0 32-14.33 32-32v-32c0-17.67-14.33-32-32-32z\"><\/path><\/svg><\/span>\n\t\t\t\t\t\t\t\t\t\t\t\t\t\t<\/span>\n\t\t\t\t\t\t\t\t\t\t\t\t<a class=\"elementor-accordion-title\" tabindex=\"0\">Is an orbital tumor cancerous?<\/a>\n\t\t\t\t\t<\/div>\n\t\t\t\t\t<div id=\"elementor-tab-content-9291\" class=\"elementor-tab-content elementor-clearfix\" data-tab=\"1\" role=\"region\" aria-labelledby=\"elementor-tab-title-9291\"><p class=\"\" data-start=\"3909\" data-end=\"4071\">Not all orbital tumors are cancerous. Some are benign, while others can be malignant. Imaging and a biopsy are required for a definitive diagnosis.<\/p><\/div>\n\t\t\t\t<\/div>\n\t\t\t\t\t\t\t<div class=\"elementor-accordion-item\">\n\t\t\t\t\t<div id=\"elementor-tab-title-9292\" class=\"elementor-tab-title\" data-tab=\"2\" role=\"button\" aria-controls=\"elementor-tab-content-9292\" aria-expanded=\"false\">\n\t\t\t\t\t\t\t\t\t\t\t\t\t<span class=\"elementor-accordion-icon elementor-accordion-icon-right\" aria-hidden=\"true\">\n\t\t\t\t\t\t\t\t\t\t\t\t\t\t\t<span class=\"elementor-accordion-icon-closed\"><svg class=\"e-font-icon-svg e-fas-plus\" viewbox=\"0 0 448 512\" xmlns=\"http:\/\/www.w3.org\/2000\/svg\"><path d=\"M416 208H272V64c0-17.67-14.33-32-32-32h-32c-17.67 0-32 14.33-32 32v144H32c-17.67 0-32 14.33-32 32v32c0 17.67 14.33 32 32 32h144v144c0 17.67 14.33 32 32 32h32c17.67 0 32-14.33 32-32V304h144c17.67 0 32-14.33 32-32v-32c0-17.67-14.33-32-32-32z\"><\/path><\/svg><\/span>\n\t\t\t\t\t\t\t\t<span class=\"elementor-accordion-icon-opened\"><svg class=\"e-font-icon-svg e-fas-minus\" viewbox=\"0 0 448 512\" xmlns=\"http:\/\/www.w3.org\/2000\/svg\"><path d=\"M416 208H32c-17.67 0-32 14.33-32 32v32c0 17.67 14.33 32 32 32h384c17.67 0 32-14.33 32-32v-32c0-17.67-14.33-32-32-32z\"><\/path><\/svg><\/span>\n\t\t\t\t\t\t\t\t\t\t\t\t\t\t<\/span>\n\t\t\t\t\t\t\t\t\t\t\t\t<a class=\"elementor-accordion-title\" tabindex=\"0\">Do orbital tumors cause blindness?<\/a>\n\t\t\t\t\t<\/div>\n\t\t\t\t\t<div id=\"elementor-tab-content-9292\" class=\"elementor-tab-content elementor-clearfix\" data-tab=\"2\" role=\"region\" aria-labelledby=\"elementor-tab-title-9292\"><p class=\"\" data-start=\"351\" data-end=\"633\">If left untreated or if the tumor grows too quickly, it can cause vision loss. Early diagnosis is crucial.<\/p><\/div>\n\t\t\t\t<\/div>\n\t\t\t\t\t\t\t<div class=\"elementor-accordion-item\">\n\t\t\t\t\t<div id=\"elementor-tab-title-9293\" class=\"elementor-tab-title\" data-tab=\"3\" role=\"button\" aria-controls=\"elementor-tab-content-9293\" aria-expanded=\"false\">\n\t\t\t\t\t\t\t\t\t\t\t\t\t<span class=\"elementor-accordion-icon elementor-accordion-icon-right\" aria-hidden=\"true\">\n\t\t\t\t\t\t\t\t\t\t\t\t\t\t\t<span class=\"elementor-accordion-icon-closed\"><svg class=\"e-font-icon-svg e-fas-plus\" viewbox=\"0 0 448 512\" xmlns=\"http:\/\/www.w3.org\/2000\/svg\"><path d=\"M416 208H272V64c0-17.67-14.33-32-32-32h-32c-17.67 0-32 14.33-32 32v144H32c-17.67 0-32 14.33-32 32v32c0 17.67 14.33 32 32 32h144v144c0 17.67 14.33 32 32 32h32c17.67 0 32-14.33 32-32V304h144c17.67 0 32-14.33 32-32v-32c0-17.67-14.33-32-32-32z\"><\/path><\/svg><\/span>\n\t\t\t\t\t\t\t\t<span class=\"elementor-accordion-icon-opened\"><svg class=\"e-font-icon-svg e-fas-minus\" viewbox=\"0 0 448 512\" xmlns=\"http:\/\/www.w3.org\/2000\/svg\"><path d=\"M416 208H32c-17.67 0-32 14.33-32 32v32c0 17.67 14.33 32 32 32h384c17.67 0 32-14.33 32-32v-32c0-17.67-14.33-32-32-32z\"><\/path><\/svg><\/span>\n\t\t\t\t\t\t\t\t\t\t\t\t\t\t<\/span>\n\t\t\t\t\t\t\t\t\t\t\t\t<a class=\"elementor-accordion-title\" tabindex=\"0\">Will the eye return to its previous state after the tumor is removed?<\/a>\n\t\t\t\t\t<\/div>\n\t\t\t\t\t<div id=\"elementor-tab-content-9293\" class=\"elementor-tab-content elementor-clearfix\" data-tab=\"3\" role=\"region\" aria-labelledby=\"elementor-tab-title-9293\"><p class=\"\" data-start=\"1058\" data-end=\"1157\">This can vary depending on the location, size, and growth rate of the tumor. However, oculoplastic surgeons perform the procedure to preserve eye aesthetics as much as possible.<\/p><\/div>\n\t\t\t\t<\/div>\n\t\t\t\t\t\t\t<div class=\"elementor-accordion-item\">\n\t\t\t\t\t<div id=\"elementor-tab-title-9294\" class=\"elementor-tab-title\" data-tab=\"4\" role=\"button\" aria-controls=\"elementor-tab-content-9294\" aria-expanded=\"false\">\n\t\t\t\t\t\t\t\t\t\t\t\t\t<span class=\"elementor-accordion-icon elementor-accordion-icon-right\" aria-hidden=\"true\">\n\t\t\t\t\t\t\t\t\t\t\t\t\t\t\t<span class=\"elementor-accordion-icon-closed\"><svg class=\"e-font-icon-svg e-fas-plus\" viewbox=\"0 0 448 512\" xmlns=\"http:\/\/www.w3.org\/2000\/svg\"><path d=\"M416 208H272V64c0-17.67-14.33-32-32-32h-32c-17.67 0-32 14.33-32 32v144H32c-17.67 0-32 14.33-32 32v32c0 17.67 14.33 32 32 32h144v144c0 17.67 14.33 32 32 32h32c17.67 0 32-14.33 32-32V304h144c17.67 0 32-14.33 32-32v-32c0-17.67-14.33-32-32-32z\"><\/path><\/svg><\/span>\n\t\t\t\t\t\t\t\t<span class=\"elementor-accordion-icon-opened\"><svg class=\"e-font-icon-svg e-fas-minus\" viewbox=\"0 0 448 512\" xmlns=\"http:\/\/www.w3.org\/2000\/svg\"><path d=\"M416 208H32c-17.67 0-32 14.33-32 32v32c0 17.67 14.33 32 32 32h384c17.67 0 32-14.33 32-32v-32c0-17.67-14.33-32-32-32z\"><\/path><\/svg><\/span>\n\t\t\t\t\t\t\t\t\t\t\t\t\t\t<\/span>\n\t\t\t\t\t\t\t\t\t\t\t\t<a class=\"elementor-accordion-title\" tabindex=\"0\">Are orbital infections dangerous?<\/a>\n\t\t\t\t\t<\/div>\n\t\t\t\t\t<div id=\"elementor-tab-content-9294\" class=\"elementor-tab-content elementor-clearfix\" data-tab=\"4\" role=\"region\" aria-labelledby=\"elementor-tab-title-9294\"><p class=\"\" data-start=\"4572\" data-end=\"4669\">Yes, orbital cellulitis is an infection that progresses rapidly and requires immediate intervention.<\/p><\/div>\n\t\t\t\t<\/div>\n\t\t\t\t\t\t\t\t<\/div>\n\t\t\t\t\t\t<\/div>\n\t\t\t\t<\/div>\n\t\t\t\t\t<\/div>\n\t\t\t\t<\/div>\n\t\t\t\t\t<\/div>\n\t\t\t\t<\/div>\n\t\t\t\t<\/div>","protected":false},"excerpt":{"rendered":"<p>Orbita T\u00fcmor Cerrahisi Nedir? Orbita t\u00fcm\u00f6r cerrahisi, g\u00f6z \u00e7ukurunda (orbita) yer alan iyi huylu veya k\u00f6t\u00fc huylu kitlelerin tan\u0131 ve tedavisini kapsayan ileri d\u00fczey bir ok\u00fcloplastik cerrahidir. G\u00f6z \u00e7evresinde a\u011fr\u0131, \u015fi\u015flik, g\u00f6rme kayb\u0131, \u00e7ift g\u00f6rme ya da g\u00f6zde d\u0131\u015far\u0131ya do\u011fru \u00e7\u0131k\u0131kl\u0131k gibi belirtilerle ortaya \u00e7\u0131kan orbita t\u00fcm\u00f6rleri, zaman\u0131nda m\u00fcdahale edilmedi\u011finde g\u00f6rme kayb\u0131na hatta nadiren hayati&#8230;<\/p>","protected":false},"author":1,"featured_media":0,"parent":6506,"menu_order":0,"comment_status":"closed","ping_status":"closed","template":"","meta":{"footnotes":""},"class_list":["post-6515","page","type-page","status-publish","hentry"],"_links":{"self":[{"href":"https:\/\/artofoculoplastics.com\/en\/wp-json\/wp\/v2\/pages\/6515","targetHints":{"allow":["GET"]}}],"collection":[{"href":"https:\/\/artofoculoplastics.com\/en\/wp-json\/wp\/v2\/pages"}],"about":[{"href":"https:\/\/artofoculoplastics.com\/en\/wp-json\/wp\/v2\/types\/page"}],"author":[{"embeddable":true,"href":"https:\/\/artofoculoplastics.com\/en\/wp-json\/wp\/v2\/users\/1"}],"replies":[{"embeddable":true,"href":"https:\/\/artofoculoplastics.com\/en\/wp-json\/wp\/v2\/comments?post=6515"}],"version-history":[{"count":11,"href":"https:\/\/artofoculoplastics.com\/en\/wp-json\/wp\/v2\/pages\/6515\/revisions"}],"predecessor-version":[{"id":7639,"href":"https:\/\/artofoculoplastics.com\/en\/wp-json\/wp\/v2\/pages\/6515\/revisions\/7639"}],"up":[{"embeddable":true,"href":"https:\/\/artofoculoplastics.com\/en\/wp-json\/wp\/v2\/pages\/6506"}],"wp:attachment":[{"href":"https:\/\/artofoculoplastics.com\/en\/wp-json\/wp\/v2\/media?parent=6515"}],"curies":[{"name":"wp","href":"https:\/\/api.w.org\/{rel}","templated":true}]}}