{"id":6513,"date":"2025-04-24T11:06:26","date_gmt":"2025-04-24T08:06:26","guid":{"rendered":"https:\/\/artofoculoplastics.com\/?page_id=6513"},"modified":"2025-04-29T11:27:08","modified_gmt":"2025-04-29T08:27:08","slug":"orbital-fractures-enophthalmos-eye-strain-2","status":"publish","type":"page","link":"https:\/\/artofoculoplastics.com\/en\/orbital-eye-socket-surgery-2\/orbital-fractures-enophthalmos-eye-strain-2\/","title":{"rendered":"Orbital Fractures (Enophthalmos, Eye Hollowness)"},"content":{"rendered":"<div data-elementor-type=\"wp-page\" data-elementor-id=\"6513\" class=\"elementor elementor-6513\">\n\t\t\t\t<div class=\"elementor-element elementor-element-89e28f4 e-flex e-con-boxed e-con e-parent\" data-id=\"89e28f4\" data-element_type=\"container\">\n\t\t\t\t\t<div class=\"e-con-inner\">\n\t\t<div class=\"elementor-element elementor-element-6624be8 e-flex e-con-boxed e-con e-child\" data-id=\"6624be8\" data-element_type=\"container\">\n\t\t\t\t\t<div class=\"e-con-inner\">\n\t\t\r\n\t\t<div class=\"elementor-element elementor-element-201c799 elementor-widget elementor-widget-image\" data-id=\"201c799\" data-element_type=\"widget\" data-widget_type=\"image.default\">\n\t\t\t\t<div class=\"elementor-widget-container\">\n\t\t\t\t\t\t\t\t\t\t\t\t\t\t\t<img fetchpriority=\"high\" decoding=\"async\" width=\"2268\" height=\"1134\" src=\"https:\/\/artofoculoplastics.com\/wp-content\/uploads\/2025\/04\/Orbita-Kiriklari-Enoftalmus-Goz-Cokuklugu-2.png\" class=\"attachment-full size-full wp-image-7614\" alt=\"\" srcset=\"https:\/\/artofoculoplastics.com\/wp-content\/uploads\/2025\/04\/Orbita-Kiriklari-Enoftalmus-Goz-Cokuklugu-2.png 2268w, https:\/\/artofoculoplastics.com\/wp-content\/uploads\/2025\/04\/Orbita-Kiriklari-Enoftalmus-Goz-Cokuklugu-2-300x150.png 300w, https:\/\/artofoculoplastics.com\/wp-content\/uploads\/2025\/04\/Orbita-Kiriklari-Enoftalmus-Goz-Cokuklugu-2-1024x512.png 1024w, https:\/\/artofoculoplastics.com\/wp-content\/uploads\/2025\/04\/Orbita-Kiriklari-Enoftalmus-Goz-Cokuklugu-2-768x384.png 768w, https:\/\/artofoculoplastics.com\/wp-content\/uploads\/2025\/04\/Orbita-Kiriklari-Enoftalmus-Goz-Cokuklugu-2-1536x768.png 1536w, https:\/\/artofoculoplastics.com\/wp-content\/uploads\/2025\/04\/Orbita-Kiriklari-Enoftalmus-Goz-Cokuklugu-2-2048x1024.png 2048w, https:\/\/artofoculoplastics.com\/wp-content\/uploads\/2025\/04\/Orbita-Kiriklari-Enoftalmus-Goz-Cokuklugu-2-18x9.png 18w, https:\/\/artofoculoplastics.com\/wp-content\/uploads\/2025\/04\/Orbita-Kiriklari-Enoftalmus-Goz-Cokuklugu-2-600x300.png 600w\" sizes=\"(max-width: 2268px) 100vw, 2268px\" \/>\t\t\t\t\t\t\t\t\t\t\t\t\t\t\t<\/div>\n\t\t\t\t<\/div>\n\t\t\t\t<div class=\"elementor-element elementor-element-42592c0 elementor-widget elementor-widget-text-editor\" data-id=\"42592c0\" data-element_type=\"widget\" data-widget_type=\"text-editor.default\">\n\t\t\t\t<div class=\"elementor-widget-container\">\n\t\t\t\t\t\t\t\t\t<h2 class=\"\" data-start=\"850\" data-end=\"873\">What is an Orbital Fracture?<\/h2><p class=\"\" data-start=\"875\" data-end=\"1263\">An orbital fracture is the breaking of one or more of the bones surrounding the eye socket. It usually occurs as a result of direct trauma (sports injuries, blows, traffic accidents, etc.). The inferior orbital wall (orbital floor) and medial wall are the most commonly fractured areas in this type of trauma. Orbital fractures can disrupt the anatomical structure of the eye, leading to both cosmetic and functional problems.<\/p><h2 data-start=\"875\" data-end=\"1263\">What is Enophthalmos (Sunken Eye)?<\/h2><p class=\"\" data-start=\"1308\" data-end=\"1699\"><strong data-start=\"1308\" data-end=\"1322\">Enophthalmos<\/strong>Orbital fractures are the backward displacement of the eyeball from its normal position. In orbital fractures, the fatty tissue and muscles surrounding the eye sag into the sinus cavities along the fracture line, creating a sunken-looking appearance. This condition not only aesthetically compromises facial symmetry, but also causes double vision, limited eye movement, and loss of depth perception in some patients.<\/p><h2 class=\"\" data-start=\"666\" data-end=\"692\">What Causes Orbital Fractures?<\/h2><p class=\"\" data-start=\"2073\" data-end=\"2120\">The most common causes of orbital fractures are:<\/p><ul data-start=\"2122\" data-end=\"2255\"><li class=\"\" data-start=\"2122\" data-end=\"2144\"><p class=\"\" data-start=\"2124\" data-end=\"2144\">Sports injuries<\/p><\/li><li class=\"\" data-start=\"2145\" data-end=\"2183\"><p class=\"\" data-start=\"2147\" data-end=\"2183\">Facial traumas (beat, fall, accident)<\/p><\/li><li class=\"\" data-start=\"2184\" data-end=\"2203\"><p class=\"\" data-start=\"2186\" data-end=\"2203\">traffic accidents<\/p><\/li><li class=\"\" data-start=\"2204\" data-end=\"2219\"><p class=\"\" data-start=\"2206\" data-end=\"2219\">Work accidents<\/p><\/li><li class=\"\" data-start=\"2220\" data-end=\"2255\"><p class=\"\" data-start=\"2222\" data-end=\"2255\">Explosion or high pressure impact<\/p><\/li><\/ul>\t\t\t\t\t\t\t\t<\/div>\n\t\t\t\t<\/div>\n\t\t\t\t<div class=\"elementor-element elementor-element-8f211fd elementor-widget elementor-widget-image\" data-id=\"8f211fd\" data-element_type=\"widget\" data-widget_type=\"image.default\">\n\t\t\t\t<div class=\"elementor-widget-container\">\n\t\t\t\t\t\t\t\t\t\t\t\t\t\t\t<img decoding=\"async\" width=\"2268\" height=\"1134\" src=\"https:\/\/artofoculoplastics.com\/wp-content\/uploads\/2025\/04\/Orbita-Kiriklari-Enoftalmus-Goz-Cokuklugu-1.png\" class=\"attachment-full size-full wp-image-7615\" alt=\"Orbital Fractures (Enophthalmos, Eye Hollowness) Treatment Process\" srcset=\"https:\/\/artofoculoplastics.com\/wp-content\/uploads\/2025\/04\/Orbita-Kiriklari-Enoftalmus-Goz-Cokuklugu-1.png 2268w, https:\/\/artofoculoplastics.com\/wp-content\/uploads\/2025\/04\/Orbita-Kiriklari-Enoftalmus-Goz-Cokuklugu-1-300x150.png 300w, https:\/\/artofoculoplastics.com\/wp-content\/uploads\/2025\/04\/Orbita-Kiriklari-Enoftalmus-Goz-Cokuklugu-1-1024x512.png 1024w\" sizes=\"(max-width: 2268px) 100vw, 2268px\" \/>\t\t\t\t\t\t\t\t\t\t\t\t\t\t\t<\/div>\n\t\t\t\t<\/div>\n\t\t\t\t<div class=\"elementor-element elementor-element-932a56b elementor-widget elementor-widget-text-editor\" data-id=\"932a56b\" data-element_type=\"widget\" data-widget_type=\"text-editor.default\">\n\t\t\t\t<div class=\"elementor-widget-container\">\n\t\t\t\t\t\t\t\t\t<h2 class=\"\" data-start=\"2270\" data-end=\"2325\">Treatment Process and Surgical Approach<\/h2><p class=\"\" data-start=\"2300\" data-end=\"2540\">Not every orbital fracture requires surgery. Small, stable fractures can heal with monitoring. However, in cases where the depression is significant, double vision persists, or eye movements are affected, surgery becomes unavoidable.<\/p><p class=\"\" data-start=\"2542\" data-end=\"2890\"><strong data-start=\"2542\" data-end=\"2577\">Orbital fracture repair<\/strong>It&#039;s performed to replace lost volume in the orbit and correct the eye&#039;s anatomical position. The surgery is usually performed through a discreet incision inside the eyelid, leaving no visible scar. When necessary, special implants are placed in the orbit to provide support.<\/p><p class=\"\" data-start=\"2892\" data-end=\"3056\">While recovery varies from person to person, most patients can return to their daily routines within a few days. Post-operative swelling and bruising typically subside quickly.<\/p><p class=\"\" data-start=\"1793\" data-end=\"2058\">The symptoms of orbital tumors vary depending on the tumor&#039;s size, location, and growth rate. Some tumors may cause no symptoms, while others can grow rapidly and seriously affect eye function. The most common symptoms include:<\/p><ul data-start=\"2060\" data-end=\"2257\"><li class=\"\" data-start=\"2060\" data-end=\"2103\"><p class=\"\" data-start=\"2062\" data-end=\"2103\">Outward protrusion of the eye (proptosis)<\/p><\/li><li class=\"\" data-start=\"2104\" data-end=\"2135\"><p class=\"\" data-start=\"2106\" data-end=\"2135\">Swelling and pain around the eyes<\/p><\/li><li class=\"\" data-start=\"2136\" data-end=\"2158\"><p class=\"\" data-start=\"2138\" data-end=\"2158\">Double vision (diplopia)<\/p><\/li><li class=\"\" data-start=\"2159\" data-end=\"2190\"><p class=\"\" data-start=\"2161\" data-end=\"2190\">Limited eye movements<\/p><\/li><li class=\"\" data-start=\"2191\" data-end=\"2223\"><p class=\"\" data-start=\"2193\" data-end=\"2223\">A feeling of pressure or heaviness in the eye<\/p><\/li><li class=\"\" data-start=\"2224\" data-end=\"2257\"><p class=\"\" data-start=\"2226\" data-end=\"2257\">Loss of vision or blurred vision<\/p><\/li><\/ul><p data-start=\"2672\" data-end=\"2825\">\u00a0<\/p>\t\t\t\t\t\t\t\t<\/div>\n\t\t\t\t<\/div>\n\t\t\t\t<div class=\"elementor-element elementor-element-739064d elementor-widget elementor-widget-heading\" data-id=\"739064d\" data-element_type=\"widget\" data-widget_type=\"heading.default\">\n\t\t\t\t<div class=\"elementor-widget-container\">\n\t\t\t\t\t<h3 class=\"elementor-heading-title elementor-size-default\">Frequently Asked Questions<\/h3>\t\t\t\t<\/div>\n\t\t\t\t<\/div>\n\t\t\t\t<div class=\"elementor-element elementor-element-c234a64 elementor-widget elementor-widget-accordion\" data-id=\"c234a64\" data-element_type=\"widget\" data-widget_type=\"accordion.default\">\n\t\t\t\t<div class=\"elementor-widget-container\">\n\t\t\t\t\t\t\t<div class=\"elementor-accordion\">\n\t\t\t\t\t\t\t<div class=\"elementor-accordion-item\">\n\t\t\t\t\t<div id=\"elementor-tab-title-2031\" class=\"elementor-tab-title\" data-tab=\"1\" role=\"button\" aria-controls=\"elementor-tab-content-2031\" aria-expanded=\"false\">\n\t\t\t\t\t\t\t\t\t\t\t\t\t<span class=\"elementor-accordion-icon elementor-accordion-icon-right\" aria-hidden=\"true\">\n\t\t\t\t\t\t\t\t\t\t\t\t\t\t\t<span class=\"elementor-accordion-icon-closed\"><svg class=\"e-font-icon-svg e-fas-plus\" viewbox=\"0 0 448 512\" xmlns=\"http:\/\/www.w3.org\/2000\/svg\"><path d=\"M416 208H272V64c0-17.67-14.33-32-32-32h-32c-17.67 0-32 14.33-32 32v144H32c-17.67 0-32 14.33-32 32v32c0 17.67 14.33 32 32 32h144v144c0 17.67 14.33 32 32 32h32c17.67 0 32-14.33 32-32V304h144c17.67 0 32-14.33 32-32v-32c0-17.67-14.33-32-32-32z\"><\/path><\/svg><\/span>\n\t\t\t\t\t\t\t\t<span class=\"elementor-accordion-icon-opened\"><svg class=\"e-font-icon-svg e-fas-minus\" viewbox=\"0 0 448 512\" xmlns=\"http:\/\/www.w3.org\/2000\/svg\"><path d=\"M416 208H32c-17.67 0-32 14.33-32 32v32c0 17.67 14.33 32 32 32h384c17.67 0 32-14.33 32-32v-32c0-17.67-14.33-32-32-32z\"><\/path><\/svg><\/span>\n\t\t\t\t\t\t\t\t\t\t\t\t\t\t<\/span>\n\t\t\t\t\t\t\t\t\t\t\t\t<a class=\"elementor-accordion-title\" tabindex=\"0\">Do orbital fractures always require surgery?<\/a>\n\t\t\t\t\t<\/div>\n\t\t\t\t\t<div id=\"elementor-tab-content-2031\" class=\"elementor-tab-content elementor-clearfix\" data-tab=\"1\" role=\"region\" aria-labelledby=\"elementor-tab-title-2031\"><p class=\"\" data-start=\"3909\" data-end=\"4071\">No. Small, stable orbital fractures can usually be treated with follow-up if there is no loss of eye function. However, if there is sunken vision, double vision, or impaired eye movement, surgery may be necessary.<\/p><\/div>\n\t\t\t\t<\/div>\n\t\t\t\t\t\t\t<div class=\"elementor-accordion-item\">\n\t\t\t\t\t<div id=\"elementor-tab-title-2032\" class=\"elementor-tab-title\" data-tab=\"2\" role=\"button\" aria-controls=\"elementor-tab-content-2032\" aria-expanded=\"false\">\n\t\t\t\t\t\t\t\t\t\t\t\t\t<span class=\"elementor-accordion-icon elementor-accordion-icon-right\" aria-hidden=\"true\">\n\t\t\t\t\t\t\t\t\t\t\t\t\t\t\t<span class=\"elementor-accordion-icon-closed\"><svg class=\"e-font-icon-svg e-fas-plus\" viewbox=\"0 0 448 512\" xmlns=\"http:\/\/www.w3.org\/2000\/svg\"><path d=\"M416 208H272V64c0-17.67-14.33-32-32-32h-32c-17.67 0-32 14.33-32 32v144H32c-17.67 0-32 14.33-32 32v32c0 17.67 14.33 32 32 32h144v144c0 17.67 14.33 32 32 32h32c17.67 0 32-14.33 32-32V304h144c17.67 0 32-14.33 32-32v-32c0-17.67-14.33-32-32-32z\"><\/path><\/svg><\/span>\n\t\t\t\t\t\t\t\t<span class=\"elementor-accordion-icon-opened\"><svg class=\"e-font-icon-svg e-fas-minus\" viewbox=\"0 0 448 512\" xmlns=\"http:\/\/www.w3.org\/2000\/svg\"><path d=\"M416 208H32c-17.67 0-32 14.33-32 32v32c0 17.67 14.33 32 32 32h384c17.67 0 32-14.33 32-32v-32c0-17.67-14.33-32-32-32z\"><\/path><\/svg><\/span>\n\t\t\t\t\t\t\t\t\t\t\t\t\t\t<\/span>\n\t\t\t\t\t\t\t\t\t\t\t\t<a class=\"elementor-accordion-title\" tabindex=\"0\">Is enophthalmos a permanent condition?<\/a>\n\t\t\t\t\t<\/div>\n\t\t\t\t\t<div id=\"elementor-tab-content-2032\" class=\"elementor-tab-content elementor-clearfix\" data-tab=\"2\" role=\"region\" aria-labelledby=\"elementor-tab-title-2032\"><p class=\"\" data-start=\"351\" data-end=\"633\">If left untreated, it can be permanent. However, with appropriate surgical intervention, the eye&#039;s depression can be corrected and its aesthetic and functional appearance can be largely restored.<\/p><\/div>\n\t\t\t\t<\/div>\n\t\t\t\t\t\t\t<div class=\"elementor-accordion-item\">\n\t\t\t\t\t<div id=\"elementor-tab-title-2033\" class=\"elementor-tab-title\" data-tab=\"3\" role=\"button\" aria-controls=\"elementor-tab-content-2033\" aria-expanded=\"false\">\n\t\t\t\t\t\t\t\t\t\t\t\t\t<span class=\"elementor-accordion-icon elementor-accordion-icon-right\" aria-hidden=\"true\">\n\t\t\t\t\t\t\t\t\t\t\t\t\t\t\t<span class=\"elementor-accordion-icon-closed\"><svg class=\"e-font-icon-svg e-fas-plus\" viewbox=\"0 0 448 512\" xmlns=\"http:\/\/www.w3.org\/2000\/svg\"><path d=\"M416 208H272V64c0-17.67-14.33-32-32-32h-32c-17.67 0-32 14.33-32 32v144H32c-17.67 0-32 14.33-32 32v32c0 17.67 14.33 32 32 32h144v144c0 17.67 14.33 32 32 32h32c17.67 0 32-14.33 32-32V304h144c17.67 0 32-14.33 32-32v-32c0-17.67-14.33-32-32-32z\"><\/path><\/svg><\/span>\n\t\t\t\t\t\t\t\t<span class=\"elementor-accordion-icon-opened\"><svg class=\"e-font-icon-svg e-fas-minus\" viewbox=\"0 0 448 512\" xmlns=\"http:\/\/www.w3.org\/2000\/svg\"><path d=\"M416 208H32c-17.67 0-32 14.33-32 32v32c0 17.67 14.33 32 32 32h384c17.67 0 32-14.33 32-32v-32c0-17.67-14.33-32-32-32z\"><\/path><\/svg><\/span>\n\t\t\t\t\t\t\t\t\t\t\t\t\t\t<\/span>\n\t\t\t\t\t\t\t\t\t\t\t\t<a class=\"elementor-accordion-title\" tabindex=\"0\">Will my eye be completely healed after orbital fracture surgery?<\/a>\n\t\t\t\t\t<\/div>\n\t\t\t\t\t<div id=\"elementor-tab-content-2033\" class=\"elementor-tab-content elementor-clearfix\" data-tab=\"3\" role=\"region\" aria-labelledby=\"elementor-tab-title-2033\"><p class=\"\" data-start=\"1058\" data-end=\"1157\">This depends on the extent of the fracture, the timing of surgery, and the individual&#039;s recovery. Early and correct surgery successfully restores aesthetic and visual function in most patients.<\/p><\/div>\n\t\t\t\t<\/div>\n\t\t\t\t\t\t\t<div class=\"elementor-accordion-item\">\n\t\t\t\t\t<div id=\"elementor-tab-title-2034\" class=\"elementor-tab-title\" data-tab=\"4\" role=\"button\" aria-controls=\"elementor-tab-content-2034\" aria-expanded=\"false\">\n\t\t\t\t\t\t\t\t\t\t\t\t\t<span class=\"elementor-accordion-icon elementor-accordion-icon-right\" aria-hidden=\"true\">\n\t\t\t\t\t\t\t\t\t\t\t\t\t\t\t<span class=\"elementor-accordion-icon-closed\"><svg class=\"e-font-icon-svg e-fas-plus\" viewbox=\"0 0 448 512\" xmlns=\"http:\/\/www.w3.org\/2000\/svg\"><path d=\"M416 208H272V64c0-17.67-14.33-32-32-32h-32c-17.67 0-32 14.33-32 32v144H32c-17.67 0-32 14.33-32 32v32c0 17.67 14.33 32 32 32h144v144c0 17.67 14.33 32 32 32h32c17.67 0 32-14.33 32-32V304h144c17.67 0 32-14.33 32-32v-32c0-17.67-14.33-32-32-32z\"><\/path><\/svg><\/span>\n\t\t\t\t\t\t\t\t<span class=\"elementor-accordion-icon-opened\"><svg class=\"e-font-icon-svg e-fas-minus\" viewbox=\"0 0 448 512\" xmlns=\"http:\/\/www.w3.org\/2000\/svg\"><path d=\"M416 208H32c-17.67 0-32 14.33-32 32v32c0 17.67 14.33 32 32 32h384c17.67 0 32-14.33 32-32v-32c0-17.67-14.33-32-32-32z\"><\/path><\/svg><\/span>\n\t\t\t\t\t\t\t\t\t\t\t\t\t\t<\/span>\n\t\t\t\t\t\t\t\t\t\t\t\t<a class=\"elementor-accordion-title\" tabindex=\"0\">Does orbital fracture cause eye loss?<\/a>\n\t\t\t\t\t<\/div>\n\t\t\t\t\t<div id=\"elementor-tab-content-2034\" class=\"elementor-tab-content elementor-clearfix\" data-tab=\"4\" role=\"region\" aria-labelledby=\"elementor-tab-title-2034\"><p class=\"\" data-start=\"4572\" data-end=\"4669\">In rare cases, severe trauma can damage the eye itself. However, with proper treatment, the fracture itself usually does not cause serious vision loss.<\/p><\/div>\n\t\t\t\t<\/div>\n\t\t\t\t\t\t\t\t<\/div>\n\t\t\t\t\t\t<\/div>\n\t\t\t\t<\/div>\n\t\t\t\t\t<\/div>\n\t\t\t\t<\/div>\n\t\t\t\t\t<\/div>\n\t\t\t\t<\/div>\n\t\t\t\t<\/div>","protected":false},"excerpt":{"rendered":"<p>Orbita K\u0131r\u0131\u011f\u0131 Nedir? Orbita k\u0131r\u0131\u011f\u0131, g\u00f6z yuvas\u0131n\u0131 \u00e7evreleyen kemiklerden bir veya birka\u00e7\u0131n\u0131n k\u0131r\u0131lmas\u0131d\u0131r. Genellikle do\u011frudan travma (spor kazalar\u0131, darp, trafik kazas\u0131 vb.) sonucunda olu\u015fur. \u00d6zellikle alt duvar (orbital taban) ve i\u00e7 duvar bu tip travmalarda en s\u0131k k\u0131r\u0131lan alanlard\u0131r. Orbital k\u0131r\u0131klar, g\u00f6z\u00fcn anatomik yap\u0131s\u0131nda bozulmalara neden olarak hem kozmetik hem de fonksiyonel sorunlara yol a\u00e7abilir&#8230;.<\/p>","protected":false},"author":1,"featured_media":0,"parent":6506,"menu_order":0,"comment_status":"closed","ping_status":"closed","template":"","meta":{"footnotes":""},"class_list":["post-6513","page","type-page","status-publish","hentry"],"_links":{"self":[{"href":"https:\/\/artofoculoplastics.com\/en\/wp-json\/wp\/v2\/pages\/6513","targetHints":{"allow":["GET"]}}],"collection":[{"href":"https:\/\/artofoculoplastics.com\/en\/wp-json\/wp\/v2\/pages"}],"about":[{"href":"https:\/\/artofoculoplastics.com\/en\/wp-json\/wp\/v2\/types\/page"}],"author":[{"embeddable":true,"href":"https:\/\/artofoculoplastics.com\/en\/wp-json\/wp\/v2\/users\/1"}],"replies":[{"embeddable":true,"href":"https:\/\/artofoculoplastics.com\/en\/wp-json\/wp\/v2\/comments?post=6513"}],"version-history":[{"count":12,"href":"https:\/\/artofoculoplastics.com\/en\/wp-json\/wp\/v2\/pages\/6513\/revisions"}],"predecessor-version":[{"id":7619,"href":"https:\/\/artofoculoplastics.com\/en\/wp-json\/wp\/v2\/pages\/6513\/revisions\/7619"}],"up":[{"embeddable":true,"href":"https:\/\/artofoculoplastics.com\/en\/wp-json\/wp\/v2\/pages\/6506"}],"wp:attachment":[{"href":"https:\/\/artofoculoplastics.com\/en\/wp-json\/wp\/v2\/media?parent=6513"}],"curies":[{"name":"wp","href":"https:\/\/api.w.org\/{rel}","templated":true}]}}