{"id":6511,"date":"2025-04-24T11:05:37","date_gmt":"2025-04-24T08:05:37","guid":{"rendered":"https:\/\/artofoculoplastics.com\/?page_id=6511"},"modified":"2025-04-29T11:41:45","modified_gmt":"2025-04-29T08:41:45","slug":"thyroid-eye-disease-graves-disease-orbital-decompression","status":"publish","type":"page","link":"https:\/\/artofoculoplastics.com\/en\/orbital-eye-socket-surgery-2\/thyroid-eye-disease-graves-disease-orbital-decompression\/","title":{"rendered":"Thyroid Eye Disease (Graves&#039; Disease, Orbital Decompression)"},"content":{"rendered":"<div data-elementor-type=\"wp-page\" data-elementor-id=\"6511\" class=\"elementor elementor-6511\">\n\t\t\t\t<div class=\"elementor-element elementor-element-5671ed3 e-flex e-con-boxed e-con e-parent\" data-id=\"5671ed3\" data-element_type=\"container\">\n\t\t\t\t\t<div class=\"e-con-inner\">\n\t\t<div class=\"elementor-element elementor-element-1d84dd2 e-flex e-con-boxed e-con e-child\" data-id=\"1d84dd2\" data-element_type=\"container\">\n\t\t\t\t\t<div class=\"e-con-inner\">\n\t\t\r\n\t\t<div class=\"elementor-element elementor-element-e3ddc35 elementor-widget elementor-widget-image\" data-id=\"e3ddc35\" data-element_type=\"widget\" data-widget_type=\"image.default\">\n\t\t\t\t<div class=\"elementor-widget-container\">\n\t\t\t\t\t\t\t\t\t\t\t\t\t\t\t<img fetchpriority=\"high\" decoding=\"async\" width=\"1134\" height=\"567\" src=\"https:\/\/artofoculoplastics.com\/wp-content\/uploads\/2025\/04\/Tiroid-Goz-Hastaligi-Graves-Hastaligi-Orbita-Dekompresyonu-1.png\" class=\"attachment-full size-full wp-image-7627\" alt=\"What is Thyroid Eye Disease (Graves&#039; Disease, Orbital Decompression)?\" srcset=\"https:\/\/artofoculoplastics.com\/wp-content\/uploads\/2025\/04\/Tiroid-Goz-Hastaligi-Graves-Hastaligi-Orbita-Dekompresyonu-1.png 1134w, https:\/\/artofoculoplastics.com\/wp-content\/uploads\/2025\/04\/Tiroid-Goz-Hastaligi-Graves-Hastaligi-Orbita-Dekompresyonu-1-300x150.png 300w, https:\/\/artofoculoplastics.com\/wp-content\/uploads\/2025\/04\/Tiroid-Goz-Hastaligi-Graves-Hastaligi-Orbita-Dekompresyonu-1-1024x512.png 1024w, https:\/\/artofoculoplastics.com\/wp-content\/uploads\/2025\/04\/Tiroid-Goz-Hastaligi-Graves-Hastaligi-Orbita-Dekompresyonu-1-768x384.png 768w, https:\/\/artofoculoplastics.com\/wp-content\/uploads\/2025\/04\/Tiroid-Goz-Hastaligi-Graves-Hastaligi-Orbita-Dekompresyonu-1-18x9.png 18w, https:\/\/artofoculoplastics.com\/wp-content\/uploads\/2025\/04\/Tiroid-Goz-Hastaligi-Graves-Hastaligi-Orbita-Dekompresyonu-1-600x300.png 600w\" sizes=\"(max-width: 1134px) 100vw, 1134px\" \/>\t\t\t\t\t\t\t\t\t\t\t\t\t\t\t<\/div>\n\t\t\t\t<\/div>\n\t\t\t\t<div class=\"elementor-element elementor-element-73c3cf1 elementor-widget elementor-widget-text-editor\" data-id=\"73c3cf1\" data-element_type=\"widget\" data-widget_type=\"text-editor.default\">\n\t\t\t\t<div class=\"elementor-widget-container\">\n\t\t\t\t\t\t\t\t\t<h2 data-start=\"0\" data-end=\"31\">What is Thyroid Eye Disease?<\/h2><p>Thyroid eye disease, also known colloquially as Graves&#039; disease, typically occurs as a result of an autoimmune disorder of the thyroid gland. This disease manifests itself as inflammation of the muscles and fatty tissues surrounding the eyes. Symptoms include prominent bulging eyes, redness, dryness, double vision, and even vision loss. These changes in the eyes can both reduce vision quality and cause serious aesthetic problems for patients.<\/p><h3 class=\"\" data-start=\"749\" data-end=\"775\">Why Does Disease Occur?<\/h3><p class=\"\" data-start=\"777\" data-end=\"1165\">Graves&#039; disease is a process that begins with the immune system attacking the thyroid gland. Over time, this immune response can spread to the tissues surrounding the eye. Edema and thickening develop in the eye muscles and fatty tissues. This leads to the eyes being pushed forward (proptosis) and the eyelids retracting. Rarely, this condition can occur without a diagnosis of thyroid disease.<\/p><h3 class=\"\" data-start=\"1167\" data-end=\"1191\">What are the symptoms?<\/h3><p class=\"\" data-start=\"1193\" data-end=\"1294\">Although the symptoms of thyroid eye disease vary from person to person, the most common are:<\/p><ul data-start=\"1296\" data-end=\"1499\"><li class=\"\" data-start=\"1296\" data-end=\"1324\"><p class=\"\" data-start=\"1298\" data-end=\"1324\">Significant protrusion of the eyes<\/p><\/li><li class=\"\" data-start=\"1325\" data-end=\"1355\"><p class=\"\" data-start=\"1327\" data-end=\"1355\">Dry eyes, stinging and burning<\/p><\/li><li class=\"\" data-start=\"1356\" data-end=\"1378\"><p class=\"\" data-start=\"1358\" data-end=\"1378\">Double vision (diplopia)<\/p><\/li><li class=\"\" data-start=\"1379\" data-end=\"1416\"><p class=\"\" data-start=\"1381\" data-end=\"1416\">Swelling and redness around the eyes<\/p><\/li><li class=\"\" data-start=\"1417\" data-end=\"1452\"><p class=\"\" data-start=\"1419\" data-end=\"1452\">Pulling up the eyelids<\/p><\/li><li class=\"\" data-start=\"1453\" data-end=\"1499\"><p class=\"\" data-start=\"1455\" data-end=\"1499\">Decrease or loss of vision (in advanced cases)<\/p><\/li><\/ul><p class=\"\" data-start=\"1501\" data-end=\"1603\">These symptoms usually progress slowly, but in some cases they can worsen suddenly and rapidly.<\/p>\t\t\t\t\t\t\t\t<\/div>\n\t\t\t\t<\/div>\n\t\t\t\t<div class=\"elementor-element elementor-element-3f30135 elementor-widget elementor-widget-image\" data-id=\"3f30135\" data-element_type=\"widget\" data-widget_type=\"image.default\">\n\t\t\t\t<div class=\"elementor-widget-container\">\n\t\t\t\t\t\t\t\t\t\t\t\t\t\t\t<img decoding=\"async\" width=\"1134\" height=\"567\" src=\"https:\/\/artofoculoplastics.com\/wp-content\/uploads\/2025\/04\/Tiroid-Goz-Hastaligi-Graves-Hastaligi-Orbita-Dekompresyonu-2.png\" class=\"attachment-full size-full wp-image-7628\" alt=\"Thyroid Eye Disease Treatment Process\" srcset=\"https:\/\/artofoculoplastics.com\/wp-content\/uploads\/2025\/04\/Tiroid-Goz-Hastaligi-Graves-Hastaligi-Orbita-Dekompresyonu-2.png 1134w, https:\/\/artofoculoplastics.com\/wp-content\/uploads\/2025\/04\/Tiroid-Goz-Hastaligi-Graves-Hastaligi-Orbita-Dekompresyonu-2-300x150.png 300w, https:\/\/artofoculoplastics.com\/wp-content\/uploads\/2025\/04\/Tiroid-Goz-Hastaligi-Graves-Hastaligi-Orbita-Dekompresyonu-2-1024x512.png 1024w, https:\/\/artofoculoplastics.com\/wp-content\/uploads\/2025\/04\/Tiroid-Goz-Hastaligi-Graves-Hastaligi-Orbita-Dekompresyonu-2-768x384.png 768w, https:\/\/artofoculoplastics.com\/wp-content\/uploads\/2025\/04\/Tiroid-Goz-Hastaligi-Graves-Hastaligi-Orbita-Dekompresyonu-2-18x9.png 18w, https:\/\/artofoculoplastics.com\/wp-content\/uploads\/2025\/04\/Tiroid-Goz-Hastaligi-Graves-Hastaligi-Orbita-Dekompresyonu-2-600x300.png 600w\" sizes=\"(max-width: 1134px) 100vw, 1134px\" \/>\t\t\t\t\t\t\t\t\t\t\t\t\t\t\t<\/div>\n\t\t\t\t<\/div>\n\t\t\t\t<div class=\"elementor-element elementor-element-b71e0df elementor-widget elementor-widget-text-editor\" data-id=\"b71e0df\" data-element_type=\"widget\" data-widget_type=\"text-editor.default\">\n\t\t\t\t<div class=\"elementor-widget-container\">\n\t\t\t\t\t\t\t\t\t<h2 class=\"\" data-start=\"2270\" data-end=\"2325\">Thyroid Eye Disease Treatment Process<\/h2><p class=\"\" data-start=\"1624\" data-end=\"2067\">The treatment process for thyroid eye disease generally has two phases: a period of active inflammation and a period of quiescence (burn-out). During the active phase, because the disease is progressive, treatments aimed at reducing inflammation are primarily applied. Teardrops, corticosteroids, and immunosuppressants may be used if necessary. Avoiding smoking is crucial during this period, as smoking negatively impacts the severity of the disease and the response to treatment.<\/p><p class=\"\" data-start=\"2069\" data-end=\"2224\">Once the disease is under control, surgical treatment is considered for permanent effects such as protrusion of the eyes, double vision, and eyelid disorders.<\/p><h3 class=\"\" data-start=\"2226\" data-end=\"2266\">What is Orbital Decompression Surgery?<\/h3><p>Orbital decompression surgery is a procedure performed to position the eyes more naturally and posteriorly. During this procedure, a portion of the orbital walls are expanded to create more room for the eyeball. This reduces eye protrusion, relieves pressure on the nerve, and improves aesthetics. Surgery is typically performed after the &quot;burnout&quot; period, when active inflammation has subsided.<\/p><h3 data-start=\"2696\" data-end=\"2715\">What is the Recovery Process Like?<\/h3><p class=\"\" data-start=\"2717\" data-end=\"3088\">Orbital decompression surgery is performed under general anesthesia, and patients can often be discharged the same day. Mild swelling and bruising may occur in the first few days, but these symptoms subside over time. Patients generally return to their normal routines within a few weeks. Regular follow-up is essential for a complete evaluation of visual function and eye aesthetics.<\/p>\t\t\t\t\t\t\t\t<\/div>\n\t\t\t\t<\/div>\n\t\t\t\t<div class=\"elementor-element elementor-element-12609f3 elementor-widget elementor-widget-heading\" data-id=\"12609f3\" data-element_type=\"widget\" data-widget_type=\"heading.default\">\n\t\t\t\t<div class=\"elementor-widget-container\">\n\t\t\t\t\t<h3 class=\"elementor-heading-title elementor-size-default\">Frequently Asked Questions<\/h3>\t\t\t\t<\/div>\n\t\t\t\t<\/div>\n\t\t\t\t<div class=\"elementor-element elementor-element-4c1e7fd elementor-widget elementor-widget-accordion\" data-id=\"4c1e7fd\" data-element_type=\"widget\" data-widget_type=\"accordion.default\">\n\t\t\t\t<div class=\"elementor-widget-container\">\n\t\t\t\t\t\t\t<div class=\"elementor-accordion\">\n\t\t\t\t\t\t\t<div class=\"elementor-accordion-item\">\n\t\t\t\t\t<div id=\"elementor-tab-title-7981\" class=\"elementor-tab-title\" data-tab=\"1\" role=\"button\" aria-controls=\"elementor-tab-content-7981\" aria-expanded=\"false\">\n\t\t\t\t\t\t\t\t\t\t\t\t\t<span class=\"elementor-accordion-icon elementor-accordion-icon-right\" aria-hidden=\"true\">\n\t\t\t\t\t\t\t\t\t\t\t\t\t\t\t<span class=\"elementor-accordion-icon-closed\"><svg class=\"e-font-icon-svg e-fas-plus\" viewbox=\"0 0 448 512\" xmlns=\"http:\/\/www.w3.org\/2000\/svg\"><path d=\"M416 208H272V64c0-17.67-14.33-32-32-32h-32c-17.67 0-32 14.33-32 32v144H32c-17.67 0-32 14.33-32 32v32c0 17.67 14.33 32 32 32h144v144c0 17.67 14.33 32 32 32h32c17.67 0 32-14.33 32-32V304h144c17.67 0 32-14.33 32-32v-32c0-17.67-14.33-32-32-32z\"><\/path><\/svg><\/span>\n\t\t\t\t\t\t\t\t<span class=\"elementor-accordion-icon-opened\"><svg class=\"e-font-icon-svg e-fas-minus\" viewbox=\"0 0 448 512\" xmlns=\"http:\/\/www.w3.org\/2000\/svg\"><path d=\"M416 208H32c-17.67 0-32 14.33-32 32v32c0 17.67 14.33 32 32 32h384c17.67 0 32-14.33 32-32v-32c0-17.67-14.33-32-32-32z\"><\/path><\/svg><\/span>\n\t\t\t\t\t\t\t\t\t\t\t\t\t\t<\/span>\n\t\t\t\t\t\t\t\t\t\t\t\t<a class=\"elementor-accordion-title\" tabindex=\"0\">Does orbital decompression surgery provide a permanent solution?<\/a>\n\t\t\t\t\t<\/div>\n\t\t\t\t\t<div id=\"elementor-tab-content-7981\" class=\"elementor-tab-content elementor-clearfix\" data-tab=\"1\" role=\"region\" aria-labelledby=\"elementor-tab-title-7981\"><p class=\"\" data-start=\"3909\" data-end=\"4071\">No. Not every patient develops eye protrusion (proptosis). Some people experience only milder symptoms such as dry eyes, redness, or eyelid retraction. However, these symptoms may worsen as the disease progresses.<\/p><\/div>\n\t\t\t\t<\/div>\n\t\t\t\t\t\t\t<div class=\"elementor-accordion-item\">\n\t\t\t\t\t<div id=\"elementor-tab-title-7982\" class=\"elementor-tab-title\" data-tab=\"2\" role=\"button\" aria-controls=\"elementor-tab-content-7982\" aria-expanded=\"false\">\n\t\t\t\t\t\t\t\t\t\t\t\t\t<span class=\"elementor-accordion-icon elementor-accordion-icon-right\" aria-hidden=\"true\">\n\t\t\t\t\t\t\t\t\t\t\t\t\t\t\t<span class=\"elementor-accordion-icon-closed\"><svg class=\"e-font-icon-svg e-fas-plus\" viewbox=\"0 0 448 512\" xmlns=\"http:\/\/www.w3.org\/2000\/svg\"><path d=\"M416 208H272V64c0-17.67-14.33-32-32-32h-32c-17.67 0-32 14.33-32 32v144H32c-17.67 0-32 14.33-32 32v32c0 17.67 14.33 32 32 32h144v144c0 17.67 14.33 32 32 32h32c17.67 0 32-14.33 32-32V304h144c17.67 0 32-14.33 32-32v-32c0-17.67-14.33-32-32-32z\"><\/path><\/svg><\/span>\n\t\t\t\t\t\t\t\t<span class=\"elementor-accordion-icon-opened\"><svg class=\"e-font-icon-svg e-fas-minus\" viewbox=\"0 0 448 512\" xmlns=\"http:\/\/www.w3.org\/2000\/svg\"><path d=\"M416 208H32c-17.67 0-32 14.33-32 32v32c0 17.67 14.33 32 32 32h384c17.67 0 32-14.33 32-32v-32c0-17.67-14.33-32-32-32z\"><\/path><\/svg><\/span>\n\t\t\t\t\t\t\t\t\t\t\t\t\t\t<\/span>\n\t\t\t\t\t\t\t\t\t\t\t\t<a class=\"elementor-accordion-title\" tabindex=\"0\">Does orbital decompression surgery provide a permanent solution?<\/a>\n\t\t\t\t\t<\/div>\n\t\t\t\t\t<div id=\"elementor-tab-content-7982\" class=\"elementor-tab-content elementor-clearfix\" data-tab=\"2\" role=\"region\" aria-labelledby=\"elementor-tab-title-7982\"><p class=\"\" data-start=\"351\" data-end=\"633\">Yes, it&#039;s usually a permanent solution. Surgery retracts the eye and improves its aesthetic appearance. However, results vary depending on each patient&#039;s condition, and in rare cases, additional surgery may be necessary.<\/p><\/div>\n\t\t\t\t<\/div>\n\t\t\t\t\t\t\t<div class=\"elementor-accordion-item\">\n\t\t\t\t\t<div id=\"elementor-tab-title-7983\" class=\"elementor-tab-title\" data-tab=\"3\" role=\"button\" aria-controls=\"elementor-tab-content-7983\" aria-expanded=\"false\">\n\t\t\t\t\t\t\t\t\t\t\t\t\t<span class=\"elementor-accordion-icon elementor-accordion-icon-right\" aria-hidden=\"true\">\n\t\t\t\t\t\t\t\t\t\t\t\t\t\t\t<span class=\"elementor-accordion-icon-closed\"><svg class=\"e-font-icon-svg e-fas-plus\" viewbox=\"0 0 448 512\" xmlns=\"http:\/\/www.w3.org\/2000\/svg\"><path d=\"M416 208H272V64c0-17.67-14.33-32-32-32h-32c-17.67 0-32 14.33-32 32v144H32c-17.67 0-32 14.33-32 32v32c0 17.67 14.33 32 32 32h144v144c0 17.67 14.33 32 32 32h32c17.67 0 32-14.33 32-32V304h144c17.67 0 32-14.33 32-32v-32c0-17.67-14.33-32-32-32z\"><\/path><\/svg><\/span>\n\t\t\t\t\t\t\t\t<span class=\"elementor-accordion-icon-opened\"><svg class=\"e-font-icon-svg e-fas-minus\" viewbox=\"0 0 448 512\" xmlns=\"http:\/\/www.w3.org\/2000\/svg\"><path d=\"M416 208H32c-17.67 0-32 14.33-32 32v32c0 17.67 14.33 32 32 32h384c17.67 0 32-14.33 32-32v-32c0-17.67-14.33-32-32-32z\"><\/path><\/svg><\/span>\n\t\t\t\t\t\t\t\t\t\t\t\t\t\t<\/span>\n\t\t\t\t\t\t\t\t\t\t\t\t<a class=\"elementor-accordion-title\" tabindex=\"0\">Does thyroid eye disease lead to eye loss?<\/a>\n\t\t\t\t\t<\/div>\n\t\t\t\t\t<div id=\"elementor-tab-content-7983\" class=\"elementor-tab-content elementor-clearfix\" data-tab=\"3\" role=\"region\" aria-labelledby=\"elementor-tab-title-7983\"><p class=\"\" data-start=\"1058\" data-end=\"1157\">In advanced stages, there is a risk of vision loss, especially when the optic nerve is compressed. However, this can be prevented with early diagnosis and regular follow-up. When necessary, surgical intervention plays a critical role in preserving vision.<\/p><\/div>\n\t\t\t\t<\/div>\n\t\t\t\t\t\t\t<div class=\"elementor-accordion-item\">\n\t\t\t\t\t<div id=\"elementor-tab-title-7984\" class=\"elementor-tab-title\" data-tab=\"4\" role=\"button\" aria-controls=\"elementor-tab-content-7984\" aria-expanded=\"false\">\n\t\t\t\t\t\t\t\t\t\t\t\t\t<span class=\"elementor-accordion-icon elementor-accordion-icon-right\" aria-hidden=\"true\">\n\t\t\t\t\t\t\t\t\t\t\t\t\t\t\t<span class=\"elementor-accordion-icon-closed\"><svg class=\"e-font-icon-svg e-fas-plus\" viewbox=\"0 0 448 512\" xmlns=\"http:\/\/www.w3.org\/2000\/svg\"><path d=\"M416 208H272V64c0-17.67-14.33-32-32-32h-32c-17.67 0-32 14.33-32 32v144H32c-17.67 0-32 14.33-32 32v32c0 17.67 14.33 32 32 32h144v144c0 17.67 14.33 32 32 32h32c17.67 0 32-14.33 32-32V304h144c17.67 0 32-14.33 32-32v-32c0-17.67-14.33-32-32-32z\"><\/path><\/svg><\/span>\n\t\t\t\t\t\t\t\t<span class=\"elementor-accordion-icon-opened\"><svg class=\"e-font-icon-svg e-fas-minus\" viewbox=\"0 0 448 512\" xmlns=\"http:\/\/www.w3.org\/2000\/svg\"><path d=\"M416 208H32c-17.67 0-32 14.33-32 32v32c0 17.67 14.33 32 32 32h384c17.67 0 32-14.33 32-32v-32c0-17.67-14.33-32-32-32z\"><\/path><\/svg><\/span>\n\t\t\t\t\t\t\t\t\t\t\t\t\t\t<\/span>\n\t\t\t\t\t\t\t\t\t\t\t\t<a class=\"elementor-accordion-title\" tabindex=\"0\">Does Graves&#039; disease only occur in women?<\/a>\n\t\t\t\t\t<\/div>\n\t\t\t\t\t<div id=\"elementor-tab-content-7984\" class=\"elementor-tab-content elementor-clearfix\" data-tab=\"4\" role=\"region\" aria-labelledby=\"elementor-tab-title-7984\"><p class=\"\" data-start=\"4572\" data-end=\"4669\">No. Graves&#039; disease and thyroid eye disease can affect both men and women. While more common in women, the disease is often more severe in men.<\/p><\/div>\n\t\t\t\t<\/div>\n\t\t\t\t\t\t\t<div class=\"elementor-accordion-item\">\n\t\t\t\t\t<div id=\"elementor-tab-title-7985\" class=\"elementor-tab-title\" data-tab=\"5\" role=\"button\" aria-controls=\"elementor-tab-content-7985\" aria-expanded=\"false\">\n\t\t\t\t\t\t\t\t\t\t\t\t\t<span class=\"elementor-accordion-icon elementor-accordion-icon-right\" aria-hidden=\"true\">\n\t\t\t\t\t\t\t\t\t\t\t\t\t\t\t<span class=\"elementor-accordion-icon-closed\"><svg class=\"e-font-icon-svg e-fas-plus\" viewbox=\"0 0 448 512\" xmlns=\"http:\/\/www.w3.org\/2000\/svg\"><path d=\"M416 208H272V64c0-17.67-14.33-32-32-32h-32c-17.67 0-32 14.33-32 32v144H32c-17.67 0-32 14.33-32 32v32c0 17.67 14.33 32 32 32h144v144c0 17.67 14.33 32 32 32h32c17.67 0 32-14.33 32-32V304h144c17.67 0 32-14.33 32-32v-32c0-17.67-14.33-32-32-32z\"><\/path><\/svg><\/span>\n\t\t\t\t\t\t\t\t<span class=\"elementor-accordion-icon-opened\"><svg class=\"e-font-icon-svg e-fas-minus\" viewbox=\"0 0 448 512\" xmlns=\"http:\/\/www.w3.org\/2000\/svg\"><path d=\"M416 208H32c-17.67 0-32 14.33-32 32v32c0 17.67 14.33 32 32 32h384c17.67 0 32-14.33 32-32v-32c0-17.67-14.33-32-32-32z\"><\/path><\/svg><\/span>\n\t\t\t\t\t\t\t\t\t\t\t\t\t\t<\/span>\n\t\t\t\t\t\t\t\t\t\t\t\t<a class=\"elementor-accordion-title\" tabindex=\"0\">Will eye complaints improve after thyroid treatment?<\/a>\n\t\t\t\t\t<\/div>\n\t\t\t\t\t<div id=\"elementor-tab-content-7985\" class=\"elementor-tab-content elementor-clearfix\" data-tab=\"5\" role=\"region\" aria-labelledby=\"elementor-tab-title-7985\"><p>Treating the thyroid gland (medication, surgery, or radioactive iodine) does not completely eliminate the eye symptoms. Eye-related problems are usually evaluated and treated separately.<\/p><\/div>\n\t\t\t\t<\/div>\n\t\t\t\t\t\t\t\t<\/div>\n\t\t\t\t\t\t<\/div>\n\t\t\t\t<\/div>\n\t\t\t\t\t<\/div>\n\t\t\t\t<\/div>\n\t\t\t\t\t<\/div>\n\t\t\t\t<\/div>\n\t\t\t\t<\/div>","protected":false},"excerpt":{"rendered":"<p>Tiroid G\u00f6z Hastal\u0131\u011f\u0131 Nedir? Tiroid g\u00f6z hastal\u0131\u011f\u0131, halk aras\u0131nda Graves hastal\u0131\u011f\u0131 olarak da bilinir ve genellikle tiroid bezinin otoimm\u00fcn bir bozuklu\u011fu sonucunda ortaya \u00e7\u0131kar. Bu hastal\u0131k, g\u00f6z \u00e7evresindeki kaslar ve ya\u011f dokular\u0131nda iltihaplanma ile kendini g\u00f6sterir. G\u00f6zlerde belirgin bir \u00e7\u0131k\u0131kl\u0131k, k\u0131zar\u0131kl\u0131k, kuruluk, \u00e7ift g\u00f6rme ve hatta g\u00f6rme kayb\u0131 gibi belirtilerle seyredebilir. G\u00f6zlerdeki bu de\u011fi\u015fimler hem&#8230;<\/p>","protected":false},"author":1,"featured_media":0,"parent":6506,"menu_order":0,"comment_status":"closed","ping_status":"closed","template":"","meta":{"footnotes":""},"class_list":["post-6511","page","type-page","status-publish","hentry"],"_links":{"self":[{"href":"https:\/\/artofoculoplastics.com\/en\/wp-json\/wp\/v2\/pages\/6511","targetHints":{"allow":["GET"]}}],"collection":[{"href":"https:\/\/artofoculoplastics.com\/en\/wp-json\/wp\/v2\/pages"}],"about":[{"href":"https:\/\/artofoculoplastics.com\/en\/wp-json\/wp\/v2\/types\/page"}],"author":[{"embeddable":true,"href":"https:\/\/artofoculoplastics.com\/en\/wp-json\/wp\/v2\/users\/1"}],"replies":[{"embeddable":true,"href":"https:\/\/artofoculoplastics.com\/en\/wp-json\/wp\/v2\/comments?post=6511"}],"version-history":[{"count":12,"href":"https:\/\/artofoculoplastics.com\/en\/wp-json\/wp\/v2\/pages\/6511\/revisions"}],"predecessor-version":[{"id":7631,"href":"https:\/\/artofoculoplastics.com\/en\/wp-json\/wp\/v2\/pages\/6511\/revisions\/7631"}],"up":[{"embeddable":true,"href":"https:\/\/artofoculoplastics.com\/en\/wp-json\/wp\/v2\/pages\/6506"}],"wp:attachment":[{"href":"https:\/\/artofoculoplastics.com\/en\/wp-json\/wp\/v2\/media?parent=6511"}],"curies":[{"name":"wp","href":"https:\/\/api.w.org\/{rel}","templated":true}]}}