{"id":6509,"date":"2025-04-24T11:04:46","date_gmt":"2025-04-24T08:04:46","guid":{"rendered":"https:\/\/artofoculoplastics.com\/?page_id=6509"},"modified":"2025-04-29T12:00:31","modified_gmt":"2025-04-29T09:00:31","slug":"orbital-decompression-portlek-eye-surgery-2","status":"publish","type":"page","link":"https:\/\/artofoculoplastics.com\/en\/orbital-eye-socket-surgery-2\/orbital-decompression-portlek-eye-surgery-2\/","title":{"rendered":"Orbital Decompression (Protruding Eye) Surgery"},"content":{"rendered":"<div data-elementor-type=\"wp-page\" data-elementor-id=\"6509\" class=\"elementor elementor-6509\">\n\t\t\t\t<div class=\"elementor-element elementor-element-7dfdb3b e-flex e-con-boxed e-con e-parent\" data-id=\"7dfdb3b\" data-element_type=\"container\">\n\t\t\t\t\t<div class=\"e-con-inner\">\n\t\t<div class=\"elementor-element elementor-element-006fd51 e-flex e-con-boxed e-con e-child\" data-id=\"006fd51\" data-element_type=\"container\">\n\t\t\t\t\t<div class=\"e-con-inner\">\n\t\t\r\n\t\t<div class=\"elementor-element elementor-element-a31219b elementor-widget elementor-widget-image\" data-id=\"a31219b\" data-element_type=\"widget\" data-widget_type=\"image.default\">\n\t\t\t\t<div class=\"elementor-widget-container\">\n\t\t\t\t\t\t\t\t\t\t\t\t\t\t\t<img fetchpriority=\"high\" decoding=\"async\" width=\"1134\" height=\"567\" src=\"https:\/\/artofoculoplastics.com\/wp-content\/uploads\/2025\/04\/Orbita-Dekompresyonu-Portlek-Goz-Ameliyati-1.png\" class=\"attachment-full size-full wp-image-7640\" alt=\"What is Orbital Decompression (Puppet Eye) Surgery?\" srcset=\"https:\/\/artofoculoplastics.com\/wp-content\/uploads\/2025\/04\/Orbita-Dekompresyonu-Portlek-Goz-Ameliyati-1.png 1134w, https:\/\/artofoculoplastics.com\/wp-content\/uploads\/2025\/04\/Orbita-Dekompresyonu-Portlek-Goz-Ameliyati-1-300x150.png 300w, https:\/\/artofoculoplastics.com\/wp-content\/uploads\/2025\/04\/Orbita-Dekompresyonu-Portlek-Goz-Ameliyati-1-1024x512.png 1024w, https:\/\/artofoculoplastics.com\/wp-content\/uploads\/2025\/04\/Orbita-Dekompresyonu-Portlek-Goz-Ameliyati-1-768x384.png 768w, https:\/\/artofoculoplastics.com\/wp-content\/uploads\/2025\/04\/Orbita-Dekompresyonu-Portlek-Goz-Ameliyati-1-18x9.png 18w, https:\/\/artofoculoplastics.com\/wp-content\/uploads\/2025\/04\/Orbita-Dekompresyonu-Portlek-Goz-Ameliyati-1-600x300.png 600w\" sizes=\"(max-width: 1134px) 100vw, 1134px\" \/>\t\t\t\t\t\t\t\t\t\t\t\t\t\t\t<\/div>\n\t\t\t\t<\/div>\n\t\t\t\t<div class=\"elementor-element elementor-element-ad17c41 elementor-widget elementor-widget-text-editor\" data-id=\"ad17c41\" data-element_type=\"widget\" data-widget_type=\"text-editor.default\">\n\t\t\t\t<div class=\"elementor-widget-container\">\n\t\t\t\t\t\t\t\t\t<h2 class=\"\" data-start=\"238\" data-end=\"268\">What is Orbital Decompression?<\/h2><p>Orbital decompression is a surgical procedure that aims to reduce eye protrusion (proptosis) by removing a portion of the bone or fatty tissue in the orbit. This condition, most commonly caused by thyroid eye disease (Graves&#039; orbitopathy), can cause both visual impairment and aesthetic problems.<\/p><h2 class=\"\" data-start=\"571\" data-end=\"601\">In Which Situations Is It Applied?<\/h2><p class=\"\" data-start=\"603\" data-end=\"674\">This surgical method can be applied to patients with the following complaints:<\/p><ul data-start=\"676\" data-end=\"903\"><li class=\"\" data-start=\"676\" data-end=\"728\"><p class=\"\" data-start=\"678\" data-end=\"728\">Severe protrusion of the eyes (protruding appearance)<\/p><\/li><li class=\"\" data-start=\"729\" data-end=\"793\"><p class=\"\" data-start=\"731\" data-end=\"793\">Dry eyes and irritation due to eyelid not closing properly<\/p><\/li><li class=\"\" data-start=\"794\" data-end=\"832\"><p class=\"\" data-start=\"796\" data-end=\"832\">A feeling of pressure or pain behind the eye<\/p><\/li><li class=\"\" data-start=\"833\" data-end=\"880\"><p class=\"\" data-start=\"835\" data-end=\"880\">Decreased vision due to pressure on the optic nerve<\/p><\/li><li class=\"\" data-start=\"881\" data-end=\"903\"><p class=\"\" data-start=\"883\" data-end=\"903\">Double vision (diplopia)<\/p><\/li><\/ul><h2>Who is it suitable for?<\/h2><p class=\"\" data-start=\"931\" data-end=\"963\">Orbital decompression usually:<\/p><ul data-start=\"965\" data-end=\"1228\"><li class=\"\" data-start=\"965\" data-end=\"1040\"><p class=\"\" data-start=\"967\" data-end=\"1040\">In patients whose active inflammatory period of thyroid eye disease has been completed<\/p><\/li><li class=\"\" data-start=\"1041\" data-end=\"1094\"><p class=\"\" data-start=\"1043\" data-end=\"1094\">Individuals who have aesthetic or functional problems<\/p><\/li><li class=\"\" data-start=\"1095\" data-end=\"1161\"><p class=\"\" data-start=\"1097\" data-end=\"1161\">In cases where urgent intervention is required due to pressure on the optic nerve<\/p><\/li><li class=\"\" data-start=\"1162\" data-end=\"1228\"><p class=\"\" data-start=\"1164\" data-end=\"1228\">It is applied to people who have dry eyes and are at risk of infection.<\/p><\/li><\/ul>\t\t\t\t\t\t\t\t<\/div>\n\t\t\t\t<\/div>\n\t\t\t\t<div class=\"elementor-element elementor-element-7fdbd8e elementor-widget elementor-widget-image\" data-id=\"7fdbd8e\" data-element_type=\"widget\" data-widget_type=\"image.default\">\n\t\t\t\t<div class=\"elementor-widget-container\">\n\t\t\t\t\t\t\t\t\t\t\t\t\t\t\t<img decoding=\"async\" width=\"1134\" height=\"567\" src=\"https:\/\/artofoculoplastics.com\/wp-content\/uploads\/2025\/04\/Orbita-Dekompresyonu-Portlek-Goz-Ameliyati-2.png\" class=\"attachment-full size-full wp-image-7641\" alt=\"\" srcset=\"https:\/\/artofoculoplastics.com\/wp-content\/uploads\/2025\/04\/Orbita-Dekompresyonu-Portlek-Goz-Ameliyati-2.png 1134w, https:\/\/artofoculoplastics.com\/wp-content\/uploads\/2025\/04\/Orbita-Dekompresyonu-Portlek-Goz-Ameliyati-2-300x150.png 300w, https:\/\/artofoculoplastics.com\/wp-content\/uploads\/2025\/04\/Orbita-Dekompresyonu-Portlek-Goz-Ameliyati-2-1024x512.png 1024w, https:\/\/artofoculoplastics.com\/wp-content\/uploads\/2025\/04\/Orbita-Dekompresyonu-Portlek-Goz-Ameliyati-2-768x384.png 768w, https:\/\/artofoculoplastics.com\/wp-content\/uploads\/2025\/04\/Orbita-Dekompresyonu-Portlek-Goz-Ameliyati-2-18x9.png 18w, https:\/\/artofoculoplastics.com\/wp-content\/uploads\/2025\/04\/Orbita-Dekompresyonu-Portlek-Goz-Ameliyati-2-600x300.png 600w\" sizes=\"(max-width: 1134px) 100vw, 1134px\" \/>\t\t\t\t\t\t\t\t\t\t\t\t\t\t\t<\/div>\n\t\t\t\t<\/div>\n\t\t\t\t<div class=\"elementor-element elementor-element-ecd7347 elementor-widget elementor-widget-text-editor\" data-id=\"ecd7347\" data-element_type=\"widget\" data-widget_type=\"text-editor.default\">\n\t\t\t\t<div class=\"elementor-widget-container\">\n\t\t\t\t\t\t\t\t\t<h2 class=\"\" data-start=\"1230\" data-end=\"1256\">How is Bulging Eye Surgery Performed?<\/h2><p class=\"\" data-start=\"1258\" data-end=\"1538\">Surgery is usually performed through small incisions made inside the eyelid or in the under-eye area. These incisions widen the orbit and reposition the eyeball closer to its natural position. Excess orbital fat may also be removed during the procedure.<\/p><h2 class=\"\" data-start=\"1540\" data-end=\"1568\">What is the Recovery Process Like?<\/h2><p class=\"\" data-start=\"1570\" data-end=\"1625\">The postoperative period is generally quick and comfortable:<\/p><ul data-start=\"1627\" data-end=\"1859\"><li class=\"\" data-start=\"1627\" data-end=\"1670\"><p class=\"\" data-start=\"1629\" data-end=\"1670\">There may be swelling and bruising for the first few days.<\/p><\/li><li class=\"\" data-start=\"1671\" data-end=\"1726\"><p class=\"\" data-start=\"1673\" data-end=\"1726\">Most patients can return to their social lives within 7-10 days.<\/p><\/li><li class=\"\" data-start=\"1727\" data-end=\"1778\"><p class=\"\" data-start=\"1729\" data-end=\"1778\">Full recovery usually takes 4-6 weeks.<\/p><\/li><li class=\"\" data-start=\"1779\" data-end=\"1859\"><p class=\"\" data-start=\"1781\" data-end=\"1859\">In some cases, additional surgeries (eyelid correction, strabismus surgery) may be necessary.<\/p><\/li><\/ul>\t\t\t\t\t\t\t\t<\/div>\n\t\t\t\t<\/div>\n\t\t\t\t<div class=\"elementor-element elementor-element-d0ab088 elementor-widget elementor-widget-heading\" data-id=\"d0ab088\" data-element_type=\"widget\" data-widget_type=\"heading.default\">\n\t\t\t\t<div class=\"elementor-widget-container\">\n\t\t\t\t\t<h3 class=\"elementor-heading-title elementor-size-default\">Frequently Asked Questions<\/h3>\t\t\t\t<\/div>\n\t\t\t\t<\/div>\n\t\t\t\t<div class=\"elementor-element elementor-element-cb7dd3e elementor-widget elementor-widget-accordion\" data-id=\"cb7dd3e\" data-element_type=\"widget\" data-widget_type=\"accordion.default\">\n\t\t\t\t<div class=\"elementor-widget-container\">\n\t\t\t\t\t\t\t<div class=\"elementor-accordion\">\n\t\t\t\t\t\t\t<div class=\"elementor-accordion-item\">\n\t\t\t\t\t<div id=\"elementor-tab-title-2131\" class=\"elementor-tab-title\" data-tab=\"1\" role=\"button\" aria-controls=\"elementor-tab-content-2131\" aria-expanded=\"false\">\n\t\t\t\t\t\t\t\t\t\t\t\t\t<span class=\"elementor-accordion-icon elementor-accordion-icon-right\" aria-hidden=\"true\">\n\t\t\t\t\t\t\t\t\t\t\t\t\t\t\t<span class=\"elementor-accordion-icon-closed\"><svg class=\"e-font-icon-svg e-fas-plus\" viewbox=\"0 0 448 512\" xmlns=\"http:\/\/www.w3.org\/2000\/svg\"><path d=\"M416 208H272V64c0-17.67-14.33-32-32-32h-32c-17.67 0-32 14.33-32 32v144H32c-17.67 0-32 14.33-32 32v32c0 17.67 14.33 32 32 32h144v144c0 17.67 14.33 32 32 32h32c17.67 0 32-14.33 32-32V304h144c17.67 0 32-14.33 32-32v-32c0-17.67-14.33-32-32-32z\"><\/path><\/svg><\/span>\n\t\t\t\t\t\t\t\t<span class=\"elementor-accordion-icon-opened\"><svg class=\"e-font-icon-svg e-fas-minus\" viewbox=\"0 0 448 512\" xmlns=\"http:\/\/www.w3.org\/2000\/svg\"><path d=\"M416 208H32c-17.67 0-32 14.33-32 32v32c0 17.67 14.33 32 32 32h384c17.67 0 32-14.33 32-32v-32c0-17.67-14.33-32-32-32z\"><\/path><\/svg><\/span>\n\t\t\t\t\t\t\t\t\t\t\t\t\t\t<\/span>\n\t\t\t\t\t\t\t\t\t\t\t\t<a class=\"elementor-accordion-title\" tabindex=\"0\">Will my vision change after orbital decompression surgery?<\/a>\n\t\t\t\t\t<\/div>\n\t\t\t\t\t<div id=\"elementor-tab-content-2131\" class=\"elementor-tab-content elementor-clearfix\" data-tab=\"1\" role=\"region\" aria-labelledby=\"elementor-tab-title-2131\"><p class=\"\" data-start=\"3909\" data-end=\"4071\">Surgery doesn&#039;t aim to improve vision, but it can improve vision quality in some patients by reducing pressure on the optic nerve. While vision loss is rare, it can be a serious complication.<\/p><\/div>\n\t\t\t\t<\/div>\n\t\t\t\t\t\t\t<div class=\"elementor-accordion-item\">\n\t\t\t\t\t<div id=\"elementor-tab-title-2132\" class=\"elementor-tab-title\" data-tab=\"2\" role=\"button\" aria-controls=\"elementor-tab-content-2132\" aria-expanded=\"false\">\n\t\t\t\t\t\t\t\t\t\t\t\t\t<span class=\"elementor-accordion-icon elementor-accordion-icon-right\" aria-hidden=\"true\">\n\t\t\t\t\t\t\t\t\t\t\t\t\t\t\t<span class=\"elementor-accordion-icon-closed\"><svg class=\"e-font-icon-svg e-fas-plus\" viewbox=\"0 0 448 512\" xmlns=\"http:\/\/www.w3.org\/2000\/svg\"><path d=\"M416 208H272V64c0-17.67-14.33-32-32-32h-32c-17.67 0-32 14.33-32 32v144H32c-17.67 0-32 14.33-32 32v32c0 17.67 14.33 32 32 32h144v144c0 17.67 14.33 32 32 32h32c17.67 0 32-14.33 32-32V304h144c17.67 0 32-14.33 32-32v-32c0-17.67-14.33-32-32-32z\"><\/path><\/svg><\/span>\n\t\t\t\t\t\t\t\t<span class=\"elementor-accordion-icon-opened\"><svg class=\"e-font-icon-svg e-fas-minus\" viewbox=\"0 0 448 512\" xmlns=\"http:\/\/www.w3.org\/2000\/svg\"><path d=\"M416 208H32c-17.67 0-32 14.33-32 32v32c0 17.67 14.33 32 32 32h384c17.67 0 32-14.33 32-32v-32c0-17.67-14.33-32-32-32z\"><\/path><\/svg><\/span>\n\t\t\t\t\t\t\t\t\t\t\t\t\t\t<\/span>\n\t\t\t\t\t\t\t\t\t\t\t\t<a class=\"elementor-accordion-title\" tabindex=\"0\">Will my eye shape return to normal after the surgery?<\/a>\n\t\t\t\t\t<\/div>\n\t\t\t\t\t<div id=\"elementor-tab-content-2132\" class=\"elementor-tab-content elementor-clearfix\" data-tab=\"2\" role=\"region\" aria-labelledby=\"elementor-tab-title-2132\"><p class=\"\" data-start=\"789\" data-end=\"1004\">The protrusion of the eye is significantly reduced, but a completely symmetrical appearance is not always guaranteed. If necessary, secondary corrective surgery may be planned.<\/p><p class=\"\" data-start=\"1006\" data-end=\"1181\">\u00a0<\/p><\/div>\n\t\t\t\t<\/div>\n\t\t\t\t\t\t\t<div class=\"elementor-accordion-item\">\n\t\t\t\t\t<div id=\"elementor-tab-title-2133\" class=\"elementor-tab-title\" data-tab=\"3\" role=\"button\" aria-controls=\"elementor-tab-content-2133\" aria-expanded=\"false\">\n\t\t\t\t\t\t\t\t\t\t\t\t\t<span class=\"elementor-accordion-icon elementor-accordion-icon-right\" aria-hidden=\"true\">\n\t\t\t\t\t\t\t\t\t\t\t\t\t\t\t<span class=\"elementor-accordion-icon-closed\"><svg class=\"e-font-icon-svg e-fas-plus\" viewbox=\"0 0 448 512\" xmlns=\"http:\/\/www.w3.org\/2000\/svg\"><path d=\"M416 208H272V64c0-17.67-14.33-32-32-32h-32c-17.67 0-32 14.33-32 32v144H32c-17.67 0-32 14.33-32 32v32c0 17.67 14.33 32 32 32h144v144c0 17.67 14.33 32 32 32h32c17.67 0 32-14.33 32-32V304h144c17.67 0 32-14.33 32-32v-32c0-17.67-14.33-32-32-32z\"><\/path><\/svg><\/span>\n\t\t\t\t\t\t\t\t<span class=\"elementor-accordion-icon-opened\"><svg class=\"e-font-icon-svg e-fas-minus\" viewbox=\"0 0 448 512\" xmlns=\"http:\/\/www.w3.org\/2000\/svg\"><path d=\"M416 208H32c-17.67 0-32 14.33-32 32v32c0 17.67 14.33 32 32 32h384c17.67 0 32-14.33 32-32v-32c0-17.67-14.33-32-32-32z\"><\/path><\/svg><\/span>\n\t\t\t\t\t\t\t\t\t\t\t\t\t\t<\/span>\n\t\t\t\t\t\t\t\t\t\t\t\t<a class=\"elementor-accordion-title\" tabindex=\"0\">Is orbital decompression a permanent solution?<\/a>\n\t\t\t\t\t<\/div>\n\t\t\t\t\t<div id=\"elementor-tab-content-2133\" class=\"elementor-tab-content elementor-clearfix\" data-tab=\"3\" role=\"region\" aria-labelledby=\"elementor-tab-title-2133\"><p class=\"\" data-start=\"1058\" data-end=\"1157\">Yes, it is a permanent solution for most patients. However, if the disease progresses or recurs, additional surgeries may be necessary.<\/p><\/div>\n\t\t\t\t<\/div>\n\t\t\t\t\t\t\t<div class=\"elementor-accordion-item\">\n\t\t\t\t\t<div id=\"elementor-tab-title-2134\" class=\"elementor-tab-title\" data-tab=\"4\" role=\"button\" aria-controls=\"elementor-tab-content-2134\" aria-expanded=\"false\">\n\t\t\t\t\t\t\t\t\t\t\t\t\t<span class=\"elementor-accordion-icon elementor-accordion-icon-right\" aria-hidden=\"true\">\n\t\t\t\t\t\t\t\t\t\t\t\t\t\t\t<span class=\"elementor-accordion-icon-closed\"><svg class=\"e-font-icon-svg e-fas-plus\" viewbox=\"0 0 448 512\" xmlns=\"http:\/\/www.w3.org\/2000\/svg\"><path d=\"M416 208H272V64c0-17.67-14.33-32-32-32h-32c-17.67 0-32 14.33-32 32v144H32c-17.67 0-32 14.33-32 32v32c0 17.67 14.33 32 32 32h144v144c0 17.67 14.33 32 32 32h32c17.67 0 32-14.33 32-32V304h144c17.67 0 32-14.33 32-32v-32c0-17.67-14.33-32-32-32z\"><\/path><\/svg><\/span>\n\t\t\t\t\t\t\t\t<span class=\"elementor-accordion-icon-opened\"><svg class=\"e-font-icon-svg e-fas-minus\" viewbox=\"0 0 448 512\" xmlns=\"http:\/\/www.w3.org\/2000\/svg\"><path d=\"M416 208H32c-17.67 0-32 14.33-32 32v32c0 17.67 14.33 32 32 32h384c17.67 0 32-14.33 32-32v-32c0-17.67-14.33-32-32-32z\"><\/path><\/svg><\/span>\n\t\t\t\t\t\t\t\t\t\t\t\t\t\t<\/span>\n\t\t\t\t\t\t\t\t\t\t\t\t<a class=\"elementor-accordion-title\" tabindex=\"0\">Can this surgery be performed for aesthetic purposes?<\/a>\n\t\t\t\t\t<\/div>\n\t\t\t\t\t<div id=\"elementor-tab-content-2134\" class=\"elementor-tab-content elementor-clearfix\" data-tab=\"4\" role=\"region\" aria-labelledby=\"elementor-tab-title-2134\"><p class=\"\" data-start=\"4572\" data-end=\"4669\">While the primary purpose of surgery is medical necessity, the aesthetic benefits are also significant. Patients with significant eye protrusion, in particular, may experience significant improvements in facial symmetry.<\/p><\/div>\n\t\t\t\t<\/div>\n\t\t\t\t\t\t\t<div class=\"elementor-accordion-item\">\n\t\t\t\t\t<div id=\"elementor-tab-title-2135\" class=\"elementor-tab-title\" data-tab=\"5\" role=\"button\" aria-controls=\"elementor-tab-content-2135\" aria-expanded=\"false\">\n\t\t\t\t\t\t\t\t\t\t\t\t\t<span class=\"elementor-accordion-icon elementor-accordion-icon-right\" aria-hidden=\"true\">\n\t\t\t\t\t\t\t\t\t\t\t\t\t\t\t<span class=\"elementor-accordion-icon-closed\"><svg class=\"e-font-icon-svg e-fas-plus\" viewbox=\"0 0 448 512\" xmlns=\"http:\/\/www.w3.org\/2000\/svg\"><path d=\"M416 208H272V64c0-17.67-14.33-32-32-32h-32c-17.67 0-32 14.33-32 32v144H32c-17.67 0-32 14.33-32 32v32c0 17.67 14.33 32 32 32h144v144c0 17.67 14.33 32 32 32h32c17.67 0 32-14.33 32-32V304h144c17.67 0 32-14.33 32-32v-32c0-17.67-14.33-32-32-32z\"><\/path><\/svg><\/span>\n\t\t\t\t\t\t\t\t<span class=\"elementor-accordion-icon-opened\"><svg class=\"e-font-icon-svg e-fas-minus\" viewbox=\"0 0 448 512\" xmlns=\"http:\/\/www.w3.org\/2000\/svg\"><path d=\"M416 208H32c-17.67 0-32 14.33-32 32v32c0 17.67 14.33 32 32 32h384c17.67 0 32-14.33 32-32v-32c0-17.67-14.33-32-32-32z\"><\/path><\/svg><\/span>\n\t\t\t\t\t\t\t\t\t\t\t\t\t\t<\/span>\n\t\t\t\t\t\t\t\t\t\t\t\t<a class=\"elementor-accordion-title\" tabindex=\"0\">Will my eyes appear more sunken in than before?<\/a>\n\t\t\t\t\t<\/div>\n\t\t\t\t\t<div id=\"elementor-tab-content-2135\" class=\"elementor-tab-content elementor-clearfix\" data-tab=\"5\" role=\"region\" aria-labelledby=\"elementor-tab-title-2135\"><p>This is rare in surgeries performed with appropriate technique. The goal is to restore the eye to its natural anatomical position, avoiding excessive intervention.<\/p><\/div>\n\t\t\t\t<\/div>\n\t\t\t\t\t\t\t\t<\/div>\n\t\t\t\t\t\t<\/div>\n\t\t\t\t<\/div>\n\t\t\t\t\t<\/div>\n\t\t\t\t<\/div>\n\t\t\t\t\t<\/div>\n\t\t\t\t<\/div>\n\t\t\t\t<\/div>","protected":false},"excerpt":{"rendered":"<p>Orbita Dekompresyonu Nedir? Orbita dekompresyonu, g\u00f6z \u00e7ukurundaki kemik veya ya\u011f dokular\u0131n\u0131n bir k\u0131sm\u0131n\u0131n \u00e7\u0131kar\u0131lmas\u0131yla g\u00f6z \u00e7\u0131k\u0131kl\u0131\u011f\u0131n\u0131 (proptozis) azaltmay\u0131 ama\u00e7layan cerrahi bir i\u015flemdir. En s\u0131k nedeni tiroid g\u00f6z hastal\u0131\u011f\u0131 (Graves orbitopatisi) olan bu durum, hem g\u00f6rsel bozukluklara hem de estetik problemlere yol a\u00e7abilir. Hangi Durumlarda Uygulan\u0131r? Bu cerrahi y\u00f6ntem a\u015fa\u011f\u0131daki \u015fikayetlere sahip hastalarda uygulanabilir: G\u00f6zlerde ileri&#8230;<\/p>","protected":false},"author":1,"featured_media":0,"parent":6506,"menu_order":0,"comment_status":"closed","ping_status":"closed","template":"","meta":{"footnotes":""},"class_list":["post-6509","page","type-page","status-publish","hentry"],"_links":{"self":[{"href":"https:\/\/artofoculoplastics.com\/en\/wp-json\/wp\/v2\/pages\/6509","targetHints":{"allow":["GET"]}}],"collection":[{"href":"https:\/\/artofoculoplastics.com\/en\/wp-json\/wp\/v2\/pages"}],"about":[{"href":"https:\/\/artofoculoplastics.com\/en\/wp-json\/wp\/v2\/types\/page"}],"author":[{"embeddable":true,"href":"https:\/\/artofoculoplastics.com\/en\/wp-json\/wp\/v2\/users\/1"}],"replies":[{"embeddable":true,"href":"https:\/\/artofoculoplastics.com\/en\/wp-json\/wp\/v2\/comments?post=6509"}],"version-history":[{"count":14,"href":"https:\/\/artofoculoplastics.com\/en\/wp-json\/wp\/v2\/pages\/6509\/revisions"}],"predecessor-version":[{"id":7650,"href":"https:\/\/artofoculoplastics.com\/en\/wp-json\/wp\/v2\/pages\/6509\/revisions\/7650"}],"up":[{"embeddable":true,"href":"https:\/\/artofoculoplastics.com\/en\/wp-json\/wp\/v2\/pages\/6506"}],"wp:attachment":[{"href":"https:\/\/artofoculoplastics.com\/en\/wp-json\/wp\/v2\/media?parent=6509"}],"curies":[{"name":"wp","href":"https:\/\/api.w.org\/{rel}","templated":true}]}}