{"id":6487,"date":"2025-04-24T10:37:39","date_gmt":"2025-04-24T07:37:39","guid":{"rendered":"https:\/\/artofoculoplastics.com\/?page_id=6487"},"modified":"2025-04-29T10:02:02","modified_gmt":"2025-04-29T07:02:02","slug":"tear-and-tear-duct-problems-dcr-surgery","status":"publish","type":"page","link":"https:\/\/artofoculoplastics.com\/en\/tear-and-tear-duct-problems-dcr-surgery\/","title":{"rendered":"Tears and Lacrimal Duct Problems | DCR Surgery"},"content":{"rendered":"<div data-elementor-type=\"wp-page\" data-elementor-id=\"6487\" class=\"elementor elementor-6487\">\n\t\t\t\t<div class=\"elementor-element elementor-element-20b93e4 e-flex e-con-boxed e-con e-parent\" data-id=\"20b93e4\" data-element_type=\"container\">\n\t\t\t\t\t<div class=\"e-con-inner\">\n\t\t<div class=\"elementor-element elementor-element-53eef2b e-flex e-con-boxed e-con e-child\" data-id=\"53eef2b\" data-element_type=\"container\">\n\t\t\t\t\t<div class=\"e-con-inner\">\n\t\t\r\n\t\t<div class=\"elementor-element elementor-element-a88f5bb elementor-widget elementor-widget-image\" data-id=\"a88f5bb\" data-element_type=\"widget\" data-widget_type=\"image.default\">\n\t\t\t\t<div class=\"elementor-widget-container\">\n\t\t\t\t\t\t\t\t\t\t\t\t\t\t\t<img fetchpriority=\"high\" decoding=\"async\" width=\"1134\" height=\"567\" src=\"https:\/\/artofoculoplastics.com\/wp-content\/uploads\/2025\/04\/Gozyasi-ve-Gozyasi-Kanali-Problemleri-DCR-Ameliyati-2.png\" class=\"attachment-full size-full wp-image-7568\" alt=\"What is DCR Surgery for Tears and Tear Duct Problems?\" srcset=\"https:\/\/artofoculoplastics.com\/wp-content\/uploads\/2025\/04\/Gozyasi-ve-Gozyasi-Kanali-Problemleri-DCR-Ameliyati-2.png 1134w, https:\/\/artofoculoplastics.com\/wp-content\/uploads\/2025\/04\/Gozyasi-ve-Gozyasi-Kanali-Problemleri-DCR-Ameliyati-2-300x150.png 300w, https:\/\/artofoculoplastics.com\/wp-content\/uploads\/2025\/04\/Gozyasi-ve-Gozyasi-Kanali-Problemleri-DCR-Ameliyati-2-1024x512.png 1024w, https:\/\/artofoculoplastics.com\/wp-content\/uploads\/2025\/04\/Gozyasi-ve-Gozyasi-Kanali-Problemleri-DCR-Ameliyati-2-768x384.png 768w, https:\/\/artofoculoplastics.com\/wp-content\/uploads\/2025\/04\/Gozyasi-ve-Gozyasi-Kanali-Problemleri-DCR-Ameliyati-2-18x9.png 18w, https:\/\/artofoculoplastics.com\/wp-content\/uploads\/2025\/04\/Gozyasi-ve-Gozyasi-Kanali-Problemleri-DCR-Ameliyati-2-600x300.png 600w\" sizes=\"(max-width: 1134px) 100vw, 1134px\" \/>\t\t\t\t\t\t\t\t\t\t\t\t\t\t\t<\/div>\n\t\t\t\t<\/div>\n\t\t\t\t<div class=\"elementor-element elementor-element-e3023c3 elementor-widget elementor-widget-text-editor\" data-id=\"e3023c3\" data-element_type=\"widget\" data-widget_type=\"text-editor.default\">\n\t\t\t\t<div class=\"elementor-widget-container\">\n\t\t\t\t\t\t\t\t\t<h2 class=\"\" data-start=\"379\" data-end=\"432\">What is Tear Duct Obstruction and DCR Surgery?<\/h2><p class=\"\" data-start=\"434\" data-end=\"717\">A blocked tear duct is a condition that prevents tears from draining normally toward the nose. This can lead to constant watering of the eyes (epiphora), blurred vision, stinging, redness, and even infections. If left untreated, it can seriously impact quality of life.<\/p><p class=\"\" data-start=\"719\" data-end=\"974\">Tear duct obstruction is usually treated with a surgical procedure called dacryocystorhinostomy (DCR). This surgery bypasses the blocked tear duct, creating a new drainage pathway and allowing tears to drain naturally into the nose.<\/p><h2 class=\"\" data-start=\"981\" data-end=\"1022\">What Causes Tear Duct Obstruction?<\/h2><p class=\"\" data-start=\"1024\" data-end=\"1076\">Tear duct obstruction can have many causes:<\/p><ul data-start=\"1078\" data-end=\"1477\"><li class=\"\" data-start=\"1078\" data-end=\"1140\"><p class=\"\" data-start=\"1080\" data-end=\"1140\"><strong data-start=\"1080\" data-end=\"1093\">Advanced age<\/strong>Tear ducts may narrow with age.<\/p><\/li><li class=\"\" data-start=\"1141\" data-end=\"1235\"><p class=\"\" data-start=\"1143\" data-end=\"1235\"><strong data-start=\"1143\" data-end=\"1164\">Chronic inflammations<\/strong>: Especially conditions such as eyelid inflammation (blepharitis) and sinusitis.<\/p><\/li><li class=\"\" data-start=\"1236\" data-end=\"1324\"><p class=\"\" data-start=\"1238\" data-end=\"1324\"><strong data-start=\"1238\" data-end=\"1267\">Traumas and injuries<\/strong>After blows or surgeries around the eyes.<\/p><\/li><li class=\"\" data-start=\"1325\" data-end=\"1401\"><p class=\"\" data-start=\"1327\" data-end=\"1401\"><strong data-start=\"1327\" data-end=\"1339\">Tumors<\/strong>Although rare, a tumor may form in or around the canal.<\/p><\/li><li class=\"\" data-start=\"1402\" data-end=\"1477\"><p class=\"\" data-start=\"1404\" data-end=\"1477\"><strong data-start=\"1404\" data-end=\"1425\">Congenital causes<\/strong>: Tear duct obstruction is common in babies.<\/p><\/li><\/ul><h3 class=\"\" data-start=\"529\" data-end=\"580\">What are the causes of eyelid retraction?<\/h3><p class=\"\" data-start=\"582\" data-end=\"1237\">Eyelid retraction has various causes. This condition can be congenital, but it can also be caused by thyroid disease (Graves&#039; disease), trauma, and previous surgery. Thyroid disease is the most common cause of upper eyelid retraction. Lower eyelid retraction is most often caused by complications arising from lower blepharoplasty (under-eye aesthetics). This condition can be triggered by excessive skin removal or scarring. Additionally, large eyes or a significantly protruding eye (negative orbital vector) can also cause the lower eyelid to droop too much.<\/p><h2 class=\"\" data-start=\"1573\" data-end=\"1608\">Causes of Excessive Eye Watering<\/h2><p class=\"\" data-start=\"1610\" data-end=\"2124\">Not every watery eye indicates a blocked tear duct. Dry eye syndrome, in particular, can paradoxically cause excessive tearing. When the eye surface is insufficiently moistened, the brain signals increased tear production, causing temporary but intense watering. Similarly, eyelid abnormalities, such as the lower eyelid turning outward (ectropion) or turning inward (entropion), can cause tear leakage. Such structural problems often require surgical intervention.<\/p><p class=\"\" data-start=\"2126\" data-end=\"2382\">If the underlying problem is a blockage in the tear drainage system\u2014the ducts that carry tears to the nasal cavity\u2014the treatment approach is different. In this case, the most effective solution is DCR (dacryocystorhinostomy), a surgical procedure that bypasses the blockage.<\/p>\t\t\t\t\t\t\t\t<\/div>\n\t\t\t\t<\/div>\n\t\t\t\t<div class=\"elementor-element elementor-element-bb045de elementor-widget elementor-widget-image\" data-id=\"bb045de\" data-element_type=\"widget\" data-widget_type=\"image.default\">\n\t\t\t\t<div class=\"elementor-widget-container\">\n\t\t\t\t\t\t\t\t\t\t\t\t\t\t\t<img decoding=\"async\" width=\"1134\" height=\"567\" src=\"https:\/\/artofoculoplastics.com\/wp-content\/uploads\/2025\/04\/Gozyasi-ve-Gozyasi-Kanali-Problemleri-DCR-Ameliyati.png\" class=\"attachment-full size-full wp-image-7569\" alt=\"What is DCR Surgery for Tears and Tear Duct Problems?\" srcset=\"https:\/\/artofoculoplastics.com\/wp-content\/uploads\/2025\/04\/Gozyasi-ve-Gozyasi-Kanali-Problemleri-DCR-Ameliyati.png 1134w, https:\/\/artofoculoplastics.com\/wp-content\/uploads\/2025\/04\/Gozyasi-ve-Gozyasi-Kanali-Problemleri-DCR-Ameliyati-300x150.png 300w, https:\/\/artofoculoplastics.com\/wp-content\/uploads\/2025\/04\/Gozyasi-ve-Gozyasi-Kanali-Problemleri-DCR-Ameliyati-1024x512.png 1024w, https:\/\/artofoculoplastics.com\/wp-content\/uploads\/2025\/04\/Gozyasi-ve-Gozyasi-Kanali-Problemleri-DCR-Ameliyati-768x384.png 768w, https:\/\/artofoculoplastics.com\/wp-content\/uploads\/2025\/04\/Gozyasi-ve-Gozyasi-Kanali-Problemleri-DCR-Ameliyati-18x9.png 18w, https:\/\/artofoculoplastics.com\/wp-content\/uploads\/2025\/04\/Gozyasi-ve-Gozyasi-Kanali-Problemleri-DCR-Ameliyati-600x300.png 600w\" sizes=\"(max-width: 1134px) 100vw, 1134px\" \/>\t\t\t\t\t\t\t\t\t\t\t\t\t\t\t<\/div>\n\t\t\t\t<\/div>\n\t\t\t\t<div class=\"elementor-element elementor-element-61150e7 elementor-widget elementor-widget-text-editor\" data-id=\"61150e7\" data-element_type=\"widget\" data-widget_type=\"text-editor.default\">\n\t\t\t\t<div class=\"elementor-widget-container\">\n\t\t\t\t\t\t\t\t\t<h2 class=\"\" data-start=\"2384\" data-end=\"2431\">What is DCR Surgery (Dacryocystorhinostomy)?<\/h2><p class=\"\" data-start=\"2433\" data-end=\"2949\">DCR surgery is a surgical procedure performed to permanently resolve a blockage in the tear duct. This procedure bypasses the blockage, creating an alternative pathway for tears to flow back into the nose. Traditionally, this procedure was performed through a small incision in the skin between the eye and nose. However, today, thanks to the endoscopic (endonasal) method, the procedure is performed through the nose, leaving no external scars, and the recovery process is quite comfortable.<\/p><p class=\"\" data-start=\"2951\" data-end=\"3332\">The surgery is usually performed under local anesthesia and takes 30-60 minutes. A temporary silicone stent may need to be placed to keep the new tear duct open. These stents are removed under a doctor&#039;s supervision within a few weeks or months. After endoscopic DCR surgery, patients are usually discharged the same day and can return to their normal routine within a few days.<\/p><h2 class=\"\" data-start=\"3334\" data-end=\"3380\">Things to Consider After Surgery<\/h2><p class=\"\" data-start=\"3382\" data-end=\"3770\">A mild runny nose or watery eyes can often be observed after DCR surgery. These are temporary symptoms. It is important for patients to regularly use eye drops and nasal sprays recommended by their doctor, avoid harsh blows to the nose, and regularly attend follow-up appointments. Maintaining good eye and nasal hygiene, especially during the first week, reduces the risk of infection.<\/p><p class=\"\" data-start=\"3772\" data-end=\"3952\">Because there are no external incisions in endoscopic surgeries, recovery is much quicker and scarless. This is a significant advantage for patients concerned about aesthetics.<\/p>\t\t\t\t\t\t\t\t<\/div>\n\t\t\t\t<\/div>\n\t\t\t\t<div class=\"elementor-element elementor-element-0a1ba3a elementor-widget elementor-widget-heading\" data-id=\"0a1ba3a\" data-element_type=\"widget\" data-widget_type=\"heading.default\">\n\t\t\t\t<div class=\"elementor-widget-container\">\n\t\t\t\t\t<h3 class=\"elementor-heading-title elementor-size-default\">Frequently Asked Questions<\/h3>\t\t\t\t<\/div>\n\t\t\t\t<\/div>\n\t\t\t\t<div class=\"elementor-element elementor-element-d32b277 elementor-widget elementor-widget-accordion\" data-id=\"d32b277\" data-element_type=\"widget\" data-widget_type=\"accordion.default\">\n\t\t\t\t<div class=\"elementor-widget-container\">\n\t\t\t\t\t\t\t<div class=\"elementor-accordion\">\n\t\t\t\t\t\t\t<div class=\"elementor-accordion-item\">\n\t\t\t\t\t<div id=\"elementor-tab-title-2211\" class=\"elementor-tab-title\" data-tab=\"1\" role=\"button\" aria-controls=\"elementor-tab-content-2211\" aria-expanded=\"false\">\n\t\t\t\t\t\t\t\t\t\t\t\t\t<span class=\"elementor-accordion-icon elementor-accordion-icon-right\" aria-hidden=\"true\">\n\t\t\t\t\t\t\t\t\t\t\t\t\t\t\t<span class=\"elementor-accordion-icon-closed\"><svg class=\"e-font-icon-svg e-fas-plus\" viewbox=\"0 0 448 512\" xmlns=\"http:\/\/www.w3.org\/2000\/svg\"><path d=\"M416 208H272V64c0-17.67-14.33-32-32-32h-32c-17.67 0-32 14.33-32 32v144H32c-17.67 0-32 14.33-32 32v32c0 17.67 14.33 32 32 32h144v144c0 17.67 14.33 32 32 32h32c17.67 0 32-14.33 32-32V304h144c17.67 0 32-14.33 32-32v-32c0-17.67-14.33-32-32-32z\"><\/path><\/svg><\/span>\n\t\t\t\t\t\t\t\t<span class=\"elementor-accordion-icon-opened\"><svg class=\"e-font-icon-svg e-fas-minus\" viewbox=\"0 0 448 512\" xmlns=\"http:\/\/www.w3.org\/2000\/svg\"><path d=\"M416 208H32c-17.67 0-32 14.33-32 32v32c0 17.67 14.33 32 32 32h384c17.67 0 32-14.33 32-32v-32c0-17.67-14.33-32-32-32z\"><\/path><\/svg><\/span>\n\t\t\t\t\t\t\t\t\t\t\t\t\t\t<\/span>\n\t\t\t\t\t\t\t\t\t\t\t\t<a class=\"elementor-accordion-title\" tabindex=\"0\">Does tear duct obstruction go away on its own?<\/a>\n\t\t\t\t\t<\/div>\n\t\t\t\t\t<div id=\"elementor-tab-content-2211\" class=\"elementor-tab-content elementor-clearfix\" data-tab=\"1\" role=\"region\" aria-labelledby=\"elementor-tab-title-2211\"><p class=\"\" data-start=\"3978\" data-end=\"4143\">In adults, it usually doesn&#039;t go away. If left untreated, chronic watering, infection, and discomfort will persist.<\/p><p class=\"\" data-start=\"4145\" data-end=\"4285\">\u00a0<\/p><\/div>\n\t\t\t\t<\/div>\n\t\t\t\t\t\t\t<div class=\"elementor-accordion-item\">\n\t\t\t\t\t<div id=\"elementor-tab-title-2212\" class=\"elementor-tab-title\" data-tab=\"2\" role=\"button\" aria-controls=\"elementor-tab-content-2212\" aria-expanded=\"false\">\n\t\t\t\t\t\t\t\t\t\t\t\t\t<span class=\"elementor-accordion-icon elementor-accordion-icon-right\" aria-hidden=\"true\">\n\t\t\t\t\t\t\t\t\t\t\t\t\t\t\t<span class=\"elementor-accordion-icon-closed\"><svg class=\"e-font-icon-svg e-fas-plus\" viewbox=\"0 0 448 512\" xmlns=\"http:\/\/www.w3.org\/2000\/svg\"><path d=\"M416 208H272V64c0-17.67-14.33-32-32-32h-32c-17.67 0-32 14.33-32 32v144H32c-17.67 0-32 14.33-32 32v32c0 17.67 14.33 32 32 32h144v144c0 17.67 14.33 32 32 32h32c17.67 0 32-14.33 32-32V304h144c17.67 0 32-14.33 32-32v-32c0-17.67-14.33-32-32-32z\"><\/path><\/svg><\/span>\n\t\t\t\t\t\t\t\t<span class=\"elementor-accordion-icon-opened\"><svg class=\"e-font-icon-svg e-fas-minus\" viewbox=\"0 0 448 512\" xmlns=\"http:\/\/www.w3.org\/2000\/svg\"><path d=\"M416 208H32c-17.67 0-32 14.33-32 32v32c0 17.67 14.33 32 32 32h384c17.67 0 32-14.33 32-32v-32c0-17.67-14.33-32-32-32z\"><\/path><\/svg><\/span>\n\t\t\t\t\t\t\t\t\t\t\t\t\t\t<\/span>\n\t\t\t\t\t\t\t\t\t\t\t\t<a class=\"elementor-accordion-title\" tabindex=\"0\">Is DCR surgery painful?<\/a>\n\t\t\t\t\t<\/div>\n\t\t\t\t\t<div id=\"elementor-tab-content-2212\" class=\"elementor-tab-content elementor-clearfix\" data-tab=\"2\" role=\"region\" aria-labelledby=\"elementor-tab-title-2212\"><p class=\"\" data-start=\"4145\" data-end=\"4285\">No. Because it is performed under local anesthesia, there is no pain. There may be some slight tenderness afterward.<\/p><p class=\"\" data-start=\"4287\" data-end=\"4391\">\u00a0<\/p><\/div>\n\t\t\t\t<\/div>\n\t\t\t\t\t\t\t<div class=\"elementor-accordion-item\">\n\t\t\t\t\t<div id=\"elementor-tab-title-2213\" class=\"elementor-tab-title\" data-tab=\"3\" role=\"button\" aria-controls=\"elementor-tab-content-2213\" aria-expanded=\"false\">\n\t\t\t\t\t\t\t\t\t\t\t\t\t<span class=\"elementor-accordion-icon elementor-accordion-icon-right\" aria-hidden=\"true\">\n\t\t\t\t\t\t\t\t\t\t\t\t\t\t\t<span class=\"elementor-accordion-icon-closed\"><svg class=\"e-font-icon-svg e-fas-plus\" viewbox=\"0 0 448 512\" xmlns=\"http:\/\/www.w3.org\/2000\/svg\"><path d=\"M416 208H272V64c0-17.67-14.33-32-32-32h-32c-17.67 0-32 14.33-32 32v144H32c-17.67 0-32 14.33-32 32v32c0 17.67 14.33 32 32 32h144v144c0 17.67 14.33 32 32 32h32c17.67 0 32-14.33 32-32V304h144c17.67 0 32-14.33 32-32v-32c0-17.67-14.33-32-32-32z\"><\/path><\/svg><\/span>\n\t\t\t\t\t\t\t\t<span class=\"elementor-accordion-icon-opened\"><svg class=\"e-font-icon-svg e-fas-minus\" viewbox=\"0 0 448 512\" xmlns=\"http:\/\/www.w3.org\/2000\/svg\"><path d=\"M416 208H32c-17.67 0-32 14.33-32 32v32c0 17.67 14.33 32 32 32h384c17.67 0 32-14.33 32-32v-32c0-17.67-14.33-32-32-32z\"><\/path><\/svg><\/span>\n\t\t\t\t\t\t\t\t\t\t\t\t\t\t<\/span>\n\t\t\t\t\t\t\t\t\t\t\t\t<a class=\"elementor-accordion-title\" tabindex=\"0\">Will there be any scars after the surgery?<\/a>\n\t\t\t\t\t<\/div>\n\t\t\t\t\t<div id=\"elementor-tab-content-2213\" class=\"elementor-tab-content elementor-clearfix\" data-tab=\"3\" role=\"region\" aria-labelledby=\"elementor-tab-title-2213\"><p class=\"\" data-start=\"4287\" data-end=\"4391\">When performed with the endoscopic method, there are no visible scars from the outside.<\/p><p class=\"\" data-start=\"4393\" data-end=\"4521\">\u00a0<\/p><\/div>\n\t\t\t\t<\/div>\n\t\t\t\t\t\t\t<div class=\"elementor-accordion-item\">\n\t\t\t\t\t<div id=\"elementor-tab-title-2214\" class=\"elementor-tab-title\" data-tab=\"4\" role=\"button\" aria-controls=\"elementor-tab-content-2214\" aria-expanded=\"false\">\n\t\t\t\t\t\t\t\t\t\t\t\t\t<span class=\"elementor-accordion-icon elementor-accordion-icon-right\" aria-hidden=\"true\">\n\t\t\t\t\t\t\t\t\t\t\t\t\t\t\t<span class=\"elementor-accordion-icon-closed\"><svg class=\"e-font-icon-svg e-fas-plus\" viewbox=\"0 0 448 512\" xmlns=\"http:\/\/www.w3.org\/2000\/svg\"><path d=\"M416 208H272V64c0-17.67-14.33-32-32-32h-32c-17.67 0-32 14.33-32 32v144H32c-17.67 0-32 14.33-32 32v32c0 17.67 14.33 32 32 32h144v144c0 17.67 14.33 32 32 32h32c17.67 0 32-14.33 32-32V304h144c17.67 0 32-14.33 32-32v-32c0-17.67-14.33-32-32-32z\"><\/path><\/svg><\/span>\n\t\t\t\t\t\t\t\t<span class=\"elementor-accordion-icon-opened\"><svg class=\"e-font-icon-svg e-fas-minus\" viewbox=\"0 0 448 512\" xmlns=\"http:\/\/www.w3.org\/2000\/svg\"><path d=\"M416 208H32c-17.67 0-32 14.33-32 32v32c0 17.67 14.33 32 32 32h384c17.67 0 32-14.33 32-32v-32c0-17.67-14.33-32-32-32z\"><\/path><\/svg><\/span>\n\t\t\t\t\t\t\t\t\t\t\t\t\t\t<\/span>\n\t\t\t\t\t\t\t\t\t\t\t\t<a class=\"elementor-accordion-title\" tabindex=\"0\">When performed with the endoscopic method, there are no visible scars from the outside.<\/a>\n\t\t\t\t\t<\/div>\n\t\t\t\t\t<div id=\"elementor-tab-content-2214\" class=\"elementor-tab-content elementor-clearfix\" data-tab=\"4\" role=\"region\" aria-labelledby=\"elementor-tab-title-2214\"><p class=\"\" data-start=\"4393\" data-end=\"4521\">In rare cases, it can recur. In such cases, the problem can be resolved with revision surgery.<\/p><p class=\"\" data-start=\"4523\" data-end=\"4650\">\u00a0<\/p><\/div>\n\t\t\t\t<\/div>\n\t\t\t\t\t\t\t\t<\/div>\n\t\t\t\t\t\t<\/div>\n\t\t\t\t<\/div>\n\t\t\t\t\t<\/div>\n\t\t\t\t<\/div>\n\t\t\t\t\t<\/div>\n\t\t\t\t<\/div>\n\t\t\t\t<\/div>","protected":false},"excerpt":{"rendered":"<p>G\u00f6zya\u015f\u0131 Kanal\u0131 T\u0131kan\u0131kl\u0131\u011f\u0131 ve DCR Ameliyat\u0131 Nedir? G\u00f6zya\u015f\u0131 kanal\u0131 t\u0131kan\u0131kl\u0131\u011f\u0131, g\u00f6zya\u015f\u0131n\u0131n burna do\u011fru normal \u015fekilde akmas\u0131n\u0131 engelleyen bir durumdur. Bu durum, g\u00f6zlerde s\u00fcrekli sulanma (epifora), bulan\u0131k g\u00f6rme, batma, k\u0131zar\u0131kl\u0131k ve hatta enfeksiyonlara yol a\u00e7abilir. Tedavi edilmedi\u011finde ya\u015fam kalitesini ciddi \u015fekilde etkileyebilir. G\u00f6zya\u015f\u0131 kanal\u0131 t\u0131kan\u0131kl\u0131\u011f\u0131 genellikle dakriyosistorinostomi (DCR) ad\u0131 verilen bir cerrahi operasyonla tedavi edilir. DCR&#8230;<\/p>","protected":false},"author":1,"featured_media":0,"parent":0,"menu_order":0,"comment_status":"closed","ping_status":"closed","template":"","meta":{"footnotes":""},"class_list":["post-6487","page","type-page","status-publish","hentry"],"_links":{"self":[{"href":"https:\/\/artofoculoplastics.com\/en\/wp-json\/wp\/v2\/pages\/6487","targetHints":{"allow":["GET"]}}],"collection":[{"href":"https:\/\/artofoculoplastics.com\/en\/wp-json\/wp\/v2\/pages"}],"about":[{"href":"https:\/\/artofoculoplastics.com\/en\/wp-json\/wp\/v2\/types\/page"}],"author":[{"embeddable":true,"href":"https:\/\/artofoculoplastics.com\/en\/wp-json\/wp\/v2\/users\/1"}],"replies":[{"embeddable":true,"href":"https:\/\/artofoculoplastics.com\/en\/wp-json\/wp\/v2\/comments?post=6487"}],"version-history":[{"count":10,"href":"https:\/\/artofoculoplastics.com\/en\/wp-json\/wp\/v2\/pages\/6487\/revisions"}],"predecessor-version":[{"id":7572,"href":"https:\/\/artofoculoplastics.com\/en\/wp-json\/wp\/v2\/pages\/6487\/revisions\/7572"}],"wp:attachment":[{"href":"https:\/\/artofoculoplastics.com\/en\/wp-json\/wp\/v2\/media?parent=6487"}],"curies":[{"name":"wp","href":"https:\/\/api.w.org\/{rel}","templated":true}]}}