{"id":6480,"date":"2025-04-24T10:34:30","date_gmt":"2025-04-24T07:34:30","guid":{"rendered":"https:\/\/artofoculoplastics.com\/?page_id=6480"},"modified":"2025-04-28T16:55:33","modified_gmt":"2025-04-28T13:55:33","slug":"congenital-pediatric-oculoplastic-surgery","status":"publish","type":"page","link":"https:\/\/artofoculoplastics.com\/en\/reconstructive-eye-aesthetic-surgery\/congenital-pediatric-oculoplastic-surgery\/","title":{"rendered":"Congenital | Pediatric Oculoplastic Surgery"},"content":{"rendered":"<div data-elementor-type=\"wp-page\" data-elementor-id=\"6480\" class=\"elementor elementor-6480\">\n\t\t\t\t<div class=\"elementor-element elementor-element-9497f3b e-flex e-con-boxed e-con e-parent\" data-id=\"9497f3b\" data-element_type=\"container\">\n\t\t\t\t\t<div class=\"e-con-inner\">\n\t\t<div class=\"elementor-element elementor-element-069e5f8 e-flex e-con-boxed e-con e-child\" data-id=\"069e5f8\" data-element_type=\"container\">\n\t\t\t\t\t<div class=\"e-con-inner\">\n\t\t\r\n\t\t<div class=\"elementor-element elementor-element-f107a0c elementor-widget elementor-widget-image\" data-id=\"f107a0c\" data-element_type=\"widget\" data-widget_type=\"image.default\">\n\t\t\t\t<div class=\"elementor-widget-container\">\n\t\t\t\t\t\t\t\t\t\t\t\t\t\t\t<img fetchpriority=\"high\" decoding=\"async\" width=\"1134\" height=\"567\" src=\"https:\/\/artofoculoplastics.com\/wp-content\/uploads\/2025\/04\/Dogumsal-Pediatrik-Okuloplastik-Cerrahi-1.png\" class=\"attachment-full size-full wp-image-7471\" alt=\"Congenital Pediatric Oculoplastic Surgery\" srcset=\"https:\/\/artofoculoplastics.com\/wp-content\/uploads\/2025\/04\/Dogumsal-Pediatrik-Okuloplastik-Cerrahi-1.png 1134w, https:\/\/artofoculoplastics.com\/wp-content\/uploads\/2025\/04\/Dogumsal-Pediatrik-Okuloplastik-Cerrahi-1-300x150.png 300w, https:\/\/artofoculoplastics.com\/wp-content\/uploads\/2025\/04\/Dogumsal-Pediatrik-Okuloplastik-Cerrahi-1-1024x512.png 1024w, https:\/\/artofoculoplastics.com\/wp-content\/uploads\/2025\/04\/Dogumsal-Pediatrik-Okuloplastik-Cerrahi-1-768x384.png 768w, https:\/\/artofoculoplastics.com\/wp-content\/uploads\/2025\/04\/Dogumsal-Pediatrik-Okuloplastik-Cerrahi-1-18x9.png 18w, https:\/\/artofoculoplastics.com\/wp-content\/uploads\/2025\/04\/Dogumsal-Pediatrik-Okuloplastik-Cerrahi-1-600x300.png 600w\" sizes=\"(max-width: 1134px) 100vw, 1134px\" \/>\t\t\t\t\t\t\t\t\t\t\t\t\t\t\t<\/div>\n\t\t\t\t<\/div>\n\t\t\t\t<div class=\"elementor-element elementor-element-150e1dc elementor-widget elementor-widget-text-editor\" data-id=\"150e1dc\" data-element_type=\"widget\" data-widget_type=\"text-editor.default\">\n\t\t\t\t<div class=\"elementor-widget-container\">\n\t\t\t\t\t\t\t\t\t<h2 class=\"\" data-start=\"108\" data-end=\"153\">Congenital and Pediatric Eyelid Problems<\/h2><p>Children may experience eyelid and eyelid problems, either congenital or acquired. These conditions can affect vision development and, if left untreated, can lead to permanent problems. As specialist ophthalmological surgeons, we offer a variety of methods to protect and treat children&#039;s eye health.<\/p><h3 class=\"\" data-start=\"631\" data-end=\"673\">Common Eyelid Problems in Children<\/h3><p>Certain eye and eyelid conditions, whether present at birth or developed, can affect vision development in children. These include drooping eyelids, tear duct obstruction, and eyelid displacement. Each condition can negatively impact a child&#039;s visual development and, if left untreated, can lead to permanent vision loss. For the best eye health outcomes in children, it&#039;s important to consult with an experienced pediatric oculoplastic surgeon.<\/p><h3 class=\"\" data-start=\"1158\" data-end=\"1198\">Common Congenital Eyelid Problems<\/h3><ul><li><a href=\"https:\/\/artofoculoplastics.com\/en\/eye-aesthetics\/eyelid-ptosis-surgery\/\"><strong data-start=\"1200\" data-end=\"1236\">Drooping Eyelids (Ptosis)<\/strong><\/a><\/li><\/ul><p class=\"\" data-start=\"1238\" data-end=\"1600\">Ptosis is a congenital drooping eyelid in children. This condition manifests itself when the eyelid doesn&#039;t rise sufficiently, obstructing the eye&#039;s field of vision. Some children may try to open their eyes by tilting their head back or raising their eyebrows due to ptosis. If not treated early, this can lead to amblyopia (lazy eye).<\/p><ul><li data-start=\"1602\" data-end=\"1651\"><a href=\"https:\/\/artofoculoplastics.com\/en\/reconstructive-eye-aesthetic-surgery\/eyelid-rotation-disorders-entropion-and-ectropion\/\"><strong data-start=\"1602\" data-end=\"1651\">\u00a0Eyelid Turnover (Ectropion and Entropion)<\/strong><\/a><\/li><\/ul><p class=\"\" data-start=\"1653\" data-end=\"2066\">Ectropion, an outward turning of the eyelid, can cause the eye to remain open, leading to dryness and sensitivity to foreign objects. Entropion, an inward turning of the eyelid, can cause the eyelashes to rub against the surface of the eye, leading to irritation, injury, or infection. These conditions are usually caused by congenital or developmental problems and are corrected surgically.<\/p><ul><li data-start=\"2068\" data-end=\"2134\"><strong data-start=\"2068\" data-end=\"2134\">Tear Duct Obstruction (Nasolacrimal Duct Obstruction)<\/strong><\/li><\/ul><p class=\"\" data-start=\"2136\" data-end=\"2456\">A small percentage of children are born with congenital blockage of the tear ducts. This can lead to excessive tear production, mucus accumulation in the eyes, and crusting around the eyes. It usually resolves on its own by age one, but in some cases, the blockage can be permanent and may require surgery.<\/p><ul><li data-start=\"2458\" data-end=\"2507\"><strong data-start=\"2458\" data-end=\"2507\">Pediatric Eyelid Masses and Tumors<\/strong><\/li><\/ul><p class=\"\" data-start=\"2509\" data-end=\"2845\">While tumors that form on the eyelid or in the eye socket in children are usually benign, they can cause vision problems if left untreated. These tumors can develop from excessive blood vessel growth (hemangiomas) or, rarely, from the proliferation of cancerous cells. Early diagnosis and treatment help prevent serious complications.<\/p><ul><li data-start=\"2847\" data-end=\"2871\"><strong data-start=\"2847\" data-end=\"2871\">Eye Injuries<\/strong><\/li><\/ul><p class=\"\" data-start=\"2873\" data-end=\"3154\">Children, due to their active lifestyles, can be prone to eye injuries. Eye trauma can lead to fractures, swelling, or injuries around the eye. These situations require immediate attention, and surgical treatment can restore proper function to the eye and surrounding area.<\/p>\t\t\t\t\t\t\t\t<\/div>\n\t\t\t\t<\/div>\n\t\t\t\t<div class=\"elementor-element elementor-element-ad95109 elementor-widget elementor-widget-image\" data-id=\"ad95109\" data-element_type=\"widget\" data-widget_type=\"image.default\">\n\t\t\t\t<div class=\"elementor-widget-container\">\n\t\t\t\t\t\t\t\t\t\t\t\t\t\t\t<img decoding=\"async\" width=\"1134\" height=\"567\" src=\"https:\/\/artofoculoplastics.com\/wp-content\/uploads\/2025\/04\/Dogumsal-Pediatrik-Okuloplastik-Cerrahi-2.png\" class=\"attachment-full size-full wp-image-7472\" alt=\"Congenital Pediatric Oculoplastic Surgery\" srcset=\"https:\/\/artofoculoplastics.com\/wp-content\/uploads\/2025\/04\/Dogumsal-Pediatrik-Okuloplastik-Cerrahi-2.png 1134w, https:\/\/artofoculoplastics.com\/wp-content\/uploads\/2025\/04\/Dogumsal-Pediatrik-Okuloplastik-Cerrahi-2-300x150.png 300w, https:\/\/artofoculoplastics.com\/wp-content\/uploads\/2025\/04\/Dogumsal-Pediatrik-Okuloplastik-Cerrahi-2-1024x512.png 1024w, https:\/\/artofoculoplastics.com\/wp-content\/uploads\/2025\/04\/Dogumsal-Pediatrik-Okuloplastik-Cerrahi-2-768x384.png 768w, https:\/\/artofoculoplastics.com\/wp-content\/uploads\/2025\/04\/Dogumsal-Pediatrik-Okuloplastik-Cerrahi-2-18x9.png 18w, https:\/\/artofoculoplastics.com\/wp-content\/uploads\/2025\/04\/Dogumsal-Pediatrik-Okuloplastik-Cerrahi-2-600x300.png 600w\" sizes=\"(max-width: 1134px) 100vw, 1134px\" \/>\t\t\t\t\t\t\t\t\t\t\t\t\t\t\t<\/div>\n\t\t\t\t<\/div>\n\t\t\t\t<div class=\"elementor-element elementor-element-466979f elementor-widget elementor-widget-text-editor\" data-id=\"466979f\" data-element_type=\"widget\" data-widget_type=\"text-editor.default\">\n\t\t\t\t<div class=\"elementor-widget-container\">\n\t\t\t\t\t\t\t\t\t<h3 class=\"\" data-start=\"2102\" data-end=\"2137\">Treatment Options<\/h3><p class=\"\" data-start=\"3180\" data-end=\"3560\">Pediatric oculoplastic surgery is highly effective in treating these congenital and developing eye conditions. A specialist eyelid surgeon will develop a treatment plan best suited to the child&#039;s age and eye health. Treatment options may include surgical intervention, tear duct opening, eyelid muscle strengthening, and correcting dislocations.<\/p><p class=\"\" data-start=\"3562\" data-end=\"3697\">It is important to consult with a specialist pediatric oculoplastic surgeon to protect your child&#039;s eye health and support vision development.<\/p>\t\t\t\t\t\t\t\t<\/div>\n\t\t\t\t<\/div>\n\t\t\t\t<div class=\"elementor-element elementor-element-b3f024b elementor-widget elementor-widget-heading\" data-id=\"b3f024b\" data-element_type=\"widget\" data-widget_type=\"heading.default\">\n\t\t\t\t<div class=\"elementor-widget-container\">\n\t\t\t\t\t<h3 class=\"elementor-heading-title elementor-size-default\">Frequently Asked Questions<\/h3>\t\t\t\t<\/div>\n\t\t\t\t<\/div>\n\t\t\t\t<div class=\"elementor-element elementor-element-a419d8a elementor-widget elementor-widget-accordion\" data-id=\"a419d8a\" data-element_type=\"widget\" data-widget_type=\"accordion.default\">\n\t\t\t\t<div class=\"elementor-widget-container\">\n\t\t\t\t\t\t\t<div class=\"elementor-accordion\">\n\t\t\t\t\t\t\t<div class=\"elementor-accordion-item\">\n\t\t\t\t\t<div id=\"elementor-tab-title-1721\" class=\"elementor-tab-title\" data-tab=\"1\" role=\"button\" aria-controls=\"elementor-tab-content-1721\" aria-expanded=\"false\">\n\t\t\t\t\t\t\t\t\t\t\t\t\t<span class=\"elementor-accordion-icon elementor-accordion-icon-right\" aria-hidden=\"true\">\n\t\t\t\t\t\t\t\t\t\t\t\t\t\t\t<span class=\"elementor-accordion-icon-closed\"><svg class=\"e-font-icon-svg e-fas-plus\" viewbox=\"0 0 448 512\" xmlns=\"http:\/\/www.w3.org\/2000\/svg\"><path d=\"M416 208H272V64c0-17.67-14.33-32-32-32h-32c-17.67 0-32 14.33-32 32v144H32c-17.67 0-32 14.33-32 32v32c0 17.67 14.33 32 32 32h144v144c0 17.67 14.33 32 32 32h32c17.67 0 32-14.33 32-32V304h144c17.67 0 32-14.33 32-32v-32c0-17.67-14.33-32-32-32z\"><\/path><\/svg><\/span>\n\t\t\t\t\t\t\t\t<span class=\"elementor-accordion-icon-opened\"><svg class=\"e-font-icon-svg e-fas-minus\" viewbox=\"0 0 448 512\" xmlns=\"http:\/\/www.w3.org\/2000\/svg\"><path d=\"M416 208H32c-17.67 0-32 14.33-32 32v32c0 17.67 14.33 32 32 32h384c17.67 0 32-14.33 32-32v-32c0-17.67-14.33-32-32-32z\"><\/path><\/svg><\/span>\n\t\t\t\t\t\t\t\t\t\t\t\t\t\t<\/span>\n\t\t\t\t\t\t\t\t\t\t\t\t<a class=\"elementor-accordion-title\" tabindex=\"0\">What are congenital eyelid deformities?<\/a>\n\t\t\t\t\t<\/div>\n\t\t\t\t\t<div id=\"elementor-tab-content-1721\" class=\"elementor-tab-content elementor-clearfix\" data-tab=\"1\" role=\"region\" aria-labelledby=\"elementor-tab-title-1721\"><p>In some babies, eyelid deformities can occur at birth. Conditions such as ectropion (outward turning of the eyelid) or entropion (inward turning of the eyelid) can occur at birth and, if left untreated, make it difficult to protect the eyes. Both conditions can be corrected with surgery.<\/p><\/div>\n\t\t\t\t<\/div>\n\t\t\t\t\t\t\t<div class=\"elementor-accordion-item\">\n\t\t\t\t\t<div id=\"elementor-tab-title-1722\" class=\"elementor-tab-title\" data-tab=\"2\" role=\"button\" aria-controls=\"elementor-tab-content-1722\" aria-expanded=\"false\">\n\t\t\t\t\t\t\t\t\t\t\t\t\t<span class=\"elementor-accordion-icon elementor-accordion-icon-right\" aria-hidden=\"true\">\n\t\t\t\t\t\t\t\t\t\t\t\t\t\t\t<span class=\"elementor-accordion-icon-closed\"><svg class=\"e-font-icon-svg e-fas-plus\" viewbox=\"0 0 448 512\" xmlns=\"http:\/\/www.w3.org\/2000\/svg\"><path d=\"M416 208H272V64c0-17.67-14.33-32-32-32h-32c-17.67 0-32 14.33-32 32v144H32c-17.67 0-32 14.33-32 32v32c0 17.67 14.33 32 32 32h144v144c0 17.67 14.33 32 32 32h32c17.67 0 32-14.33 32-32V304h144c17.67 0 32-14.33 32-32v-32c0-17.67-14.33-32-32-32z\"><\/path><\/svg><\/span>\n\t\t\t\t\t\t\t\t<span class=\"elementor-accordion-icon-opened\"><svg class=\"e-font-icon-svg e-fas-minus\" viewbox=\"0 0 448 512\" xmlns=\"http:\/\/www.w3.org\/2000\/svg\"><path d=\"M416 208H32c-17.67 0-32 14.33-32 32v32c0 17.67 14.33 32 32 32h384c17.67 0 32-14.33 32-32v-32c0-17.67-14.33-32-32-32z\"><\/path><\/svg><\/span>\n\t\t\t\t\t\t\t\t\t\t\t\t\t\t<\/span>\n\t\t\t\t\t\t\t\t\t\t\t\t<a class=\"elementor-accordion-title\" tabindex=\"0\">How common are congenital eye tumors in babies and how are they treated?<\/a>\n\t\t\t\t\t<\/div>\n\t\t\t\t\t<div id=\"elementor-tab-content-1722\" class=\"elementor-tab-content elementor-clearfix\" data-tab=\"2\" role=\"region\" aria-labelledby=\"elementor-tab-title-1722\"><p class=\"\" data-start=\"351\" data-end=\"633\">While congenital eye tumors are rare, masses that form around or on the eye can cause vision loss or cosmetic problems. Treatment for these tumors may include surgery, radiation therapy, or chemotherapy, depending on the type of tumor.<\/p><\/div>\n\t\t\t\t<\/div>\n\t\t\t\t\t\t\t<div class=\"elementor-accordion-item\">\n\t\t\t\t\t<div id=\"elementor-tab-title-1723\" class=\"elementor-tab-title\" data-tab=\"3\" role=\"button\" aria-controls=\"elementor-tab-content-1723\" aria-expanded=\"false\">\n\t\t\t\t\t\t\t\t\t\t\t\t\t<span class=\"elementor-accordion-icon elementor-accordion-icon-right\" aria-hidden=\"true\">\n\t\t\t\t\t\t\t\t\t\t\t\t\t\t\t<span class=\"elementor-accordion-icon-closed\"><svg class=\"e-font-icon-svg e-fas-plus\" viewbox=\"0 0 448 512\" xmlns=\"http:\/\/www.w3.org\/2000\/svg\"><path d=\"M416 208H272V64c0-17.67-14.33-32-32-32h-32c-17.67 0-32 14.33-32 32v144H32c-17.67 0-32 14.33-32 32v32c0 17.67 14.33 32 32 32h144v144c0 17.67 14.33 32 32 32h32c17.67 0 32-14.33 32-32V304h144c17.67 0 32-14.33 32-32v-32c0-17.67-14.33-32-32-32z\"><\/path><\/svg><\/span>\n\t\t\t\t\t\t\t\t<span class=\"elementor-accordion-icon-opened\"><svg class=\"e-font-icon-svg e-fas-minus\" viewbox=\"0 0 448 512\" xmlns=\"http:\/\/www.w3.org\/2000\/svg\"><path d=\"M416 208H32c-17.67 0-32 14.33-32 32v32c0 17.67 14.33 32 32 32h384c17.67 0 32-14.33 32-32v-32c0-17.67-14.33-32-32-32z\"><\/path><\/svg><\/span>\n\t\t\t\t\t\t\t\t\t\t\t\t\t\t<\/span>\n\t\t\t\t\t\t\t\t\t\t\t\t<a class=\"elementor-accordion-title\" tabindex=\"0\">How can a child with congenital eye problems be diagnosed early?<\/a>\n\t\t\t\t\t<\/div>\n\t\t\t\t\t<div id=\"elementor-tab-content-1723\" class=\"elementor-tab-content elementor-clearfix\" data-tab=\"3\" role=\"region\" aria-labelledby=\"elementor-tab-title-1723\"><p class=\"\" data-start=\"1058\" data-end=\"1157\">Congenital eye problems can be detected as babies&#039; vision develops. Parents should monitor for signs such as drooping eyelids, tear blockage, eye movement, or eyelid abnormalities. Consultation with a pediatric oculoplastic surgeon is essential for early intervention.<\/p><\/div>\n\t\t\t\t<\/div>\n\t\t\t\t\t\t\t<div class=\"elementor-accordion-item\">\n\t\t\t\t\t<div id=\"elementor-tab-title-1724\" class=\"elementor-tab-title\" data-tab=\"4\" role=\"button\" aria-controls=\"elementor-tab-content-1724\" aria-expanded=\"false\">\n\t\t\t\t\t\t\t\t\t\t\t\t\t<span class=\"elementor-accordion-icon elementor-accordion-icon-right\" aria-hidden=\"true\">\n\t\t\t\t\t\t\t\t\t\t\t\t\t\t\t<span class=\"elementor-accordion-icon-closed\"><svg class=\"e-font-icon-svg e-fas-plus\" viewbox=\"0 0 448 512\" xmlns=\"http:\/\/www.w3.org\/2000\/svg\"><path d=\"M416 208H272V64c0-17.67-14.33-32-32-32h-32c-17.67 0-32 14.33-32 32v144H32c-17.67 0-32 14.33-32 32v32c0 17.67 14.33 32 32 32h144v144c0 17.67 14.33 32 32 32h32c17.67 0 32-14.33 32-32V304h144c17.67 0 32-14.33 32-32v-32c0-17.67-14.33-32-32-32z\"><\/path><\/svg><\/span>\n\t\t\t\t\t\t\t\t<span class=\"elementor-accordion-icon-opened\"><svg class=\"e-font-icon-svg e-fas-minus\" viewbox=\"0 0 448 512\" xmlns=\"http:\/\/www.w3.org\/2000\/svg\"><path d=\"M416 208H32c-17.67 0-32 14.33-32 32v32c0 17.67 14.33 32 32 32h384c17.67 0 32-14.33 32-32v-32c0-17.67-14.33-32-32-32z\"><\/path><\/svg><\/span>\n\t\t\t\t\t\t\t\t\t\t\t\t\t\t<\/span>\n\t\t\t\t\t\t\t\t\t\t\t\t<a class=\"elementor-accordion-title\" tabindex=\"0\">Can congenital drooping eyelids lead to vision loss if left untreated?<\/a>\n\t\t\t\t\t<\/div>\n\t\t\t\t\t<div id=\"elementor-tab-content-1724\" class=\"elementor-tab-content elementor-clearfix\" data-tab=\"4\" role=\"region\" aria-labelledby=\"elementor-tab-title-1724\"><p class=\"\" data-start=\"911\" data-end=\"1263\">Congenital drooping eyelids (ptosis) can lead to vision loss if left untreated due to the inadequate opening of the eye. Furthermore, prolonged eyelid closure can interfere with eye muscle development and lead to the development of amblyopia (lazy eye).<\/p><\/div>\n\t\t\t\t<\/div>\n\t\t\t\t\t\t\t<div class=\"elementor-accordion-item\">\n\t\t\t\t\t<div id=\"elementor-tab-title-1725\" class=\"elementor-tab-title\" data-tab=\"5\" role=\"button\" aria-controls=\"elementor-tab-content-1725\" aria-expanded=\"false\">\n\t\t\t\t\t\t\t\t\t\t\t\t\t<span class=\"elementor-accordion-icon elementor-accordion-icon-right\" aria-hidden=\"true\">\n\t\t\t\t\t\t\t\t\t\t\t\t\t\t\t<span class=\"elementor-accordion-icon-closed\"><svg class=\"e-font-icon-svg e-fas-plus\" viewbox=\"0 0 448 512\" xmlns=\"http:\/\/www.w3.org\/2000\/svg\"><path d=\"M416 208H272V64c0-17.67-14.33-32-32-32h-32c-17.67 0-32 14.33-32 32v144H32c-17.67 0-32 14.33-32 32v32c0 17.67 14.33 32 32 32h144v144c0 17.67 14.33 32 32 32h32c17.67 0 32-14.33 32-32V304h144c17.67 0 32-14.33 32-32v-32c0-17.67-14.33-32-32-32z\"><\/path><\/svg><\/span>\n\t\t\t\t\t\t\t\t<span class=\"elementor-accordion-icon-opened\"><svg class=\"e-font-icon-svg e-fas-minus\" viewbox=\"0 0 448 512\" xmlns=\"http:\/\/www.w3.org\/2000\/svg\"><path d=\"M416 208H32c-17.67 0-32 14.33-32 32v32c0 17.67 14.33 32 32 32h384c17.67 0 32-14.33 32-32v-32c0-17.67-14.33-32-32-32z\"><\/path><\/svg><\/span>\n\t\t\t\t\t\t\t\t\t\t\t\t\t\t<\/span>\n\t\t\t\t\t\t\t\t\t\t\t\t<a class=\"elementor-accordion-title\" tabindex=\"0\"> Is surgical intervention necessary for congenital eye problems in babies?<\/a>\n\t\t\t\t\t<\/div>\n\t\t\t\t\t<div id=\"elementor-tab-content-1725\" class=\"elementor-tab-content elementor-clearfix\" data-tab=\"5\" role=\"region\" aria-labelledby=\"elementor-tab-title-1725\"><p class=\"\" data-start=\"1565\" data-end=\"1836\">Congenital eye problems are often corrected surgically. For example, eyelid ptosis, tear duct obstruction, or eyelid deformities are corrected surgically. However, treatment varies for each baby, so evaluation by a pediatric oculoplastic surgeon is essential.<\/p><\/div>\n\t\t\t\t<\/div>\n\t\t\t\t\t\t\t\t<\/div>\n\t\t\t\t\t\t<\/div>\n\t\t\t\t<\/div>\n\t\t\t\t\t<\/div>\n\t\t\t\t<\/div>\n\t\t\t\t\t<\/div>\n\t\t\t\t<\/div>\n\t\t\t\t<\/div>","protected":false},"excerpt":{"rendered":"<p>Do\u011fumsal ve Pediatrik G\u00f6z Kapa\u011f\u0131 Sorunlar\u0131 \u00c7ocuklar, do\u011fu\u015ftan gelen veya sonradan geli\u015fen g\u00f6z kapa\u011f\u0131 ve g\u00f6z \u00e7evresi sorunlar\u0131yla kar\u015f\u0131la\u015fabilirler. Bu durumlar, g\u00f6rme geli\u015fimini etkileyebilir ve tedavi edilmezse kal\u0131c\u0131 problemlere yol a\u00e7abilir. Uzman bir g\u00f6z esteti\u011fi cerrah\u0131 olarak, \u00e7ocuklar\u0131n g\u00f6z sa\u011fl\u0131\u011f\u0131n\u0131 korumak ve tedavi etmek i\u00e7in \u00e7e\u015fitli y\u00f6ntemler sunuyoruz. \u00c7ocuklarda Yayg\u0131n G\u00f6z Kapa\u011f\u0131 Sorunlar\u0131 \u00c7ocuklarda do\u011fu\u015ftan&#8230;<\/p>","protected":false},"author":1,"featured_media":0,"parent":6460,"menu_order":0,"comment_status":"closed","ping_status":"closed","template":"","meta":{"footnotes":""},"class_list":["post-6480","page","type-page","status-publish","hentry"],"_links":{"self":[{"href":"https:\/\/artofoculoplastics.com\/en\/wp-json\/wp\/v2\/pages\/6480","targetHints":{"allow":["GET"]}}],"collection":[{"href":"https:\/\/artofoculoplastics.com\/en\/wp-json\/wp\/v2\/pages"}],"about":[{"href":"https:\/\/artofoculoplastics.com\/en\/wp-json\/wp\/v2\/types\/page"}],"author":[{"embeddable":true,"href":"https:\/\/artofoculoplastics.com\/en\/wp-json\/wp\/v2\/users\/1"}],"replies":[{"embeddable":true,"href":"https:\/\/artofoculoplastics.com\/en\/wp-json\/wp\/v2\/comments?post=6480"}],"version-history":[{"count":20,"href":"https:\/\/artofoculoplastics.com\/en\/wp-json\/wp\/v2\/pages\/6480\/revisions"}],"predecessor-version":[{"id":7478,"href":"https:\/\/artofoculoplastics.com\/en\/wp-json\/wp\/v2\/pages\/6480\/revisions\/7478"}],"up":[{"embeddable":true,"href":"https:\/\/artofoculoplastics.com\/en\/wp-json\/wp\/v2\/pages\/6460"}],"wp:attachment":[{"href":"https:\/\/artofoculoplastics.com\/en\/wp-json\/wp\/v2\/media?parent=6480"}],"curies":[{"name":"wp","href":"https:\/\/api.w.org\/{rel}","templated":true}]}}