{"id":6471,"date":"2025-04-24T10:27:42","date_gmt":"2025-04-24T07:27:42","guid":{"rendered":"https:\/\/artofoculoplastics.com\/?page_id=6471"},"modified":"2025-11-28T14:57:29","modified_gmt":"2025-11-28T11:57:29","slug":"eyelid-rotation-disorders-entropion-and-ectropion","status":"publish","type":"page","link":"https:\/\/artofoculoplastics.com\/en\/reconstructive-eye-aesthetic-surgery\/eyelid-rotation-disorders-entropion-and-ectropion\/","title":{"rendered":"Eyelid Rotation Disorders: Entropion and Ectropion"},"content":{"rendered":"<div data-elementor-type=\"wp-page\" data-elementor-id=\"6471\" class=\"elementor elementor-6471\">\n\t\t\t\t<div class=\"elementor-element elementor-element-7bbd182 e-flex e-con-boxed e-con e-parent\" data-id=\"7bbd182\" data-element_type=\"container\">\n\t\t\t\t\t<div class=\"e-con-inner\">\n\t\t<div class=\"elementor-element elementor-element-cfa8752 e-flex e-con-boxed e-con e-child\" data-id=\"cfa8752\" data-element_type=\"container\">\n\t\t\t\t\t<div class=\"e-con-inner\">\n\t\t\r\n\t\t<div class=\"elementor-element elementor-element-c45956e elementor-widget elementor-widget-image\" data-id=\"c45956e\" data-element_type=\"widget\" data-widget_type=\"image.default\">\n\t\t\t\t<div class=\"elementor-widget-container\">\n\t\t\t\t\t\t\t\t\t\t\t\t\t\t\t<img fetchpriority=\"high\" decoding=\"async\" width=\"1134\" height=\"567\" src=\"https:\/\/artofoculoplastics.com\/wp-content\/uploads\/2025\/04\/Goz-Kapagi-Donme-Bozukluklari-Entropyon-ve-Ektropyon-2.png\" class=\"attachment-full size-full wp-image-7524\" alt=\"Eyelid Rotation Disorders: Entropion and Ectropion\" srcset=\"https:\/\/artofoculoplastics.com\/wp-content\/uploads\/2025\/04\/Goz-Kapagi-Donme-Bozukluklari-Entropyon-ve-Ektropyon-2.png 1134w, https:\/\/artofoculoplastics.com\/wp-content\/uploads\/2025\/04\/Goz-Kapagi-Donme-Bozukluklari-Entropyon-ve-Ektropyon-2-300x150.png 300w, https:\/\/artofoculoplastics.com\/wp-content\/uploads\/2025\/04\/Goz-Kapagi-Donme-Bozukluklari-Entropyon-ve-Ektropyon-2-1024x512.png 1024w, https:\/\/artofoculoplastics.com\/wp-content\/uploads\/2025\/04\/Goz-Kapagi-Donme-Bozukluklari-Entropyon-ve-Ektropyon-2-768x384.png 768w, https:\/\/artofoculoplastics.com\/wp-content\/uploads\/2025\/04\/Goz-Kapagi-Donme-Bozukluklari-Entropyon-ve-Ektropyon-2-18x9.png 18w, https:\/\/artofoculoplastics.com\/wp-content\/uploads\/2025\/04\/Goz-Kapagi-Donme-Bozukluklari-Entropyon-ve-Ektropyon-2-600x300.png 600w\" sizes=\"(max-width: 1134px) 100vw, 1134px\" \/>\t\t\t\t\t\t\t\t\t\t\t\t\t\t\t<\/div>\n\t\t\t\t<\/div>\n\t\t\t\t<div class=\"elementor-element elementor-element-a78c735 elementor-widget elementor-widget-text-editor\" data-id=\"a78c735\" data-element_type=\"widget\" data-widget_type=\"text-editor.default\">\n\t\t\t\t<div class=\"elementor-widget-container\">\n\t\t\t\t\t\t\t\t\t<h2 data-start=\"0\" data-end=\"43\">What are Eyelid Entropion and Ectropion?<\/h2><p class=\"\" data-start=\"45\" data-end=\"617\">Due to misalignment of the lower eyelid, the eyelid can drift either inward (entropion) or outward (ectropion). In either case, symptoms such as vision problems, irritation, an unsightly appearance, or discomfort can occur. As an analogy, we can think of the eyelid as a tennis net. If the net becomes loose, it can move either inward or outward. Similarly, when the lower eyelid tendons loosen due to aging or other causes, the eyelid can drift inward (entropion) or outward (ectropion).<\/p><h3 data-start=\"619\" data-end=\"681\">Eyelid Entropion (Eyelid Turning inward)<\/h3><p class=\"\" data-start=\"683\" data-end=\"1033\">Entropion refers to the inward turning of the eyelid, causing the eyelashes to rub against the eyeball. It usually occurs in the lower eyelids, but can also occur in the upper eyelids. Entropion has various causes, including aging, trauma, infections, congenital conditions, and previous eye surgery.<\/p><h4 data-start=\"683\" data-end=\"1033\">Eyelid Entropion Symptoms<\/h4><p>When the eyelid turns inward, the eyelashes rub against the eyeball, causing significant irritation, redness, and watering. This can lead to scratches or scarring of the cornea.<\/p><h4>Eyelid Entropion Treatment Methods<\/h4><p>Entropion treatment should be aimed at preventing eyelashes from damaging the eyeball. Various surgical and non-surgical methods are available for treatment. Botulinum toxin (Botox) injections and eyelid taping can temporarily relieve entropion. A permanent solution is lower eyelid surgery, which turns the eyelid outward and tightens it. Sometimes, if the entropion is caused by scarring, grafts may be used.<\/p><p class=\"\" data-start=\"3519\" data-end=\"3760\">\u00a0<\/p>\t\t\t\t\t\t\t\t<\/div>\n\t\t\t\t<\/div>\n\t\t\t\t<div class=\"elementor-element elementor-element-4889f05 elementor-widget elementor-widget-image\" data-id=\"4889f05\" data-element_type=\"widget\" data-widget_type=\"image.default\">\n\t\t\t\t<div class=\"elementor-widget-container\">\n\t\t\t\t\t\t\t\t\t\t\t\t\t\t\t<img decoding=\"async\" width=\"1134\" height=\"567\" src=\"https:\/\/artofoculoplastics.com\/wp-content\/uploads\/2025\/04\/Goz-Kapagi-Donme-Bozukluklari-Entropyon-ve-Ektropyon-1.png\" class=\"attachment-full size-full wp-image-7523\" alt=\"Eyelid Rotation Disorders: Entropion and Ectropion\" srcset=\"https:\/\/artofoculoplastics.com\/wp-content\/uploads\/2025\/04\/Goz-Kapagi-Donme-Bozukluklari-Entropyon-ve-Ektropyon-1.png 1134w, https:\/\/artofoculoplastics.com\/wp-content\/uploads\/2025\/04\/Goz-Kapagi-Donme-Bozukluklari-Entropyon-ve-Ektropyon-1-300x150.png 300w, https:\/\/artofoculoplastics.com\/wp-content\/uploads\/2025\/04\/Goz-Kapagi-Donme-Bozukluklari-Entropyon-ve-Ektropyon-1-1024x512.png 1024w, https:\/\/artofoculoplastics.com\/wp-content\/uploads\/2025\/04\/Goz-Kapagi-Donme-Bozukluklari-Entropyon-ve-Ektropyon-1-768x384.png 768w, https:\/\/artofoculoplastics.com\/wp-content\/uploads\/2025\/04\/Goz-Kapagi-Donme-Bozukluklari-Entropyon-ve-Ektropyon-1-18x9.png 18w, https:\/\/artofoculoplastics.com\/wp-content\/uploads\/2025\/04\/Goz-Kapagi-Donme-Bozukluklari-Entropyon-ve-Ektropyon-1-600x300.png 600w\" sizes=\"(max-width: 1134px) 100vw, 1134px\" \/>\t\t\t\t\t\t\t\t\t\t\t\t\t\t\t<\/div>\n\t\t\t\t<\/div>\n\t\t\t\t<div class=\"elementor-element elementor-element-c9431c4 elementor-widget elementor-widget-text-editor\" data-id=\"c9431c4\" data-element_type=\"widget\" data-widget_type=\"text-editor.default\">\n\t\t\t\t<div class=\"elementor-widget-container\">\n\t\t\t\t\t\t\t\t\t<h3>Eyelid Ectropion (Eyelid Turning Outward)<\/h3><p>Ectropion is a condition in which the eyelid turns outward and away from the eyeball. Like entropion, ectropion usually occurs in the lower eyelids. The loosening of the eyelid exposes the eyeball to more air, leading to irritation, redness, and watering. In severe cases, the cornea can be damaged, leading to vision loss. The most common cause of ectropion is age-related loosening of the eyelids. Other causes include scarring, sun exposure, previous surgery, trauma, and facial paralysis.<\/p><h4>Eyelid Ectropion Symptoms<\/h4><p>Normally, the upper and lower eyelids close completely, protecting the eyeball from external factors such as air and dryness. However, when the eyelid rotates outward, the eyeball is exposed to more air, leading to irritation, redness, discharge from the eye, and reflex tearing. Because the inside of the eyelid is also exposed to air, this can lead to chronic redness and pain. It can also affect the tear drainage system.<\/p><h4>Eyelid Ectropion Treatment Methods<\/h4><p class=\"\" data-start=\"3276\" data-end=\"3517\">Reconstructive surgery is often necessary to treat eyelid ectropion. The surgical procedure required may vary depending on the type of ectropion (age-related, scar tissue, paralysis, congenital).<\/p><p class=\"\" data-start=\"3519\" data-end=\"3760\">Klasik ektropyon cerrahisi, tarsal \u015ferit y\u00f6ntemi ve kanthoplasti kullan\u0131larak yap\u0131l\u0131r. Ayr\u0131ca, alt g\u00f6z kapa\u011f\u0131n\u0131 s\u0131k\u0131la\u015ft\u0131ran, daha iyi bir g\u00f6z kapa\u011f\u0131 konturu sa\u011flayan ve gizli izlerle daha az invaziv bir yakla\u015f\u0131m da kullanmaktad\u0131r.<\/p>\t\t\t\t\t\t\t\t<\/div>\n\t\t\t\t<\/div>\n\t\t\t\t<div class=\"elementor-element elementor-element-fa1e30f elementor-widget elementor-widget-heading\" data-id=\"fa1e30f\" data-element_type=\"widget\" data-widget_type=\"heading.default\">\n\t\t\t\t<div class=\"elementor-widget-container\">\n\t\t\t\t\t<h3 class=\"elementor-heading-title elementor-size-default\">Frequently Asked Questions<\/h3>\t\t\t\t<\/div>\n\t\t\t\t<\/div>\n\t\t\t\t<div class=\"elementor-element elementor-element-bac3cd1 elementor-widget elementor-widget-accordion\" data-id=\"bac3cd1\" data-element_type=\"widget\" data-widget_type=\"accordion.default\">\n\t\t\t\t<div class=\"elementor-widget-container\">\n\t\t\t\t\t\t\t<div class=\"elementor-accordion\">\n\t\t\t\t\t\t\t<div class=\"elementor-accordion-item\">\n\t\t\t\t\t<div id=\"elementor-tab-title-1951\" class=\"elementor-tab-title\" data-tab=\"1\" role=\"button\" aria-controls=\"elementor-tab-content-1951\" aria-expanded=\"false\">\n\t\t\t\t\t\t\t\t\t\t\t\t\t<span class=\"elementor-accordion-icon elementor-accordion-icon-right\" aria-hidden=\"true\">\n\t\t\t\t\t\t\t\t\t\t\t\t\t\t\t<span class=\"elementor-accordion-icon-closed\"><svg class=\"e-font-icon-svg e-fas-plus\" viewbox=\"0 0 448 512\" xmlns=\"http:\/\/www.w3.org\/2000\/svg\"><path d=\"M416 208H272V64c0-17.67-14.33-32-32-32h-32c-17.67 0-32 14.33-32 32v144H32c-17.67 0-32 14.33-32 32v32c0 17.67 14.33 32 32 32h144v144c0 17.67 14.33 32 32 32h32c17.67 0 32-14.33 32-32V304h144c17.67 0 32-14.33 32-32v-32c0-17.67-14.33-32-32-32z\"><\/path><\/svg><\/span>\n\t\t\t\t\t\t\t\t<span class=\"elementor-accordion-icon-opened\"><svg class=\"e-font-icon-svg e-fas-minus\" viewbox=\"0 0 448 512\" xmlns=\"http:\/\/www.w3.org\/2000\/svg\"><path d=\"M416 208H32c-17.67 0-32 14.33-32 32v32c0 17.67 14.33 32 32 32h384c17.67 0 32-14.33 32-32v-32c0-17.67-14.33-32-32-32z\"><\/path><\/svg><\/span>\n\t\t\t\t\t\t\t\t\t\t\t\t\t\t<\/span>\n\t\t\t\t\t\t\t\t\t\t\t\t<a class=\"elementor-accordion-title\" tabindex=\"0\">What is the recovery process after Eyelid Entropion and Ectropion treatment?<\/a>\n\t\t\t\t\t<\/div>\n\t\t\t\t\t<div id=\"elementor-tab-content-1951\" class=\"elementor-tab-content elementor-clearfix\" data-tab=\"1\" role=\"region\" aria-labelledby=\"elementor-tab-title-1951\"><p>Recovery from surgery is generally rapid. Swelling in the eye subsides within a few days, but complete recovery may take several weeks. The stitches used during surgery ensure the eyelid closes properly. Your doctor will monitor your recovery and offer additional recommendations.<\/p><\/div>\n\t\t\t\t<\/div>\n\t\t\t\t\t\t\t<div class=\"elementor-accordion-item\">\n\t\t\t\t\t<div id=\"elementor-tab-title-1952\" class=\"elementor-tab-title\" data-tab=\"2\" role=\"button\" aria-controls=\"elementor-tab-content-1952\" aria-expanded=\"false\">\n\t\t\t\t\t\t\t\t\t\t\t\t\t<span class=\"elementor-accordion-icon elementor-accordion-icon-right\" aria-hidden=\"true\">\n\t\t\t\t\t\t\t\t\t\t\t\t\t\t\t<span class=\"elementor-accordion-icon-closed\"><svg class=\"e-font-icon-svg e-fas-plus\" viewbox=\"0 0 448 512\" xmlns=\"http:\/\/www.w3.org\/2000\/svg\"><path d=\"M416 208H272V64c0-17.67-14.33-32-32-32h-32c-17.67 0-32 14.33-32 32v144H32c-17.67 0-32 14.33-32 32v32c0 17.67 14.33 32 32 32h144v144c0 17.67 14.33 32 32 32h32c17.67 0 32-14.33 32-32V304h144c17.67 0 32-14.33 32-32v-32c0-17.67-14.33-32-32-32z\"><\/path><\/svg><\/span>\n\t\t\t\t\t\t\t\t<span class=\"elementor-accordion-icon-opened\"><svg class=\"e-font-icon-svg e-fas-minus\" viewbox=\"0 0 448 512\" xmlns=\"http:\/\/www.w3.org\/2000\/svg\"><path d=\"M416 208H32c-17.67 0-32 14.33-32 32v32c0 17.67 14.33 32 32 32h384c17.67 0 32-14.33 32-32v-32c0-17.67-14.33-32-32-32z\"><\/path><\/svg><\/span>\n\t\t\t\t\t\t\t\t\t\t\t\t\t\t<\/span>\n\t\t\t\t\t\t\t\t\t\t\t\t<a class=\"elementor-accordion-title\" tabindex=\"0\">What happens if Eyelid Entropion and Ectropion are not treated?<\/a>\n\t\t\t\t\t<\/div>\n\t\t\t\t\t<div id=\"elementor-tab-content-1952\" class=\"elementor-tab-content elementor-clearfix\" data-tab=\"2\" role=\"region\" aria-labelledby=\"elementor-tab-title-1952\"><p class=\"\" data-start=\"351\" data-end=\"633\">If left untreated, <strong data-start=\"2832\" data-end=\"2845\">entropion<\/strong> It can cause permanent damage to the cornea and lead to vision loss. <strong data-start=\"2915\" data-end=\"2928\">Ectropion<\/strong> This can lead to problems such as eye irritation, watering, and vision loss. Therefore, both conditions require early treatment.<\/p><\/div>\n\t\t\t\t<\/div>\n\t\t\t\t\t\t\t<div class=\"elementor-accordion-item\">\n\t\t\t\t\t<div id=\"elementor-tab-title-1953\" class=\"elementor-tab-title\" data-tab=\"3\" role=\"button\" aria-controls=\"elementor-tab-content-1953\" aria-expanded=\"false\">\n\t\t\t\t\t\t\t\t\t\t\t\t\t<span class=\"elementor-accordion-icon elementor-accordion-icon-right\" aria-hidden=\"true\">\n\t\t\t\t\t\t\t\t\t\t\t\t\t\t\t<span class=\"elementor-accordion-icon-closed\"><svg class=\"e-font-icon-svg e-fas-plus\" viewbox=\"0 0 448 512\" xmlns=\"http:\/\/www.w3.org\/2000\/svg\"><path d=\"M416 208H272V64c0-17.67-14.33-32-32-32h-32c-17.67 0-32 14.33-32 32v144H32c-17.67 0-32 14.33-32 32v32c0 17.67 14.33 32 32 32h144v144c0 17.67 14.33 32 32 32h32c17.67 0 32-14.33 32-32V304h144c17.67 0 32-14.33 32-32v-32c0-17.67-14.33-32-32-32z\"><\/path><\/svg><\/span>\n\t\t\t\t\t\t\t\t<span class=\"elementor-accordion-icon-opened\"><svg class=\"e-font-icon-svg e-fas-minus\" viewbox=\"0 0 448 512\" xmlns=\"http:\/\/www.w3.org\/2000\/svg\"><path d=\"M416 208H32c-17.67 0-32 14.33-32 32v32c0 17.67 14.33 32 32 32h384c17.67 0 32-14.33 32-32v-32c0-17.67-14.33-32-32-32z\"><\/path><\/svg><\/span>\n\t\t\t\t\t\t\t\t\t\t\t\t\t\t<\/span>\n\t\t\t\t\t\t\t\t\t\t\t\t<a class=\"elementor-accordion-title\" tabindex=\"0\">Will there be any scars after eyelid entropion and ectropion treatment?<\/a>\n\t\t\t\t\t<\/div>\n\t\t\t\t\t<div id=\"elementor-tab-content-1953\" class=\"elementor-tab-content elementor-clearfix\" data-tab=\"3\" role=\"region\" aria-labelledby=\"elementor-tab-title-1953\"><p class=\"\" data-start=\"1058\" data-end=\"1157\">During surgical procedures, we strive to leave as few scars as possible. In some cases, the scars may be minimal and fade over time. These scars can be concealed with procedures to restore the eyelid&#039;s natural contours.<\/p><\/div>\n\t\t\t\t<\/div>\n\t\t\t\t\t\t\t<div class=\"elementor-accordion-item\">\n\t\t\t\t\t<div id=\"elementor-tab-title-1954\" class=\"elementor-tab-title\" data-tab=\"4\" role=\"button\" aria-controls=\"elementor-tab-content-1954\" aria-expanded=\"false\">\n\t\t\t\t\t\t\t\t\t\t\t\t\t<span class=\"elementor-accordion-icon elementor-accordion-icon-right\" aria-hidden=\"true\">\n\t\t\t\t\t\t\t\t\t\t\t\t\t\t\t<span class=\"elementor-accordion-icon-closed\"><svg class=\"e-font-icon-svg e-fas-plus\" viewbox=\"0 0 448 512\" xmlns=\"http:\/\/www.w3.org\/2000\/svg\"><path d=\"M416 208H272V64c0-17.67-14.33-32-32-32h-32c-17.67 0-32 14.33-32 32v144H32c-17.67 0-32 14.33-32 32v32c0 17.67 14.33 32 32 32h144v144c0 17.67 14.33 32 32 32h32c17.67 0 32-14.33 32-32V304h144c17.67 0 32-14.33 32-32v-32c0-17.67-14.33-32-32-32z\"><\/path><\/svg><\/span>\n\t\t\t\t\t\t\t\t<span class=\"elementor-accordion-icon-opened\"><svg class=\"e-font-icon-svg e-fas-minus\" viewbox=\"0 0 448 512\" xmlns=\"http:\/\/www.w3.org\/2000\/svg\"><path d=\"M416 208H32c-17.67 0-32 14.33-32 32v32c0 17.67 14.33 32 32 32h384c17.67 0 32-14.33 32-32v-32c0-17.67-14.33-32-32-32z\"><\/path><\/svg><\/span>\n\t\t\t\t\t\t\t\t\t\t\t\t\t\t<\/span>\n\t\t\t\t\t\t\t\t\t\t\t\t<a class=\"elementor-accordion-title\" tabindex=\"0\">In which age group are these problems more common?<\/a>\n\t\t\t\t\t<\/div>\n\t\t\t\t\t<div id=\"elementor-tab-content-1954\" class=\"elementor-tab-content elementor-clearfix\" data-tab=\"4\" role=\"region\" aria-labelledby=\"elementor-tab-title-1954\"><p class=\"\" data-start=\"3440\" data-end=\"3716\"><strong data-start=\"3440\" data-end=\"3453\">Entropion<\/strong> It usually occurs with aging. <strong data-start=\"3501\" data-end=\"3514\">Ectropion<\/strong> It&#039;s more common in people of all ages due to factors such as aging, scarring, or facial paralysis. However, these problems can develop in people of all ages, especially after trauma or surgery.<\/p><p class=\"\" data-start=\"3718\" data-end=\"3905\">Because eyelid entropion and ectropion can have serious effects on eye health, it is important to consult an eye specialist if you experience any symptoms of these conditions.<\/p><\/div>\n\t\t\t\t<\/div>\n\t\t\t\t\t\t\t\t<\/div>\n\t\t\t\t\t\t<\/div>\n\t\t\t\t<\/div>\n\t\t\t\t\t<\/div>\n\t\t\t\t<\/div>\n\t\t\t\t\t<\/div>\n\t\t\t\t<\/div>\n\t\t\t\t<\/div>","protected":false},"excerpt":{"rendered":"<p>G\u00f6z Kapa\u011f\u0131 Entropyonu ve Ektropyonu Nedir? G\u00f6z kapa\u011f\u0131n\u0131n alt k\u0131sm\u0131ndaki yanl\u0131\u015f yerle\u015fim nedeniyle, g\u00f6z kapa\u011f\u0131 ya i\u00e7eriye (entropyon) ya da d\u0131\u015far\u0131ya (ektropyon) do\u011fru kayabilir. Her iki durumda da g\u00f6rme sorunlar\u0131, tahri\u015f, ho\u015f olmayan bir g\u00f6r\u00fcn\u00fcm veya rahats\u0131zl\u0131k gibi belirgin semptomlar ya\u015fanabilir. Bununla ilgili bir analoji yapmak gerekirse; g\u00f6z kapa\u011f\u0131n\u0131 bir tenis filesi gibi d\u00fc\u015f\u00fcnebiliriz. E\u011fer&#8230;<\/p>","protected":false},"author":1,"featured_media":0,"parent":6460,"menu_order":0,"comment_status":"closed","ping_status":"closed","template":"","meta":{"footnotes":""},"class_list":["post-6471","page","type-page","status-publish","hentry"],"_links":{"self":[{"href":"https:\/\/artofoculoplastics.com\/en\/wp-json\/wp\/v2\/pages\/6471","targetHints":{"allow":["GET"]}}],"collection":[{"href":"https:\/\/artofoculoplastics.com\/en\/wp-json\/wp\/v2\/pages"}],"about":[{"href":"https:\/\/artofoculoplastics.com\/en\/wp-json\/wp\/v2\/types\/page"}],"author":[{"embeddable":true,"href":"https:\/\/artofoculoplastics.com\/en\/wp-json\/wp\/v2\/users\/1"}],"replies":[{"embeddable":true,"href":"https:\/\/artofoculoplastics.com\/en\/wp-json\/wp\/v2\/comments?post=6471"}],"version-history":[{"count":13,"href":"https:\/\/artofoculoplastics.com\/en\/wp-json\/wp\/v2\/pages\/6471\/revisions"}],"predecessor-version":[{"id":8667,"href":"https:\/\/artofoculoplastics.com\/en\/wp-json\/wp\/v2\/pages\/6471\/revisions\/8667"}],"up":[{"embeddable":true,"href":"https:\/\/artofoculoplastics.com\/en\/wp-json\/wp\/v2\/pages\/6460"}],"wp:attachment":[{"href":"https:\/\/artofoculoplastics.com\/en\/wp-json\/wp\/v2\/media?parent=6471"}],"curies":[{"name":"wp","href":"https:\/\/api.w.org\/{rel}","templated":true}]}}