{"id":6469,"date":"2025-04-24T10:24:55","date_gmt":"2025-04-24T07:24:55","guid":{"rendered":"https:\/\/artofoculoplastics.com\/?page_id=6469"},"modified":"2025-04-28T18:26:33","modified_gmt":"2025-04-28T15:26:33","slug":"eyelid-retraction","status":"publish","type":"page","link":"https:\/\/artofoculoplastics.com\/en\/reconstructive-eye-aesthetic-surgery\/eyelid-retraction\/","title":{"rendered":"Eyelid Retraction"},"content":{"rendered":"<div data-elementor-type=\"wp-page\" data-elementor-id=\"6469\" class=\"elementor elementor-6469\">\n\t\t\t\t<div class=\"elementor-element elementor-element-b5fda4f e-flex e-con-boxed e-con e-parent\" data-id=\"b5fda4f\" data-element_type=\"container\">\n\t\t\t\t\t<div class=\"e-con-inner\">\n\t\t<div class=\"elementor-element elementor-element-9b8e19d e-flex e-con-boxed e-con e-child\" data-id=\"9b8e19d\" data-element_type=\"container\">\n\t\t\t\t\t<div class=\"e-con-inner\">\n\t\t\r\n\t\t<div class=\"elementor-element elementor-element-3c8bda2 elementor-widget elementor-widget-image\" data-id=\"3c8bda2\" data-element_type=\"widget\" data-widget_type=\"image.default\">\n\t\t\t\t<div class=\"elementor-widget-container\">\n\t\t\t\t\t\t\t\t\t\t\t\t\t\t\t<img fetchpriority=\"high\" decoding=\"async\" width=\"1134\" height=\"567\" src=\"https:\/\/artofoculoplastics.com\/wp-content\/uploads\/2025\/04\/Goz-Kapagi-Geri-Cekilmesi-1.png\" class=\"attachment-full size-full wp-image-7532\" alt=\"Eyelid Retraction\" srcset=\"https:\/\/artofoculoplastics.com\/wp-content\/uploads\/2025\/04\/Goz-Kapagi-Geri-Cekilmesi-1.png 1134w, https:\/\/artofoculoplastics.com\/wp-content\/uploads\/2025\/04\/Goz-Kapagi-Geri-Cekilmesi-1-300x150.png 300w, https:\/\/artofoculoplastics.com\/wp-content\/uploads\/2025\/04\/Goz-Kapagi-Geri-Cekilmesi-1-1024x512.png 1024w, https:\/\/artofoculoplastics.com\/wp-content\/uploads\/2025\/04\/Goz-Kapagi-Geri-Cekilmesi-1-768x384.png 768w, https:\/\/artofoculoplastics.com\/wp-content\/uploads\/2025\/04\/Goz-Kapagi-Geri-Cekilmesi-1-18x9.png 18w, https:\/\/artofoculoplastics.com\/wp-content\/uploads\/2025\/04\/Goz-Kapagi-Geri-Cekilmesi-1-600x300.png 600w\" sizes=\"(max-width: 1134px) 100vw, 1134px\" \/>\t\t\t\t\t\t\t\t\t\t\t\t\t\t\t<\/div>\n\t\t\t\t<\/div>\n\t\t\t\t<div class=\"elementor-element elementor-element-2cb1e31 elementor-widget elementor-widget-text-editor\" data-id=\"2cb1e31\" data-element_type=\"widget\" data-widget_type=\"text-editor.default\">\n\t\t\t\t<div class=\"elementor-widget-container\">\n\t\t\t\t\t\t\t\t\t<h2>What is Eyelid Retraction?<\/h2><p>An eyelid retraction is the abnormal elevation of the upper eyelid or the abnormal descent of the lower eyelid. Normally, the upper eyelid rests just below the upper border of the cornea\/iris, while the lower eyelid rests on the lower border of the cornea\/iris. Eyelid retraction can distort the natural appearance of the eyes and lead to visual and functional problems.<\/p><h3 class=\"\" data-start=\"529\" data-end=\"580\">What are the causes of eyelid retraction?<\/h3><p class=\"\" data-start=\"582\" data-end=\"1237\">Eyelid retraction has various causes. This condition can be congenital, but it can also be caused by thyroid disease (Graves&#039; disease), trauma, and previous surgery. Thyroid disease is the most common cause of upper eyelid retraction. Lower eyelid retraction is most often caused by complications arising from lower blepharoplasty (under-eye aesthetics). This condition can be triggered by excessive skin removal or scarring. Additionally, large eyes or a significantly protruding eye (negative orbital vector) can also cause the lower eyelid to droop too much.<\/p><h3 class=\"\" data-start=\"1640\" data-end=\"1675\">What are the symptoms of eyelid retraction?<\/h3><p>Eyelid recession typically manifests as rounded eyes and excessive exposure of the whites of the eyes (sclera). This distorts the natural appearance of the eyes and negatively impacts the facial aesthetics. It can also lead to persistent eye problems such as dryness, excessive tearing, redness, burning sensations, and blurred vision.<\/p>\t\t\t\t\t\t\t\t<\/div>\n\t\t\t\t<\/div>\n\t\t\t\t<div class=\"elementor-element elementor-element-9aca071 elementor-widget elementor-widget-image\" data-id=\"9aca071\" data-element_type=\"widget\" data-widget_type=\"image.default\">\n\t\t\t\t<div class=\"elementor-widget-container\">\n\t\t\t\t\t\t\t\t\t\t\t\t\t\t\t<img decoding=\"async\" width=\"1134\" height=\"567\" src=\"https:\/\/artofoculoplastics.com\/wp-content\/uploads\/2025\/04\/Goz-Kapagi-Geri-Cekilmesi-2.png\" class=\"attachment-full size-full wp-image-7533\" alt=\"Eyelid Retraction\" srcset=\"https:\/\/artofoculoplastics.com\/wp-content\/uploads\/2025\/04\/Goz-Kapagi-Geri-Cekilmesi-2.png 1134w, https:\/\/artofoculoplastics.com\/wp-content\/uploads\/2025\/04\/Goz-Kapagi-Geri-Cekilmesi-2-300x150.png 300w, https:\/\/artofoculoplastics.com\/wp-content\/uploads\/2025\/04\/Goz-Kapagi-Geri-Cekilmesi-2-1024x512.png 1024w, https:\/\/artofoculoplastics.com\/wp-content\/uploads\/2025\/04\/Goz-Kapagi-Geri-Cekilmesi-2-768x384.png 768w, https:\/\/artofoculoplastics.com\/wp-content\/uploads\/2025\/04\/Goz-Kapagi-Geri-Cekilmesi-2-18x9.png 18w, https:\/\/artofoculoplastics.com\/wp-content\/uploads\/2025\/04\/Goz-Kapagi-Geri-Cekilmesi-2-600x300.png 600w\" sizes=\"(max-width: 1134px) 100vw, 1134px\" \/>\t\t\t\t\t\t\t\t\t\t\t\t\t\t\t<\/div>\n\t\t\t\t<\/div>\n\t\t\t\t<div class=\"elementor-element elementor-element-d93b3cd elementor-widget elementor-widget-text-editor\" data-id=\"d93b3cd\" data-element_type=\"widget\" data-widget_type=\"text-editor.default\">\n\t\t\t\t<div class=\"elementor-widget-container\">\n\t\t\t\t\t\t\t\t\t<h3 class=\"\" data-start=\"1629\" data-end=\"1678\">Treatment Methods for Eyelid Retraction<\/h3><p class=\"\" data-start=\"1680\" data-end=\"2366\">In the initial stages of treating a retracted eyelid, regular eye drops or ointments can be used to protect the eyes. However, over time, the eyes dry out, and surgical intervention is often necessary. In the treatment of an upper eyelid retraction, the levator muscle, which lifts the eyelid, is incised, allowing the eyelid to descend further. In the treatment of a lower eyelid retraction, different surgical techniques are used. These procedures are usually performed using a hidden (posterior) approach. Additionally, grafts or a midface (cheek) lift may be necessary to elevate the lower eyelid. A lower eyelid retraction can be performed to create an almond-shaped appearance in the eyes.<\/p><p class=\"\" data-start=\"2368\" data-end=\"2582\">Sometimes, large eyes or significant protrusion of the eyes (or orbital decompression) is necessary. This procedure involves positioning the eyeball backward so that the lower eyelid can rise higher.<\/p><h3 class=\"\" data-start=\"2584\" data-end=\"2613\">Who is it suitable for?<\/h3><p class=\"\" data-start=\"3527\" data-end=\"3614\">Eyelid retraction treatment is suitable for individuals experiencing rounded eyes, excessive whitening of the eyes, and persistent eye discomfort. Individuals seeking to correct these conditions for aesthetic and eye health reasons may consider surgical treatment options. This treatment is particularly beneficial for those seeking to improve their aesthetic appearance and those experiencing persistent eye problems such as dry or red eyes.<\/p><h3 class=\"\" data-start=\"3044\" data-end=\"3067\">The Healing Process<\/h3><p>Recovery from eyelid retraction treatment is generally rapid. Swelling and bruising may occur for a few days after surgery, but these will gradually subside. It may take several weeks for the eyes to regain their natural contours. Following your doctor&#039;s instructions after surgery will ensure a faster and healthier recovery.<\/p>\t\t\t\t\t\t\t\t<\/div>\n\t\t\t\t<\/div>\n\t\t\t\t<div class=\"elementor-element elementor-element-c388890 elementor-widget elementor-widget-heading\" data-id=\"c388890\" data-element_type=\"widget\" data-widget_type=\"heading.default\">\n\t\t\t\t<div class=\"elementor-widget-container\">\n\t\t\t\t\t<h3 class=\"elementor-heading-title elementor-size-default\">Frequently Asked Questions<\/h3>\t\t\t\t<\/div>\n\t\t\t\t<\/div>\n\t\t\t\t<div class=\"elementor-element elementor-element-598b148 elementor-widget elementor-widget-accordion\" data-id=\"598b148\" data-element_type=\"widget\" data-widget_type=\"accordion.default\">\n\t\t\t\t<div class=\"elementor-widget-container\">\n\t\t\t\t\t\t\t<div class=\"elementor-accordion\">\n\t\t\t\t\t\t\t<div class=\"elementor-accordion-item\">\n\t\t\t\t\t<div id=\"elementor-tab-title-9381\" class=\"elementor-tab-title\" data-tab=\"1\" role=\"button\" aria-controls=\"elementor-tab-content-9381\" aria-expanded=\"false\">\n\t\t\t\t\t\t\t\t\t\t\t\t\t<span class=\"elementor-accordion-icon elementor-accordion-icon-right\" aria-hidden=\"true\">\n\t\t\t\t\t\t\t\t\t\t\t\t\t\t\t<span class=\"elementor-accordion-icon-closed\"><svg class=\"e-font-icon-svg e-fas-plus\" viewbox=\"0 0 448 512\" xmlns=\"http:\/\/www.w3.org\/2000\/svg\"><path d=\"M416 208H272V64c0-17.67-14.33-32-32-32h-32c-17.67 0-32 14.33-32 32v144H32c-17.67 0-32 14.33-32 32v32c0 17.67 14.33 32 32 32h144v144c0 17.67 14.33 32 32 32h32c17.67 0 32-14.33 32-32V304h144c17.67 0 32-14.33 32-32v-32c0-17.67-14.33-32-32-32z\"><\/path><\/svg><\/span>\n\t\t\t\t\t\t\t\t<span class=\"elementor-accordion-icon-opened\"><svg class=\"e-font-icon-svg e-fas-minus\" viewbox=\"0 0 448 512\" xmlns=\"http:\/\/www.w3.org\/2000\/svg\"><path d=\"M416 208H32c-17.67 0-32 14.33-32 32v32c0 17.67 14.33 32 32 32h384c17.67 0 32-14.33 32-32v-32c0-17.67-14.33-32-32-32z\"><\/path><\/svg><\/span>\n\t\t\t\t\t\t\t\t\t\t\t\t\t\t<\/span>\n\t\t\t\t\t\t\t\t\t\t\t\t<a class=\"elementor-accordion-title\" tabindex=\"0\">Which age group is eyelid retraction surgery suitable for?<\/a>\n\t\t\t\t\t<\/div>\n\t\t\t\t\t<div id=\"elementor-tab-content-9381\" class=\"elementor-tab-content elementor-clearfix\" data-tab=\"1\" role=\"region\" aria-labelledby=\"elementor-tab-title-9381\"><p>Eyelid retraction surgery is generally performed on individuals aged 18 and over. However, younger patients may also require this treatment due to genetic or age-related issues.<\/p><\/div>\n\t\t\t\t<\/div>\n\t\t\t\t\t\t\t<div class=\"elementor-accordion-item\">\n\t\t\t\t\t<div id=\"elementor-tab-title-9382\" class=\"elementor-tab-title\" data-tab=\"2\" role=\"button\" aria-controls=\"elementor-tab-content-9382\" aria-expanded=\"false\">\n\t\t\t\t\t\t\t\t\t\t\t\t\t<span class=\"elementor-accordion-icon elementor-accordion-icon-right\" aria-hidden=\"true\">\n\t\t\t\t\t\t\t\t\t\t\t\t\t\t\t<span class=\"elementor-accordion-icon-closed\"><svg class=\"e-font-icon-svg e-fas-plus\" viewbox=\"0 0 448 512\" xmlns=\"http:\/\/www.w3.org\/2000\/svg\"><path d=\"M416 208H272V64c0-17.67-14.33-32-32-32h-32c-17.67 0-32 14.33-32 32v144H32c-17.67 0-32 14.33-32 32v32c0 17.67 14.33 32 32 32h144v144c0 17.67 14.33 32 32 32h32c17.67 0 32-14.33 32-32V304h144c17.67 0 32-14.33 32-32v-32c0-17.67-14.33-32-32-32z\"><\/path><\/svg><\/span>\n\t\t\t\t\t\t\t\t<span class=\"elementor-accordion-icon-opened\"><svg class=\"e-font-icon-svg e-fas-minus\" viewbox=\"0 0 448 512\" xmlns=\"http:\/\/www.w3.org\/2000\/svg\"><path d=\"M416 208H32c-17.67 0-32 14.33-32 32v32c0 17.67 14.33 32 32 32h384c17.67 0 32-14.33 32-32v-32c0-17.67-14.33-32-32-32z\"><\/path><\/svg><\/span>\n\t\t\t\t\t\t\t\t\t\t\t\t\t\t<\/span>\n\t\t\t\t\t\t\t\t\t\t\t\t<a class=\"elementor-accordion-title\" tabindex=\"0\">Is eyelid retraction treatment an emergency?<\/a>\n\t\t\t\t\t<\/div>\n\t\t\t\t\t<div id=\"elementor-tab-content-9382\" class=\"elementor-tab-content elementor-clearfix\" data-tab=\"2\" role=\"region\" aria-labelledby=\"elementor-tab-title-9382\"><p class=\"\" data-start=\"351\" data-end=\"633\">Eyelid retraction may not be an emergency, but complications can develop that can lead to vision loss. Treatment should be sought promptly, especially if the lower eyelid is excessively drooping or obstructing eye protection.<\/p><\/div>\n\t\t\t\t<\/div>\n\t\t\t\t\t\t\t<div class=\"elementor-accordion-item\">\n\t\t\t\t\t<div id=\"elementor-tab-title-9383\" class=\"elementor-tab-title\" data-tab=\"3\" role=\"button\" aria-controls=\"elementor-tab-content-9383\" aria-expanded=\"false\">\n\t\t\t\t\t\t\t\t\t\t\t\t\t<span class=\"elementor-accordion-icon elementor-accordion-icon-right\" aria-hidden=\"true\">\n\t\t\t\t\t\t\t\t\t\t\t\t\t\t\t<span class=\"elementor-accordion-icon-closed\"><svg class=\"e-font-icon-svg e-fas-plus\" viewbox=\"0 0 448 512\" xmlns=\"http:\/\/www.w3.org\/2000\/svg\"><path d=\"M416 208H272V64c0-17.67-14.33-32-32-32h-32c-17.67 0-32 14.33-32 32v144H32c-17.67 0-32 14.33-32 32v32c0 17.67 14.33 32 32 32h144v144c0 17.67 14.33 32 32 32h32c17.67 0 32-14.33 32-32V304h144c17.67 0 32-14.33 32-32v-32c0-17.67-14.33-32-32-32z\"><\/path><\/svg><\/span>\n\t\t\t\t\t\t\t\t<span class=\"elementor-accordion-icon-opened\"><svg class=\"e-font-icon-svg e-fas-minus\" viewbox=\"0 0 448 512\" xmlns=\"http:\/\/www.w3.org\/2000\/svg\"><path d=\"M416 208H32c-17.67 0-32 14.33-32 32v32c0 17.67 14.33 32 32 32h384c17.67 0 32-14.33 32-32v-32c0-17.67-14.33-32-32-32z\"><\/path><\/svg><\/span>\n\t\t\t\t\t\t\t\t\t\t\t\t\t\t<\/span>\n\t\t\t\t\t\t\t\t\t\t\t\t<a class=\"elementor-accordion-title\" tabindex=\"0\">What should be taken into consideration after eyelid retraction surgery?<\/a>\n\t\t\t\t\t<\/div>\n\t\t\t\t\t<div id=\"elementor-tab-content-9383\" class=\"elementor-tab-content elementor-clearfix\" data-tab=\"3\" role=\"region\" aria-labelledby=\"elementor-tab-title-9383\"><p class=\"\" data-start=\"1058\" data-end=\"1157\">After surgery, it&#039;s important for patients to avoid overexerting their eyes, use protective eye drops regularly, and follow the doctor&#039;s care instructions. It&#039;s also important to avoid excessive pressure on the eye area and ensure rest during the healing process to prevent swelling.<\/p><\/div>\n\t\t\t\t<\/div>\n\t\t\t\t\t\t\t\t<\/div>\n\t\t\t\t\t\t<\/div>\n\t\t\t\t<\/div>\n\t\t\t\t\t<\/div>\n\t\t\t\t<\/div>\n\t\t\t\t\t<\/div>\n\t\t\t\t<\/div>\n\t\t\t\t<\/div>","protected":false},"excerpt":{"rendered":"<p>G\u00f6z Kapa\u011f\u0131 Geri \u00c7ekilmesi Nedir? G\u00f6z kapa\u011f\u0131 \u00e7ekilmesi, \u00fcst g\u00f6z kapa\u011f\u0131n\u0131n anormal \u015fekilde yukar\u0131ya do\u011fru kalkmas\u0131 veya alt g\u00f6z kapa\u011f\u0131n\u0131n anormal \u015fekilde a\u015fa\u011f\u0131ya do\u011fru inmesi durumudur. Normalde \u00fcst g\u00f6z kapa\u011f\u0131, kornea\/irisin \u00fcst s\u0131n\u0131r\u0131n\u0131n hemen alt\u0131nda dinlenir, alt g\u00f6z kapa\u011f\u0131 ise kornea\/irisin alt s\u0131n\u0131r\u0131nda yer al\u0131r. G\u00f6z kapa\u011f\u0131 \u00e7ekilmesi, g\u00f6zlerin do\u011fal g\u00f6r\u00fcn\u00fcm\u00fcn\u00fc bozarak, g\u00f6rsel ve fonksiyonel&#8230;<\/p>","protected":false},"author":1,"featured_media":0,"parent":6460,"menu_order":0,"comment_status":"closed","ping_status":"closed","template":"","meta":{"footnotes":""},"class_list":["post-6469","page","type-page","status-publish","hentry"],"_links":{"self":[{"href":"https:\/\/artofoculoplastics.com\/en\/wp-json\/wp\/v2\/pages\/6469","targetHints":{"allow":["GET"]}}],"collection":[{"href":"https:\/\/artofoculoplastics.com\/en\/wp-json\/wp\/v2\/pages"}],"about":[{"href":"https:\/\/artofoculoplastics.com\/en\/wp-json\/wp\/v2\/types\/page"}],"author":[{"embeddable":true,"href":"https:\/\/artofoculoplastics.com\/en\/wp-json\/wp\/v2\/users\/1"}],"replies":[{"embeddable":true,"href":"https:\/\/artofoculoplastics.com\/en\/wp-json\/wp\/v2\/comments?post=6469"}],"version-history":[{"count":7,"href":"https:\/\/artofoculoplastics.com\/en\/wp-json\/wp\/v2\/pages\/6469\/revisions"}],"predecessor-version":[{"id":7536,"href":"https:\/\/artofoculoplastics.com\/en\/wp-json\/wp\/v2\/pages\/6469\/revisions\/7536"}],"up":[{"embeddable":true,"href":"https:\/\/artofoculoplastics.com\/en\/wp-json\/wp\/v2\/pages\/6460"}],"wp:attachment":[{"href":"https:\/\/artofoculoplastics.com\/en\/wp-json\/wp\/v2\/media?parent=6469"}],"curies":[{"name":"wp","href":"https:\/\/api.w.org\/{rel}","templated":true}]}}