{"id":6467,"date":"2025-04-24T10:23:25","date_gmt":"2025-04-24T07:23:25","guid":{"rendered":"https:\/\/artofoculoplastics.com\/?page_id=6467"},"modified":"2025-04-29T09:46:44","modified_gmt":"2025-04-29T06:46:44","slug":"eyelid-chalazion-stye-surgery","status":"publish","type":"page","link":"https:\/\/artofoculoplastics.com\/en\/reconstructive-eye-aesthetic-surgery\/eyelid-chalazion-stye-surgery\/","title":{"rendered":"Eyelid Chalazion (Stye) Surgery"},"content":{"rendered":"<div data-elementor-type=\"wp-page\" data-elementor-id=\"6467\" class=\"elementor elementor-6467\">\n\t\t\t\t<div class=\"elementor-element elementor-element-b1e339e e-flex e-con-boxed e-con e-parent\" data-id=\"b1e339e\" data-element_type=\"container\">\n\t\t\t\t\t<div class=\"e-con-inner\">\n\t\t<div class=\"elementor-element elementor-element-43c4907 e-flex e-con-boxed e-con e-child\" data-id=\"43c4907\" data-element_type=\"container\">\n\t\t\t\t\t<div class=\"e-con-inner\">\n\t\t\r\n\t\t<div class=\"elementor-element elementor-element-600c972 elementor-widget elementor-widget-image\" data-id=\"600c972\" data-element_type=\"widget\" data-widget_type=\"image.default\">\n\t\t\t\t<div class=\"elementor-widget-container\">\n\t\t\t\t\t\t\t\t\t\t\t\t\t\t\t<img fetchpriority=\"high\" decoding=\"async\" width=\"2268\" height=\"1134\" src=\"https:\/\/artofoculoplastics.com\/wp-content\/uploads\/2025\/04\/Goz-Kapagi-Salazyon-Arpacik-Ameliyati-2.png\" class=\"attachment-full size-full wp-image-7560\" alt=\"Image of a chalazion cyst on the eyelid\" srcset=\"https:\/\/artofoculoplastics.com\/wp-content\/uploads\/2025\/04\/Goz-Kapagi-Salazyon-Arpacik-Ameliyati-2.png 2268w, https:\/\/artofoculoplastics.com\/wp-content\/uploads\/2025\/04\/Goz-Kapagi-Salazyon-Arpacik-Ameliyati-2-300x150.png 300w, https:\/\/artofoculoplastics.com\/wp-content\/uploads\/2025\/04\/Goz-Kapagi-Salazyon-Arpacik-Ameliyati-2-1024x512.png 1024w, https:\/\/artofoculoplastics.com\/wp-content\/uploads\/2025\/04\/Goz-Kapagi-Salazyon-Arpacik-Ameliyati-2-768x384.png 768w, https:\/\/artofoculoplastics.com\/wp-content\/uploads\/2025\/04\/Goz-Kapagi-Salazyon-Arpacik-Ameliyati-2-1536x768.png 1536w, https:\/\/artofoculoplastics.com\/wp-content\/uploads\/2025\/04\/Goz-Kapagi-Salazyon-Arpacik-Ameliyati-2-2048x1024.png 2048w, https:\/\/artofoculoplastics.com\/wp-content\/uploads\/2025\/04\/Goz-Kapagi-Salazyon-Arpacik-Ameliyati-2-18x9.png 18w, https:\/\/artofoculoplastics.com\/wp-content\/uploads\/2025\/04\/Goz-Kapagi-Salazyon-Arpacik-Ameliyati-2-600x300.png 600w\" sizes=\"(max-width: 2268px) 100vw, 2268px\" \/>\t\t\t\t\t\t\t\t\t\t\t\t\t\t\t<\/div>\n\t\t\t\t<\/div>\n\t\t\t\t<div class=\"elementor-element elementor-element-ea57159 elementor-widget elementor-widget-text-editor\" data-id=\"ea57159\" data-element_type=\"widget\" data-widget_type=\"text-editor.default\">\n\t\t\t\t<div class=\"elementor-widget-container\">\n\t\t\t\t\t\t\t\t\t<h2 class=\"\" data-start=\"302\" data-end=\"342\">What is an Eyelid Chalazion (Internal Stye)?<\/h2><p class=\"\" data-start=\"344\" data-end=\"635\">A chalazion, also known as an &quot;internal stye,&quot; is a benign, painless cyst that occurs on the eyelid. It occurs as a result of a blockage of the eyelid&#039;s oil glands. While a chalazion is usually harmless, it can cause cosmetic concerns or grow large enough to limit vision.<\/p><h2 class=\"\" data-start=\"637\" data-end=\"682\">What is the Difference Between a Stye and a Chalazion?<\/h2><p class=\"\" data-start=\"684\" data-end=\"989\">A stye (hordeolum) is a painful inflammation that usually results from a bacterial infection. A chalazion, on the other hand, is not inflammatory but rather results from a chronic obstruction and is usually painless. Both conditions can cause similar swelling in the eyelid, but the treatment approaches differ.<\/p><h2 class=\"\" data-start=\"991\" data-end=\"1024\">What are the causes of chalazion?<\/h2><p class=\"\" data-start=\"1026\" data-end=\"1074\">The main causes of chalazion formation are:<\/p><ul data-start=\"1076\" data-end=\"1277\"><li class=\"\" data-start=\"1076\" data-end=\"1128\"><p class=\"\" data-start=\"1078\" data-end=\"1128\">On the eyelid <strong data-start=\"1094\" data-end=\"1128\">blockage of meibomian glands<\/strong><\/p><\/li><li class=\"\" data-start=\"1129\" data-end=\"1193\"><p class=\"\" data-start=\"1131\" data-end=\"1193\"><strong data-start=\"1131\" data-end=\"1152\">Seborrheic dermatitis<\/strong>, <strong data-start=\"1154\" data-end=\"1170\">acne rosacea<\/strong> skin diseases such as<\/p><\/li><li class=\"\" data-start=\"1194\" data-end=\"1216\"><p class=\"\" data-start=\"1196\" data-end=\"1216\">Inadequate eye hygiene<\/p><\/li><li class=\"\" data-start=\"1217\" data-end=\"1254\"><p class=\"\" data-start=\"1219\" data-end=\"1254\">History of previous stye<\/p><\/li><li class=\"\" data-start=\"1255\" data-end=\"1277\"><p class=\"\" data-start=\"1257\" data-end=\"1277\">Allergic reactions<\/p><\/li><\/ul>\t\t\t\t\t\t\t\t<\/div>\n\t\t\t\t<\/div>\n\t\t\t\t<div class=\"elementor-element elementor-element-40cf099 elementor-widget elementor-widget-image\" data-id=\"40cf099\" data-element_type=\"widget\" data-widget_type=\"image.default\">\n\t\t\t\t<div class=\"elementor-widget-container\">\n\t\t\t\t\t\t\t\t\t\t\t\t\t\t\t<img decoding=\"async\" width=\"2268\" height=\"1134\" src=\"https:\/\/artofoculoplastics.com\/wp-content\/uploads\/2025\/04\/Goz-Kapagi-Salazyon-Arpacik-Ameliyati-1.png\" class=\"attachment-full size-full wp-image-7559\" alt=\"Chalazion cyst on the eyelid, internal stye treatment\" srcset=\"https:\/\/artofoculoplastics.com\/wp-content\/uploads\/2025\/04\/Goz-Kapagi-Salazyon-Arpacik-Ameliyati-1.png 2268w, https:\/\/artofoculoplastics.com\/wp-content\/uploads\/2025\/04\/Goz-Kapagi-Salazyon-Arpacik-Ameliyati-1-300x150.png 300w, https:\/\/artofoculoplastics.com\/wp-content\/uploads\/2025\/04\/Goz-Kapagi-Salazyon-Arpacik-Ameliyati-1-1024x512.png 1024w, https:\/\/artofoculoplastics.com\/wp-content\/uploads\/2025\/04\/Goz-Kapagi-Salazyon-Arpacik-Ameliyati-1-768x384.png 768w, https:\/\/artofoculoplastics.com\/wp-content\/uploads\/2025\/04\/Goz-Kapagi-Salazyon-Arpacik-Ameliyati-1-1536x768.png 1536w, https:\/\/artofoculoplastics.com\/wp-content\/uploads\/2025\/04\/Goz-Kapagi-Salazyon-Arpacik-Ameliyati-1-2048x1024.png 2048w, https:\/\/artofoculoplastics.com\/wp-content\/uploads\/2025\/04\/Goz-Kapagi-Salazyon-Arpacik-Ameliyati-1-18x9.png 18w, https:\/\/artofoculoplastics.com\/wp-content\/uploads\/2025\/04\/Goz-Kapagi-Salazyon-Arpacik-Ameliyati-1-600x300.png 600w\" sizes=\"(max-width: 2268px) 100vw, 2268px\" \/>\t\t\t\t\t\t\t\t\t\t\t\t\t\t\t<\/div>\n\t\t\t\t<\/div>\n\t\t\t\t<div class=\"elementor-element elementor-element-5a59b3e elementor-widget elementor-widget-text-editor\" data-id=\"5a59b3e\" data-element_type=\"widget\" data-widget_type=\"text-editor.default\">\n\t\t\t\t<div class=\"elementor-widget-container\">\n\t\t\t\t\t\t\t\t\t<h2 class=\"\" data-start=\"1279\" data-end=\"1312\">What are the symptoms of a chalazion?<\/h2><ul><li class=\"\" data-start=\"1314\" data-end=\"1366\"><p class=\"\" data-start=\"1316\" data-end=\"1366\">A painless, round, hard swelling on the eyelid<\/p><\/li><li class=\"\" data-start=\"1367\" data-end=\"1399\"><p class=\"\" data-start=\"1369\" data-end=\"1399\">Mild redness and tenderness<\/p><\/li><li class=\"\" data-start=\"1400\" data-end=\"1429\"><p class=\"\" data-start=\"1402\" data-end=\"1429\">Feeling of heaviness in the eyelid<\/p><\/li><li class=\"\" data-start=\"1430\" data-end=\"1479\"><p class=\"\" data-start=\"1432\" data-end=\"1479\">Restriction in the field of vision (in large chalazions)<\/p><\/li><\/ul><h2 data-start=\"2033\" data-end=\"2058\">Chalazion Surgery<\/h2><p class=\"\" data-start=\"2060\" data-end=\"2163\">If the chalazion does not heal within 2-3 weeks or if it recurs repeatedly, surgery may be necessary.<\/p><h4 class=\"\" data-start=\"2165\" data-end=\"2203\">How is Chalazion Surgery Performed?<\/h4><ul><li class=\"\" data-start=\"2205\" data-end=\"2274\"><p class=\"\" data-start=\"2207\" data-end=\"2274\">It is a short procedure, approximately 10-15 minutes, under local anesthesia.<\/p><\/li><li class=\"\" data-start=\"2275\" data-end=\"2354\"><p class=\"\" data-start=\"2277\" data-end=\"2354\">A chalazion is usually drained through a small incision on the inside of the eyelid.<\/p><\/li><li class=\"\" data-start=\"2355\" data-end=\"2390\"><p class=\"\" data-start=\"2357\" data-end=\"2390\">It does not require stitches and leaves no scars.<\/p><\/li><\/ul><h4 class=\"\" data-start=\"2392\" data-end=\"2419\">Post-Operative Process<\/h4><ul><li data-start=\"2423\" data-end=\"2495\">Mild swelling and bruising are normal after the procedure; they will disappear within a few days.<\/li><li data-start=\"2498\" data-end=\"2531\">Patients are discharged on the same day.<\/li><li data-start=\"2534\" data-end=\"2584\">The use of antibiotic drops or ointment is recommended.<\/li><li data-start=\"2587\" data-end=\"2641\">Eye makeup and contact should be avoided for a while.<\/li><\/ul><h2 class=\"\" data-start=\"2643\" data-end=\"2668\">Does Chalazion Recur?<\/h2><p class=\"\" data-start=\"2670\" data-end=\"2893\">Yes, chalazions can recur in some patients. In this case, underlying skin conditions or eyelid function should be thoroughly evaluated. In cases of chronic chalazions, pathological examination with a biopsy may be recommended.<\/p><p class=\"\" data-start=\"3527\" data-end=\"3614\">Eyelid retraction treatment is suitable for individuals experiencing rounded eyes, excessive whitening of the eyes, and persistent eye discomfort. Individuals seeking to correct these conditions for aesthetic and eye health reasons may consider surgical treatment options. This treatment is particularly beneficial for those seeking to improve their aesthetic appearance and those experiencing persistent eye problems such as dry or red eyes.<\/p><h3 class=\"\" data-start=\"3044\" data-end=\"3067\">The Healing Process<\/h3><p>Recovery from eyelid retraction treatment is generally rapid. Swelling and bruising may occur for a few days after surgery, but these will gradually subside. It may take several weeks for the eyes to regain their natural contours. Following your doctor&#039;s instructions after surgery will ensure a faster and healthier recovery.<\/p>\t\t\t\t\t\t\t\t<\/div>\n\t\t\t\t<\/div>\n\t\t\t\t<div class=\"elementor-element elementor-element-db957f8 elementor-widget elementor-widget-heading\" data-id=\"db957f8\" data-element_type=\"widget\" data-widget_type=\"heading.default\">\n\t\t\t\t<div class=\"elementor-widget-container\">\n\t\t\t\t\t<h3 class=\"elementor-heading-title elementor-size-default\">Frequently Asked Questions<\/h3>\t\t\t\t<\/div>\n\t\t\t\t<\/div>\n\t\t\t\t<div class=\"elementor-element elementor-element-4ce2bd9 elementor-widget elementor-widget-accordion\" data-id=\"4ce2bd9\" data-element_type=\"widget\" data-widget_type=\"accordion.default\">\n\t\t\t\t<div class=\"elementor-widget-container\">\n\t\t\t\t\t\t\t<div class=\"elementor-accordion\">\n\t\t\t\t\t\t\t<div class=\"elementor-accordion-item\">\n\t\t\t\t\t<div id=\"elementor-tab-title-8061\" class=\"elementor-tab-title\" data-tab=\"1\" role=\"button\" aria-controls=\"elementor-tab-content-8061\" aria-expanded=\"false\">\n\t\t\t\t\t\t\t\t\t\t\t\t\t<span class=\"elementor-accordion-icon elementor-accordion-icon-right\" aria-hidden=\"true\">\n\t\t\t\t\t\t\t\t\t\t\t\t\t\t\t<span class=\"elementor-accordion-icon-closed\"><svg class=\"e-font-icon-svg e-fas-plus\" viewbox=\"0 0 448 512\" xmlns=\"http:\/\/www.w3.org\/2000\/svg\"><path d=\"M416 208H272V64c0-17.67-14.33-32-32-32h-32c-17.67 0-32 14.33-32 32v144H32c-17.67 0-32 14.33-32 32v32c0 17.67 14.33 32 32 32h144v144c0 17.67 14.33 32 32 32h32c17.67 0 32-14.33 32-32V304h144c17.67 0 32-14.33 32-32v-32c0-17.67-14.33-32-32-32z\"><\/path><\/svg><\/span>\n\t\t\t\t\t\t\t\t<span class=\"elementor-accordion-icon-opened\"><svg class=\"e-font-icon-svg e-fas-minus\" viewbox=\"0 0 448 512\" xmlns=\"http:\/\/www.w3.org\/2000\/svg\"><path d=\"M416 208H32c-17.67 0-32 14.33-32 32v32c0 17.67 14.33 32 32 32h384c17.67 0 32-14.33 32-32v-32c0-17.67-14.33-32-32-32z\"><\/path><\/svg><\/span>\n\t\t\t\t\t\t\t\t\t\t\t\t\t\t<\/span>\n\t\t\t\t\t\t\t\t\t\t\t\t<a class=\"elementor-accordion-title\" tabindex=\"0\">Does chalazion go away on its own?<\/a>\n\t\t\t\t\t<\/div>\n\t\t\t\t\t<div id=\"elementor-tab-content-8061\" class=\"elementor-tab-content elementor-clearfix\" data-tab=\"1\" role=\"region\" aria-labelledby=\"elementor-tab-title-8061\"><p>Yes, some small chalazia may heal on their own within a few weeks. However, large chalazia that affect vision or persist for a long time may require medical attention.<\/p><\/div>\n\t\t\t\t<\/div>\n\t\t\t\t\t\t\t<div class=\"elementor-accordion-item\">\n\t\t\t\t\t<div id=\"elementor-tab-title-8062\" class=\"elementor-tab-title\" data-tab=\"2\" role=\"button\" aria-controls=\"elementor-tab-content-8062\" aria-expanded=\"false\">\n\t\t\t\t\t\t\t\t\t\t\t\t\t<span class=\"elementor-accordion-icon elementor-accordion-icon-right\" aria-hidden=\"true\">\n\t\t\t\t\t\t\t\t\t\t\t\t\t\t\t<span class=\"elementor-accordion-icon-closed\"><svg class=\"e-font-icon-svg e-fas-plus\" viewbox=\"0 0 448 512\" xmlns=\"http:\/\/www.w3.org\/2000\/svg\"><path d=\"M416 208H272V64c0-17.67-14.33-32-32-32h-32c-17.67 0-32 14.33-32 32v144H32c-17.67 0-32 14.33-32 32v32c0 17.67 14.33 32 32 32h144v144c0 17.67 14.33 32 32 32h32c17.67 0 32-14.33 32-32V304h144c17.67 0 32-14.33 32-32v-32c0-17.67-14.33-32-32-32z\"><\/path><\/svg><\/span>\n\t\t\t\t\t\t\t\t<span class=\"elementor-accordion-icon-opened\"><svg class=\"e-font-icon-svg e-fas-minus\" viewbox=\"0 0 448 512\" xmlns=\"http:\/\/www.w3.org\/2000\/svg\"><path d=\"M416 208H32c-17.67 0-32 14.33-32 32v32c0 17.67 14.33 32 32 32h384c17.67 0 32-14.33 32-32v-32c0-17.67-14.33-32-32-32z\"><\/path><\/svg><\/span>\n\t\t\t\t\t\t\t\t\t\t\t\t\t\t<\/span>\n\t\t\t\t\t\t\t\t\t\t\t\t<a class=\"elementor-accordion-title\" tabindex=\"0\">Is a chalazion dangerous?<\/a>\n\t\t\t\t\t<\/div>\n\t\t\t\t\t<div id=\"elementor-tab-content-8062\" class=\"elementor-tab-content elementor-clearfix\" data-tab=\"2\" role=\"region\" aria-labelledby=\"elementor-tab-title-8062\"><p class=\"\" data-start=\"351\" data-end=\"633\">Chalazions are generally harmless and benign. However, chalazions that recur frequently or grow larger may have underlying conditions, so it&#039;s important to see an ophthalmologist.<\/p><\/div>\n\t\t\t\t<\/div>\n\t\t\t\t\t\t\t<div class=\"elementor-accordion-item\">\n\t\t\t\t\t<div id=\"elementor-tab-title-8063\" class=\"elementor-tab-title\" data-tab=\"3\" role=\"button\" aria-controls=\"elementor-tab-content-8063\" aria-expanded=\"false\">\n\t\t\t\t\t\t\t\t\t\t\t\t\t<span class=\"elementor-accordion-icon elementor-accordion-icon-right\" aria-hidden=\"true\">\n\t\t\t\t\t\t\t\t\t\t\t\t\t\t\t<span class=\"elementor-accordion-icon-closed\"><svg class=\"e-font-icon-svg e-fas-plus\" viewbox=\"0 0 448 512\" xmlns=\"http:\/\/www.w3.org\/2000\/svg\"><path d=\"M416 208H272V64c0-17.67-14.33-32-32-32h-32c-17.67 0-32 14.33-32 32v144H32c-17.67 0-32 14.33-32 32v32c0 17.67 14.33 32 32 32h144v144c0 17.67 14.33 32 32 32h32c17.67 0 32-14.33 32-32V304h144c17.67 0 32-14.33 32-32v-32c0-17.67-14.33-32-32-32z\"><\/path><\/svg><\/span>\n\t\t\t\t\t\t\t\t<span class=\"elementor-accordion-icon-opened\"><svg class=\"e-font-icon-svg e-fas-minus\" viewbox=\"0 0 448 512\" xmlns=\"http:\/\/www.w3.org\/2000\/svg\"><path d=\"M416 208H32c-17.67 0-32 14.33-32 32v32c0 17.67 14.33 32 32 32h384c17.67 0 32-14.33 32-32v-32c0-17.67-14.33-32-32-32z\"><\/path><\/svg><\/span>\n\t\t\t\t\t\t\t\t\t\t\t\t\t\t<\/span>\n\t\t\t\t\t\t\t\t\t\t\t\t<a class=\"elementor-accordion-title\" tabindex=\"0\">Is chalazion contagious?<\/a>\n\t\t\t\t\t<\/div>\n\t\t\t\t\t<div id=\"elementor-tab-content-8063\" class=\"elementor-tab-content elementor-clearfix\" data-tab=\"3\" role=\"region\" aria-labelledby=\"elementor-tab-title-8063\"><p class=\"\" data-start=\"1058\" data-end=\"1157\">No, a chalazion is not contagious because it is caused by a blocked gland, not an infection. However, if hygiene is not followed, infections such as styes can develop.<\/p><\/div>\n\t\t\t\t<\/div>\n\t\t\t\t\t\t\t<div class=\"elementor-accordion-item\">\n\t\t\t\t\t<div id=\"elementor-tab-title-8064\" class=\"elementor-tab-title\" data-tab=\"4\" role=\"button\" aria-controls=\"elementor-tab-content-8064\" aria-expanded=\"false\">\n\t\t\t\t\t\t\t\t\t\t\t\t\t<span class=\"elementor-accordion-icon elementor-accordion-icon-right\" aria-hidden=\"true\">\n\t\t\t\t\t\t\t\t\t\t\t\t\t\t\t<span class=\"elementor-accordion-icon-closed\"><svg class=\"e-font-icon-svg e-fas-plus\" viewbox=\"0 0 448 512\" xmlns=\"http:\/\/www.w3.org\/2000\/svg\"><path d=\"M416 208H272V64c0-17.67-14.33-32-32-32h-32c-17.67 0-32 14.33-32 32v144H32c-17.67 0-32 14.33-32 32v32c0 17.67 14.33 32 32 32h144v144c0 17.67 14.33 32 32 32h32c17.67 0 32-14.33 32-32V304h144c17.67 0 32-14.33 32-32v-32c0-17.67-14.33-32-32-32z\"><\/path><\/svg><\/span>\n\t\t\t\t\t\t\t\t<span class=\"elementor-accordion-icon-opened\"><svg class=\"e-font-icon-svg e-fas-minus\" viewbox=\"0 0 448 512\" xmlns=\"http:\/\/www.w3.org\/2000\/svg\"><path d=\"M416 208H32c-17.67 0-32 14.33-32 32v32c0 17.67 14.33 32 32 32h384c17.67 0 32-14.33 32-32v-32c0-17.67-14.33-32-32-32z\"><\/path><\/svg><\/span>\n\t\t\t\t\t\t\t\t\t\t\t\t\t\t<\/span>\n\t\t\t\t\t\t\t\t\t\t\t\t<a class=\"elementor-accordion-title\" tabindex=\"0\">Is chalazion surgery painful?<\/a>\n\t\t\t\t\t<\/div>\n\t\t\t\t\t<div id=\"elementor-tab-content-8064\" class=\"elementor-tab-content elementor-clearfix\" data-tab=\"4\" role=\"region\" aria-labelledby=\"elementor-tab-title-8064\"><p class=\"\" data-start=\"1058\" data-end=\"1157\">No. Chalazion surgery is performed under local anesthesia, and the patient does not feel any pain during the procedure. There may be some mild tenderness after the procedure, but it usually subsides quickly.<\/p><\/div>\n\t\t\t\t<\/div>\n\t\t\t\t\t\t\t<div class=\"elementor-accordion-item\">\n\t\t\t\t\t<div id=\"elementor-tab-title-8065\" class=\"elementor-tab-title\" data-tab=\"5\" role=\"button\" aria-controls=\"elementor-tab-content-8065\" aria-expanded=\"false\">\n\t\t\t\t\t\t\t\t\t\t\t\t\t<span class=\"elementor-accordion-icon elementor-accordion-icon-right\" aria-hidden=\"true\">\n\t\t\t\t\t\t\t\t\t\t\t\t\t\t\t<span class=\"elementor-accordion-icon-closed\"><svg class=\"e-font-icon-svg e-fas-plus\" viewbox=\"0 0 448 512\" xmlns=\"http:\/\/www.w3.org\/2000\/svg\"><path d=\"M416 208H272V64c0-17.67-14.33-32-32-32h-32c-17.67 0-32 14.33-32 32v144H32c-17.67 0-32 14.33-32 32v32c0 17.67 14.33 32 32 32h144v144c0 17.67 14.33 32 32 32h32c17.67 0 32-14.33 32-32V304h144c17.67 0 32-14.33 32-32v-32c0-17.67-14.33-32-32-32z\"><\/path><\/svg><\/span>\n\t\t\t\t\t\t\t\t<span class=\"elementor-accordion-icon-opened\"><svg class=\"e-font-icon-svg e-fas-minus\" viewbox=\"0 0 448 512\" xmlns=\"http:\/\/www.w3.org\/2000\/svg\"><path d=\"M416 208H32c-17.67 0-32 14.33-32 32v32c0 17.67 14.33 32 32 32h384c17.67 0 32-14.33 32-32v-32c0-17.67-14.33-32-32-32z\"><\/path><\/svg><\/span>\n\t\t\t\t\t\t\t\t\t\t\t\t\t\t<\/span>\n\t\t\t\t\t\t\t\t\t\t\t\t<a class=\"elementor-accordion-title\" tabindex=\"0\"> Will there be any scars after the surgery?<\/a>\n\t\t\t\t\t<\/div>\n\t\t\t\t\t<div id=\"elementor-tab-content-8065\" class=\"elementor-tab-content elementor-clearfix\" data-tab=\"5\" role=\"region\" aria-labelledby=\"elementor-tab-title-8065\"><p class=\"\" data-start=\"1058\" data-end=\"1157\">No. Chalazion surgery is performed under local anesthesia, and the patient does not feel any pain during the procedure. There may be some mild tenderness after the procedure, but it usually subsides quickly.<\/p><\/div>\n\t\t\t\t<\/div>\n\t\t\t\t\t\t\t<div class=\"elementor-accordion-item\">\n\t\t\t\t\t<div id=\"elementor-tab-title-8066\" class=\"elementor-tab-title\" data-tab=\"6\" role=\"button\" aria-controls=\"elementor-tab-content-8066\" aria-expanded=\"false\">\n\t\t\t\t\t\t\t\t\t\t\t\t\t<span class=\"elementor-accordion-icon elementor-accordion-icon-right\" aria-hidden=\"true\">\n\t\t\t\t\t\t\t\t\t\t\t\t\t\t\t<span class=\"elementor-accordion-icon-closed\"><svg class=\"e-font-icon-svg e-fas-plus\" viewbox=\"0 0 448 512\" xmlns=\"http:\/\/www.w3.org\/2000\/svg\"><path d=\"M416 208H272V64c0-17.67-14.33-32-32-32h-32c-17.67 0-32 14.33-32 32v144H32c-17.67 0-32 14.33-32 32v32c0 17.67 14.33 32 32 32h144v144c0 17.67 14.33 32 32 32h32c17.67 0 32-14.33 32-32V304h144c17.67 0 32-14.33 32-32v-32c0-17.67-14.33-32-32-32z\"><\/path><\/svg><\/span>\n\t\t\t\t\t\t\t\t<span class=\"elementor-accordion-icon-opened\"><svg class=\"e-font-icon-svg e-fas-minus\" viewbox=\"0 0 448 512\" xmlns=\"http:\/\/www.w3.org\/2000\/svg\"><path d=\"M416 208H32c-17.67 0-32 14.33-32 32v32c0 17.67 14.33 32 32 32h384c17.67 0 32-14.33 32-32v-32c0-17.67-14.33-32-32-32z\"><\/path><\/svg><\/span>\n\t\t\t\t\t\t\t\t\t\t\t\t\t\t<\/span>\n\t\t\t\t\t\t\t\t\t\t\t\t<a class=\"elementor-accordion-title\" tabindex=\"0\">If my child has a chalazion, does he need surgery?<\/a>\n\t\t\t\t\t<\/div>\n\t\t\t\t\t<div id=\"elementor-tab-content-8066\" class=\"elementor-tab-content elementor-clearfix\" data-tab=\"6\" role=\"region\" aria-labelledby=\"elementor-tab-title-8066\"><p class=\"\" data-start=\"1058\" data-end=\"1157\">Chalazions can also occur in children. Warm compresses and medication are initially administered. For chalazions that do not respond to treatment or are very large, surgery may be performed under local anesthesia, specifically for children.<\/p><\/div>\n\t\t\t\t<\/div>\n\t\t\t\t\t\t\t<div class=\"elementor-accordion-item\">\n\t\t\t\t\t<div id=\"elementor-tab-title-8067\" class=\"elementor-tab-title\" data-tab=\"7\" role=\"button\" aria-controls=\"elementor-tab-content-8067\" aria-expanded=\"false\">\n\t\t\t\t\t\t\t\t\t\t\t\t\t<span class=\"elementor-accordion-icon elementor-accordion-icon-right\" aria-hidden=\"true\">\n\t\t\t\t\t\t\t\t\t\t\t\t\t\t\t<span class=\"elementor-accordion-icon-closed\"><svg class=\"e-font-icon-svg e-fas-plus\" viewbox=\"0 0 448 512\" xmlns=\"http:\/\/www.w3.org\/2000\/svg\"><path d=\"M416 208H272V64c0-17.67-14.33-32-32-32h-32c-17.67 0-32 14.33-32 32v144H32c-17.67 0-32 14.33-32 32v32c0 17.67 14.33 32 32 32h144v144c0 17.67 14.33 32 32 32h32c17.67 0 32-14.33 32-32V304h144c17.67 0 32-14.33 32-32v-32c0-17.67-14.33-32-32-32z\"><\/path><\/svg><\/span>\n\t\t\t\t\t\t\t\t<span class=\"elementor-accordion-icon-opened\"><svg class=\"e-font-icon-svg e-fas-minus\" viewbox=\"0 0 448 512\" xmlns=\"http:\/\/www.w3.org\/2000\/svg\"><path d=\"M416 208H32c-17.67 0-32 14.33-32 32v32c0 17.67 14.33 32 32 32h384c17.67 0 32-14.33 32-32v-32c0-17.67-14.33-32-32-32z\"><\/path><\/svg><\/span>\n\t\t\t\t\t\t\t\t\t\t\t\t\t\t<\/span>\n\t\t\t\t\t\t\t\t\t\t\t\t<a class=\"elementor-accordion-title\" tabindex=\"0\">When can I return to work or school after surgery?<\/a>\n\t\t\t\t\t<\/div>\n\t\t\t\t\t<div id=\"elementor-tab-content-8067\" class=\"elementor-tab-content elementor-clearfix\" data-tab=\"7\" role=\"region\" aria-labelledby=\"elementor-tab-title-8067\"><p class=\"\" data-start=\"1058\" data-end=\"1157\">Most patients can return to their daily routine the day after surgery. However, 1-2 days of rest may be recommended, as mild swelling and redness may occur after the procedure.<\/p><\/div>\n\t\t\t\t<\/div>\n\t\t\t\t\t\t\t\t<\/div>\n\t\t\t\t\t\t<\/div>\n\t\t\t\t<\/div>\n\t\t\t\t\t<\/div>\n\t\t\t\t<\/div>\n\t\t\t\t\t<\/div>\n\t\t\t\t<\/div>\n\t\t\t\t<\/div>","protected":false},"excerpt":{"rendered":"<p>G\u00f6z Kapa\u011f\u0131 \u015ealazyonu (\u0130\u00e7 Arpac\u0131k) Nedir? \u015ealazyon, halk aras\u0131nda \u201ci\u00e7 arpac\u0131k\u201d olarak da bilinen, g\u00f6z kapa\u011f\u0131nda olu\u015fan iyi huylu, a\u011fr\u0131s\u0131z bir kisttir. G\u00f6z kapa\u011f\u0131ndaki ya\u011f bezlerinin t\u0131kanmas\u0131 sonucu ortaya \u00e7\u0131kar. \u015ealazyon, \u00e7o\u011fu zaman zarars\u0131zd\u0131r ancak estetik kayg\u0131lara yol a\u00e7abilir veya g\u00f6rme alan\u0131n\u0131 k\u0131s\u0131tlayacak kadar b\u00fcy\u00fcyebilir. Arpac\u0131k ve \u015ealazyon Aras\u0131ndaki Fark Nedir? Arpac\u0131k (hordeolum), genellikle bakteriyel&#8230;<\/p>","protected":false},"author":1,"featured_media":0,"parent":6460,"menu_order":0,"comment_status":"closed","ping_status":"closed","template":"","meta":{"footnotes":""},"class_list":["post-6467","page","type-page","status-publish","hentry"],"_links":{"self":[{"href":"https:\/\/artofoculoplastics.com\/en\/wp-json\/wp\/v2\/pages\/6467","targetHints":{"allow":["GET"]}}],"collection":[{"href":"https:\/\/artofoculoplastics.com\/en\/wp-json\/wp\/v2\/pages"}],"about":[{"href":"https:\/\/artofoculoplastics.com\/en\/wp-json\/wp\/v2\/types\/page"}],"author":[{"embeddable":true,"href":"https:\/\/artofoculoplastics.com\/en\/wp-json\/wp\/v2\/users\/1"}],"replies":[{"embeddable":true,"href":"https:\/\/artofoculoplastics.com\/en\/wp-json\/wp\/v2\/comments?post=6467"}],"version-history":[{"count":11,"href":"https:\/\/artofoculoplastics.com\/en\/wp-json\/wp\/v2\/pages\/6467\/revisions"}],"predecessor-version":[{"id":7563,"href":"https:\/\/artofoculoplastics.com\/en\/wp-json\/wp\/v2\/pages\/6467\/revisions\/7563"}],"up":[{"embeddable":true,"href":"https:\/\/artofoculoplastics.com\/en\/wp-json\/wp\/v2\/pages\/6460"}],"wp:attachment":[{"href":"https:\/\/artofoculoplastics.com\/en\/wp-json\/wp\/v2\/media?parent=6467"}],"curies":[{"name":"wp","href":"https:\/\/api.w.org\/{rel}","templated":true}]}}