{"id":6460,"date":"2025-04-24T10:21:06","date_gmt":"2025-04-24T07:21:06","guid":{"rendered":"https:\/\/artofoculoplastics.com\/?page_id=6460"},"modified":"2025-05-07T16:18:02","modified_gmt":"2025-05-07T13:18:02","slug":"reconstructive-eye-aesthetic-surgery","status":"publish","type":"page","link":"https:\/\/artofoculoplastics.com\/en\/reconstructive-eye-aesthetic-surgery\/","title":{"rendered":"Reconstructive Eye Plastic Surgery"},"content":{"rendered":"<div data-elementor-type=\"wp-page\" data-elementor-id=\"6460\" class=\"elementor elementor-6460\">\n\t\t\t\t<div class=\"elementor-element elementor-element-2bed357 e-flex e-con-boxed e-con e-parent\" data-id=\"2bed357\" data-element_type=\"container\">\n\t\t\t\t\t<div class=\"e-con-inner\">\n\t\t\r\n\t\t<div class=\"elementor-element elementor-element-803cdd0 elementor-widget elementor-widget-image\" data-id=\"803cdd0\" data-element_type=\"widget\" data-widget_type=\"image.default\">\n\t\t\t\t<div class=\"elementor-widget-container\">\n\t\t\t\t\t\t\t\t\t\t\t\t\t\t\t<img fetchpriority=\"high\" decoding=\"async\" width=\"1134\" height=\"423\" src=\"https:\/\/artofoculoplastics.com\/wp-content\/uploads\/2025\/05\/Rekonstruktif-Goz-Estetik-Cerrahisi-e1746623848563.png\" class=\"attachment-full size-full wp-image-7841\" alt=\"Reconstructive Eye Plastic Surgery Treatments\" srcset=\"https:\/\/artofoculoplastics.com\/wp-content\/uploads\/2025\/05\/Rekonstruktif-Goz-Estetik-Cerrahisi-e1746623848563.png 1134w, https:\/\/artofoculoplastics.com\/wp-content\/uploads\/2025\/05\/Rekonstruktif-Goz-Estetik-Cerrahisi-e1746623848563-300x112.png 300w, https:\/\/artofoculoplastics.com\/wp-content\/uploads\/2025\/05\/Rekonstruktif-Goz-Estetik-Cerrahisi-e1746623848563-1024x382.png 1024w, https:\/\/artofoculoplastics.com\/wp-content\/uploads\/2025\/05\/Rekonstruktif-Goz-Estetik-Cerrahisi-e1746623848563-768x286.png 768w, https:\/\/artofoculoplastics.com\/wp-content\/uploads\/2025\/05\/Rekonstruktif-Goz-Estetik-Cerrahisi-e1746623848563-18x7.png 18w, https:\/\/artofoculoplastics.com\/wp-content\/uploads\/2025\/05\/Rekonstruktif-Goz-Estetik-Cerrahisi-e1746623848563-600x224.png 600w\" sizes=\"(max-width: 1134px) 100vw, 1134px\" \/>\t\t\t\t\t\t\t\t\t\t\t\t\t\t\t<\/div>\n\t\t\t\t<\/div>\n\t\t\t\t<div class=\"elementor-element elementor-element-bf97c82 elementor-widget elementor-widget-mediaxmenuselect\" data-id=\"bf97c82\" data-element_type=\"widget\" data-widget_type=\"mediaxmenuselect.default\">\n\t\t\t\t<div class=\"elementor-widget-container\">\n\t\t\t\t\t<ul id=\"menu-rekonstruktif-goz-estetik-cerrahisi\" class=\"menu\"><li id=\"menu-item-7808\" class=\"menu-item menu-item-type-post_type menu-item-object-page menu-item-7808\"><a href=\"https:\/\/artofoculoplastics.com\/en\/reconstructive-eye-aesthetic-surgery\/eye-asymmetry\/\">Eye Asymmetry<\/a><\/li>\n<li id=\"menu-item-7809\" class=\"menu-item menu-item-type-post_type menu-item-object-page menu-item-7809\"><a href=\"https:\/\/artofoculoplastics.com\/en\/reconstructive-eye-aesthetic-surgery\/eyelid-contractions-blepharospasm\/\">Eyelid Contractions | Blepharospasm<\/a><\/li>\n<li id=\"menu-item-7810\" class=\"menu-item menu-item-type-post_type menu-item-object-page menu-item-7810\"><a href=\"https:\/\/artofoculoplastics.com\/en\/reconstructive-eye-aesthetic-surgery\/eyelid-paralysis-bell-palsy\/\">Face and Eyelid Paralysis &amp; Bell&#039;s Palsy<\/a><\/li>\n<li id=\"menu-item-7816\" class=\"menu-item menu-item-type-post_type menu-item-object-page menu-item-7816\"><a href=\"https:\/\/artofoculoplastics.com\/en\/reconstructive-eye-aesthetic-surgery\/congenital-pediatric-oculoplastic-surgery\/\">Congenital | Pediatric Oculoplastic Surgery<\/a><\/li>\n<li id=\"menu-item-7811\" class=\"menu-item menu-item-type-post_type menu-item-object-page menu-item-7811\"><a href=\"https:\/\/artofoculoplastics.com\/en\/reconstructive-eye-aesthetic-surgery\/chemosis-oedema-in-the-eye-membrane\/\">Chemosis | Edema in the Eye Membrane<\/a><\/li>\n<li id=\"menu-item-7812\" class=\"menu-item menu-item-type-post_type menu-item-object-page menu-item-7812\"><a href=\"https:\/\/artofoculoplastics.com\/en\/reconstructive-eye-aesthetic-surgery\/eyelid-skin-cancer-and-reconstruction\/\">Eyelid Skin Cancer and Reconstruction<\/a><\/li>\n<li id=\"menu-item-7813\" class=\"menu-item menu-item-type-post_type menu-item-object-page menu-item-7813\"><a href=\"https:\/\/artofoculoplastics.com\/en\/reconstructive-eye-aesthetic-surgery\/eyelid-rotation-disorders-entropion-and-ectropion\/\">Eyelid Rotation Disorders: Entropion and Ectropion<\/a><\/li>\n<li id=\"menu-item-7814\" class=\"menu-item menu-item-type-post_type menu-item-object-page menu-item-7814\"><a href=\"https:\/\/artofoculoplastics.com\/en\/reconstructive-eye-aesthetic-surgery\/eyelid-retraction\/\">Eyelid Retraction<\/a><\/li>\n<li id=\"menu-item-7815\" class=\"menu-item menu-item-type-post_type menu-item-object-page menu-item-7815\"><a href=\"https:\/\/artofoculoplastics.com\/en\/reconstructive-eye-aesthetic-surgery\/eyelid-chalazion-stye-surgery\/\">Eyelid Chalazion (Stye) Surgery<\/a><\/li>\n<li id=\"menu-item-7817\" class=\"menu-item menu-item-type-post_type menu-item-object-page menu-item-7817\"><a href=\"https:\/\/artofoculoplastics.com\/en\/tear-and-tear-duct-problems-dcr-surgery\/\">Tears and Lacrimal Duct Problems | DCR Surgery<\/a><\/li>\n<\/ul>\t\t\t\t<\/div>\n\t\t\t\t<\/div>\n\t\t\t\t\t<\/div>\n\t\t\t\t<\/div>\n\t\t\t\t<\/div>","protected":false},"excerpt":{"rendered":"<p>G\u00f6z Asimetrisi G\u00f6z Kapa\u011f\u0131 Kas\u0131lmalar\u0131 | Blefarospazm Y\u00fcz ve G\u00f6z Kapa\u011f\u0131 Felci &#038; Bell Felci Do\u011fumsal | Pediatrik Ok\u00fcloplastik Cerrahi Kemozis | G\u00f6z Zar\u0131nda \u00d6dem G\u00f6z Kapa\u011f\u0131 Cilt Kanseri ve Rekonstr\u00fcksiyonu G\u00f6z Kapa\u011f\u0131 D\u00f6nme Bozukluklar\u0131: Entropyon ve Ektropyon G\u00f6z Kapa\u011f\u0131 Geri \u00c7ekilmesi G\u00f6z Kapa\u011f\u0131 \u015ealazyon (Arpac\u0131k) Ameliyat\u0131 G\u00f6zya\u015f\u0131 ve G\u00f6zya\u015f\u0131 Kanal\u0131 Problemleri | DCR Ameliyat\u0131<\/p>","protected":false},"author":1,"featured_media":0,"parent":0,"menu_order":0,"comment_status":"closed","ping_status":"closed","template":"","meta":{"footnotes":""},"class_list":["post-6460","page","type-page","status-publish","hentry"],"_links":{"self":[{"href":"https:\/\/artofoculoplastics.com\/en\/wp-json\/wp\/v2\/pages\/6460","targetHints":{"allow":["GET"]}}],"collection":[{"href":"https:\/\/artofoculoplastics.com\/en\/wp-json\/wp\/v2\/pages"}],"about":[{"href":"https:\/\/artofoculoplastics.com\/en\/wp-json\/wp\/v2\/types\/page"}],"author":[{"embeddable":true,"href":"https:\/\/artofoculoplastics.com\/en\/wp-json\/wp\/v2\/users\/1"}],"replies":[{"embeddable":true,"href":"https:\/\/artofoculoplastics.com\/en\/wp-json\/wp\/v2\/comments?post=6460"}],"version-history":[{"count":7,"href":"https:\/\/artofoculoplastics.com\/en\/wp-json\/wp\/v2\/pages\/6460\/revisions"}],"predecessor-version":[{"id":7844,"href":"https:\/\/artofoculoplastics.com\/en\/wp-json\/wp\/v2\/pages\/6460\/revisions\/7844"}],"wp:attachment":[{"href":"https:\/\/artofoculoplastics.com\/en\/wp-json\/wp\/v2\/media?parent=6460"}],"curies":[{"name":"wp","href":"https:\/\/api.w.org\/{rel}","templated":true}]}}