{"id":6435,"date":"2025-04-24T10:12:52","date_gmt":"2025-04-24T07:12:52","guid":{"rendered":"https:\/\/artofoculoplastics.com\/?page_id=6435"},"modified":"2025-04-28T15:12:24","modified_gmt":"2025-04-28T12:12:24","slug":"eyelid-and-facial-fat-injection","status":"publish","type":"page","link":"https:\/\/artofoculoplastics.com\/en\/eye-aesthetics\/eyelid-and-facial-fat-injection\/","title":{"rendered":"Eyelid and Face Fat Injection"},"content":{"rendered":"<div data-elementor-type=\"wp-page\" data-elementor-id=\"6435\" class=\"elementor elementor-6435\">\n\t\t\t\t<div class=\"elementor-element elementor-element-d95bb7e e-flex e-con-boxed e-con e-parent\" data-id=\"d95bb7e\" data-element_type=\"container\">\n\t\t\t\t\t<div class=\"e-con-inner\">\n\t\t<div class=\"elementor-element elementor-element-98baee3 e-flex e-con-boxed e-con e-child\" data-id=\"98baee3\" data-element_type=\"container\">\n\t\t\t\t\t<div class=\"e-con-inner\">\n\t\t\r\n\t\t<div class=\"elementor-element elementor-element-e043ff4 elementor-widget elementor-widget-image\" data-id=\"e043ff4\" data-element_type=\"widget\" data-widget_type=\"image.default\">\n\t\t\t\t<div class=\"elementor-widget-container\">\n\t\t\t\t\t\t\t\t\t\t\t\t\t\t\t<img fetchpriority=\"high\" decoding=\"async\" width=\"1134\" height=\"567\" src=\"https:\/\/artofoculoplastics.com\/wp-content\/uploads\/2025\/04\/goz-estetigi.png\" class=\"attachment-full size-full wp-image-7400\" alt=\"Eye Aesthetics - Under-Eye and Facial Fat Transfer\" srcset=\"https:\/\/artofoculoplastics.com\/wp-content\/uploads\/2025\/04\/goz-estetigi.png 1134w, https:\/\/artofoculoplastics.com\/wp-content\/uploads\/2025\/04\/goz-estetigi-300x150.png 300w, https:\/\/artofoculoplastics.com\/wp-content\/uploads\/2025\/04\/goz-estetigi-1024x512.png 1024w, https:\/\/artofoculoplastics.com\/wp-content\/uploads\/2025\/04\/goz-estetigi-768x384.png 768w, https:\/\/artofoculoplastics.com\/wp-content\/uploads\/2025\/04\/goz-estetigi-18x9.png 18w, https:\/\/artofoculoplastics.com\/wp-content\/uploads\/2025\/04\/goz-estetigi-600x300.png 600w\" sizes=\"(max-width: 1134px) 100vw, 1134px\" \/>\t\t\t\t\t\t\t\t\t\t\t\t\t\t\t<\/div>\n\t\t\t\t<\/div>\n\t\t\t\t<div class=\"elementor-element elementor-element-983703c elementor-widget elementor-widget-text-editor\" data-id=\"983703c\" data-element_type=\"widget\" data-widget_type=\"text-editor.default\">\n\t\t\t\t<div class=\"elementor-widget-container\">\n\t\t\t\t\t\t\t\t\t<h2 data-start=\"517\" data-end=\"581\">What is Eyelid and Facial Fat Transfer \/ Fat Injection?<\/h2><p class=\"\" data-start=\"582\" data-end=\"1130\">Fat transfer is also known as &quot;fat injection&quot; or &quot;liposuction transfer.&quot; This cosmetic procedure is performed under local anesthesia, and sometimes sedation is also applied. Fat cells are taken from undesirable areas of the patient&#039;s body (such as the abdomen, waist, and thighs) and injected into areas where they are needed. Because the fat cells are taken from the patient, they are natural and carry no risk of allergies. Furthermore, fat transfer is preferred because it provides permanent and natural results. It also offers a more cost-effective solution in the long term.<\/p><h3 class=\"\" data-start=\"1132\" data-end=\"1168\">How is Fat Transfer Performed?<\/h3><p class=\"\" data-start=\"1169\" data-end=\"1698\">Fat transfer involves injecting fat cells extracted from the patient&#039;s body into appropriate areas. Fat cells are typically taken from the abdomen, waist (love handles), or thighs. The harvested fat cells are then harvested through small incisions, then processed and injected into areas of the face that have sagged or lost volume. Fat cells can be injected into areas such as the under-eye area, temples, forehead, cheeks, lips, and nasolabial folds to correct signs of aging and add volume.<\/p><h3 class=\"\" data-start=\"1700\" data-end=\"1742\">Facial Rejuvenation with Fat Transfer<\/h3><p class=\"\" data-start=\"1676\" data-end=\"2038\">Fat transfer helps restore the natural fullness lost in your face. It can improve under-eye hollows, sagging skin around the eyes, deep lines along the bridge of the nose, and volume loss in the cheeks. This procedure provides a natural and lasting rejuvenation effect.<\/p>\t\t\t\t\t\t\t\t<\/div>\n\t\t\t\t<\/div>\n\t\t\t\t<div class=\"elementor-element elementor-element-84e42ff elementor-widget elementor-widget-image\" data-id=\"84e42ff\" data-element_type=\"widget\" data-widget_type=\"image.default\">\n\t\t\t\t<div class=\"elementor-widget-container\">\n\t\t\t\t\t\t\t\t\t\t\t\t\t\t\t<img decoding=\"async\" width=\"1134\" height=\"567\" src=\"https:\/\/artofoculoplastics.com\/wp-content\/uploads\/2025\/04\/goz-kapagi-yuz-yag-transferi.png\" class=\"attachment-full size-full wp-image-7399\" alt=\"Eyelid and facial fat transfer\" srcset=\"https:\/\/artofoculoplastics.com\/wp-content\/uploads\/2025\/04\/goz-kapagi-yuz-yag-transferi.png 1134w, https:\/\/artofoculoplastics.com\/wp-content\/uploads\/2025\/04\/goz-kapagi-yuz-yag-transferi-300x150.png 300w, https:\/\/artofoculoplastics.com\/wp-content\/uploads\/2025\/04\/goz-kapagi-yuz-yag-transferi-1024x512.png 1024w, https:\/\/artofoculoplastics.com\/wp-content\/uploads\/2025\/04\/goz-kapagi-yuz-yag-transferi-768x384.png 768w, https:\/\/artofoculoplastics.com\/wp-content\/uploads\/2025\/04\/goz-kapagi-yuz-yag-transferi-18x9.png 18w, https:\/\/artofoculoplastics.com\/wp-content\/uploads\/2025\/04\/goz-kapagi-yuz-yag-transferi-600x300.png 600w\" sizes=\"(max-width: 1134px) 100vw, 1134px\" \/>\t\t\t\t\t\t\t\t\t\t\t\t\t\t\t<\/div>\n\t\t\t\t<\/div>\n\t\t\t\t<div class=\"elementor-element elementor-element-15ab3a1 elementor-widget elementor-widget-text-editor\" data-id=\"15ab3a1\" data-element_type=\"widget\" data-widget_type=\"text-editor.default\">\n\t\t\t\t<div class=\"elementor-widget-container\">\n\t\t\t\t\t\t\t\t\t<h3 class=\"\" data-start=\"2023\" data-end=\"2046\">The Healing Process<\/h3><p class=\"\" data-start=\"2047\" data-end=\"2552\">Ya\u011f transferi genellikle minimal invaziv bir i\u015flem olup, iyile\u015fme s\u00fcresi olduk\u00e7a k\u0131sad\u0131r. \u0130\u015flem sonras\u0131nda birka\u00e7 g\u00fcn s\u00fcresince \u015fi\u015flik ve morluklar olabilir. Ancak bu etkiler genellikle 7-10 g\u00fcn i\u00e7inde ge\u00e7er. Transfer edilen ya\u011f h\u00fccrelerinin tamam\u0131 hayatta kalmaz; genellikle %60-70&#8217;lik bir k\u0131sm\u0131 2-3 ay i\u00e7inde kal\u0131c\u0131 hale gelir. Kalan hacim kayb\u0131n\u0131 telafi etmek i\u00e7in, ikinci bir \u201cdokunu\u015f\u201d seans\u0131 gerekebilir. Bu dokunu\u015f i\u00e7in, baz\u0131 cerrahlar ekstra ya\u011f al\u0131rken, baz\u0131lar\u0131 dolgu enjeksiyonu tercih edebilir.<\/p><p class=\"\" data-start=\"2554\" data-end=\"2776\">Fat transfer can be carefully applied even to sensitive areas like the eye contour. It improves under-eye hollows, sunken eyes, dark circles, and wrinkles, resulting in a more youthful and refreshed appearance.<\/p><h3 class=\"\" data-start=\"2778\" data-end=\"2814\">Advantages of Fat Transfer<\/h3><ul data-start=\"2815\" data-end=\"3213\"><li class=\"\" data-start=\"2815\" data-end=\"2914\"><p class=\"\" data-start=\"2817\" data-end=\"2914\">Naturalness: Fat transfer is a completely natural solution because fat from your body is used.<\/p><\/li><li class=\"\" data-start=\"2915\" data-end=\"2992\"><p class=\"\" data-start=\"2917\" data-end=\"2992\">Permanent Results: Most of the fat cells become permanent within 2-3 months.<\/p><\/li><li class=\"\" data-start=\"2993\" data-end=\"3080\"><p class=\"\" data-start=\"2995\" data-end=\"3080\">No Risk of Allergy: Since the oil is removed from your body, there is no risk of allergic reaction.<\/p><\/li><li class=\"\" data-start=\"3081\" data-end=\"3213\"><p class=\"\" data-start=\"3083\" data-end=\"3213\">Can be used in various areas: It can be used in different areas of the face, especially under the eyes, temples and lips.<\/p><\/li><\/ul><h3 class=\"\" data-start=\"3215\" data-end=\"3257\">Who Can Have Fat Transfer?<\/h3><p class=\"\" data-start=\"3258\" data-end=\"3590\">Fat transfer is suitable for anyone looking to reduce the signs of aging and reshape their facial features. This treatment is particularly suitable for those experiencing under-eye hollowness, sagging skin, and volume loss. It&#039;s also an ideal option for patients seeking a permanent solution but not necessarily a surgical option.<\/p>\t\t\t\t\t\t\t\t<\/div>\n\t\t\t\t<\/div>\n\t\t\t\t<div class=\"elementor-element elementor-element-34e25f4 elementor-widget elementor-widget-heading\" data-id=\"34e25f4\" data-element_type=\"widget\" data-widget_type=\"heading.default\">\n\t\t\t\t<div class=\"elementor-widget-container\">\n\t\t\t\t\t<h3 class=\"elementor-heading-title elementor-size-default\">Frequently Asked Questions<\/h3>\t\t\t\t<\/div>\n\t\t\t\t<\/div>\n\t\t\t\t<div class=\"elementor-element elementor-element-18b6987 elementor-widget elementor-widget-accordion\" data-id=\"18b6987\" data-element_type=\"widget\" data-widget_type=\"accordion.default\">\n\t\t\t\t<div class=\"elementor-widget-container\">\n\t\t\t\t\t\t\t<div class=\"elementor-accordion\">\n\t\t\t\t\t\t\t<div class=\"elementor-accordion-item\">\n\t\t\t\t\t<div id=\"elementor-tab-title-2591\" class=\"elementor-tab-title\" data-tab=\"1\" role=\"button\" aria-controls=\"elementor-tab-content-2591\" aria-expanded=\"false\">\n\t\t\t\t\t\t\t\t\t\t\t\t\t<span class=\"elementor-accordion-icon elementor-accordion-icon-right\" aria-hidden=\"true\">\n\t\t\t\t\t\t\t\t\t\t\t\t\t\t\t<span class=\"elementor-accordion-icon-closed\"><svg class=\"e-font-icon-svg e-fas-plus\" viewbox=\"0 0 448 512\" xmlns=\"http:\/\/www.w3.org\/2000\/svg\"><path d=\"M416 208H272V64c0-17.67-14.33-32-32-32h-32c-17.67 0-32 14.33-32 32v144H32c-17.67 0-32 14.33-32 32v32c0 17.67 14.33 32 32 32h144v144c0 17.67 14.33 32 32 32h32c17.67 0 32-14.33 32-32V304h144c17.67 0 32-14.33 32-32v-32c0-17.67-14.33-32-32-32z\"><\/path><\/svg><\/span>\n\t\t\t\t\t\t\t\t<span class=\"elementor-accordion-icon-opened\"><svg class=\"e-font-icon-svg e-fas-minus\" viewbox=\"0 0 448 512\" xmlns=\"http:\/\/www.w3.org\/2000\/svg\"><path d=\"M416 208H32c-17.67 0-32 14.33-32 32v32c0 17.67 14.33 32 32 32h384c17.67 0 32-14.33 32-32v-32c0-17.67-14.33-32-32-32z\"><\/path><\/svg><\/span>\n\t\t\t\t\t\t\t\t\t\t\t\t\t\t<\/span>\n\t\t\t\t\t\t\t\t\t\t\t\t<a class=\"elementor-accordion-title\" tabindex=\"0\">Does fat transfer correct under-eye hollows?<\/a>\n\t\t\t\t\t<\/div>\n\t\t\t\t\t<div id=\"elementor-tab-content-2591\" class=\"elementor-tab-content elementor-clearfix\" data-tab=\"1\" role=\"region\" aria-labelledby=\"elementor-tab-title-2591\"><p>Yes, under-eye hollows (tear trough deformity) can be successfully corrected with fat transfer. Fat transfer compensates for the loss of volume in this area, resulting in a more youthful and refreshed appearance. This reduces dark circles and the appearance of tiredness.<\/p><\/div>\n\t\t\t\t<\/div>\n\t\t\t\t\t\t\t<div class=\"elementor-accordion-item\">\n\t\t\t\t\t<div id=\"elementor-tab-title-2592\" class=\"elementor-tab-title\" data-tab=\"2\" role=\"button\" aria-controls=\"elementor-tab-content-2592\" aria-expanded=\"false\">\n\t\t\t\t\t\t\t\t\t\t\t\t\t<span class=\"elementor-accordion-icon elementor-accordion-icon-right\" aria-hidden=\"true\">\n\t\t\t\t\t\t\t\t\t\t\t\t\t\t\t<span class=\"elementor-accordion-icon-closed\"><svg class=\"e-font-icon-svg e-fas-plus\" viewbox=\"0 0 448 512\" xmlns=\"http:\/\/www.w3.org\/2000\/svg\"><path d=\"M416 208H272V64c0-17.67-14.33-32-32-32h-32c-17.67 0-32 14.33-32 32v144H32c-17.67 0-32 14.33-32 32v32c0 17.67 14.33 32 32 32h144v144c0 17.67 14.33 32 32 32h32c17.67 0 32-14.33 32-32V304h144c17.67 0 32-14.33 32-32v-32c0-17.67-14.33-32-32-32z\"><\/path><\/svg><\/span>\n\t\t\t\t\t\t\t\t<span class=\"elementor-accordion-icon-opened\"><svg class=\"e-font-icon-svg e-fas-minus\" viewbox=\"0 0 448 512\" xmlns=\"http:\/\/www.w3.org\/2000\/svg\"><path d=\"M416 208H32c-17.67 0-32 14.33-32 32v32c0 17.67 14.33 32 32 32h384c17.67 0 32-14.33 32-32v-32c0-17.67-14.33-32-32-32z\"><\/path><\/svg><\/span>\n\t\t\t\t\t\t\t\t\t\t\t\t\t\t<\/span>\n\t\t\t\t\t\t\t\t\t\t\t\t<a class=\"elementor-accordion-title\" tabindex=\"0\">Does fat transfer remove under-eye dark circles?<\/a>\n\t\t\t\t\t<\/div>\n\t\t\t\t\t<div id=\"elementor-tab-content-2592\" class=\"elementor-tab-content elementor-clearfix\" data-tab=\"2\" role=\"region\" aria-labelledby=\"elementor-tab-title-2592\"><p class=\"\" data-start=\"351\" data-end=\"633\">Yes, dark circles under the eyes can become more noticeable due to volume loss. Fat transfer fills in the hollows in this area, creating a smoother, more luminous appearance in the under-eye area, thus reducing dark circles.<\/p><\/div>\n\t\t\t\t<\/div>\n\t\t\t\t\t\t\t<div class=\"elementor-accordion-item\">\n\t\t\t\t\t<div id=\"elementor-tab-title-2593\" class=\"elementor-tab-title\" data-tab=\"3\" role=\"button\" aria-controls=\"elementor-tab-content-2593\" aria-expanded=\"false\">\n\t\t\t\t\t\t\t\t\t\t\t\t\t<span class=\"elementor-accordion-icon elementor-accordion-icon-right\" aria-hidden=\"true\">\n\t\t\t\t\t\t\t\t\t\t\t\t\t\t\t<span class=\"elementor-accordion-icon-closed\"><svg class=\"e-font-icon-svg e-fas-plus\" viewbox=\"0 0 448 512\" xmlns=\"http:\/\/www.w3.org\/2000\/svg\"><path d=\"M416 208H272V64c0-17.67-14.33-32-32-32h-32c-17.67 0-32 14.33-32 32v144H32c-17.67 0-32 14.33-32 32v32c0 17.67 14.33 32 32 32h144v144c0 17.67 14.33 32 32 32h32c17.67 0 32-14.33 32-32V304h144c17.67 0 32-14.33 32-32v-32c0-17.67-14.33-32-32-32z\"><\/path><\/svg><\/span>\n\t\t\t\t\t\t\t\t<span class=\"elementor-accordion-icon-opened\"><svg class=\"e-font-icon-svg e-fas-minus\" viewbox=\"0 0 448 512\" xmlns=\"http:\/\/www.w3.org\/2000\/svg\"><path d=\"M416 208H32c-17.67 0-32 14.33-32 32v32c0 17.67 14.33 32 32 32h384c17.67 0 32-14.33 32-32v-32c0-17.67-14.33-32-32-32z\"><\/path><\/svg><\/span>\n\t\t\t\t\t\t\t\t\t\t\t\t\t\t<\/span>\n\t\t\t\t\t\t\t\t\t\t\t\t<a class=\"elementor-accordion-title\" tabindex=\"0\">Is fat transfer under the eyes painful?<\/a>\n\t\t\t\t\t<\/div>\n\t\t\t\t\t<div id=\"elementor-tab-content-2593\" class=\"elementor-tab-content elementor-clearfix\" data-tab=\"3\" role=\"region\" aria-labelledby=\"elementor-tab-title-2593\"><p class=\"\" data-start=\"1058\" data-end=\"1157\">No, fat transfer is usually performed with local anesthesia, so you won&#039;t feel any pain during the procedure. You may only experience mild discomfort during the anesthesia. There may be some minor swelling and bruising after the procedure, but this usually subsides within a few days.<\/p><\/div>\n\t\t\t\t<\/div>\n\t\t\t\t\t\t\t<div class=\"elementor-accordion-item\">\n\t\t\t\t\t<div id=\"elementor-tab-title-2594\" class=\"elementor-tab-title\" data-tab=\"4\" role=\"button\" aria-controls=\"elementor-tab-content-2594\" aria-expanded=\"false\">\n\t\t\t\t\t\t\t\t\t\t\t\t\t<span class=\"elementor-accordion-icon elementor-accordion-icon-right\" aria-hidden=\"true\">\n\t\t\t\t\t\t\t\t\t\t\t\t\t\t\t<span class=\"elementor-accordion-icon-closed\"><svg class=\"e-font-icon-svg e-fas-plus\" viewbox=\"0 0 448 512\" xmlns=\"http:\/\/www.w3.org\/2000\/svg\"><path d=\"M416 208H272V64c0-17.67-14.33-32-32-32h-32c-17.67 0-32 14.33-32 32v144H32c-17.67 0-32 14.33-32 32v32c0 17.67 14.33 32 32 32h144v144c0 17.67 14.33 32 32 32h32c17.67 0 32-14.33 32-32V304h144c17.67 0 32-14.33 32-32v-32c0-17.67-14.33-32-32-32z\"><\/path><\/svg><\/span>\n\t\t\t\t\t\t\t\t<span class=\"elementor-accordion-icon-opened\"><svg class=\"e-font-icon-svg e-fas-minus\" viewbox=\"0 0 448 512\" xmlns=\"http:\/\/www.w3.org\/2000\/svg\"><path d=\"M416 208H32c-17.67 0-32 14.33-32 32v32c0 17.67 14.33 32 32 32h384c17.67 0 32-14.33 32-32v-32c0-17.67-14.33-32-32-32z\"><\/path><\/svg><\/span>\n\t\t\t\t\t\t\t\t\t\t\t\t\t\t<\/span>\n\t\t\t\t\t\t\t\t\t\t\t\t<a class=\"elementor-accordion-title\" tabindex=\"0\">How long does it take for swelling and bruising to go away after under-eye fat transfer?<\/a>\n\t\t\t\t\t<\/div>\n\t\t\t\t\t<div id=\"elementor-tab-content-2594\" class=\"elementor-tab-content elementor-clearfix\" data-tab=\"4\" role=\"region\" aria-labelledby=\"elementor-tab-title-2594\"><p class=\"\" data-start=\"911\" data-end=\"1263\">Swelling and bruising following under-eye fat transfer usually subside within 7-10 days. Applying a cold compress after the procedure may be helpful to speed up the healing of swelling and bruising.<\/p><\/div>\n\t\t\t\t<\/div>\n\t\t\t\t\t\t\t<div class=\"elementor-accordion-item\">\n\t\t\t\t\t<div id=\"elementor-tab-title-2595\" class=\"elementor-tab-title\" data-tab=\"5\" role=\"button\" aria-controls=\"elementor-tab-content-2595\" aria-expanded=\"false\">\n\t\t\t\t\t\t\t\t\t\t\t\t\t<span class=\"elementor-accordion-icon elementor-accordion-icon-right\" aria-hidden=\"true\">\n\t\t\t\t\t\t\t\t\t\t\t\t\t\t\t<span class=\"elementor-accordion-icon-closed\"><svg class=\"e-font-icon-svg e-fas-plus\" viewbox=\"0 0 448 512\" xmlns=\"http:\/\/www.w3.org\/2000\/svg\"><path d=\"M416 208H272V64c0-17.67-14.33-32-32-32h-32c-17.67 0-32 14.33-32 32v144H32c-17.67 0-32 14.33-32 32v32c0 17.67 14.33 32 32 32h144v144c0 17.67 14.33 32 32 32h32c17.67 0 32-14.33 32-32V304h144c17.67 0 32-14.33 32-32v-32c0-17.67-14.33-32-32-32z\"><\/path><\/svg><\/span>\n\t\t\t\t\t\t\t\t<span class=\"elementor-accordion-icon-opened\"><svg class=\"e-font-icon-svg e-fas-minus\" viewbox=\"0 0 448 512\" xmlns=\"http:\/\/www.w3.org\/2000\/svg\"><path d=\"M416 208H32c-17.67 0-32 14.33-32 32v32c0 17.67 14.33 32 32 32h384c17.67 0 32-14.33 32-32v-32c0-17.67-14.33-32-32-32z\"><\/path><\/svg><\/span>\n\t\t\t\t\t\t\t\t\t\t\t\t\t\t<\/span>\n\t\t\t\t\t\t\t\t\t\t\t\t<a class=\"elementor-accordion-title\" tabindex=\"0\">Who is the best candidate for under-eye fat transfer?<\/a>\n\t\t\t\t\t<\/div>\n\t\t\t\t\t<div id=\"elementor-tab-content-2595\" class=\"elementor-tab-content elementor-clearfix\" data-tab=\"5\" role=\"region\" aria-labelledby=\"elementor-tab-title-2595\"><p class=\"\" data-start=\"1565\" data-end=\"1836\">Individuals experiencing under-eye hollowness, dark circles, or volume loss are prime candidates for fat transfer. This procedure is ideal for patients looking to correct aesthetic loss under the eyes due to signs of aging.<\/p><\/div>\n\t\t\t\t<\/div>\n\t\t\t\t\t\t\t\t<\/div>\n\t\t\t\t\t\t<\/div>\n\t\t\t\t<\/div>\n\t\t\t\t\t<\/div>\n\t\t\t\t<\/div>\n\t\t\t\t\t<\/div>\n\t\t\t\t<\/div>\n\t\t\t\t<\/div>","protected":false},"excerpt":{"rendered":"<p>G\u00f6z Kapa\u011f\u0131 ve Y\u00fcz Ya\u011f Transferi \/ Ya\u011f Enjeksiyonu Nedir? Ya\u011f transferi, ayn\u0131 zamanda \u201cya\u011f enjeksiyonu\u201d veya \u201cliposuction transferi\u201d olarak da bilinir. Bu kozmetik prosed\u00fcr, lokal anestezi alt\u0131nda yap\u0131l\u0131r ve bazen sedasyon da uygulanabilir. Ya\u011f h\u00fccreleri, hastan\u0131n v\u00fccudunun ihtiyac\u0131 olmayan b\u00f6lgelerinden (kar\u0131n, bel, uyluk gibi) al\u0131narak, ihtiyac\u0131 olan b\u00f6lgelere enjekte edilir. Ya\u011f h\u00fccreleri, hastadan al\u0131nd\u0131\u011f\u0131&#8230;<\/p>","protected":false},"author":1,"featured_media":0,"parent":4710,"menu_order":0,"comment_status":"closed","ping_status":"closed","template":"","meta":{"footnotes":""},"class_list":["post-6435","page","type-page","status-publish","hentry"],"_links":{"self":[{"href":"https:\/\/artofoculoplastics.com\/en\/wp-json\/wp\/v2\/pages\/6435","targetHints":{"allow":["GET"]}}],"collection":[{"href":"https:\/\/artofoculoplastics.com\/en\/wp-json\/wp\/v2\/pages"}],"about":[{"href":"https:\/\/artofoculoplastics.com\/en\/wp-json\/wp\/v2\/types\/page"}],"author":[{"embeddable":true,"href":"https:\/\/artofoculoplastics.com\/en\/wp-json\/wp\/v2\/users\/1"}],"replies":[{"embeddable":true,"href":"https:\/\/artofoculoplastics.com\/en\/wp-json\/wp\/v2\/comments?post=6435"}],"version-history":[{"count":13,"href":"https:\/\/artofoculoplastics.com\/en\/wp-json\/wp\/v2\/pages\/6435\/revisions"}],"predecessor-version":[{"id":7404,"href":"https:\/\/artofoculoplastics.com\/en\/wp-json\/wp\/v2\/pages\/6435\/revisions\/7404"}],"up":[{"embeddable":true,"href":"https:\/\/artofoculoplastics.com\/en\/wp-json\/wp\/v2\/pages\/4710"}],"wp:attachment":[{"href":"https:\/\/artofoculoplastics.com\/en\/wp-json\/wp\/v2\/media?parent=6435"}],"curies":[{"name":"wp","href":"https:\/\/api.w.org\/{rel}","templated":true}]}}