{"id":6431,"date":"2025-04-24T10:13:08","date_gmt":"2025-04-24T07:13:08","guid":{"rendered":"https:\/\/artofoculoplastics.com\/?page_id=6431"},"modified":"2025-04-25T17:27:41","modified_gmt":"2025-04-25T14:27:41","slug":"revision-eyelid-ptosis-surgery","status":"publish","type":"page","link":"https:\/\/artofoculoplastics.com\/en\/eye-aesthetics\/revision-eyelid-ptosis-surgery\/","title":{"rendered":"Revision Eyelid Drooping Surgery"},"content":{"rendered":"<div data-elementor-type=\"wp-page\" data-elementor-id=\"6431\" class=\"elementor elementor-6431\">\n\t\t\t\t<div class=\"elementor-element elementor-element-ec498a7 e-flex e-con-boxed e-con e-parent\" data-id=\"ec498a7\" data-element_type=\"container\">\n\t\t\t\t\t<div class=\"e-con-inner\">\n\t\t<div class=\"elementor-element elementor-element-5da21fb e-flex e-con-boxed e-con e-child\" data-id=\"5da21fb\" data-element_type=\"container\">\n\t\t\t\t\t<div class=\"e-con-inner\">\n\t\t\r\n\t\t<div class=\"elementor-element elementor-element-44f363e elementor-widget elementor-widget-image\" data-id=\"44f363e\" data-element_type=\"widget\" data-widget_type=\"image.default\">\n\t\t\t\t<div class=\"elementor-widget-container\">\n\t\t\t\t\t\t\t\t\t\t\t\t\t\t\t<img fetchpriority=\"high\" decoding=\"async\" width=\"1123\" height=\"556\" src=\"https:\/\/artofoculoplastics.com\/wp-content\/uploads\/2025\/04\/Revizyon-Goz-Kapagi-Dusuklugu-Ameliyati-2-e1745590518473.png\" class=\"attachment-full size-full wp-image-7050\" alt=\"Revision Eyelid Drooping Surgery\" srcset=\"https:\/\/artofoculoplastics.com\/wp-content\/uploads\/2025\/04\/Revizyon-Goz-Kapagi-Dusuklugu-Ameliyati-2-e1745590518473.png 1123w, https:\/\/artofoculoplastics.com\/wp-content\/uploads\/2025\/04\/Revizyon-Goz-Kapagi-Dusuklugu-Ameliyati-2-e1745590518473-300x149.png 300w, https:\/\/artofoculoplastics.com\/wp-content\/uploads\/2025\/04\/Revizyon-Goz-Kapagi-Dusuklugu-Ameliyati-2-e1745590518473-1024x507.png 1024w, https:\/\/artofoculoplastics.com\/wp-content\/uploads\/2025\/04\/Revizyon-Goz-Kapagi-Dusuklugu-Ameliyati-2-e1745590518473-768x380.png 768w, https:\/\/artofoculoplastics.com\/wp-content\/uploads\/2025\/04\/Revizyon-Goz-Kapagi-Dusuklugu-Ameliyati-2-e1745590518473-18x9.png 18w, https:\/\/artofoculoplastics.com\/wp-content\/uploads\/2025\/04\/Revizyon-Goz-Kapagi-Dusuklugu-Ameliyati-2-e1745590518473-600x297.png 600w\" sizes=\"(max-width: 1123px) 100vw, 1123px\" \/>\t\t\t\t\t\t\t\t\t\t\t\t\t\t\t<\/div>\n\t\t\t\t<\/div>\n\t\t\t\t<div class=\"elementor-element elementor-element-db5f658 elementor-widget elementor-widget-text-editor\" data-id=\"db5f658\" data-element_type=\"widget\" data-widget_type=\"text-editor.default\">\n\t\t\t\t<div class=\"elementor-widget-container\">\n\t\t\t\t\t\t\t\t\t<p class=\"\" data-start=\"377\" data-end=\"500\">If you are unhappy with your previous eyelid surgery, a fresh start is possible with revision surgery.<\/p><p class=\"\" data-start=\"502\" data-end=\"870\">Revision eyelid surgery is a procedure performed to correct the undesirable results of previous aesthetic or functional eyelid surgery. This surgery can address symmetry, shape, or functional issues that occurred after previous procedures such as blepharoplasty, canthoplasty, brow lift, or revisional eyelid ptosis.<\/p><h2 class=\"\" data-start=\"872\" data-end=\"916\">What is Revision Eyelid Surgery?<\/h2><p class=\"\" data-start=\"917\" data-end=\"1181\">Revision blepharoplasty is a corrective eyelid surgery performed when the desired aesthetic or functional results are not achieved after the initial surgery. This procedure aims to restore the eyelid contour and function to a natural, balanced, and symmetrical state.<\/p><p class=\"\" data-start=\"1183\" data-end=\"1405\">This type of surgery requires not only technical knowledge but also specialized training and experience. Therefore, revision surgeries are essential. <strong data-start=\"1320\" data-end=\"1365\">specializing in oculoplastic surgery<\/strong> It is recommended to be done by physicians.<\/p><h3 class=\"\" data-start=\"1412\" data-end=\"1463\">Problems That May Require Revision Surgery<\/h3><p class=\"\" data-start=\"1465\" data-end=\"1549\">Revision eyelid surgery is often performed to correct the following problems:<\/p><ul data-start=\"1551\" data-end=\"2337\"><li class=\"\" data-start=\"1551\" data-end=\"1823\"><p class=\"\" data-start=\"1553\" data-end=\"1823\"><strong data-start=\"1553\" data-end=\"1597\">Lower eyelid retraction:<\/strong> It&#039;s especially common after lower blepharoplasty. Pulling the eyelid downward can expose the white part of the eye (sclera). This can occur due to factors such as excess skin removal or muscle damage.<\/p><\/li><li class=\"\" data-start=\"1827\" data-end=\"1941\"><p class=\"\" data-start=\"1829\" data-end=\"1941\"><strong data-start=\"1829\" data-end=\"1861\">Loss of symmetry in the eyelid:<\/strong> After the first surgery, there may be significant differences between the two eyelids.<\/p><\/li><li class=\"\" data-start=\"1943\" data-end=\"2070\"><p class=\"\" data-start=\"1945\" data-end=\"2070\"><strong data-start=\"1945\" data-end=\"1981\">Unnatural shape or contour:<\/strong> Eyelids that appear unnatural, hard, or rounded may be the result of previous surgery.<\/p><\/li><li class=\"\" data-start=\"2072\" data-end=\"2208\"><p class=\"\" data-start=\"2074\" data-end=\"2208\"><strong data-start=\"2074\" data-end=\"2100\">Incomplete closure of the eye:<\/strong> If the eyelid is lifted more than necessary, dryness and difficulty closing the eye may occur.<\/p><\/li><li class=\"\" data-start=\"2210\" data-end=\"2337\"><p class=\"\" data-start=\"2212\" data-end=\"2337\"><strong data-start=\"2212\" data-end=\"2258\">Lower eyelid sagging and volume loss:<\/strong> Excessive removal of fatty tissue can cause a hollow appearance under the eyes.<\/p><\/li><\/ul><h3 class=\"\" data-start=\"1799\" data-end=\"1828\">How Do You Know Who Is Suitable for Revision Eyelid Surgery?<\/h3><p class=\"\" data-start=\"1829\" data-end=\"2018\">Revision ptosis surgery is suitable for healthy individuals who are dissatisfied with previous eyelid surgery. Revision surgery may be necessary, particularly after the following procedures:<\/p><ul data-start=\"2019\" data-end=\"2116\"><li class=\"\" data-start=\"2019\" data-end=\"2056\"><p class=\"\" data-start=\"2021\" data-end=\"2056\">Blepharoplasty (eyelid aesthetics)<\/p><\/li><li class=\"\" data-start=\"2057\" data-end=\"2075\"><p class=\"\" data-start=\"2059\" data-end=\"2075\">Ptosis surgery<\/p><\/li><li class=\"\" data-start=\"2076\" data-end=\"2090\"><p class=\"\" data-start=\"2078\" data-end=\"2090\">Canthoplasty<\/p><\/li><li class=\"\" data-start=\"2091\" data-end=\"2116\"><p class=\"\" data-start=\"2093\" data-end=\"2116\">Eyebrow lift surgery<\/p><\/li><\/ul><h3 class=\"\" data-start=\"2118\" data-end=\"2156\">How Does the Surgery Proceed?<\/h3><p class=\"\" data-start=\"2507\" data-end=\"2650\">Revisional ptosis surgery is usually performed under local anesthesia. The surgeon carefully evaluates the scar tissue from the previous surgery and makes any necessary adjustments to the levator muscle. The goal is to restore the eyelid to a natural, symmetrical, and functional position.<\/p><p class=\"\" data-start=\"3576\" data-end=\"3674\">\u00a0<\/p>\t\t\t\t\t\t\t\t<\/div>\n\t\t\t\t<\/div>\n\t\t\t\t<div class=\"elementor-element elementor-element-0c0d3d2 elementor-widget elementor-widget-image\" data-id=\"0c0d3d2\" data-element_type=\"widget\" data-widget_type=\"image.default\">\n\t\t\t\t<div class=\"elementor-widget-container\">\n\t\t\t\t\t\t\t\t\t\t\t\t\t\t\t<img decoding=\"async\" width=\"1123\" height=\"540\" src=\"https:\/\/artofoculoplastics.com\/wp-content\/uploads\/2025\/04\/Revizyon-Goz-Kapagi-Dusuklugu-Ameliyati-e1745590621406.png\" class=\"attachment-full size-full wp-image-7051\" alt=\"Revision Eyelid Drooping Surgery\" srcset=\"https:\/\/artofoculoplastics.com\/wp-content\/uploads\/2025\/04\/Revizyon-Goz-Kapagi-Dusuklugu-Ameliyati-e1745590621406.png 1123w, https:\/\/artofoculoplastics.com\/wp-content\/uploads\/2025\/04\/Revizyon-Goz-Kapagi-Dusuklugu-Ameliyati-e1745590621406-300x144.png 300w, https:\/\/artofoculoplastics.com\/wp-content\/uploads\/2025\/04\/Revizyon-Goz-Kapagi-Dusuklugu-Ameliyati-e1745590621406-1024x492.png 1024w, https:\/\/artofoculoplastics.com\/wp-content\/uploads\/2025\/04\/Revizyon-Goz-Kapagi-Dusuklugu-Ameliyati-e1745590621406-768x369.png 768w, https:\/\/artofoculoplastics.com\/wp-content\/uploads\/2025\/04\/Revizyon-Goz-Kapagi-Dusuklugu-Ameliyati-e1745590621406-18x9.png 18w, https:\/\/artofoculoplastics.com\/wp-content\/uploads\/2025\/04\/Revizyon-Goz-Kapagi-Dusuklugu-Ameliyati-e1745590621406-600x289.png 600w\" sizes=\"(max-width: 1123px) 100vw, 1123px\" \/>\t\t\t\t\t\t\t\t\t\t\t\t\t\t\t<\/div>\n\t\t\t\t<\/div>\n\t\t\t\t<div class=\"elementor-element elementor-element-4d6a373 elementor-widget elementor-widget-text-editor\" data-id=\"4d6a373\" data-element_type=\"widget\" data-widget_type=\"text-editor.default\">\n\t\t\t\t<div class=\"elementor-widget-container\">\n\t\t\t\t\t\t\t\t\t<h3 class=\"\" data-start=\"2448\" data-end=\"2481\">What is the Recovery Process Like?<\/h3><ul><li class=\"\" data-start=\"2482\" data-end=\"2565\"><p class=\"\" data-start=\"2484\" data-end=\"2565\">There may be mild swelling, bruising and discomfort in the first days after surgery.<\/p><\/li><li class=\"\" data-start=\"2566\" data-end=\"2634\"><p class=\"\" data-start=\"2568\" data-end=\"2634\">Stitches are usually removed within 1 week or dissolve on their own.<\/p><\/li><li class=\"\" data-start=\"2635\" data-end=\"2728\"><p class=\"\" data-start=\"2637\" data-end=\"2728\">The healing process may take 6\u20138 weeks, with final results becoming apparent within a few months.<\/p><\/li><li class=\"\" data-start=\"2729\" data-end=\"2802\"><p class=\"\" data-start=\"2731\" data-end=\"2802\">Paying attention to eye hygiene and sun protection accelerates healing.<\/p><\/li><\/ul><h3 class=\"\" data-start=\"2804\" data-end=\"2852\">When Should Revision Surgery Be Considered?<\/h3><p>It can take 3\u20136 months for the eyelid to fully heal after the initial surgery. If drooping, asymmetry, or aesthetic concerns persist after this period, revision surgery may be planned in consultation with a specialist.<\/p><p class=\"\" data-start=\"3576\" data-end=\"3674\">\u00a0<\/p>\t\t\t\t\t\t\t\t<\/div>\n\t\t\t\t<\/div>\n\t\t\t\t<div class=\"elementor-element elementor-element-5e2c703 elementor-widget elementor-widget-heading\" data-id=\"5e2c703\" data-element_type=\"widget\" data-widget_type=\"heading.default\">\n\t\t\t\t<div class=\"elementor-widget-container\">\n\t\t\t\t\t<h3 class=\"elementor-heading-title elementor-size-default\">Frequently Asked Questions<\/h3>\t\t\t\t<\/div>\n\t\t\t\t<\/div>\n\t\t\t\t<div class=\"elementor-element elementor-element-defa719 elementor-widget elementor-widget-accordion\" data-id=\"defa719\" data-element_type=\"widget\" data-widget_type=\"accordion.default\">\n\t\t\t\t<div class=\"elementor-widget-container\">\n\t\t\t\t\t\t\t<div class=\"elementor-accordion\">\n\t\t\t\t\t\t\t<div class=\"elementor-accordion-item\">\n\t\t\t\t\t<div id=\"elementor-tab-title-2331\" class=\"elementor-tab-title\" data-tab=\"1\" role=\"button\" aria-controls=\"elementor-tab-content-2331\" aria-expanded=\"false\">\n\t\t\t\t\t\t\t\t\t\t\t\t\t<span class=\"elementor-accordion-icon elementor-accordion-icon-right\" aria-hidden=\"true\">\n\t\t\t\t\t\t\t\t\t\t\t\t\t\t\t<span class=\"elementor-accordion-icon-closed\"><svg class=\"e-font-icon-svg e-fas-plus\" viewbox=\"0 0 448 512\" xmlns=\"http:\/\/www.w3.org\/2000\/svg\"><path d=\"M416 208H272V64c0-17.67-14.33-32-32-32h-32c-17.67 0-32 14.33-32 32v144H32c-17.67 0-32 14.33-32 32v32c0 17.67 14.33 32 32 32h144v144c0 17.67 14.33 32 32 32h32c17.67 0 32-14.33 32-32V304h144c17.67 0 32-14.33 32-32v-32c0-17.67-14.33-32-32-32z\"><\/path><\/svg><\/span>\n\t\t\t\t\t\t\t\t<span class=\"elementor-accordion-icon-opened\"><svg class=\"e-font-icon-svg e-fas-minus\" viewbox=\"0 0 448 512\" xmlns=\"http:\/\/www.w3.org\/2000\/svg\"><path d=\"M416 208H32c-17.67 0-32 14.33-32 32v32c0 17.67 14.33 32 32 32h384c17.67 0 32-14.33 32-32v-32c0-17.67-14.33-32-32-32z\"><\/path><\/svg><\/span>\n\t\t\t\t\t\t\t\t\t\t\t\t\t\t<\/span>\n\t\t\t\t\t\t\t\t\t\t\t\t<a class=\"elementor-accordion-title\" tabindex=\"0\">Can revision ptosis surgery fail?<\/a>\n\t\t\t\t\t<\/div>\n\t\t\t\t\t<div id=\"elementor-tab-content-2331\" class=\"elementor-tab-content elementor-clearfix\" data-tab=\"1\" role=\"region\" aria-labelledby=\"elementor-tab-title-2331\"><p>As with any surgical procedure, revision ptosis surgery carries risks. However, when performed by a qualified oculoplastic surgeon, the success rate is quite high. Factors such as scar tissue and the type of previous surgery can affect the outcome.<\/p><\/div>\n\t\t\t\t<\/div>\n\t\t\t\t\t\t\t<div class=\"elementor-accordion-item\">\n\t\t\t\t\t<div id=\"elementor-tab-title-2332\" class=\"elementor-tab-title\" data-tab=\"2\" role=\"button\" aria-controls=\"elementor-tab-content-2332\" aria-expanded=\"false\">\n\t\t\t\t\t\t\t\t\t\t\t\t\t<span class=\"elementor-accordion-icon elementor-accordion-icon-right\" aria-hidden=\"true\">\n\t\t\t\t\t\t\t\t\t\t\t\t\t\t\t<span class=\"elementor-accordion-icon-closed\"><svg class=\"e-font-icon-svg e-fas-plus\" viewbox=\"0 0 448 512\" xmlns=\"http:\/\/www.w3.org\/2000\/svg\"><path d=\"M416 208H272V64c0-17.67-14.33-32-32-32h-32c-17.67 0-32 14.33-32 32v144H32c-17.67 0-32 14.33-32 32v32c0 17.67 14.33 32 32 32h144v144c0 17.67 14.33 32 32 32h32c17.67 0 32-14.33 32-32V304h144c17.67 0 32-14.33 32-32v-32c0-17.67-14.33-32-32-32z\"><\/path><\/svg><\/span>\n\t\t\t\t\t\t\t\t<span class=\"elementor-accordion-icon-opened\"><svg class=\"e-font-icon-svg e-fas-minus\" viewbox=\"0 0 448 512\" xmlns=\"http:\/\/www.w3.org\/2000\/svg\"><path d=\"M416 208H32c-17.67 0-32 14.33-32 32v32c0 17.67 14.33 32 32 32h384c17.67 0 32-14.33 32-32v-32c0-17.67-14.33-32-32-32z\"><\/path><\/svg><\/span>\n\t\t\t\t\t\t\t\t\t\t\t\t\t\t<\/span>\n\t\t\t\t\t\t\t\t\t\t\t\t<a class=\"elementor-accordion-title\" tabindex=\"0\">Can revision surgery be performed on both eyelids?<\/a>\n\t\t\t\t\t<\/div>\n\t\t\t\t\t<div id=\"elementor-tab-content-2332\" class=\"elementor-tab-content elementor-clearfix\" data-tab=\"2\" role=\"region\" aria-labelledby=\"elementor-tab-title-2332\"><p>Yes. If there are problems with both eyelids, revision surgery can be performed on both sides in the same session. The surgeon evaluates both eyelids together to achieve a symmetrical and natural result.<\/p><\/div>\n\t\t\t\t<\/div>\n\t\t\t\t\t\t\t<div class=\"elementor-accordion-item\">\n\t\t\t\t\t<div id=\"elementor-tab-title-2333\" class=\"elementor-tab-title\" data-tab=\"3\" role=\"button\" aria-controls=\"elementor-tab-content-2333\" aria-expanded=\"false\">\n\t\t\t\t\t\t\t\t\t\t\t\t\t<span class=\"elementor-accordion-icon elementor-accordion-icon-right\" aria-hidden=\"true\">\n\t\t\t\t\t\t\t\t\t\t\t\t\t\t\t<span class=\"elementor-accordion-icon-closed\"><svg class=\"e-font-icon-svg e-fas-plus\" viewbox=\"0 0 448 512\" xmlns=\"http:\/\/www.w3.org\/2000\/svg\"><path d=\"M416 208H272V64c0-17.67-14.33-32-32-32h-32c-17.67 0-32 14.33-32 32v144H32c-17.67 0-32 14.33-32 32v32c0 17.67 14.33 32 32 32h144v144c0 17.67 14.33 32 32 32h32c17.67 0 32-14.33 32-32V304h144c17.67 0 32-14.33 32-32v-32c0-17.67-14.33-32-32-32z\"><\/path><\/svg><\/span>\n\t\t\t\t\t\t\t\t<span class=\"elementor-accordion-icon-opened\"><svg class=\"e-font-icon-svg e-fas-minus\" viewbox=\"0 0 448 512\" xmlns=\"http:\/\/www.w3.org\/2000\/svg\"><path d=\"M416 208H32c-17.67 0-32 14.33-32 32v32c0 17.67 14.33 32 32 32h384c17.67 0 32-14.33 32-32v-32c0-17.67-14.33-32-32-32z\"><\/path><\/svg><\/span>\n\t\t\t\t\t\t\t\t\t\t\t\t\t\t<\/span>\n\t\t\t\t\t\t\t\t\t\t\t\t<a class=\"elementor-accordion-title\" tabindex=\"0\">Is revision surgery painful?<\/a>\n\t\t\t\t\t<\/div>\n\t\t\t\t\t<div id=\"elementor-tab-content-2333\" class=\"elementor-tab-content elementor-clearfix\" data-tab=\"3\" role=\"region\" aria-labelledby=\"elementor-tab-title-2333\"><p class=\"\" data-start=\"1058\" data-end=\"1157\">The procedure is performed under local anesthesia, so there is no pain during the surgery. You may experience mild discomfort, pressure, or swelling afterward, but this usually subsides within a few days.<\/p><\/div>\n\t\t\t\t<\/div>\n\t\t\t\t\t\t\t<div class=\"elementor-accordion-item\">\n\t\t\t\t\t<div id=\"elementor-tab-title-2334\" class=\"elementor-tab-title\" data-tab=\"4\" role=\"button\" aria-controls=\"elementor-tab-content-2334\" aria-expanded=\"false\">\n\t\t\t\t\t\t\t\t\t\t\t\t\t<span class=\"elementor-accordion-icon elementor-accordion-icon-right\" aria-hidden=\"true\">\n\t\t\t\t\t\t\t\t\t\t\t\t\t\t\t<span class=\"elementor-accordion-icon-closed\"><svg class=\"e-font-icon-svg e-fas-plus\" viewbox=\"0 0 448 512\" xmlns=\"http:\/\/www.w3.org\/2000\/svg\"><path d=\"M416 208H272V64c0-17.67-14.33-32-32-32h-32c-17.67 0-32 14.33-32 32v144H32c-17.67 0-32 14.33-32 32v32c0 17.67 14.33 32 32 32h144v144c0 17.67 14.33 32 32 32h32c17.67 0 32-14.33 32-32V304h144c17.67 0 32-14.33 32-32v-32c0-17.67-14.33-32-32-32z\"><\/path><\/svg><\/span>\n\t\t\t\t\t\t\t\t<span class=\"elementor-accordion-icon-opened\"><svg class=\"e-font-icon-svg e-fas-minus\" viewbox=\"0 0 448 512\" xmlns=\"http:\/\/www.w3.org\/2000\/svg\"><path d=\"M416 208H32c-17.67 0-32 14.33-32 32v32c0 17.67 14.33 32 32 32h384c17.67 0 32-14.33 32-32v-32c0-17.67-14.33-32-32-32z\"><\/path><\/svg><\/span>\n\t\t\t\t\t\t\t\t\t\t\t\t\t\t<\/span>\n\t\t\t\t\t\t\t\t\t\t\t\t<a class=\"elementor-accordion-title\" tabindex=\"0\">I am not satisfied with my first ptosis surgery, can I have a revision immediately?<\/a>\n\t\t\t\t\t<\/div>\n\t\t\t\t\t<div id=\"elementor-tab-content-2334\" class=\"elementor-tab-content elementor-clearfix\" data-tab=\"4\" role=\"region\" aria-labelledby=\"elementor-tab-title-2334\"><p class=\"\" data-start=\"1602\" data-end=\"1812\">A second surgery is not recommended until the healing process is complete. It is generally necessary to wait 3 to 6 months after the first surgery. During this time, the eyelid swelling subsides and the tissues reach their final shape.<\/p><h3 class=\"\" data-start=\"1814\" data-end=\"1878\">\u00a0<\/h3><\/div>\n\t\t\t\t<\/div>\n\t\t\t\t\t\t\t<div class=\"elementor-accordion-item\">\n\t\t\t\t\t<div id=\"elementor-tab-title-2335\" class=\"elementor-tab-title\" data-tab=\"5\" role=\"button\" aria-controls=\"elementor-tab-content-2335\" aria-expanded=\"false\">\n\t\t\t\t\t\t\t\t\t\t\t\t\t<span class=\"elementor-accordion-icon elementor-accordion-icon-right\" aria-hidden=\"true\">\n\t\t\t\t\t\t\t\t\t\t\t\t\t\t\t<span class=\"elementor-accordion-icon-closed\"><svg class=\"e-font-icon-svg e-fas-plus\" viewbox=\"0 0 448 512\" xmlns=\"http:\/\/www.w3.org\/2000\/svg\"><path d=\"M416 208H272V64c0-17.67-14.33-32-32-32h-32c-17.67 0-32 14.33-32 32v144H32c-17.67 0-32 14.33-32 32v32c0 17.67 14.33 32 32 32h144v144c0 17.67 14.33 32 32 32h32c17.67 0 32-14.33 32-32V304h144c17.67 0 32-14.33 32-32v-32c0-17.67-14.33-32-32-32z\"><\/path><\/svg><\/span>\n\t\t\t\t\t\t\t\t<span class=\"elementor-accordion-icon-opened\"><svg class=\"e-font-icon-svg e-fas-minus\" viewbox=\"0 0 448 512\" xmlns=\"http:\/\/www.w3.org\/2000\/svg\"><path d=\"M416 208H32c-17.67 0-32 14.33-32 32v32c0 17.67 14.33 32 32 32h384c17.67 0 32-14.33 32-32v-32c0-17.67-14.33-32-32-32z\"><\/path><\/svg><\/span>\n\t\t\t\t\t\t\t\t\t\t\t\t\t\t<\/span>\n\t\t\t\t\t\t\t\t\t\t\t\t<a class=\"elementor-accordion-title\" tabindex=\"0\">Can miscarriage occur again after revision surgery?<\/a>\n\t\t\t\t\t<\/div>\n\t\t\t\t\t<div id=\"elementor-tab-content-2335\" class=\"elementor-tab-content elementor-clearfix\" data-tab=\"5\" role=\"region\" aria-labelledby=\"elementor-tab-title-2335\"><p class=\"\" data-start=\"1879\" data-end=\"2071\">With proper technique and the surgeon&#039;s experience, this risk is quite low. However, aging, decreased skin elasticity, or certain health problems can cause the sagging to reoccur over time.<\/p><h3 class=\"\" data-start=\"2073\" data-end=\"2122\">\u00a0<\/h3><\/div>\n\t\t\t\t<\/div>\n\t\t\t\t\t\t\t<div class=\"elementor-accordion-item\">\n\t\t\t\t\t<div id=\"elementor-tab-title-2336\" class=\"elementor-tab-title\" data-tab=\"6\" role=\"button\" aria-controls=\"elementor-tab-content-2336\" aria-expanded=\"false\">\n\t\t\t\t\t\t\t\t\t\t\t\t\t<span class=\"elementor-accordion-icon elementor-accordion-icon-right\" aria-hidden=\"true\">\n\t\t\t\t\t\t\t\t\t\t\t\t\t\t\t<span class=\"elementor-accordion-icon-closed\"><svg class=\"e-font-icon-svg e-fas-plus\" viewbox=\"0 0 448 512\" xmlns=\"http:\/\/www.w3.org\/2000\/svg\"><path d=\"M416 208H272V64c0-17.67-14.33-32-32-32h-32c-17.67 0-32 14.33-32 32v144H32c-17.67 0-32 14.33-32 32v32c0 17.67 14.33 32 32 32h144v144c0 17.67 14.33 32 32 32h32c17.67 0 32-14.33 32-32V304h144c17.67 0 32-14.33 32-32v-32c0-17.67-14.33-32-32-32z\"><\/path><\/svg><\/span>\n\t\t\t\t\t\t\t\t<span class=\"elementor-accordion-icon-opened\"><svg class=\"e-font-icon-svg e-fas-minus\" viewbox=\"0 0 448 512\" xmlns=\"http:\/\/www.w3.org\/2000\/svg\"><path d=\"M416 208H32c-17.67 0-32 14.33-32 32v32c0 17.67 14.33 32 32 32h384c17.67 0 32-14.33 32-32v-32c0-17.67-14.33-32-32-32z\"><\/path><\/svg><\/span>\n\t\t\t\t\t\t\t\t\t\t\t\t\t\t<\/span>\n\t\t\t\t\t\t\t\t\t\t\t\t<a class=\"elementor-accordion-title\" tabindex=\"0\">Will there be any scars after revision surgery?<\/a>\n\t\t\t\t\t<\/div>\n\t\t\t\t\t<div id=\"elementor-tab-content-2336\" class=\"elementor-tab-content elementor-clearfix\" data-tab=\"6\" role=\"region\" aria-labelledby=\"elementor-tab-title-2336\"><p>Revisional ptosis surgery generally focuses on the upper eyelid. However, in some cases, lower eyelid-related problems can also be evaluated. If necessary, lower eyelid corrections can be planned during the same session.<\/p><\/div>\n\t\t\t\t<\/div>\n\t\t\t\t\t\t\t\t<\/div>\n\t\t\t\t\t\t<\/div>\n\t\t\t\t<\/div>\n\t\t\t\t\t<\/div>\n\t\t\t\t<\/div>\n\t\t\t\t\t<\/div>\n\t\t\t\t<\/div>\n\t\t\t\t<\/div>","protected":false},"excerpt":{"rendered":"<p>Daha \u00f6nce ge\u00e7irdi\u011finiz g\u00f6z kapa\u011f\u0131 ameliyat\u0131ndan memnun de\u011filseniz, revizyon cerrahisi ile yeni bir ba\u015flang\u0131\u00e7 m\u00fcmk\u00fcnd\u00fcr. Revizyon g\u00f6z kapa\u011f\u0131 ameliyat\u0131, daha \u00f6nce yap\u0131lan estetik ya da i\u015flevsel g\u00f6z kapa\u011f\u0131 operasyonlar\u0131n\u0131n istenmeyen sonu\u00e7lar\u0131n\u0131 d\u00fczeltmek amac\u0131yla uygulanan bir i\u015flemdir. Blefaroplasti, kantoplasti, ka\u015f kald\u0131rma ya da revizyonel g\u00f6z kapa\u011f\u0131 d\u00fc\u015f\u00fckl\u00fc\u011f\u00fc ameliyat\u0131 gibi \u00f6nceki m\u00fcdahaleler sonras\u0131 olu\u015fan simetri bozukluklar\u0131, \u015fekil&#8230;<\/p>","protected":false},"author":1,"featured_media":0,"parent":4710,"menu_order":0,"comment_status":"closed","ping_status":"closed","template":"","meta":{"footnotes":""},"class_list":["post-6431","page","type-page","status-publish","hentry"],"_links":{"self":[{"href":"https:\/\/artofoculoplastics.com\/en\/wp-json\/wp\/v2\/pages\/6431","targetHints":{"allow":["GET"]}}],"collection":[{"href":"https:\/\/artofoculoplastics.com\/en\/wp-json\/wp\/v2\/pages"}],"about":[{"href":"https:\/\/artofoculoplastics.com\/en\/wp-json\/wp\/v2\/types\/page"}],"author":[{"embeddable":true,"href":"https:\/\/artofoculoplastics.com\/en\/wp-json\/wp\/v2\/users\/1"}],"replies":[{"embeddable":true,"href":"https:\/\/artofoculoplastics.com\/en\/wp-json\/wp\/v2\/comments?post=6431"}],"version-history":[{"count":19,"href":"https:\/\/artofoculoplastics.com\/en\/wp-json\/wp\/v2\/pages\/6431\/revisions"}],"predecessor-version":[{"id":7069,"href":"https:\/\/artofoculoplastics.com\/en\/wp-json\/wp\/v2\/pages\/6431\/revisions\/7069"}],"up":[{"embeddable":true,"href":"https:\/\/artofoculoplastics.com\/en\/wp-json\/wp\/v2\/pages\/4710"}],"wp:attachment":[{"href":"https:\/\/artofoculoplastics.com\/en\/wp-json\/wp\/v2\/media?parent=6431"}],"curies":[{"name":"wp","href":"https:\/\/api.w.org\/{rel}","templated":true}]}}