{"id":6429,"date":"2025-04-24T10:13:06","date_gmt":"2025-04-24T07:13:06","guid":{"rendered":"https:\/\/artofoculoplastics.com\/?page_id=6429"},"modified":"2025-04-25T17:36:41","modified_gmt":"2025-04-25T14:36:41","slug":"revision-eyelid-surgery","status":"publish","type":"page","link":"https:\/\/artofoculoplastics.com\/en\/eye-aesthetics\/revision-eyelid-surgery\/","title":{"rendered":"Revision Eyelid Surgery"},"content":{"rendered":"<div data-elementor-type=\"wp-page\" data-elementor-id=\"6429\" class=\"elementor elementor-6429\">\n\t\t\t\t<div class=\"elementor-element elementor-element-89442ba e-flex e-con-boxed e-con e-parent\" data-id=\"89442ba\" data-element_type=\"container\">\n\t\t\t\t\t<div class=\"e-con-inner\">\n\t\t<div class=\"elementor-element elementor-element-ecac5d7 e-flex e-con-boxed e-con e-child\" data-id=\"ecac5d7\" data-element_type=\"container\">\n\t\t\t\t\t<div class=\"e-con-inner\">\n\t\t\r\n\t\t<div class=\"elementor-element elementor-element-aea2339 elementor-widget elementor-widget-image\" data-id=\"aea2339\" data-element_type=\"widget\" data-widget_type=\"image.default\">\n\t\t\t\t<div class=\"elementor-widget-container\">\n\t\t\t\t\t\t\t\t\t\t\t\t\t\t\t<img fetchpriority=\"high\" decoding=\"async\" width=\"1134\" height=\"567\" src=\"https:\/\/artofoculoplastics.com\/wp-content\/uploads\/2025\/04\/Eyelid-Revision-Surgery-2.png\" class=\"attachment-full size-full wp-image-7076\" alt=\"Revision Eyelid Surgery\" srcset=\"https:\/\/artofoculoplastics.com\/wp-content\/uploads\/2025\/04\/Eyelid-Revision-Surgery-2.png 1134w, https:\/\/artofoculoplastics.com\/wp-content\/uploads\/2025\/04\/Eyelid-Revision-Surgery-2-300x150.png 300w, https:\/\/artofoculoplastics.com\/wp-content\/uploads\/2025\/04\/Eyelid-Revision-Surgery-2-1024x512.png 1024w, https:\/\/artofoculoplastics.com\/wp-content\/uploads\/2025\/04\/Eyelid-Revision-Surgery-2-768x384.png 768w, https:\/\/artofoculoplastics.com\/wp-content\/uploads\/2025\/04\/Eyelid-Revision-Surgery-2-18x9.png 18w, https:\/\/artofoculoplastics.com\/wp-content\/uploads\/2025\/04\/Eyelid-Revision-Surgery-2-600x300.png 600w\" sizes=\"(max-width: 1134px) 100vw, 1134px\" \/>\t\t\t\t\t\t\t\t\t\t\t\t\t\t\t<\/div>\n\t\t\t\t<\/div>\n\t\t\t\t<div class=\"elementor-element elementor-element-e20daf4 elementor-widget elementor-widget-text-editor\" data-id=\"e20daf4\" data-element_type=\"widget\" data-widget_type=\"text-editor.default\">\n\t\t\t\t<div class=\"elementor-widget-container\">\n\t\t\t\t\t\t\t\t\t<p>If your previous eyelid surgery did not produce the results you wanted, you may have a second chance.<\/p><p>Occasionally, patients who undergo eyelid surgery or ptosis (drooping eyelids) may not achieve the results they desire due to the healing process or surgical technique. In these cases, revision ptosis surgery can revisit the problem areas and achieve a more natural, symmetrical appearance.<\/p><h3 class=\"\" data-start=\"802\" data-end=\"856\">What is Revision Drooping Eyelid Surgery?<\/h3><p class=\"\" data-start=\"857\" data-end=\"1170\">Revisional ptosis surgery is a second procedure performed to correct drooping or to address aesthetic and functional issues that remain after previous eyelid surgery. This procedure involves realigning the levator muscle, which lifts the upper eyelid.<\/p><p class=\"\" data-start=\"1172\" data-end=\"1466\">Compared to the initial surgery, revision surgery is more difficult because during the procedure, there is no residual <strong data-start=\"1272\" data-end=\"1289\">scar tissues<\/strong> (scars) may cause different tissue reactions. Therefore, such surgeries are <strong data-start=\"1380\" data-end=\"1425\">specializing in oculoplastic surgery<\/strong> should be performed by an ophthalmologist.<\/p><h3 class=\"\" data-start=\"1468\" data-end=\"1519\">Why is Revision Surgery Needed?<\/h3><p class=\"\" data-start=\"1520\" data-end=\"1571\">Revision surgery may be considered in the following cases:<\/p><ul data-start=\"1572\" data-end=\"1797\"><li class=\"\" data-start=\"1572\" data-end=\"1628\"><p class=\"\" data-start=\"1574\" data-end=\"1628\">Inability to lift the eyelid to the desired level<\/p><\/li><li class=\"\" data-start=\"1629\" data-end=\"1666\"><p class=\"\" data-start=\"1631\" data-end=\"1666\">Asymmetry or unnatural appearance<\/p><\/li><li class=\"\" data-start=\"1667\" data-end=\"1721\"><p class=\"\" data-start=\"1669\" data-end=\"1721\">Too much or not enough opening of the eyelid<\/p><\/li><li class=\"\" data-start=\"1722\" data-end=\"1755\"><p class=\"\" data-start=\"1724\" data-end=\"1755\">Aesthetic dissatisfaction<\/p><\/li><li class=\"\" data-start=\"1756\" data-end=\"1797\"><p class=\"\" data-start=\"1758\" data-end=\"1797\">Vision problems after previous surgery<\/p><\/li><\/ul><h3 class=\"\" data-start=\"1799\" data-end=\"1828\">How Do You Know Who Is Suitable for Revision Eyelid Surgery?<\/h3><p class=\"\" data-start=\"2430\" data-end=\"2535\">If you experience one or more of the following conditions, revision surgery may be appropriate for you:<\/p><ul data-start=\"2537\" data-end=\"2835\"><li class=\"\" data-start=\"2537\" data-end=\"2594\"><p class=\"\" data-start=\"2539\" data-end=\"2594\">A significant drooping of your eyelids continues<\/p><\/li><li class=\"\" data-start=\"2595\" data-end=\"2650\"><p class=\"\" data-start=\"2597\" data-end=\"2650\">After the first surgery, your eyes look asymmetrical<\/p><\/li><li class=\"\" data-start=\"2651\" data-end=\"2724\"><p class=\"\" data-start=\"2653\" data-end=\"2724\">You can&#039;t close your eyes fully or your blink reflex is weakened<\/p><\/li><li class=\"\" data-start=\"2725\" data-end=\"2770\"><p class=\"\" data-start=\"2727\" data-end=\"2770\">A hollow or hollow space has formed under the eye<\/p><\/li><li class=\"\" data-start=\"2771\" data-end=\"2835\"><p class=\"\" data-start=\"2773\" data-end=\"2835\">The shape of your eyelid is unnatural or bothers you.<\/p><\/li><\/ul><h3 class=\"\" data-start=\"2118\" data-end=\"2156\">What is the Revision Surgery Process Like?<\/h3><p class=\"\" data-start=\"3576\" data-end=\"3674\">Revision eyelid surgery is usually performed under local anesthesia in a clinic setting. Due to scar tissue from previous surgeries, these procedures require more detailed planning than the initial procedure. An experienced surgeon reshapes the muscle and skin tissue to achieve an ideal aesthetic and functional result.<\/p>\t\t\t\t\t\t\t\t<\/div>\n\t\t\t\t<\/div>\n\t\t\t\t<div class=\"elementor-element elementor-element-5ec9762 elementor-widget elementor-widget-image\" data-id=\"5ec9762\" data-element_type=\"widget\" data-widget_type=\"image.default\">\n\t\t\t\t<div class=\"elementor-widget-container\">\n\t\t\t\t\t\t\t\t\t\t\t\t\t\t\t<img decoding=\"async\" width=\"1134\" height=\"567\" src=\"https:\/\/artofoculoplastics.com\/wp-content\/uploads\/2025\/04\/Eyelid-Revision-Surgery.png\" class=\"attachment-full size-full wp-image-7077\" alt=\"Revision Eyelid Surgery\" srcset=\"https:\/\/artofoculoplastics.com\/wp-content\/uploads\/2025\/04\/Eyelid-Revision-Surgery.png 1134w, https:\/\/artofoculoplastics.com\/wp-content\/uploads\/2025\/04\/Eyelid-Revision-Surgery-300x150.png 300w, https:\/\/artofoculoplastics.com\/wp-content\/uploads\/2025\/04\/Eyelid-Revision-Surgery-1024x512.png 1024w, https:\/\/artofoculoplastics.com\/wp-content\/uploads\/2025\/04\/Eyelid-Revision-Surgery-768x384.png 768w, https:\/\/artofoculoplastics.com\/wp-content\/uploads\/2025\/04\/Eyelid-Revision-Surgery-18x9.png 18w, https:\/\/artofoculoplastics.com\/wp-content\/uploads\/2025\/04\/Eyelid-Revision-Surgery-600x300.png 600w\" sizes=\"(max-width: 1134px) 100vw, 1134px\" \/>\t\t\t\t\t\t\t\t\t\t\t\t\t\t\t<\/div>\n\t\t\t\t<\/div>\n\t\t\t\t<div class=\"elementor-element elementor-element-78ab018 elementor-widget elementor-widget-text-editor\" data-id=\"78ab018\" data-element_type=\"widget\" data-widget_type=\"text-editor.default\">\n\t\t\t\t<div class=\"elementor-widget-container\">\n\t\t\t\t\t\t\t\t\t<h3 data-start=\"3258\" data-end=\"3310\">The Recovery Process and Things to Consider<\/h3><ul><li data-start=\"3313\" data-end=\"3379\">Mild bruising and swelling can be expected, but will subside within a few weeks.<\/li><li data-start=\"3313\" data-end=\"3379\">Attention should be paid to eye area hygiene.<\/li><li data-start=\"3313\" data-end=\"3379\">The head should be kept elevated and cold compresses should be applied for the first few days.<\/li><li data-start=\"3313\" data-end=\"3379\">Sunlight and dusty environments should be avoided.<\/li><li data-start=\"3313\" data-end=\"3379\">Final results usually become clear within 3\u20136 months.<\/li><li style=\"list-style-type: none;\">\u00a0<\/li><\/ul><h3 data-start=\"3618\" data-end=\"3680\">Why Choose a Specialist Oculoplastic Surgeon?<\/h3><p>Revision surgeries are much more complex than the initial surgery because they are performed on previously treated tissues. Therefore, <strong data-start=\"3818\" data-end=\"3863\">specializing in oculoplastic surgery<\/strong> Choosing a doctor experienced in revision procedures is of great importance for both aesthetic and functional success.<\/p><p class=\"\" data-start=\"3576\" data-end=\"3674\">\u00a0<\/p>\t\t\t\t\t\t\t\t<\/div>\n\t\t\t\t<\/div>\n\t\t\t\t<div class=\"elementor-element elementor-element-1c5a2e7 elementor-widget elementor-widget-heading\" data-id=\"1c5a2e7\" data-element_type=\"widget\" data-widget_type=\"heading.default\">\n\t\t\t\t<div class=\"elementor-widget-container\">\n\t\t\t\t\t<h3 class=\"elementor-heading-title elementor-size-default\">Frequently Asked Questions<\/h3>\t\t\t\t<\/div>\n\t\t\t\t<\/div>\n\t\t\t\t<div class=\"elementor-element elementor-element-1398b4e elementor-widget elementor-widget-accordion\" data-id=\"1398b4e\" data-element_type=\"widget\" data-widget_type=\"accordion.default\">\n\t\t\t\t<div class=\"elementor-widget-container\">\n\t\t\t\t\t\t\t<div class=\"elementor-accordion\">\n\t\t\t\t\t\t\t<div class=\"elementor-accordion-item\">\n\t\t\t\t\t<div id=\"elementor-tab-title-2051\" class=\"elementor-tab-title\" data-tab=\"1\" role=\"button\" aria-controls=\"elementor-tab-content-2051\" aria-expanded=\"false\">\n\t\t\t\t\t\t\t\t\t\t\t\t\t<span class=\"elementor-accordion-icon elementor-accordion-icon-right\" aria-hidden=\"true\">\n\t\t\t\t\t\t\t\t\t\t\t\t\t\t\t<span class=\"elementor-accordion-icon-closed\"><svg class=\"e-font-icon-svg e-fas-plus\" viewbox=\"0 0 448 512\" xmlns=\"http:\/\/www.w3.org\/2000\/svg\"><path d=\"M416 208H272V64c0-17.67-14.33-32-32-32h-32c-17.67 0-32 14.33-32 32v144H32c-17.67 0-32 14.33-32 32v32c0 17.67 14.33 32 32 32h144v144c0 17.67 14.33 32 32 32h32c17.67 0 32-14.33 32-32V304h144c17.67 0 32-14.33 32-32v-32c0-17.67-14.33-32-32-32z\"><\/path><\/svg><\/span>\n\t\t\t\t\t\t\t\t<span class=\"elementor-accordion-icon-opened\"><svg class=\"e-font-icon-svg e-fas-minus\" viewbox=\"0 0 448 512\" xmlns=\"http:\/\/www.w3.org\/2000\/svg\"><path d=\"M416 208H32c-17.67 0-32 14.33-32 32v32c0 17.67 14.33 32 32 32h384c17.67 0 32-14.33 32-32v-32c0-17.67-14.33-32-32-32z\"><\/path><\/svg><\/span>\n\t\t\t\t\t\t\t\t\t\t\t\t\t\t<\/span>\n\t\t\t\t\t\t\t\t\t\t\t\t<a class=\"elementor-accordion-title\" tabindex=\"0\"> Will there be any scars after revision blepharoplasty?<\/a>\n\t\t\t\t\t<\/div>\n\t\t\t\t\t<div id=\"elementor-tab-content-2051\" class=\"elementor-tab-content elementor-clearfix\" data-tab=\"1\" role=\"region\" aria-labelledby=\"elementor-tab-title-2051\"><p>The likelihood of scarring is generally quite low because surgeons place the incisions in the natural creases of the eyelids. This way, scars become invisible over time. However, healing times vary for each individual.<\/p><\/div>\n\t\t\t\t<\/div>\n\t\t\t\t\t\t\t<div class=\"elementor-accordion-item\">\n\t\t\t\t\t<div id=\"elementor-tab-title-2052\" class=\"elementor-tab-title\" data-tab=\"2\" role=\"button\" aria-controls=\"elementor-tab-content-2052\" aria-expanded=\"false\">\n\t\t\t\t\t\t\t\t\t\t\t\t\t<span class=\"elementor-accordion-icon elementor-accordion-icon-right\" aria-hidden=\"true\">\n\t\t\t\t\t\t\t\t\t\t\t\t\t\t\t<span class=\"elementor-accordion-icon-closed\"><svg class=\"e-font-icon-svg e-fas-plus\" viewbox=\"0 0 448 512\" xmlns=\"http:\/\/www.w3.org\/2000\/svg\"><path d=\"M416 208H272V64c0-17.67-14.33-32-32-32h-32c-17.67 0-32 14.33-32 32v144H32c-17.67 0-32 14.33-32 32v32c0 17.67 14.33 32 32 32h144v144c0 17.67 14.33 32 32 32h32c17.67 0 32-14.33 32-32V304h144c17.67 0 32-14.33 32-32v-32c0-17.67-14.33-32-32-32z\"><\/path><\/svg><\/span>\n\t\t\t\t\t\t\t\t<span class=\"elementor-accordion-icon-opened\"><svg class=\"e-font-icon-svg e-fas-minus\" viewbox=\"0 0 448 512\" xmlns=\"http:\/\/www.w3.org\/2000\/svg\"><path d=\"M416 208H32c-17.67 0-32 14.33-32 32v32c0 17.67 14.33 32 32 32h384c17.67 0 32-14.33 32-32v-32c0-17.67-14.33-32-32-32z\"><\/path><\/svg><\/span>\n\t\t\t\t\t\t\t\t\t\t\t\t\t\t<\/span>\n\t\t\t\t\t\t\t\t\t\t\t\t<a class=\"elementor-accordion-title\" tabindex=\"0\"> Are there possible complications after eyelid revision surgery?<\/a>\n\t\t\t\t\t<\/div>\n\t\t\t\t\t<div id=\"elementor-tab-content-2052\" class=\"elementor-tab-content elementor-clearfix\" data-tab=\"2\" role=\"region\" aria-labelledby=\"elementor-tab-title-2052\"><p>As with any surgical procedure, revision blepharoplasty carries some risks. These may include infection, bleeding, and eyelid over- or under-closure. However, these risks can be minimized when performed by an experienced surgeon.<\/p><\/div>\n\t\t\t\t<\/div>\n\t\t\t\t\t\t\t<div class=\"elementor-accordion-item\">\n\t\t\t\t\t<div id=\"elementor-tab-title-2053\" class=\"elementor-tab-title\" data-tab=\"3\" role=\"button\" aria-controls=\"elementor-tab-content-2053\" aria-expanded=\"false\">\n\t\t\t\t\t\t\t\t\t\t\t\t\t<span class=\"elementor-accordion-icon elementor-accordion-icon-right\" aria-hidden=\"true\">\n\t\t\t\t\t\t\t\t\t\t\t\t\t\t\t<span class=\"elementor-accordion-icon-closed\"><svg class=\"e-font-icon-svg e-fas-plus\" viewbox=\"0 0 448 512\" xmlns=\"http:\/\/www.w3.org\/2000\/svg\"><path d=\"M416 208H272V64c0-17.67-14.33-32-32-32h-32c-17.67 0-32 14.33-32 32v144H32c-17.67 0-32 14.33-32 32v32c0 17.67 14.33 32 32 32h144v144c0 17.67 14.33 32 32 32h32c17.67 0 32-14.33 32-32V304h144c17.67 0 32-14.33 32-32v-32c0-17.67-14.33-32-32-32z\"><\/path><\/svg><\/span>\n\t\t\t\t\t\t\t\t<span class=\"elementor-accordion-icon-opened\"><svg class=\"e-font-icon-svg e-fas-minus\" viewbox=\"0 0 448 512\" xmlns=\"http:\/\/www.w3.org\/2000\/svg\"><path d=\"M416 208H32c-17.67 0-32 14.33-32 32v32c0 17.67 14.33 32 32 32h384c17.67 0 32-14.33 32-32v-32c0-17.67-14.33-32-32-32z\"><\/path><\/svg><\/span>\n\t\t\t\t\t\t\t\t\t\t\t\t\t\t<\/span>\n\t\t\t\t\t\t\t\t\t\t\t\t<a class=\"elementor-accordion-title\" tabindex=\"0\">Are the results visible immediately after the first eyelid surgery?<\/a>\n\t\t\t\t\t<\/div>\n\t\t\t\t\t<div id=\"elementor-tab-content-2053\" class=\"elementor-tab-content elementor-clearfix\" data-tab=\"3\" role=\"region\" aria-labelledby=\"elementor-tab-title-2053\"><p class=\"\" data-start=\"1058\" data-end=\"1157\">After the initial eyelid surgery, the results become more apparent as the healing process progresses. Revision surgery generally produces more visible results in a shorter timeframe because it addresses any deficiencies in the healing process.<\/p><\/div>\n\t\t\t\t<\/div>\n\t\t\t\t\t\t\t<div class=\"elementor-accordion-item\">\n\t\t\t\t\t<div id=\"elementor-tab-title-2054\" class=\"elementor-tab-title\" data-tab=\"4\" role=\"button\" aria-controls=\"elementor-tab-content-2054\" aria-expanded=\"false\">\n\t\t\t\t\t\t\t\t\t\t\t\t\t<span class=\"elementor-accordion-icon elementor-accordion-icon-right\" aria-hidden=\"true\">\n\t\t\t\t\t\t\t\t\t\t\t\t\t\t\t<span class=\"elementor-accordion-icon-closed\"><svg class=\"e-font-icon-svg e-fas-plus\" viewbox=\"0 0 448 512\" xmlns=\"http:\/\/www.w3.org\/2000\/svg\"><path d=\"M416 208H272V64c0-17.67-14.33-32-32-32h-32c-17.67 0-32 14.33-32 32v144H32c-17.67 0-32 14.33-32 32v32c0 17.67 14.33 32 32 32h144v144c0 17.67 14.33 32 32 32h32c17.67 0 32-14.33 32-32V304h144c17.67 0 32-14.33 32-32v-32c0-17.67-14.33-32-32-32z\"><\/path><\/svg><\/span>\n\t\t\t\t\t\t\t\t<span class=\"elementor-accordion-icon-opened\"><svg class=\"e-font-icon-svg e-fas-minus\" viewbox=\"0 0 448 512\" xmlns=\"http:\/\/www.w3.org\/2000\/svg\"><path d=\"M416 208H32c-17.67 0-32 14.33-32 32v32c0 17.67 14.33 32 32 32h384c17.67 0 32-14.33 32-32v-32c0-17.67-14.33-32-32-32z\"><\/path><\/svg><\/span>\n\t\t\t\t\t\t\t\t\t\t\t\t\t\t<\/span>\n\t\t\t\t\t\t\t\t\t\t\t\t<a class=\"elementor-accordion-title\" tabindex=\"0\">How long does revision eyelid surgery take?<\/a>\n\t\t\t\t\t<\/div>\n\t\t\t\t\t<div id=\"elementor-tab-content-2054\" class=\"elementor-tab-content elementor-clearfix\" data-tab=\"4\" role=\"region\" aria-labelledby=\"elementor-tab-title-2054\"><p class=\"\" data-start=\"1602\" data-end=\"1812\">Revision blepharoplasty is a procedure that typically takes 1-2 hours and is usually performed under local anesthesia. Surgery time can vary depending on the extent of the procedure and the patient&#039;s specific condition.<\/p><\/div>\n\t\t\t\t<\/div>\n\t\t\t\t\t\t\t<div class=\"elementor-accordion-item\">\n\t\t\t\t\t<div id=\"elementor-tab-title-2055\" class=\"elementor-tab-title\" data-tab=\"5\" role=\"button\" aria-controls=\"elementor-tab-content-2055\" aria-expanded=\"false\">\n\t\t\t\t\t\t\t\t\t\t\t\t\t<span class=\"elementor-accordion-icon elementor-accordion-icon-right\" aria-hidden=\"true\">\n\t\t\t\t\t\t\t\t\t\t\t\t\t\t\t<span class=\"elementor-accordion-icon-closed\"><svg class=\"e-font-icon-svg e-fas-plus\" viewbox=\"0 0 448 512\" xmlns=\"http:\/\/www.w3.org\/2000\/svg\"><path d=\"M416 208H272V64c0-17.67-14.33-32-32-32h-32c-17.67 0-32 14.33-32 32v144H32c-17.67 0-32 14.33-32 32v32c0 17.67 14.33 32 32 32h144v144c0 17.67 14.33 32 32 32h32c17.67 0 32-14.33 32-32V304h144c17.67 0 32-14.33 32-32v-32c0-17.67-14.33-32-32-32z\"><\/path><\/svg><\/span>\n\t\t\t\t\t\t\t\t<span class=\"elementor-accordion-icon-opened\"><svg class=\"e-font-icon-svg e-fas-minus\" viewbox=\"0 0 448 512\" xmlns=\"http:\/\/www.w3.org\/2000\/svg\"><path d=\"M416 208H32c-17.67 0-32 14.33-32 32v32c0 17.67 14.33 32 32 32h384c17.67 0 32-14.33 32-32v-32c0-17.67-14.33-32-32-32z\"><\/path><\/svg><\/span>\n\t\t\t\t\t\t\t\t\t\t\t\t\t\t<\/span>\n\t\t\t\t\t\t\t\t\t\t\t\t<a class=\"elementor-accordion-title\" tabindex=\"0\">When can I return to physical activities after revision blepharoplasty?<\/a>\n\t\t\t\t\t<\/div>\n\t\t\t\t\t<div id=\"elementor-tab-content-2055\" class=\"elementor-tab-content elementor-clearfix\" data-tab=\"5\" role=\"region\" aria-labelledby=\"elementor-tab-title-2055\"><p class=\"\" data-start=\"1879\" data-end=\"2071\">It&#039;s recommended to avoid strenuous physical activity for the first 1-2 weeks. Light walks and daily activities can generally be resumed after 3-5 days, but sports and strenuous exercise require a full recovery period.<\/p><\/div>\n\t\t\t\t<\/div>\n\t\t\t\t\t\t\t<div class=\"elementor-accordion-item\">\n\t\t\t\t\t<div id=\"elementor-tab-title-2056\" class=\"elementor-tab-title\" data-tab=\"6\" role=\"button\" aria-controls=\"elementor-tab-content-2056\" aria-expanded=\"false\">\n\t\t\t\t\t\t\t\t\t\t\t\t\t<span class=\"elementor-accordion-icon elementor-accordion-icon-right\" aria-hidden=\"true\">\n\t\t\t\t\t\t\t\t\t\t\t\t\t\t\t<span class=\"elementor-accordion-icon-closed\"><svg class=\"e-font-icon-svg e-fas-plus\" viewbox=\"0 0 448 512\" xmlns=\"http:\/\/www.w3.org\/2000\/svg\"><path d=\"M416 208H272V64c0-17.67-14.33-32-32-32h-32c-17.67 0-32 14.33-32 32v144H32c-17.67 0-32 14.33-32 32v32c0 17.67 14.33 32 32 32h144v144c0 17.67 14.33 32 32 32h32c17.67 0 32-14.33 32-32V304h144c17.67 0 32-14.33 32-32v-32c0-17.67-14.33-32-32-32z\"><\/path><\/svg><\/span>\n\t\t\t\t\t\t\t\t<span class=\"elementor-accordion-icon-opened\"><svg class=\"e-font-icon-svg e-fas-minus\" viewbox=\"0 0 448 512\" xmlns=\"http:\/\/www.w3.org\/2000\/svg\"><path d=\"M416 208H32c-17.67 0-32 14.33-32 32v32c0 17.67 14.33 32 32 32h384c17.67 0 32-14.33 32-32v-32c0-17.67-14.33-32-32-32z\"><\/path><\/svg><\/span>\n\t\t\t\t\t\t\t\t\t\t\t\t\t\t<\/span>\n\t\t\t\t\t\t\t\t\t\t\t\t<a class=\"elementor-accordion-title\" tabindex=\"0\">Can other procedures be performed together with valve revision surgery?<\/a>\n\t\t\t\t\t<\/div>\n\t\t\t\t\t<div id=\"elementor-tab-content-2056\" class=\"elementor-tab-content elementor-clearfix\" data-tab=\"6\" role=\"region\" aria-labelledby=\"elementor-tab-title-2056\"><p>Yes, eyelid revision surgery can often be combined with other procedures such as a brow lift, lower eyelid surgery, or dermal fillers, resulting in a more complete and youthful facial appearance.<\/p><\/div>\n\t\t\t\t<\/div>\n\t\t\t\t\t\t\t\t<\/div>\n\t\t\t\t\t\t<\/div>\n\t\t\t\t<\/div>\n\t\t\t\t\t<\/div>\n\t\t\t\t<\/div>\n\t\t\t\t\t<\/div>\n\t\t\t\t<\/div>\n\t\t\t\t<\/div>","protected":false},"excerpt":{"rendered":"<p>Daha \u00f6nce ge\u00e7irdi\u011finiz g\u00f6z kapa\u011f\u0131 ameliyat\u0131 istedi\u011finiz sonucu vermediyse, ikinci bir \u015fans\u0131n\u0131z olabilir. Zaman zaman, g\u00f6z kapa\u011f\u0131 esteti\u011fi veya ptozis (g\u00f6z kapa\u011f\u0131 d\u00fc\u015f\u00fckl\u00fc\u011f\u00fc) ameliyat\u0131 ge\u00e7iren hastalar, iyile\u015fme s\u00fcreci veya cerrahi teknik nedeniyle istedikleri sonu\u00e7lar\u0131 alamayabilir. Bu durumda, revizyon ptozis ameliyat\u0131 ile sorunlu b\u00f6lgeler yeniden ele al\u0131nabilir ve daha do\u011fal, simetrik bir g\u00f6r\u00fcn\u00fcm elde edilmesi sa\u011flanabilir&#8230;.<\/p>","protected":false},"author":1,"featured_media":0,"parent":4710,"menu_order":0,"comment_status":"closed","ping_status":"closed","template":"","meta":{"footnotes":""},"class_list":["post-6429","page","type-page","status-publish","hentry"],"_links":{"self":[{"href":"https:\/\/artofoculoplastics.com\/en\/wp-json\/wp\/v2\/pages\/6429","targetHints":{"allow":["GET"]}}],"collection":[{"href":"https:\/\/artofoculoplastics.com\/en\/wp-json\/wp\/v2\/pages"}],"about":[{"href":"https:\/\/artofoculoplastics.com\/en\/wp-json\/wp\/v2\/types\/page"}],"author":[{"embeddable":true,"href":"https:\/\/artofoculoplastics.com\/en\/wp-json\/wp\/v2\/users\/1"}],"replies":[{"embeddable":true,"href":"https:\/\/artofoculoplastics.com\/en\/wp-json\/wp\/v2\/comments?post=6429"}],"version-history":[{"count":19,"href":"https:\/\/artofoculoplastics.com\/en\/wp-json\/wp\/v2\/pages\/6429\/revisions"}],"predecessor-version":[{"id":7083,"href":"https:\/\/artofoculoplastics.com\/en\/wp-json\/wp\/v2\/pages\/6429\/revisions\/7083"}],"up":[{"embeddable":true,"href":"https:\/\/artofoculoplastics.com\/en\/wp-json\/wp\/v2\/pages\/4710"}],"wp:attachment":[{"href":"https:\/\/artofoculoplastics.com\/en\/wp-json\/wp\/v2\/media?parent=6429"}],"curies":[{"name":"wp","href":"https:\/\/api.w.org\/{rel}","templated":true}]}}