{"id":6427,"date":"2025-04-24T10:12:56","date_gmt":"2025-04-24T07:12:56","guid":{"rendered":"https:\/\/artofoculoplastics.com\/?page_id=6427"},"modified":"2025-09-05T16:00:08","modified_gmt":"2025-09-05T13:00:08","slug":"eye-shape-change","status":"publish","type":"page","link":"https:\/\/artofoculoplastics.com\/en\/eye-aesthetics\/eye-shape-change\/","title":{"rendered":"Eye Shape Change"},"content":{"rendered":"<div data-elementor-type=\"wp-page\" data-elementor-id=\"6427\" class=\"elementor elementor-6427\">\n\t\t\t\t<div class=\"elementor-element elementor-element-d0a421d e-flex e-con-boxed e-con e-parent\" data-id=\"d0a421d\" data-element_type=\"container\">\n\t\t\t\t\t<div class=\"e-con-inner\">\n\t\t\r\n<div class=\"elementor-element elementor-element-1158dcf e-con-full e-flex e-con e-child\" data-id=\"1158dcf\" data-element_type=\"container\">\n\t\t\t\t<div class=\"elementor-element elementor-element-56122e7 elementor-widget elementor-widget-image\" data-id=\"56122e7\" data-element_type=\"widget\" data-widget_type=\"image.default\">\n\t\t\t\t<div class=\"elementor-widget-container\">\n\t\t\t\t\t\t\t\t\t\t\t\t\t\t\t<img fetchpriority=\"high\" decoding=\"async\" width=\"751\" height=\"501\" src=\"https:\/\/artofoculoplastics.com\/wp-content\/uploads\/2025\/09\/goz-sekli-degistirme-768x512.jpg\" class=\"attachment-medium_large size-medium_large wp-image-8487\" alt=\"Eye Shape Change\" srcset=\"https:\/\/artofoculoplastics.com\/wp-content\/uploads\/2025\/09\/goz-sekli-degistirme-768x512.jpg 768w, https:\/\/artofoculoplastics.com\/wp-content\/uploads\/2025\/09\/goz-sekli-degistirme-300x200.jpg 300w, https:\/\/artofoculoplastics.com\/wp-content\/uploads\/2025\/09\/goz-sekli-degistirme-1024x683.jpg 1024w, https:\/\/artofoculoplastics.com\/wp-content\/uploads\/2025\/09\/goz-sekli-degistirme-18x12.jpg 18w, https:\/\/artofoculoplastics.com\/wp-content\/uploads\/2025\/09\/goz-sekli-degistirme-600x400.jpg 600w, https:\/\/artofoculoplastics.com\/wp-content\/uploads\/2025\/09\/elementor\/thumbs\/goz-sekli-degistirme-rbb6lsjnabff7uj8vpqdeuh0obon6svab235m8isbs.jpg 485w, https:\/\/artofoculoplastics.com\/wp-content\/uploads\/2025\/09\/goz-sekli-degistirme.jpg 1254w\" sizes=\"(max-width: 751px) 100vw, 751px\" \/>\t\t\t\t\t\t\t\t\t\t\t\t\t\t\t<\/div>\n\t\t\t\t<\/div>\n\t\t\t\t<div class=\"elementor-element elementor-element-5c463a2 elementor-widget elementor-widget-text-editor\" data-id=\"5c463a2\" data-element_type=\"widget\" data-widget_type=\"text-editor.default\">\n\t\t\t\t<div class=\"elementor-widget-container\">\n\t\t\t\t\t\t\t\t\t<h3 data-block-id=\"59025076-a8e5-4e03-9a5f-804132d1e228\" data-pm-slice=\"1 1 []\">What is Eye Shape Changing?<\/h3><p data-block-id=\"a4d2f669-a27f-476d-b197-b9d51d25e4b3\"><strong>Eye shape change<\/strong>Eye lifts are procedures that enhance the appearance of the eyes through cosmetic surgery or medical procedures. These procedures typically involve almond eye surgery, eyelid surgery, or filler applications. This results in larger, more vibrant, and proportionate eyes. It&#039;s an effective solution for both alleviating aesthetic concerns and boosting self-confidence.<\/p><h3 data-block-id=\"b604152c-dfc6-4e38-90a5-5e6be1a0d8ce\">Why is Eye Shape Change Done?<\/h3><p data-block-id=\"f486e06b-b4ea-42d0-b462-7647844f8d64\"><strong>Eye shape reshaping may be preferred in the following situations:<\/strong><\/p><ul data-block-id=\"5ade185f-074b-42c2-a398-95f8224588f3\"><li><p data-block-id=\"50e6f1ed-3c2a-4ce0-90cf-4e55ac9a1bd5\"><strong>Aesthetic Appearance:<\/strong> Eyes can become larger, more attractive and younger looking.<\/p><\/li><li><p data-block-id=\"c662d105-3c76-4ab4-83aa-ef380a1fca34\"><strong>Functional Recovery:<\/strong> Drooping eyelids are corrected, resulting in a clearer field of vision.<\/p><\/li><li><p data-block-id=\"9261d0a2-0762-4285-99e8-242175952795\"><strong>In terms of health:<\/strong> Problems such as infection and irritation can be prevented by removing excess skin or fatty tissue.<\/p><\/li><\/ul><h3 data-block-id=\"eb5b4656-1bc2-4627-a1a1-9103e0d3e11e\">How to Change Eye Shape?<\/h3><p><img decoding=\"async\" class=\"wp-image-8488 alignright\" src=\"https:\/\/artofoculoplastics.com\/wp-content\/uploads\/2025\/09\/goz-sekli-degistirme-2.jpg\" alt=\"Eye Shape Change\" width=\"423\" height=\"237\" srcset=\"https:\/\/artofoculoplastics.com\/wp-content\/uploads\/2025\/09\/goz-sekli-degistirme-2.jpg 1280w, https:\/\/artofoculoplastics.com\/wp-content\/uploads\/2025\/09\/goz-sekli-degistirme-2-300x169.jpg 300w, https:\/\/artofoculoplastics.com\/wp-content\/uploads\/2025\/09\/goz-sekli-degistirme-2-1024x576.jpg 1024w, https:\/\/artofoculoplastics.com\/wp-content\/uploads\/2025\/09\/goz-sekli-degistirme-2-768x432.jpg 768w, https:\/\/artofoculoplastics.com\/wp-content\/uploads\/2025\/09\/goz-sekli-degistirme-2-18x10.jpg 18w, https:\/\/artofoculoplastics.com\/wp-content\/uploads\/2025\/09\/goz-sekli-degistirme-2-600x338.jpg 600w\" sizes=\"(max-width: 423px) 100vw, 423px\" \/><\/p><p data-block-id=\"518d3e81-7378-45db-a424-8098dea4819f\"><strong>Eye shape change<\/strong> Procedures are performed under local anesthesia and, in some cases, with light sedation. Procedure times can vary depending on the technique used and the extent of the area treated. It&#039;s usually completed within a few hours. The goal is to give the patient a more youthful, vigorous, and attractive appearance.<\/p><p data-block-id=\"9fd39d99-4646-487f-b939-bc378fde47bf\"><strong>Almond Eye Aesthetics:<\/strong> By lifting the corners of the eyes, a more attractive and defined appearance is achieved. The procedure is usually performed with stitches or suspension. Surgery is preferred for those who desire permanent results. Because the incisions at the corners of the eyes are closed with cosmetic stitches, the scars quickly disappear.<\/p><p data-block-id=\"10b88353-5581-4cb7-97bc-932d7ae75a78\"><strong>Application with Eyelid Aesthetics:<\/strong> Upper or lower eyelid surgery may also be performed during the procedure. Excess skin and fat are removed from the upper eyelid, resulting in a youthful appearance. Drooping eyelids are also corrected during the same session. For the lower eyelid, the incision is usually made on the inner surface of the eyelid. The excess skin and fat are removed or reshaped and used as fillers.<\/p><h3 data-block-id=\"acb4a589-e4fd-47b7-b0f4-05a695135f80\">Eye Shape Change Recovery Process<\/h3><p data-block-id=\"d3f8485e-db7c-4d86-9bd3-1b7d34bc05b0\"><strong>Eye shape change <\/strong>The postoperative recovery process is generally rapid. You can return to your daily routine within a few days after the procedure. However, it may take several weeks for full recovery and aesthetic results to become apparent. During this period, you may experience mild swelling, bruising, and a feeling of tightness around the eyes. These symptoms are normal and usually disappear within a few weeks. Regular care and adherence to your doctor&#039;s recommendations will make the process more comfortable.<\/p><p data-block-id=\"cc14ddbb-6a82-4782-8fd4-df6cb47f8467\"><strong>Eye shape change<\/strong>It&#039;s effective in reducing the signs of aging around the eyes and restoring a youthful appearance. Most patients achieve satisfactory results in a short time. However, as with any surgical procedure, risks can arise. Rarely, complications such as infection, delayed healing, or asymmetry can occur. Therefore, a detailed evaluation with an experienced plastic surgeon is essential before undergoing the procedure.<\/p>\t\t\t\t\t\t\t\t<\/div>\n\t\t\t\t<\/div>\n\t\t\t\t<\/div>\n\t\t\t\t<div class=\"elementor-element elementor-element-e11663d elementor-widget elementor-widget-image\" data-id=\"e11663d\" data-element_type=\"widget\" data-widget_type=\"image.default\">\n\t\t\t\t<div class=\"elementor-widget-container\">\n\t\t\t\t\t\t\t\t\t\t\t\t\t\t\t<img decoding=\"async\" width=\"751\" height=\"500\" src=\"https:\/\/artofoculoplastics.com\/wp-content\/uploads\/2025\/09\/goz-sekli-degistirme-3-768x511.jpg\" class=\"attachment-medium_large size-medium_large wp-image-8489\" alt=\"Eye Shape Change\" srcset=\"https:\/\/artofoculoplastics.com\/wp-content\/uploads\/2025\/09\/goz-sekli-degistirme-3-768x511.jpg 768w, https:\/\/artofoculoplastics.com\/wp-content\/uploads\/2025\/09\/goz-sekli-degistirme-3-300x200.jpg 300w, https:\/\/artofoculoplastics.com\/wp-content\/uploads\/2025\/09\/goz-sekli-degistirme-3-1024x682.jpg 1024w, https:\/\/artofoculoplastics.com\/wp-content\/uploads\/2025\/09\/goz-sekli-degistirme-3-18x12.jpg 18w, https:\/\/artofoculoplastics.com\/wp-content\/uploads\/2025\/09\/goz-sekli-degistirme-3-600x400.jpg 600w, https:\/\/artofoculoplastics.com\/wp-content\/uploads\/2025\/09\/goz-sekli-degistirme-3.jpg 1200w\" sizes=\"(max-width: 751px) 100vw, 751px\" \/>\t\t\t\t\t\t\t\t\t\t\t\t\t\t\t<\/div>\n\t\t\t\t<\/div>\n\t\t\t\t<div class=\"elementor-element elementor-element-1fc8194 elementor-widget elementor-widget-heading\" data-id=\"1fc8194\" data-element_type=\"widget\" data-widget_type=\"heading.default\">\n\t\t\t\t<div class=\"elementor-widget-container\">\n\t\t\t\t\t<h2 class=\"elementor-heading-title elementor-size-default\">Frequently Asked Questions<\/h2>\t\t\t\t<\/div>\n\t\t\t\t<\/div>\n\t\t\t\t<div class=\"elementor-element elementor-element-06ebe45 elementor-widget elementor-widget-accordion\" data-id=\"06ebe45\" data-element_type=\"widget\" data-widget_type=\"accordion.default\">\n\t\t\t\t<div class=\"elementor-widget-container\">\n\t\t\t\t\t\t\t<div class=\"elementor-accordion\">\n\t\t\t\t\t\t\t<div class=\"elementor-accordion-item\">\n\t\t\t\t\t<div id=\"elementor-tab-title-7251\" class=\"elementor-tab-title\" data-tab=\"1\" role=\"button\" aria-controls=\"elementor-tab-content-7251\" aria-expanded=\"false\">\n\t\t\t\t\t\t\t\t\t\t\t\t\t<span class=\"elementor-accordion-icon elementor-accordion-icon-right\" aria-hidden=\"true\">\n\t\t\t\t\t\t\t\t\t\t\t\t\t\t\t<span class=\"elementor-accordion-icon-closed\"><svg class=\"e-font-icon-svg e-fas-plus\" viewbox=\"0 0 448 512\" xmlns=\"http:\/\/www.w3.org\/2000\/svg\"><path d=\"M416 208H272V64c0-17.67-14.33-32-32-32h-32c-17.67 0-32 14.33-32 32v144H32c-17.67 0-32 14.33-32 32v32c0 17.67 14.33 32 32 32h144v144c0 17.67 14.33 32 32 32h32c17.67 0 32-14.33 32-32V304h144c17.67 0 32-14.33 32-32v-32c0-17.67-14.33-32-32-32z\"><\/path><\/svg><\/span>\n\t\t\t\t\t\t\t\t<span class=\"elementor-accordion-icon-opened\"><svg class=\"e-font-icon-svg e-fas-minus\" viewbox=\"0 0 448 512\" xmlns=\"http:\/\/www.w3.org\/2000\/svg\"><path d=\"M416 208H32c-17.67 0-32 14.33-32 32v32c0 17.67 14.33 32 32 32h384c17.67 0 32-14.33 32-32v-32c0-17.67-14.33-32-32-32z\"><\/path><\/svg><\/span>\n\t\t\t\t\t\t\t\t\t\t\t\t\t\t<\/span>\n\t\t\t\t\t\t\t\t\t\t\t\t<a class=\"elementor-accordion-title\" tabindex=\"0\">How to Change Eye Shape?<\/a>\n\t\t\t\t\t<\/div>\n\t\t\t\t\t<div id=\"elementor-tab-content-7251\" class=\"elementor-tab-content elementor-clearfix\" data-tab=\"1\" role=\"region\" aria-labelledby=\"elementor-tab-title-7251\"><p data-start=\"110\" data-end=\"279\">Almond eye aesthetics is performed with eyelid surgery or filler-botox applications and is planned according to the person&#039;s facial structure.<\/p><\/div>\n\t\t\t\t<\/div>\n\t\t\t\t\t\t\t<div class=\"elementor-accordion-item\">\n\t\t\t\t\t<div id=\"elementor-tab-title-7252\" class=\"elementor-tab-title\" data-tab=\"2\" role=\"button\" aria-controls=\"elementor-tab-content-7252\" aria-expanded=\"false\">\n\t\t\t\t\t\t\t\t\t\t\t\t\t<span class=\"elementor-accordion-icon elementor-accordion-icon-right\" aria-hidden=\"true\">\n\t\t\t\t\t\t\t\t\t\t\t\t\t\t\t<span class=\"elementor-accordion-icon-closed\"><svg class=\"e-font-icon-svg e-fas-plus\" viewbox=\"0 0 448 512\" xmlns=\"http:\/\/www.w3.org\/2000\/svg\"><path d=\"M416 208H272V64c0-17.67-14.33-32-32-32h-32c-17.67 0-32 14.33-32 32v144H32c-17.67 0-32 14.33-32 32v32c0 17.67 14.33 32 32 32h144v144c0 17.67 14.33 32 32 32h32c17.67 0 32-14.33 32-32V304h144c17.67 0 32-14.33 32-32v-32c0-17.67-14.33-32-32-32z\"><\/path><\/svg><\/span>\n\t\t\t\t\t\t\t\t<span class=\"elementor-accordion-icon-opened\"><svg class=\"e-font-icon-svg e-fas-minus\" viewbox=\"0 0 448 512\" xmlns=\"http:\/\/www.w3.org\/2000\/svg\"><path d=\"M416 208H32c-17.67 0-32 14.33-32 32v32c0 17.67 14.33 32 32 32h384c17.67 0 32-14.33 32-32v-32c0-17.67-14.33-32-32-32z\"><\/path><\/svg><\/span>\n\t\t\t\t\t\t\t\t\t\t\t\t\t\t<\/span>\n\t\t\t\t\t\t\t\t\t\t\t\t<a class=\"elementor-accordion-title\" tabindex=\"0\">How Long Does the Process Take?<\/a>\n\t\t\t\t\t<\/div>\n\t\t\t\t\t<div id=\"elementor-tab-content-7252\" class=\"elementor-tab-content elementor-clearfix\" data-tab=\"2\" role=\"region\" aria-labelledby=\"elementor-tab-title-7252\"><p data-start=\"281\" data-end=\"408\">It varies depending on the technique used, but most procedures are completed within 1\u20132 hours on average.<\/p><\/div>\n\t\t\t\t<\/div>\n\t\t\t\t\t\t\t<div class=\"elementor-accordion-item\">\n\t\t\t\t\t<div id=\"elementor-tab-title-7253\" class=\"elementor-tab-title\" data-tab=\"3\" role=\"button\" aria-controls=\"elementor-tab-content-7253\" aria-expanded=\"false\">\n\t\t\t\t\t\t\t\t\t\t\t\t\t<span class=\"elementor-accordion-icon elementor-accordion-icon-right\" aria-hidden=\"true\">\n\t\t\t\t\t\t\t\t\t\t\t\t\t\t\t<span class=\"elementor-accordion-icon-closed\"><svg class=\"e-font-icon-svg e-fas-plus\" viewbox=\"0 0 448 512\" xmlns=\"http:\/\/www.w3.org\/2000\/svg\"><path d=\"M416 208H272V64c0-17.67-14.33-32-32-32h-32c-17.67 0-32 14.33-32 32v144H32c-17.67 0-32 14.33-32 32v32c0 17.67 14.33 32 32 32h144v144c0 17.67 14.33 32 32 32h32c17.67 0 32-14.33 32-32V304h144c17.67 0 32-14.33 32-32v-32c0-17.67-14.33-32-32-32z\"><\/path><\/svg><\/span>\n\t\t\t\t\t\t\t\t<span class=\"elementor-accordion-icon-opened\"><svg class=\"e-font-icon-svg e-fas-minus\" viewbox=\"0 0 448 512\" xmlns=\"http:\/\/www.w3.org\/2000\/svg\"><path d=\"M416 208H32c-17.67 0-32 14.33-32 32v32c0 17.67 14.33 32 32 32h384c17.67 0 32-14.33 32-32v-32c0-17.67-14.33-32-32-32z\"><\/path><\/svg><\/span>\n\t\t\t\t\t\t\t\t\t\t\t\t\t\t<\/span>\n\t\t\t\t\t\t\t\t\t\t\t\t<a class=\"elementor-accordion-title\" tabindex=\"0\">Is It Permanent?<\/a>\n\t\t\t\t\t<\/div>\n\t\t\t\t\t<div id=\"elementor-tab-content-7253\" class=\"elementor-tab-content elementor-clearfix\" data-tab=\"3\" role=\"region\" aria-labelledby=\"elementor-tab-title-7253\"><p data-start=\"410\" data-end=\"553\">Procedures performed with surgical methods last for many years, while the effects of fillers and Botox applications last for a few months.<\/p><\/div>\n\t\t\t\t<\/div>\n\t\t\t\t\t\t\t<div class=\"elementor-accordion-item\">\n\t\t\t\t\t<div id=\"elementor-tab-title-7254\" class=\"elementor-tab-title\" data-tab=\"4\" role=\"button\" aria-controls=\"elementor-tab-content-7254\" aria-expanded=\"false\">\n\t\t\t\t\t\t\t\t\t\t\t\t\t<span class=\"elementor-accordion-icon elementor-accordion-icon-right\" aria-hidden=\"true\">\n\t\t\t\t\t\t\t\t\t\t\t\t\t\t\t<span class=\"elementor-accordion-icon-closed\"><svg class=\"e-font-icon-svg e-fas-plus\" viewbox=\"0 0 448 512\" xmlns=\"http:\/\/www.w3.org\/2000\/svg\"><path d=\"M416 208H272V64c0-17.67-14.33-32-32-32h-32c-17.67 0-32 14.33-32 32v144H32c-17.67 0-32 14.33-32 32v32c0 17.67 14.33 32 32 32h144v144c0 17.67 14.33 32 32 32h32c17.67 0 32-14.33 32-32V304h144c17.67 0 32-14.33 32-32v-32c0-17.67-14.33-32-32-32z\"><\/path><\/svg><\/span>\n\t\t\t\t\t\t\t\t<span class=\"elementor-accordion-icon-opened\"><svg class=\"e-font-icon-svg e-fas-minus\" viewbox=\"0 0 448 512\" xmlns=\"http:\/\/www.w3.org\/2000\/svg\"><path d=\"M416 208H32c-17.67 0-32 14.33-32 32v32c0 17.67 14.33 32 32 32h384c17.67 0 32-14.33 32-32v-32c0-17.67-14.33-32-32-32z\"><\/path><\/svg><\/span>\n\t\t\t\t\t\t\t\t\t\t\t\t\t\t<\/span>\n\t\t\t\t\t\t\t\t\t\t\t\t<a class=\"elementor-accordion-title\" tabindex=\"0\">How Long Is The Recovery Period?<\/a>\n\t\t\t\t\t<\/div>\n\t\t\t\t\t<div id=\"elementor-tab-content-7254\" class=\"elementor-tab-content elementor-clearfix\" data-tab=\"4\" role=\"region\" aria-labelledby=\"elementor-tab-title-7254\"><p data-start=\"555\" data-end=\"714\">Patients usually return to their social lives within a few days, but full recovery and results may take up to a few weeks to become apparent.<\/p><\/div>\n\t\t\t\t<\/div>\n\t\t\t\t\t\t\t<div class=\"elementor-accordion-item\">\n\t\t\t\t\t<div id=\"elementor-tab-title-7255\" class=\"elementor-tab-title\" data-tab=\"5\" role=\"button\" aria-controls=\"elementor-tab-content-7255\" aria-expanded=\"false\">\n\t\t\t\t\t\t\t\t\t\t\t\t\t<span class=\"elementor-accordion-icon elementor-accordion-icon-right\" aria-hidden=\"true\">\n\t\t\t\t\t\t\t\t\t\t\t\t\t\t\t<span class=\"elementor-accordion-icon-closed\"><svg class=\"e-font-icon-svg e-fas-plus\" viewbox=\"0 0 448 512\" xmlns=\"http:\/\/www.w3.org\/2000\/svg\"><path d=\"M416 208H272V64c0-17.67-14.33-32-32-32h-32c-17.67 0-32 14.33-32 32v144H32c-17.67 0-32 14.33-32 32v32c0 17.67 14.33 32 32 32h144v144c0 17.67 14.33 32 32 32h32c17.67 0 32-14.33 32-32V304h144c17.67 0 32-14.33 32-32v-32c0-17.67-14.33-32-32-32z\"><\/path><\/svg><\/span>\n\t\t\t\t\t\t\t\t<span class=\"elementor-accordion-icon-opened\"><svg class=\"e-font-icon-svg e-fas-minus\" viewbox=\"0 0 448 512\" xmlns=\"http:\/\/www.w3.org\/2000\/svg\"><path d=\"M416 208H32c-17.67 0-32 14.33-32 32v32c0 17.67 14.33 32 32 32h384c17.67 0 32-14.33 32-32v-32c0-17.67-14.33-32-32-32z\"><\/path><\/svg><\/span>\n\t\t\t\t\t\t\t\t\t\t\t\t\t\t<\/span>\n\t\t\t\t\t\t\t\t\t\t\t\t<a class=\"elementor-accordion-title\" tabindex=\"0\">To Whom Does It Apply?<\/a>\n\t\t\t\t\t<\/div>\n\t\t\t\t\t<div id=\"elementor-tab-content-7255\" class=\"elementor-tab-content elementor-clearfix\" data-tab=\"5\" role=\"region\" aria-labelledby=\"elementor-tab-title-7255\"><p>It can be applied to people who are dissatisfied with their eye structure, have aesthetic concerns and are in good general health.<\/p><\/div>\n\t\t\t\t<\/div>\n\t\t\t\t\t\t\t<div class=\"elementor-accordion-item\">\n\t\t\t\t\t<div id=\"elementor-tab-title-7256\" class=\"elementor-tab-title\" data-tab=\"6\" role=\"button\" aria-controls=\"elementor-tab-content-7256\" aria-expanded=\"false\">\n\t\t\t\t\t\t\t\t\t\t\t\t\t<span class=\"elementor-accordion-icon elementor-accordion-icon-right\" aria-hidden=\"true\">\n\t\t\t\t\t\t\t\t\t\t\t\t\t\t\t<span class=\"elementor-accordion-icon-closed\"><svg class=\"e-font-icon-svg e-fas-plus\" viewbox=\"0 0 448 512\" xmlns=\"http:\/\/www.w3.org\/2000\/svg\"><path d=\"M416 208H272V64c0-17.67-14.33-32-32-32h-32c-17.67 0-32 14.33-32 32v144H32c-17.67 0-32 14.33-32 32v32c0 17.67 14.33 32 32 32h144v144c0 17.67 14.33 32 32 32h32c17.67 0 32-14.33 32-32V304h144c17.67 0 32-14.33 32-32v-32c0-17.67-14.33-32-32-32z\"><\/path><\/svg><\/span>\n\t\t\t\t\t\t\t\t<span class=\"elementor-accordion-icon-opened\"><svg class=\"e-font-icon-svg e-fas-minus\" viewbox=\"0 0 448 512\" xmlns=\"http:\/\/www.w3.org\/2000\/svg\"><path d=\"M416 208H32c-17.67 0-32 14.33-32 32v32c0 17.67 14.33 32 32 32h384c17.67 0 32-14.33 32-32v-32c0-17.67-14.33-32-32-32z\"><\/path><\/svg><\/span>\n\t\t\t\t\t\t\t\t\t\t\t\t\t\t<\/span>\n\t\t\t\t\t\t\t\t\t\t\t\t<a class=\"elementor-accordion-title\" tabindex=\"0\">Is It a Painful Procedure?<\/a>\n\t\t\t\t\t<\/div>\n\t\t\t\t\t<div id=\"elementor-tab-content-7256\" class=\"elementor-tab-content elementor-clearfix\" data-tab=\"6\" role=\"region\" aria-labelledby=\"elementor-tab-title-7256\"><p>It&#039;s usually performed under local anesthesia, so there&#039;s no pain. There may be some slight soreness or discomfort afterward.<\/p><\/div>\n\t\t\t\t<\/div>\n\t\t\t\t\t\t\t<div class=\"elementor-accordion-item\">\n\t\t\t\t\t<div id=\"elementor-tab-title-7257\" class=\"elementor-tab-title\" data-tab=\"7\" role=\"button\" aria-controls=\"elementor-tab-content-7257\" aria-expanded=\"false\">\n\t\t\t\t\t\t\t\t\t\t\t\t\t<span class=\"elementor-accordion-icon elementor-accordion-icon-right\" aria-hidden=\"true\">\n\t\t\t\t\t\t\t\t\t\t\t\t\t\t\t<span class=\"elementor-accordion-icon-closed\"><svg class=\"e-font-icon-svg e-fas-plus\" viewbox=\"0 0 448 512\" xmlns=\"http:\/\/www.w3.org\/2000\/svg\"><path d=\"M416 208H272V64c0-17.67-14.33-32-32-32h-32c-17.67 0-32 14.33-32 32v144H32c-17.67 0-32 14.33-32 32v32c0 17.67 14.33 32 32 32h144v144c0 17.67 14.33 32 32 32h32c17.67 0 32-14.33 32-32V304h144c17.67 0 32-14.33 32-32v-32c0-17.67-14.33-32-32-32z\"><\/path><\/svg><\/span>\n\t\t\t\t\t\t\t\t<span class=\"elementor-accordion-icon-opened\"><svg class=\"e-font-icon-svg e-fas-minus\" viewbox=\"0 0 448 512\" xmlns=\"http:\/\/www.w3.org\/2000\/svg\"><path d=\"M416 208H32c-17.67 0-32 14.33-32 32v32c0 17.67 14.33 32 32 32h384c17.67 0 32-14.33 32-32v-32c0-17.67-14.33-32-32-32z\"><\/path><\/svg><\/span>\n\t\t\t\t\t\t\t\t\t\t\t\t\t\t<\/span>\n\t\t\t\t\t\t\t\t\t\t\t\t<a class=\"elementor-accordion-title\" tabindex=\"0\">Are There Any Risks?<\/a>\n\t\t\t\t\t<\/div>\n\t\t\t\t\t<div id=\"elementor-tab-content-7257\" class=\"elementor-tab-content elementor-clearfix\" data-tab=\"7\" role=\"region\" aria-labelledby=\"elementor-tab-title-7257\"><p data-start=\"1007\" data-end=\"1181\">As with any aesthetic procedure, there are risks such as infection, swelling or asymmetry, but with an experienced surgeon, this possibility is quite low.<\/p><\/div>\n\t\t\t\t<\/div>\n\t\t\t\t\t\t\t\t<\/div>\n\t\t\t\t\t\t<\/div>\n\t\t\t\t<\/div>\n\t\t\t\t\t<\/div>\n\t\t\t\t<\/div>\n\t\t\t\t<\/div>","protected":false},"excerpt":{"rendered":"<p>G\u00f6z \u015eekli De\u011fi\u015ftirme Nedir? G\u00f6z \u015fekli de\u011fi\u015ftirme, estetik cerrahi veya medikal uygulamalarla g\u00f6zlerin daha iyi g\u00f6r\u00fcn\u00fcme kavu\u015fmas\u0131n\u0131 sa\u011flayan i\u015flemlerdir. Genellikle badem g\u00f6z esteti\u011fi, g\u00f6z kapa\u011f\u0131 operasyonlar\u0131 veya dolgu uygulamalar\u0131yla yap\u0131l\u0131r. B\u00f6ylece g\u00f6zler daha b\u00fcy\u00fck, canl\u0131 ve orant\u0131l\u0131 g\u00f6r\u00fcn\u00fcr. Hem estetik kayg\u0131lar\u0131 gidermede hem de \u00f6zg\u00fcveni art\u0131rmada etkili bir \u00e7\u00f6z\u00fcmd\u00fcr. G\u00f6z \u015eekli De\u011fi\u015ftirme Neden Yap\u0131l\u0131r? G\u00f6z&#8230;<\/p>","protected":false},"author":1,"featured_media":0,"parent":4710,"menu_order":0,"comment_status":"closed","ping_status":"closed","template":"","meta":{"footnotes":""},"class_list":["post-6427","page","type-page","status-publish","hentry"],"_links":{"self":[{"href":"https:\/\/artofoculoplastics.com\/en\/wp-json\/wp\/v2\/pages\/6427","targetHints":{"allow":["GET"]}}],"collection":[{"href":"https:\/\/artofoculoplastics.com\/en\/wp-json\/wp\/v2\/pages"}],"about":[{"href":"https:\/\/artofoculoplastics.com\/en\/wp-json\/wp\/v2\/types\/page"}],"author":[{"embeddable":true,"href":"https:\/\/artofoculoplastics.com\/en\/wp-json\/wp\/v2\/users\/1"}],"replies":[{"embeddable":true,"href":"https:\/\/artofoculoplastics.com\/en\/wp-json\/wp\/v2\/comments?post=6427"}],"version-history":[{"count":4,"href":"https:\/\/artofoculoplastics.com\/en\/wp-json\/wp\/v2\/pages\/6427\/revisions"}],"predecessor-version":[{"id":8492,"href":"https:\/\/artofoculoplastics.com\/en\/wp-json\/wp\/v2\/pages\/6427\/revisions\/8492"}],"up":[{"embeddable":true,"href":"https:\/\/artofoculoplastics.com\/en\/wp-json\/wp\/v2\/pages\/4710"}],"wp:attachment":[{"href":"https:\/\/artofoculoplastics.com\/en\/wp-json\/wp\/v2\/media?parent=6427"}],"curies":[{"name":"wp","href":"https:\/\/api.w.org\/{rel}","templated":true}]}}