{"id":6421,"date":"2025-04-24T10:13:01","date_gmt":"2025-04-24T07:13:01","guid":{"rendered":"https:\/\/artofoculoplastics.com\/?page_id=6421"},"modified":"2025-04-25T18:23:27","modified_gmt":"2025-04-25T15:23:27","slug":"muscle-lifting","status":"publish","type":"page","link":"https:\/\/artofoculoplastics.com\/en\/eye-aesthetics\/muscle-lifting\/","title":{"rendered":"Eyebrow Lift"},"content":{"rendered":"<div data-elementor-type=\"wp-page\" data-elementor-id=\"6421\" class=\"elementor elementor-6421\">\n\t\t\t\t<div class=\"elementor-element elementor-element-dc2a5fa e-flex e-con-boxed e-con e-parent\" data-id=\"dc2a5fa\" data-element_type=\"container\">\n\t\t\t\t\t<div class=\"e-con-inner\">\n\t\t<div class=\"elementor-element elementor-element-370e500 e-flex e-con-boxed e-con e-child\" data-id=\"370e500\" data-element_type=\"container\">\n\t\t\t\t\t<div class=\"e-con-inner\">\n\t\t\r\n\t\t<div class=\"elementor-element elementor-element-c553645 elementor-widget elementor-widget-image\" data-id=\"c553645\" data-element_type=\"widget\" data-widget_type=\"image.default\">\n\t\t\t\t<div class=\"elementor-widget-container\">\n\t\t\t\t\t\t\t\t\t\t\t\t\t\t\t<img fetchpriority=\"high\" decoding=\"async\" width=\"1134\" height=\"567\" src=\"https:\/\/artofoculoplastics.com\/wp-content\/uploads\/2025\/04\/Kas-Kaldirma-Ameliyati-1.png\" class=\"attachment-full size-full wp-image-7118\" alt=\"\" srcset=\"https:\/\/artofoculoplastics.com\/wp-content\/uploads\/2025\/04\/Kas-Kaldirma-Ameliyati-1.png 1134w, https:\/\/artofoculoplastics.com\/wp-content\/uploads\/2025\/04\/Kas-Kaldirma-Ameliyati-1-300x150.png 300w, https:\/\/artofoculoplastics.com\/wp-content\/uploads\/2025\/04\/Kas-Kaldirma-Ameliyati-1-1024x512.png 1024w, https:\/\/artofoculoplastics.com\/wp-content\/uploads\/2025\/04\/Kas-Kaldirma-Ameliyati-1-768x384.png 768w, https:\/\/artofoculoplastics.com\/wp-content\/uploads\/2025\/04\/Kas-Kaldirma-Ameliyati-1-18x9.png 18w, https:\/\/artofoculoplastics.com\/wp-content\/uploads\/2025\/04\/Kas-Kaldirma-Ameliyati-1-600x300.png 600w\" sizes=\"(max-width: 1134px) 100vw, 1134px\" \/>\t\t\t\t\t\t\t\t\t\t\t\t\t\t\t<\/div>\n\t\t\t\t<\/div>\n\t\t\t\t<div class=\"elementor-element elementor-element-050a8de elementor-widget elementor-widget-text-editor\" data-id=\"050a8de\" data-element_type=\"widget\" data-widget_type=\"text-editor.default\">\n\t\t\t\t<div class=\"elementor-widget-container\">\n\t\t\t\t\t\t\t\t\t<h2 data-start=\"0\" data-end=\"49\">What is Brow Lift Surgery?<\/h2><p class=\"\" data-start=\"51\" data-end=\"657\">The position and shape of eyebrows change with aging. Genetic factors, gravity, loss of skin elasticity, fat loss, and the mobility of the muscles surrounding the eyebrows all influence their position and shape. The shape and position of eyebrows play a significant role in facial expression and overall appearance. Low-set eyebrows are often associated with anger, while excessively high eyebrows can convey a look of surprise. Therefore, a brow lift (or forehead lift) is performed to achieve a natural and youthful eyebrow and eye appearance. It can also remove excess skin and wrinkles in the forehead.<\/p><h3 data-start=\"659\" data-end=\"707\">Who is Suitable for Brow Lift Surgery?<\/h3><p class=\"\" data-start=\"709\" data-end=\"1079\">A brow lift is suitable for individuals with drooping eyebrows that give a tired or angry expression. It can also be a good option for individuals with excess skin and deep wrinkles on the forehead who desire a more youthful and dynamic appearance. A brow lift is often combined with eyelid surgery (blepharoplasty) and other cosmetic facial surgeries.<\/p><h3 data-start=\"2545\" data-end=\"2599\">How is Brow Lift Surgery Performed?<\/h3><p class=\"\" data-start=\"0\" data-end=\"294\">Brow lift surgery is a cosmetic procedure performed to restore a natural, youthful appearance to the eyebrows. It&#039;s typically performed to smooth wrinkles in the forehead and lift the eyebrows. The surgery is performed under local anesthesia and can be performed using a variety of techniques.<\/p><p class=\"\" data-start=\"296\" data-end=\"656\">An endoscopic brow lift is performed through small incisions behind the hairline, leaving minimal scarring. A pretrichial brow lift, with incisions parallel to the hairline, lifts the eyebrows while simultaneously shortening forehead lines. A direct brow lift involves removing skin from the upper part of the eyebrow and is generally preferred for patients with severe brow ptosis.<\/p><p class=\"\" data-start=\"658\" data-end=\"851\">All three methods naturally lift the eyebrows, resulting in a youthful appearance. Recovery is generally quick, and patients can return to their normal activities within a few days.<\/p>\t\t\t\t\t\t\t\t<\/div>\n\t\t\t\t<\/div>\n\t\t\t\t<div class=\"elementor-element elementor-element-4b7ea11 elementor-widget elementor-widget-image\" data-id=\"4b7ea11\" data-element_type=\"widget\" data-widget_type=\"image.default\">\n\t\t\t\t<div class=\"elementor-widget-container\">\n\t\t\t\t\t\t\t\t\t\t\t\t\t\t\t<img decoding=\"async\" width=\"1134\" height=\"567\" src=\"https:\/\/artofoculoplastics.com\/wp-content\/uploads\/2025\/04\/Kas-Kaldirma-Ameliyati-2.png\" class=\"attachment-full size-full wp-image-7119\" alt=\"\" srcset=\"https:\/\/artofoculoplastics.com\/wp-content\/uploads\/2025\/04\/Kas-Kaldirma-Ameliyati-2.png 1134w, https:\/\/artofoculoplastics.com\/wp-content\/uploads\/2025\/04\/Kas-Kaldirma-Ameliyati-2-300x150.png 300w, https:\/\/artofoculoplastics.com\/wp-content\/uploads\/2025\/04\/Kas-Kaldirma-Ameliyati-2-1024x512.png 1024w, https:\/\/artofoculoplastics.com\/wp-content\/uploads\/2025\/04\/Kas-Kaldirma-Ameliyati-2-768x384.png 768w, https:\/\/artofoculoplastics.com\/wp-content\/uploads\/2025\/04\/Kas-Kaldirma-Ameliyati-2-18x9.png 18w, https:\/\/artofoculoplastics.com\/wp-content\/uploads\/2025\/04\/Kas-Kaldirma-Ameliyati-2-600x300.png 600w\" sizes=\"(max-width: 1134px) 100vw, 1134px\" \/>\t\t\t\t\t\t\t\t\t\t\t\t\t\t\t<\/div>\n\t\t\t\t<\/div>\n\t\t\t\t<div class=\"elementor-element elementor-element-a24743d elementor-widget elementor-widget-text-editor\" data-id=\"a24743d\" data-element_type=\"widget\" data-widget_type=\"text-editor.default\">\n\t\t\t\t<div class=\"elementor-widget-container\">\n\t\t\t\t\t\t\t\t\t<h3 data-start=\"3196\" data-end=\"3235\">Benefits of Brow Lift Surgery<\/h3><p class=\"\" data-start=\"3237\" data-end=\"3655\">Brow lift surgery creates a rejuvenating effect on the upper face. It&#039;s extremely beneficial for those seeking a more youthful, alert, and vigorous appearance. While drooping eyebrows can create an angry or tired expression, raising them eliminates these negative expressions and creates a more open look. It also reduces wrinkles in the forehead, creating a smoother facial contour.<\/p><h3 data-start=\"2493\" data-end=\"2552\">Brow Lift Surgery Recovery Process<\/h3><p class=\"\" data-start=\"2841\" data-end=\"2958\">The recovery process after brow lift surgery can vary from person to person, but generally the following processes are expected:<\/p><ul data-start=\"2960\" data-end=\"3194\"><li class=\"\" data-start=\"2960\" data-end=\"3006\"><p class=\"\" data-start=\"2962\" data-end=\"3006\">Stitches are usually removed within 7-14 days.<\/p><\/li><li class=\"\" data-start=\"3007\" data-end=\"3100\"><p class=\"\" data-start=\"3009\" data-end=\"3100\">Initial discomfort is usually mild and can be controlled with oral medications.<\/p><\/li><li class=\"\" data-start=\"3101\" data-end=\"3151\"><p class=\"\" data-start=\"3103\" data-end=\"3151\">Bruises and swelling disappear within 7-10 days.<\/p><\/li><li class=\"\" data-start=\"3152\" data-end=\"3194\"><p class=\"\" data-start=\"3154\" data-end=\"3194\">Patients can shower after two days.<\/p><\/li><\/ul><h3 data-start=\"3657\" data-end=\"3725\">How Long Does It Take to See Results After Brow Lift Surgery?<\/h3><p>The results of a brow lift are usually visible within a few weeks. Once the healing process is complete, the eyebrows appear more youthful and naturally lifted, and the facial expression is more open and dynamic. The results are permanent and a significant change in facial features is observed.<\/p><p class=\"\" data-start=\"3727\" data-end=\"4006\">\u00a0<\/p>\t\t\t\t\t\t\t\t<\/div>\n\t\t\t\t<\/div>\n\t\t\t\t<div class=\"elementor-element elementor-element-e729001 elementor-widget elementor-widget-heading\" data-id=\"e729001\" data-element_type=\"widget\" data-widget_type=\"heading.default\">\n\t\t\t\t<div class=\"elementor-widget-container\">\n\t\t\t\t\t<h3 class=\"elementor-heading-title elementor-size-default\">Frequently Asked Questions<\/h3>\t\t\t\t<\/div>\n\t\t\t\t<\/div>\n\t\t\t\t<div class=\"elementor-element elementor-element-815ecd8 elementor-widget elementor-widget-accordion\" data-id=\"815ecd8\" data-element_type=\"widget\" data-widget_type=\"accordion.default\">\n\t\t\t\t<div class=\"elementor-widget-container\">\n\t\t\t\t\t\t\t<div class=\"elementor-accordion\">\n\t\t\t\t\t\t\t<div class=\"elementor-accordion-item\">\n\t\t\t\t\t<div id=\"elementor-tab-title-1351\" class=\"elementor-tab-title\" data-tab=\"1\" role=\"button\" aria-controls=\"elementor-tab-content-1351\" aria-expanded=\"false\">\n\t\t\t\t\t\t\t\t\t\t\t\t\t<span class=\"elementor-accordion-icon elementor-accordion-icon-right\" aria-hidden=\"true\">\n\t\t\t\t\t\t\t\t\t\t\t\t\t\t\t<span class=\"elementor-accordion-icon-closed\"><svg class=\"e-font-icon-svg e-fas-plus\" viewbox=\"0 0 448 512\" xmlns=\"http:\/\/www.w3.org\/2000\/svg\"><path d=\"M416 208H272V64c0-17.67-14.33-32-32-32h-32c-17.67 0-32 14.33-32 32v144H32c-17.67 0-32 14.33-32 32v32c0 17.67 14.33 32 32 32h144v144c0 17.67 14.33 32 32 32h32c17.67 0 32-14.33 32-32V304h144c17.67 0 32-14.33 32-32v-32c0-17.67-14.33-32-32-32z\"><\/path><\/svg><\/span>\n\t\t\t\t\t\t\t\t<span class=\"elementor-accordion-icon-opened\"><svg class=\"e-font-icon-svg e-fas-minus\" viewbox=\"0 0 448 512\" xmlns=\"http:\/\/www.w3.org\/2000\/svg\"><path d=\"M416 208H32c-17.67 0-32 14.33-32 32v32c0 17.67 14.33 32 32 32h384c17.67 0 32-14.33 32-32v-32c0-17.67-14.33-32-32-32z\"><\/path><\/svg><\/span>\n\t\t\t\t\t\t\t\t\t\t\t\t\t\t<\/span>\n\t\t\t\t\t\t\t\t\t\t\t\t<a class=\"elementor-accordion-title\" tabindex=\"0\">Is brow lift surgery permanent?<\/a>\n\t\t\t\t\t<\/div>\n\t\t\t\t\t<div id=\"elementor-tab-content-1351\" class=\"elementor-tab-content elementor-clearfix\" data-tab=\"1\" role=\"region\" aria-labelledby=\"elementor-tab-title-1351\"><p>Yes, brow lift surgery provides permanent results. However, as the aging process continues, eyebrows may droop slightly again over time. However, the effects of the surgery are usually visible for many years.<\/p><\/div>\n\t\t\t\t<\/div>\n\t\t\t\t\t\t\t<div class=\"elementor-accordion-item\">\n\t\t\t\t\t<div id=\"elementor-tab-title-1352\" class=\"elementor-tab-title\" data-tab=\"2\" role=\"button\" aria-controls=\"elementor-tab-content-1352\" aria-expanded=\"false\">\n\t\t\t\t\t\t\t\t\t\t\t\t\t<span class=\"elementor-accordion-icon elementor-accordion-icon-right\" aria-hidden=\"true\">\n\t\t\t\t\t\t\t\t\t\t\t\t\t\t\t<span class=\"elementor-accordion-icon-closed\"><svg class=\"e-font-icon-svg e-fas-plus\" viewbox=\"0 0 448 512\" xmlns=\"http:\/\/www.w3.org\/2000\/svg\"><path d=\"M416 208H272V64c0-17.67-14.33-32-32-32h-32c-17.67 0-32 14.33-32 32v144H32c-17.67 0-32 14.33-32 32v32c0 17.67 14.33 32 32 32h144v144c0 17.67 14.33 32 32 32h32c17.67 0 32-14.33 32-32V304h144c17.67 0 32-14.33 32-32v-32c0-17.67-14.33-32-32-32z\"><\/path><\/svg><\/span>\n\t\t\t\t\t\t\t\t<span class=\"elementor-accordion-icon-opened\"><svg class=\"e-font-icon-svg e-fas-minus\" viewbox=\"0 0 448 512\" xmlns=\"http:\/\/www.w3.org\/2000\/svg\"><path d=\"M416 208H32c-17.67 0-32 14.33-32 32v32c0 17.67 14.33 32 32 32h384c17.67 0 32-14.33 32-32v-32c0-17.67-14.33-32-32-32z\"><\/path><\/svg><\/span>\n\t\t\t\t\t\t\t\t\t\t\t\t\t\t<\/span>\n\t\t\t\t\t\t\t\t\t\t\t\t<a class=\"elementor-accordion-title\" tabindex=\"0\">When can I return to work after brow lift surgery?<\/a>\n\t\t\t\t\t<\/div>\n\t\t\t\t\t<div id=\"elementor-tab-content-1352\" class=\"elementor-tab-content elementor-clearfix\" data-tab=\"2\" role=\"region\" aria-labelledby=\"elementor-tab-title-1352\"><p class=\"\" data-start=\"351\" data-end=\"633\">Brow lift surgery generally requires minimal recovery time. Most patients can return to work within 7-10 days. However, swelling and bruising may last for several days. Recovery time varies depending on the type of procedure.<\/p><p class=\"\" data-start=\"635\" data-end=\"909\">\u00a0<\/p><\/div>\n\t\t\t\t<\/div>\n\t\t\t\t\t\t\t<div class=\"elementor-accordion-item\">\n\t\t\t\t\t<div id=\"elementor-tab-title-1353\" class=\"elementor-tab-title\" data-tab=\"3\" role=\"button\" aria-controls=\"elementor-tab-content-1353\" aria-expanded=\"false\">\n\t\t\t\t\t\t\t\t\t\t\t\t\t<span class=\"elementor-accordion-icon elementor-accordion-icon-right\" aria-hidden=\"true\">\n\t\t\t\t\t\t\t\t\t\t\t\t\t\t\t<span class=\"elementor-accordion-icon-closed\"><svg class=\"e-font-icon-svg e-fas-plus\" viewbox=\"0 0 448 512\" xmlns=\"http:\/\/www.w3.org\/2000\/svg\"><path d=\"M416 208H272V64c0-17.67-14.33-32-32-32h-32c-17.67 0-32 14.33-32 32v144H32c-17.67 0-32 14.33-32 32v32c0 17.67 14.33 32 32 32h144v144c0 17.67 14.33 32 32 32h32c17.67 0 32-14.33 32-32V304h144c17.67 0 32-14.33 32-32v-32c0-17.67-14.33-32-32-32z\"><\/path><\/svg><\/span>\n\t\t\t\t\t\t\t\t<span class=\"elementor-accordion-icon-opened\"><svg class=\"e-font-icon-svg e-fas-minus\" viewbox=\"0 0 448 512\" xmlns=\"http:\/\/www.w3.org\/2000\/svg\"><path d=\"M416 208H32c-17.67 0-32 14.33-32 32v32c0 17.67 14.33 32 32 32h384c17.67 0 32-14.33 32-32v-32c0-17.67-14.33-32-32-32z\"><\/path><\/svg><\/span>\n\t\t\t\t\t\t\t\t\t\t\t\t\t\t<\/span>\n\t\t\t\t\t\t\t\t\t\t\t\t<a class=\"elementor-accordion-title\" tabindex=\"0\">Will there be pain after surgery?<\/a>\n\t\t\t\t\t<\/div>\n\t\t\t\t\t<div id=\"elementor-tab-content-1353\" class=\"elementor-tab-content elementor-clearfix\" data-tab=\"3\" role=\"region\" aria-labelledby=\"elementor-tab-title-1353\"><p class=\"\" data-start=\"1058\" data-end=\"1157\">You may experience some mild pain and discomfort after brow lift surgery. However, this is usually manageable, and your doctor will prescribe painkillers as needed. Swelling and bruising are also normal and will subside within a few days.<\/p><\/div>\n\t\t\t\t<\/div>\n\t\t\t\t\t\t\t<div class=\"elementor-accordion-item\">\n\t\t\t\t\t<div id=\"elementor-tab-title-1354\" class=\"elementor-tab-title\" data-tab=\"4\" role=\"button\" aria-controls=\"elementor-tab-content-1354\" aria-expanded=\"false\">\n\t\t\t\t\t\t\t\t\t\t\t\t\t<span class=\"elementor-accordion-icon elementor-accordion-icon-right\" aria-hidden=\"true\">\n\t\t\t\t\t\t\t\t\t\t\t\t\t\t\t<span class=\"elementor-accordion-icon-closed\"><svg class=\"e-font-icon-svg e-fas-plus\" viewbox=\"0 0 448 512\" xmlns=\"http:\/\/www.w3.org\/2000\/svg\"><path d=\"M416 208H272V64c0-17.67-14.33-32-32-32h-32c-17.67 0-32 14.33-32 32v144H32c-17.67 0-32 14.33-32 32v32c0 17.67 14.33 32 32 32h144v144c0 17.67 14.33 32 32 32h32c17.67 0 32-14.33 32-32V304h144c17.67 0 32-14.33 32-32v-32c0-17.67-14.33-32-32-32z\"><\/path><\/svg><\/span>\n\t\t\t\t\t\t\t\t<span class=\"elementor-accordion-icon-opened\"><svg class=\"e-font-icon-svg e-fas-minus\" viewbox=\"0 0 448 512\" xmlns=\"http:\/\/www.w3.org\/2000\/svg\"><path d=\"M416 208H32c-17.67 0-32 14.33-32 32v32c0 17.67 14.33 32 32 32h384c17.67 0 32-14.33 32-32v-32c0-17.67-14.33-32-32-32z\"><\/path><\/svg><\/span>\n\t\t\t\t\t\t\t\t\t\t\t\t\t\t<\/span>\n\t\t\t\t\t\t\t\t\t\t\t\t<a class=\"elementor-accordion-title\" tabindex=\"0\">Does eyebrow lift surgery leave scars?<\/a>\n\t\t\t\t\t<\/div>\n\t\t\t\t\t<div id=\"elementor-tab-content-1354\" class=\"elementor-tab-content elementor-clearfix\" data-tab=\"4\" role=\"region\" aria-labelledby=\"elementor-tab-title-1354\"><p class=\"\" data-start=\"911\" data-end=\"1263\">Depending on the type and technique of surgery, scars may occur. Endoscopic procedures generally leave smaller scars, while pre-operative and direct brow lift techniques can leave scars along the hairline and eyebrow line. However, scars typically fade over time and are minimally visible for most patients.<\/p><p class=\"\" data-start=\"1265\" data-end=\"1563\">\u00a0<\/p><\/div>\n\t\t\t\t<\/div>\n\t\t\t\t\t\t\t<div class=\"elementor-accordion-item\">\n\t\t\t\t\t<div id=\"elementor-tab-title-1355\" class=\"elementor-tab-title\" data-tab=\"5\" role=\"button\" aria-controls=\"elementor-tab-content-1355\" aria-expanded=\"false\">\n\t\t\t\t\t\t\t\t\t\t\t\t\t<span class=\"elementor-accordion-icon elementor-accordion-icon-right\" aria-hidden=\"true\">\n\t\t\t\t\t\t\t\t\t\t\t\t\t\t\t<span class=\"elementor-accordion-icon-closed\"><svg class=\"e-font-icon-svg e-fas-plus\" viewbox=\"0 0 448 512\" xmlns=\"http:\/\/www.w3.org\/2000\/svg\"><path d=\"M416 208H272V64c0-17.67-14.33-32-32-32h-32c-17.67 0-32 14.33-32 32v144H32c-17.67 0-32 14.33-32 32v32c0 17.67 14.33 32 32 32h144v144c0 17.67 14.33 32 32 32h32c17.67 0 32-14.33 32-32V304h144c17.67 0 32-14.33 32-32v-32c0-17.67-14.33-32-32-32z\"><\/path><\/svg><\/span>\n\t\t\t\t\t\t\t\t<span class=\"elementor-accordion-icon-opened\"><svg class=\"e-font-icon-svg e-fas-minus\" viewbox=\"0 0 448 512\" xmlns=\"http:\/\/www.w3.org\/2000\/svg\"><path d=\"M416 208H32c-17.67 0-32 14.33-32 32v32c0 17.67 14.33 32 32 32h384c17.67 0 32-14.33 32-32v-32c0-17.67-14.33-32-32-32z\"><\/path><\/svg><\/span>\n\t\t\t\t\t\t\t\t\t\t\t\t\t\t<\/span>\n\t\t\t\t\t\t\t\t\t\t\t\t<a class=\"elementor-accordion-title\" tabindex=\"0\">Will there be any other changes to my face with a brow lift?<\/a>\n\t\t\t\t\t<\/div>\n\t\t\t\t\t<div id=\"elementor-tab-content-1355\" class=\"elementor-tab-content elementor-clearfix\" data-tab=\"5\" role=\"region\" aria-labelledby=\"elementor-tab-title-1355\"><p class=\"\" data-start=\"1565\" data-end=\"1836\">A brow lift typically targets only the eyebrow area. However, some patients also correct wrinkles in the forehead. It can make the overall facial expression more youthful and dynamic.<\/p><p class=\"\" data-start=\"1838\" data-end=\"2178\">\u00a0<\/p><\/div>\n\t\t\t\t<\/div>\n\t\t\t\t\t\t\t\t<\/div>\n\t\t\t\t\t\t<\/div>\n\t\t\t\t<\/div>\n\t\t\t\t\t<\/div>\n\t\t\t\t<\/div>\n\t\t\t\t\t<\/div>\n\t\t\t\t<\/div>\n\t\t\t\t<\/div>","protected":false},"excerpt":{"rendered":"<p>Ka\u015f Kald\u0131rma Ameliyat\u0131 Nedir? Ka\u015flar\u0131n pozisyonu ve \u015fekli, ya\u015flanma ile de\u011fi\u015fir. Genetik fakt\u00f6rler, yer\u00e7ekimi, cilt elastikiyetinin kayb\u0131, ya\u011f kayb\u0131 ve ka\u015f \u00e7evresindeki kaslar\u0131n hareketlili\u011fi ka\u015flar\u0131n konumunu ve \u015feklini etkiler. Ka\u015flar\u0131n \u015fekli ve konumu, y\u00fcz ifadesi ve genel g\u00f6r\u00fcn\u00fc\u015f \u00fczerinde \u00f6nemli bir rol oynar. D\u00fc\u015f\u00fck ka\u015flar, genellikle &#8220;\u00f6fke&#8221; ifadesiyle ili\u015fkilendirilirken, a\u015f\u0131r\u0131 y\u00fcksek ka\u015flar ise &#8220;\u015fa\u015fk\u0131nl\u0131k&#8221; ifadesi&#8230;<\/p>","protected":false},"author":1,"featured_media":0,"parent":4710,"menu_order":0,"comment_status":"closed","ping_status":"closed","template":"","meta":{"footnotes":""},"class_list":["post-6421","page","type-page","status-publish","hentry"],"_links":{"self":[{"href":"https:\/\/artofoculoplastics.com\/en\/wp-json\/wp\/v2\/pages\/6421","targetHints":{"allow":["GET"]}}],"collection":[{"href":"https:\/\/artofoculoplastics.com\/en\/wp-json\/wp\/v2\/pages"}],"about":[{"href":"https:\/\/artofoculoplastics.com\/en\/wp-json\/wp\/v2\/types\/page"}],"author":[{"embeddable":true,"href":"https:\/\/artofoculoplastics.com\/en\/wp-json\/wp\/v2\/users\/1"}],"replies":[{"embeddable":true,"href":"https:\/\/artofoculoplastics.com\/en\/wp-json\/wp\/v2\/comments?post=6421"}],"version-history":[{"count":10,"href":"https:\/\/artofoculoplastics.com\/en\/wp-json\/wp\/v2\/pages\/6421\/revisions"}],"predecessor-version":[{"id":7125,"href":"https:\/\/artofoculoplastics.com\/en\/wp-json\/wp\/v2\/pages\/6421\/revisions\/7125"}],"up":[{"embeddable":true,"href":"https:\/\/artofoculoplastics.com\/en\/wp-json\/wp\/v2\/pages\/4710"}],"wp:attachment":[{"href":"https:\/\/artofoculoplastics.com\/en\/wp-json\/wp\/v2\/media?parent=6421"}],"curies":[{"name":"wp","href":"https:\/\/api.w.org\/{rel}","templated":true}]}}