{"id":6419,"date":"2025-04-24T10:12:42","date_gmt":"2025-04-24T07:12:42","guid":{"rendered":"https:\/\/artofoculoplastics.com\/?page_id=6419"},"modified":"2025-04-28T14:51:31","modified_gmt":"2025-04-28T11:51:31","slug":"under-eye-hollow-surgery-and-hollow-eye-treatment","status":"publish","type":"page","link":"https:\/\/artofoculoplastics.com\/en\/eye-aesthetics\/under-eye-hollow-surgery-and-hollow-eye-treatment\/","title":{"rendered":"Under-Eye Hollow Surgery and Sunken Eye Treatment"},"content":{"rendered":"<div data-elementor-type=\"wp-page\" data-elementor-id=\"6419\" class=\"elementor elementor-6419\">\n\t\t\t\t<div class=\"elementor-element elementor-element-58c73e0 e-flex e-con-boxed e-con e-parent\" data-id=\"58c73e0\" data-element_type=\"container\">\n\t\t\t\t\t<div class=\"e-con-inner\">\n\t\t<div class=\"elementor-element elementor-element-2d13869 e-flex e-con-boxed e-con e-child\" data-id=\"2d13869\" data-element_type=\"container\">\n\t\t\t\t\t<div class=\"e-con-inner\">\n\t\t\r\n\t\t<div class=\"elementor-element elementor-element-561ff44 elementor-widget elementor-widget-image\" data-id=\"561ff44\" data-element_type=\"widget\" data-widget_type=\"image.default\">\n\t\t\t\t<div class=\"elementor-widget-container\">\n\t\t\t\t\t\t\t\t\t\t\t\t\t\t\t<img fetchpriority=\"high\" decoding=\"async\" width=\"1134\" height=\"567\" src=\"https:\/\/artofoculoplastics.com\/wp-content\/uploads\/2025\/04\/goz-alti-isik-dolgusu.png\" class=\"attachment-full size-full wp-image-7385\" alt=\"\" srcset=\"https:\/\/artofoculoplastics.com\/wp-content\/uploads\/2025\/04\/goz-alti-isik-dolgusu.png 1134w, https:\/\/artofoculoplastics.com\/wp-content\/uploads\/2025\/04\/goz-alti-isik-dolgusu-300x150.png 300w, https:\/\/artofoculoplastics.com\/wp-content\/uploads\/2025\/04\/goz-alti-isik-dolgusu-1024x512.png 1024w, https:\/\/artofoculoplastics.com\/wp-content\/uploads\/2025\/04\/goz-alti-isik-dolgusu-768x384.png 768w, https:\/\/artofoculoplastics.com\/wp-content\/uploads\/2025\/04\/goz-alti-isik-dolgusu-18x9.png 18w, https:\/\/artofoculoplastics.com\/wp-content\/uploads\/2025\/04\/goz-alti-isik-dolgusu-600x300.png 600w\" sizes=\"(max-width: 1134px) 100vw, 1134px\" \/>\t\t\t\t\t\t\t\t\t\t\t\t\t\t\t<\/div>\n\t\t\t\t<\/div>\n\t\t\t\t<div class=\"elementor-element elementor-element-04de18f elementor-widget elementor-widget-text-editor\" data-id=\"04de18f\" data-element_type=\"widget\" data-widget_type=\"text-editor.default\">\n\t\t\t\t<div class=\"elementor-widget-container\">\n\t\t\t\t\t\t\t\t\t<h2 data-start=\"51\" data-end=\"657\">What is the Tear Trough Problem?<\/h2><p>Under-eye hollowness is a common problem for many people, characterized by deep indentations in the area below the eyes. These hollows are usually more noticeable near the nose and diminish as they move away from the nose. While more common in people with thin facial features, genetic factors can also contribute to this condition. These hollows under the eyes can lead to under-eye circles and dark circles, giving individuals a tired or sunken-looking appearance. Sometimes, under-eye bags also appear in addition to this problem, further accentuating the condition.<\/p><h3 data-start=\"51\" data-end=\"657\">Treatment of Under-Eye Hollows and Under-Eye Bags<\/h3><p class=\"\" data-start=\"746\" data-end=\"1436\">In mild cases, under-eye circles can be temporarily concealed with makeup. However, cosmetic products do not permanently treat under-eye circles. They only provide temporary moisturizing or volumizing effects. Several effective treatment options are available for dark circles and bags in the hollow area. When applied correctly, these treatments can reduce or eliminate dark circles and improve the appearance of sunken eyes. Each treatment option has its own advantages and disadvantages. The best treatment option often depends on the patient&#039;s specific anatomy and goals. Treatment options include:<\/p><ul data-start=\"1438\" data-end=\"1633\"><li class=\"\" data-start=\"1438\" data-end=\"1471\"><p class=\"\" data-start=\"1440\" data-end=\"1471\">Hyaluronic Acid Gel Filler<\/p><\/li><li class=\"\" data-start=\"1472\" data-end=\"1503\"><p class=\"\" data-start=\"1474\" data-end=\"1503\">Fat Transfer (injection)<\/p><\/li><li class=\"\" data-start=\"1504\" data-end=\"1534\"><p class=\"\" data-start=\"1506\" data-end=\"1534\">Under-Eye Hollow Implant<\/p><\/li><li class=\"\" data-start=\"1535\" data-end=\"1581\"><p class=\"\" data-start=\"1537\" data-end=\"1581\">Lower Blepharoplasty (with fat repositioning)<\/p><\/li><li class=\"\" data-start=\"1582\" data-end=\"1633\"><p class=\"\" data-start=\"1584\" data-end=\"1633\">Combination of the above treatment options<\/p><\/li><\/ul><h3 class=\"\" data-start=\"1640\" data-end=\"1675\">Upper Eye Socket (Hollowness)<\/h3><p class=\"\" data-start=\"1676\" data-end=\"2038\">Upper eyelid hollows can worsen the appearance of under-eye hollows. Upper eyelid hollows can make under-eye dark circles and sunken eyes more noticeable. Therefore, upper eyelid treatment can be a complementary procedure performed in conjunction with under-eye treatment. Treatments for upper eyelid hollows include:<\/p><ul data-start=\"2040\" data-end=\"2095\"><li class=\"\" data-start=\"2040\" data-end=\"2073\"><p class=\"\" data-start=\"2042\" data-end=\"2073\">Hyaluronic Acid Gel Filler<\/p><\/li><li class=\"\" data-start=\"2074\" data-end=\"2095\"><p class=\"\" data-start=\"2076\" data-end=\"2095\">Fat Injection<\/p><\/li><\/ul>\t\t\t\t\t\t\t\t<\/div>\n\t\t\t\t<\/div>\n\t\t\t\t<div class=\"elementor-element elementor-element-cd0d113 elementor-widget elementor-widget-image\" data-id=\"cd0d113\" data-element_type=\"widget\" data-widget_type=\"image.default\">\n\t\t\t\t<div class=\"elementor-widget-container\">\n\t\t\t\t\t\t\t\t\t\t\t\t\t\t\t<img decoding=\"async\" width=\"1134\" height=\"567\" src=\"https:\/\/artofoculoplastics.com\/wp-content\/uploads\/2025\/04\/goz-alti-cukuru-ameliyat.png\" class=\"attachment-full size-full wp-image-7386\" alt=\"Eyelid Retraction\" srcset=\"https:\/\/artofoculoplastics.com\/wp-content\/uploads\/2025\/04\/goz-alti-cukuru-ameliyat.png 1134w, https:\/\/artofoculoplastics.com\/wp-content\/uploads\/2025\/04\/goz-alti-cukuru-ameliyat-300x150.png 300w, https:\/\/artofoculoplastics.com\/wp-content\/uploads\/2025\/04\/goz-alti-cukuru-ameliyat-1024x512.png 1024w, https:\/\/artofoculoplastics.com\/wp-content\/uploads\/2025\/04\/goz-alti-cukuru-ameliyat-768x384.png 768w, https:\/\/artofoculoplastics.com\/wp-content\/uploads\/2025\/04\/goz-alti-cukuru-ameliyat-18x9.png 18w, https:\/\/artofoculoplastics.com\/wp-content\/uploads\/2025\/04\/goz-alti-cukuru-ameliyat-600x300.png 600w\" sizes=\"(max-width: 1134px) 100vw, 1134px\" \/>\t\t\t\t\t\t\t\t\t\t\t\t\t\t\t<\/div>\n\t\t\t\t<\/div>\n\t\t\t\t<div class=\"elementor-element elementor-element-a17e0ad elementor-widget elementor-widget-text-editor\" data-id=\"a17e0ad\" data-element_type=\"widget\" data-widget_type=\"text-editor.default\">\n\t\t\t\t<div class=\"elementor-widget-container\">\n\t\t\t\t\t\t\t\t\t<h3 class=\"\" data-start=\"2102\" data-end=\"2137\">Hyaluronic Acid Gel Filler<\/h3><p class=\"\" data-start=\"2138\" data-end=\"2568\">Hyaluronic acid-based fillers (Restylane, Belotero) can be used safely and effectively to treat under-eye hollowness. This procedure is performed with the patient in a sitting position and is usually completed within a few minutes. The procedure is virtually painless, and minor swelling and bruising resolve within a few days. The most significant advantage is that you see results immediately, it is predictable, and it is a non-invasive procedure. The effects can last for 1-2 years.<\/p><p class=\"\" data-start=\"2570\" data-end=\"3088\">As with any cosmetic procedure, technique is crucial. If the filler is applied too close to the eyelid surface, this can cause a blue discoloration (Tyndall effect). The filler should be applied deep into the orbital bone, not to the upper cheek area, but to the lower eyelid. Careful attention to the amount applied is crucial, as excessive filler can create an unnatural appearance. Furthermore, one of the advantages of hyaluronic acid fillers is that they can be removed with the enzyme hyaluronidase if necessary.<\/p><h3 class=\"\" data-start=\"3095\" data-end=\"3134\">Fat Transfer (Fat Injection)<\/h3><p class=\"\" data-start=\"3135\" data-end=\"3523\">Fat transfer involves injecting fat from other parts of the body (usually the abdomen or inner thighs) into the hollows under the eyes. The fat cells are removed by manual suction, and the procedure is performed under local anesthesia or light sedation. Recovery is generally painless, but bruising and swelling may occur for 7-10 days. The major advantages of fat transfer include:<\/p><ul data-start=\"3524\" data-end=\"3970\"><li class=\"\" data-start=\"3524\" data-end=\"3614\"><p class=\"\" data-start=\"3527\" data-end=\"3614\">Since the oil is a completely natural substance, there is no risk of any allergic reaction.<\/p><\/li><li class=\"\" data-start=\"3524\" data-end=\"3614\"><p class=\"\" data-start=\"3527\" data-end=\"3614\">The effect is long-lasting or permanent.<br data-start=\"3650\" data-end=\"3653\" \/>However, the disadvantage of fat transfer is that it&#039;s difficult to predict the outcome because not all transferred fat &quot;retains&quot; or survives. This can vary from person to person. Fat cells can remain viable for approximately three months and can be corrected with additional filler injections if necessary.<\/p><\/li><\/ul><h3 class=\"\" data-start=\"3977\" data-end=\"4036\">Infraorbital Rim Implant<\/h3><p class=\"\" data-start=\"4037\" data-end=\"4669\">A permanent treatment option for under-eye hollows is the under-eye hollow implant. <a href=\"https:\/\/artofoculoplastics.com\/en\/eye-aesthetics\/personalized-under-eye-infraorbital-implant\/\">(Infraorbital Rim Implant)<\/a>This procedure is performed through a discreet (transconjunctival) incision on the inside of the lower eyelid. The implant fills the under-eye hollows and treats the hollowness in the upper eye socket. It also improves the appearance of sunken eyes. The procedure is usually performed under light sedation. The implant offers a natural and permanent solution because the silicone material is inert and does not require replacement. However, in rare cases, it can be removed. If hollowness persists after the implant, a hyaluronic acid filler can be used to provide a final correction.<\/p>\t\t\t\t\t\t\t\t<\/div>\n\t\t\t\t<\/div>\n\t\t\t\t<div class=\"elementor-element elementor-element-4956a04 elementor-widget elementor-widget-heading\" data-id=\"4956a04\" data-element_type=\"widget\" data-widget_type=\"heading.default\">\n\t\t\t\t<div class=\"elementor-widget-container\">\n\t\t\t\t\t<h3 class=\"elementor-heading-title elementor-size-default\">Frequently Asked Questions<\/h3>\t\t\t\t<\/div>\n\t\t\t\t<\/div>\n\t\t\t\t<div class=\"elementor-element elementor-element-381607a elementor-widget elementor-widget-accordion\" data-id=\"381607a\" data-element_type=\"widget\" data-widget_type=\"accordion.default\">\n\t\t\t\t<div class=\"elementor-widget-container\">\n\t\t\t\t\t\t\t<div class=\"elementor-accordion\">\n\t\t\t\t\t\t\t<div class=\"elementor-accordion-item\">\n\t\t\t\t\t<div id=\"elementor-tab-title-5881\" class=\"elementor-tab-title\" data-tab=\"1\" role=\"button\" aria-controls=\"elementor-tab-content-5881\" aria-expanded=\"false\">\n\t\t\t\t\t\t\t\t\t\t\t\t\t<span class=\"elementor-accordion-icon elementor-accordion-icon-right\" aria-hidden=\"true\">\n\t\t\t\t\t\t\t\t\t\t\t\t\t\t\t<span class=\"elementor-accordion-icon-closed\"><svg class=\"e-font-icon-svg e-fas-plus\" viewbox=\"0 0 448 512\" xmlns=\"http:\/\/www.w3.org\/2000\/svg\"><path d=\"M416 208H272V64c0-17.67-14.33-32-32-32h-32c-17.67 0-32 14.33-32 32v144H32c-17.67 0-32 14.33-32 32v32c0 17.67 14.33 32 32 32h144v144c0 17.67 14.33 32 32 32h32c17.67 0 32-14.33 32-32V304h144c17.67 0 32-14.33 32-32v-32c0-17.67-14.33-32-32-32z\"><\/path><\/svg><\/span>\n\t\t\t\t\t\t\t\t<span class=\"elementor-accordion-icon-opened\"><svg class=\"e-font-icon-svg e-fas-minus\" viewbox=\"0 0 448 512\" xmlns=\"http:\/\/www.w3.org\/2000\/svg\"><path d=\"M416 208H32c-17.67 0-32 14.33-32 32v32c0 17.67 14.33 32 32 32h384c17.67 0 32-14.33 32-32v-32c0-17.67-14.33-32-32-32z\"><\/path><\/svg><\/span>\n\t\t\t\t\t\t\t\t\t\t\t\t\t\t<\/span>\n\t\t\t\t\t\t\t\t\t\t\t\t<a class=\"elementor-accordion-title\" tabindex=\"0\"> Who is suitable for under-eye hollowness treatment?<\/a>\n\t\t\t\t\t<\/div>\n\t\t\t\t\t<div id=\"elementor-tab-content-5881\" class=\"elementor-tab-content elementor-clearfix\" data-tab=\"1\" role=\"region\" aria-labelledby=\"elementor-tab-title-5881\"><p>Under-eye hollowness treatment is suitable for anyone concerned about hollowness or bags under the eyes. These problems can occur due to factors such as genetics, aging, and lifestyle. It is recommended for those seeking to improve their aesthetic appearance.<\/p><\/div>\n\t\t\t\t<\/div>\n\t\t\t\t\t\t\t<div class=\"elementor-accordion-item\">\n\t\t\t\t\t<div id=\"elementor-tab-title-5882\" class=\"elementor-tab-title\" data-tab=\"2\" role=\"button\" aria-controls=\"elementor-tab-content-5882\" aria-expanded=\"false\">\n\t\t\t\t\t\t\t\t\t\t\t\t\t<span class=\"elementor-accordion-icon elementor-accordion-icon-right\" aria-hidden=\"true\">\n\t\t\t\t\t\t\t\t\t\t\t\t\t\t\t<span class=\"elementor-accordion-icon-closed\"><svg class=\"e-font-icon-svg e-fas-plus\" viewbox=\"0 0 448 512\" xmlns=\"http:\/\/www.w3.org\/2000\/svg\"><path d=\"M416 208H272V64c0-17.67-14.33-32-32-32h-32c-17.67 0-32 14.33-32 32v144H32c-17.67 0-32 14.33-32 32v32c0 17.67 14.33 32 32 32h144v144c0 17.67 14.33 32 32 32h32c17.67 0 32-14.33 32-32V304h144c17.67 0 32-14.33 32-32v-32c0-17.67-14.33-32-32-32z\"><\/path><\/svg><\/span>\n\t\t\t\t\t\t\t\t<span class=\"elementor-accordion-icon-opened\"><svg class=\"e-font-icon-svg e-fas-minus\" viewbox=\"0 0 448 512\" xmlns=\"http:\/\/www.w3.org\/2000\/svg\"><path d=\"M416 208H32c-17.67 0-32 14.33-32 32v32c0 17.67 14.33 32 32 32h384c17.67 0 32-14.33 32-32v-32c0-17.67-14.33-32-32-32z\"><\/path><\/svg><\/span>\n\t\t\t\t\t\t\t\t\t\t\t\t\t\t<\/span>\n\t\t\t\t\t\t\t\t\t\t\t\t<a class=\"elementor-accordion-title\" tabindex=\"0\">What is the recovery process like after the procedure?<\/a>\n\t\t\t\t\t<\/div>\n\t\t\t\t\t<div id=\"elementor-tab-content-5882\" class=\"elementor-tab-content elementor-clearfix\" data-tab=\"2\" role=\"region\" aria-labelledby=\"elementor-tab-title-5882\"><p class=\"\" data-start=\"351\" data-end=\"633\">You may experience mild swelling and bruising for a few days after the procedure, but these effects will subside quickly. You can usually return to your normal routine within a week. While the effects of hyaluronic acid filler are immediate, full recovery from fat transfer and implants may take slightly longer.<\/p><\/div>\n\t\t\t\t<\/div>\n\t\t\t\t\t\t\t<div class=\"elementor-accordion-item\">\n\t\t\t\t\t<div id=\"elementor-tab-title-5883\" class=\"elementor-tab-title\" data-tab=\"3\" role=\"button\" aria-controls=\"elementor-tab-content-5883\" aria-expanded=\"false\">\n\t\t\t\t\t\t\t\t\t\t\t\t\t<span class=\"elementor-accordion-icon elementor-accordion-icon-right\" aria-hidden=\"true\">\n\t\t\t\t\t\t\t\t\t\t\t\t\t\t\t<span class=\"elementor-accordion-icon-closed\"><svg class=\"e-font-icon-svg e-fas-plus\" viewbox=\"0 0 448 512\" xmlns=\"http:\/\/www.w3.org\/2000\/svg\"><path d=\"M416 208H272V64c0-17.67-14.33-32-32-32h-32c-17.67 0-32 14.33-32 32v144H32c-17.67 0-32 14.33-32 32v32c0 17.67 14.33 32 32 32h144v144c0 17.67 14.33 32 32 32h32c17.67 0 32-14.33 32-32V304h144c17.67 0 32-14.33 32-32v-32c0-17.67-14.33-32-32-32z\"><\/path><\/svg><\/span>\n\t\t\t\t\t\t\t\t<span class=\"elementor-accordion-icon-opened\"><svg class=\"e-font-icon-svg e-fas-minus\" viewbox=\"0 0 448 512\" xmlns=\"http:\/\/www.w3.org\/2000\/svg\"><path d=\"M416 208H32c-17.67 0-32 14.33-32 32v32c0 17.67 14.33 32 32 32h384c17.67 0 32-14.33 32-32v-32c0-17.67-14.33-32-32-32z\"><\/path><\/svg><\/span>\n\t\t\t\t\t\t\t\t\t\t\t\t\t\t<\/span>\n\t\t\t\t\t\t\t\t\t\t\t\t<a class=\"elementor-accordion-title\" tabindex=\"0\">Which treatment method is more effective?<\/a>\n\t\t\t\t\t<\/div>\n\t\t\t\t\t<div id=\"elementor-tab-content-5883\" class=\"elementor-tab-content elementor-clearfix\" data-tab=\"3\" role=\"region\" aria-labelledby=\"elementor-tab-title-5883\"><p class=\"\" data-start=\"1058\" data-end=\"1157\">The most effective treatment varies depending on the individual&#039;s under-eye anatomy and needs. While the effects of hyaluronic acid filler are immediate, fat transfer offers long-lasting results. Implants, on the other hand, provide a permanent solution. Each treatment comes with different advantages and disadvantages, so consulting a specialist is recommended to find the best solution for your individual needs.<\/p><\/div>\n\t\t\t\t<\/div>\n\t\t\t\t\t\t\t<div class=\"elementor-accordion-item\">\n\t\t\t\t\t<div id=\"elementor-tab-title-5884\" class=\"elementor-tab-title\" data-tab=\"4\" role=\"button\" aria-controls=\"elementor-tab-content-5884\" aria-expanded=\"false\">\n\t\t\t\t\t\t\t\t\t\t\t\t\t<span class=\"elementor-accordion-icon elementor-accordion-icon-right\" aria-hidden=\"true\">\n\t\t\t\t\t\t\t\t\t\t\t\t\t\t\t<span class=\"elementor-accordion-icon-closed\"><svg class=\"e-font-icon-svg e-fas-plus\" viewbox=\"0 0 448 512\" xmlns=\"http:\/\/www.w3.org\/2000\/svg\"><path d=\"M416 208H272V64c0-17.67-14.33-32-32-32h-32c-17.67 0-32 14.33-32 32v144H32c-17.67 0-32 14.33-32 32v32c0 17.67 14.33 32 32 32h144v144c0 17.67 14.33 32 32 32h32c17.67 0 32-14.33 32-32V304h144c17.67 0 32-14.33 32-32v-32c0-17.67-14.33-32-32-32z\"><\/path><\/svg><\/span>\n\t\t\t\t\t\t\t\t<span class=\"elementor-accordion-icon-opened\"><svg class=\"e-font-icon-svg e-fas-minus\" viewbox=\"0 0 448 512\" xmlns=\"http:\/\/www.w3.org\/2000\/svg\"><path d=\"M416 208H32c-17.67 0-32 14.33-32 32v32c0 17.67 14.33 32 32 32h384c17.67 0 32-14.33 32-32v-32c0-17.67-14.33-32-32-32z\"><\/path><\/svg><\/span>\n\t\t\t\t\t\t\t\t\t\t\t\t\t\t<\/span>\n\t\t\t\t\t\t\t\t\t\t\t\t<a class=\"elementor-accordion-title\" tabindex=\"0\"> Is under-eye hollowness treatment risky?<\/a>\n\t\t\t\t\t<\/div>\n\t\t\t\t\t<div id=\"elementor-tab-content-5884\" class=\"elementor-tab-content elementor-clearfix\" data-tab=\"4\" role=\"region\" aria-labelledby=\"elementor-tab-title-5884\"><p class=\"\" data-start=\"911\" data-end=\"1263\">Generally, these treatments are safe, and the risks are quite low when performed by a qualified physician. However, proper technique is crucial during the procedure. Improper application can result in a blue discoloration (Tyndall effect) or an artificial appearance due to excessive filler.<\/p><\/div>\n\t\t\t\t<\/div>\n\t\t\t\t\t\t\t<div class=\"elementor-accordion-item\">\n\t\t\t\t\t<div id=\"elementor-tab-title-5885\" class=\"elementor-tab-title\" data-tab=\"5\" role=\"button\" aria-controls=\"elementor-tab-content-5885\" aria-expanded=\"false\">\n\t\t\t\t\t\t\t\t\t\t\t\t\t<span class=\"elementor-accordion-icon elementor-accordion-icon-right\" aria-hidden=\"true\">\n\t\t\t\t\t\t\t\t\t\t\t\t\t\t\t<span class=\"elementor-accordion-icon-closed\"><svg class=\"e-font-icon-svg e-fas-plus\" viewbox=\"0 0 448 512\" xmlns=\"http:\/\/www.w3.org\/2000\/svg\"><path d=\"M416 208H272V64c0-17.67-14.33-32-32-32h-32c-17.67 0-32 14.33-32 32v144H32c-17.67 0-32 14.33-32 32v32c0 17.67 14.33 32 32 32h144v144c0 17.67 14.33 32 32 32h32c17.67 0 32-14.33 32-32V304h144c17.67 0 32-14.33 32-32v-32c0-17.67-14.33-32-32-32z\"><\/path><\/svg><\/span>\n\t\t\t\t\t\t\t\t<span class=\"elementor-accordion-icon-opened\"><svg class=\"e-font-icon-svg e-fas-minus\" viewbox=\"0 0 448 512\" xmlns=\"http:\/\/www.w3.org\/2000\/svg\"><path d=\"M416 208H32c-17.67 0-32 14.33-32 32v32c0 17.67 14.33 32 32 32h384c17.67 0 32-14.33 32-32v-32c0-17.67-14.33-32-32-32z\"><\/path><\/svg><\/span>\n\t\t\t\t\t\t\t\t\t\t\t\t\t\t<\/span>\n\t\t\t\t\t\t\t\t\t\t\t\t<a class=\"elementor-accordion-title\" tabindex=\"0\">How long do the results last after under-eye hollowness treatment?<\/a>\n\t\t\t\t\t<\/div>\n\t\t\t\t\t<div id=\"elementor-tab-content-5885\" class=\"elementor-tab-content elementor-clearfix\" data-tab=\"5\" role=\"region\" aria-labelledby=\"elementor-tab-title-5885\"><p class=\"\" data-start=\"1565\" data-end=\"1836\">The longevity of under-eye hollowness treatment varies depending on the treatment. Hyaluronic acid filler lasts approximately one to two years, while fat transfer can be permanent. Under-eye hollowness implants offer a lifelong solution.<\/p><\/div>\n\t\t\t\t<\/div>\n\t\t\t\t\t\t\t\t<\/div>\n\t\t\t\t\t\t<\/div>\n\t\t\t\t<\/div>\n\t\t\t\t\t<\/div>\n\t\t\t\t<\/div>\n\t\t\t\t\t<\/div>\n\t\t\t\t<\/div>\n\t\t\t\t<\/div>","protected":false},"excerpt":{"rendered":"<p>G\u00f6z Alt\u0131 \u00c7ukuru (Tear Trough) Problemi Nedir? G\u00f6z alt\u0131 \u00e7ukuru, bir\u00e7ok ki\u015fide yayg\u0131n bir sorun olup, g\u00f6z alt\u0131 b\u00f6lgesinde g\u00f6r\u00fclen derin \u00e7ukurluklarla karakterizedir. Bu \u00e7ukurluk genellikle burna yak\u0131n b\u00f6lgede daha belirgindir ve burundan uzakla\u015ft\u0131k\u00e7a azal\u0131r. \u0130nce y\u00fcz hatlar\u0131na sahip ki\u015filerde daha s\u0131k g\u00f6r\u00fclse de, genetik fakt\u00f6rler de bu durumu tetikleyebilir. G\u00f6z alt\u0131ndaki bu \u00e7ukurluklar, g\u00f6z&#8230;<\/p>","protected":false},"author":1,"featured_media":0,"parent":4710,"menu_order":0,"comment_status":"closed","ping_status":"closed","template":"","meta":{"footnotes":""},"class_list":["post-6419","page","type-page","status-publish","hentry"],"_links":{"self":[{"href":"https:\/\/artofoculoplastics.com\/en\/wp-json\/wp\/v2\/pages\/6419","targetHints":{"allow":["GET"]}}],"collection":[{"href":"https:\/\/artofoculoplastics.com\/en\/wp-json\/wp\/v2\/pages"}],"about":[{"href":"https:\/\/artofoculoplastics.com\/en\/wp-json\/wp\/v2\/types\/page"}],"author":[{"embeddable":true,"href":"https:\/\/artofoculoplastics.com\/en\/wp-json\/wp\/v2\/users\/1"}],"replies":[{"embeddable":true,"href":"https:\/\/artofoculoplastics.com\/en\/wp-json\/wp\/v2\/comments?post=6419"}],"version-history":[{"count":14,"href":"https:\/\/artofoculoplastics.com\/en\/wp-json\/wp\/v2\/pages\/6419\/revisions"}],"predecessor-version":[{"id":7389,"href":"https:\/\/artofoculoplastics.com\/en\/wp-json\/wp\/v2\/pages\/6419\/revisions\/7389"}],"up":[{"embeddable":true,"href":"https:\/\/artofoculoplastics.com\/en\/wp-json\/wp\/v2\/pages\/4710"}],"wp:attachment":[{"href":"https:\/\/artofoculoplastics.com\/en\/wp-json\/wp\/v2\/media?parent=6419"}],"curies":[{"name":"wp","href":"https:\/\/api.w.org\/{rel}","templated":true}]}}