{"id":6417,"date":"2025-04-24T10:12:04","date_gmt":"2025-04-24T07:12:04","guid":{"rendered":"https:\/\/artofoculoplastics.com\/?page_id=6417"},"modified":"2025-11-28T14:56:02","modified_gmt":"2025-11-28T11:56:02","slug":"asian-type-eyelid-aesthetics-double-eyelid-surgery","status":"publish","type":"page","link":"https:\/\/artofoculoplastics.com\/en\/eye-aesthetics\/asian-type-eyelid-aesthetics-double-eyelid-surgery\/","title":{"rendered":"Asian Type Eyelid Aesthetics | Double Eyelid Surgery"},"content":{"rendered":"<div data-elementor-type=\"wp-page\" data-elementor-id=\"6417\" class=\"elementor elementor-6417\">\n\t\t\t\t<div class=\"elementor-element elementor-element-1ca8ec2 e-flex e-con-boxed e-con e-parent\" data-id=\"1ca8ec2\" data-element_type=\"container\">\n\t\t\t\t\t<div class=\"e-con-inner\">\n\t\t<div class=\"elementor-element elementor-element-da3d124 e-flex e-con-boxed e-con e-child\" data-id=\"da3d124\" data-element_type=\"container\">\n\t\t\t\t\t<div class=\"e-con-inner\">\n\t\t\r\n\t\t<div class=\"elementor-element elementor-element-2cda37d elementor-widget elementor-widget-image\" data-id=\"2cda37d\" data-element_type=\"widget\" data-widget_type=\"image.default\">\n\t\t\t\t<div class=\"elementor-widget-container\">\n\t\t\t\t\t\t\t\t\t\t\t\t\t\t\t<img fetchpriority=\"high\" decoding=\"async\" width=\"1134\" height=\"567\" src=\"https:\/\/artofoculoplastics.com\/wp-content\/uploads\/2025\/04\/Asya-Tipi-Goz-Kapagi-Estetigi.png\" class=\"attachment-full size-full wp-image-7422\" alt=\"Asian Eyelid Aesthetics\" srcset=\"https:\/\/artofoculoplastics.com\/wp-content\/uploads\/2025\/04\/Asya-Tipi-Goz-Kapagi-Estetigi.png 1134w, https:\/\/artofoculoplastics.com\/wp-content\/uploads\/2025\/04\/Asya-Tipi-Goz-Kapagi-Estetigi-300x150.png 300w, https:\/\/artofoculoplastics.com\/wp-content\/uploads\/2025\/04\/Asya-Tipi-Goz-Kapagi-Estetigi-1024x512.png 1024w, https:\/\/artofoculoplastics.com\/wp-content\/uploads\/2025\/04\/Asya-Tipi-Goz-Kapagi-Estetigi-768x384.png 768w, https:\/\/artofoculoplastics.com\/wp-content\/uploads\/2025\/04\/Asya-Tipi-Goz-Kapagi-Estetigi-18x9.png 18w, https:\/\/artofoculoplastics.com\/wp-content\/uploads\/2025\/04\/Asya-Tipi-Goz-Kapagi-Estetigi-600x300.png 600w\" sizes=\"(max-width: 1134px) 100vw, 1134px\" \/>\t\t\t\t\t\t\t\t\t\t\t\t\t\t\t<\/div>\n\t\t\t\t<\/div>\n\t\t\t\t<div class=\"elementor-element elementor-element-c2fcac6 elementor-widget elementor-widget-text-editor\" data-id=\"c2fcac6\" data-element_type=\"widget\" data-widget_type=\"text-editor.default\">\n\t\t\t\t<div class=\"elementor-widget-container\">\n\t\t\t\t\t\t\t\t\t<h2 data-start=\"62\" data-end=\"102\">What is Asian Eyelid Aesthetics?<\/h2><p class=\"\" data-start=\"104\" data-end=\"671\">Asian blepharoplasty, also known as double eyelid surgery, is a cosmetic surgical procedure performed to create a prominent upper eyelid crease in individuals with a monolid (absent eyelid crease) or an asymmetrical eyelid crease. Caucasians generally have a more pronounced crease, while Asians typically have either a monolid or a less pronounced crease. This anatomical difference is due to more prominent orbital fat and a lower crease line or no crease at all.<\/p><p class=\"\" data-start=\"673\" data-end=\"949\">Asian eyelid surgery aims to enhance the appearance of the eyelids while preserving the unique characteristics of Asian eyes. The goal is to create a dynamic, youthful appearance that complements the patient&#039;s unique facial features without altering the essence of the eyelid structure.<\/p><p>Drooping eyelids are conditions where the upper eyelid droops more than normal. In mild cases of ptosis, this may not be noticeable to patients or those around them. However, if the condition is asymmetrical, it can cause the crease or fold of the eyes to become irregular. Ptosis can make a person appear more tired, sleepy, or exhausted. Fortunately, mild eyelid drooping usually does not affect vision. Cosmetic eyelid ptosis surgery lifts the upper eyelid, creating a more symmetrical, youthful, and dynamic appearance.<\/p><h3 data-start=\"951\" data-end=\"1007\">Why Choose Asian Eyelid Aesthetics?<\/h3><p class=\"\" data-start=\"1009\" data-end=\"1401\">The decision to undergo Asian blepharoplasty often stems from the desire to create a more defined eyelid crease. For individuals with monolids, this procedure restores symmetry and balance to the eyes, making them appear larger and more expressive. The procedure is tailored to each individual, ensuring natural results and blending seamlessly with the patient&#039;s facial features.<\/p><h3 data-start=\"1403\" data-end=\"1447\">Asian Eyelid Aesthetics Techniques<\/h3><p class=\"\" data-start=\"1449\" data-end=\"1585\">Asian eyelid aesthetics is generally performed with two main techniques: the incisional (cut) method and the non-incisional (stitched) method.<\/p><ul data-start=\"1587\" data-end=\"2041\"><li class=\"\" data-start=\"1587\" data-end=\"1824\"><p class=\"\" data-start=\"1589\" data-end=\"1824\">The incisional method provides longer-lasting and predictable results. The eyelid skin is incised, creating a crease for a more aesthetically pleasing appearance. This method is particularly suitable for those who desire a distinct and symmetrical crease.<\/p><\/li><li class=\"\" data-start=\"1828\" data-end=\"2041\"><p class=\"\" data-start=\"1830\" data-end=\"2041\">The non-incisional method offers a faster recovery time, but the effects can often be shorter-lasting and unpredictable. This method may be suitable for patients seeking less pronounced changes.<\/p><\/li><\/ul><p class=\"\" data-start=\"2043\" data-end=\"2287\">Both procedures are usually performed under local anesthesia, sometimes with sedation. The procedure can take 1-2 hours, depending on the patient&#039;s specific needs. You can return home the same day, but you may need a ride home.<\/p>\t\t\t\t\t\t\t\t<\/div>\n\t\t\t\t<\/div>\n\t\t\t\t<div class=\"elementor-element elementor-element-ad73468 elementor-widget elementor-widget-image\" data-id=\"ad73468\" data-element_type=\"widget\" data-widget_type=\"image.default\">\n\t\t\t\t<div class=\"elementor-widget-container\">\n\t\t\t\t\t\t\t\t\t\t\t\t\t\t\t<img decoding=\"async\" width=\"1134\" height=\"567\" src=\"https:\/\/artofoculoplastics.com\/wp-content\/uploads\/2025\/04\/Asya-Tipi-Goz-Kapagi-Estetigi-Ameliyati.png\" class=\"attachment-full size-full wp-image-7421\" alt=\"Asian Type Eyelid Aesthetic Surgery\" srcset=\"https:\/\/artofoculoplastics.com\/wp-content\/uploads\/2025\/04\/Asya-Tipi-Goz-Kapagi-Estetigi-Ameliyati.png 1134w, https:\/\/artofoculoplastics.com\/wp-content\/uploads\/2025\/04\/Asya-Tipi-Goz-Kapagi-Estetigi-Ameliyati-300x150.png 300w, https:\/\/artofoculoplastics.com\/wp-content\/uploads\/2025\/04\/Asya-Tipi-Goz-Kapagi-Estetigi-Ameliyati-1024x512.png 1024w, https:\/\/artofoculoplastics.com\/wp-content\/uploads\/2025\/04\/Asya-Tipi-Goz-Kapagi-Estetigi-Ameliyati-768x384.png 768w, https:\/\/artofoculoplastics.com\/wp-content\/uploads\/2025\/04\/Asya-Tipi-Goz-Kapagi-Estetigi-Ameliyati-18x9.png 18w, https:\/\/artofoculoplastics.com\/wp-content\/uploads\/2025\/04\/Asya-Tipi-Goz-Kapagi-Estetigi-Ameliyati-600x300.png 600w\" sizes=\"(max-width: 1134px) 100vw, 1134px\" \/>\t\t\t\t\t\t\t\t\t\t\t\t\t\t\t<\/div>\n\t\t\t\t<\/div>\n\t\t\t\t<div class=\"elementor-element elementor-element-8d3d2dc elementor-widget elementor-widget-text-editor\" data-id=\"8d3d2dc\" data-element_type=\"widget\" data-widget_type=\"text-editor.default\">\n\t\t\t\t<div class=\"elementor-widget-container\">\n\t\t\t\t\t\t\t\t\t<h3 class=\"\" data-start=\"2102\" data-end=\"2137\">Asian Eyelid Aesthetics Recovery Process<\/h3><p>Recovery time after double eyelid surgery typically ranges from 7 to 10 days. Swelling and bruising are normal during this period and can usually be easily controlled with medications recommended by your doctor. The most important thing during this period is to rest and follow postoperative instructions. Your doctor will explain in detail what activities you should avoid during your recovery.<\/p><h3 data-start=\"3062\" data-end=\"3117\">Who is Suitable for Asian Eyelid Aesthetics?<\/h3><p class=\"\" data-start=\"3119\" data-end=\"3384\">Asian blepharoplasty may be suitable for anyone looking to enhance the crease of their eyelids and give their eyes a more aesthetically pleasing appearance. If your eyes don&#039;t have a prominent crease or have an asymmetrical crease, this procedure may be beneficial.<\/p><p class=\"\" data-start=\"3386\" data-end=\"3700\">Ba\u015far\u0131l\u0131 bir sonu\u00e7 elde etmek i\u00e7in ilk ad\u0131m, uzman doktor ile dan\u0131\u015fmanl\u0131k g\u00f6r\u00fc\u015fmesi yapmakt\u0131r. Bu s\u00fcre\u00e7te, hedeflerinizi ifade edebilir ve sizin i\u00e7in en uygun tedavi plan\u0131n\u0131 olu\u015fturabilirsiniz. Her ad\u0131mda size tamamen rehberlik sa\u011flayacak, b\u00f6ylece kendinizi her zaman s\u00fcrecin i\u00e7inde hissedeceksiniz.<\/p>\t\t\t\t\t\t\t\t<\/div>\n\t\t\t\t<\/div>\n\t\t\t\t<div class=\"elementor-element elementor-element-c70d55c elementor-widget elementor-widget-heading\" data-id=\"c70d55c\" data-element_type=\"widget\" data-widget_type=\"heading.default\">\n\t\t\t\t<div class=\"elementor-widget-container\">\n\t\t\t\t\t<h3 class=\"elementor-heading-title elementor-size-default\">Frequently Asked Questions<\/h3>\t\t\t\t<\/div>\n\t\t\t\t<\/div>\n\t\t\t\t<div class=\"elementor-element elementor-element-e128a15 elementor-widget elementor-widget-accordion\" data-id=\"e128a15\" data-element_type=\"widget\" data-widget_type=\"accordion.default\">\n\t\t\t\t<div class=\"elementor-widget-container\">\n\t\t\t\t\t\t\t<div class=\"elementor-accordion\">\n\t\t\t\t\t\t\t<div class=\"elementor-accordion-item\">\n\t\t\t\t\t<div id=\"elementor-tab-title-2361\" class=\"elementor-tab-title\" data-tab=\"1\" role=\"button\" aria-controls=\"elementor-tab-content-2361\" aria-expanded=\"false\">\n\t\t\t\t\t\t\t\t\t\t\t\t\t<span class=\"elementor-accordion-icon elementor-accordion-icon-right\" aria-hidden=\"true\">\n\t\t\t\t\t\t\t\t\t\t\t\t\t\t\t<span class=\"elementor-accordion-icon-closed\"><svg class=\"e-font-icon-svg e-fas-plus\" viewbox=\"0 0 448 512\" xmlns=\"http:\/\/www.w3.org\/2000\/svg\"><path d=\"M416 208H272V64c0-17.67-14.33-32-32-32h-32c-17.67 0-32 14.33-32 32v144H32c-17.67 0-32 14.33-32 32v32c0 17.67 14.33 32 32 32h144v144c0 17.67 14.33 32 32 32h32c17.67 0 32-14.33 32-32V304h144c17.67 0 32-14.33 32-32v-32c0-17.67-14.33-32-32-32z\"><\/path><\/svg><\/span>\n\t\t\t\t\t\t\t\t<span class=\"elementor-accordion-icon-opened\"><svg class=\"e-font-icon-svg e-fas-minus\" viewbox=\"0 0 448 512\" xmlns=\"http:\/\/www.w3.org\/2000\/svg\"><path d=\"M416 208H32c-17.67 0-32 14.33-32 32v32c0 17.67 14.33 32 32 32h384c17.67 0 32-14.33 32-32v-32c0-17.67-14.33-32-32-32z\"><\/path><\/svg><\/span>\n\t\t\t\t\t\t\t\t\t\t\t\t\t\t<\/span>\n\t\t\t\t\t\t\t\t\t\t\t\t<a class=\"elementor-accordion-title\" tabindex=\"0\">Will my eyes look natural after Asian eyelid surgery? <\/a>\n\t\t\t\t\t<\/div>\n\t\t\t\t\t<div id=\"elementor-tab-content-2361\" class=\"elementor-tab-content elementor-clearfix\" data-tab=\"1\" role=\"region\" aria-labelledby=\"elementor-tab-title-2361\"><p>Yes, Asian eyelid surgery performed with the right techniques will create a natural, symmetrical appearance. Our goal is to reshape your eyes to reflect the natural Asian eye structure, avoiding any &quot;Westernized&quot; appearance.<\/p><\/div>\n\t\t\t\t<\/div>\n\t\t\t\t\t\t\t<div class=\"elementor-accordion-item\">\n\t\t\t\t\t<div id=\"elementor-tab-title-2362\" class=\"elementor-tab-title\" data-tab=\"2\" role=\"button\" aria-controls=\"elementor-tab-content-2362\" aria-expanded=\"false\">\n\t\t\t\t\t\t\t\t\t\t\t\t\t<span class=\"elementor-accordion-icon elementor-accordion-icon-right\" aria-hidden=\"true\">\n\t\t\t\t\t\t\t\t\t\t\t\t\t\t\t<span class=\"elementor-accordion-icon-closed\"><svg class=\"e-font-icon-svg e-fas-plus\" viewbox=\"0 0 448 512\" xmlns=\"http:\/\/www.w3.org\/2000\/svg\"><path d=\"M416 208H272V64c0-17.67-14.33-32-32-32h-32c-17.67 0-32 14.33-32 32v144H32c-17.67 0-32 14.33-32 32v32c0 17.67 14.33 32 32 32h144v144c0 17.67 14.33 32 32 32h32c17.67 0 32-14.33 32-32V304h144c17.67 0 32-14.33 32-32v-32c0-17.67-14.33-32-32-32z\"><\/path><\/svg><\/span>\n\t\t\t\t\t\t\t\t<span class=\"elementor-accordion-icon-opened\"><svg class=\"e-font-icon-svg e-fas-minus\" viewbox=\"0 0 448 512\" xmlns=\"http:\/\/www.w3.org\/2000\/svg\"><path d=\"M416 208H32c-17.67 0-32 14.33-32 32v32c0 17.67 14.33 32 32 32h384c17.67 0 32-14.33 32-32v-32c0-17.67-14.33-32-32-32z\"><\/path><\/svg><\/span>\n\t\t\t\t\t\t\t\t\t\t\t\t\t\t<\/span>\n\t\t\t\t\t\t\t\t\t\t\t\t<a class=\"elementor-accordion-title\" tabindex=\"0\">How long after double eyelid surgery can I return to my social life? <\/a>\n\t\t\t\t\t<\/div>\n\t\t\t\t\t<div id=\"elementor-tab-content-2362\" class=\"elementor-tab-content elementor-clearfix\" data-tab=\"2\" role=\"region\" aria-labelledby=\"elementor-tab-title-2362\"><p class=\"\" data-start=\"351\" data-end=\"633\">Swelling and bruising after double eyelid surgery usually subside within 7-10 days. While you may want to return to social life during this time, it&#039;s important to avoid superficial activities. Once the swelling subsides, you can return to your social life more comfortably.<\/p><\/div>\n\t\t\t\t<\/div>\n\t\t\t\t\t\t\t<div class=\"elementor-accordion-item\">\n\t\t\t\t\t<div id=\"elementor-tab-title-2363\" class=\"elementor-tab-title\" data-tab=\"3\" role=\"button\" aria-controls=\"elementor-tab-content-2363\" aria-expanded=\"false\">\n\t\t\t\t\t\t\t\t\t\t\t\t\t<span class=\"elementor-accordion-icon elementor-accordion-icon-right\" aria-hidden=\"true\">\n\t\t\t\t\t\t\t\t\t\t\t\t\t\t\t<span class=\"elementor-accordion-icon-closed\"><svg class=\"e-font-icon-svg e-fas-plus\" viewbox=\"0 0 448 512\" xmlns=\"http:\/\/www.w3.org\/2000\/svg\"><path d=\"M416 208H272V64c0-17.67-14.33-32-32-32h-32c-17.67 0-32 14.33-32 32v144H32c-17.67 0-32 14.33-32 32v32c0 17.67 14.33 32 32 32h144v144c0 17.67 14.33 32 32 32h32c17.67 0 32-14.33 32-32V304h144c17.67 0 32-14.33 32-32v-32c0-17.67-14.33-32-32-32z\"><\/path><\/svg><\/span>\n\t\t\t\t\t\t\t\t<span class=\"elementor-accordion-icon-opened\"><svg class=\"e-font-icon-svg e-fas-minus\" viewbox=\"0 0 448 512\" xmlns=\"http:\/\/www.w3.org\/2000\/svg\"><path d=\"M416 208H32c-17.67 0-32 14.33-32 32v32c0 17.67 14.33 32 32 32h384c17.67 0 32-14.33 32-32v-32c0-17.67-14.33-32-32-32z\"><\/path><\/svg><\/span>\n\t\t\t\t\t\t\t\t\t\t\t\t\t\t<\/span>\n\t\t\t\t\t\t\t\t\t\t\t\t<a class=\"elementor-accordion-title\" tabindex=\"0\">Are there any scars left after Asian eyelid surgery?<\/a>\n\t\t\t\t\t<\/div>\n\t\t\t\t\t<div id=\"elementor-tab-content-2363\" class=\"elementor-tab-content elementor-clearfix\" data-tab=\"3\" role=\"region\" aria-labelledby=\"elementor-tab-title-2363\"><p class=\"\" data-start=\"1058\" data-end=\"1157\">In the incisional method, small scars may remain due to incisions made in the natural creases of the eyelid, but these usually fade over time and are carefully concealed. In the non-incisional method, no incisions are made, so there are no scars.<\/p><\/div>\n\t\t\t\t<\/div>\n\t\t\t\t\t\t\t<div class=\"elementor-accordion-item\">\n\t\t\t\t\t<div id=\"elementor-tab-title-2364\" class=\"elementor-tab-title\" data-tab=\"4\" role=\"button\" aria-controls=\"elementor-tab-content-2364\" aria-expanded=\"false\">\n\t\t\t\t\t\t\t\t\t\t\t\t\t<span class=\"elementor-accordion-icon elementor-accordion-icon-right\" aria-hidden=\"true\">\n\t\t\t\t\t\t\t\t\t\t\t\t\t\t\t<span class=\"elementor-accordion-icon-closed\"><svg class=\"e-font-icon-svg e-fas-plus\" viewbox=\"0 0 448 512\" xmlns=\"http:\/\/www.w3.org\/2000\/svg\"><path d=\"M416 208H272V64c0-17.67-14.33-32-32-32h-32c-17.67 0-32 14.33-32 32v144H32c-17.67 0-32 14.33-32 32v32c0 17.67 14.33 32 32 32h144v144c0 17.67 14.33 32 32 32h32c17.67 0 32-14.33 32-32V304h144c17.67 0 32-14.33 32-32v-32c0-17.67-14.33-32-32-32z\"><\/path><\/svg><\/span>\n\t\t\t\t\t\t\t\t<span class=\"elementor-accordion-icon-opened\"><svg class=\"e-font-icon-svg e-fas-minus\" viewbox=\"0 0 448 512\" xmlns=\"http:\/\/www.w3.org\/2000\/svg\"><path d=\"M416 208H32c-17.67 0-32 14.33-32 32v32c0 17.67 14.33 32 32 32h384c17.67 0 32-14.33 32-32v-32c0-17.67-14.33-32-32-32z\"><\/path><\/svg><\/span>\n\t\t\t\t\t\t\t\t\t\t\t\t\t\t<\/span>\n\t\t\t\t\t\t\t\t\t\t\t\t<a class=\"elementor-accordion-title\" tabindex=\"0\">What activities should be avoided after surgery?<\/a>\n\t\t\t\t\t<\/div>\n\t\t\t\t\t<div id=\"elementor-tab-content-2364\" class=\"elementor-tab-content elementor-clearfix\" data-tab=\"4\" role=\"region\" aria-labelledby=\"elementor-tab-title-2364\"><p class=\"\" data-start=\"911\" data-end=\"1263\">It&#039;s recommended to avoid strenuous exercise and swimming for two weeks after surgery. Additionally, excessive rubbing or straining your eyes can also disrupt the healing process.<\/p><\/div>\n\t\t\t\t<\/div>\n\t\t\t\t\t\t\t<div class=\"elementor-accordion-item\">\n\t\t\t\t\t<div id=\"elementor-tab-title-2365\" class=\"elementor-tab-title\" data-tab=\"5\" role=\"button\" aria-controls=\"elementor-tab-content-2365\" aria-expanded=\"false\">\n\t\t\t\t\t\t\t\t\t\t\t\t\t<span class=\"elementor-accordion-icon elementor-accordion-icon-right\" aria-hidden=\"true\">\n\t\t\t\t\t\t\t\t\t\t\t\t\t\t\t<span class=\"elementor-accordion-icon-closed\"><svg class=\"e-font-icon-svg e-fas-plus\" viewbox=\"0 0 448 512\" xmlns=\"http:\/\/www.w3.org\/2000\/svg\"><path d=\"M416 208H272V64c0-17.67-14.33-32-32-32h-32c-17.67 0-32 14.33-32 32v144H32c-17.67 0-32 14.33-32 32v32c0 17.67 14.33 32 32 32h144v144c0 17.67 14.33 32 32 32h32c17.67 0 32-14.33 32-32V304h144c17.67 0 32-14.33 32-32v-32c0-17.67-14.33-32-32-32z\"><\/path><\/svg><\/span>\n\t\t\t\t\t\t\t\t<span class=\"elementor-accordion-icon-opened\"><svg class=\"e-font-icon-svg e-fas-minus\" viewbox=\"0 0 448 512\" xmlns=\"http:\/\/www.w3.org\/2000\/svg\"><path d=\"M416 208H32c-17.67 0-32 14.33-32 32v32c0 17.67 14.33 32 32 32h384c17.67 0 32-14.33 32-32v-32c0-17.67-14.33-32-32-32z\"><\/path><\/svg><\/span>\n\t\t\t\t\t\t\t\t\t\t\t\t\t\t<\/span>\n\t\t\t\t\t\t\t\t\t\t\t\t<a class=\"elementor-accordion-title\" tabindex=\"0\">Will my eyes be larger after double eyelid surgery? <\/a>\n\t\t\t\t\t<\/div>\n\t\t\t\t\t<div id=\"elementor-tab-content-2365\" class=\"elementor-tab-content elementor-clearfix\" data-tab=\"5\" role=\"region\" aria-labelledby=\"elementor-tab-title-2365\"><p class=\"\" data-start=\"1565\" data-end=\"1836\">Yes, double eyelid surgery can make your eyes appear more prominent and larger. The more defined the eyelid crease, the more open and youthful the eyes appear.<\/p><\/div>\n\t\t\t\t<\/div>\n\t\t\t\t\t\t\t\t<\/div>\n\t\t\t\t\t\t<\/div>\n\t\t\t\t<\/div>\n\t\t\t\t\t<\/div>\n\t\t\t\t<\/div>\n\t\t\t\t\t<\/div>\n\t\t\t\t<\/div>\n\t\t\t\t<\/div>","protected":false},"excerpt":{"rendered":"<p>Asya Tipi G\u00f6z Kapa\u011f\u0131 Esteti\u011fi Nedir? Asya tipi g\u00f6z kapa\u011f\u0131 esteti\u011fi, di\u011fer ad\u0131yla \u00e7ift g\u00f6z kapa\u011f\u0131 esteti\u011fi, &#8220;tek g\u00f6z kapa\u011f\u0131&#8221; (g\u00f6z kapa\u011f\u0131 k\u0131vr\u0131m\u0131n\u0131n olmamas\u0131) olan veya asimetrik g\u00f6z kapa\u011f\u0131 k\u0131vr\u0131m\u0131 olan bireylerde belirgin \u00fcst g\u00f6z kapa\u011f\u0131 k\u0131vr\u0131m\u0131 olu\u015fturmak amac\u0131yla yap\u0131lan kozmetik bir cerrahi i\u015flemdir. Beyaz \u0131rk\u0131n g\u00f6z kapaklar\u0131 genellikle daha belirgin bir k\u0131vr\u0131ma sahipken, Asyal\u0131&#8230;<\/p>","protected":false},"author":1,"featured_media":0,"parent":4710,"menu_order":0,"comment_status":"closed","ping_status":"closed","template":"","meta":{"footnotes":""},"class_list":["post-6417","page","type-page","status-publish","hentry"],"_links":{"self":[{"href":"https:\/\/artofoculoplastics.com\/en\/wp-json\/wp\/v2\/pages\/6417","targetHints":{"allow":["GET"]}}],"collection":[{"href":"https:\/\/artofoculoplastics.com\/en\/wp-json\/wp\/v2\/pages"}],"about":[{"href":"https:\/\/artofoculoplastics.com\/en\/wp-json\/wp\/v2\/types\/page"}],"author":[{"embeddable":true,"href":"https:\/\/artofoculoplastics.com\/en\/wp-json\/wp\/v2\/users\/1"}],"replies":[{"embeddable":true,"href":"https:\/\/artofoculoplastics.com\/en\/wp-json\/wp\/v2\/comments?post=6417"}],"version-history":[{"count":13,"href":"https:\/\/artofoculoplastics.com\/en\/wp-json\/wp\/v2\/pages\/6417\/revisions"}],"predecessor-version":[{"id":8658,"href":"https:\/\/artofoculoplastics.com\/en\/wp-json\/wp\/v2\/pages\/6417\/revisions\/8658"}],"up":[{"embeddable":true,"href":"https:\/\/artofoculoplastics.com\/en\/wp-json\/wp\/v2\/pages\/4710"}],"wp:attachment":[{"href":"https:\/\/artofoculoplastics.com\/en\/wp-json\/wp\/v2\/media?parent=6417"}],"curies":[{"name":"wp","href":"https:\/\/api.w.org\/{rel}","templated":true}]}}