{"id":6405,"date":"2025-04-24T10:13:50","date_gmt":"2025-04-24T07:13:50","guid":{"rendered":"https:\/\/artofoculoplastics.com\/?page_id=6405"},"modified":"2025-04-25T16:59:01","modified_gmt":"2025-04-25T13:59:01","slug":"eyelid-lift","status":"publish","type":"page","link":"https:\/\/artofoculoplastics.com\/en\/eye-aesthetics\/eyelid-lift\/","title":{"rendered":"Upper Eyelid Aesthetics | Eyelid Lift"},"content":{"rendered":"<div data-elementor-type=\"wp-page\" data-elementor-id=\"6405\" class=\"elementor elementor-6405\">\n\t\t\t\t<div class=\"elementor-element elementor-element-3bf756c e-flex e-con-boxed e-con e-parent\" data-id=\"3bf756c\" data-element_type=\"container\">\n\t\t\t\t\t<div class=\"e-con-inner\">\n\t\t<div class=\"elementor-element elementor-element-6a55a26 e-flex e-con-boxed e-con e-child\" data-id=\"6a55a26\" data-element_type=\"container\">\n\t\t\t\t\t<div class=\"e-con-inner\">\n\t\t\r\n\t\t<div class=\"elementor-element elementor-element-c80d325 elementor-widget elementor-widget-image\" data-id=\"c80d325\" data-element_type=\"widget\" data-widget_type=\"image.default\">\n\t\t\t\t<div class=\"elementor-widget-container\">\n\t\t\t\t\t\t\t\t\t\t\t\t\t\t\t<img fetchpriority=\"high\" decoding=\"async\" width=\"1684\" height=\"898\" src=\"https:\/\/artofoculoplastics.com\/wp-content\/uploads\/2025\/04\/upper-blepharoplasty-3-e1745589041163.png\" class=\"attachment-full size-full wp-image-7019\" alt=\"Upper Eyelid Aesthetics | Eyelid Lift\" srcset=\"https:\/\/artofoculoplastics.com\/wp-content\/uploads\/2025\/04\/upper-blepharoplasty-3-e1745589041163.png 1684w, https:\/\/artofoculoplastics.com\/wp-content\/uploads\/2025\/04\/upper-blepharoplasty-3-e1745589041163-300x160.png 300w, https:\/\/artofoculoplastics.com\/wp-content\/uploads\/2025\/04\/upper-blepharoplasty-3-e1745589041163-1024x546.png 1024w, https:\/\/artofoculoplastics.com\/wp-content\/uploads\/2025\/04\/upper-blepharoplasty-3-e1745589041163-768x410.png 768w, https:\/\/artofoculoplastics.com\/wp-content\/uploads\/2025\/04\/upper-blepharoplasty-3-e1745589041163-600x320.png 600w, https:\/\/artofoculoplastics.com\/wp-content\/uploads\/2025\/04\/upper-blepharoplasty-3-e1745589041163-1536x819.png 1536w, https:\/\/artofoculoplastics.com\/wp-content\/uploads\/2025\/04\/upper-blepharoplasty-3-e1745589041163-18x10.png 18w\" sizes=\"(max-width: 1684px) 100vw, 1684px\" \/>\t\t\t\t\t\t\t\t\t\t\t\t\t\t\t<\/div>\n\t\t\t\t<\/div>\n\t\t\t\t<div class=\"elementor-element elementor-element-1fcda57 elementor-widget elementor-widget-text-editor\" data-id=\"1fcda57\" data-element_type=\"widget\" data-widget_type=\"text-editor.default\">\n\t\t\t\t<div class=\"elementor-widget-container\">\n\t\t\t\t\t\t\t\t\t<h2>What is Upper Eyelid Aesthetics?<\/h2><p data-block-id=\"811c4ce8-046f-4ed8-8a1a-494dda3f80d3\">Upper blepharoplasty, or eyelid surgery, is an effective surgical procedure that gives your eyes a more vibrant, vibrant, and youthful appearance. Our eyes are one of the most striking features on our faces and reflect our personality. However, over time, aging, gravity, and genetic factors can cause significant changes to occur around the eyes. These changes can give a person a tired, aged appearance.<\/p><h3 class=\"\" data-start=\"838\" data-end=\"879\">Signs of Aging Around the Eyes<\/h3><p class=\"\" data-start=\"881\" data-end=\"940\">With age, the following changes occur in the eyelids:<\/p><ul data-start=\"942\" data-end=\"1185\"><li class=\"\" data-start=\"942\" data-end=\"975\"><p class=\"\" data-start=\"944\" data-end=\"975\">Decreased skin elasticity<\/p><\/li><li class=\"\" data-start=\"976\" data-end=\"1009\"><p class=\"\" data-start=\"978\" data-end=\"1009\">Sagging and loosening of the skin<\/p><\/li><li class=\"\" data-start=\"1010\" data-end=\"1044\"><p class=\"\" data-start=\"1012\" data-end=\"1044\">Displacement of fatty tissue<\/p><\/li><li class=\"\" data-start=\"1045\" data-end=\"1088\"><p class=\"\" data-start=\"1047\" data-end=\"1088\">Eyelid bags or swelling<\/p><\/li><li class=\"\" data-start=\"1089\" data-end=\"1115\"><p class=\"\" data-start=\"1091\" data-end=\"1115\">Pigment changes<\/p><\/li><li class=\"\" data-start=\"1116\" data-end=\"1185\"><p class=\"\" data-start=\"1118\" data-end=\"1185\">Eyelid drooping over the eye due to excess skin accumulation<\/p><\/li><\/ul><p class=\"\" data-start=\"1187\" data-end=\"1296\">This situation can lead not only to aesthetic problems but also to functional problems such as a narrowing of the field of view.<\/p><ul><li style=\"list-style-type: none;\">\u00a0<\/li><\/ul><h2 class=\"\" data-start=\"1303\" data-end=\"1345\">How is Upper Eyelid Surgery Performed?<\/h2><p class=\"\" data-start=\"1347\" data-end=\"1668\">Upper eyelid surgery involves removing sagging, loose, or excess skin and, if necessary, removing excess fat. The goal is to achieve a more youthful, dynamic, and aesthetically pleasing eye appearance. The surgical incision is placed in the natural crease of the eyelid, minimizing the visibility of scars.<\/p><p class=\"\" data-start=\"1670\" data-end=\"1880\">This procedure is usually performed comfortably under local anesthesia with light sedation. Because patients can open and close their eyes during surgery, the surgeon can achieve more symmetrical and natural results.<\/p><ul><li style=\"list-style-type: none;\">\u00a0<\/li><\/ul><h2 class=\"\" data-start=\"2456\" data-end=\"2505\">Are You a Good Candidate for Upper Blepharoplasty?<\/h2><p class=\"\" data-start=\"2507\" data-end=\"2650\">Eyelid surgery can be performed for both aesthetic and functional reasons. You may be a good candidate if you:<\/p><ul data-start=\"2652\" data-end=\"2848\"><li class=\"\" data-start=\"2652\" data-end=\"2694\"><p class=\"\" data-start=\"2654\" data-end=\"2694\">If there is significant sagging of the eyelids<\/p><\/li><li class=\"\" data-start=\"2695\" data-end=\"2749\"><p class=\"\" data-start=\"2697\" data-end=\"2749\">If the upper eyelid skin falls over the eyelashes<\/p><\/li><li class=\"\" data-start=\"2750\" data-end=\"2782\"><p class=\"\" data-start=\"2752\" data-end=\"2782\">If your field of vision is restricted<\/p><\/li><li class=\"\" data-start=\"2783\" data-end=\"2848\"><p class=\"\" data-start=\"2785\" data-end=\"2848\">If you have eye fatigue, a feeling of heaviness or aesthetic concerns<\/p><\/li><\/ul><p class=\"\" data-start=\"2850\" data-end=\"2987\">However, some health conditions may make this procedure unsuitable for you. Those with the following health problems may be at higher risk:<\/p><ul data-start=\"2989\" data-end=\"3064\"><li class=\"\" data-start=\"2989\" data-end=\"3017\"><p class=\"\" data-start=\"2991\" data-end=\"3017\">Severe dry eye problem<\/p><\/li><li class=\"\" data-start=\"3018\" data-end=\"3041\"><p class=\"\" data-start=\"3020\" data-end=\"3041\">Thyroid diseases<\/p><\/li><li class=\"\" data-start=\"3042\" data-end=\"3064\"><p class=\"\" data-start=\"3044\" data-end=\"3064\">Uncontrolled diabetes<\/p><\/li><\/ul><p class=\"\" data-start=\"3576\" data-end=\"3674\">\u00a0<\/p>\t\t\t\t\t\t\t\t<\/div>\n\t\t\t\t<\/div>\n\t\t\t\t<div class=\"elementor-element elementor-element-12f7549 elementor-widget elementor-widget-image\" data-id=\"12f7549\" data-element_type=\"widget\" data-widget_type=\"image.default\">\n\t\t\t\t<div class=\"elementor-widget-container\">\n\t\t\t\t\t\t\t\t\t\t\t\t\t\t\t<img decoding=\"async\" width=\"1684\" height=\"870\" src=\"https:\/\/artofoculoplastics.com\/wp-content\/uploads\/2025\/04\/upper-blepharoplasty-4-e1745589294683.png\" class=\"attachment-full size-full wp-image-7020\" alt=\"\" srcset=\"https:\/\/artofoculoplastics.com\/wp-content\/uploads\/2025\/04\/upper-blepharoplasty-4-e1745589294683.png 1684w, https:\/\/artofoculoplastics.com\/wp-content\/uploads\/2025\/04\/upper-blepharoplasty-4-e1745589294683-300x155.png 300w, https:\/\/artofoculoplastics.com\/wp-content\/uploads\/2025\/04\/upper-blepharoplasty-4-e1745589294683-1024x529.png 1024w, https:\/\/artofoculoplastics.com\/wp-content\/uploads\/2025\/04\/upper-blepharoplasty-4-e1745589294683-768x397.png 768w, https:\/\/artofoculoplastics.com\/wp-content\/uploads\/2025\/04\/upper-blepharoplasty-4-e1745589294683-1536x794.png 1536w, https:\/\/artofoculoplastics.com\/wp-content\/uploads\/2025\/04\/upper-blepharoplasty-4-e1745589294683-18x9.png 18w, https:\/\/artofoculoplastics.com\/wp-content\/uploads\/2025\/04\/upper-blepharoplasty-4-e1745589294683-600x310.png 600w\" sizes=\"(max-width: 1684px) 100vw, 1684px\" \/>\t\t\t\t\t\t\t\t\t\t\t\t\t\t\t<\/div>\n\t\t\t\t<\/div>\n\t\t\t\t<div class=\"elementor-element elementor-element-3413673 elementor-widget elementor-widget-text-editor\" data-id=\"3413673\" data-element_type=\"widget\" data-widget_type=\"text-editor.default\">\n\t\t\t\t<div class=\"elementor-widget-container\">\n\t\t\t\t\t\t\t\t\t<p class=\"\" data-start=\"3044\" data-end=\"3064\">\u00a0<\/p><h2 class=\"\" data-start=\"1887\" data-end=\"1929\">More Effective Results with Combined Operations<\/h2><p class=\"\" data-start=\"1931\" data-end=\"2044\">Upper blepharoplasty can often be performed in conjunction with other procedures, particularly:<\/p><ul data-start=\"2046\" data-end=\"2280\"><li class=\"\" data-start=\"2046\" data-end=\"2093\"><p class=\"\" data-start=\"2048\" data-end=\"2093\"><strong data-start=\"2048\" data-end=\"2091\">Drooping eyelid (ptosis) surgery<\/strong><\/p><\/li><li class=\"\" data-start=\"2094\" data-end=\"2121\"><p class=\"\" data-start=\"2096\" data-end=\"2121\"><strong data-start=\"2096\" data-end=\"2119\">Eyebrow lift procedure<\/strong><\/p><\/li><li class=\"\" data-start=\"2122\" data-end=\"2173\"><p class=\"\" data-start=\"2124\" data-end=\"2173\"><strong data-start=\"2124\" data-end=\"2171\">Lower eyelid aesthetics (lower blepharoplasty)<\/strong><\/p><\/li><li class=\"\" data-start=\"2174\" data-end=\"2200\"><p class=\"\" data-start=\"2176\" data-end=\"2200\"><strong data-start=\"2176\" data-end=\"2198\">Eyelid filler<\/strong><\/p><\/li><li class=\"\" data-start=\"2201\" data-end=\"2259\"><p class=\"\" data-start=\"2203\" data-end=\"2259\"><strong data-start=\"2203\" data-end=\"2257\">Double eyelid aesthetics (Asian type blepharoplasty)<\/strong><\/p><\/li><li class=\"\" data-start=\"2260\" data-end=\"2280\"><p class=\"\" data-start=\"2262\" data-end=\"2280\"><strong data-start=\"2262\" data-end=\"2278\">Canthoplasty<\/strong><\/p><\/li><\/ul><p class=\"\" data-start=\"2282\" data-end=\"2449\">Drooping eyebrows cause excess skin to accumulate on the upper eyelid. Therefore, some patients may require not only a blepharoplasty but also a brow lift.<\/p><h2 class=\"\" data-start=\"1887\" data-end=\"1929\">Post-Operative Recovery Process<\/h2><p class=\"\" data-start=\"3108\" data-end=\"3409\">Recovery from upper eyelid surgery is generally quick and comfortable. You may experience mild bruising and swelling for the first 7\u201310 days. However, vision is not impaired during this time, and an eye bandage is not necessary. Stitches are usually removed after one week (or self-dissolving stitches can be used).<\/p><p class=\"\" data-start=\"3411\" data-end=\"3457\">Things to consider during the recovery process:<\/p><ul data-start=\"3459\" data-end=\"3574\"><li class=\"\" data-start=\"3459\" data-end=\"3484\"><p class=\"\" data-start=\"3461\" data-end=\"3484\">Keep your head up<\/p><\/li><li class=\"\" data-start=\"3485\" data-end=\"3510\"><p class=\"\" data-start=\"3487\" data-end=\"3510\">Apply ice compress<\/p><\/li><li class=\"\" data-start=\"3511\" data-end=\"3531\"><p class=\"\" data-start=\"3513\" data-end=\"3531\">Protect yourself from the sun<\/p><\/li><li class=\"\" data-start=\"3532\" data-end=\"3574\"><p class=\"\" data-start=\"3534\" data-end=\"3574\">Follow your doctor&#039;s recommendations exactly.<\/p><\/li><\/ul><p class=\"\" data-start=\"3576\" data-end=\"3674\">The scars become almost invisible over time because they are hidden in the natural line of the eyelid.<\/p>\t\t\t\t\t\t\t\t<\/div>\n\t\t\t\t<\/div>\n\t\t\t\t<div class=\"elementor-element elementor-element-b0ca975 elementor-widget elementor-widget-heading\" data-id=\"b0ca975\" data-element_type=\"widget\" data-widget_type=\"heading.default\">\n\t\t\t\t<div class=\"elementor-widget-container\">\n\t\t\t\t\t<h3 class=\"elementor-heading-title elementor-size-default\">Frequently Asked Questions<\/h3>\t\t\t\t<\/div>\n\t\t\t\t<\/div>\n\t\t\t\t<div class=\"elementor-element elementor-element-66fd01a elementor-widget elementor-widget-accordion\" data-id=\"66fd01a\" data-element_type=\"widget\" data-widget_type=\"accordion.default\">\n\t\t\t\t<div class=\"elementor-widget-container\">\n\t\t\t\t\t\t\t<div class=\"elementor-accordion\">\n\t\t\t\t\t\t\t<div class=\"elementor-accordion-item\">\n\t\t\t\t\t<div id=\"elementor-tab-title-1071\" class=\"elementor-tab-title\" data-tab=\"1\" role=\"button\" aria-controls=\"elementor-tab-content-1071\" aria-expanded=\"false\">\n\t\t\t\t\t\t\t\t\t\t\t\t\t<span class=\"elementor-accordion-icon elementor-accordion-icon-right\" aria-hidden=\"true\">\n\t\t\t\t\t\t\t\t\t\t\t\t\t\t\t<span class=\"elementor-accordion-icon-closed\"><svg class=\"e-font-icon-svg e-fas-plus\" viewbox=\"0 0 448 512\" xmlns=\"http:\/\/www.w3.org\/2000\/svg\"><path d=\"M416 208H272V64c0-17.67-14.33-32-32-32h-32c-17.67 0-32 14.33-32 32v144H32c-17.67 0-32 14.33-32 32v32c0 17.67 14.33 32 32 32h144v144c0 17.67 14.33 32 32 32h32c17.67 0 32-14.33 32-32V304h144c17.67 0 32-14.33 32-32v-32c0-17.67-14.33-32-32-32z\"><\/path><\/svg><\/span>\n\t\t\t\t\t\t\t\t<span class=\"elementor-accordion-icon-opened\"><svg class=\"e-font-icon-svg e-fas-minus\" viewbox=\"0 0 448 512\" xmlns=\"http:\/\/www.w3.org\/2000\/svg\"><path d=\"M416 208H32c-17.67 0-32 14.33-32 32v32c0 17.67 14.33 32 32 32h384c17.67 0 32-14.33 32-32v-32c0-17.67-14.33-32-32-32z\"><\/path><\/svg><\/span>\n\t\t\t\t\t\t\t\t\t\t\t\t\t\t<\/span>\n\t\t\t\t\t\t\t\t\t\t\t\t<a class=\"elementor-accordion-title\" tabindex=\"0\">In what cases is upper eyelid surgery necessary?<\/a>\n\t\t\t\t\t<\/div>\n\t\t\t\t\t<div id=\"elementor-tab-content-1071\" class=\"elementor-tab-content elementor-clearfix\" data-tab=\"1\" role=\"region\" aria-labelledby=\"elementor-tab-title-1071\"><p>This surgery may be recommended if the eyelid skin droops over the eyelashes, if the field of vision is narrowed, or if you have aesthetic concerns around the eyes.<\/p><\/div>\n\t\t\t\t<\/div>\n\t\t\t\t\t\t\t<div class=\"elementor-accordion-item\">\n\t\t\t\t\t<div id=\"elementor-tab-title-1072\" class=\"elementor-tab-title\" data-tab=\"2\" role=\"button\" aria-controls=\"elementor-tab-content-1072\" aria-expanded=\"false\">\n\t\t\t\t\t\t\t\t\t\t\t\t\t<span class=\"elementor-accordion-icon elementor-accordion-icon-right\" aria-hidden=\"true\">\n\t\t\t\t\t\t\t\t\t\t\t\t\t\t\t<span class=\"elementor-accordion-icon-closed\"><svg class=\"e-font-icon-svg e-fas-plus\" viewbox=\"0 0 448 512\" xmlns=\"http:\/\/www.w3.org\/2000\/svg\"><path d=\"M416 208H272V64c0-17.67-14.33-32-32-32h-32c-17.67 0-32 14.33-32 32v144H32c-17.67 0-32 14.33-32 32v32c0 17.67 14.33 32 32 32h144v144c0 17.67 14.33 32 32 32h32c17.67 0 32-14.33 32-32V304h144c17.67 0 32-14.33 32-32v-32c0-17.67-14.33-32-32-32z\"><\/path><\/svg><\/span>\n\t\t\t\t\t\t\t\t<span class=\"elementor-accordion-icon-opened\"><svg class=\"e-font-icon-svg e-fas-minus\" viewbox=\"0 0 448 512\" xmlns=\"http:\/\/www.w3.org\/2000\/svg\"><path d=\"M416 208H32c-17.67 0-32 14.33-32 32v32c0 17.67 14.33 32 32 32h384c17.67 0 32-14.33 32-32v-32c0-17.67-14.33-32-32-32z\"><\/path><\/svg><\/span>\n\t\t\t\t\t\t\t\t\t\t\t\t\t\t<\/span>\n\t\t\t\t\t\t\t\t\t\t\t\t<a class=\"elementor-accordion-title\" tabindex=\"0\">Does eyelid surgery affect vision?<\/a>\n\t\t\t\t\t<\/div>\n\t\t\t\t\t<div id=\"elementor-tab-content-1072\" class=\"elementor-tab-content elementor-clearfix\" data-tab=\"2\" role=\"region\" aria-labelledby=\"elementor-tab-title-1072\"><p>Yes, excess skin can restrict vision in some patients. This procedure can provide both better vision and aesthetic improvement.<\/p><\/div>\n\t\t\t\t<\/div>\n\t\t\t\t\t\t\t<div class=\"elementor-accordion-item\">\n\t\t\t\t\t<div id=\"elementor-tab-title-1073\" class=\"elementor-tab-title\" data-tab=\"3\" role=\"button\" aria-controls=\"elementor-tab-content-1073\" aria-expanded=\"false\">\n\t\t\t\t\t\t\t\t\t\t\t\t\t<span class=\"elementor-accordion-icon elementor-accordion-icon-right\" aria-hidden=\"true\">\n\t\t\t\t\t\t\t\t\t\t\t\t\t\t\t<span class=\"elementor-accordion-icon-closed\"><svg class=\"e-font-icon-svg e-fas-plus\" viewbox=\"0 0 448 512\" xmlns=\"http:\/\/www.w3.org\/2000\/svg\"><path d=\"M416 208H272V64c0-17.67-14.33-32-32-32h-32c-17.67 0-32 14.33-32 32v144H32c-17.67 0-32 14.33-32 32v32c0 17.67 14.33 32 32 32h144v144c0 17.67 14.33 32 32 32h32c17.67 0 32-14.33 32-32V304h144c17.67 0 32-14.33 32-32v-32c0-17.67-14.33-32-32-32z\"><\/path><\/svg><\/span>\n\t\t\t\t\t\t\t\t<span class=\"elementor-accordion-icon-opened\"><svg class=\"e-font-icon-svg e-fas-minus\" viewbox=\"0 0 448 512\" xmlns=\"http:\/\/www.w3.org\/2000\/svg\"><path d=\"M416 208H32c-17.67 0-32 14.33-32 32v32c0 17.67 14.33 32 32 32h384c17.67 0 32-14.33 32-32v-32c0-17.67-14.33-32-32-32z\"><\/path><\/svg><\/span>\n\t\t\t\t\t\t\t\t\t\t\t\t\t\t<\/span>\n\t\t\t\t\t\t\t\t\t\t\t\t<a class=\"elementor-accordion-title\" tabindex=\"0\">Is upper blepharoplasty a permanent solution?<\/a>\n\t\t\t\t\t<\/div>\n\t\t\t\t\t<div id=\"elementor-tab-content-1073\" class=\"elementor-tab-content elementor-clearfix\" data-tab=\"3\" role=\"region\" aria-labelledby=\"elementor-tab-title-1073\"><p class=\"\" data-start=\"1058\" data-end=\"1157\">The results are long-lasting, but the aging process continues. They can last an average of 8\u201310 years.<\/p><h3 class=\"\" data-start=\"1159\" data-end=\"1189\">\u00a0<\/h3><\/div>\n\t\t\t\t<\/div>\n\t\t\t\t\t\t\t<div class=\"elementor-accordion-item\">\n\t\t\t\t\t<div id=\"elementor-tab-title-1074\" class=\"elementor-tab-title\" data-tab=\"4\" role=\"button\" aria-controls=\"elementor-tab-content-1074\" aria-expanded=\"false\">\n\t\t\t\t\t\t\t\t\t\t\t\t\t<span class=\"elementor-accordion-icon elementor-accordion-icon-right\" aria-hidden=\"true\">\n\t\t\t\t\t\t\t\t\t\t\t\t\t\t\t<span class=\"elementor-accordion-icon-closed\"><svg class=\"e-font-icon-svg e-fas-plus\" viewbox=\"0 0 448 512\" xmlns=\"http:\/\/www.w3.org\/2000\/svg\"><path d=\"M416 208H272V64c0-17.67-14.33-32-32-32h-32c-17.67 0-32 14.33-32 32v144H32c-17.67 0-32 14.33-32 32v32c0 17.67 14.33 32 32 32h144v144c0 17.67 14.33 32 32 32h32c17.67 0 32-14.33 32-32V304h144c17.67 0 32-14.33 32-32v-32c0-17.67-14.33-32-32-32z\"><\/path><\/svg><\/span>\n\t\t\t\t\t\t\t\t<span class=\"elementor-accordion-icon-opened\"><svg class=\"e-font-icon-svg e-fas-minus\" viewbox=\"0 0 448 512\" xmlns=\"http:\/\/www.w3.org\/2000\/svg\"><path d=\"M416 208H32c-17.67 0-32 14.33-32 32v32c0 17.67 14.33 32 32 32h384c17.67 0 32-14.33 32-32v-32c0-17.67-14.33-32-32-32z\"><\/path><\/svg><\/span>\n\t\t\t\t\t\t\t\t\t\t\t\t\t\t<\/span>\n\t\t\t\t\t\t\t\t\t\t\t\t<a class=\"elementor-accordion-title\" tabindex=\"0\">Will there be any scars from the surgery?<\/a>\n\t\t\t\t\t<\/div>\n\t\t\t\t\t<div id=\"elementor-tab-content-1074\" class=\"elementor-tab-content elementor-clearfix\" data-tab=\"4\" role=\"region\" aria-labelledby=\"elementor-tab-title-1074\"><p class=\"\" data-start=\"1190\" data-end=\"1291\">Because the surgical incision is made in the natural crease of the eyelid, the scars become unnoticeable over time.<\/p><h3 class=\"\" data-start=\"1293\" data-end=\"1339\">\u00a0<\/h3><\/div>\n\t\t\t\t<\/div>\n\t\t\t\t\t\t\t\t<\/div>\n\t\t\t\t\t\t<\/div>\n\t\t\t\t<\/div>\n\t\t\t\t\t<\/div>\n\t\t\t\t<\/div>\n\t\t\t\t\t<\/div>\n\t\t\t\t<\/div>\n\t\t\t\t<\/div>","protected":false},"excerpt":{"rendered":"<p>\u00dcst G\u00f6z Kapa\u011f\u0131 Esteti\u011fi Nedir? \u00dcst blefaroplasti, yani g\u00f6z kapa\u011f\u0131 esteti\u011fi operasyonu, g\u00f6zlerinize daha canl\u0131, din\u00e7 ve gen\u00e7 bir g\u00f6r\u00fcn\u00fcm kazand\u0131rmak i\u00e7in uygulanan etkili bir cerrahi y\u00f6ntemdir. G\u00f6zlerimiz, y\u00fcz\u00fcm\u00fczde en dikkat \u00e7eken ve karakterimizi yans\u0131tan en \u00f6nemli unsurlardan biridir. Ancak zamanla ya\u015flanma, yer\u00e7ekimi ve genetik etkenler nedeniyle g\u00f6z \u00e7evresinde belirgin de\u011fi\u015fiklikler meydana gelir. Bu de\u011fi\u015fiklikler,&#8230;<\/p>","protected":false},"author":1,"featured_media":0,"parent":4710,"menu_order":0,"comment_status":"closed","ping_status":"closed","template":"","meta":{"footnotes":""},"class_list":["post-6405","page","type-page","status-publish","hentry"],"_links":{"self":[{"href":"https:\/\/artofoculoplastics.com\/en\/wp-json\/wp\/v2\/pages\/6405","targetHints":{"allow":["GET"]}}],"collection":[{"href":"https:\/\/artofoculoplastics.com\/en\/wp-json\/wp\/v2\/pages"}],"about":[{"href":"https:\/\/artofoculoplastics.com\/en\/wp-json\/wp\/v2\/types\/page"}],"author":[{"embeddable":true,"href":"https:\/\/artofoculoplastics.com\/en\/wp-json\/wp\/v2\/users\/1"}],"replies":[{"embeddable":true,"href":"https:\/\/artofoculoplastics.com\/en\/wp-json\/wp\/v2\/comments?post=6405"}],"version-history":[{"count":29,"href":"https:\/\/artofoculoplastics.com\/en\/wp-json\/wp\/v2\/pages\/6405\/revisions"}],"predecessor-version":[{"id":7036,"href":"https:\/\/artofoculoplastics.com\/en\/wp-json\/wp\/v2\/pages\/6405\/revisions\/7036"}],"up":[{"embeddable":true,"href":"https:\/\/artofoculoplastics.com\/en\/wp-json\/wp\/v2\/pages\/4710"}],"wp:attachment":[{"href":"https:\/\/artofoculoplastics.com\/en\/wp-json\/wp\/v2\/media?parent=6405"}],"curies":[{"name":"wp","href":"https:\/\/api.w.org\/{rel}","templated":true}]}}