{"id":4710,"date":"2024-08-31T15:12:06","date_gmt":"2024-08-31T12:12:06","guid":{"rendered":"https:\/\/artofoculoplastics.com\/?page_id=4710"},"modified":"2025-05-07T16:08:03","modified_gmt":"2025-05-07T13:08:03","slug":"eye-aesthetics","status":"publish","type":"page","link":"https:\/\/artofoculoplastics.com\/en\/eye-aesthetics\/","title":{"rendered":"Eyelid Aesthetics"},"content":{"rendered":"<div data-elementor-type=\"wp-page\" data-elementor-id=\"4710\" class=\"elementor elementor-4710\">\n\t\t\t\t<div class=\"elementor-element elementor-element-db549a1 e-flex e-con-boxed e-con e-parent\" data-id=\"db549a1\" data-element_type=\"container\">\n\t\t\t\t\t<div class=\"e-con-inner\">\n\t\t\r\n\t\t<div class=\"elementor-element elementor-element-e2b1ccd elementor-widget elementor-widget-image\" data-id=\"e2b1ccd\" data-element_type=\"widget\" data-widget_type=\"image.default\">\n\t\t\t\t<div class=\"elementor-widget-container\">\n\t\t\t\t\t\t\t\t\t\t\t\t\t\t\t<img fetchpriority=\"high\" decoding=\"async\" width=\"1134\" height=\"420\" src=\"https:\/\/artofoculoplastics.com\/wp-content\/uploads\/2025\/05\/Goz-Estetigi-e1746623257544.png\" class=\"attachment-full size-full wp-image-7802\" alt=\"What are Eye Aesthetic Treatments?\" srcset=\"https:\/\/artofoculoplastics.com\/wp-content\/uploads\/2025\/05\/Goz-Estetigi-e1746623257544.png 1134w, https:\/\/artofoculoplastics.com\/wp-content\/uploads\/2025\/05\/Goz-Estetigi-e1746623257544-300x111.png 300w, https:\/\/artofoculoplastics.com\/wp-content\/uploads\/2025\/05\/Goz-Estetigi-e1746623257544-1024x379.png 1024w, https:\/\/artofoculoplastics.com\/wp-content\/uploads\/2025\/05\/Goz-Estetigi-e1746623257544-768x284.png 768w, https:\/\/artofoculoplastics.com\/wp-content\/uploads\/2025\/05\/Goz-Estetigi-e1746623257544-18x7.png 18w, https:\/\/artofoculoplastics.com\/wp-content\/uploads\/2025\/05\/Goz-Estetigi-e1746623257544-600x222.png 600w\" sizes=\"(max-width: 1134px) 100vw, 1134px\" \/>\t\t\t\t\t\t\t\t\t\t\t\t\t\t\t<\/div>\n\t\t\t\t<\/div>\n\t\t\t\t<div class=\"elementor-element elementor-element-480d88a elementor-widget elementor-widget-mediaxmenuselect\" data-id=\"480d88a\" data-element_type=\"widget\" data-widget_type=\"mediaxmenuselect.default\">\n\t\t\t\t<div class=\"elementor-widget-container\">\n\t\t\t\t\t<ul id=\"menu-goz-estetigi-2\" class=\"menu\"><li id=\"menu-item-7788\" class=\"menu-item menu-item-type-post_type menu-item-object-page menu-item-7788\"><a href=\"https:\/\/artofoculoplastics.com\/en\/eye-aesthetics\/eyelid-lift\/\">Upper Eyelid Aesthetics | Eyelid Lift<\/a><\/li>\n<li id=\"menu-item-7789\" class=\"menu-item menu-item-type-post_type menu-item-object-page menu-item-7789\"><a href=\"https:\/\/artofoculoplastics.com\/en\/eye-aesthetics\/revision-eyelid-ptosis-surgery\/\">Revision Eyelid Drooping Surgery<\/a><\/li>\n<li id=\"menu-item-7790\" class=\"menu-item menu-item-type-post_type menu-item-object-page menu-item-7790\"><a href=\"https:\/\/artofoculoplastics.com\/en\/eye-aesthetics\/revision-eyelid-surgery\/\">Revision Eyelid Surgery<\/a><\/li>\n<li id=\"menu-item-7791\" class=\"menu-item menu-item-type-post_type menu-item-object-page menu-item-7791\"><a href=\"https:\/\/artofoculoplastics.com\/en\/eye-aesthetics\/almond-eye-aesthetics\/\">Almond Eye Aesthetics<\/a><\/li>\n<li id=\"menu-item-7792\" class=\"menu-item menu-item-type-post_type menu-item-object-page menu-item-7792\"><a href=\"https:\/\/artofoculoplastics.com\/en\/eye-aesthetics\/personalized-under-eye-infraorbital-implant\/\">Personalized Infraorbital Implant<\/a><\/li>\n<li id=\"menu-item-7793\" class=\"menu-item menu-item-type-post_type menu-item-object-page menu-item-7793\"><a href=\"https:\/\/artofoculoplastics.com\/en\/eyelid-aesthetics\/\">Eyelid Aesthetics<\/a><\/li>\n<li id=\"menu-item-7794\" class=\"menu-item menu-item-type-post_type menu-item-object-page menu-item-7794\"><a href=\"https:\/\/artofoculoplastics.com\/en\/eye-aesthetics\/eye-shape-change\/\">Eye Shape Change<\/a><\/li>\n<li id=\"menu-item-7795\" class=\"menu-item menu-item-type-post_type menu-item-object-page menu-item-7795\"><a href=\"https:\/\/artofoculoplastics.com\/en\/eye-aesthetics\/muscle-lifting\/\">Eyebrow Lift<\/a><\/li>\n<li id=\"menu-item-7796\" class=\"menu-item menu-item-type-post_type menu-item-object-page menu-item-7796\"><a href=\"https:\/\/artofoculoplastics.com\/en\/eye-aesthetics\/canthoplasty-eye-corner-shaping-surgery\/\">Canthoplasty | Eye Corner Shaping Surgery<\/a><\/li>\n<li id=\"menu-item-7797\" class=\"menu-item menu-item-type-post_type menu-item-object-page menu-item-7797\"><a href=\"https:\/\/artofoculoplastics.com\/en\/eye-aesthetics\/epicanthoplasty-inner-eye-corner-aesthetics\/\">Epicanthoplasty| Inner Eye Corner Aesthetics<\/a><\/li>\n<li id=\"menu-item-7798\" class=\"menu-item menu-item-type-post_type menu-item-object-page menu-item-7798\"><a href=\"https:\/\/artofoculoplastics.com\/en\/eye-aesthetics\/under-eye-hollow-surgery-and-hollow-eye-treatment\/\">Under-Eye Hollow Surgery and Sunken Eye Treatment<\/a><\/li>\n<li id=\"menu-item-7799\" class=\"menu-item menu-item-type-post_type menu-item-object-page menu-item-7799\"><a href=\"https:\/\/artofoculoplastics.com\/en\/eye-aesthetics\/eyelid-and-facial-fat-injection\/\">Eyelid and Face Fat Injection<\/a><\/li>\n<li id=\"menu-item-7800\" class=\"menu-item menu-item-type-post_type menu-item-object-page menu-item-7800\"><a href=\"https:\/\/artofoculoplastics.com\/en\/eye-aesthetics\/eyelid-ptosis-surgery\/\">Drooping Eyelid Surgery | Ptosis<\/a><\/li>\n<li id=\"menu-item-7801\" class=\"menu-item menu-item-type-post_type menu-item-object-page menu-item-7801\"><a href=\"https:\/\/artofoculoplastics.com\/en\/eye-aesthetics\/asian-type-eyelid-aesthetics-double-eyelid-surgery\/\">Asian Type Eyelid Aesthetics | Double Eyelid Surgery<\/a><\/li>\n<\/ul>\t\t\t\t<\/div>\n\t\t\t\t<\/div>\n\t\t\t\t\t<\/div>\n\t\t\t\t<\/div>\n\t\t\t\t<\/div>","protected":false},"excerpt":{"rendered":"<p>\u00dcst G\u00f6z Kapa\u011f\u0131 Esteti\u011fi | G\u00f6z Kapa\u011f\u0131 Kald\u0131rma Revizyon G\u00f6z Kapa\u011f\u0131 D\u00fc\u015f\u00fckl\u00fc\u011f\u00fc Ameliyat\u0131 Revizyon G\u00f6z Kapa\u011f\u0131 Ameliyat\u0131 Badem G\u00f6z Esteti\u011fi Ki\u015fiye \u00d6zel G\u00f6z Alt\u0131 (Infraorbital) \u0130mplant G\u00f6z Kapa\u011f\u0131 Esteti\u011fi G\u00f6z \u015eekli De\u011fi\u015ftirme Ka\u015f Kald\u0131rma Kantoplasti | G\u00f6z K\u00f6\u015fesi \u015eekillendirme Ameliyat\u0131 Epikantoplasti| \u0130\u00e7 G\u00f6z K\u00f6\u015fesi Esteti\u011fi G\u00f6z Alt\u0131 \u00c7ukuru Ameliyat\u0131 ve \u00c7\u00f6k\u00fck G\u00f6z Tedavisi G\u00f6z Kapa\u011f\u0131&#8230;<\/p>","protected":false},"author":1,"featured_media":0,"parent":0,"menu_order":0,"comment_status":"closed","ping_status":"closed","template":"","meta":{"footnotes":""},"class_list":["post-4710","page","type-page","status-publish","hentry"],"_links":{"self":[{"href":"https:\/\/artofoculoplastics.com\/en\/wp-json\/wp\/v2\/pages\/4710","targetHints":{"allow":["GET"]}}],"collection":[{"href":"https:\/\/artofoculoplastics.com\/en\/wp-json\/wp\/v2\/pages"}],"about":[{"href":"https:\/\/artofoculoplastics.com\/en\/wp-json\/wp\/v2\/types\/page"}],"author":[{"embeddable":true,"href":"https:\/\/artofoculoplastics.com\/en\/wp-json\/wp\/v2\/users\/1"}],"replies":[{"embeddable":true,"href":"https:\/\/artofoculoplastics.com\/en\/wp-json\/wp\/v2\/comments?post=4710"}],"version-history":[{"count":7,"href":"https:\/\/artofoculoplastics.com\/en\/wp-json\/wp\/v2\/pages\/4710\/revisions"}],"predecessor-version":[{"id":7805,"href":"https:\/\/artofoculoplastics.com\/en\/wp-json\/wp\/v2\/pages\/4710\/revisions\/7805"}],"wp:attachment":[{"href":"https:\/\/artofoculoplastics.com\/en\/wp-json\/wp\/v2\/media?parent=4710"}],"curies":[{"name":"wp","href":"https:\/\/api.w.org\/{rel}","templated":true}]}}