{"id":3871,"date":"2024-06-24T10:09:00","date_gmt":"2024-06-24T07:09:00","guid":{"rendered":"https:\/\/artofoculoplastics.com\/?page_id=3871"},"modified":"2025-09-23T11:01:49","modified_gmt":"2025-09-23T08:01:49","slug":"oculoplastic-surgery","status":"publish","type":"page","link":"https:\/\/artofoculoplastics.com\/en\/oculoplastic-surgery\/","title":{"rendered":"Oculoplastic Surgery"},"content":{"rendered":"<div data-elementor-type=\"wp-page\" data-elementor-id=\"3871\" class=\"elementor elementor-3871\">\n\t\t\t\t<div class=\"elementor-element elementor-element-4d93441 e-con-full e-flex e-con e-parent\" data-id=\"4d93441\" data-element_type=\"container\">\n\t\t<div class=\"elementor-element elementor-element-8187ff4 e-con-full e-flex e-con e-child\" data-id=\"8187ff4\" data-element_type=\"container\">\n\t\t\r\n\t\t<div class=\"elementor-element elementor-element-24fee5c elementor-widget elementor-widget-image\" data-id=\"24fee5c\" data-element_type=\"widget\" data-widget_type=\"image.default\">\n\t\t\t\t<div class=\"elementor-widget-container\">\n\t\t\t\t\t\t\t\t\t\t\t\t\t\t\t<img fetchpriority=\"high\" decoding=\"async\" width=\"782\" height=\"400\" src=\"https:\/\/artofoculoplastics.com\/wp-content\/uploads\/2024\/07\/Okuloplastik-Cerrahi.jpg\" class=\"attachment-full size-full wp-image-4468\" alt=\"Oculoplastic Surgery\" srcset=\"https:\/\/artofoculoplastics.com\/wp-content\/uploads\/2024\/07\/Okuloplastik-Cerrahi.jpg 782w, https:\/\/artofoculoplastics.com\/wp-content\/uploads\/2024\/07\/Okuloplastik-Cerrahi-300x153.jpg 300w, https:\/\/artofoculoplastics.com\/wp-content\/uploads\/2024\/07\/Okuloplastik-Cerrahi-768x393.jpg 768w, https:\/\/artofoculoplastics.com\/wp-content\/uploads\/2024\/07\/Okuloplastik-Cerrahi-600x307.jpg 600w\" sizes=\"(max-width: 782px) 100vw, 782px\" \/>\t\t\t\t\t\t\t\t\t\t\t\t\t\t\t<\/div>\n\t\t\t\t<\/div>\n\t\t\t\t<div class=\"elementor-element elementor-element-8bcd0a5 elementor-widget elementor-widget-text-editor\" data-id=\"8bcd0a5\" data-element_type=\"widget\" data-widget_type=\"text-editor.default\">\n\t\t\t\t<div class=\"elementor-widget-container\">\n\t\t\t\t\t\t\t\t\t<p>Oculoplastic surgery is a branch of medicine that deals with the treatment of aesthetic and functional problems in and around the eye. Procedures in this field cover a wide range from eyelid surgery to the correction of tear duct obstructions. As a doctor specializing in oculoplastic surgery, Assoc. Prof. Dr. K\u00fcbra \u015eerefo\u011flu offers her patients modern techniques and personalized approaches.<\/p><h2>In Which Situations Is Oculoplastic Surgery Applied?<\/h2><h3>Eyelid Problems<\/h3><ul><li><strong>Blepharoplasty:<\/strong> Removal of excess skin and fat accumulations in the upper and lower eyelids. This procedure can be performed for both aesthetic and visual field expansion purposes.<\/li><li><strong>Ptosis:<\/strong> This condition, known as eyelid drooping, can be congenital or age-related. Surgical intervention strengthens and lifts the eyelid muscles.<\/li><\/ul><h3>Tear Duct Problems<\/h3><ul><li><strong>Dacryocystorhinostomy (DCR):<\/strong> It is a surgical procedure performed to remove blockages in the tear duct. This operation reduces watering problems and the risk of infection in the eye.<\/li><\/ul><h3>Orbital Surgery<\/h3><p><img decoding=\"async\" class=\"size-full wp-image-4472 alignright\" src=\"https:\/\/artofoculoplastics.com\/wp-content\/uploads\/2024\/07\/Okuloplastik-Cerrahi-nedir.jpg\" alt=\"What is Oculoplastic Surgery?\" width=\"400\" height=\"400\" srcset=\"https:\/\/artofoculoplastics.com\/wp-content\/uploads\/2024\/07\/Okuloplastik-Cerrahi-nedir.jpg 400w, https:\/\/artofoculoplastics.com\/wp-content\/uploads\/2024\/07\/Okuloplastik-Cerrahi-nedir-300x300.jpg 300w, https:\/\/artofoculoplastics.com\/wp-content\/uploads\/2024\/07\/Okuloplastik-Cerrahi-nedir-150x150.jpg 150w, https:\/\/artofoculoplastics.com\/wp-content\/uploads\/2024\/07\/Okuloplastik-Cerrahi-nedir-85x85.jpg 85w, https:\/\/artofoculoplastics.com\/wp-content\/uploads\/2024\/07\/Okuloplastik-Cerrahi-nedir-100x100.jpg 100w\" sizes=\"(max-width: 400px) 100vw, 400px\" \/><\/p><ul><li>Procedures such as removal of tumors in the orbit, correction of fractures, and eye prosthesis applications fall into this category. Such surgeries provide functional and aesthetic results.<\/li><\/ul><h3>Eye Contour Aesthetic Applications:<\/h3><ul><li>Botox and filler injections are used to eliminate wrinkles and fine lines around the eyes. These minimally invasive methods offer non-surgical aesthetic solutions.<\/li><\/ul><h4>Benefits of Oculoplastic Surgery<\/h4><ul><li><strong>Aesthetic Improvement:<\/strong> Eyelid and eye contour aesthetics provide a youthful and dynamic appearance.<\/li><li><strong>Expanding the Field of Vision:<\/strong> The field of vision is expanded by removing drooping eyelids and excess skin.<\/li><li><strong>Functional Improvement:<\/strong> By correcting conditions such as tear duct obstructions and orbital problems, eye health and function are improved.<\/li><\/ul><h2>Oculoplastic Surgery Treatment Process<\/h2><p>Oculoplastic surgery is planned according to the needs of the patient and personalized treatment methods are applied. Assoc. Prof. Dr. K\u00fcbra \u015eerefo\u011flu evaluates each patient&#039;s condition in detail and creates the most appropriate treatment plan. The patient is informed and all necessary support is provided during the pre- and post-operative process.<\/p><p>Oculoplastic surgery encompasses a range of procedures performed for both aesthetic and functional purposes. If you are looking for a reliable and expert doctor to solve eye and eye area problems, Assoc. Prof. Dr. K\u00fcbra \u015eerefo\u011flu offers you the best health service. Protect your eye health and aesthetics with modern medical techniques and personalized approaches.<\/p>\t\t\t\t\t\t\t\t<\/div>\n\t\t\t\t<\/div>\n\t\t\t\t<div class=\"elementor-element elementor-element-c71140b elementor-widget elementor-widget-image\" data-id=\"c71140b\" data-element_type=\"widget\" data-widget_type=\"image.default\">\n\t\t\t\t<div class=\"elementor-widget-container\">\n\t\t\t\t\t\t\t\t\t\t\t\t\t\t\t<img decoding=\"async\" width=\"720\" height=\"350\" src=\"https:\/\/artofoculoplastics.com\/wp-content\/uploads\/2024\/07\/Okuloplastik-Cerrahi-sik-sorulan-sorular.jpg\" class=\"attachment-full size-full wp-image-4476\" alt=\"\" srcset=\"https:\/\/artofoculoplastics.com\/wp-content\/uploads\/2024\/07\/Okuloplastik-Cerrahi-sik-sorulan-sorular.jpg 720w, https:\/\/artofoculoplastics.com\/wp-content\/uploads\/2024\/07\/Okuloplastik-Cerrahi-sik-sorulan-sorular-300x146.jpg 300w, https:\/\/artofoculoplastics.com\/wp-content\/uploads\/2024\/07\/Okuloplastik-Cerrahi-sik-sorulan-sorular-600x292.jpg 600w\" sizes=\"(max-width: 720px) 100vw, 720px\" \/>\t\t\t\t\t\t\t\t\t\t\t\t\t\t\t<\/div>\n\t\t\t\t<\/div>\n\t\t\t\t<div class=\"elementor-element elementor-element-cf0c714 elementor-widget elementor-widget-heading\" data-id=\"cf0c714\" data-element_type=\"widget\" data-widget_type=\"heading.default\">\n\t\t\t\t<div class=\"elementor-widget-container\">\n\t\t\t\t\t<h3 class=\"elementor-heading-title elementor-size-default\">Frequently Asked Questions<\/h3>\t\t\t\t<\/div>\n\t\t\t\t<\/div>\n\t\t\t\t<div class=\"elementor-element elementor-element-d76c268 elementor-widget elementor-widget-accordion\" data-id=\"d76c268\" data-element_type=\"widget\" data-widget_type=\"accordion.default\">\n\t\t\t\t<div class=\"elementor-widget-container\">\n\t\t\t\t\t\t\t<div class=\"elementor-accordion\">\n\t\t\t\t\t\t\t<div class=\"elementor-accordion-item\">\n\t\t\t\t\t<div id=\"elementor-tab-title-2251\" class=\"elementor-tab-title\" data-tab=\"1\" role=\"button\" aria-controls=\"elementor-tab-content-2251\" aria-expanded=\"false\">\n\t\t\t\t\t\t\t\t\t\t\t\t\t<span class=\"elementor-accordion-icon elementor-accordion-icon-right\" aria-hidden=\"true\">\n\t\t\t\t\t\t\t\t\t\t\t\t\t\t\t<span class=\"elementor-accordion-icon-closed\"><svg class=\"e-font-icon-svg e-fas-plus\" viewbox=\"0 0 448 512\" xmlns=\"http:\/\/www.w3.org\/2000\/svg\"><path d=\"M416 208H272V64c0-17.67-14.33-32-32-32h-32c-17.67 0-32 14.33-32 32v144H32c-17.67 0-32 14.33-32 32v32c0 17.67 14.33 32 32 32h144v144c0 17.67 14.33 32 32 32h32c17.67 0 32-14.33 32-32V304h144c17.67 0 32-14.33 32-32v-32c0-17.67-14.33-32-32-32z\"><\/path><\/svg><\/span>\n\t\t\t\t\t\t\t\t<span class=\"elementor-accordion-icon-opened\"><svg class=\"e-font-icon-svg e-fas-minus\" viewbox=\"0 0 448 512\" xmlns=\"http:\/\/www.w3.org\/2000\/svg\"><path d=\"M416 208H32c-17.67 0-32 14.33-32 32v32c0 17.67 14.33 32 32 32h384c17.67 0 32-14.33 32-32v-32c0-17.67-14.33-32-32-32z\"><\/path><\/svg><\/span>\n\t\t\t\t\t\t\t\t\t\t\t\t\t\t<\/span>\n\t\t\t\t\t\t\t\t\t\t\t\t<a class=\"elementor-accordion-title\" tabindex=\"0\">Who is suitable for oculoplastic surgery?<\/a>\n\t\t\t\t\t<\/div>\n\t\t\t\t\t<div id=\"elementor-tab-content-2251\" class=\"elementor-tab-content elementor-clearfix\" data-tab=\"1\" role=\"region\" aria-labelledby=\"elementor-tab-title-2251\"><p>Oculoplastic surgery is suitable for patients of all ages who have aesthetic or functional problems in and around the eyes. These surgical procedures are usually performed for conditions such as signs of aging, congenital abnormalities, post-traumatic deformities or tumors.<\/p><\/div>\n\t\t\t\t<\/div>\n\t\t\t\t\t\t\t<div class=\"elementor-accordion-item\">\n\t\t\t\t\t<div id=\"elementor-tab-title-2252\" class=\"elementor-tab-title\" data-tab=\"2\" role=\"button\" aria-controls=\"elementor-tab-content-2252\" aria-expanded=\"false\">\n\t\t\t\t\t\t\t\t\t\t\t\t\t<span class=\"elementor-accordion-icon elementor-accordion-icon-right\" aria-hidden=\"true\">\n\t\t\t\t\t\t\t\t\t\t\t\t\t\t\t<span class=\"elementor-accordion-icon-closed\"><svg class=\"e-font-icon-svg e-fas-plus\" viewbox=\"0 0 448 512\" xmlns=\"http:\/\/www.w3.org\/2000\/svg\"><path d=\"M416 208H272V64c0-17.67-14.33-32-32-32h-32c-17.67 0-32 14.33-32 32v144H32c-17.67 0-32 14.33-32 32v32c0 17.67 14.33 32 32 32h144v144c0 17.67 14.33 32 32 32h32c17.67 0 32-14.33 32-32V304h144c17.67 0 32-14.33 32-32v-32c0-17.67-14.33-32-32-32z\"><\/path><\/svg><\/span>\n\t\t\t\t\t\t\t\t<span class=\"elementor-accordion-icon-opened\"><svg class=\"e-font-icon-svg e-fas-minus\" viewbox=\"0 0 448 512\" xmlns=\"http:\/\/www.w3.org\/2000\/svg\"><path d=\"M416 208H32c-17.67 0-32 14.33-32 32v32c0 17.67 14.33 32 32 32h384c17.67 0 32-14.33 32-32v-32c0-17.67-14.33-32-32-32z\"><\/path><\/svg><\/span>\n\t\t\t\t\t\t\t\t\t\t\t\t\t\t<\/span>\n\t\t\t\t\t\t\t\t\t\t\t\t<a class=\"elementor-accordion-title\" tabindex=\"0\">Are oculoplastic surgery procedures painful?<\/a>\n\t\t\t\t\t<\/div>\n\t\t\t\t\t<div id=\"elementor-tab-content-2252\" class=\"elementor-tab-content elementor-clearfix\" data-tab=\"2\" role=\"region\" aria-labelledby=\"elementor-tab-title-2252\"><p>Oculoplastic surgery is usually performed under local anesthesia, so there is no pain during the procedure. There may be mild pain or discomfort in the postoperative period, but this can usually be controlled with painkillers.<\/p><\/div>\n\t\t\t\t<\/div>\n\t\t\t\t\t\t\t<div class=\"elementor-accordion-item\">\n\t\t\t\t\t<div id=\"elementor-tab-title-2253\" class=\"elementor-tab-title\" data-tab=\"3\" role=\"button\" aria-controls=\"elementor-tab-content-2253\" aria-expanded=\"false\">\n\t\t\t\t\t\t\t\t\t\t\t\t\t<span class=\"elementor-accordion-icon elementor-accordion-icon-right\" aria-hidden=\"true\">\n\t\t\t\t\t\t\t\t\t\t\t\t\t\t\t<span class=\"elementor-accordion-icon-closed\"><svg class=\"e-font-icon-svg e-fas-plus\" viewbox=\"0 0 448 512\" xmlns=\"http:\/\/www.w3.org\/2000\/svg\"><path d=\"M416 208H272V64c0-17.67-14.33-32-32-32h-32c-17.67 0-32 14.33-32 32v144H32c-17.67 0-32 14.33-32 32v32c0 17.67 14.33 32 32 32h144v144c0 17.67 14.33 32 32 32h32c17.67 0 32-14.33 32-32V304h144c17.67 0 32-14.33 32-32v-32c0-17.67-14.33-32-32-32z\"><\/path><\/svg><\/span>\n\t\t\t\t\t\t\t\t<span class=\"elementor-accordion-icon-opened\"><svg class=\"e-font-icon-svg e-fas-minus\" viewbox=\"0 0 448 512\" xmlns=\"http:\/\/www.w3.org\/2000\/svg\"><path d=\"M416 208H32c-17.67 0-32 14.33-32 32v32c0 17.67 14.33 32 32 32h384c17.67 0 32-14.33 32-32v-32c0-17.67-14.33-32-32-32z\"><\/path><\/svg><\/span>\n\t\t\t\t\t\t\t\t\t\t\t\t\t\t<\/span>\n\t\t\t\t\t\t\t\t\t\t\t\t<a class=\"elementor-accordion-title\" tabindex=\"0\">How long does recovery take after oculoplastic surgery?<\/a>\n\t\t\t\t\t<\/div>\n\t\t\t\t\t<div id=\"elementor-tab-content-2253\" class=\"elementor-tab-content elementor-clearfix\" data-tab=\"3\" role=\"region\" aria-labelledby=\"elementor-tab-title-2253\"><p>The recovery process varies depending on the type of procedure performed. Recovery from simpler procedures, such as eyelid surgery, usually takes a few weeks, while full recovery from more complex surgeries can take up to several months.<\/p><\/div>\n\t\t\t\t<\/div>\n\t\t\t\t\t\t\t<div class=\"elementor-accordion-item\">\n\t\t\t\t\t<div id=\"elementor-tab-title-2254\" class=\"elementor-tab-title\" data-tab=\"4\" role=\"button\" aria-controls=\"elementor-tab-content-2254\" aria-expanded=\"false\">\n\t\t\t\t\t\t\t\t\t\t\t\t\t<span class=\"elementor-accordion-icon elementor-accordion-icon-right\" aria-hidden=\"true\">\n\t\t\t\t\t\t\t\t\t\t\t\t\t\t\t<span class=\"elementor-accordion-icon-closed\"><svg class=\"e-font-icon-svg e-fas-plus\" viewbox=\"0 0 448 512\" xmlns=\"http:\/\/www.w3.org\/2000\/svg\"><path d=\"M416 208H272V64c0-17.67-14.33-32-32-32h-32c-17.67 0-32 14.33-32 32v144H32c-17.67 0-32 14.33-32 32v32c0 17.67 14.33 32 32 32h144v144c0 17.67 14.33 32 32 32h32c17.67 0 32-14.33 32-32V304h144c17.67 0 32-14.33 32-32v-32c0-17.67-14.33-32-32-32z\"><\/path><\/svg><\/span>\n\t\t\t\t\t\t\t\t<span class=\"elementor-accordion-icon-opened\"><svg class=\"e-font-icon-svg e-fas-minus\" viewbox=\"0 0 448 512\" xmlns=\"http:\/\/www.w3.org\/2000\/svg\"><path d=\"M416 208H32c-17.67 0-32 14.33-32 32v32c0 17.67 14.33 32 32 32h384c17.67 0 32-14.33 32-32v-32c0-17.67-14.33-32-32-32z\"><\/path><\/svg><\/span>\n\t\t\t\t\t\t\t\t\t\t\t\t\t\t<\/span>\n\t\t\t\t\t\t\t\t\t\t\t\t<a class=\"elementor-accordion-title\" tabindex=\"0\">Are there any scars after oculoplastic surgery?<\/a>\n\t\t\t\t\t<\/div>\n\t\t\t\t\t<div id=\"elementor-tab-content-2254\" class=\"elementor-tab-content elementor-clearfix\" data-tab=\"4\" role=\"region\" aria-labelledby=\"elementor-tab-title-2254\"><p>Oculoplastic surgery usually uses minimally invasive techniques and the incisions are placed within the natural eye lines. Therefore, the scars are usually subtle and become less visible over time.<\/p><\/div>\n\t\t\t\t<\/div>\n\t\t\t\t\t\t\t\t<\/div>\n\t\t\t\t\t\t<\/div>\n\t\t\t\t<\/div>\n\t\t\t\t<\/div>\n\t\t\t\t<\/div>\n\t\t\t\t<\/div>","protected":false},"excerpt":{"rendered":"<p>Ok\u00fcloplastik cerrahi, g\u00f6z ve g\u00f6z \u00e7evresindeki estetik ve fonksiyonel sorunlar\u0131n tedavisiyle ilgilenen bir t\u0131p dal\u0131d\u0131r. Bu alandaki prosed\u00fcrler, g\u00f6z kapa\u011f\u0131 cerrahisinden g\u00f6zya\u015f\u0131 kanal\u0131 t\u0131kan\u0131kl\u0131klar\u0131n\u0131n d\u00fczeltilmesine kadar geni\u015f bir yelpazeyi kapsar. Do\u00e7. Dr. K\u00fcbra \u015eerefo\u011flu, ok\u00fcloplastik cerrahide uzmanla\u015fm\u0131\u015f bir doktor olarak, hastalar\u0131na modern teknikler ve ki\u015fiye \u00f6zel yakla\u015f\u0131mlar sunmaktad\u0131r. Ok\u00fcloplastik Cerrahi Hangi Durumlarda Uygulan\u0131r? G\u00f6z Kapa\u011f\u0131&#8230;<\/p>","protected":false},"author":1,"featured_media":0,"parent":0,"menu_order":0,"comment_status":"closed","ping_status":"closed","template":"","meta":{"footnotes":""},"class_list":["post-3871","page","type-page","status-publish","hentry"],"_links":{"self":[{"href":"https:\/\/artofoculoplastics.com\/en\/wp-json\/wp\/v2\/pages\/3871","targetHints":{"allow":["GET"]}}],"collection":[{"href":"https:\/\/artofoculoplastics.com\/en\/wp-json\/wp\/v2\/pages"}],"about":[{"href":"https:\/\/artofoculoplastics.com\/en\/wp-json\/wp\/v2\/types\/page"}],"author":[{"embeddable":true,"href":"https:\/\/artofoculoplastics.com\/en\/wp-json\/wp\/v2\/users\/1"}],"replies":[{"embeddable":true,"href":"https:\/\/artofoculoplastics.com\/en\/wp-json\/wp\/v2\/comments?post=3871"}],"version-history":[{"count":3,"href":"https:\/\/artofoculoplastics.com\/en\/wp-json\/wp\/v2\/pages\/3871\/revisions"}],"predecessor-version":[{"id":8564,"href":"https:\/\/artofoculoplastics.com\/en\/wp-json\/wp\/v2\/pages\/3871\/revisions\/8564"}],"wp:attachment":[{"href":"https:\/\/artofoculoplastics.com\/en\/wp-json\/wp\/v2\/media?parent=3871"}],"curies":[{"name":"wp","href":"https:\/\/api.w.org\/{rel}","templated":true}]}}