{"id":3759,"date":"2024-06-22T12:57:10","date_gmt":"2024-06-22T09:57:10","guid":{"rendered":"https:\/\/artofoculoplastics.com\/?page_id=3759"},"modified":"2025-09-23T11:02:27","modified_gmt":"2025-09-23T08:02:27","slug":"cataract","status":"publish","type":"page","link":"https:\/\/artofoculoplastics.com\/en\/cataract\/","title":{"rendered":"Cataract"},"content":{"rendered":"<div data-elementor-type=\"wp-page\" data-elementor-id=\"3759\" class=\"elementor elementor-3759\">\n\t\t\t\t<div class=\"elementor-element elementor-element-ff1d7de e-con-full e-flex e-con e-parent\" data-id=\"ff1d7de\" data-element_type=\"container\">\n\t\t<div class=\"elementor-element elementor-element-c071c43 e-con-full e-flex e-con e-child\" data-id=\"c071c43\" data-element_type=\"container\">\n\t\t\r\n\t\t<div class=\"elementor-element elementor-element-efdf39e elementor-widget elementor-widget-image\" data-id=\"efdf39e\" data-element_type=\"widget\" data-widget_type=\"image.default\">\n\t\t\t\t<div class=\"elementor-widget-container\">\n\t\t\t\t\t\t\t\t\t\t\t\t\t\t\t<img fetchpriority=\"high\" decoding=\"async\" width=\"782\" height=\"400\" src=\"https:\/\/artofoculoplastics.com\/wp-content\/uploads\/2024\/07\/Katarakt-ameliyati.jpg\" class=\"attachment-full size-full wp-image-4361\" alt=\"Cataract surgery\" srcset=\"https:\/\/artofoculoplastics.com\/wp-content\/uploads\/2024\/07\/Katarakt-ameliyati.jpg 782w, https:\/\/artofoculoplastics.com\/wp-content\/uploads\/2024\/07\/Katarakt-ameliyati-300x153.jpg 300w, https:\/\/artofoculoplastics.com\/wp-content\/uploads\/2024\/07\/Katarakt-ameliyati-768x393.jpg 768w, https:\/\/artofoculoplastics.com\/wp-content\/uploads\/2024\/07\/Katarakt-ameliyati-600x307.jpg 600w\" sizes=\"(max-width: 782px) 100vw, 782px\" \/>\t\t\t\t\t\t\t\t\t\t\t\t\t\t\t<\/div>\n\t\t\t\t<\/div>\n\t\t\t\t<div class=\"elementor-element elementor-element-f19facf elementor-widget elementor-widget-text-editor\" data-id=\"f19facf\" data-element_type=\"widget\" data-widget_type=\"text-editor.default\">\n\t\t\t\t<div class=\"elementor-widget-container\">\n\t\t\t\t\t\t\t\t\t<h2>What is Cataract?<\/h2><p>Cataracts are a condition in which the lens of the eye becomes cloudy and are usually associated with aging. However, injuries, certain diseases, or genetic factors can also cause cataracts. Cataracts can lead to vision loss and even blindness, so it is important to treat them.<\/p><h3>Cataract Treatment Methods<\/h3><h4>Surgical Treatment<\/h4><p>The most common and effective treatment for cataracts is surgery. Cataract surgery is the process of removing the cloudy lens in the eye and replacing it with an artificial lens. There are two main surgical methods:<\/p><ul><li><strong>Phacoemulsification (Phaco):<\/strong> This method involves breaking down and removing the cloudy lens using ultrasound waves by making a small incision in the eye. Then, the artificial lens is placed. The phaco method is popular for its fast recovery time and low risk of complications.<\/li><li><strong>Extracapsular Cataract Extraction (ECCE):<\/strong> This method involves entering the eye through a larger incision and removing the cloudy lens in one piece. Then, the artificial lens is placed. It is generally preferred for more advanced cataracts.<\/li><\/ul><h4>Laser Therapy<\/h4><p>Laser-assisted cataract surgery provides a more precise and controllable intervention compared to traditional methods. Laser incisions and lens fragmentation procedures can shorten recovery time and reduce the risk of complications.<\/p><h2>Cataract Surgery Process<\/h2><p><img decoding=\"async\" class=\"wp-image-4363 size-full alignright\" src=\"https:\/\/artofoculoplastics.com\/wp-content\/uploads\/2024\/07\/Katarakt-ameliyati-sureci.jpg\" alt=\"Cataract surgery process\" width=\"400\" height=\"400\" srcset=\"https:\/\/artofoculoplastics.com\/wp-content\/uploads\/2024\/07\/Katarakt-ameliyati-sureci.jpg 400w, https:\/\/artofoculoplastics.com\/wp-content\/uploads\/2024\/07\/Katarakt-ameliyati-sureci-300x300.jpg 300w, https:\/\/artofoculoplastics.com\/wp-content\/uploads\/2024\/07\/Katarakt-ameliyati-sureci-150x150.jpg 150w, https:\/\/artofoculoplastics.com\/wp-content\/uploads\/2024\/07\/Katarakt-ameliyati-sureci-85x85.jpg 85w, https:\/\/artofoculoplastics.com\/wp-content\/uploads\/2024\/07\/Katarakt-ameliyati-sureci-100x100.jpg 100w\" sizes=\"(max-width: 400px) 100vw, 400px\" \/><\/p><h4>Preparation<\/h4><ul><li><strong>Eye Examination: <\/strong>A comprehensive eye examination is performed before surgery. Your eye structure and the degree of cataracts are evaluated.<\/li><li><strong>State of health:<\/strong> Your general health status and medications used are reviewed. Some medications may be stopped before surgery.<\/li><\/ul><h4>Day of Surgery:<\/h4><ul><li><strong>Anesthesia:<\/strong> Local anesthesia is usually applied, so you will not feel any pain during the surgery.<\/li><li><strong>Surgical intervention:<\/strong> The surgery takes about 15-30 minutes. A small incision is made in the eye, the cloudy lens is removed, and an artificial lens is inserted in its place.<\/li><\/ul><p>\u00a0<\/p><h4>The Recovery Process:<\/h4><ul><li><strong>Post-Operative Care:<\/strong> After surgery, a protective cover will be placed over your eye. Medications and drops will be prescribed.<\/li><li><strong>Recovery Time:<\/strong> Eye discomfort and blurred vision may occur for the first few days. Full recovery usually occurs within a few weeks.<\/li><li><strong>Controls:<\/strong> Regular eye check-ups are performed after surgery. These check-ups are important for monitoring the healing process.<\/li><\/ul><h4>Life After Cataract Surgery<\/h4><h4>Improvement in Visual Quality:<\/h4><p>After the surgery, you will notice a significant improvement in your vision quality. Colors will appear more vivid and sharp.<\/p><h4>Eye Health:<\/h4><p>It is important to follow your doctor&#039;s recommendations to protect your eye health after surgery. Avoid overstraining your eyes and have regular eye exams.<\/p><h4>Glasses and Contact Lenses:<\/h4><p>After surgery, some patients may continue to wear glasses or contact lenses, but most patients require fewer vision aids.<\/p><h4>Conclusion<\/h4><p>Cataract treatment can be performed very safely and effectively with modern medical technologies. Early diagnosis and treatment prevents vision loss and increases the quality of life. It is important to see an ophthalmologist when you notice cataract symptoms. Your doctor will determine the most appropriate treatment method for you and provide you with healthy vision.<\/p>\t\t\t\t\t\t\t\t<\/div>\n\t\t\t\t<\/div>\n\t\t\t\t<div class=\"elementor-element elementor-element-c40ef63 elementor-widget elementor-widget-image\" data-id=\"c40ef63\" data-element_type=\"widget\" data-widget_type=\"image.default\">\n\t\t\t\t<div class=\"elementor-widget-container\">\n\t\t\t\t\t\t\t\t\t\t\t\t\t\t\t<img decoding=\"async\" width=\"720\" height=\"350\" src=\"https:\/\/artofoculoplastics.com\/wp-content\/uploads\/2024\/07\/katarakt-ameliyati-sik-sorulan-sorular.jpg\" class=\"attachment-full size-full wp-image-4367\" alt=\"cataract surgery frequently asked questions\" srcset=\"https:\/\/artofoculoplastics.com\/wp-content\/uploads\/2024\/07\/katarakt-ameliyati-sik-sorulan-sorular.jpg 720w, https:\/\/artofoculoplastics.com\/wp-content\/uploads\/2024\/07\/katarakt-ameliyati-sik-sorulan-sorular-300x146.jpg 300w, https:\/\/artofoculoplastics.com\/wp-content\/uploads\/2024\/07\/katarakt-ameliyati-sik-sorulan-sorular-600x292.jpg 600w\" sizes=\"(max-width: 720px) 100vw, 720px\" \/>\t\t\t\t\t\t\t\t\t\t\t\t\t\t\t<\/div>\n\t\t\t\t<\/div>\n\t\t\t\t<div class=\"elementor-element elementor-element-4e18162 elementor-widget elementor-widget-heading\" data-id=\"4e18162\" data-element_type=\"widget\" data-widget_type=\"heading.default\">\n\t\t\t\t<div class=\"elementor-widget-container\">\n\t\t\t\t\t<h3 class=\"elementor-heading-title elementor-size-default\">Frequently Asked Questions<\/h3>\t\t\t\t<\/div>\n\t\t\t\t<\/div>\n\t\t\t\t<div class=\"elementor-element elementor-element-3785490 elementor-widget elementor-widget-accordion\" data-id=\"3785490\" data-element_type=\"widget\" data-widget_type=\"accordion.default\">\n\t\t\t\t<div class=\"elementor-widget-container\">\n\t\t\t\t\t\t\t<div class=\"elementor-accordion\">\n\t\t\t\t\t\t\t<div class=\"elementor-accordion-item\">\n\t\t\t\t\t<div id=\"elementor-tab-title-5821\" class=\"elementor-tab-title\" data-tab=\"1\" role=\"button\" aria-controls=\"elementor-tab-content-5821\" aria-expanded=\"false\">\n\t\t\t\t\t\t\t\t\t\t\t\t\t<span class=\"elementor-accordion-icon elementor-accordion-icon-right\" aria-hidden=\"true\">\n\t\t\t\t\t\t\t\t\t\t\t\t\t\t\t<span class=\"elementor-accordion-icon-closed\"><svg class=\"e-font-icon-svg e-fas-plus\" viewbox=\"0 0 448 512\" xmlns=\"http:\/\/www.w3.org\/2000\/svg\"><path d=\"M416 208H272V64c0-17.67-14.33-32-32-32h-32c-17.67 0-32 14.33-32 32v144H32c-17.67 0-32 14.33-32 32v32c0 17.67 14.33 32 32 32h144v144c0 17.67 14.33 32 32 32h32c17.67 0 32-14.33 32-32V304h144c17.67 0 32-14.33 32-32v-32c0-17.67-14.33-32-32-32z\"><\/path><\/svg><\/span>\n\t\t\t\t\t\t\t\t<span class=\"elementor-accordion-icon-opened\"><svg class=\"e-font-icon-svg e-fas-minus\" viewbox=\"0 0 448 512\" xmlns=\"http:\/\/www.w3.org\/2000\/svg\"><path d=\"M416 208H32c-17.67 0-32 14.33-32 32v32c0 17.67 14.33 32 32 32h384c17.67 0 32-14.33 32-32v-32c0-17.67-14.33-32-32-32z\"><\/path><\/svg><\/span>\n\t\t\t\t\t\t\t\t\t\t\t\t\t\t<\/span>\n\t\t\t\t\t\t\t\t\t\t\t\t<a class=\"elementor-accordion-title\" tabindex=\"0\">How are cataracts treated?<\/a>\n\t\t\t\t\t<\/div>\n\t\t\t\t\t<div id=\"elementor-tab-content-5821\" class=\"elementor-tab-content elementor-clearfix\" data-tab=\"1\" role=\"region\" aria-labelledby=\"elementor-tab-title-5821\"><p>The most common and effective method for treating this Cataract is surgical intervention. The cloudy lens of the eye is surgically removed and replaced with an artificial lens.<\/p><\/div>\n\t\t\t\t<\/div>\n\t\t\t\t\t\t\t<div class=\"elementor-accordion-item\">\n\t\t\t\t\t<div id=\"elementor-tab-title-5822\" class=\"elementor-tab-title\" data-tab=\"2\" role=\"button\" aria-controls=\"elementor-tab-content-5822\" aria-expanded=\"false\">\n\t\t\t\t\t\t\t\t\t\t\t\t\t<span class=\"elementor-accordion-icon elementor-accordion-icon-right\" aria-hidden=\"true\">\n\t\t\t\t\t\t\t\t\t\t\t\t\t\t\t<span class=\"elementor-accordion-icon-closed\"><svg class=\"e-font-icon-svg e-fas-plus\" viewbox=\"0 0 448 512\" xmlns=\"http:\/\/www.w3.org\/2000\/svg\"><path d=\"M416 208H272V64c0-17.67-14.33-32-32-32h-32c-17.67 0-32 14.33-32 32v144H32c-17.67 0-32 14.33-32 32v32c0 17.67 14.33 32 32 32h144v144c0 17.67 14.33 32 32 32h32c17.67 0 32-14.33 32-32V304h144c17.67 0 32-14.33 32-32v-32c0-17.67-14.33-32-32-32z\"><\/path><\/svg><\/span>\n\t\t\t\t\t\t\t\t<span class=\"elementor-accordion-icon-opened\"><svg class=\"e-font-icon-svg e-fas-minus\" viewbox=\"0 0 448 512\" xmlns=\"http:\/\/www.w3.org\/2000\/svg\"><path d=\"M416 208H32c-17.67 0-32 14.33-32 32v32c0 17.67 14.33 32 32 32h384c17.67 0 32-14.33 32-32v-32c0-17.67-14.33-32-32-32z\"><\/path><\/svg><\/span>\n\t\t\t\t\t\t\t\t\t\t\t\t\t\t<\/span>\n\t\t\t\t\t\t\t\t\t\t\t\t<a class=\"elementor-accordion-title\" tabindex=\"0\">How is cataract surgery performed?<\/a>\n\t\t\t\t\t<\/div>\n\t\t\t\t\t<div id=\"elementor-tab-content-5822\" class=\"elementor-tab-content elementor-clearfix\" data-tab=\"2\" role=\"region\" aria-labelledby=\"elementor-tab-title-5822\"><p>Cataract surgery is usually performed under local anesthesia. A small incision is made in the eye, ultrasound waves are used to break up and remove the cloudy lens. An artificial lens is then inserted.<\/p><\/div>\n\t\t\t\t<\/div>\n\t\t\t\t\t\t\t<div class=\"elementor-accordion-item\">\n\t\t\t\t\t<div id=\"elementor-tab-title-5823\" class=\"elementor-tab-title\" data-tab=\"3\" role=\"button\" aria-controls=\"elementor-tab-content-5823\" aria-expanded=\"false\">\n\t\t\t\t\t\t\t\t\t\t\t\t\t<span class=\"elementor-accordion-icon elementor-accordion-icon-right\" aria-hidden=\"true\">\n\t\t\t\t\t\t\t\t\t\t\t\t\t\t\t<span class=\"elementor-accordion-icon-closed\"><svg class=\"e-font-icon-svg e-fas-plus\" viewbox=\"0 0 448 512\" xmlns=\"http:\/\/www.w3.org\/2000\/svg\"><path d=\"M416 208H272V64c0-17.67-14.33-32-32-32h-32c-17.67 0-32 14.33-32 32v144H32c-17.67 0-32 14.33-32 32v32c0 17.67 14.33 32 32 32h144v144c0 17.67 14.33 32 32 32h32c17.67 0 32-14.33 32-32V304h144c17.67 0 32-14.33 32-32v-32c0-17.67-14.33-32-32-32z\"><\/path><\/svg><\/span>\n\t\t\t\t\t\t\t\t<span class=\"elementor-accordion-icon-opened\"><svg class=\"e-font-icon-svg e-fas-minus\" viewbox=\"0 0 448 512\" xmlns=\"http:\/\/www.w3.org\/2000\/svg\"><path d=\"M416 208H32c-17.67 0-32 14.33-32 32v32c0 17.67 14.33 32 32 32h384c17.67 0 32-14.33 32-32v-32c0-17.67-14.33-32-32-32z\"><\/path><\/svg><\/span>\n\t\t\t\t\t\t\t\t\t\t\t\t\t\t<\/span>\n\t\t\t\t\t\t\t\t\t\t\t\t<a class=\"elementor-accordion-title\" tabindex=\"0\">How long does cataract surgery take?<\/a>\n\t\t\t\t\t<\/div>\n\t\t\t\t\t<div id=\"elementor-tab-content-5823\" class=\"elementor-tab-content elementor-clearfix\" data-tab=\"3\" role=\"region\" aria-labelledby=\"elementor-tab-title-5823\"><p>Cataract surgery usually takes 15-30 minutes. This time may vary depending on the surgeon&#039;s experience and the method used.<\/p><\/div>\n\t\t\t\t<\/div>\n\t\t\t\t\t\t\t<div class=\"elementor-accordion-item\">\n\t\t\t\t\t<div id=\"elementor-tab-title-5824\" class=\"elementor-tab-title\" data-tab=\"4\" role=\"button\" aria-controls=\"elementor-tab-content-5824\" aria-expanded=\"false\">\n\t\t\t\t\t\t\t\t\t\t\t\t\t<span class=\"elementor-accordion-icon elementor-accordion-icon-right\" aria-hidden=\"true\">\n\t\t\t\t\t\t\t\t\t\t\t\t\t\t\t<span class=\"elementor-accordion-icon-closed\"><svg class=\"e-font-icon-svg e-fas-plus\" viewbox=\"0 0 448 512\" xmlns=\"http:\/\/www.w3.org\/2000\/svg\"><path d=\"M416 208H272V64c0-17.67-14.33-32-32-32h-32c-17.67 0-32 14.33-32 32v144H32c-17.67 0-32 14.33-32 32v32c0 17.67 14.33 32 32 32h144v144c0 17.67 14.33 32 32 32h32c17.67 0 32-14.33 32-32V304h144c17.67 0 32-14.33 32-32v-32c0-17.67-14.33-32-32-32z\"><\/path><\/svg><\/span>\n\t\t\t\t\t\t\t\t<span class=\"elementor-accordion-icon-opened\"><svg class=\"e-font-icon-svg e-fas-minus\" viewbox=\"0 0 448 512\" xmlns=\"http:\/\/www.w3.org\/2000\/svg\"><path d=\"M416 208H32c-17.67 0-32 14.33-32 32v32c0 17.67 14.33 32 32 32h384c17.67 0 32-14.33 32-32v-32c0-17.67-14.33-32-32-32z\"><\/path><\/svg><\/span>\n\t\t\t\t\t\t\t\t\t\t\t\t\t\t<\/span>\n\t\t\t\t\t\t\t\t\t\t\t\t<a class=\"elementor-accordion-title\" tabindex=\"0\">Is cataract surgery painful?<\/a>\n\t\t\t\t\t<\/div>\n\t\t\t\t\t<div id=\"elementor-tab-content-5824\" class=\"elementor-tab-content elementor-clearfix\" data-tab=\"4\" role=\"region\" aria-labelledby=\"elementor-tab-title-5824\"><p>Local anesthesia is used during cataract surgery, so the patient does not feel any pain. There may be mild discomfort for a few days after the surgery, but this usually resolves quickly.<\/p><\/div>\n\t\t\t\t<\/div>\n\t\t\t\t\t\t\t\t<\/div>\n\t\t\t\t\t\t<\/div>\n\t\t\t\t<\/div>\n\t\t\t\t<\/div>\n\t\t\t\t<\/div>\n\t\t\t\t<\/div>","protected":false},"excerpt":{"rendered":"<p>Katarakt Nedir? Katarakt, g\u00f6z merce\u011finin bulan\u0131kla\u015fmas\u0131 durumudur ve genellikle ya\u015flanma ile ili\u015fkilidir. Ancak, yaralanmalar, baz\u0131 hastal\u0131klar veya genetik fakt\u00f6rler de katarakt olu\u015fumuna neden olabilir. Katarakt, g\u00f6rme kayb\u0131na ve hatta k\u00f6rl\u00fc\u011fe yol a\u00e7abilir, bu y\u00fczden tedavisi \u00f6nemlidir. Katarakt Tedavi Y\u00f6ntemleri Cerrahi Tedavi Katarakt\u0131n en yayg\u0131n ve etkili tedavi y\u00f6ntemi cerrahi m\u00fcdahaledir. Katarakt ameliyat\u0131, g\u00f6zdeki bulan\u0131k merce\u011fin&#8230;<\/p>","protected":false},"author":1,"featured_media":0,"parent":0,"menu_order":0,"comment_status":"closed","ping_status":"closed","template":"","meta":{"footnotes":""},"class_list":["post-3759","page","type-page","status-publish","hentry"],"_links":{"self":[{"href":"https:\/\/artofoculoplastics.com\/en\/wp-json\/wp\/v2\/pages\/3759","targetHints":{"allow":["GET"]}}],"collection":[{"href":"https:\/\/artofoculoplastics.com\/en\/wp-json\/wp\/v2\/pages"}],"about":[{"href":"https:\/\/artofoculoplastics.com\/en\/wp-json\/wp\/v2\/types\/page"}],"author":[{"embeddable":true,"href":"https:\/\/artofoculoplastics.com\/en\/wp-json\/wp\/v2\/users\/1"}],"replies":[{"embeddable":true,"href":"https:\/\/artofoculoplastics.com\/en\/wp-json\/wp\/v2\/comments?post=3759"}],"version-history":[{"count":3,"href":"https:\/\/artofoculoplastics.com\/en\/wp-json\/wp\/v2\/pages\/3759\/revisions"}],"predecessor-version":[{"id":8576,"href":"https:\/\/artofoculoplastics.com\/en\/wp-json\/wp\/v2\/pages\/3759\/revisions\/8576"}],"wp:attachment":[{"href":"https:\/\/artofoculoplastics.com\/en\/wp-json\/wp\/v2\/media?parent=3759"}],"curies":[{"name":"wp","href":"https:\/\/api.w.org\/{rel}","templated":true}]}}