{"id":6553,"date":"2025-04-24T11:24:55","date_gmt":"2025-04-24T08:24:55","guid":{"rendered":"https:\/\/artofoculoplastics.com\/?page_id=6553"},"modified":"2025-09-23T10:35:12","modified_gmt":"2025-09-23T07:35:12","slug":"%d8%ac%d8%b1%d8%a7%d8%ad%d8%a9-%d8%a7%d9%84%d8%b9%d8%af%d8%b3%d8%a7%d8%aa-%d8%a7%d9%84%d8%b0%d9%83%d9%8a%d8%a9-%d8%b9%d8%af%d8%b3%d8%a9-%d8%b0%d9%83%d9%8a%d8%a9","status":"publish","type":"page","link":"https:\/\/artofoculoplastics.com\/ar\/%d8%aa%d8%b7%d8%a8%d9%8a%d9%82%d8%a7%d8%aa-%d8%aa%d8%ac%d9%85%d9%8a%d9%84-%d8%a7%d9%84%d8%ac%d9%81%d9%88%d9%86-%d9%88%d9%85%d8%ad%d9%8a%d8%b7-%d8%a7%d9%84%d8%b9%d9%8a%d9%86-%d8%ba%d9%8a%d8%b1-%d8%a7\/%d8%ac%d8%b1%d8%a7%d8%ad%d8%a9-%d8%a7%d9%84%d8%b9%d8%af%d8%b3%d8%a7%d8%aa-%d8%a7%d9%84%d8%b0%d9%83%d9%8a%d8%a9-%d8%b9%d8%af%d8%b3%d8%a9-%d8%b0%d9%83%d9%8a%d8%a9\/","title":{"rendered":"\u062c\u0631\u0627\u062d\u0629 \u0627\u0644\u0639\u062f\u0633\u0627\u062a \u0627\u0644\u0630\u0643\u064a\u0629 | \u0627\u0644\u0639\u062f\u0633\u0627\u062a \u0627\u0644\u0630\u0643\u064a\u0629"},"content":{"rendered":"<div data-elementor-type=\"wp-page\" data-elementor-id=\"6553\" class=\"elementor elementor-6553\">\n\t\t\t\t<div class=\"elementor-element elementor-element-ac4d95f e-flex e-con-boxed e-con e-parent\" data-id=\"ac4d95f\" data-element_type=\"container\">\n\t\t\t\t\t<div class=\"e-con-inner\">\n\t\t<div class=\"elementor-element elementor-element-02d8a4b e-flex e-con-boxed e-con e-child\" data-id=\"02d8a4b\" data-element_type=\"container\">\n\t\t\t\t\t<div class=\"e-con-inner\">\n\t\t\r\n\t\t<div class=\"elementor-element elementor-element-b8147c2 elementor-widget elementor-widget-image\" data-id=\"b8147c2\" data-element_type=\"widget\" data-widget_type=\"image.default\">\n\t\t\t\t<div class=\"elementor-widget-container\">\n\t\t\t\t\t\t\t\t\t\t\t\t\t\t\t<img fetchpriority=\"high\" decoding=\"async\" width=\"1200\" height=\"628\" src=\"https:\/\/artofoculoplastics.com\/wp-content\/uploads\/2025\/09\/eksozom-ameliyati-smart-lens-3.jpg\" class=\"attachment-full size-full wp-image-8538\" alt=\"\u062c\u0631\u0627\u062d\u0629 \u0627\u0644\u0639\u062f\u0633\u0627\u062a \u0627\u0644\u0630\u0643\u064a\u0629 | \u0627\u0644\u0639\u062f\u0633\u0627\u062a \u0627\u0644\u0630\u0643\u064a\u0629\" srcset=\"https:\/\/artofoculoplastics.com\/wp-content\/uploads\/2025\/09\/eksozom-ameliyati-smart-lens-3.jpg 1200w, https:\/\/artofoculoplastics.com\/wp-content\/uploads\/2025\/09\/eksozom-ameliyati-smart-lens-3-300x157.jpg 300w, https:\/\/artofoculoplastics.com\/wp-content\/uploads\/2025\/09\/eksozom-ameliyati-smart-lens-3-1024x536.jpg 1024w, https:\/\/artofoculoplastics.com\/wp-content\/uploads\/2025\/09\/eksozom-ameliyati-smart-lens-3-768x402.jpg 768w, https:\/\/artofoculoplastics.com\/wp-content\/uploads\/2025\/09\/eksozom-ameliyati-smart-lens-3-18x9.jpg 18w, https:\/\/artofoculoplastics.com\/wp-content\/uploads\/2025\/09\/eksozom-ameliyati-smart-lens-3-600x314.jpg 600w\" sizes=\"(max-width: 1200px) 100vw, 1200px\" \/>\t\t\t\t\t\t\t\t\t\t\t\t\t\t\t<\/div>\n\t\t\t\t<\/div>\n\t\t\t\t<div class=\"elementor-element elementor-element-e19a68b elementor-widget elementor-widget-text-editor\" data-id=\"e19a68b\" data-element_type=\"widget\" data-widget_type=\"text-editor.default\">\n\t\t\t\t<div class=\"elementor-widget-container\">\n\t\t\t\t\t\t\t\t\t<h2 class=\"\" data-start=\"249\" data-end=\"264\">Ak\u0131ll\u0131 Mercek Ameliyat\u0131 Nedir?<\/h2><p data-start=\"273\" data-end=\"590\">Ak\u0131ll\u0131 mercek ameliyat\u0131, g\u00f6zdeki do\u011fal merce\u011fin \u00e7\u0131kar\u0131larak yerine \u00e7ok odakl\u0131 yapay merceklerin yerle\u015ftirilmesi i\u015flemidir. Bu mercekler sayesinde hasta hem yak\u0131n\u0131 hem uza\u011f\u0131 hem de ara mesafeleri net g\u00f6rebilir. \u00d6zellikle katarakt tedavisinde ve g\u00f6zl\u00fck ba\u011f\u0131ml\u0131l\u0131\u011f\u0131n\u0131 ortadan kald\u0131rmak isteyen ki\u015filerde tercih edilir.<\/p><p data-start=\"592\" data-end=\"801\">Bu y\u00f6ntem, lazer g\u00f6z operasyonlar\u0131na uygun olmayan veya ya\u015fa ba\u011fl\u0131 g\u00f6rme bozukluklar\u0131 ya\u015fayan bireyler i\u00e7in kal\u0131c\u0131 bir \u00e7\u00f6z\u00fcm sunar. Ak\u0131ll\u0131 mercekler \u00f6m\u00fcr boyu g\u00f6zde kal\u0131r ve tekrar de\u011fi\u015ftirilmeleri gerekmez.<\/p><h3 data-start=\"571\" data-end=\"601\">Ak\u0131ll\u0131 Mercek Ameliyat\u0131 Hangi Durumlarda Tercih Edilir?<\/h3><p data-start=\"869\" data-end=\"1022\">Ak\u0131ll\u0131 mercek ameliyat\u0131, yaln\u0131zca katarakt tedavisinde de\u011fil; ayn\u0131 zamanda uzak-yak\u0131n g\u00f6zl\u00fck kullanmak istemeyen ki\u015filerde de uygulanabilir. \u00d6zellikle;<\/p><ul data-start=\"1024\" data-end=\"1228\"><li data-start=\"1024\" data-end=\"1052\"><p data-start=\"1026\" data-end=\"1052\">Katarakt sorunu olanlar,<\/p><\/li><li data-start=\"1053\" data-end=\"1102\"><p data-start=\"1055\" data-end=\"1102\">Hem uzak hem yak\u0131n g\u00f6rme problemi ya\u015fayanlar,<\/p><\/li><li data-start=\"1103\" data-end=\"1141\"><p data-start=\"1105\" data-end=\"1141\">Lazer tedavisine uygun olmayanlar,<\/p><\/li><li data-start=\"1142\" data-end=\"1228\"><p data-start=\"1144\" data-end=\"1228\">S\u00fcrekli g\u00f6zl\u00fck veya kontakt lens kullanmak istemeyenler i\u00e7in uygun bir se\u00e7enektir.<\/p><\/li><\/ul>\t\t\t\t\t\t\t\t<\/div>\n\t\t\t\t<\/div>\n\t\t\t\t<div class=\"elementor-element elementor-element-d8589b0 elementor-widget elementor-widget-image\" data-id=\"d8589b0\" data-element_type=\"widget\" data-widget_type=\"image.default\">\n\t\t\t\t<div class=\"elementor-widget-container\">\n\t\t\t\t\t\t\t\t\t\t\t\t\t\t\t<img decoding=\"async\" width=\"1200\" height=\"628\" src=\"https:\/\/artofoculoplastics.com\/wp-content\/uploads\/2025\/09\/eksozom-ameliyati-smart-lens-4.jpg\" class=\"attachment-full size-full wp-image-8539\" alt=\"\u062c\u0631\u0627\u062d\u0629 \u0627\u0644\u0639\u062f\u0633\u0627\u062a \u0627\u0644\u0630\u0643\u064a\u0629 | \u0627\u0644\u0639\u062f\u0633\u0627\u062a \u0627\u0644\u0630\u0643\u064a\u0629\" srcset=\"https:\/\/artofoculoplastics.com\/wp-content\/uploads\/2025\/09\/eksozom-ameliyati-smart-lens-4.jpg 1200w, https:\/\/artofoculoplastics.com\/wp-content\/uploads\/2025\/09\/eksozom-ameliyati-smart-lens-4-300x157.jpg 300w, https:\/\/artofoculoplastics.com\/wp-content\/uploads\/2025\/09\/eksozom-ameliyati-smart-lens-4-1024x536.jpg 1024w, https:\/\/artofoculoplastics.com\/wp-content\/uploads\/2025\/09\/eksozom-ameliyati-smart-lens-4-768x402.jpg 768w, https:\/\/artofoculoplastics.com\/wp-content\/uploads\/2025\/09\/eksozom-ameliyati-smart-lens-4-18x9.jpg 18w, https:\/\/artofoculoplastics.com\/wp-content\/uploads\/2025\/09\/eksozom-ameliyati-smart-lens-4-600x314.jpg 600w\" sizes=\"(max-width: 1200px) 100vw, 1200px\" \/>\t\t\t\t\t\t\t\t\t\t\t\t\t\t\t<\/div>\n\t\t\t\t<\/div>\n\t\t\t\t<div class=\"elementor-element elementor-element-75e92a9 elementor-widget elementor-widget-text-editor\" data-id=\"75e92a9\" data-element_type=\"widget\" data-widget_type=\"text-editor.default\">\n\t\t\t\t<div class=\"elementor-widget-container\">\n\t\t\t\t\t\t\t\t\t<h3 data-start=\"1095\" data-end=\"1125\">Ak\u0131ll\u0131 Mercek Ameliyat\u0131 Kimler \u0130\u00e7in Uygundur?<\/h3><p data-start=\"1286\" data-end=\"1518\">Bu ameliyat, genellikle 40 ya\u015f ve \u00fczerindeki bireylere \u00f6nerilir. \u00c7\u00fcnk\u00fc bu d\u00f6nemde hem uzak hem de yak\u0131n g\u00f6rme problemleri belirginle\u015fmeye ba\u015flar. Genel sa\u011fl\u0131k durumu iyi olan, g\u00f6z yap\u0131s\u0131 uygun ki\u015filerde y\u00fcksek ba\u015far\u0131yla uygulan\u0131r.<\/p><h3 data-start=\"1454\" data-end=\"1472\">\u0639\u0645\u0644\u064a\u0629 \u0627\u0644\u062a\u0642\u062f\u064a\u0645<\/h3><p data-start=\"1546\" data-end=\"1797\">Ameliyat lokal anestezi ile, damla y\u00f6ntemi kullan\u0131larak ger\u00e7ekle\u015ftirilir. G\u00f6zdeki do\u011fal mercek al\u0131n\u0131r ve yerine ak\u0131ll\u0131 mercek yerle\u015ftirilir. \u0130\u015flem yakla\u015f\u0131k 15\u201320 dakika s\u00fcrer. Hasta ayn\u0131 g\u00fcn taburcu olabilir ve k\u0131sa s\u00fcrede g\u00fcnl\u00fck ya\u015fam\u0131na d\u00f6nebilir.<\/p><h3 class=\"\" data-start=\"1684\" data-end=\"1729\">\u0623\u0645\u0648\u0631 \u064a\u062c\u0628 \u0645\u0631\u0627\u0639\u0627\u062a\u0647\u0627 \u0628\u0639\u062f \u0627\u0644\u0639\u0645\u0644\u064a\u0629<\/h3><ul data-start=\"1851\" data-end=\"2030\"><li data-start=\"1851\" data-end=\"1904\"><p data-start=\"1853\" data-end=\"1904\">\u0130lk g\u00fcnlerde g\u00f6ze su ka\u00e7mamas\u0131na dikkat edilmeli,<\/p><\/li><li data-start=\"1905\" data-end=\"1956\"><p data-start=\"1907\" data-end=\"1956\">Doktorun verdi\u011fi damlalar d\u00fczenli kullan\u0131lmal\u0131,<\/p><\/li><li data-start=\"1957\" data-end=\"1981\"><p data-start=\"1959\" data-end=\"1981\">G\u00f6z ovu\u015fturulmamal\u0131,<\/p><\/li><li data-start=\"1982\" data-end=\"2030\"><p data-start=\"1984\" data-end=\"2030\">A\u011f\u0131r spor ve travmalardan uzak durulmal\u0131d\u0131r.<\/p><\/li><\/ul><p data-start=\"2032\" data-end=\"2134\">G\u00f6rme genellikle ilk birka\u00e7 g\u00fcn i\u00e7inde belirgin \u015fekilde d\u00fczelir ve birka\u00e7 hafta i\u00e7erisinde netle\u015fir.<\/p><h3 data-start=\"2045\" data-end=\"2079\">Ak\u0131ll\u0131 Mercek Ameliyat\u0131\u00a0Avantajlar\u0131<\/h3><ul><li data-start=\"2182\" data-end=\"2238\"><p data-start=\"2184\" data-end=\"2238\">Hem uzak hem yak\u0131n g\u00f6rme problemini ayn\u0131 anda \u00e7\u00f6zer,<\/p><\/li><li data-start=\"2239\" data-end=\"2292\"><p data-start=\"2241\" data-end=\"2292\">Katarakt sorununu kal\u0131c\u0131 olarak ortadan kald\u0131r\u0131r,<\/p><\/li><li data-start=\"2293\" data-end=\"2319\"><p data-start=\"2295\" data-end=\"2319\">\u00d6m\u00fcr boyu g\u00f6zde kal\u0131r,<\/p><\/li><li data-start=\"2320\" data-end=\"2366\"><p data-start=\"2322\" data-end=\"2366\">G\u00f6zl\u00fck ba\u011f\u0131ml\u0131l\u0131\u011f\u0131n\u0131 b\u00fcy\u00fck \u00f6l\u00e7\u00fcde azalt\u0131r,<\/p><\/li><li data-start=\"2367\" data-end=\"2399\"><p data-start=\"2369\" data-end=\"2399\">K\u0131sa s\u00fcrede iyile\u015fme sa\u011flar.<\/p><\/li><\/ul><h3 data-start=\"171\" data-end=\"229\">Ak\u0131ll\u0131 Mercek Ameliyat\u0131 \u0130\u00e7in Uzman Tercihi Neden \u00d6nemlidir?<\/h3><p data-start=\"2471\" data-end=\"2828\">G\u00f6z, insan v\u00fccudunun en hassas organlar\u0131ndan biridir. Ak\u0131ll\u0131 mercek ameliyat\u0131nda do\u011fru mercek se\u00e7imi ve cerrahi tecr\u00fcbe, ba\u015far\u0131 i\u00e7in kritik \u00f6neme sahiptir. Deneyimli bir g\u00f6z cerrah\u0131, ki\u015fiye en uygun mercek tipini belirler ve olas\u0131 komplikasyonlar\u0131 en aza indirir. Bu sayede hasta hem net bir g\u00f6r\u00fc\u015fe hem de uzun vadeli sa\u011fl\u0131kl\u0131 bir g\u00f6rme konforuna kavu\u015fur.<\/p>\t\t\t\t\t\t\t\t<\/div>\n\t\t\t\t<\/div>\n\t\t\t\t<div class=\"elementor-element elementor-element-2bcf730 elementor-widget elementor-widget-heading\" data-id=\"2bcf730\" data-element_type=\"widget\" data-widget_type=\"heading.default\">\n\t\t\t\t<div class=\"elementor-widget-container\">\n\t\t\t\t\t<h3 class=\"elementor-heading-title elementor-size-default\">\u0627\u0644\u0623\u0633\u0626\u0644\u0629 \u0627\u0644\u0645\u062a\u062f\u0627\u0648\u0644\u0629<\/h3>\t\t\t\t<\/div>\n\t\t\t\t<\/div>\n\t\t\t\t<div class=\"elementor-element elementor-element-5043ea1 elementor-widget elementor-widget-accordion\" data-id=\"5043ea1\" data-element_type=\"widget\" data-widget_type=\"accordion.default\">\n\t\t\t\t<div class=\"elementor-widget-container\">\n\t\t\t\t\t\t\t<div class=\"elementor-accordion\">\n\t\t\t\t\t\t\t<div class=\"elementor-accordion-item\">\n\t\t\t\t\t<div id=\"elementor-tab-title-8411\" class=\"elementor-tab-title\" data-tab=\"1\" role=\"button\" aria-controls=\"elementor-tab-content-8411\" aria-expanded=\"false\">\n\t\t\t\t\t\t\t\t\t\t\t\t\t<span class=\"elementor-accordion-icon elementor-accordion-icon-right\" aria-hidden=\"true\">\n\t\t\t\t\t\t\t\t\t\t\t\t\t\t\t<span class=\"elementor-accordion-icon-closed\"><svg class=\"e-font-icon-svg e-fas-plus\" viewbox=\"0 0 448 512\" xmlns=\"http:\/\/www.w3.org\/2000\/svg\"><path d=\"M416 208H272V64c0-17.67-14.33-32-32-32h-32c-17.67 0-32 14.33-32 32v144H32c-17.67 0-32 14.33-32 32v32c0 17.67 14.33 32 32 32h144v144c0 17.67 14.33 32 32 32h32c17.67 0 32-14.33 32-32V304h144c17.67 0 32-14.33 32-32v-32c0-17.67-14.33-32-32-32z\"><\/path><\/svg><\/span>\n\t\t\t\t\t\t\t\t<span class=\"elementor-accordion-icon-opened\"><svg class=\"e-font-icon-svg e-fas-minus\" viewbox=\"0 0 448 512\" xmlns=\"http:\/\/www.w3.org\/2000\/svg\"><path d=\"M416 208H32c-17.67 0-32 14.33-32 32v32c0 17.67 14.33 32 32 32h384c17.67 0 32-14.33 32-32v-32c0-17.67-14.33-32-32-32z\"><\/path><\/svg><\/span>\n\t\t\t\t\t\t\t\t\t\t\t\t\t\t<\/span>\n\t\t\t\t\t\t\t\t\t\t\t\t<a class=\"elementor-accordion-title\" tabindex=\"0\">Ak\u0131ll\u0131 mercek ameliyat\u0131 ac\u0131 verir mi?<\/a>\n\t\t\t\t\t<\/div>\n\t\t\t\t\t<div id=\"elementor-tab-content-8411\" class=\"elementor-tab-content elementor-clearfix\" data-tab=\"1\" role=\"region\" aria-labelledby=\"elementor-tab-title-8411\"><p data-start=\"204\" data-end=\"362\">Hay\u0131r. Ameliyat s\u0131ras\u0131nda g\u00f6z damlas\u0131yla yap\u0131lan lokal anestezi uygulan\u0131r. Bu nedenle a\u011fr\u0131 veya ac\u0131 hissedilmez.<\/p><\/div>\n\t\t\t\t<\/div>\n\t\t\t\t\t\t\t<div class=\"elementor-accordion-item\">\n\t\t\t\t\t<div id=\"elementor-tab-title-8412\" class=\"elementor-tab-title\" data-tab=\"2\" role=\"button\" aria-controls=\"elementor-tab-content-8412\" aria-expanded=\"false\">\n\t\t\t\t\t\t\t\t\t\t\t\t\t<span class=\"elementor-accordion-icon elementor-accordion-icon-right\" aria-hidden=\"true\">\n\t\t\t\t\t\t\t\t\t\t\t\t\t\t\t<span class=\"elementor-accordion-icon-closed\"><svg class=\"e-font-icon-svg e-fas-plus\" viewbox=\"0 0 448 512\" xmlns=\"http:\/\/www.w3.org\/2000\/svg\"><path d=\"M416 208H272V64c0-17.67-14.33-32-32-32h-32c-17.67 0-32 14.33-32 32v144H32c-17.67 0-32 14.33-32 32v32c0 17.67 14.33 32 32 32h144v144c0 17.67 14.33 32 32 32h32c17.67 0 32-14.33 32-32V304h144c17.67 0 32-14.33 32-32v-32c0-17.67-14.33-32-32-32z\"><\/path><\/svg><\/span>\n\t\t\t\t\t\t\t\t<span class=\"elementor-accordion-icon-opened\"><svg class=\"e-font-icon-svg e-fas-minus\" viewbox=\"0 0 448 512\" xmlns=\"http:\/\/www.w3.org\/2000\/svg\"><path d=\"M416 208H32c-17.67 0-32 14.33-32 32v32c0 17.67 14.33 32 32 32h384c17.67 0 32-14.33 32-32v-32c0-17.67-14.33-32-32-32z\"><\/path><\/svg><\/span>\n\t\t\t\t\t\t\t\t\t\t\t\t\t\t<\/span>\n\t\t\t\t\t\t\t\t\t\t\t\t<a class=\"elementor-accordion-title\" tabindex=\"0\">Ameliyat ne kadar s\u00fcrer?<\/a>\n\t\t\t\t\t<\/div>\n\t\t\t\t\t<div id=\"elementor-tab-content-8412\" class=\"elementor-tab-content elementor-clearfix\" data-tab=\"2\" role=\"region\" aria-labelledby=\"elementor-tab-title-8412\"><p data-start=\"364\" data-end=\"481\">Her bir g\u00f6z i\u00e7in i\u015flem ortalama 15\u201320 dakika s\u00fcrer. Hasta ayn\u0131 g\u00fcn taburcu olabilir.<\/p><\/div>\n\t\t\t\t<\/div>\n\t\t\t\t\t\t\t<div class=\"elementor-accordion-item\">\n\t\t\t\t\t<div id=\"elementor-tab-title-8413\" class=\"elementor-tab-title\" data-tab=\"3\" role=\"button\" aria-controls=\"elementor-tab-content-8413\" aria-expanded=\"false\">\n\t\t\t\t\t\t\t\t\t\t\t\t\t<span class=\"elementor-accordion-icon elementor-accordion-icon-right\" aria-hidden=\"true\">\n\t\t\t\t\t\t\t\t\t\t\t\t\t\t\t<span class=\"elementor-accordion-icon-closed\"><svg class=\"e-font-icon-svg e-fas-plus\" viewbox=\"0 0 448 512\" xmlns=\"http:\/\/www.w3.org\/2000\/svg\"><path d=\"M416 208H272V64c0-17.67-14.33-32-32-32h-32c-17.67 0-32 14.33-32 32v144H32c-17.67 0-32 14.33-32 32v32c0 17.67 14.33 32 32 32h144v144c0 17.67 14.33 32 32 32h32c17.67 0 32-14.33 32-32V304h144c17.67 0 32-14.33 32-32v-32c0-17.67-14.33-32-32-32z\"><\/path><\/svg><\/span>\n\t\t\t\t\t\t\t\t<span class=\"elementor-accordion-icon-opened\"><svg class=\"e-font-icon-svg e-fas-minus\" viewbox=\"0 0 448 512\" xmlns=\"http:\/\/www.w3.org\/2000\/svg\"><path d=\"M416 208H32c-17.67 0-32 14.33-32 32v32c0 17.67 14.33 32 32 32h384c17.67 0 32-14.33 32-32v-32c0-17.67-14.33-32-32-32z\"><\/path><\/svg><\/span>\n\t\t\t\t\t\t\t\t\t\t\t\t\t\t<\/span>\n\t\t\t\t\t\t\t\t\t\t\t\t<a class=\"elementor-accordion-title\" tabindex=\"0\">Ameliyat sonras\u0131 g\u00f6zl\u00fck kullanmam gerekir mi?<\/a>\n\t\t\t\t\t<\/div>\n\t\t\t\t\t<div id=\"elementor-tab-content-8413\" class=\"elementor-tab-content elementor-clearfix\" data-tab=\"3\" role=\"region\" aria-labelledby=\"elementor-tab-title-8413\"><p data-start=\"483\" data-end=\"682\">\u00c7o\u011fu hasta hem uzak hem yak\u0131n g\u00f6r\u00fc\u015f\u00fcn\u00fc g\u00f6zl\u00fcks\u00fcz kazan\u0131r. Ancak \u00e7ok k\u00fc\u00e7\u00fck numaralar veya \u00f6zel durumlarda d\u00fc\u015f\u00fck dereceli g\u00f6zl\u00fck ihtiyac\u0131 olabilir.<\/p><\/div>\n\t\t\t\t<\/div>\n\t\t\t\t\t\t\t<div class=\"elementor-accordion-item\">\n\t\t\t\t\t<div id=\"elementor-tab-title-8414\" class=\"elementor-tab-title\" data-tab=\"4\" role=\"button\" aria-controls=\"elementor-tab-content-8414\" aria-expanded=\"false\">\n\t\t\t\t\t\t\t\t\t\t\t\t\t<span class=\"elementor-accordion-icon elementor-accordion-icon-right\" aria-hidden=\"true\">\n\t\t\t\t\t\t\t\t\t\t\t\t\t\t\t<span class=\"elementor-accordion-icon-closed\"><svg class=\"e-font-icon-svg e-fas-plus\" viewbox=\"0 0 448 512\" xmlns=\"http:\/\/www.w3.org\/2000\/svg\"><path d=\"M416 208H272V64c0-17.67-14.33-32-32-32h-32c-17.67 0-32 14.33-32 32v144H32c-17.67 0-32 14.33-32 32v32c0 17.67 14.33 32 32 32h144v144c0 17.67 14.33 32 32 32h32c17.67 0 32-14.33 32-32V304h144c17.67 0 32-14.33 32-32v-32c0-17.67-14.33-32-32-32z\"><\/path><\/svg><\/span>\n\t\t\t\t\t\t\t\t<span class=\"elementor-accordion-icon-opened\"><svg class=\"e-font-icon-svg e-fas-minus\" viewbox=\"0 0 448 512\" xmlns=\"http:\/\/www.w3.org\/2000\/svg\"><path d=\"M416 208H32c-17.67 0-32 14.33-32 32v32c0 17.67 14.33 32 32 32h384c17.67 0 32-14.33 32-32v-32c0-17.67-14.33-32-32-32z\"><\/path><\/svg><\/span>\n\t\t\t\t\t\t\t\t\t\t\t\t\t\t<\/span>\n\t\t\t\t\t\t\t\t\t\t\t\t<a class=\"elementor-accordion-title\" tabindex=\"0\">Ak\u0131ll\u0131 mercekler \u00f6m\u00fcr boyu kal\u0131c\u0131 m\u0131d\u0131r?<\/a>\n\t\t\t\t\t<\/div>\n\t\t\t\t\t<div id=\"elementor-tab-content-8414\" class=\"elementor-tab-content elementor-clearfix\" data-tab=\"4\" role=\"region\" aria-labelledby=\"elementor-tab-title-8414\"><p data-start=\"684\" data-end=\"821\">Evet. Yerle\u015ftirilen mercekler \u00f6m\u00fcr boyu g\u00f6zde kal\u0131r ve tekrar de\u011fi\u015ftirilmeleri gerekmez.<\/p><\/div>\n\t\t\t\t<\/div>\n\t\t\t\t\t\t\t<div class=\"elementor-accordion-item\">\n\t\t\t\t\t<div id=\"elementor-tab-title-8415\" class=\"elementor-tab-title\" data-tab=\"5\" role=\"button\" aria-controls=\"elementor-tab-content-8415\" aria-expanded=\"false\">\n\t\t\t\t\t\t\t\t\t\t\t\t\t<span class=\"elementor-accordion-icon elementor-accordion-icon-right\" aria-hidden=\"true\">\n\t\t\t\t\t\t\t\t\t\t\t\t\t\t\t<span class=\"elementor-accordion-icon-closed\"><svg class=\"e-font-icon-svg e-fas-plus\" viewbox=\"0 0 448 512\" xmlns=\"http:\/\/www.w3.org\/2000\/svg\"><path d=\"M416 208H272V64c0-17.67-14.33-32-32-32h-32c-17.67 0-32 14.33-32 32v144H32c-17.67 0-32 14.33-32 32v32c0 17.67 14.33 32 32 32h144v144c0 17.67 14.33 32 32 32h32c17.67 0 32-14.33 32-32V304h144c17.67 0 32-14.33 32-32v-32c0-17.67-14.33-32-32-32z\"><\/path><\/svg><\/span>\n\t\t\t\t\t\t\t\t<span class=\"elementor-accordion-icon-opened\"><svg class=\"e-font-icon-svg e-fas-minus\" viewbox=\"0 0 448 512\" xmlns=\"http:\/\/www.w3.org\/2000\/svg\"><path d=\"M416 208H32c-17.67 0-32 14.33-32 32v32c0 17.67 14.33 32 32 32h384c17.67 0 32-14.33 32-32v-32c0-17.67-14.33-32-32-32z\"><\/path><\/svg><\/span>\n\t\t\t\t\t\t\t\t\t\t\t\t\t\t<\/span>\n\t\t\t\t\t\t\t\t\t\t\t\t<a class=\"elementor-accordion-title\" tabindex=\"0\">Ameliyat sonras\u0131 iyile\u015fme s\u00fcreci nas\u0131ld\u0131r?<\/a>\n\t\t\t\t\t<\/div>\n\t\t\t\t\t<div id=\"elementor-tab-content-8415\" class=\"elementor-tab-content elementor-clearfix\" data-tab=\"5\" role=\"region\" aria-labelledby=\"elementor-tab-title-8415\"><p data-start=\"823\" data-end=\"1027\">Genellikle birka\u00e7 g\u00fcn i\u00e7inde g\u00f6rme belirgin \u015fekilde d\u00fczelir. Tam netlik birka\u00e7 hafta i\u00e7erisinde sa\u011flan\u0131r. Hastalar k\u0131sa s\u00fcrede g\u00fcnl\u00fck ya\u015fam\u0131na d\u00f6nebilir.<\/p><\/div>\n\t\t\t\t<\/div>\n\t\t\t\t\t\t\t<div class=\"elementor-accordion-item\">\n\t\t\t\t\t<div id=\"elementor-tab-title-8416\" class=\"elementor-tab-title\" data-tab=\"6\" role=\"button\" aria-controls=\"elementor-tab-content-8416\" aria-expanded=\"false\">\n\t\t\t\t\t\t\t\t\t\t\t\t\t<span class=\"elementor-accordion-icon elementor-accordion-icon-right\" aria-hidden=\"true\">\n\t\t\t\t\t\t\t\t\t\t\t\t\t\t\t<span class=\"elementor-accordion-icon-closed\"><svg class=\"e-font-icon-svg e-fas-plus\" viewbox=\"0 0 448 512\" xmlns=\"http:\/\/www.w3.org\/2000\/svg\"><path d=\"M416 208H272V64c0-17.67-14.33-32-32-32h-32c-17.67 0-32 14.33-32 32v144H32c-17.67 0-32 14.33-32 32v32c0 17.67 14.33 32 32 32h144v144c0 17.67 14.33 32 32 32h32c17.67 0 32-14.33 32-32V304h144c17.67 0 32-14.33 32-32v-32c0-17.67-14.33-32-32-32z\"><\/path><\/svg><\/span>\n\t\t\t\t\t\t\t\t<span class=\"elementor-accordion-icon-opened\"><svg class=\"e-font-icon-svg e-fas-minus\" viewbox=\"0 0 448 512\" xmlns=\"http:\/\/www.w3.org\/2000\/svg\"><path d=\"M416 208H32c-17.67 0-32 14.33-32 32v32c0 17.67 14.33 32 32 32h384c17.67 0 32-14.33 32-32v-32c0-17.67-14.33-32-32-32z\"><\/path><\/svg><\/span>\n\t\t\t\t\t\t\t\t\t\t\t\t\t\t<\/span>\n\t\t\t\t\t\t\t\t\t\t\t\t<a class=\"elementor-accordion-title\" tabindex=\"0\">Ak\u0131ll\u0131 mercek ameliyat\u0131 riskli midir?<\/a>\n\t\t\t\t\t<\/div>\n\t\t\t\t\t<div id=\"elementor-tab-content-8416\" class=\"elementor-tab-content elementor-clearfix\" data-tab=\"6\" role=\"region\" aria-labelledby=\"elementor-tab-title-8416\"><p data-start=\"1029\" data-end=\"1215\">Her cerrahi i\u015flemde oldu\u011fu gibi baz\u0131 riskler olsa da, deneyimli bir g\u00f6z cerrah\u0131 taraf\u0131ndan yap\u0131ld\u0131\u011f\u0131nda komplikasyon oran\u0131 olduk\u00e7a d\u00fc\u015f\u00fckt\u00fcr.<\/p><\/div>\n\t\t\t\t<\/div>\n\t\t\t\t\t\t\t\t<\/div>\n\t\t\t\t\t\t<\/div>\n\t\t\t\t<\/div>\n\t\t\t\t\t<\/div>\n\t\t\t\t<\/div>\n\t\t\t\t\t<\/div>\n\t\t\t\t<\/div>\n\t\t\t\t<\/div>","protected":false},"excerpt":{"rendered":"<p>Ak\u0131ll\u0131 Mercek Ameliyat\u0131 Nedir? Ak\u0131ll\u0131 mercek ameliyat\u0131, g\u00f6zdeki do\u011fal merce\u011fin \u00e7\u0131kar\u0131larak yerine \u00e7ok odakl\u0131 yapay merceklerin yerle\u015ftirilmesi i\u015flemidir. Bu mercekler sayesinde hasta hem yak\u0131n\u0131 hem uza\u011f\u0131 hem de ara mesafeleri net g\u00f6rebilir. \u00d6zellikle katarakt tedavisinde ve g\u00f6zl\u00fck ba\u011f\u0131ml\u0131l\u0131\u011f\u0131n\u0131 ortadan kald\u0131rmak isteyen ki\u015filerde tercih edilir. Bu y\u00f6ntem, lazer g\u00f6z operasyonlar\u0131na uygun olmayan veya ya\u015fa ba\u011fl\u0131 g\u00f6rme&#8230;<\/p>","protected":false},"author":1,"featured_media":0,"parent":6528,"menu_order":0,"comment_status":"closed","ping_status":"closed","template":"","meta":{"footnotes":""},"class_list":["post-6553","page","type-page","status-publish","hentry"],"_links":{"self":[{"href":"https:\/\/artofoculoplastics.com\/ar\/wp-json\/wp\/v2\/pages\/6553","targetHints":{"allow":["GET"]}}],"collection":[{"href":"https:\/\/artofoculoplastics.com\/ar\/wp-json\/wp\/v2\/pages"}],"about":[{"href":"https:\/\/artofoculoplastics.com\/ar\/wp-json\/wp\/v2\/types\/page"}],"author":[{"embeddable":true,"href":"https:\/\/artofoculoplastics.com\/ar\/wp-json\/wp\/v2\/users\/1"}],"replies":[{"embeddable":true,"href":"https:\/\/artofoculoplastics.com\/ar\/wp-json\/wp\/v2\/comments?post=6553"}],"version-history":[{"count":8,"href":"https:\/\/artofoculoplastics.com\/ar\/wp-json\/wp\/v2\/pages\/6553\/revisions"}],"predecessor-version":[{"id":8542,"href":"https:\/\/artofoculoplastics.com\/ar\/wp-json\/wp\/v2\/pages\/6553\/revisions\/8542"}],"up":[{"embeddable":true,"href":"https:\/\/artofoculoplastics.com\/ar\/wp-json\/wp\/v2\/pages\/6528"}],"wp:attachment":[{"href":"https:\/\/artofoculoplastics.com\/ar\/wp-json\/wp\/v2\/media?parent=6553"}],"curies":[{"name":"wp","href":"https:\/\/api.w.org\/{rel}","templated":true}]}}