{"id":6528,"date":"2025-04-24T11:13:40","date_gmt":"2025-04-24T08:13:40","guid":{"rendered":"https:\/\/artofoculoplastics.com\/?page_id=6528"},"modified":"2025-05-07T16:31:19","modified_gmt":"2025-05-07T13:31:19","slug":"%d8%aa%d8%b7%d8%a8%d9%8a%d9%82%d8%a7%d8%aa-%d8%aa%d8%ac%d9%85%d9%8a%d9%84-%d8%a7%d9%84%d8%ac%d9%81%d9%88%d9%86-%d9%88%d9%85%d8%ad%d9%8a%d8%b7-%d8%a7%d9%84%d8%b9%d9%8a%d9%86-%d8%ba%d9%8a%d8%b1-%d8%a7","status":"publish","type":"page","link":"https:\/\/artofoculoplastics.com\/ar\/%d8%aa%d8%b7%d8%a8%d9%8a%d9%82%d8%a7%d8%aa-%d8%aa%d8%ac%d9%85%d9%8a%d9%84-%d8%a7%d9%84%d8%ac%d9%81%d9%88%d9%86-%d9%88%d9%85%d8%ad%d9%8a%d8%b7-%d8%a7%d9%84%d8%b9%d9%8a%d9%86-%d8%ba%d9%8a%d8%b1-%d8%a7\/","title":{"rendered":"\u062a\u0637\u0628\u064a\u0642\u0627\u062a \u062a\u062c\u0645\u064a\u0644 \u0627\u0644\u062c\u0641\u0648\u0646 \u0648\u0645\u062d\u064a\u0637 \u0627\u0644\u0639\u064a\u0646 \u063a\u064a\u0631 \u0627\u0644\u062c\u0631\u0627\u062d\u064a\u0629"},"content":{"rendered":"<div data-elementor-type=\"wp-page\" data-elementor-id=\"6528\" class=\"elementor elementor-6528\">\n\t\t\t\t<div class=\"elementor-element elementor-element-a0531c2 e-flex e-con-boxed e-con e-parent\" data-id=\"a0531c2\" data-element_type=\"container\">\n\t\t\t\t\t<div class=\"e-con-inner\">\n\t\t\r\n\t\t<div class=\"elementor-element elementor-element-e8817bf elementor-widget elementor-widget-image\" data-id=\"e8817bf\" data-element_type=\"widget\" data-widget_type=\"image.default\">\n\t\t\t\t<div class=\"elementor-widget-container\">\n\t\t\t\t\t\t\t\t\t\t\t\t\t\t\t<img fetchpriority=\"high\" decoding=\"async\" width=\"849\" height=\"280\" src=\"https:\/\/artofoculoplastics.com\/wp-content\/uploads\/2025\/05\/Ameliyatsiz-Goz-Kapagi-ve-Goz-Cevresi-Estetik-Uygulamalari-2-e1746624637855.png\" class=\"attachment-full size-full wp-image-7852\" alt=\"\u0645\u0627 \u0647\u064a \u0625\u062c\u0631\u0627\u0621\u0627\u062a \u062a\u062c\u0645\u064a\u0644 \u0627\u0644\u062c\u0641\u0648\u0646 \u0648\u0645\u062d\u064a\u0637 \u0627\u0644\u0639\u064a\u0646 \u063a\u064a\u0631 \u0627\u0644\u062c\u0631\u0627\u062d\u064a\u0629\u061f\" srcset=\"https:\/\/artofoculoplastics.com\/wp-content\/uploads\/2025\/05\/Ameliyatsiz-Goz-Kapagi-ve-Goz-Cevresi-Estetik-Uygulamalari-2-e1746624637855.png 849w, https:\/\/artofoculoplastics.com\/wp-content\/uploads\/2025\/05\/Ameliyatsiz-Goz-Kapagi-ve-Goz-Cevresi-Estetik-Uygulamalari-2-e1746624637855-300x99.png 300w, https:\/\/artofoculoplastics.com\/wp-content\/uploads\/2025\/05\/Ameliyatsiz-Goz-Kapagi-ve-Goz-Cevresi-Estetik-Uygulamalari-2-e1746624637855-768x253.png 768w, https:\/\/artofoculoplastics.com\/wp-content\/uploads\/2025\/05\/Ameliyatsiz-Goz-Kapagi-ve-Goz-Cevresi-Estetik-Uygulamalari-2-e1746624637855-18x6.png 18w, https:\/\/artofoculoplastics.com\/wp-content\/uploads\/2025\/05\/Ameliyatsiz-Goz-Kapagi-ve-Goz-Cevresi-Estetik-Uygulamalari-2-e1746624637855-600x198.png 600w\" sizes=\"(max-width: 849px) 100vw, 849px\" \/>\t\t\t\t\t\t\t\t\t\t\t\t\t\t\t<\/div>\n\t\t\t\t<\/div>\n\t\t\t\t<div class=\"elementor-element elementor-element-e8c6b74 elementor-widget elementor-widget-mediaxmenuselect\" data-id=\"e8c6b74\" data-element_type=\"widget\" data-widget_type=\"mediaxmenuselect.default\">\n\t\t\t\t<div class=\"elementor-widget-container\">\n\t\t\t\t\t<ul id=\"menu-ameliyatsiz-goz-kapagi-ve-goz-cevresi-estetik-uygulamalari\" class=\"menu\"><li id=\"menu-item-7826\" class=\"menu-item menu-item-type-post_type menu-item-object-page menu-item-7826\"><a href=\"https:\/\/artofoculoplastics.com\/ar\/%d8%aa%d8%b7%d8%a8%d9%8a%d9%82%d8%a7%d8%aa-%d8%aa%d8%ac%d9%85%d9%8a%d9%84-%d8%a7%d9%84%d8%ac%d9%81%d9%88%d9%86-%d9%88%d9%85%d8%ad%d9%8a%d8%b7-%d8%a7%d9%84%d8%b9%d9%8a%d9%86-%d8%ba%d9%8a%d8%b1-%d8%a7\/%d8%a7%d9%84%d8%a8%d9%88%d8%aa%d9%88%d9%83%d8%b3\/\">\u0627\u0644\u0628\u0648\u062a\u0648\u0643\u0633<\/a><\/li>\n<li id=\"menu-item-7827\" class=\"menu-item menu-item-type-post_type menu-item-object-page menu-item-7827\"><a href=\"https:\/\/artofoculoplastics.com\/ar\/%d8%aa%d8%b7%d8%a8%d9%8a%d9%82%d8%a7%d8%aa-%d8%aa%d8%ac%d9%85%d9%8a%d9%84-%d8%a7%d9%84%d8%ac%d9%81%d9%88%d9%86-%d9%88%d9%85%d8%ad%d9%8a%d8%b7-%d8%a7%d9%84%d8%b9%d9%8a%d9%86-%d8%ba%d9%8a%d8%b1-%d8%a7\/%d8%aa%d8%b7%d8%a8%d9%8a%d9%82%d8%a7%d8%aa-%d8%a7%d9%84%d9%85%d9%8a%d8%b2%d9%88%d8%ab%d9%8a%d8%b1%d8%a7%d8%a8%d9%8a\/\">\u062a\u0637\u0628\u064a\u0642\u0627\u062a \u0627\u0644\u0645\u064a\u0632\u0648\u062b\u064a\u0631\u0627\u0628\u064a<\/a><\/li>\n<li id=\"menu-item-7828\" class=\"menu-item menu-item-type-post_type menu-item-object-page menu-item-7828\"><a href=\"https:\/\/artofoculoplastics.com\/ar\/%d8%aa%d8%b7%d8%a8%d9%8a%d9%82%d8%a7%d8%aa-%d8%aa%d8%ac%d9%85%d9%8a%d9%84-%d8%a7%d9%84%d8%ac%d9%81%d9%88%d9%86-%d9%88%d9%85%d8%ad%d9%8a%d8%b7-%d8%a7%d9%84%d8%b9%d9%8a%d9%86-%d8%ba%d9%8a%d8%b1-%d8%a7\/%d8%b9%d9%84%d8%a7%d8%ac-%d8%a7%d9%84%d8%a8%d9%84%d8%a7%d8%b2%d9%85%d8%a7-%d8%a7%d9%84%d8%ba%d9%86%d9%8a%d8%a9-%d8%a8%d8%a7%d9%84%d8%b5%d9%81%d8%a7%d8%a6%d8%ad-%d8%a7%d9%84%d8%af%d9%85%d9%88%d9%8a\/\">\u0639\u0644\u0627\u062c \u0627\u0644\u0628\u0644\u0627\u0632\u0645\u0627 \u0627\u0644\u063a\u0646\u064a\u0629 \u0628\u0627\u0644\u0635\u0641\u0627\u0626\u062d \u0627\u0644\u062f\u0645\u0648\u064a\u0629 |<\/a><\/li>\n<li id=\"menu-item-7836\" class=\"menu-item menu-item-type-post_type menu-item-object-page menu-item-7836\"><a href=\"https:\/\/artofoculoplastics.com\/ar\/%d8%aa%d8%b7%d8%a8%d9%8a%d9%82%d8%a7%d8%aa-%d8%aa%d8%ac%d9%85%d9%8a%d9%84-%d8%a7%d9%84%d8%ac%d9%81%d9%88%d9%86-%d9%88%d9%85%d8%ad%d9%8a%d8%b7-%d8%a7%d9%84%d8%b9%d9%8a%d9%86-%d8%ba%d9%8a%d8%b1-%d8%a7\/%d8%aa%d8%b7%d8%a8%d9%8a%d9%82-%d8%a7%d9%84%d8%aa%d8%b9%d8%a8%d8%a6%d8%a9-%d8%a7%d9%84%d8%b0%d9%83%d9%8a%d8%a9\/\">\u062a\u0637\u0628\u064a\u0642 \u0627\u0644\u062a\u0639\u0628\u0626\u0629 \u0627\u0644\u0630\u0643\u064a\u0629<\/a><\/li>\n<li id=\"menu-item-7829\" class=\"menu-item menu-item-type-post_type menu-item-object-page menu-item-7829\"><a href=\"https:\/\/artofoculoplastics.com\/ar\/%d8%aa%d8%b7%d8%a8%d9%8a%d9%82%d8%a7%d8%aa-%d8%aa%d8%ac%d9%85%d9%8a%d9%84-%d8%a7%d9%84%d8%ac%d9%81%d9%88%d9%86-%d9%88%d9%85%d8%ad%d9%8a%d8%b7-%d8%a7%d9%84%d8%b9%d9%8a%d9%86-%d8%ba%d9%8a%d8%b1-%d8%a7\/%d8%aa%d8%b7%d8%a8%d9%8a%d9%82-%d8%aa%d8%b9%d9%84%d9%8a%d9%82-%d8%a7%d9%84%d8%ad%d8%a8%d9%84\/\">\u062a\u0637\u0628\u064a\u0642 \u0634\u0645\u0627\u0639\u0629 \u0627\u0644\u062d\u0628\u0644<\/a><\/li>\n<li id=\"menu-item-7830\" class=\"menu-item menu-item-type-post_type menu-item-object-page menu-item-7830\"><a href=\"https:\/\/artofoculoplastics.com\/ar\/%d8%aa%d8%b7%d8%a8%d9%8a%d9%82%d8%a7%d8%aa-%d8%aa%d8%ac%d9%85%d9%8a%d9%84-%d8%a7%d9%84%d8%ac%d9%81%d9%88%d9%86-%d9%88%d9%85%d8%ad%d9%8a%d8%b7-%d8%a7%d9%84%d8%b9%d9%8a%d9%86-%d8%ba%d9%8a%d8%b1-%d8%a7\/%d8%b9%d9%84%d8%a7%d8%ac-%d8%a7%d9%84%d9%87%d8%a7%d9%84%d8%a7%d8%aa-%d8%a7%d9%84%d8%b3%d9%88%d8%af%d8%a7%d8%a1-%d9%88%d8%a7%d9%84%d9%83%d8%af%d9%85%d8%a7%d8%aa\/\">\u0639\u0644\u0627\u062c \u0627\u0644\u0647\u0627\u0644\u0627\u062a \u0627\u0644\u0633\u0648\u062f\u0627\u0621 \u0648\u0627\u0644\u0647\u0627\u0644\u0627\u062a \u0627\u0644\u0633\u0648\u062f\u0627\u0621 \u062a\u062d\u062a \u0627\u0644\u0639\u064a\u0646<\/a><\/li>\n<li id=\"menu-item-7831\" class=\"menu-item menu-item-type-post_type menu-item-object-page menu-item-7831\"><a href=\"https:\/\/artofoculoplastics.com\/ar\/%d8%aa%d8%b7%d8%a8%d9%8a%d9%82%d8%a7%d8%aa-%d8%aa%d8%ac%d9%85%d9%8a%d9%84-%d8%a7%d9%84%d8%ac%d9%81%d9%88%d9%86-%d9%88%d9%85%d8%ad%d9%8a%d8%b7-%d8%a7%d9%84%d8%b9%d9%8a%d9%86-%d8%ba%d9%8a%d8%b1-%d8%a7\/%d8%aa%d8%ac%d8%af%d9%8a%d8%af-%d8%a8%d8%b4%d8%b1%d8%a9-%d8%a7%d9%84%d8%ac%d9%81%d9%86-%d8%a8%d8%a7%d8%b3%d8%aa%d8%ae%d8%af%d8%a7%d9%85-%d9%84%d9%8a%d8%b2%d8%b1-%d8%ab%d8%a7%d9%86%d9%8a-%d8%a3%d9%83\/\">\u062a\u062c\u062f\u064a\u062f \u0628\u0634\u0631\u0629 \u0627\u0644\u062c\u0641\u0646 \u0628\u0627\u0633\u062a\u062e\u062f\u0627\u0645 \u0644\u064a\u0632\u0631 \u062b\u0627\u0646\u064a \u0623\u0643\u0633\u064a\u062f \u0627\u0644\u0643\u0631\u0628\u0648\u0646<\/a><\/li>\n<li id=\"menu-item-7832\" class=\"menu-item menu-item-type-post_type menu-item-object-page menu-item-7832\"><a href=\"https:\/\/artofoculoplastics.com\/ar\/%d8%aa%d8%b7%d8%a8%d9%8a%d9%82%d8%a7%d8%aa-%d8%aa%d8%ac%d9%85%d9%8a%d9%84-%d8%a7%d9%84%d8%ac%d9%81%d9%88%d9%86-%d9%88%d9%85%d8%ad%d9%8a%d8%b7-%d8%a7%d9%84%d8%b9%d9%8a%d9%86-%d8%ba%d9%8a%d8%b1-%d8%a7\/%d8%ad%d9%82%d9%86-%d8%a7%d9%84%d9%81%d9%8a%d9%84%d8%b1-%d8%aa%d8%ad%d8%aa-%d8%a7%d9%84%d8%b9%d9%8a%d9%86%d9%8a%d9%86-%d9%88%d8%a7%d9%84%d9%88%d8%ac%d9%87\/\">\u062d\u0642\u0646 \u0627\u0644\u0641\u064a\u0644\u0631 (\u062a\u062d\u062a \u0627\u0644\u0639\u064a\u0646 \u0648\u0627\u0644\u0648\u062c\u0647)<\/a><\/li>\n<li id=\"menu-item-7833\" class=\"menu-item menu-item-type-post_type menu-item-object-page menu-item-7833\"><a href=\"https:\/\/artofoculoplastics.com\/ar\/%d8%aa%d8%b7%d8%a8%d9%8a%d9%82%d8%a7%d8%aa-%d8%aa%d8%ac%d9%85%d9%8a%d9%84-%d8%a7%d9%84%d8%ac%d9%81%d9%88%d9%86-%d9%88%d9%85%d8%ad%d9%8a%d8%b7-%d8%a7%d9%84%d8%b9%d9%8a%d9%86-%d8%ba%d9%8a%d8%b1-%d8%a7\/%d8%ac%d8%b1%d8%a7%d8%ad%d8%a9-%d8%a5%d8%b9%d8%aa%d8%a7%d9%85-%d8%b9%d8%af%d8%b3%d8%a9-%d8%a7%d9%84%d8%b9%d9%8a%d9%86\/\">\u062c\u0631\u0627\u062d\u0629 \u0627\u0644\u0633\u0627\u062f<\/a><\/li>\n<li id=\"menu-item-7834\" class=\"menu-item menu-item-type-post_type menu-item-object-page menu-item-7834\"><a href=\"https:\/\/artofoculoplastics.com\/ar\/%d8%aa%d8%b7%d8%a8%d9%8a%d9%82%d8%a7%d8%aa-%d8%aa%d8%ac%d9%85%d9%8a%d9%84-%d8%a7%d9%84%d8%ac%d9%81%d9%88%d9%86-%d9%88%d9%85%d8%ad%d9%8a%d8%b7-%d8%a7%d9%84%d8%b9%d9%8a%d9%86-%d8%ba%d9%8a%d8%b1-%d8%a7\/%d9%81%d8%ad%d8%b5-%d8%b9%d9%8a%d9%88%d9%86-%d8%a7%d9%84%d8%b7%d9%81%d9%84\/\">\u0641\u062d\u0635 \u0639\u064a\u0648\u0646 \u0627\u0644\u0623\u0637\u0641\u0627\u0644<\/a><\/li>\n<li id=\"menu-item-7835\" class=\"menu-item menu-item-type-post_type menu-item-object-page menu-item-7835\"><a href=\"https:\/\/artofoculoplastics.com\/ar\/%d8%aa%d8%b7%d8%a8%d9%8a%d9%82%d8%a7%d8%aa-%d8%aa%d8%ac%d9%85%d9%8a%d9%84-%d8%a7%d9%84%d8%ac%d9%81%d9%88%d9%86-%d9%88%d9%85%d8%ad%d9%8a%d8%b7-%d8%a7%d9%84%d8%b9%d9%8a%d9%86-%d8%ba%d9%8a%d8%b1-%d8%a7\/%d8%ac%d8%b1%d8%a7%d8%ad%d8%a9-%d8%a7%d9%84%d9%84%d9%8a%d8%b2%d8%b1-%d8%a7%d9%84%d8%a5%d9%83%d8%b3%d9%8a%d9%85%d8%b1%d9%8a\/\">\u062c\u0631\u0627\u062d\u0629 \u0627\u0644\u0644\u064a\u0632\u0631 \u0627\u0644\u0625\u0643\u0633\u064a\u0645\u0631\u064a<\/a><\/li>\n<li id=\"menu-item-7837\" class=\"menu-item menu-item-type-post_type menu-item-object-page menu-item-7837\"><a href=\"https:\/\/artofoculoplastics.com\/ar\/%d8%aa%d8%b7%d8%a8%d9%8a%d9%82%d8%a7%d8%aa-%d8%aa%d8%ac%d9%85%d9%8a%d9%84-%d8%a7%d9%84%d8%ac%d9%81%d9%88%d9%86-%d9%88%d9%85%d8%ad%d9%8a%d8%b7-%d8%a7%d9%84%d8%b9%d9%8a%d9%86-%d8%ba%d9%8a%d8%b1-%d8%a7\/%d8%ac%d8%b1%d8%a7%d8%ad%d8%a9-%d8%a7%d9%84%d8%b9%d9%8a%d9%88%d9%86-%d8%a8%d8%a7%d9%84%d9%84%d9%8a%d8%b2%d9%83\/\">\u062c\u0631\u0627\u062d\u0629 \u0627\u0644\u0639\u064a\u0648\u0646 \u0628\u0627\u0644\u0644\u064a\u0632\u0643<\/a><\/li>\n<li id=\"menu-item-7838\" class=\"menu-item menu-item-type-post_type menu-item-object-page menu-item-7838\"><a href=\"https:\/\/artofoculoplastics.com\/ar\/%d8%aa%d8%b7%d8%a8%d9%8a%d9%82%d8%a7%d8%aa-%d8%aa%d8%ac%d9%85%d9%8a%d9%84-%d8%a7%d9%84%d8%ac%d9%81%d9%88%d9%86-%d9%88%d9%85%d8%ad%d9%8a%d8%b7-%d8%a7%d9%84%d8%b9%d9%8a%d9%86-%d8%ba%d9%8a%d8%b1-%d8%a7\/%d8%b9%d9%84%d8%a7%d8%ac-%d8%ac%d9%81%d8%a7%d9%81-%d8%a7%d9%84%d8%b9%d9%8a%d9%86\/\">\u0639\u0644\u0627\u062c \u062c\u0641\u0627\u0641 \u0627\u0644\u0639\u064a\u0646<\/a><\/li>\n<li id=\"menu-item-7839\" class=\"menu-item menu-item-type-post_type menu-item-object-page menu-item-7839\"><a href=\"https:\/\/artofoculoplastics.com\/ar\/%d8%aa%d8%b7%d8%a8%d9%8a%d9%82%d8%a7%d8%aa-%d8%aa%d8%ac%d9%85%d9%8a%d9%84-%d8%a7%d9%84%d8%ac%d9%81%d9%88%d9%86-%d9%88%d9%85%d8%ad%d9%8a%d8%b7-%d8%a7%d9%84%d8%b9%d9%8a%d9%86-%d8%ba%d9%8a%d8%b1-%d8%a7\/%d8%aa%d8%b7%d8%a8%d9%8a%d9%82-%d8%a7%d9%84%d8%b9%d8%af%d8%b3%d8%a7%d8%aa-%d8%a7%d9%84%d9%84%d8%a7%d8%b5%d9%82%d8%a9\/\">\u062a\u0637\u0628\u064a\u0642 \u0627\u0644\u0639\u062f\u0633\u0627\u062a \u0627\u0644\u0644\u0627\u0635\u0642\u0629<\/a><\/li>\n<li id=\"menu-item-7840\" class=\"menu-item menu-item-type-post_type menu-item-object-page menu-item-7840\"><a href=\"https:\/\/artofoculoplastics.com\/ar\/%d8%aa%d8%b7%d8%a8%d9%8a%d9%82%d8%a7%d8%aa-%d8%aa%d8%ac%d9%85%d9%8a%d9%84-%d8%a7%d9%84%d8%ac%d9%81%d9%88%d9%86-%d9%88%d9%85%d8%ad%d9%8a%d8%b7-%d8%a7%d9%84%d8%b9%d9%8a%d9%86-%d8%ba%d9%8a%d8%b1-%d8%a7\/%d9%85%d8%b1%d8%a7%d9%82%d8%a8%d8%a9-%d8%b6%d8%ba%d8%b7-%d8%a7%d9%84%d8%b9%d9%8a%d9%86-%d9%88%d8%b9%d9%84%d8%a7%d8%ac-%d8%a7%d9%84%d8%ac%d9%84%d9%88%d9%83%d9%88%d9%85%d8%a7\/\">\u0645\u0631\u0627\u0642\u0628\u0629 \u0648\u0639\u0644\u0627\u062c \u0627\u0644\u062c\u0644\u0648\u0643\u0648\u0645\u0627 (\u0636\u063a\u0637 \u0627\u0644\u0639\u064a\u0646)<\/a><\/li>\n<\/ul>\t\t\t\t<\/div>\n\t\t\t\t<\/div>\n\t\t\t\t\t<\/div>\n\t\t\t\t<\/div>\n\t\t\t\t<\/div>","protected":false},"excerpt":{"rendered":"<p>Botox Mezoterapi Uygulamalar\u0131 PRP Tedavisi | Platelet Rich Plasma Ak\u0131ll\u0131 Dolgu Uygulamas\u0131 \u0130p Ask\u0131 Uygulamas\u0131 G\u00f6z \u00c7evresi Halkalar\u0131 ve Morluk Tedavisi CO2 Lazer ile G\u00f6z Kapa\u011f\u0131 Cilt Yenileme Dolgu Enjeksiyonu (G\u00f6z Alt\u0131 ve Y\u00fcz) Katarakt Ameliyat\u0131 \u00c7ocuk G\u00f6z Muayenesi Excimer Lazer Ameliyat\u0131 Lasik G\u00f6z Ameliyat\u0131 Kuru G\u00f6z Tedavisi Kontakt Lens Uygulamas\u0131 Glokom (G\u00f6z Tansiyonu) Takibi&#8230;<\/p>","protected":false},"author":1,"featured_media":0,"parent":0,"menu_order":0,"comment_status":"closed","ping_status":"closed","template":"","meta":{"footnotes":""},"class_list":["post-6528","page","type-page","status-publish","hentry"],"_links":{"self":[{"href":"https:\/\/artofoculoplastics.com\/ar\/wp-json\/wp\/v2\/pages\/6528","targetHints":{"allow":["GET"]}}],"collection":[{"href":"https:\/\/artofoculoplastics.com\/ar\/wp-json\/wp\/v2\/pages"}],"about":[{"href":"https:\/\/artofoculoplastics.com\/ar\/wp-json\/wp\/v2\/types\/page"}],"author":[{"embeddable":true,"href":"https:\/\/artofoculoplastics.com\/ar\/wp-json\/wp\/v2\/users\/1"}],"replies":[{"embeddable":true,"href":"https:\/\/artofoculoplastics.com\/ar\/wp-json\/wp\/v2\/comments?post=6528"}],"version-history":[{"count":5,"href":"https:\/\/artofoculoplastics.com\/ar\/wp-json\/wp\/v2\/pages\/6528\/revisions"}],"predecessor-version":[{"id":7855,"href":"https:\/\/artofoculoplastics.com\/ar\/wp-json\/wp\/v2\/pages\/6528\/revisions\/7855"}],"wp:attachment":[{"href":"https:\/\/artofoculoplastics.com\/ar\/wp-json\/wp\/v2\/media?parent=6528"}],"curies":[{"name":"wp","href":"https:\/\/api.w.org\/{rel}","templated":true}]}}