{"id":6506,"date":"2025-04-24T11:03:24","date_gmt":"2025-04-24T08:03:24","guid":{"rendered":"https:\/\/artofoculoplastics.com\/?page_id=6506"},"modified":"2025-05-07T18:15:14","modified_gmt":"2025-05-07T15:15:14","slug":"%d8%ac%d8%b1%d8%a7%d8%ad%d8%a9-%d8%aa%d8%ac%d9%88%d9%8a%d9%81-%d8%a7%d9%84%d8%b9%d9%8a%d9%86-2","status":"publish","type":"page","link":"https:\/\/artofoculoplastics.com\/ar\/%d8%ac%d8%b1%d8%a7%d8%ad%d8%a9-%d8%aa%d8%ac%d9%88%d9%8a%d9%81-%d8%a7%d9%84%d8%b9%d9%8a%d9%86-2\/","title":{"rendered":"\u062c\u0631\u0627\u062d\u0629 \u0645\u062d\u062c\u0631 \u0627\u0644\u0639\u064a\u0646"},"content":{"rendered":"<div data-elementor-type=\"wp-page\" data-elementor-id=\"6506\" class=\"elementor elementor-6506\">\n\t\t\t\t<div class=\"elementor-element elementor-element-108912c e-flex e-con-boxed e-con e-parent\" data-id=\"108912c\" data-element_type=\"container\">\n\t\t\t\t\t<div class=\"e-con-inner\">\n\t\t\r\n\t\t<div class=\"elementor-element elementor-element-21e6c38 elementor-widget elementor-widget-image\" data-id=\"21e6c38\" data-element_type=\"widget\" data-widget_type=\"image.default\">\n\t\t\t\t<div class=\"elementor-widget-container\">\n\t\t\t\t\t\t\t\t\t\t\t\t\t\t\t<img fetchpriority=\"high\" decoding=\"async\" width=\"1134\" height=\"433\" src=\"https:\/\/artofoculoplastics.com\/wp-content\/uploads\/2025\/05\/Orbita-Goz-Yuvasi-Cerrahisi-e1746624137147.png\" class=\"attachment-full size-full wp-image-7846\" alt=\"\u062c\u0631\u0627\u062d\u0629 \u0645\u062d\u062c\u0631 \u0627\u0644\u0639\u064a\u0646\" srcset=\"https:\/\/artofoculoplastics.com\/wp-content\/uploads\/2025\/05\/Orbita-Goz-Yuvasi-Cerrahisi-e1746624137147.png 1134w, https:\/\/artofoculoplastics.com\/wp-content\/uploads\/2025\/05\/Orbita-Goz-Yuvasi-Cerrahisi-e1746624137147-300x115.png 300w, https:\/\/artofoculoplastics.com\/wp-content\/uploads\/2025\/05\/Orbita-Goz-Yuvasi-Cerrahisi-e1746624137147-1024x391.png 1024w, https:\/\/artofoculoplastics.com\/wp-content\/uploads\/2025\/05\/Orbita-Goz-Yuvasi-Cerrahisi-e1746624137147-768x293.png 768w, https:\/\/artofoculoplastics.com\/wp-content\/uploads\/2025\/05\/Orbita-Goz-Yuvasi-Cerrahisi-e1746624137147-18x7.png 18w, https:\/\/artofoculoplastics.com\/wp-content\/uploads\/2025\/05\/Orbita-Goz-Yuvasi-Cerrahisi-e1746624137147-600x229.png 600w\" sizes=\"(max-width: 1134px) 100vw, 1134px\" \/>\t\t\t\t\t\t\t\t\t\t\t\t\t\t\t<\/div>\n\t\t\t\t<\/div>\n\t\t\t\t<div class=\"elementor-element elementor-element-50a4d4c elementor-widget elementor-widget-mediaxmenuselect\" data-id=\"50a4d4c\" data-element_type=\"widget\" data-widget_type=\"mediaxmenuselect.default\">\n\t\t\t\t<div class=\"elementor-widget-container\">\n\t\t\t\t\t<ul id=\"menu-orbita-goz-yuvasi-cerrahisi\" class=\"menu\"><li id=\"menu-item-7819\" class=\"menu-item menu-item-type-post_type menu-item-object-page menu-item-7819\"><a href=\"https:\/\/artofoculoplastics.com\/ar\/%d8%ac%d8%b1%d8%a7%d8%ad%d8%a9-%d8%aa%d8%ac%d9%88%d9%8a%d9%81-%d8%a7%d9%84%d8%b9%d9%8a%d9%86-2\/%d8%ac%d8%b1%d8%a7%d8%ad%d8%a9-%d8%a7%d9%84%d8%b9%d9%8a%d9%88%d9%86-%d8%a7%d9%84%d8%a7%d8%b5%d8%b7%d9%86%d8%a7%d8%b9%d9%8a%d8%a9\/\">\u062c\u0631\u0627\u062d\u0629 \u0627\u0644\u0639\u064a\u0648\u0646 \u0627\u0644\u0627\u0635\u0637\u0646\u0627\u0639\u064a\u0629<\/a><\/li>\n<li id=\"menu-item-7820\" class=\"menu-item menu-item-type-post_type menu-item-object-page menu-item-7820\"><a href=\"https:\/\/artofoculoplastics.com\/ar\/%d8%ac%d8%b1%d8%a7%d8%ad%d8%a9-%d8%aa%d8%ac%d9%88%d9%8a%d9%81-%d8%a7%d9%84%d8%b9%d9%8a%d9%86-2\/%d8%a5%d8%b2%d8%a7%d9%84%d8%a9-%d8%a7%d9%84%d8%a3%d8%ad%d8%b4%d8%a7%d8%a1-%d9%88%d8%a7%d9%84%d8%a7%d8%b3%d8%aa%d8%a6%d8%b5%d8%a7%d9%84\/\">\u0625\u0632\u0627\u0644\u0629 \u0627\u0644\u0623\u062d\u0634\u0627\u0621 \u0648\u0627\u0644\u0627\u0633\u062a\u0626\u0635\u0627\u0644<\/a><\/li>\n<li id=\"menu-item-7821\" class=\"menu-item menu-item-type-post_type menu-item-object-page menu-item-7821\"><a href=\"https:\/\/artofoculoplastics.com\/ar\/%d8%ac%d8%b1%d8%a7%d8%ad%d8%a9-%d8%aa%d8%ac%d9%88%d9%8a%d9%81-%d8%a7%d9%84%d8%b9%d9%8a%d9%86-2\/%d8%ac%d8%b1%d8%a7%d8%ad%d8%a9-%d8%a3%d9%88%d8%b1%d8%a7%d9%85-%d9%85%d8%ad%d8%ac%d8%b1-%d8%a7%d9%84%d8%b9%d9%8a%d9%86-2\/\">\u062c\u0631\u0627\u062d\u0629 \u0623\u0648\u0631\u0627\u0645 \u0645\u062d\u062c\u0631 \u0627\u0644\u0639\u064a\u0646<\/a><\/li>\n<li id=\"menu-item-7822\" class=\"menu-item menu-item-type-post_type menu-item-object-page menu-item-7822\"><a href=\"https:\/\/artofoculoplastics.com\/ar\/%d8%ac%d8%b1%d8%a7%d8%ad%d8%a9-%d8%aa%d8%ac%d9%88%d9%8a%d9%81-%d8%a7%d9%84%d8%b9%d9%8a%d9%86-2\/%d9%83%d8%b3%d9%88%d8%b1-%d9%85%d8%ad%d8%ac%d8%b1-%d8%a7%d9%84%d8%b9%d9%8a%d9%86-%d8%a5%d8%ac%d9%87%d8%a7%d8%af-%d8%a7%d9%84%d8%b9%d9%8a%d9%86\/\">\u0643\u0633\u0648\u0631 \u0645\u062d\u062c\u0631 \u0627\u0644\u0639\u064a\u0646 (\u0627\u0646\u063a\u0644\u0627\u0642 \u0627\u0644\u0639\u064a\u0646\u060c \u062a\u062c\u0648\u064a\u0641 \u0627\u0644\u0639\u064a\u0646)<\/a><\/li>\n<li id=\"menu-item-7823\" class=\"menu-item menu-item-type-post_type menu-item-object-page menu-item-7823\"><a href=\"https:\/\/artofoculoplastics.com\/ar\/%d8%ac%d8%b1%d8%a7%d8%ad%d8%a9-%d8%aa%d8%ac%d9%88%d9%8a%d9%81-%d8%a7%d9%84%d8%b9%d9%8a%d9%86-2\/%d9%85%d8%b1%d8%b6-%d8%a7%d9%84%d8%ba%d8%af%d8%a9-%d8%a7%d9%84%d8%af%d8%b1%d9%82%d9%8a%d8%a9-%d8%a7%d9%84%d8%b9%d9%8a%d9%86%d9%8a%d8%8c-%d9%85%d8%b1%d8%b6-%d8%ac%d8%b1%d9%8a%d9%81%d8%b2%d8%8c-%d8%aa\/\">\u0645\u0631\u0636 \u0627\u0644\u063a\u062f\u0629 \u0627\u0644\u062f\u0631\u0642\u064a\u0629 \u0641\u064a \u0627\u0644\u0639\u064a\u0646 (\u0645\u0631\u0636 \u062c\u0631\u064a\u0641\u0632\u060c \u062a\u062e\u0641\u064a\u0641 \u0627\u0644\u0636\u063a\u0637 \u0627\u0644\u0645\u062f\u0627\u0631\u064a)<\/a><\/li>\n<li id=\"menu-item-7824\" class=\"menu-item menu-item-type-post_type menu-item-object-page menu-item-7824\"><a href=\"https:\/\/artofoculoplastics.com\/ar\/%d8%ac%d8%b1%d8%a7%d8%ad%d8%a9-%d8%aa%d8%ac%d9%88%d9%8a%d9%81-%d8%a7%d9%84%d8%b9%d9%8a%d9%86-2\/%d8%ac%d8%b1%d8%a7%d8%ad%d8%a9-%d8%a7%d9%84%d8%b9%d9%8a%d9%88%d9%86-%d8%a8%d8%a7%d8%b3%d8%aa%d8%ae%d8%af%d8%a7%d9%85-%d8%aa%d9%82%d9%86%d9%8a%d8%a9-%d8%a8%d9%88%d8%b1%d8%aa%d9%84%d9%8a%d9%83-%d9%84-2\/\">\u062c\u0631\u0627\u062d\u0629 \u0625\u0632\u0627\u0644\u0629 \u0627\u0644\u0636\u063a\u0637 \u0639\u0646 \u0645\u062d\u062c\u0631 \u0627\u0644\u0639\u064a\u0646 (\u0627\u0644\u0639\u064a\u0646 \u0627\u0644\u0628\u0627\u0631\u0632\u0629)<\/a><\/li>\n<\/ul>\t\t\t\t<\/div>\n\t\t\t\t<\/div>\n\t\t\t\t\t<\/div>\n\t\t\t\t<\/div>\n\t\t\t\t<\/div>","protected":false},"excerpt":{"rendered":"<p>Protez G\u00f6z Cerrahisi Eviserasyon ve En\u00fckleasyon Orbita T\u00fcm\u00f6r Cerrahisi Orbita K\u0131r\u0131klar\u0131 (Enoftalmus, G\u00f6z \u00c7\u00f6k\u00fckl\u00fc\u011f\u00fc) Tiroid G\u00f6z Hastal\u0131\u011f\u0131 (Graves Hastal\u0131\u011f\u0131, Orbita Dekompresyonu) Orbita Dekompresyonu (P\u00f6rtlek G\u00f6z) Ameliyat\u0131<\/p>","protected":false},"author":1,"featured_media":0,"parent":0,"menu_order":0,"comment_status":"closed","ping_status":"closed","template":"","meta":{"footnotes":""},"class_list":["post-6506","page","type-page","status-publish","hentry"],"_links":{"self":[{"href":"https:\/\/artofoculoplastics.com\/ar\/wp-json\/wp\/v2\/pages\/6506","targetHints":{"allow":["GET"]}}],"collection":[{"href":"https:\/\/artofoculoplastics.com\/ar\/wp-json\/wp\/v2\/pages"}],"about":[{"href":"https:\/\/artofoculoplastics.com\/ar\/wp-json\/wp\/v2\/types\/page"}],"author":[{"embeddable":true,"href":"https:\/\/artofoculoplastics.com\/ar\/wp-json\/wp\/v2\/users\/1"}],"replies":[{"embeddable":true,"href":"https:\/\/artofoculoplastics.com\/ar\/wp-json\/wp\/v2\/comments?post=6506"}],"version-history":[{"count":13,"href":"https:\/\/artofoculoplastics.com\/ar\/wp-json\/wp\/v2\/pages\/6506\/revisions"}],"predecessor-version":[{"id":7990,"href":"https:\/\/artofoculoplastics.com\/ar\/wp-json\/wp\/v2\/pages\/6506\/revisions\/7990"}],"wp:attachment":[{"href":"https:\/\/artofoculoplastics.com\/ar\/wp-json\/wp\/v2\/media?parent=6506"}],"curies":[{"name":"wp","href":"https:\/\/api.w.org\/{rel}","templated":true}]}}