{"id":6475,"date":"2025-04-24T10:31:50","date_gmt":"2025-04-24T07:31:50","guid":{"rendered":"https:\/\/artofoculoplastics.com\/?page_id=6475"},"modified":"2025-04-28T17:46:11","modified_gmt":"2025-04-28T14:46:11","slug":"%d8%b3%d8%b1%d8%b7%d8%a7%d9%86-%d8%ac%d9%84%d8%af-%d8%a7%d9%84%d8%ac%d9%81%d9%86-%d9%88%d8%a5%d8%b9%d8%a7%d8%af%d8%a9-%d8%a7%d9%84%d8%a8%d9%86%d8%a7%d8%a1","status":"publish","type":"page","link":"https:\/\/artofoculoplastics.com\/ar\/%d8%ac%d8%b1%d8%a7%d8%ad%d8%a9-%d8%aa%d8%ac%d9%85%d9%8a%d9%84-%d8%a7%d9%84%d8%b9%d9%8a%d9%86-%d8%a7%d9%84%d8%aa%d8%b1%d9%85%d9%8a%d9%85%d9%8a%d8%a9\/%d8%b3%d8%b1%d8%b7%d8%a7%d9%86-%d8%ac%d9%84%d8%af-%d8%a7%d9%84%d8%ac%d9%81%d9%86-%d9%88%d8%a5%d8%b9%d8%a7%d8%af%d8%a9-%d8%a7%d9%84%d8%a8%d9%86%d8%a7%d8%a1\/","title":{"rendered":"\u0633\u0631\u0637\u0627\u0646 \u062c\u0644\u062f \u0627\u0644\u062c\u0641\u0646 \u0648\u0625\u0639\u0627\u062f\u0629 \u0627\u0644\u0628\u0646\u0627\u0621"},"content":{"rendered":"<div data-elementor-type=\"wp-page\" data-elementor-id=\"6475\" class=\"elementor elementor-6475\">\n\t\t\t\t<div class=\"elementor-element elementor-element-1aa4030 e-flex e-con-boxed e-con e-parent\" data-id=\"1aa4030\" data-element_type=\"container\">\n\t\t\t\t\t<div class=\"e-con-inner\">\n\t\t<div class=\"elementor-element elementor-element-b3fb0a5 e-flex e-con-boxed e-con e-child\" data-id=\"b3fb0a5\" data-element_type=\"container\">\n\t\t\t\t\t<div class=\"e-con-inner\">\n\t\t\r\n\t\t<div class=\"elementor-element elementor-element-5f56d1e elementor-widget elementor-widget-image\" data-id=\"5f56d1e\" data-element_type=\"widget\" data-widget_type=\"image.default\">\n\t\t\t\t<div class=\"elementor-widget-container\">\n\t\t\t\t\t\t\t\t\t\t\t\t\t\t\t<img fetchpriority=\"high\" decoding=\"async\" width=\"1134\" height=\"567\" src=\"https:\/\/artofoculoplastics.com\/wp-content\/uploads\/2025\/04\/Goz-Kapagi-Cilt-Kanseri-ve-Rekonstruksiyonu-2.png\" class=\"attachment-full size-full wp-image-7512\" alt=\"\u0633\u0631\u0637\u0627\u0646 \u062c\u0644\u062f \u0627\u0644\u062c\u0641\u0646 \u0648\u0625\u0639\u0627\u062f\u0629 \u0627\u0644\u0628\u0646\u0627\u0621\" srcset=\"https:\/\/artofoculoplastics.com\/wp-content\/uploads\/2025\/04\/Goz-Kapagi-Cilt-Kanseri-ve-Rekonstruksiyonu-2.png 1134w, https:\/\/artofoculoplastics.com\/wp-content\/uploads\/2025\/04\/Goz-Kapagi-Cilt-Kanseri-ve-Rekonstruksiyonu-2-300x150.png 300w, https:\/\/artofoculoplastics.com\/wp-content\/uploads\/2025\/04\/Goz-Kapagi-Cilt-Kanseri-ve-Rekonstruksiyonu-2-1024x512.png 1024w, https:\/\/artofoculoplastics.com\/wp-content\/uploads\/2025\/04\/Goz-Kapagi-Cilt-Kanseri-ve-Rekonstruksiyonu-2-768x384.png 768w, https:\/\/artofoculoplastics.com\/wp-content\/uploads\/2025\/04\/Goz-Kapagi-Cilt-Kanseri-ve-Rekonstruksiyonu-2-18x9.png 18w, https:\/\/artofoculoplastics.com\/wp-content\/uploads\/2025\/04\/Goz-Kapagi-Cilt-Kanseri-ve-Rekonstruksiyonu-2-600x300.png 600w\" sizes=\"(max-width: 1134px) 100vw, 1134px\" \/>\t\t\t\t\t\t\t\t\t\t\t\t\t\t\t<\/div>\n\t\t\t\t<\/div>\n\t\t\t\t<div class=\"elementor-element elementor-element-2183899 elementor-widget elementor-widget-text-editor\" data-id=\"2183899\" data-element_type=\"widget\" data-widget_type=\"text-editor.default\">\n\t\t\t\t<div class=\"elementor-widget-container\">\n\t\t\t\t\t\t\t\t\t<h2 data-start=\"51\" data-end=\"657\">\u0645\u0627 \u0647\u0648 \u0633\u0631\u0637\u0627\u0646 \u062c\u0644\u062f \u0627\u0644\u062c\u0641\u0646\u061f<\/h2><p class=\"\" data-start=\"154\" data-end=\"540\">\u0633\u0631\u0637\u0627\u0646 \u0627\u0644\u062c\u0641\u0646 \u0645\u0631\u0636\u064c \u0642\u062f \u064a\u0635\u064a\u0628 \u0627\u0644\u062c\u0641\u0648\u0646\u060c \u0648\u0647\u064a \u0623\u0631\u0642\u0651 \u0637\u0628\u0642\u0627\u062a \u0627\u0644\u062c\u0644\u062f \u0641\u064a \u0627\u0644\u062c\u0633\u0645\u060c \u0646\u062a\u064a\u062c\u0629\u064b \u0644\u0644\u062a\u0639\u0631\u0636 \u0644\u0623\u0634\u0639\u0629 \u0627\u0644\u0634\u0645\u0633 \u0644\u0641\u062a\u0631\u0627\u062a \u0637\u0648\u064a\u0644\u0629. \u064a\u064f\u0642\u0633\u0651\u0645 \u0647\u0630\u0627\u0646 \u0627\u0644\u0633\u0631\u0637\u0627\u0646\u0627\u0646 \u0639\u0645\u0648\u0645\u064b\u0627 \u0625\u0644\u0649 \u0646\u0648\u0639\u064a\u0646 \u0631\u0626\u064a\u0633\u064a\u064a\u0646: \u0633\u0631\u0637\u0627\u0646 \u0627\u0644\u062e\u0644\u0627\u064a\u0627 \u0627\u0644\u0642\u0627\u0639\u062f\u064a\u0629 \u0648\u0633\u0631\u0637\u0627\u0646 \u0627\u0644\u062e\u0644\u0627\u064a\u0627 \u0627\u0644\u062d\u0631\u0634\u0641\u064a\u0629. \u0625\u0630\u0627 \u0644\u0645 \u064a\u064f\u0643\u062a\u0634\u0641 \u0648\u064a\u064f\u0639\u0627\u0644\u062c \u0645\u0628\u0643\u0631\u064b\u0627\u060c \u0641\u0642\u062f \u064a\u0646\u062a\u0634\u0631 \u0633\u0631\u0637\u0627\u0646 \u0627\u0644\u062c\u0641\u0646 \u0625\u0644\u0649 \u0627\u0644\u0623\u0646\u0633\u062c\u0629 \u0627\u0644\u0645\u062d\u064a\u0637\u0629\u060c \u0645\u064f\u0633\u0628\u0628\u064b\u0627 \u0641\u0642\u062f\u0627\u0646\u064b\u0627 \u062e\u0637\u064a\u0631\u064b\u0627 \u0644\u0644\u0628\u0635\u0631.<\/p><h3 data-start=\"51\" data-end=\"657\">\u0645\u0627 \u0627\u0644\u0630\u064a \u064a\u0633\u0628\u0628 \u0633\u0631\u0637\u0627\u0646 \u062c\u0644\u062f \u0627\u0644\u062c\u0641\u0646\u061f<\/h3><p>\u0627\u0644\u0633\u0628\u0628 \u0627\u0644\u0631\u0626\u064a\u0633\u064a \u0644\u0633\u0631\u0637\u0627\u0646 \u0627\u0644\u062c\u0641\u0646 \u0647\u0648 \u0627\u0644\u062a\u0639\u0631\u0636 \u0627\u0644\u0645\u0633\u062a\u0645\u0631 \u0644\u0623\u0634\u0639\u0629 \u0627\u0644\u0634\u0645\u0633 \u062d\u0648\u0644 \u0627\u0644\u0639\u064a\u0646\u064a\u0646. \u064a\u0645\u0643\u0646 \u0623\u0646 \u064a\u0624\u062f\u064a \u0627\u0644\u062a\u0639\u0631\u0636 \u0627\u0644\u0645\u0637\u0648\u0644 \u0644\u0623\u0634\u0639\u0629 \u0627\u0644\u0634\u0645\u0633 \u0625\u0644\u0649 \u0627\u0644\u0633\u0631\u0637\u0627\u0646 \u0639\u0646 \u0637\u0631\u064a\u0642 \u0625\u062a\u0644\u0627\u0641 \u0627\u0644\u062d\u0645\u0636 \u0627\u0644\u0646\u0648\u0648\u064a \u0641\u064a \u062e\u0644\u0627\u064a\u0627 \u0627\u0644\u062c\u0644\u062f. \u0643\u0645\u0627 \u064a\u0644\u0639\u0628 \u0627\u0644\u0639\u0645\u0631\u060c \u0648\u0627\u0644\u0627\u0633\u062a\u0639\u062f\u0627\u062f \u0627\u0644\u0648\u0631\u0627\u062b\u064a\u060c \u0648\u0646\u0648\u0639 \u0627\u0644\u062c\u0644\u062f\u060c \u0648\u062a\u0627\u0631\u064a\u062e \u0627\u0644\u0625\u0635\u0627\u0628\u0629 \u0628\u0633\u0631\u0637\u0627\u0646 \u0627\u0644\u062c\u0644\u062f \u062f\u0648\u0631\u064b\u0627 \u0641\u064a \u062a\u0637\u0648\u0631 \u0647\u0630\u0627 \u0627\u0644\u0646\u0648\u0639 \u0645\u0646 \u0627\u0644\u0633\u0631\u0637\u0627\u0646.<\/p><h3 class=\"\" data-start=\"920\" data-end=\"969\">\u0637\u0631\u0642 \u0639\u0644\u0627\u062c \u0633\u0631\u0637\u0627\u0646 \u062c\u0644\u062f \u0627\u0644\u062c\u0641\u0646<\/h3><p>\u064a\u062e\u062a\u0644\u0641 \u0639\u0644\u0627\u062c \u0633\u0631\u0637\u0627\u0646 \u062c\u0644\u062f \u0627\u0644\u062c\u0641\u0646 \u0628\u0627\u062e\u062a\u0644\u0627\u0641 \u0646\u0648\u0639 \u0627\u0644\u0633\u0631\u0637\u0627\u0646 \u0648\u0645\u062f\u0649 \u0627\u0646\u062a\u0634\u0627\u0631\u0647. \u0623\u0643\u062b\u0631 \u0637\u0631\u0642 \u0627\u0644\u0639\u0644\u0627\u062c \u0634\u064a\u0648\u0639\u064b\u0627 \u0647\u064a \u0625\u0639\u0627\u062f\u0629 \u0628\u0646\u0627\u0621 \u0627\u0644\u062c\u0641\u0646 \u0628\u0639\u062f \u0627\u0644\u0627\u0633\u062a\u0626\u0635\u0627\u0644 \u0627\u0644\u062c\u0631\u0627\u062d\u064a \u0644\u0644\u0623\u0646\u0633\u062c\u0629 \u0627\u0644\u0633\u0631\u0637\u0627\u0646\u064a\u0629. \u062a\u062a\u0636\u0645\u0646 \u062c\u0631\u0627\u062d\u0629 \u0645\u0648\u0647\u0633 \u0625\u0632\u0627\u0644\u0629 \u0627\u0644\u0648\u0631\u0645 \u0637\u0628\u0642\u0629\u064b \u062a\u0644\u0648 \u0627\u0644\u0623\u062e\u0631\u0649 \u062a\u062d\u062a \u0627\u0644\u0645\u062c\u0647\u0631\u060c \u0628\u0647\u062f\u0641 \u0627\u0644\u062d\u0641\u0627\u0638 \u0639\u0644\u0649 \u0627\u0644\u0623\u0646\u0633\u062c\u0629 \u0627\u0644\u0633\u0644\u064a\u0645\u0629. \u064a\u0636\u0645\u0646 \u0647\u0630\u0627 \u0627\u0644\u0639\u0644\u0627\u062c \u0627\u0644\u0625\u0632\u0627\u0644\u0629 \u0627\u0644\u0643\u0627\u0645\u0644\u0629 \u0644\u0644\u0648\u0631\u0645 \u0648\u064a\u0642\u0644\u0644 \u0645\u0646 \u0646\u062f\u0628\u0627\u062a \u0627\u0644\u062c\u0641\u0646.<\/p><h4>\u0625\u0632\u0627\u0644\u0629 \u0627\u0644\u0633\u0631\u0637\u0627\u0646 \u0628\u0627\u0644\u0643\u0627\u0645\u0644 \u0628\u0627\u0633\u062a\u062e\u062f\u0627\u0645 \u062c\u0631\u0627\u062d\u0629 \u0645\u0648\u0647\u0633<\/h4><p>\u062c\u0631\u0627\u062d\u0629 \u0645\u0648\u0647\u0633 \u0641\u0639\u0651\u0627\u0644\u0629 \u0644\u0644\u063a\u0627\u064a\u0629 \u0641\u064a \u0639\u0644\u0627\u062c \u0633\u0631\u0637\u0627\u0646 \u0627\u0644\u062c\u0641\u0646. \u062a\u062d\u062a \u0627\u0644\u0645\u062c\u0647\u0631\u060c \u064a\u064f\u0632\u0627\u0644 \u0627\u0644\u0648\u0631\u0645 \u0637\u0628\u0642\u0629\u064b \u062a\u0644\u0648 \u0627\u0644\u0623\u062e\u0631\u0649 \u0645\u0639 \u0627\u0644\u062d\u0641\u0627\u0638 \u0639\u0644\u0649 \u0627\u0644\u0623\u0646\u0633\u062c\u0629 \u0627\u0644\u0633\u0644\u064a\u0645\u0629 \u0627\u0644\u0645\u062d\u064a\u0637\u0629. \u064a\u0636\u0645\u0646 \u0647\u0630\u0627 \u0627\u0644\u0625\u062c\u0631\u0627\u0621 \u0625\u0632\u0627\u0644\u0629 \u0627\u0644\u0648\u0631\u0645 \u0628\u0627\u0644\u0643\u0627\u0645\u0644 \u0648\u064a\u0642\u0644\u0644 \u0645\u0646 \u0646\u062f\u0628\u0627\u062a \u0627\u0644\u062c\u0641\u0646.<\/p>\t\t\t\t\t\t\t\t<\/div>\n\t\t\t\t<\/div>\n\t\t\t\t<div class=\"elementor-element elementor-element-d19e7b5 elementor-widget elementor-widget-image\" data-id=\"d19e7b5\" data-element_type=\"widget\" data-widget_type=\"image.default\">\n\t\t\t\t<div class=\"elementor-widget-container\">\n\t\t\t\t\t\t\t\t\t\t\t\t\t\t\t<img decoding=\"async\" width=\"1134\" height=\"567\" src=\"https:\/\/artofoculoplastics.com\/wp-content\/uploads\/2025\/04\/Goz-Kapagi-Cilt-Kanseri-ve-Rekonstruksiyonu-1.png\" class=\"attachment-full size-full wp-image-7511\" alt=\"\u0633\u0631\u0637\u0627\u0646 \u062c\u0644\u062f \u0627\u0644\u062c\u0641\u0646 \u0648\u0625\u0639\u0627\u062f\u0629 \u0627\u0644\u0628\u0646\u0627\u0621\" srcset=\"https:\/\/artofoculoplastics.com\/wp-content\/uploads\/2025\/04\/Goz-Kapagi-Cilt-Kanseri-ve-Rekonstruksiyonu-1.png 1134w, https:\/\/artofoculoplastics.com\/wp-content\/uploads\/2025\/04\/Goz-Kapagi-Cilt-Kanseri-ve-Rekonstruksiyonu-1-300x150.png 300w, https:\/\/artofoculoplastics.com\/wp-content\/uploads\/2025\/04\/Goz-Kapagi-Cilt-Kanseri-ve-Rekonstruksiyonu-1-1024x512.png 1024w, https:\/\/artofoculoplastics.com\/wp-content\/uploads\/2025\/04\/Goz-Kapagi-Cilt-Kanseri-ve-Rekonstruksiyonu-1-768x384.png 768w, https:\/\/artofoculoplastics.com\/wp-content\/uploads\/2025\/04\/Goz-Kapagi-Cilt-Kanseri-ve-Rekonstruksiyonu-1-18x9.png 18w, https:\/\/artofoculoplastics.com\/wp-content\/uploads\/2025\/04\/Goz-Kapagi-Cilt-Kanseri-ve-Rekonstruksiyonu-1-600x300.png 600w\" sizes=\"(max-width: 1134px) 100vw, 1134px\" \/>\t\t\t\t\t\t\t\t\t\t\t\t\t\t\t<\/div>\n\t\t\t\t<\/div>\n\t\t\t\t<div class=\"elementor-element elementor-element-e3ea422 elementor-widget elementor-widget-text-editor\" data-id=\"e3ea422\" data-element_type=\"widget\" data-widget_type=\"text-editor.default\">\n\t\t\t\t<div class=\"elementor-widget-container\">\n\t\t\t\t\t\t\t\t\t<h3 class=\"\" data-start=\"1412\" data-end=\"1465\">\u0645\u0646 \u0647\u0648 \u0627\u0644\u0645\u0624\u0647\u0644 \u0644\u0644\u0625\u0635\u0627\u0628\u0629 \u0628\u0633\u0631\u0637\u0627\u0646 \u062c\u0644\u062f \u0627\u0644\u062c\u0641\u0646\u061f<\/h3><p class=\"\" data-start=\"1467\" data-end=\"1824\">\u064a\u064f\u0639\u062f \u0639\u0644\u0627\u062c \u0633\u0631\u0637\u0627\u0646 \u062c\u0644\u062f \u0627\u0644\u062c\u0641\u0646 \u0645\u0646\u0627\u0633\u0628\u064b\u0627 \u0628\u0634\u0643\u0644 \u062e\u0627\u0635 \u0644\u0644\u0623\u0634\u062e\u0627\u0635 \u0630\u0648\u064a \u0627\u0644\u0628\u0634\u0631\u0629 \u0627\u0644\u0641\u0627\u062a\u062d\u0629 \u0648\u0643\u0628\u0627\u0631 \u0627\u0644\u0633\u0646 \u0627\u0644\u0630\u064a\u0646 \u064a\u062a\u0639\u0631\u0636\u0648\u0646 \u0644\u0623\u0634\u0639\u0629 \u0627\u0644\u0634\u0645\u0633 \u0628\u0634\u0643\u0644 \u0645\u062a\u0643\u0631\u0631. \u0645\u0646 \u0627\u0644\u0645\u0647\u0645 \u0623\u064a\u0636\u064b\u0627 \u0644\u0645\u0646 \u0633\u0628\u0642 \u0644\u0647\u0645 \u0627\u0644\u0625\u0635\u0627\u0628\u0629 \u0628\u0633\u0631\u0637\u0627\u0646 \u0627\u0644\u062c\u0644\u062f \u0625\u062c\u0631\u0627\u0621 \u0641\u062d\u0648\u0635\u0627\u062a \u062f\u0648\u0631\u064a\u0629 \u0644\u0644\u062c\u0641\u0646. \u0625\u0630\u0627 \u0644\u0627\u062d\u0638\u062a \u0623\u064a \u062a\u063a\u064a\u0631\u0627\u062a \u0641\u064a \u062c\u0641\u0646\u0643 (\u062a\u0648\u0631\u0645\u060c \u0643\u062f\u0645\u0627\u062a\u060c \u0646\u0632\u064a\u0641)\u060c \u0641\u0639\u0644\u064a\u0643 \u0627\u0633\u062a\u0634\u0627\u0631\u0629 \u0637\u0628\u064a\u0628 \u0645\u062e\u062a\u0635.<\/p><p class=\"\" data-start=\"2138\" data-end=\"2568\">\u064a\u0645\u0643\u0646 \u0627\u0633\u062a\u062e\u062f\u0627\u0645 \u062d\u0634\u0648\u0627\u062a \u062d\u0645\u0636 \u0627\u0644\u0647\u064a\u0627\u0644\u0648\u0631\u0648\u0646\u064a\u0643 (\u0631\u064a\u0633\u062a\u064a\u0644\u0627\u0646\u060c \u0628\u064a\u0644\u0648\u062a\u064a\u0631\u0648) \u0628\u0623\u0645\u0627\u0646 \u0648\u0641\u0639\u0627\u0644\u064a\u0629 \u0644\u0639\u0644\u0627\u062c \u062a\u062c\u0648\u064a\u0641 \u0623\u0633\u0641\u0644 \u0627\u0644\u0639\u064a\u0646. \u064a\u064f\u062c\u0631\u0649 \u0647\u0630\u0627 \u0627\u0644\u0625\u062c\u0631\u0627\u0621 \u0648\u0627\u0644\u0645\u0631\u064a\u0636 \u0641\u064a \u0648\u0636\u0639\u064a\u0629 \u0627\u0644\u062c\u0644\u0648\u0633\u060c \u0648\u0639\u0627\u062f\u0629\u064b \u0645\u0627 \u064a\u064f\u0646\u062c\u0632 \u0641\u064a \u063a\u0636\u0648\u0646 \u062f\u0642\u0627\u0626\u0642 \u0642\u0644\u064a\u0644\u0629. \u0627\u0644\u0625\u062c\u0631\u0627\u0621 \u063a\u064a\u0631 \u0645\u0624\u0644\u0645 \u062a\u0642\u0631\u064a\u0628\u064b\u0627\u060c \u0648\u064a\u062e\u062a\u0641\u064a \u0627\u0644\u062a\u0648\u0631\u0645 \u0648\u0627\u0644\u0643\u062f\u0645\u0627\u062a \u0627\u0644\u0637\u0641\u064a\u0641\u0629 \u0641\u064a \u063a\u0636\u0648\u0646 \u0623\u064a\u0627\u0645 \u0642\u0644\u064a\u0644\u0629. \u0645\u064a\u0632\u062a\u0647 \u0627\u0644\u0623\u0628\u0631\u0632 \u0647\u064a \u0638\u0647\u0648\u0631 \u0627\u0644\u0646\u062a\u0627\u0626\u062c \u0641\u0648\u0631\u064b\u0627\u060c \u0648\u0633\u0647\u0648\u0644\u0629 \u0627\u0644\u062a\u0646\u0628\u0624 \u0628\u0647\u0627\u060c \u0648\u0647\u0648 \u0625\u062c\u0631\u0627\u0621 \u063a\u064a\u0631 \u062c\u0631\u0627\u062d\u064a. \u064a\u0645\u0643\u0646 \u0623\u0646 \u062a\u062f\u0648\u0645 \u0622\u062b\u0627\u0631\u0647 \u0645\u0646 \u0633\u0646\u0629 \u0625\u0644\u0649 \u0633\u0646\u062a\u064a\u0646.<\/p><h3 class=\"\" data-start=\"1831\" data-end=\"1895\">\u0639\u0645\u0644\u064a\u0629 \u0627\u0644\u062a\u0639\u0627\u0641\u064a \u0628\u0639\u062f \u0639\u0644\u0627\u062c \u0633\u0631\u0637\u0627\u0646 \u062c\u0644\u062f \u0627\u0644\u062c\u0641\u0646<\/h3><p class=\"\" data-start=\"1897\" data-end=\"2389\">\u062a\u062e\u062a\u0644\u0641 \u0639\u0645\u0644\u064a\u0629 \u0627\u0644\u062a\u0639\u0627\u0641\u064a \u0628\u0639\u062f \u0639\u0644\u0627\u062c \u0633\u0631\u0637\u0627\u0646 \u0627\u0644\u062c\u0641\u0646 \u0628\u0627\u062e\u062a\u0644\u0627\u0641 \u0646\u0648\u0639 \u0627\u0644\u062c\u0631\u0627\u062d\u0629 \u0627\u0644\u0645\u064f\u062c\u0631\u0627\u0629 \u0648\u0645\u062f\u0649 \u0627\u0646\u062a\u0634\u0627\u0631 \u0627\u0644\u0633\u0631\u0637\u0627\u0646. \u0639\u0627\u062f\u0629\u064b \u0645\u0627 \u062a\u0644\u062a\u0626\u0645 \u0639\u0645\u0644\u064a\u0627\u062a \u0627\u0644\u0625\u0632\u0627\u0644\u0629 \u0627\u0644\u0628\u0633\u064a\u0637\u0629 \u0628\u0633\u0631\u0639\u0629\u060c \u0628\u064a\u0646\u0645\u0627 \u0642\u062f \u062a\u062a\u0637\u0644\u0628 \u0639\u0645\u0644\u064a\u0627\u062a \u0625\u0639\u0627\u062f\u0629 \u0627\u0644\u0628\u0646\u0627\u0621 \u0627\u0644\u0623\u0643\u062b\u0631 \u062a\u0639\u0642\u064a\u062f\u064b\u0627 \u0645\u0631\u062d\u0644\u0629 \u0648\u0627\u062d\u062f\u0629 \u0623\u0648 \u0623\u0643\u062b\u0631. \u064a\u062d\u062f\u062b \u0627\u0644\u062a\u0639\u0627\u0641\u064a \u0641\u064a \u063a\u0636\u0648\u0646 \u0628\u0636\u0639\u0629 \u0623\u0633\u0627\u0628\u064a\u0639\u060c \u0644\u0643\u0646 \u0627\u0644\u0646\u062f\u0628\u0629 \u0627\u0644\u0643\u0627\u0645\u0644\u0629 \u0642\u062f \u062a\u0633\u062a\u063a\u0631\u0642 \u0634\u0647\u0648\u0631\u064b\u0627 \u0644\u062a\u062a\u0644\u0627\u0634\u0649. \u064a\u062c\u0628 \u0639\u0644\u0649 \u0627\u0644\u0645\u0631\u0636\u0649 \u062a\u0648\u062e\u064a \u0627\u0644\u062d\u0630\u0631 \u0644\u062a\u062c\u0646\u0628 \u0625\u062a\u0644\u0627\u0641 \u062c\u0641\u0648\u0646\u0647\u0645\u060c \u0628\u0627\u062a\u0628\u0627\u0639 \u062a\u0648\u0635\u064a\u0627\u062a \u0627\u0644\u0637\u0628\u064a\u0628 \u0628\u0639\u062f \u0627\u0644\u0639\u0644\u0627\u062c.<\/p>\t\t\t\t\t\t\t\t<\/div>\n\t\t\t\t<\/div>\n\t\t\t\t<div class=\"elementor-element elementor-element-1665624 elementor-widget elementor-widget-heading\" data-id=\"1665624\" data-element_type=\"widget\" data-widget_type=\"heading.default\">\n\t\t\t\t<div class=\"elementor-widget-container\">\n\t\t\t\t\t<h3 class=\"elementor-heading-title elementor-size-default\">\u0627\u0644\u0623\u0633\u0626\u0644\u0629 \u0627\u0644\u0645\u062a\u062f\u0627\u0648\u0644\u0629<\/h3>\t\t\t\t<\/div>\n\t\t\t\t<\/div>\n\t\t\t\t<div class=\"elementor-element elementor-element-4dc9d77 elementor-widget elementor-widget-accordion\" data-id=\"4dc9d77\" data-element_type=\"widget\" data-widget_type=\"accordion.default\">\n\t\t\t\t<div class=\"elementor-widget-container\">\n\t\t\t\t\t\t\t<div class=\"elementor-accordion\">\n\t\t\t\t\t\t\t<div class=\"elementor-accordion-item\">\n\t\t\t\t\t<div id=\"elementor-tab-title-8151\" class=\"elementor-tab-title\" data-tab=\"1\" role=\"button\" aria-controls=\"elementor-tab-content-8151\" aria-expanded=\"false\">\n\t\t\t\t\t\t\t\t\t\t\t\t\t<span class=\"elementor-accordion-icon elementor-accordion-icon-right\" aria-hidden=\"true\">\n\t\t\t\t\t\t\t\t\t\t\t\t\t\t\t<span class=\"elementor-accordion-icon-closed\"><svg class=\"e-font-icon-svg e-fas-plus\" viewbox=\"0 0 448 512\" xmlns=\"http:\/\/www.w3.org\/2000\/svg\"><path d=\"M416 208H272V64c0-17.67-14.33-32-32-32h-32c-17.67 0-32 14.33-32 32v144H32c-17.67 0-32 14.33-32 32v32c0 17.67 14.33 32 32 32h144v144c0 17.67 14.33 32 32 32h32c17.67 0 32-14.33 32-32V304h144c17.67 0 32-14.33 32-32v-32c0-17.67-14.33-32-32-32z\"><\/path><\/svg><\/span>\n\t\t\t\t\t\t\t\t<span class=\"elementor-accordion-icon-opened\"><svg class=\"e-font-icon-svg e-fas-minus\" viewbox=\"0 0 448 512\" xmlns=\"http:\/\/www.w3.org\/2000\/svg\"><path d=\"M416 208H32c-17.67 0-32 14.33-32 32v32c0 17.67 14.33 32 32 32h384c17.67 0 32-14.33 32-32v-32c0-17.67-14.33-32-32-32z\"><\/path><\/svg><\/span>\n\t\t\t\t\t\t\t\t\t\t\t\t\t\t<\/span>\n\t\t\t\t\t\t\t\t\t\t\t\t<a class=\"elementor-accordion-title\" tabindex=\"0\">\u0643\u064a\u0641\u064a\u0629 \u0627\u0644\u0643\u0634\u0641 \u0639\u0646 \u0633\u0631\u0637\u0627\u0646 \u062c\u0644\u062f \u0627\u0644\u062c\u0641\u0646\u061f<\/a>\n\t\t\t\t\t<\/div>\n\t\t\t\t\t<div id=\"elementor-tab-content-8151\" class=\"elementor-tab-content elementor-clearfix\" data-tab=\"1\" role=\"region\" aria-labelledby=\"elementor-tab-title-8151\"><p>\u0642\u062f \u062a\u0643\u0648\u0646 \u0623\u0639\u0631\u0627\u0636\u064c \u0645\u062b\u0644 \u062a\u0648\u0631\u0651\u0645 \u0627\u0644\u062c\u0641\u0646\u060c \u0623\u0648 \u062a\u0642\u0631\u062d\u0627\u062a\u064d \u0644\u0627 \u062a\u0644\u062a\u0626\u0645\u060c \u0623\u0648 \u062a\u0633\u0627\u0642\u0637 \u0627\u0644\u0631\u0645\u0648\u0634\u060c \u0639\u0644\u0627\u0645\u0627\u062a\u064d \u0639\u0644\u0649 \u0633\u0631\u0637\u0627\u0646 \u0627\u0644\u062c\u0641\u0646. \u0625\u0630\u0627 \u0644\u0627\u062d\u0638\u062a\u064e \u0645\u062b\u0644 \u0647\u0630\u0647 \u0627\u0644\u062a\u063a\u064a\u0631\u0627\u062a\u060c \u0641\u0645\u0646 \u0627\u0644\u0645\u0647\u0645 \u0627\u0633\u062a\u0634\u0627\u0631\u0629 \u0637\u0628\u064a\u0628 \u0639\u064a\u0648\u0646.<\/p><\/div>\n\t\t\t\t<\/div>\n\t\t\t\t\t\t\t<div class=\"elementor-accordion-item\">\n\t\t\t\t\t<div id=\"elementor-tab-title-8152\" class=\"elementor-tab-title\" data-tab=\"2\" role=\"button\" aria-controls=\"elementor-tab-content-8152\" aria-expanded=\"false\">\n\t\t\t\t\t\t\t\t\t\t\t\t\t<span class=\"elementor-accordion-icon elementor-accordion-icon-right\" aria-hidden=\"true\">\n\t\t\t\t\t\t\t\t\t\t\t\t\t\t\t<span class=\"elementor-accordion-icon-closed\"><svg class=\"e-font-icon-svg e-fas-plus\" viewbox=\"0 0 448 512\" xmlns=\"http:\/\/www.w3.org\/2000\/svg\"><path d=\"M416 208H272V64c0-17.67-14.33-32-32-32h-32c-17.67 0-32 14.33-32 32v144H32c-17.67 0-32 14.33-32 32v32c0 17.67 14.33 32 32 32h144v144c0 17.67 14.33 32 32 32h32c17.67 0 32-14.33 32-32V304h144c17.67 0 32-14.33 32-32v-32c0-17.67-14.33-32-32-32z\"><\/path><\/svg><\/span>\n\t\t\t\t\t\t\t\t<span class=\"elementor-accordion-icon-opened\"><svg class=\"e-font-icon-svg e-fas-minus\" viewbox=\"0 0 448 512\" xmlns=\"http:\/\/www.w3.org\/2000\/svg\"><path d=\"M416 208H32c-17.67 0-32 14.33-32 32v32c0 17.67 14.33 32 32 32h384c17.67 0 32-14.33 32-32v-32c0-17.67-14.33-32-32-32z\"><\/path><\/svg><\/span>\n\t\t\t\t\t\t\t\t\t\t\t\t\t\t<\/span>\n\t\t\t\t\t\t\t\t\t\t\t\t<a class=\"elementor-accordion-title\" tabindex=\"0\">\u0645\u0627\u0630\u0627 \u064a\u062d\u062f\u062b \u0625\u0630\u0627 \u062a\u0631\u0643 \u0633\u0631\u0637\u0627\u0646 \u0627\u0644\u062c\u0641\u0646 \u062f\u0648\u0646 \u0639\u0644\u0627\u062c\u061f<\/a>\n\t\t\t\t\t<\/div>\n\t\t\t\t\t<div id=\"elementor-tab-content-8152\" class=\"elementor-tab-content elementor-clearfix\" data-tab=\"2\" role=\"region\" aria-labelledby=\"elementor-tab-title-8152\"><p class=\"\" data-start=\"351\" data-end=\"633\">\u0625\u0630\u0627 \u062a\u064f\u0631\u0643 \u0633\u0631\u0637\u0627\u0646 \u0627\u0644\u062c\u0641\u0646 \u062f\u0648\u0646 \u0639\u0644\u0627\u062c\u060c \u0641\u0642\u062f \u064a\u0646\u062a\u0634\u0631 \u0625\u0644\u0649 \u0627\u0644\u0623\u0646\u0633\u062c\u0629 \u0627\u0644\u0645\u062d\u064a\u0637\u0629 \u0648\u064a\u0633\u0628\u0628 \u0641\u0642\u062f\u0627\u0646\u064b\u0627 \u062e\u0637\u064a\u0631\u064b\u0627 \u0644\u0644\u0628\u0635\u0631. \u0643\u0645\u0627 \u064a\u0645\u0643\u0646 \u0623\u0646 \u062a\u0646\u062a\u0634\u0631 \u0627\u0644\u062e\u0644\u0627\u064a\u0627 \u0627\u0644\u0633\u0631\u0637\u0627\u0646\u064a\u0629 \u0625\u0644\u0649 \u0623\u062c\u0632\u0627\u0621 \u0623\u062e\u0631\u0649 \u0645\u0646 \u0627\u0644\u062c\u0633\u0645.<\/p><\/div>\n\t\t\t\t<\/div>\n\t\t\t\t\t\t\t<div class=\"elementor-accordion-item\">\n\t\t\t\t\t<div id=\"elementor-tab-title-8153\" class=\"elementor-tab-title\" data-tab=\"3\" role=\"button\" aria-controls=\"elementor-tab-content-8153\" aria-expanded=\"false\">\n\t\t\t\t\t\t\t\t\t\t\t\t\t<span class=\"elementor-accordion-icon elementor-accordion-icon-right\" aria-hidden=\"true\">\n\t\t\t\t\t\t\t\t\t\t\t\t\t\t\t<span class=\"elementor-accordion-icon-closed\"><svg class=\"e-font-icon-svg e-fas-plus\" viewbox=\"0 0 448 512\" xmlns=\"http:\/\/www.w3.org\/2000\/svg\"><path d=\"M416 208H272V64c0-17.67-14.33-32-32-32h-32c-17.67 0-32 14.33-32 32v144H32c-17.67 0-32 14.33-32 32v32c0 17.67 14.33 32 32 32h144v144c0 17.67 14.33 32 32 32h32c17.67 0 32-14.33 32-32V304h144c17.67 0 32-14.33 32-32v-32c0-17.67-14.33-32-32-32z\"><\/path><\/svg><\/span>\n\t\t\t\t\t\t\t\t<span class=\"elementor-accordion-icon-opened\"><svg class=\"e-font-icon-svg e-fas-minus\" viewbox=\"0 0 448 512\" xmlns=\"http:\/\/www.w3.org\/2000\/svg\"><path d=\"M416 208H32c-17.67 0-32 14.33-32 32v32c0 17.67 14.33 32 32 32h384c17.67 0 32-14.33 32-32v-32c0-17.67-14.33-32-32-32z\"><\/path><\/svg><\/span>\n\t\t\t\t\t\t\t\t\t\t\t\t\t\t<\/span>\n\t\t\t\t\t\t\t\t\t\t\t\t<a class=\"elementor-accordion-title\" tabindex=\"0\">\u0645\u0627 \u0647\u064a \u0627\u0644\u0637\u0631\u0642 \u0627\u0644\u0645\u0633\u062a\u062e\u062f\u0645\u0629 \u0641\u064a \u0639\u0644\u0627\u062c \u0633\u0631\u0637\u0627\u0646 \u0627\u0644\u062c\u0641\u0646\u061f<\/a>\n\t\t\t\t\t<\/div>\n\t\t\t\t\t<div id=\"elementor-tab-content-8153\" class=\"elementor-tab-content elementor-clearfix\" data-tab=\"3\" role=\"region\" aria-labelledby=\"elementor-tab-title-8153\"><p class=\"\" data-start=\"1058\" data-end=\"1157\">\u0639\u0627\u062f\u0629\u064b \u0645\u0627 \u064a\u064f\u0639\u0627\u0644\u064e\u062c \u0633\u0631\u0637\u0627\u0646 \u0627\u0644\u062c\u0641\u0646 \u062c\u0631\u0627\u062d\u064a\u064b\u0627. \u0648\u062a\u064f\u0639\u064e\u062f\u0651 \u062c\u0631\u0627\u062d\u0629 \u0645\u0648\u0647\u0633 \u0648\u0625\u0639\u0627\u062f\u0629 \u0628\u0646\u0627\u0621 \u0627\u0644\u062c\u0641\u0646 \u0645\u0646 \u0623\u0643\u062b\u0631 \u0637\u0631\u0642 \u0627\u0644\u0639\u0644\u0627\u062c \u0641\u0639\u0627\u0644\u064a\u0629.<\/p><\/div>\n\t\t\t\t<\/div>\n\t\t\t\t\t\t\t\t<\/div>\n\t\t\t\t\t\t<\/div>\n\t\t\t\t<\/div>\n\t\t\t\t\t<\/div>\n\t\t\t\t<\/div>\n\t\t\t\t\t<\/div>\n\t\t\t\t<\/div>\n\t\t\t\t<\/div>","protected":false},"excerpt":{"rendered":"<p>G\u00f6z Kapa\u011f\u0131n Cilt Kanseri Nedir? G\u00f6z kapa\u011f\u0131ndaki cilt kanseri, v\u00fccudun en ince derisine sahip olan g\u00f6z kapa\u011f\u0131nda, uzun s\u00fcreli g\u00fcne\u015fe maruz kalma nedeniyle geli\u015febilen bir hastal\u0131kt\u0131r. Bu kanser t\u00fcrleri genellikle bazal h\u00fccreli karsinom ve skuam\u00f6z h\u00fccreli karsinom olarak iki ana tipe ayr\u0131l\u0131r. Erken fark edilip tedavi edilmezse, g\u00f6z kapa\u011f\u0131ndaki kanser \u00e7evre dokulara yay\u0131labilir ve ciddi&#8230;<\/p>","protected":false},"author":1,"featured_media":0,"parent":6460,"menu_order":0,"comment_status":"closed","ping_status":"closed","template":"","meta":{"footnotes":""},"class_list":["post-6475","page","type-page","status-publish","hentry"],"_links":{"self":[{"href":"https:\/\/artofoculoplastics.com\/ar\/wp-json\/wp\/v2\/pages\/6475","targetHints":{"allow":["GET"]}}],"collection":[{"href":"https:\/\/artofoculoplastics.com\/ar\/wp-json\/wp\/v2\/pages"}],"about":[{"href":"https:\/\/artofoculoplastics.com\/ar\/wp-json\/wp\/v2\/types\/page"}],"author":[{"embeddable":true,"href":"https:\/\/artofoculoplastics.com\/ar\/wp-json\/wp\/v2\/users\/1"}],"replies":[{"embeddable":true,"href":"https:\/\/artofoculoplastics.com\/ar\/wp-json\/wp\/v2\/comments?post=6475"}],"version-history":[{"count":10,"href":"https:\/\/artofoculoplastics.com\/ar\/wp-json\/wp\/v2\/pages\/6475\/revisions"}],"predecessor-version":[{"id":7515,"href":"https:\/\/artofoculoplastics.com\/ar\/wp-json\/wp\/v2\/pages\/6475\/revisions\/7515"}],"up":[{"embeddable":true,"href":"https:\/\/artofoculoplastics.com\/ar\/wp-json\/wp\/v2\/pages\/6460"}],"wp:attachment":[{"href":"https:\/\/artofoculoplastics.com\/ar\/wp-json\/wp\/v2\/media?parent=6475"}],"curies":[{"name":"wp","href":"https:\/\/api.w.org\/{rel}","templated":true}]}}