{"id":6460,"date":"2025-04-24T10:21:06","date_gmt":"2025-04-24T07:21:06","guid":{"rendered":"https:\/\/artofoculoplastics.com\/?page_id=6460"},"modified":"2025-05-07T16:18:02","modified_gmt":"2025-05-07T13:18:02","slug":"%d8%ac%d8%b1%d8%a7%d8%ad%d8%a9-%d8%aa%d8%ac%d9%85%d9%8a%d9%84-%d8%a7%d9%84%d8%b9%d9%8a%d9%86-%d8%a7%d9%84%d8%aa%d8%b1%d9%85%d9%8a%d9%85%d9%8a%d8%a9","status":"publish","type":"page","link":"https:\/\/artofoculoplastics.com\/ar\/%d8%ac%d8%b1%d8%a7%d8%ad%d8%a9-%d8%aa%d8%ac%d9%85%d9%8a%d9%84-%d8%a7%d9%84%d8%b9%d9%8a%d9%86-%d8%a7%d9%84%d8%aa%d8%b1%d9%85%d9%8a%d9%85%d9%8a%d8%a9\/","title":{"rendered":"\u062c\u0631\u0627\u062d\u0629 \u062a\u062c\u0645\u064a\u0644 \u0627\u0644\u0639\u064a\u0646 \u0627\u0644\u062a\u0631\u0645\u064a\u0645\u064a\u0629"},"content":{"rendered":"<div data-elementor-type=\"wp-page\" data-elementor-id=\"6460\" class=\"elementor elementor-6460\">\n\t\t\t\t<div class=\"elementor-element elementor-element-2bed357 e-flex e-con-boxed e-con e-parent\" data-id=\"2bed357\" data-element_type=\"container\">\n\t\t\t\t\t<div class=\"e-con-inner\">\n\t\t\r\n\t\t<div class=\"elementor-element elementor-element-803cdd0 elementor-widget elementor-widget-image\" data-id=\"803cdd0\" data-element_type=\"widget\" data-widget_type=\"image.default\">\n\t\t\t\t<div class=\"elementor-widget-container\">\n\t\t\t\t\t\t\t\t\t\t\t\t\t\t\t<img fetchpriority=\"high\" decoding=\"async\" width=\"1134\" height=\"423\" src=\"https:\/\/artofoculoplastics.com\/wp-content\/uploads\/2025\/05\/Rekonstruktif-Goz-Estetik-Cerrahisi-e1746623848563.png\" class=\"attachment-full size-full wp-image-7841\" alt=\"\u0639\u0644\u0627\u062c\u0627\u062a \u062c\u0631\u0627\u062d\u0629 \u062a\u062c\u0645\u064a\u0644 \u0627\u0644\u0639\u064a\u0648\u0646 \u0627\u0644\u062a\u0631\u0645\u064a\u0645\u064a\u0629\" srcset=\"https:\/\/artofoculoplastics.com\/wp-content\/uploads\/2025\/05\/Rekonstruktif-Goz-Estetik-Cerrahisi-e1746623848563.png 1134w, https:\/\/artofoculoplastics.com\/wp-content\/uploads\/2025\/05\/Rekonstruktif-Goz-Estetik-Cerrahisi-e1746623848563-300x112.png 300w, https:\/\/artofoculoplastics.com\/wp-content\/uploads\/2025\/05\/Rekonstruktif-Goz-Estetik-Cerrahisi-e1746623848563-1024x382.png 1024w, https:\/\/artofoculoplastics.com\/wp-content\/uploads\/2025\/05\/Rekonstruktif-Goz-Estetik-Cerrahisi-e1746623848563-768x286.png 768w, https:\/\/artofoculoplastics.com\/wp-content\/uploads\/2025\/05\/Rekonstruktif-Goz-Estetik-Cerrahisi-e1746623848563-18x7.png 18w, https:\/\/artofoculoplastics.com\/wp-content\/uploads\/2025\/05\/Rekonstruktif-Goz-Estetik-Cerrahisi-e1746623848563-600x224.png 600w\" sizes=\"(max-width: 1134px) 100vw, 1134px\" \/>\t\t\t\t\t\t\t\t\t\t\t\t\t\t\t<\/div>\n\t\t\t\t<\/div>\n\t\t\t\t<div class=\"elementor-element elementor-element-bf97c82 elementor-widget elementor-widget-mediaxmenuselect\" data-id=\"bf97c82\" data-element_type=\"widget\" data-widget_type=\"mediaxmenuselect.default\">\n\t\t\t\t<div class=\"elementor-widget-container\">\n\t\t\t\t\t<ul id=\"menu-rekonstruktif-goz-estetik-cerrahisi\" class=\"menu\"><li id=\"menu-item-7808\" class=\"menu-item menu-item-type-post_type menu-item-object-page menu-item-7808\"><a href=\"https:\/\/artofoculoplastics.com\/ar\/%d8%ac%d8%b1%d8%a7%d8%ad%d8%a9-%d8%aa%d8%ac%d9%85%d9%8a%d9%84-%d8%a7%d9%84%d8%b9%d9%8a%d9%86-%d8%a7%d9%84%d8%aa%d8%b1%d9%85%d9%8a%d9%85%d9%8a%d8%a9\/%d8%b9%d8%af%d9%85-%d8%aa%d9%86%d8%a7%d8%b3%d9%82-%d8%a7%d9%84%d8%b9%d9%8a%d9%86\/\">\u0639\u062f\u0645 \u062a\u0646\u0627\u0633\u0642 \u0627\u0644\u0639\u064a\u0646<\/a><\/li>\n<li id=\"menu-item-7809\" class=\"menu-item menu-item-type-post_type menu-item-object-page menu-item-7809\"><a href=\"https:\/\/artofoculoplastics.com\/ar\/%d8%ac%d8%b1%d8%a7%d8%ad%d8%a9-%d8%aa%d8%ac%d9%85%d9%8a%d9%84-%d8%a7%d9%84%d8%b9%d9%8a%d9%86-%d8%a7%d9%84%d8%aa%d8%b1%d9%85%d9%8a%d9%85%d9%8a%d8%a9\/%d8%aa%d9%82%d9%84%d8%b5%d8%a7%d8%aa-%d8%a7%d9%84%d8%ac%d9%81%d9%86%d8%8c-%d8%aa%d8%b4%d9%86%d8%ac-%d8%a7%d9%84%d8%ac%d9%81%d9%86\/\">\u062a\u0642\u0644\u0635\u0627\u062a \u0627\u0644\u062c\u0641\u0646 | \u062a\u0634\u0646\u062c \u0627\u0644\u062c\u0641\u0646<\/a><\/li>\n<li id=\"menu-item-7810\" class=\"menu-item menu-item-type-post_type menu-item-object-page menu-item-7810\"><a href=\"https:\/\/artofoculoplastics.com\/ar\/%d8%ac%d8%b1%d8%a7%d8%ad%d8%a9-%d8%aa%d8%ac%d9%85%d9%8a%d9%84-%d8%a7%d9%84%d8%b9%d9%8a%d9%86-%d8%a7%d9%84%d8%aa%d8%b1%d9%85%d9%8a%d9%85%d9%8a%d8%a9\/%d8%b4%d9%84%d9%84-%d8%a7%d9%84%d8%ac%d9%81%d9%86-%d8%b4%d9%84%d9%84-%d8%a7%d9%84%d8%ac%d8%b1%d8%b3\/\">\u0634\u0644\u0644 \u0627\u0644\u0648\u062c\u0647 \u0648\u0627\u0644\u062c\u0641\u0646 \u0648\u0634\u0644\u0644 \u0628\u064a\u0644<\/a><\/li>\n<li id=\"menu-item-7816\" class=\"menu-item menu-item-type-post_type menu-item-object-page menu-item-7816\"><a href=\"https:\/\/artofoculoplastics.com\/ar\/%d8%ac%d8%b1%d8%a7%d8%ad%d8%a9-%d8%aa%d8%ac%d9%85%d9%8a%d9%84-%d8%a7%d9%84%d8%b9%d9%8a%d9%86-%d8%a7%d9%84%d8%aa%d8%b1%d9%85%d9%8a%d9%85%d9%8a%d8%a9\/%d8%ac%d8%b1%d8%a7%d8%ad%d8%a9-%d8%aa%d8%ac%d9%85%d9%8a%d9%84-%d8%a7%d9%84%d8%b9%d9%8a%d9%86-%d8%a7%d9%84%d8%ae%d9%84%d9%82%d9%8a%d8%a9-%d8%b9%d9%86%d8%af-%d8%a7%d9%84%d8%a3%d8%b7%d9%81%d8%a7%d9%84\/\">\u062e\u0644\u0642\u064a | \u062c\u0631\u0627\u062d\u0629 \u062a\u062c\u0645\u064a\u0644 \u0627\u0644\u0639\u064a\u0646 \u0639\u0646\u062f \u0627\u0644\u0623\u0637\u0641\u0627\u0644<\/a><\/li>\n<li id=\"menu-item-7811\" class=\"menu-item menu-item-type-post_type menu-item-object-page menu-item-7811\"><a href=\"https:\/\/artofoculoplastics.com\/ar\/%d8%ac%d8%b1%d8%a7%d8%ad%d8%a9-%d8%aa%d8%ac%d9%85%d9%8a%d9%84-%d8%a7%d9%84%d8%b9%d9%8a%d9%86-%d8%a7%d9%84%d8%aa%d8%b1%d9%85%d9%8a%d9%85%d9%8a%d8%a9\/%d9%88%d8%b0%d9%85%d8%a9-%d9%83%d9%8a%d9%85%d9%88%d8%b2%d9%8a%d8%a9-%d9%81%d9%8a-%d8%ba%d8%b4%d8%a7%d8%a1-%d8%a7%d9%84%d8%b9%d9%8a%d9%86\/\">\u0648\u0630\u0645\u0629 \u0641\u064a \u063a\u0634\u0627\u0621 \u0627\u0644\u0639\u064a\u0646<\/a><\/li>\n<li id=\"menu-item-7812\" class=\"menu-item menu-item-type-post_type menu-item-object-page menu-item-7812\"><a href=\"https:\/\/artofoculoplastics.com\/ar\/%d8%ac%d8%b1%d8%a7%d8%ad%d8%a9-%d8%aa%d8%ac%d9%85%d9%8a%d9%84-%d8%a7%d9%84%d8%b9%d9%8a%d9%86-%d8%a7%d9%84%d8%aa%d8%b1%d9%85%d9%8a%d9%85%d9%8a%d8%a9\/%d8%b3%d8%b1%d8%b7%d8%a7%d9%86-%d8%ac%d9%84%d8%af-%d8%a7%d9%84%d8%ac%d9%81%d9%86-%d9%88%d8%a5%d8%b9%d8%a7%d8%af%d8%a9-%d8%a7%d9%84%d8%a8%d9%86%d8%a7%d8%a1\/\">\u0633\u0631\u0637\u0627\u0646 \u062c\u0644\u062f \u0627\u0644\u062c\u0641\u0646 \u0648\u0625\u0639\u0627\u062f\u0629 \u0627\u0644\u0628\u0646\u0627\u0621<\/a><\/li>\n<li id=\"menu-item-7813\" class=\"menu-item menu-item-type-post_type menu-item-object-page menu-item-7813\"><a href=\"https:\/\/artofoculoplastics.com\/ar\/%d8%ac%d8%b1%d8%a7%d8%ad%d8%a9-%d8%aa%d8%ac%d9%85%d9%8a%d9%84-%d8%a7%d9%84%d8%b9%d9%8a%d9%86-%d8%a7%d9%84%d8%aa%d8%b1%d9%85%d9%8a%d9%85%d9%8a%d8%a9\/%d8%a7%d8%b6%d8%b7%d8%b1%d8%a7%d8%a8%d8%a7%d8%aa-%d8%af%d9%88%d8%b1%d8%a7%d9%86-%d8%a7%d9%84%d8%ac%d9%81%d9%86-%d8%a7%d9%84%d8%a7%d9%86%d8%aa%d8%b1%d9%88%d8%a8%d9%8a%d8%a7-%d9%88%d8%a7%d9%84%d8%a7\/\">\u0627\u0636\u0637\u0631\u0627\u0628\u0627\u062a \u062f\u0648\u0631\u0627\u0646 \u0627\u0644\u062c\u0641\u0646: \u0627\u0644\u0627\u0646\u062a\u0631\u0648\u0628\u064a\u0627 \u0648\u0627\u0644\u0627\u0646\u062a\u0631\u0648\u0628\u064a\u0627 \u0627\u0644\u062e\u0627\u0631\u062c\u064a\u0629<\/a><\/li>\n<li id=\"menu-item-7814\" class=\"menu-item menu-item-type-post_type menu-item-object-page menu-item-7814\"><a href=\"https:\/\/artofoculoplastics.com\/ar\/%d8%ac%d8%b1%d8%a7%d8%ad%d8%a9-%d8%aa%d8%ac%d9%85%d9%8a%d9%84-%d8%a7%d9%84%d8%b9%d9%8a%d9%86-%d8%a7%d9%84%d8%aa%d8%b1%d9%85%d9%8a%d9%85%d9%8a%d8%a9\/%d8%a7%d9%86%d9%83%d9%85%d8%a7%d8%b4-%d8%a7%d9%84%d8%ac%d9%81%d9%86\/\">\u0627\u0646\u0643\u0645\u0627\u0634 \u0627\u0644\u062c\u0641\u0646<\/a><\/li>\n<li id=\"menu-item-7815\" class=\"menu-item menu-item-type-post_type menu-item-object-page menu-item-7815\"><a href=\"https:\/\/artofoculoplastics.com\/ar\/%d8%ac%d8%b1%d8%a7%d8%ad%d8%a9-%d8%aa%d8%ac%d9%85%d9%8a%d9%84-%d8%a7%d9%84%d8%b9%d9%8a%d9%86-%d8%a7%d9%84%d8%aa%d8%b1%d9%85%d9%8a%d9%85%d9%8a%d8%a9\/%d8%ac%d8%b1%d8%a7%d8%ad%d8%a9-%d8%a7%d9%84%d8%b4%d8%b9%d9%8a%d8%b1%d8%a9-%d9%81%d9%8a-%d8%a7%d9%84%d8%ac%d9%81%d9%86\/\">\u062c\u0631\u0627\u062d\u0629 \u0627\u0644\u0634\u0639\u064a\u0631\u0629 (\u0627\u0644\u0634\u0639\u064a\u0631\u0627\u062a) \u0641\u064a \u0627\u0644\u062c\u0641\u0646<\/a><\/li>\n<li id=\"menu-item-7817\" class=\"menu-item menu-item-type-post_type menu-item-object-page menu-item-7817\"><a href=\"https:\/\/artofoculoplastics.com\/ar\/%d8%ac%d8%b1%d8%a7%d8%ad%d8%a9-%d8%a7%d9%84%d9%82%d9%86%d8%a7%d8%a9-%d8%a7%d9%84%d8%af%d9%85%d8%b9%d9%8a%d8%a9-%d9%88%d9%85%d8%b4%d8%a7%d9%83%d9%84-%d8%a7%d9%84%d9%82%d9%86%d8%a7%d8%a9-%d8%a7%d9%84\/\">\u0627\u0644\u062f\u0645\u0648\u0639 \u0648\u0645\u0634\u0627\u0643\u0644 \u0627\u0644\u0642\u0646\u0627\u0629 \u0627\u0644\u062f\u0645\u0639\u064a\u0629 | \u062c\u0631\u0627\u062d\u0629 DCR<\/a><\/li>\n<\/ul>\t\t\t\t<\/div>\n\t\t\t\t<\/div>\n\t\t\t\t\t<\/div>\n\t\t\t\t<\/div>\n\t\t\t\t<\/div>","protected":false},"excerpt":{"rendered":"<p>G\u00f6z Asimetrisi G\u00f6z Kapa\u011f\u0131 Kas\u0131lmalar\u0131 | Blefarospazm Y\u00fcz ve G\u00f6z Kapa\u011f\u0131 Felci &#038; Bell Felci Do\u011fumsal | Pediatrik Ok\u00fcloplastik Cerrahi Kemozis | G\u00f6z Zar\u0131nda \u00d6dem G\u00f6z Kapa\u011f\u0131 Cilt Kanseri ve Rekonstr\u00fcksiyonu G\u00f6z Kapa\u011f\u0131 D\u00f6nme Bozukluklar\u0131: Entropyon ve Ektropyon G\u00f6z Kapa\u011f\u0131 Geri \u00c7ekilmesi G\u00f6z Kapa\u011f\u0131 \u015ealazyon (Arpac\u0131k) Ameliyat\u0131 G\u00f6zya\u015f\u0131 ve G\u00f6zya\u015f\u0131 Kanal\u0131 Problemleri | DCR Ameliyat\u0131<\/p>","protected":false},"author":1,"featured_media":0,"parent":0,"menu_order":0,"comment_status":"closed","ping_status":"closed","template":"","meta":{"footnotes":""},"class_list":["post-6460","page","type-page","status-publish","hentry"],"_links":{"self":[{"href":"https:\/\/artofoculoplastics.com\/ar\/wp-json\/wp\/v2\/pages\/6460","targetHints":{"allow":["GET"]}}],"collection":[{"href":"https:\/\/artofoculoplastics.com\/ar\/wp-json\/wp\/v2\/pages"}],"about":[{"href":"https:\/\/artofoculoplastics.com\/ar\/wp-json\/wp\/v2\/types\/page"}],"author":[{"embeddable":true,"href":"https:\/\/artofoculoplastics.com\/ar\/wp-json\/wp\/v2\/users\/1"}],"replies":[{"embeddable":true,"href":"https:\/\/artofoculoplastics.com\/ar\/wp-json\/wp\/v2\/comments?post=6460"}],"version-history":[{"count":7,"href":"https:\/\/artofoculoplastics.com\/ar\/wp-json\/wp\/v2\/pages\/6460\/revisions"}],"predecessor-version":[{"id":7844,"href":"https:\/\/artofoculoplastics.com\/ar\/wp-json\/wp\/v2\/pages\/6460\/revisions\/7844"}],"wp:attachment":[{"href":"https:\/\/artofoculoplastics.com\/ar\/wp-json\/wp\/v2\/media?parent=6460"}],"curies":[{"name":"wp","href":"https:\/\/api.w.org\/{rel}","templated":true}]}}