{"id":4710,"date":"2024-08-31T15:12:06","date_gmt":"2024-08-31T12:12:06","guid":{"rendered":"https:\/\/artofoculoplastics.com\/?page_id=4710"},"modified":"2025-05-07T16:08:03","modified_gmt":"2025-05-07T13:08:03","slug":"%d8%ac%d9%85%d8%a7%d9%84%d9%8a%d8%a7%d8%aa-%d8%a7%d9%84%d8%b9%d9%8a%d9%86","status":"publish","type":"page","link":"https:\/\/artofoculoplastics.com\/ar\/%d8%ac%d9%85%d8%a7%d9%84%d9%8a%d8%a7%d8%aa-%d8%a7%d9%84%d8%b9%d9%8a%d9%86\/","title":{"rendered":"\u062c\u0645\u0627\u0644\u064a\u0627\u062a \u0627\u0644\u0639\u064a\u0646"},"content":{"rendered":"<div data-elementor-type=\"wp-page\" data-elementor-id=\"4710\" class=\"elementor elementor-4710\">\n\t\t\t\t<div class=\"elementor-element elementor-element-db549a1 e-flex e-con-boxed e-con e-parent\" data-id=\"db549a1\" data-element_type=\"container\">\n\t\t\t\t\t<div class=\"e-con-inner\">\n\t\t\r\n\t\t<div class=\"elementor-element elementor-element-e2b1ccd elementor-widget elementor-widget-image\" data-id=\"e2b1ccd\" data-element_type=\"widget\" data-widget_type=\"image.default\">\n\t\t\t\t<div class=\"elementor-widget-container\">\n\t\t\t\t\t\t\t\t\t\t\t\t\t\t\t<img fetchpriority=\"high\" decoding=\"async\" width=\"1134\" height=\"420\" src=\"https:\/\/artofoculoplastics.com\/wp-content\/uploads\/2025\/05\/Goz-Estetigi-e1746623257544.png\" class=\"attachment-full size-full wp-image-7802\" alt=\"\u0645\u0627 \u0647\u064a \u0639\u0644\u0627\u062c\u0627\u062a \u062a\u062c\u0645\u064a\u0644 \u0627\u0644\u0639\u064a\u0648\u0646\u061f\" srcset=\"https:\/\/artofoculoplastics.com\/wp-content\/uploads\/2025\/05\/Goz-Estetigi-e1746623257544.png 1134w, https:\/\/artofoculoplastics.com\/wp-content\/uploads\/2025\/05\/Goz-Estetigi-e1746623257544-300x111.png 300w, https:\/\/artofoculoplastics.com\/wp-content\/uploads\/2025\/05\/Goz-Estetigi-e1746623257544-1024x379.png 1024w, https:\/\/artofoculoplastics.com\/wp-content\/uploads\/2025\/05\/Goz-Estetigi-e1746623257544-768x284.png 768w, https:\/\/artofoculoplastics.com\/wp-content\/uploads\/2025\/05\/Goz-Estetigi-e1746623257544-18x7.png 18w, https:\/\/artofoculoplastics.com\/wp-content\/uploads\/2025\/05\/Goz-Estetigi-e1746623257544-600x222.png 600w\" sizes=\"(max-width: 1134px) 100vw, 1134px\" \/>\t\t\t\t\t\t\t\t\t\t\t\t\t\t\t<\/div>\n\t\t\t\t<\/div>\n\t\t\t\t<div class=\"elementor-element elementor-element-480d88a elementor-widget elementor-widget-mediaxmenuselect\" data-id=\"480d88a\" data-element_type=\"widget\" data-widget_type=\"mediaxmenuselect.default\">\n\t\t\t\t<div class=\"elementor-widget-container\">\n\t\t\t\t\t<ul id=\"menu-goz-estetigi-2\" class=\"menu\"><li id=\"menu-item-7788\" class=\"menu-item menu-item-type-post_type menu-item-object-page menu-item-7788\"><a href=\"https:\/\/artofoculoplastics.com\/ar\/%d8%ac%d9%85%d8%a7%d9%84%d9%8a%d8%a7%d8%aa-%d8%a7%d9%84%d8%b9%d9%8a%d9%86\/%d8%b1%d9%81%d8%b9-%d8%a7%d9%84%d8%ac%d9%81%d9%86\/\">\u062a\u062c\u0645\u064a\u0644 \u0627\u0644\u062c\u0641\u0646 \u0627\u0644\u0639\u0644\u0648\u064a | \u0631\u0641\u0639 \u0627\u0644\u062c\u0641\u0646<\/a><\/li>\n<li id=\"menu-item-7789\" class=\"menu-item menu-item-type-post_type menu-item-object-page menu-item-7789\"><a href=\"https:\/\/artofoculoplastics.com\/ar\/%d8%ac%d9%85%d8%a7%d9%84%d9%8a%d8%a7%d8%aa-%d8%a7%d9%84%d8%b9%d9%8a%d9%86\/%d8%ac%d8%b1%d8%a7%d8%ad%d8%a9-%d8%aa%d8%b5%d8%ad%d9%8a%d8%ad-%d8%aa%d8%af%d9%84%d9%8a-%d8%a7%d9%84%d8%ac%d9%81%d9%86\/\">\u062c\u0631\u0627\u062d\u0629 \u062a\u0635\u062d\u064a\u062d \u062a\u062f\u0644\u064a \u0627\u0644\u062c\u0641\u0646<\/a><\/li>\n<li id=\"menu-item-7790\" class=\"menu-item menu-item-type-post_type menu-item-object-page menu-item-7790\"><a href=\"https:\/\/artofoculoplastics.com\/ar\/%d8%ac%d9%85%d8%a7%d9%84%d9%8a%d8%a7%d8%aa-%d8%a7%d9%84%d8%b9%d9%8a%d9%86\/%d8%ac%d8%b1%d8%a7%d8%ad%d8%a9-%d8%a7%d9%84%d8%ac%d9%81%d9%86-%d8%a7%d9%84%d8%aa%d8%b5%d8%ad%d9%8a%d8%ad%d9%8a%d8%a9\/\">\u062c\u0631\u0627\u062d\u0629 \u0627\u0644\u062c\u0641\u0646 \u0627\u0644\u062a\u0635\u062d\u064a\u062d\u064a\u0629<\/a><\/li>\n<li id=\"menu-item-7791\" class=\"menu-item menu-item-type-post_type menu-item-object-page menu-item-7791\"><a href=\"https:\/\/artofoculoplastics.com\/ar\/%d8%ac%d9%85%d8%a7%d9%84%d9%8a%d8%a7%d8%aa-%d8%a7%d9%84%d8%b9%d9%8a%d9%86\/%d8%ac%d9%85%d8%a7%d9%84%d9%8a%d8%a7%d8%aa-%d8%a7%d9%84%d8%b9%d9%8a%d9%86-%d8%a7%d9%84%d9%84%d9%88%d8%b2%d9%8a%d8%a9\/\">\u062c\u0645\u0627\u0644\u064a\u0627\u062a \u0627\u0644\u0639\u064a\u0646 \u0627\u0644\u0644\u0648\u0632\u064a\u0629<\/a><\/li>\n<li id=\"menu-item-7792\" class=\"menu-item menu-item-type-post_type menu-item-object-page menu-item-7792\"><a href=\"https:\/\/artofoculoplastics.com\/ar\/%d8%ac%d9%85%d8%a7%d9%84%d9%8a%d8%a7%d8%aa-%d8%a7%d9%84%d8%b9%d9%8a%d9%86\/%d8%b2%d8%b1%d8%a7%d8%b9%d8%a9-%d9%85%d8%ae%d8%b5%d8%b5%d8%a9-%d8%aa%d8%ad%d8%aa-%d8%a7%d9%84%d8%b9%d9%8a%d9%86-%d8%aa%d8%ad%d8%aa-%d9%85%d8%ad%d8%ac%d8%b1-%d8%a7%d9%84%d8%b9%d9%8a%d9%86\/\">\u063a\u0631\u0633\u0629 \u062a\u062d\u062a \u0645\u062d\u062c\u0631 \u0627\u0644\u0639\u064a\u0646 \u0645\u062e\u0635\u0635\u0629<\/a><\/li>\n<li id=\"menu-item-7793\" class=\"menu-item menu-item-type-post_type menu-item-object-page menu-item-7793\"><a href=\"https:\/\/artofoculoplastics.com\/ar\/%d8%ac%d9%85%d8%a7%d9%84%d9%8a%d8%a7%d8%aa-%d8%a7%d9%84%d8%ac%d9%81%d9%86\/\">\u062c\u0645\u0627\u0644\u064a\u0627\u062a \u0627\u0644\u062c\u0641\u0646<\/a><\/li>\n<li id=\"menu-item-7794\" class=\"menu-item menu-item-type-post_type menu-item-object-page menu-item-7794\"><a href=\"https:\/\/artofoculoplastics.com\/ar\/%d8%ac%d9%85%d8%a7%d9%84%d9%8a%d8%a7%d8%aa-%d8%a7%d9%84%d8%b9%d9%8a%d9%86\/%d8%aa%d8%ba%d9%8a%d8%b1-%d8%b4%d9%83%d9%84-%d8%a7%d9%84%d8%b9%d9%8a%d9%86\/\">\u062a\u063a\u064a\u064a\u0631 \u0634\u0643\u0644 \u0627\u0644\u0639\u064a\u0646<\/a><\/li>\n<li id=\"menu-item-7795\" class=\"menu-item menu-item-type-post_type menu-item-object-page menu-item-7795\"><a href=\"https:\/\/artofoculoplastics.com\/ar\/%d8%ac%d9%85%d8%a7%d9%84%d9%8a%d8%a7%d8%aa-%d8%a7%d9%84%d8%b9%d9%8a%d9%86\/%d8%b1%d9%81%d8%b9-%d8%a7%d9%84%d8%b9%d8%b6%d9%84%d8%a7%d8%aa\/\">\u0631\u0641\u0639 \u0627\u0644\u062d\u0627\u062c\u0628<\/a><\/li>\n<li id=\"menu-item-7796\" class=\"menu-item menu-item-type-post_type menu-item-object-page menu-item-7796\"><a href=\"https:\/\/artofoculoplastics.com\/ar\/%d8%ac%d9%85%d8%a7%d9%84%d9%8a%d8%a7%d8%aa-%d8%a7%d9%84%d8%b9%d9%8a%d9%86\/%d8%ac%d8%b1%d8%a7%d8%ad%d8%a9-%d8%aa%d8%b4%d9%83%d9%8a%d9%84-%d8%b2%d8%a7%d9%88%d9%8a%d8%a9-%d8%a7%d9%84%d8%b9%d9%8a%d9%86\/\">\u062c\u0631\u0627\u062d\u0629 \u062a\u062c\u0645\u064a\u0644 \u0632\u0627\u0648\u064a\u0629 \u0627\u0644\u0639\u064a\u0646<\/a><\/li>\n<li id=\"menu-item-7797\" class=\"menu-item menu-item-type-post_type menu-item-object-page menu-item-7797\"><a href=\"https:\/\/artofoculoplastics.com\/ar\/%d8%ac%d9%85%d8%a7%d9%84%d9%8a%d8%a7%d8%aa-%d8%a7%d9%84%d8%b9%d9%8a%d9%86\/%d8%aa%d8%ac%d9%85%d9%8a%d9%84-%d8%b2%d8%a7%d9%88%d9%8a%d8%a9-%d8%a7%d9%84%d8%b9%d9%8a%d9%86-%d8%a7%d9%84%d8%af%d8%a7%d8%ae%d9%84%d9%8a%d8%a9\/\">\u062a\u062c\u0645\u064a\u0644 \u0632\u0627\u0648\u064a\u0629 \u0627\u0644\u0639\u064a\u0646 \u0627\u0644\u062f\u0627\u062e\u0644\u064a\u0629<\/a><\/li>\n<li id=\"menu-item-7798\" class=\"menu-item menu-item-type-post_type menu-item-object-page menu-item-7798\"><a href=\"https:\/\/artofoculoplastics.com\/ar\/%d8%ac%d9%85%d8%a7%d9%84%d9%8a%d8%a7%d8%aa-%d8%a7%d9%84%d8%b9%d9%8a%d9%86\/%d8%ac%d8%b1%d8%a7%d8%ad%d8%a9-%d8%aa%d8%ac%d9%88%d9%8a%d9%81-%d8%aa%d8%ad%d8%aa-%d8%a7%d9%84%d8%b9%d9%8a%d9%86-%d9%88%d8%b9%d9%84%d8%a7%d8%ac-%d8%aa%d8%ac%d9%88%d9%8a%d9%81-%d8%a7%d9%84%d8%b9%d9%8a\/\">\u062c\u0631\u0627\u062d\u0629 \u062a\u062c\u0648\u064a\u0641 \u0623\u0633\u0641\u0644 \u0627\u0644\u0639\u064a\u0646 \u0648\u0639\u0644\u0627\u062c \u0627\u0644\u0639\u064a\u0646 \u0627\u0644\u063a\u0627\u0626\u0631\u0629<\/a><\/li>\n<li id=\"menu-item-7799\" class=\"menu-item menu-item-type-post_type menu-item-object-page menu-item-7799\"><a href=\"https:\/\/artofoculoplastics.com\/ar\/%d8%ac%d9%85%d8%a7%d9%84%d9%8a%d8%a7%d8%aa-%d8%a7%d9%84%d8%b9%d9%8a%d9%86\/%d8%ad%d9%82%d9%86-%d8%a7%d9%84%d8%af%d9%87%d9%88%d9%86-%d9%81%d9%8a-%d8%a7%d9%84%d8%ac%d9%81%d9%86-%d9%88%d8%a7%d9%84%d9%88%d8%ac%d9%87\/\">\u062d\u0642\u0646 \u0627\u0644\u062f\u0647\u0648\u0646 \u0641\u064a \u0627\u0644\u062c\u0641\u0646 \u0648\u0627\u0644\u0648\u062c\u0647<\/a><\/li>\n<li id=\"menu-item-7800\" class=\"menu-item menu-item-type-post_type menu-item-object-page menu-item-7800\"><a href=\"https:\/\/artofoculoplastics.com\/ar\/%d8%ac%d9%85%d8%a7%d9%84%d9%8a%d8%a7%d8%aa-%d8%a7%d9%84%d8%b9%d9%8a%d9%86\/%d8%ac%d8%b1%d8%a7%d8%ad%d8%a9-%d8%aa%d8%af%d9%84%d9%8a-%d8%a7%d9%84%d8%ac%d9%81%d9%86\/\">\u062c\u0631\u0627\u062d\u0629 \u0627\u0644\u062c\u0641\u0646 \u0627\u0644\u0645\u062a\u062f\u0644\u064a | \u062a\u062f\u0644\u064a \u0627\u0644\u062c\u0641\u0646<\/a><\/li>\n<li id=\"menu-item-7801\" class=\"menu-item menu-item-type-post_type menu-item-object-page menu-item-7801\"><a href=\"https:\/\/artofoculoplastics.com\/ar\/%d8%ac%d9%85%d8%a7%d9%84%d9%8a%d8%a7%d8%aa-%d8%a7%d9%84%d8%b9%d9%8a%d9%86\/%d8%ac%d8%b1%d8%a7%d8%ad%d8%a9-%d8%a7%d9%84%d8%ac%d9%81%d9%86-%d8%a7%d9%84%d9%85%d8%b2%d8%af%d9%88%d8%ac-%d9%81%d9%8a-%d8%aa%d8%ac%d9%85%d9%8a%d9%84-%d8%a7%d9%84%d8%ac%d9%81%d9%86-%d8%a7%d9%84%d8%a2\/\">\u062a\u062c\u0645\u064a\u0644 \u0627\u0644\u062c\u0641\u0646 \u0627\u0644\u0622\u0633\u064a\u0648\u064a | \u062c\u0631\u0627\u062d\u0629 \u0627\u0644\u062c\u0641\u0646 \u0627\u0644\u0645\u0632\u062f\u0648\u062c<\/a><\/li>\n<\/ul>\t\t\t\t<\/div>\n\t\t\t\t<\/div>\n\t\t\t\t\t<\/div>\n\t\t\t\t<\/div>\n\t\t\t\t<\/div>","protected":false},"excerpt":{"rendered":"<p>\u00dcst G\u00f6z Kapa\u011f\u0131 Esteti\u011fi | G\u00f6z Kapa\u011f\u0131 Kald\u0131rma Revizyon G\u00f6z Kapa\u011f\u0131 D\u00fc\u015f\u00fckl\u00fc\u011f\u00fc Ameliyat\u0131 Revizyon G\u00f6z Kapa\u011f\u0131 Ameliyat\u0131 Badem G\u00f6z Esteti\u011fi Ki\u015fiye \u00d6zel G\u00f6z Alt\u0131 (Infraorbital) \u0130mplant G\u00f6z Kapa\u011f\u0131 Esteti\u011fi G\u00f6z \u015eekli De\u011fi\u015ftirme Ka\u015f Kald\u0131rma Kantoplasti | G\u00f6z K\u00f6\u015fesi \u015eekillendirme Ameliyat\u0131 Epikantoplasti| \u0130\u00e7 G\u00f6z K\u00f6\u015fesi Esteti\u011fi G\u00f6z Alt\u0131 \u00c7ukuru Ameliyat\u0131 ve \u00c7\u00f6k\u00fck G\u00f6z Tedavisi G\u00f6z Kapa\u011f\u0131&#8230;<\/p>","protected":false},"author":1,"featured_media":0,"parent":0,"menu_order":0,"comment_status":"closed","ping_status":"closed","template":"","meta":{"footnotes":""},"class_list":["post-4710","page","type-page","status-publish","hentry"],"_links":{"self":[{"href":"https:\/\/artofoculoplastics.com\/ar\/wp-json\/wp\/v2\/pages\/4710","targetHints":{"allow":["GET"]}}],"collection":[{"href":"https:\/\/artofoculoplastics.com\/ar\/wp-json\/wp\/v2\/pages"}],"about":[{"href":"https:\/\/artofoculoplastics.com\/ar\/wp-json\/wp\/v2\/types\/page"}],"author":[{"embeddable":true,"href":"https:\/\/artofoculoplastics.com\/ar\/wp-json\/wp\/v2\/users\/1"}],"replies":[{"embeddable":true,"href":"https:\/\/artofoculoplastics.com\/ar\/wp-json\/wp\/v2\/comments?post=4710"}],"version-history":[{"count":7,"href":"https:\/\/artofoculoplastics.com\/ar\/wp-json\/wp\/v2\/pages\/4710\/revisions"}],"predecessor-version":[{"id":7805,"href":"https:\/\/artofoculoplastics.com\/ar\/wp-json\/wp\/v2\/pages\/4710\/revisions\/7805"}],"wp:attachment":[{"href":"https:\/\/artofoculoplastics.com\/ar\/wp-json\/wp\/v2\/media?parent=4710"}],"curies":[{"name":"wp","href":"https:\/\/api.w.org\/{rel}","templated":true}]}}